{"id":4976,"date":"2025-04-12T13:31:07","date_gmt":"2025-04-12T06:31:07","guid":{"rendered":"https:\/\/kiennambarista.com\/?post_type=product&#038;p=4976"},"modified":"2025-04-12T13:31:08","modified_gmt":"2025-04-12T06:31:08","slug":"coffee-grinder-pietro-manual","status":"publish","type":"product","link":"https:\/\/kiennambarista.com\/en\/san-pham\/coffee-grinder-pietro-manual\/","title":{"rendered":"Coffee Grinder Pietro Manual"},"content":{"rendered":"<h1 style=\"text-align: center;\">Coffee Grinder Pietro Manual<\/h1>\n<p>The enhanced Pietro artisanal coffee grinder elevates your coffee-making experience with a perfect blend of premium materials and breakthrough ergonomic design. Its sleek and refined lines not only enhance the elegant appearance but also significantly boost durability and functionality. At its core lies a true technological innovation: two flat, vertically positioned blades made from high-grade Bohler M340 steel with a Dark-T coating, boasting a diameter of 58mm and manufactured at Fiorenzato, ensuring optimal performance and long-lasting endurance. The design features a unique retractable lever for a more compact form, a tight-sealing lid and container, as well as food-safe, robust, and high-quality materials. A non-slip base secures the grinder during operation, turning every coffee grinding session into an effortless and efficient experience.<\/p>\n","protected":false},"excerpt":{"rendered":"<ul>\n<li>Producer: Fiorenzato<\/li>\n<li>Origin: Italy<\/li>\n<li>1 year warranty<\/li>\n<\/ul>\n","protected":false},"featured_media":4977,"comment_status":"open","ping_status":"closed","template":"","meta":{"inline_featured_image":false},"product_brand":[],"product_cat":[187,261],"product_tag":[],"class_list":{"0":"post-4976","1":"product","2":"type-product","3":"status-publish","4":"has-post-thumbnail","6":"product_cat-may-xay-ca-phe-en","7":"product_cat-coffee-grinder-pietro","8":"category_filter_product-thuong-hieu-en","9":"category_filter_product-under-20-million-en","10":"category_filter_product-gia-tien-en","11":"category_filter_product-coffee-grinder-pietro","13":"first","14":"instock","15":"shipping-taxable","16":"purchasable","17":"product-type-simple"},"acf":[],"yoast_head":"<!-- This site is optimized with the Yoast SEO plugin v24.9 - https:\/\/yoast.com\/wordpress\/plugins\/seo\/ -->\n<title>Coffee Grinder Pietro Manual - KI\u1ebeN NAM BARISTA<\/title>\n<meta name=\"description\" content=\"Coffee Grinder Pietro Manual imported and distributed by Kien Nam barista. The most prestigious warranty and maintenance policy in Vietnam.\" \/>\n<meta name=\"robots\" content=\"index, follow, max-snippet:-1, max-image-preview:large, max-video-preview:-1\" \/>\n<link rel=\"canonical\" href=\"https:\/\/kiennambarista.com\/en\/san-pham\/coffee-grinder-pietro-manual\/\" \/>\n<meta property=\"og:locale\" content=\"en_US\" \/>\n<meta property=\"og:type\" content=\"article\" \/>\n<meta property=\"og:title\" content=\"Coffee Grinder Pietro Manual - KI\u1ebeN NAM BARISTA\" \/>\n<meta property=\"og:description\" content=\"Coffee Grinder Pietro Manual imported and distributed by Kien Nam barista. The most prestigious warranty and maintenance policy in Vietnam.\" \/>\n<meta property=\"og:url\" content=\"https:\/\/kiennambarista.com\/en\/san-pham\/coffee-grinder-pietro-manual\/\" \/>\n<meta property=\"og:site_name\" content=\"KI\u1ebeN NAM BARISTA\" \/>\n<meta property=\"article:modified_time\" content=\"2025-04-12T06:31:08+00:00\" \/>\n<meta property=\"og:image\" content=\"https:\/\/kiennambarista.com\/wp-content\/uploads\/2025\/04\/A7R4366.png\" \/>\n\t<meta property=\"og:image:width\" content=\"1520\" \/>\n\t<meta property=\"og:image:height\" content=\"1014\" \/>\n\t<meta property=\"og:image:type\" content=\"image\/png\" \/>\n<meta name=\"twitter:card\" content=\"summary_large_image\" \/>\n<meta name=\"twitter:label1\" content=\"Est. reading time\" \/>\n\t<meta name=\"twitter:data1\" content=\"1 minute\" \/>\n<script type=\"application\/ld+json\" class=\"yoast-schema-graph\">{\"@context\":\"https:\/\/schema.org\",\"@graph\":[{\"@type\":\"WebPage\",\"@id\":\"https:\/\/kiennambarista.com\/en\/san-pham\/coffee-grinder-pietro-manual\/\",\"url\":\"https:\/\/kiennambarista.com\/en\/san-pham\/coffee-grinder-pietro-manual\/\",\"name\":\"Coffee Grinder Pietro Manual - KI\u1ebeN NAM BARISTA\",\"isPartOf\":{\"@id\":\"https:\/\/kiennambarista.com\/#website\"},\"primaryImageOfPage\":{\"@id\":\"https:\/\/kiennambarista.com\/en\/san-pham\/coffee-grinder-pietro-manual\/#primaryimage\"},\"image\":{\"@id\":\"https:\/\/kiennambarista.com\/en\/san-pham\/coffee-grinder-pietro-manual\/#primaryimage\"},\"thumbnailUrl\":\"https:\/\/kiennambarista.com\/wp-content\/uploads\/2025\/04\/A7R4366.png\",\"datePublished\":\"2025-04-12T06:31:07+00:00\",\"dateModified\":\"2025-04-12T06:31:08+00:00\",\"description\":\"Coffee Grinder Pietro Manual imported and distributed by Kien Nam barista. The most prestigious warranty and maintenance policy in Vietnam.\",\"breadcrumb\":{\"@id\":\"https:\/\/kiennambarista.com\/en\/san-pham\/coffee-grinder-pietro-manual\/#breadcrumb\"},\"inLanguage\":\"en-US\",\"potentialAction\":[{\"@type\":\"ReadAction\",\"target\":[\"https:\/\/kiennambarista.com\/en\/san-pham\/coffee-grinder-pietro-manual\/\"]}]},{\"@type\":\"ImageObject\",\"inLanguage\":\"en-US\",\"@id\":\"https:\/\/kiennambarista.com\/en\/san-pham\/coffee-grinder-pietro-manual\/#primaryimage\",\"url\":\"https:\/\/kiennambarista.com\/wp-content\/uploads\/2025\/04\/A7R4366.png\",\"contentUrl\":\"https:\/\/kiennambarista.com\/wp-content\/uploads\/2025\/04\/A7R4366.png\",\"width\":1520,\"height\":1014},{\"@type\":\"BreadcrumbList\",\"@id\":\"https:\/\/kiennambarista.com\/en\/san-pham\/coffee-grinder-pietro-manual\/#breadcrumb\",\"itemListElement\":[{\"@type\":\"ListItem\",\"position\":1,\"name\":\"Trang ch\u1ee7\",\"item\":\"https:\/\/kiennambarista.com\/en\/\"},{\"@type\":\"ListItem\",\"position\":2,\"name\":\"Product\",\"item\":\"https:\/\/kiennambarista.com\/en\/san-pham\/\"},{\"@type\":\"ListItem\",\"position\":3,\"name\":\"Coffee Grinder Pietro Manual\"}]},{\"@type\":\"WebSite\",\"@id\":\"https:\/\/kiennambarista.com\/#website\",\"url\":\"https:\/\/kiennambarista.com\/\",\"name\":\"Ki\u1ebfn Nam BARISTA\",\"description\":\"Nh\u00e0 ph\u00e2n ph\u1ed1i v\u00e0 cung c\u1ea5p d\u1ecbch v\u1ee5 m\u00e1y pha c\u00e0 ph\u00ea h\u00e0ng \u0111\u1ea7u t\u1ea1i Vi\u1ec7t Nam\",\"publisher\":{\"@id\":\"https:\/\/kiennambarista.com\/#organization\"},\"potentialAction\":[{\"@type\":\"SearchAction\",\"target\":{\"@type\":\"EntryPoint\",\"urlTemplate\":\"https:\/\/kiennambarista.com\/?s={search_term_string}\"},\"query-input\":{\"@type\":\"PropertyValueSpecification\",\"valueRequired\":true,\"valueName\":\"search_term_string\"}}],\"inLanguage\":\"en-US\"},{\"@type\":\"Organization\",\"@id\":\"https:\/\/kiennambarista.com\/#organization\",\"name\":\"Ki\u1ebfn Nam BARISTA\",\"url\":\"https:\/\/kiennambarista.com\/\",\"logo\":{\"@type\":\"ImageObject\",\"inLanguage\":\"en-US\",\"@id\":\"https:\/\/kiennambarista.com\/#\/schema\/logo\/image\/\",\"url\":\"https:\/\/kiennambarista.com\/wp-content\/uploads\/2023\/01\/logo_kiennam.svg\",\"contentUrl\":\"https:\/\/kiennambarista.com\/wp-content\/uploads\/2023\/01\/logo_kiennam.svg\",\"width\":88,\"height\":54,\"caption\":\"Ki\u1ebfn Nam BARISTA\"},\"image\":{\"@id\":\"https:\/\/kiennambarista.com\/#\/schema\/logo\/image\/\"}}]}<\/script>\n<!-- \/ Yoast SEO plugin. -->","yoast_head_json":{"title":"Coffee Grinder Pietro Manual - KI\u1ebeN NAM BARISTA","description":"Coffee Grinder Pietro Manual imported and distributed by Kien Nam barista. The most prestigious warranty and maintenance policy in Vietnam.","robots":{"index":"index","follow":"follow","max-snippet":"max-snippet:-1","max-image-preview":"max-image-preview:large","max-video-preview":"max-video-preview:-1"},"canonical":"https:\/\/kiennambarista.com\/en\/san-pham\/coffee-grinder-pietro-manual\/","og_locale":"en_US","og_type":"article","og_title":"Coffee Grinder Pietro Manual - KI\u1ebeN NAM BARISTA","og_description":"Coffee Grinder Pietro Manual imported and distributed by Kien Nam barista. The most prestigious warranty and maintenance policy in Vietnam.","og_url":"https:\/\/kiennambarista.com\/en\/san-pham\/coffee-grinder-pietro-manual\/","og_site_name":"KI\u1ebeN NAM BARISTA","article_modified_time":"2025-04-12T06:31:08+00:00","og_image":[{"width":1520,"height":1014,"url":"https:\/\/kiennambarista.com\/wp-content\/uploads\/2025\/04\/A7R4366.png","type":"image\/png"}],"twitter_card":"summary_large_image","twitter_misc":{"Est. reading time":"1 minute"},"schema":{"@context":"https:\/\/schema.org","@graph":[{"@type":"WebPage","@id":"https:\/\/kiennambarista.com\/en\/san-pham\/coffee-grinder-pietro-manual\/","url":"https:\/\/kiennambarista.com\/en\/san-pham\/coffee-grinder-pietro-manual\/","name":"Coffee Grinder Pietro Manual - KI\u1ebeN NAM BARISTA","isPartOf":{"@id":"https:\/\/kiennambarista.com\/#website"},"primaryImageOfPage":{"@id":"https:\/\/kiennambarista.com\/en\/san-pham\/coffee-grinder-pietro-manual\/#primaryimage"},"image":{"@id":"https:\/\/kiennambarista.com\/en\/san-pham\/coffee-grinder-pietro-manual\/#primaryimage"},"thumbnailUrl":"https:\/\/kiennambarista.com\/wp-content\/uploads\/2025\/04\/A7R4366.png","datePublished":"2025-04-12T06:31:07+00:00","dateModified":"2025-04-12T06:31:08+00:00","description":"Coffee Grinder Pietro Manual imported and distributed by Kien Nam barista. The most prestigious warranty and maintenance policy in Vietnam.","breadcrumb":{"@id":"https:\/\/kiennambarista.com\/en\/san-pham\/coffee-grinder-pietro-manual\/#breadcrumb"},"inLanguage":"en-US","potentialAction":[{"@type":"ReadAction","target":["https:\/\/kiennambarista.com\/en\/san-pham\/coffee-grinder-pietro-manual\/"]}]},{"@type":"ImageObject","inLanguage":"en-US","@id":"https:\/\/kiennambarista.com\/en\/san-pham\/coffee-grinder-pietro-manual\/#primaryimage","url":"https:\/\/kiennambarista.com\/wp-content\/uploads\/2025\/04\/A7R4366.png","contentUrl":"https:\/\/kiennambarista.com\/wp-content\/uploads\/2025\/04\/A7R4366.png","width":1520,"height":1014},{"@type":"BreadcrumbList","@id":"https:\/\/kiennambarista.com\/en\/san-pham\/coffee-grinder-pietro-manual\/#breadcrumb","itemListElement":[{"@type":"ListItem","position":1,"name":"Trang ch\u1ee7","item":"https:\/\/kiennambarista.com\/en\/"},{"@type":"ListItem","position":2,"name":"Product","item":"https:\/\/kiennambarista.com\/en\/san-pham\/"},{"@type":"ListItem","position":3,"name":"Coffee Grinder Pietro Manual"}]},{"@type":"WebSite","@id":"https:\/\/kiennambarista.com\/#website","url":"https:\/\/kiennambarista.com\/","name":"Ki\u1ebfn Nam BARISTA","description":"Nh\u00e0 ph\u00e2n ph\u1ed1i v\u00e0 cung c\u1ea5p d\u1ecbch v\u1ee5 m\u00e1y pha c\u00e0 ph\u00ea h\u00e0ng \u0111\u1ea7u t\u1ea1i Vi\u1ec7t Nam","publisher":{"@id":"https:\/\/kiennambarista.com\/#organization"},"potentialAction":[{"@type":"SearchAction","target":{"@type":"EntryPoint","urlTemplate":"https:\/\/kiennambarista.com\/?s={search_term_string}"},"query-input":{"@type":"PropertyValueSpecification","valueRequired":true,"valueName":"search_term_string"}}],"inLanguage":"en-US"},{"@type":"Organization","@id":"https:\/\/kiennambarista.com\/#organization","name":"Ki\u1ebfn Nam BARISTA","url":"https:\/\/kiennambarista.com\/","logo":{"@type":"ImageObject","inLanguage":"en-US","@id":"https:\/\/kiennambarista.com\/#\/schema\/logo\/image\/","url":"https:\/\/kiennambarista.com\/wp-content\/uploads\/2023\/01\/logo_kiennam.svg","contentUrl":"https:\/\/kiennambarista.com\/wp-content\/uploads\/2023\/01\/logo_kiennam.svg","width":88,"height":54,"caption":"Ki\u1ebfn Nam BARISTA"},"image":{"@id":"https:\/\/kiennambarista.com\/#\/schema\/logo\/image\/"}}]}},"_links":{"self":[{"href":"https:\/\/kiennambarista.com\/en\/wp-json\/wp\/v2\/product\/4976","targetHints":{"allow":["GET"]}}],"collection":[{"href":"https:\/\/kiennambarista.com\/en\/wp-json\/wp\/v2\/product"}],"about":[{"href":"https:\/\/kiennambarista.com\/en\/wp-json\/wp\/v2\/types\/product"}],"replies":[{"embeddable":true,"href":"https:\/\/kiennambarista.com\/en\/wp-json\/wp\/v2\/comments?post=4976"}],"wp:featuredmedia":[{"embeddable":true,"href":"https:\/\/kiennambarista.com\/en\/wp-json\/wp\/v2\/media\/4977"}],"wp:attachment":[{"href":"https:\/\/kiennambarista.com\/en\/wp-json\/wp\/v2\/media?parent=4976"}],"wp:term":[{"taxonomy":"product_brand","embeddable":true,"href":"https:\/\/kiennambarista.com\/en\/wp-json\/wp\/v2\/product_brand?post=4976"},{"taxonomy":"product_cat","embeddable":true,"href":"https:\/\/kiennambarista.com\/en\/wp-json\/wp\/v2\/product_cat?post=4976"},{"taxonomy":"product_tag","embeddable":true,"href":"https:\/\/kiennambarista.com\/en\/wp-json\/wp\/v2\/product_tag?post=4976"}],"curies":[{"name":"wp","href":"https:\/\/api.w.org\/{rel}","templated":true}]}}