{"id":4405,"date":"2024-05-22T08:53:35","date_gmt":"2024-05-22T01:53:35","guid":{"rendered":"https:\/\/kiennambarista.com\/?post_type=product&#038;p=4405"},"modified":"2024-05-22T08:53:35","modified_gmt":"2024-05-22T01:53:35","slug":"la-marzocco-strada-x-2gr-coffee-machine","status":"publish","type":"product","link":"https:\/\/kiennambarista.com\/en\/san-pham\/la-marzocco-strada-x-2gr-coffee-machine\/","title":{"rendered":"La Marzocco Strada X 2GR Coffee Machine"},"content":{"rendered":"<p><strong>Mass Based Profiling<\/strong><br \/>\nTying pressure profiles to a target weight managed by La Marzocco\u2019s predictive mass algorithm creates unparalleled consistency from shot to shot\u2014even with the most adventurous pressure curve. Combined with Smart Saturation, the mass-based profiling delivers unparalleled accuracy and repeatability.<\/p>\n<p><strong>Smart Saturation<\/strong><br \/>\nBy automating the preinfusion stage based on backpressure sensed in the grouphead, the new Smart Saturation feature ensures that every espresso puck is fully saturated before the pump is engaged. This ensures that pressurized water has consistent pathways through the coffee, making every shot\u2014no matter what the pressure profile is set to\u2014behave exactly like the one the barista dialed in. Smart Saturation is the backbone of the Strada X, representing a new way of looking at coffee saturation and pressure profiling, with a focus on consistency, repeatability, and workflow.<\/p>\n<ul>\n<li class=\"h6\"><strong>paddle-based profile control<\/strong><\/li>\n<li><strong>straight-in portafilters<\/strong><\/li>\n<li><strong>independent boilers<\/strong><\/li>\n<li><strong>independent pumps<\/strong><\/li>\n<\/ul>\n","protected":false},"excerpt":{"rendered":"<ul>\n<li>Producer: La Marzocco<\/li>\n<li>Origin: Italy<\/li>\n<li>1 year warranty<\/li>\n<\/ul>\n","protected":false},"featured_media":4345,"comment_status":"open","ping_status":"closed","template":"","meta":{"inline_featured_image":false},"product_brand":[],"product_cat":[174,196],"product_tag":[],"class_list":{"0":"post-4405","1":"product","2":"type-product","3":"status-publish","4":"has-post-thumbnail","6":"product_cat-may-pha-ca-phe-chuyen-nghiep-en","7":"product_cat-may-pha-ca-phe-la-marzocco-en","8":"category_filter_product-thuong-hieu-en","9":"category_filter_product-cong-suat-en","10":"category_filter_product-gia-tien-en","11":"category_filter_product-2000-3000-w-en","12":"category_filter_product-250-trieu-500-trieu-en","13":"category_filter_product-may-pha-ca-phe-lamarzocco-en","15":"first","16":"instock","17":"shipping-taxable","18":"purchasable","19":"product-type-simple"},"acf":[],"yoast_head":"<!-- This site is optimized with the Yoast SEO plugin v24.9 - https:\/\/yoast.com\/wordpress\/plugins\/seo\/ -->\n<title>La Marzocco Strada X 2GR Coffee Machine - KI\u1ebeN NAM BARISTA<\/title>\n<meta name=\"description\" content=\"La Marzocco Strada X 2GR coffee machine imported and distributed by Kien Nam barista. The most prestigious warranty and maintenance policy in Vietnam\" \/>\n<meta name=\"robots\" content=\"index, follow, max-snippet:-1, max-image-preview:large, max-video-preview:-1\" \/>\n<link rel=\"canonical\" href=\"https:\/\/kiennambarista.com\/en\/san-pham\/la-marzocco-strada-x-2gr-coffee-machine\/\" \/>\n<meta property=\"og:locale\" content=\"en_US\" \/>\n<meta property=\"og:type\" content=\"article\" \/>\n<meta property=\"og:title\" content=\"La Marzocco Strada X 2GR Coffee Machine - KI\u1ebeN NAM BARISTA\" \/>\n<meta property=\"og:description\" content=\"La Marzocco Strada X 2GR coffee machine imported and distributed by Kien Nam barista. The most prestigious warranty and maintenance policy in Vietnam\" \/>\n<meta property=\"og:url\" content=\"https:\/\/kiennambarista.com\/en\/san-pham\/la-marzocco-strada-x-2gr-coffee-machine\/\" \/>\n<meta property=\"og:site_name\" content=\"KI\u1ebeN NAM BARISTA\" \/>\n<meta property=\"og:image\" content=\"https:\/\/kiennambarista.com\/wp-content\/uploads\/2024\/05\/StradaX2GR1.png\" \/>\n\t<meta property=\"og:image:width\" content=\"700\" \/>\n\t<meta property=\"og:image:height\" content=\"700\" \/>\n\t<meta property=\"og:image:type\" content=\"image\/png\" \/>\n<meta name=\"twitter:card\" content=\"summary_large_image\" \/>\n<meta name=\"twitter:label1\" content=\"Est. reading time\" \/>\n\t<meta name=\"twitter:data1\" content=\"1 minute\" \/>\n<script type=\"application\/ld+json\" class=\"yoast-schema-graph\">{\"@context\":\"https:\/\/schema.org\",\"@graph\":[{\"@type\":\"WebPage\",\"@id\":\"https:\/\/kiennambarista.com\/en\/san-pham\/la-marzocco-strada-x-2gr-coffee-machine\/\",\"url\":\"https:\/\/kiennambarista.com\/en\/san-pham\/la-marzocco-strada-x-2gr-coffee-machine\/\",\"name\":\"La Marzocco Strada X 2GR Coffee Machine - KI\u1ebeN NAM BARISTA\",\"isPartOf\":{\"@id\":\"https:\/\/kiennambarista.com\/#website\"},\"primaryImageOfPage\":{\"@id\":\"https:\/\/kiennambarista.com\/en\/san-pham\/la-marzocco-strada-x-2gr-coffee-machine\/#primaryimage\"},\"image\":{\"@id\":\"https:\/\/kiennambarista.com\/en\/san-pham\/la-marzocco-strada-x-2gr-coffee-machine\/#primaryimage\"},\"thumbnailUrl\":\"https:\/\/kiennambarista.com\/wp-content\/uploads\/2024\/05\/StradaX2GR1.png\",\"datePublished\":\"2024-05-22T01:53:35+00:00\",\"description\":\"La Marzocco Strada X 2GR coffee machine imported and distributed by Kien Nam barista. The most prestigious warranty and maintenance policy in Vietnam\",\"breadcrumb\":{\"@id\":\"https:\/\/kiennambarista.com\/en\/san-pham\/la-marzocco-strada-x-2gr-coffee-machine\/#breadcrumb\"},\"inLanguage\":\"en-US\",\"potentialAction\":[{\"@type\":\"ReadAction\",\"target\":[\"https:\/\/kiennambarista.com\/en\/san-pham\/la-marzocco-strada-x-2gr-coffee-machine\/\"]}]},{\"@type\":\"ImageObject\",\"inLanguage\":\"en-US\",\"@id\":\"https:\/\/kiennambarista.com\/en\/san-pham\/la-marzocco-strada-x-2gr-coffee-machine\/#primaryimage\",\"url\":\"https:\/\/kiennambarista.com\/wp-content\/uploads\/2024\/05\/StradaX2GR1.png\",\"contentUrl\":\"https:\/\/kiennambarista.com\/wp-content\/uploads\/2024\/05\/StradaX2GR1.png\",\"width\":700,\"height\":700},{\"@type\":\"BreadcrumbList\",\"@id\":\"https:\/\/kiennambarista.com\/en\/san-pham\/la-marzocco-strada-x-2gr-coffee-machine\/#breadcrumb\",\"itemListElement\":[{\"@type\":\"ListItem\",\"position\":1,\"name\":\"Trang ch\u1ee7\",\"item\":\"https:\/\/kiennambarista.com\/en\/\"},{\"@type\":\"ListItem\",\"position\":2,\"name\":\"Product\",\"item\":\"https:\/\/kiennambarista.com\/en\/san-pham\/\"},{\"@type\":\"ListItem\",\"position\":3,\"name\":\"La Marzocco Strada X 2GR Coffee Machine\"}]},{\"@type\":\"WebSite\",\"@id\":\"https:\/\/kiennambarista.com\/#website\",\"url\":\"https:\/\/kiennambarista.com\/\",\"name\":\"Ki\u1ebfn Nam BARISTA\",\"description\":\"Nh\u00e0 ph\u00e2n ph\u1ed1i v\u00e0 cung c\u1ea5p d\u1ecbch v\u1ee5 m\u00e1y pha c\u00e0 ph\u00ea h\u00e0ng \u0111\u1ea7u t\u1ea1i Vi\u1ec7t Nam\",\"publisher\":{\"@id\":\"https:\/\/kiennambarista.com\/#organization\"},\"potentialAction\":[{\"@type\":\"SearchAction\",\"target\":{\"@type\":\"EntryPoint\",\"urlTemplate\":\"https:\/\/kiennambarista.com\/?s={search_term_string}\"},\"query-input\":{\"@type\":\"PropertyValueSpecification\",\"valueRequired\":true,\"valueName\":\"search_term_string\"}}],\"inLanguage\":\"en-US\"},{\"@type\":\"Organization\",\"@id\":\"https:\/\/kiennambarista.com\/#organization\",\"name\":\"Ki\u1ebfn Nam BARISTA\",\"url\":\"https:\/\/kiennambarista.com\/\",\"logo\":{\"@type\":\"ImageObject\",\"inLanguage\":\"en-US\",\"@id\":\"https:\/\/kiennambarista.com\/#\/schema\/logo\/image\/\",\"url\":\"https:\/\/kiennambarista.com\/wp-content\/uploads\/2023\/01\/logo_kiennam.svg\",\"contentUrl\":\"https:\/\/kiennambarista.com\/wp-content\/uploads\/2023\/01\/logo_kiennam.svg\",\"width\":88,\"height\":54,\"caption\":\"Ki\u1ebfn Nam BARISTA\"},\"image\":{\"@id\":\"https:\/\/kiennambarista.com\/#\/schema\/logo\/image\/\"}}]}<\/script>\n<!-- \/ Yoast SEO plugin. -->","yoast_head_json":{"title":"La Marzocco Strada X 2GR Coffee Machine - KI\u1ebeN NAM BARISTA","description":"La Marzocco Strada X 2GR coffee machine imported and distributed by Kien Nam barista. The most prestigious warranty and maintenance policy in Vietnam","robots":{"index":"index","follow":"follow","max-snippet":"max-snippet:-1","max-image-preview":"max-image-preview:large","max-video-preview":"max-video-preview:-1"},"canonical":"https:\/\/kiennambarista.com\/en\/san-pham\/la-marzocco-strada-x-2gr-coffee-machine\/","og_locale":"en_US","og_type":"article","og_title":"La Marzocco Strada X 2GR Coffee Machine - KI\u1ebeN NAM BARISTA","og_description":"La Marzocco Strada X 2GR coffee machine imported and distributed by Kien Nam barista. The most prestigious warranty and maintenance policy in Vietnam","og_url":"https:\/\/kiennambarista.com\/en\/san-pham\/la-marzocco-strada-x-2gr-coffee-machine\/","og_site_name":"KI\u1ebeN NAM BARISTA","og_image":[{"width":700,"height":700,"url":"https:\/\/kiennambarista.com\/wp-content\/uploads\/2024\/05\/StradaX2GR1.png","type":"image\/png"}],"twitter_card":"summary_large_image","twitter_misc":{"Est. reading time":"1 minute"},"schema":{"@context":"https:\/\/schema.org","@graph":[{"@type":"WebPage","@id":"https:\/\/kiennambarista.com\/en\/san-pham\/la-marzocco-strada-x-2gr-coffee-machine\/","url":"https:\/\/kiennambarista.com\/en\/san-pham\/la-marzocco-strada-x-2gr-coffee-machine\/","name":"La Marzocco Strada X 2GR Coffee Machine - KI\u1ebeN NAM BARISTA","isPartOf":{"@id":"https:\/\/kiennambarista.com\/#website"},"primaryImageOfPage":{"@id":"https:\/\/kiennambarista.com\/en\/san-pham\/la-marzocco-strada-x-2gr-coffee-machine\/#primaryimage"},"image":{"@id":"https:\/\/kiennambarista.com\/en\/san-pham\/la-marzocco-strada-x-2gr-coffee-machine\/#primaryimage"},"thumbnailUrl":"https:\/\/kiennambarista.com\/wp-content\/uploads\/2024\/05\/StradaX2GR1.png","datePublished":"2024-05-22T01:53:35+00:00","description":"La Marzocco Strada X 2GR coffee machine imported and distributed by Kien Nam barista. The most prestigious warranty and maintenance policy in Vietnam","breadcrumb":{"@id":"https:\/\/kiennambarista.com\/en\/san-pham\/la-marzocco-strada-x-2gr-coffee-machine\/#breadcrumb"},"inLanguage":"en-US","potentialAction":[{"@type":"ReadAction","target":["https:\/\/kiennambarista.com\/en\/san-pham\/la-marzocco-strada-x-2gr-coffee-machine\/"]}]},{"@type":"ImageObject","inLanguage":"en-US","@id":"https:\/\/kiennambarista.com\/en\/san-pham\/la-marzocco-strada-x-2gr-coffee-machine\/#primaryimage","url":"https:\/\/kiennambarista.com\/wp-content\/uploads\/2024\/05\/StradaX2GR1.png","contentUrl":"https:\/\/kiennambarista.com\/wp-content\/uploads\/2024\/05\/StradaX2GR1.png","width":700,"height":700},{"@type":"BreadcrumbList","@id":"https:\/\/kiennambarista.com\/en\/san-pham\/la-marzocco-strada-x-2gr-coffee-machine\/#breadcrumb","itemListElement":[{"@type":"ListItem","position":1,"name":"Trang ch\u1ee7","item":"https:\/\/kiennambarista.com\/en\/"},{"@type":"ListItem","position":2,"name":"Product","item":"https:\/\/kiennambarista.com\/en\/san-pham\/"},{"@type":"ListItem","position":3,"name":"La Marzocco Strada X 2GR Coffee Machine"}]},{"@type":"WebSite","@id":"https:\/\/kiennambarista.com\/#website","url":"https:\/\/kiennambarista.com\/","name":"Ki\u1ebfn Nam BARISTA","description":"Nh\u00e0 ph\u00e2n ph\u1ed1i v\u00e0 cung c\u1ea5p d\u1ecbch v\u1ee5 m\u00e1y pha c\u00e0 ph\u00ea h\u00e0ng \u0111\u1ea7u t\u1ea1i Vi\u1ec7t Nam","publisher":{"@id":"https:\/\/kiennambarista.com\/#organization"},"potentialAction":[{"@type":"SearchAction","target":{"@type":"EntryPoint","urlTemplate":"https:\/\/kiennambarista.com\/?s={search_term_string}"},"query-input":{"@type":"PropertyValueSpecification","valueRequired":true,"valueName":"search_term_string"}}],"inLanguage":"en-US"},{"@type":"Organization","@id":"https:\/\/kiennambarista.com\/#organization","name":"Ki\u1ebfn Nam BARISTA","url":"https:\/\/kiennambarista.com\/","logo":{"@type":"ImageObject","inLanguage":"en-US","@id":"https:\/\/kiennambarista.com\/#\/schema\/logo\/image\/","url":"https:\/\/kiennambarista.com\/wp-content\/uploads\/2023\/01\/logo_kiennam.svg","contentUrl":"https:\/\/kiennambarista.com\/wp-content\/uploads\/2023\/01\/logo_kiennam.svg","width":88,"height":54,"caption":"Ki\u1ebfn Nam BARISTA"},"image":{"@id":"https:\/\/kiennambarista.com\/#\/schema\/logo\/image\/"}}]}},"_links":{"self":[{"href":"https:\/\/kiennambarista.com\/en\/wp-json\/wp\/v2\/product\/4405","targetHints":{"allow":["GET"]}}],"collection":[{"href":"https:\/\/kiennambarista.com\/en\/wp-json\/wp\/v2\/product"}],"about":[{"href":"https:\/\/kiennambarista.com\/en\/wp-json\/wp\/v2\/types\/product"}],"replies":[{"embeddable":true,"href":"https:\/\/kiennambarista.com\/en\/wp-json\/wp\/v2\/comments?post=4405"}],"wp:featuredmedia":[{"embeddable":true,"href":"https:\/\/kiennambarista.com\/en\/wp-json\/wp\/v2\/media\/4345"}],"wp:attachment":[{"href":"https:\/\/kiennambarista.com\/en\/wp-json\/wp\/v2\/media?parent=4405"}],"wp:term":[{"taxonomy":"product_brand","embeddable":true,"href":"https:\/\/kiennambarista.com\/en\/wp-json\/wp\/v2\/product_brand?post=4405"},{"taxonomy":"product_cat","embeddable":true,"href":"https:\/\/kiennambarista.com\/en\/wp-json\/wp\/v2\/product_cat?post=4405"},{"taxonomy":"product_tag","embeddable":true,"href":"https:\/\/kiennambarista.com\/en\/wp-json\/wp\/v2\/product_tag?post=4405"}],"curies":[{"name":"wp","href":"https:\/\/api.w.org\/{rel}","templated":true}]}}