{"id":3934,"date":"2024-02-26T17:38:05","date_gmt":"2024-02-26T10:38:05","guid":{"rendered":"https:\/\/kiennambarista.com\/?post_type=product&#038;p=3934"},"modified":"2024-02-26T17:38:06","modified_gmt":"2024-02-26T10:38:06","slug":"coffee-grinder-mahlkonig-ek-omnia","status":"publish","type":"product","link":"https:\/\/kiennambarista.com\/en\/san-pham\/coffee-grinder-mahlkonig-ek-omnia\/","title":{"rendered":"Coffee Grinder Mahlkonig EK Omnia"},"content":{"rendered":"<p>Manufacture : Mahlkonig<br \/>\nMade in : Germany<br \/>\nWarranty : 12 months<br \/>\n&#8211; Faster, smarter, predictable. Our new flagship espresso and filter coffee grinder sets a new industry standard.<br \/>\n&#8211; The EK Omnia is the epitome of Mahlk\u00f6nig&#8217;s relentless pursuit of excellence and a new leap forward in coffee-grinding innovation.<br \/>\n&#8211; Built on the legacy of the iconic EK43, the EK Omnia is Mahlk\u00f6nig&#8217;s new flagship grinder designed for unprecedented consistency and efficiency as it adds the most recent and ground-breaking technology to the iconic EK.<br \/>\n&#8211; For coffee aficionados who want excellent grinding quality but need a faster workflow and more convenience, the EK Omnia unlocks a new era in coffee grinding.<br \/>\n&#8211; With the same proven 98mm cast steel burrs made in Germany as the beloved EK43, fit for espresso to filter grinding range.<br \/>\n&#8211; the EK Omnia is engineered to serve all coffee grinding needs in one powerhouse. The newly designed grinding head enables.<br \/>\n&#8211; The EK Omnia measures grind settings by the micron distance between burrs for ultra-precise micro-adjustments that eliminate the guesswork.<br \/>\n&#8211; Individualized and innovative stepless grind size adjustment approach with automatic adjustments of stored values or manual grind size adjustment.<br \/>\nBurr diameter: 98 mm<br \/>\nBean hopper capacity: 250 g<\/p>\n","protected":false},"excerpt":{"rendered":"<ul>\n<li>Producer: Mahlkonig<\/li>\n<li>Origin: Germany<\/li>\n<li>1 year warranty<\/li>\n<\/ul>\n","protected":false},"featured_media":3926,"comment_status":"open","ping_status":"closed","template":"","meta":{"inline_featured_image":false},"product_brand":[],"product_cat":[187,257],"product_tag":[],"class_list":{"0":"post-3934","1":"product","2":"type-product","3":"status-publish","4":"has-post-thumbnail","6":"product_cat-may-xay-ca-phe-en","7":"product_cat-mahlkonig","8":"category_filter_product-thuong-hieu-en","9":"category_filter_product-duoi-1000-w-en","10":"category_filter_product-cong-suat-en","11":"category_filter_product-gia-tien-en","12":"category_filter_product-50-million-100-million-en","13":"category_filter_product-coffee-grinder-mahlkonig","15":"first","16":"instock","17":"shipping-taxable","18":"purchasable","19":"product-type-simple"},"acf":[],"yoast_head":"<!-- This site is optimized with the Yoast SEO plugin v24.9 - https:\/\/yoast.com\/wordpress\/plugins\/seo\/ -->\n<title>Coffee Grinder Mahlkonig EK Omnia - KI\u1ebeN NAM BARISTA<\/title>\n<meta name=\"description\" content=\"Mahlkonig EK Omnia coffee grinder imported and distributed by Kien Nam barista. The most prestigious warranty and maintenance policy in Vietnam\" \/>\n<meta name=\"robots\" content=\"index, follow, max-snippet:-1, max-image-preview:large, max-video-preview:-1\" \/>\n<link rel=\"canonical\" href=\"https:\/\/kiennambarista.com\/en\/san-pham\/coffee-grinder-mahlkonig-ek-omnia\/\" \/>\n<meta property=\"og:locale\" content=\"en_US\" \/>\n<meta property=\"og:type\" content=\"article\" \/>\n<meta property=\"og:title\" content=\"Coffee Grinder Mahlkonig EK Omnia - KI\u1ebeN NAM BARISTA\" \/>\n<meta property=\"og:description\" content=\"Mahlkonig EK Omnia coffee grinder imported and distributed by Kien Nam barista. The most prestigious warranty and maintenance policy in Vietnam\" \/>\n<meta property=\"og:url\" content=\"https:\/\/kiennambarista.com\/en\/san-pham\/coffee-grinder-mahlkonig-ek-omnia\/\" \/>\n<meta property=\"og:site_name\" content=\"KI\u1ebeN NAM BARISTA\" \/>\n<meta property=\"article:modified_time\" content=\"2024-02-26T10:38:06+00:00\" \/>\n<meta property=\"og:image\" content=\"https:\/\/kiennambarista.com\/wp-content\/uploads\/2024\/02\/EK-Omnia-1.png\" \/>\n\t<meta property=\"og:image:width\" content=\"972\" \/>\n\t<meta property=\"og:image:height\" content=\"972\" \/>\n\t<meta property=\"og:image:type\" content=\"image\/png\" \/>\n<meta name=\"twitter:card\" content=\"summary_large_image\" \/>\n<meta name=\"twitter:label1\" content=\"Est. reading time\" \/>\n\t<meta name=\"twitter:data1\" content=\"2 minutes\" \/>\n<script type=\"application\/ld+json\" class=\"yoast-schema-graph\">{\"@context\":\"https:\/\/schema.org\",\"@graph\":[{\"@type\":\"WebPage\",\"@id\":\"https:\/\/kiennambarista.com\/en\/san-pham\/coffee-grinder-mahlkonig-ek-omnia\/\",\"url\":\"https:\/\/kiennambarista.com\/en\/san-pham\/coffee-grinder-mahlkonig-ek-omnia\/\",\"name\":\"Coffee Grinder Mahlkonig EK Omnia - KI\u1ebeN NAM BARISTA\",\"isPartOf\":{\"@id\":\"https:\/\/kiennambarista.com\/#website\"},\"primaryImageOfPage\":{\"@id\":\"https:\/\/kiennambarista.com\/en\/san-pham\/coffee-grinder-mahlkonig-ek-omnia\/#primaryimage\"},\"image\":{\"@id\":\"https:\/\/kiennambarista.com\/en\/san-pham\/coffee-grinder-mahlkonig-ek-omnia\/#primaryimage\"},\"thumbnailUrl\":\"https:\/\/kiennambarista.com\/wp-content\/uploads\/2024\/02\/EK-Omnia-1.png\",\"datePublished\":\"2024-02-26T10:38:05+00:00\",\"dateModified\":\"2024-02-26T10:38:06+00:00\",\"description\":\"Mahlkonig EK Omnia coffee grinder imported and distributed by Kien Nam barista. The most prestigious warranty and maintenance policy in Vietnam\",\"breadcrumb\":{\"@id\":\"https:\/\/kiennambarista.com\/en\/san-pham\/coffee-grinder-mahlkonig-ek-omnia\/#breadcrumb\"},\"inLanguage\":\"en-US\",\"potentialAction\":[{\"@type\":\"ReadAction\",\"target\":[\"https:\/\/kiennambarista.com\/en\/san-pham\/coffee-grinder-mahlkonig-ek-omnia\/\"]}]},{\"@type\":\"ImageObject\",\"inLanguage\":\"en-US\",\"@id\":\"https:\/\/kiennambarista.com\/en\/san-pham\/coffee-grinder-mahlkonig-ek-omnia\/#primaryimage\",\"url\":\"https:\/\/kiennambarista.com\/wp-content\/uploads\/2024\/02\/EK-Omnia-1.png\",\"contentUrl\":\"https:\/\/kiennambarista.com\/wp-content\/uploads\/2024\/02\/EK-Omnia-1.png\",\"width\":972,\"height\":972},{\"@type\":\"BreadcrumbList\",\"@id\":\"https:\/\/kiennambarista.com\/en\/san-pham\/coffee-grinder-mahlkonig-ek-omnia\/#breadcrumb\",\"itemListElement\":[{\"@type\":\"ListItem\",\"position\":1,\"name\":\"Trang ch\u1ee7\",\"item\":\"https:\/\/kiennambarista.com\/en\/\"},{\"@type\":\"ListItem\",\"position\":2,\"name\":\"Product\",\"item\":\"https:\/\/kiennambarista.com\/en\/san-pham\/\"},{\"@type\":\"ListItem\",\"position\":3,\"name\":\"Coffee Grinder Mahlkonig EK Omnia\"}]},{\"@type\":\"WebSite\",\"@id\":\"https:\/\/kiennambarista.com\/#website\",\"url\":\"https:\/\/kiennambarista.com\/\",\"name\":\"Ki\u1ebfn Nam BARISTA\",\"description\":\"Nh\u00e0 ph\u00e2n ph\u1ed1i v\u00e0 cung c\u1ea5p d\u1ecbch v\u1ee5 m\u00e1y pha c\u00e0 ph\u00ea h\u00e0ng \u0111\u1ea7u t\u1ea1i Vi\u1ec7t Nam\",\"publisher\":{\"@id\":\"https:\/\/kiennambarista.com\/#organization\"},\"potentialAction\":[{\"@type\":\"SearchAction\",\"target\":{\"@type\":\"EntryPoint\",\"urlTemplate\":\"https:\/\/kiennambarista.com\/?s={search_term_string}\"},\"query-input\":{\"@type\":\"PropertyValueSpecification\",\"valueRequired\":true,\"valueName\":\"search_term_string\"}}],\"inLanguage\":\"en-US\"},{\"@type\":\"Organization\",\"@id\":\"https:\/\/kiennambarista.com\/#organization\",\"name\":\"Ki\u1ebfn Nam BARISTA\",\"url\":\"https:\/\/kiennambarista.com\/\",\"logo\":{\"@type\":\"ImageObject\",\"inLanguage\":\"en-US\",\"@id\":\"https:\/\/kiennambarista.com\/#\/schema\/logo\/image\/\",\"url\":\"https:\/\/kiennambarista.com\/wp-content\/uploads\/2023\/01\/logo_kiennam.svg\",\"contentUrl\":\"https:\/\/kiennambarista.com\/wp-content\/uploads\/2023\/01\/logo_kiennam.svg\",\"width\":88,\"height\":54,\"caption\":\"Ki\u1ebfn Nam BARISTA\"},\"image\":{\"@id\":\"https:\/\/kiennambarista.com\/#\/schema\/logo\/image\/\"}}]}<\/script>\n<!-- \/ Yoast SEO plugin. -->","yoast_head_json":{"title":"Coffee Grinder Mahlkonig EK Omnia - KI\u1ebeN NAM BARISTA","description":"Mahlkonig EK Omnia coffee grinder imported and distributed by Kien Nam barista. The most prestigious warranty and maintenance policy in Vietnam","robots":{"index":"index","follow":"follow","max-snippet":"max-snippet:-1","max-image-preview":"max-image-preview:large","max-video-preview":"max-video-preview:-1"},"canonical":"https:\/\/kiennambarista.com\/en\/san-pham\/coffee-grinder-mahlkonig-ek-omnia\/","og_locale":"en_US","og_type":"article","og_title":"Coffee Grinder Mahlkonig EK Omnia - KI\u1ebeN NAM BARISTA","og_description":"Mahlkonig EK Omnia coffee grinder imported and distributed by Kien Nam barista. The most prestigious warranty and maintenance policy in Vietnam","og_url":"https:\/\/kiennambarista.com\/en\/san-pham\/coffee-grinder-mahlkonig-ek-omnia\/","og_site_name":"KI\u1ebeN NAM BARISTA","article_modified_time":"2024-02-26T10:38:06+00:00","og_image":[{"width":972,"height":972,"url":"https:\/\/kiennambarista.com\/wp-content\/uploads\/2024\/02\/EK-Omnia-1.png","type":"image\/png"}],"twitter_card":"summary_large_image","twitter_misc":{"Est. reading time":"2 minutes"},"schema":{"@context":"https:\/\/schema.org","@graph":[{"@type":"WebPage","@id":"https:\/\/kiennambarista.com\/en\/san-pham\/coffee-grinder-mahlkonig-ek-omnia\/","url":"https:\/\/kiennambarista.com\/en\/san-pham\/coffee-grinder-mahlkonig-ek-omnia\/","name":"Coffee Grinder Mahlkonig EK Omnia - KI\u1ebeN NAM BARISTA","isPartOf":{"@id":"https:\/\/kiennambarista.com\/#website"},"primaryImageOfPage":{"@id":"https:\/\/kiennambarista.com\/en\/san-pham\/coffee-grinder-mahlkonig-ek-omnia\/#primaryimage"},"image":{"@id":"https:\/\/kiennambarista.com\/en\/san-pham\/coffee-grinder-mahlkonig-ek-omnia\/#primaryimage"},"thumbnailUrl":"https:\/\/kiennambarista.com\/wp-content\/uploads\/2024\/02\/EK-Omnia-1.png","datePublished":"2024-02-26T10:38:05+00:00","dateModified":"2024-02-26T10:38:06+00:00","description":"Mahlkonig EK Omnia coffee grinder imported and distributed by Kien Nam barista. The most prestigious warranty and maintenance policy in Vietnam","breadcrumb":{"@id":"https:\/\/kiennambarista.com\/en\/san-pham\/coffee-grinder-mahlkonig-ek-omnia\/#breadcrumb"},"inLanguage":"en-US","potentialAction":[{"@type":"ReadAction","target":["https:\/\/kiennambarista.com\/en\/san-pham\/coffee-grinder-mahlkonig-ek-omnia\/"]}]},{"@type":"ImageObject","inLanguage":"en-US","@id":"https:\/\/kiennambarista.com\/en\/san-pham\/coffee-grinder-mahlkonig-ek-omnia\/#primaryimage","url":"https:\/\/kiennambarista.com\/wp-content\/uploads\/2024\/02\/EK-Omnia-1.png","contentUrl":"https:\/\/kiennambarista.com\/wp-content\/uploads\/2024\/02\/EK-Omnia-1.png","width":972,"height":972},{"@type":"BreadcrumbList","@id":"https:\/\/kiennambarista.com\/en\/san-pham\/coffee-grinder-mahlkonig-ek-omnia\/#breadcrumb","itemListElement":[{"@type":"ListItem","position":1,"name":"Trang ch\u1ee7","item":"https:\/\/kiennambarista.com\/en\/"},{"@type":"ListItem","position":2,"name":"Product","item":"https:\/\/kiennambarista.com\/en\/san-pham\/"},{"@type":"ListItem","position":3,"name":"Coffee Grinder Mahlkonig EK Omnia"}]},{"@type":"WebSite","@id":"https:\/\/kiennambarista.com\/#website","url":"https:\/\/kiennambarista.com\/","name":"Ki\u1ebfn Nam BARISTA","description":"Nh\u00e0 ph\u00e2n ph\u1ed1i v\u00e0 cung c\u1ea5p d\u1ecbch v\u1ee5 m\u00e1y pha c\u00e0 ph\u00ea h\u00e0ng \u0111\u1ea7u t\u1ea1i Vi\u1ec7t Nam","publisher":{"@id":"https:\/\/kiennambarista.com\/#organization"},"potentialAction":[{"@type":"SearchAction","target":{"@type":"EntryPoint","urlTemplate":"https:\/\/kiennambarista.com\/?s={search_term_string}"},"query-input":{"@type":"PropertyValueSpecification","valueRequired":true,"valueName":"search_term_string"}}],"inLanguage":"en-US"},{"@type":"Organization","@id":"https:\/\/kiennambarista.com\/#organization","name":"Ki\u1ebfn Nam BARISTA","url":"https:\/\/kiennambarista.com\/","logo":{"@type":"ImageObject","inLanguage":"en-US","@id":"https:\/\/kiennambarista.com\/#\/schema\/logo\/image\/","url":"https:\/\/kiennambarista.com\/wp-content\/uploads\/2023\/01\/logo_kiennam.svg","contentUrl":"https:\/\/kiennambarista.com\/wp-content\/uploads\/2023\/01\/logo_kiennam.svg","width":88,"height":54,"caption":"Ki\u1ebfn Nam BARISTA"},"image":{"@id":"https:\/\/kiennambarista.com\/#\/schema\/logo\/image\/"}}]}},"_links":{"self":[{"href":"https:\/\/kiennambarista.com\/en\/wp-json\/wp\/v2\/product\/3934","targetHints":{"allow":["GET"]}}],"collection":[{"href":"https:\/\/kiennambarista.com\/en\/wp-json\/wp\/v2\/product"}],"about":[{"href":"https:\/\/kiennambarista.com\/en\/wp-json\/wp\/v2\/types\/product"}],"replies":[{"embeddable":true,"href":"https:\/\/kiennambarista.com\/en\/wp-json\/wp\/v2\/comments?post=3934"}],"wp:featuredmedia":[{"embeddable":true,"href":"https:\/\/kiennambarista.com\/en\/wp-json\/wp\/v2\/media\/3926"}],"wp:attachment":[{"href":"https:\/\/kiennambarista.com\/en\/wp-json\/wp\/v2\/media?parent=3934"}],"wp:term":[{"taxonomy":"product_brand","embeddable":true,"href":"https:\/\/kiennambarista.com\/en\/wp-json\/wp\/v2\/product_brand?post=3934"},{"taxonomy":"product_cat","embeddable":true,"href":"https:\/\/kiennambarista.com\/en\/wp-json\/wp\/v2\/product_cat?post=3934"},{"taxonomy":"product_tag","embeddable":true,"href":"https:\/\/kiennambarista.com\/en\/wp-json\/wp\/v2\/product_tag?post=3934"}],"curies":[{"name":"wp","href":"https:\/\/api.w.org\/{rel}","templated":true}]}}