{"id":3933,"date":"2024-02-26T17:34:09","date_gmt":"2024-02-26T10:34:09","guid":{"rendered":"https:\/\/kiennambarista.com\/?post_type=product&#038;p=3933"},"modified":"2026-02-27T11:51:17","modified_gmt":"2026-02-27T04:51:17","slug":"coffee-grinder-mahlkonig-ek43","status":"publish","type":"product","link":"https:\/\/kiennambarista.com\/en\/san-pham\/coffee-grinder-mahlkonig-ek43\/","title":{"rendered":"Coffee Grinder Mahlkonig EK43"},"content":{"rendered":"<p>Manufacture : Mahlkonig<br \/>\nMade in : Germany<br \/>\nWarranty : 12 months<br \/>\nPremium cast steel burrs.<br \/>\nRobust grinder with high grinding capacity.<br \/>\nSuitable for different applications: filter, espresso, or turkish fine coffee grinding.<br \/>\nGrinding of other grists such as spices, grain, poppy-seed and linseed is possible with individual burrs and prebreaker.<br \/>\nEasy and precise grind adjustment<br \/>\nBurr diameter: 98 mm<br \/>\nBean hopper capacity: 1.5 kg<\/p>\n","protected":false},"excerpt":{"rendered":"<ul>\n<li>Producer: Mahlkonig<\/li>\n<li>Origin: Germany<\/li>\n<li>1 year warranty<\/li>\n<\/ul>\n","protected":false},"featured_media":3923,"comment_status":"open","ping_status":"closed","template":"","meta":{"inline_featured_image":false},"product_brand":[],"product_cat":[187,257],"product_tag":[],"class_list":{"0":"post-3933","1":"product","2":"type-product","3":"status-publish","4":"has-post-thumbnail","6":"product_cat-may-xay-ca-phe-en","7":"product_cat-mahlkonig","8":"category_filter_product-thuong-hieu-en","9":"category_filter_product-cong-suat-en","10":"category_filter_product-1000-2000-w-en","11":"category_filter_product-gia-tien-en","12":"category_filter_product-50-million-100-million-en","13":"category_filter_product-coffee-grinder-mahlkonig","15":"first","16":"instock","17":"shipping-taxable","18":"purchasable","19":"product-type-simple"},"acf":[],"yoast_head":"<!-- This site is optimized with the Yoast SEO plugin v24.9 - https:\/\/yoast.com\/wordpress\/plugins\/seo\/ -->\n<title>Coffee Grinder Mahlkonig EK43 - KI\u1ebeN NAM BARISTA<\/title>\n<meta name=\"description\" content=\"Mahlkonig EK43 coffee grinder imported and distributed by Kien Nam barista. The most prestigious warranty and maintenance policy in Vietnam\" \/>\n<meta name=\"robots\" content=\"index, follow, max-snippet:-1, max-image-preview:large, max-video-preview:-1\" \/>\n<link rel=\"canonical\" href=\"https:\/\/kiennambarista.com\/en\/san-pham\/coffee-grinder-mahlkonig-ek43\/\" \/>\n<meta property=\"og:locale\" content=\"en_US\" \/>\n<meta property=\"og:type\" content=\"article\" \/>\n<meta property=\"og:title\" content=\"Coffee Grinder Mahlkonig EK43 - KI\u1ebeN NAM BARISTA\" \/>\n<meta property=\"og:description\" content=\"Mahlkonig EK43 coffee grinder imported and distributed by Kien Nam barista. The most prestigious warranty and maintenance policy in Vietnam\" \/>\n<meta property=\"og:url\" content=\"https:\/\/kiennambarista.com\/en\/san-pham\/coffee-grinder-mahlkonig-ek43\/\" \/>\n<meta property=\"og:site_name\" content=\"KI\u1ebeN NAM BARISTA\" \/>\n<meta property=\"article:modified_time\" content=\"2026-02-27T04:51:17+00:00\" \/>\n<meta property=\"og:image\" content=\"https:\/\/kiennambarista.com\/wp-content\/uploads\/2024\/02\/May-xay-ca-phe-Mahlkonig-EK43.png\" \/>\n\t<meta property=\"og:image:width\" content=\"972\" \/>\n\t<meta property=\"og:image:height\" content=\"972\" \/>\n\t<meta property=\"og:image:type\" content=\"image\/png\" \/>\n<meta name=\"twitter:card\" content=\"summary_large_image\" \/>\n<meta name=\"twitter:label1\" content=\"Est. reading time\" \/>\n\t<meta name=\"twitter:data1\" content=\"1 minute\" \/>\n<script type=\"application\/ld+json\" class=\"yoast-schema-graph\">{\"@context\":\"https:\/\/schema.org\",\"@graph\":[{\"@type\":\"WebPage\",\"@id\":\"https:\/\/kiennambarista.com\/en\/san-pham\/coffee-grinder-mahlkonig-ek43\/\",\"url\":\"https:\/\/kiennambarista.com\/en\/san-pham\/coffee-grinder-mahlkonig-ek43\/\",\"name\":\"Coffee Grinder Mahlkonig EK43 - KI\u1ebeN NAM BARISTA\",\"isPartOf\":{\"@id\":\"https:\/\/kiennambarista.com\/#website\"},\"primaryImageOfPage\":{\"@id\":\"https:\/\/kiennambarista.com\/en\/san-pham\/coffee-grinder-mahlkonig-ek43\/#primaryimage\"},\"image\":{\"@id\":\"https:\/\/kiennambarista.com\/en\/san-pham\/coffee-grinder-mahlkonig-ek43\/#primaryimage\"},\"thumbnailUrl\":\"https:\/\/kiennambarista.com\/wp-content\/uploads\/2024\/02\/May-xay-ca-phe-Mahlkonig-EK43.png\",\"datePublished\":\"2024-02-26T10:34:09+00:00\",\"dateModified\":\"2026-02-27T04:51:17+00:00\",\"description\":\"Mahlkonig EK43 coffee grinder imported and distributed by Kien Nam barista. The most prestigious warranty and maintenance policy in Vietnam\",\"breadcrumb\":{\"@id\":\"https:\/\/kiennambarista.com\/en\/san-pham\/coffee-grinder-mahlkonig-ek43\/#breadcrumb\"},\"inLanguage\":\"en-US\",\"potentialAction\":[{\"@type\":\"ReadAction\",\"target\":[\"https:\/\/kiennambarista.com\/en\/san-pham\/coffee-grinder-mahlkonig-ek43\/\"]}]},{\"@type\":\"ImageObject\",\"inLanguage\":\"en-US\",\"@id\":\"https:\/\/kiennambarista.com\/en\/san-pham\/coffee-grinder-mahlkonig-ek43\/#primaryimage\",\"url\":\"https:\/\/kiennambarista.com\/wp-content\/uploads\/2024\/02\/May-xay-ca-phe-Mahlkonig-EK43.png\",\"contentUrl\":\"https:\/\/kiennambarista.com\/wp-content\/uploads\/2024\/02\/May-xay-ca-phe-Mahlkonig-EK43.png\",\"width\":972,\"height\":972},{\"@type\":\"BreadcrumbList\",\"@id\":\"https:\/\/kiennambarista.com\/en\/san-pham\/coffee-grinder-mahlkonig-ek43\/#breadcrumb\",\"itemListElement\":[{\"@type\":\"ListItem\",\"position\":1,\"name\":\"Trang ch\u1ee7\",\"item\":\"https:\/\/kiennambarista.com\/en\/\"},{\"@type\":\"ListItem\",\"position\":2,\"name\":\"Product\",\"item\":\"https:\/\/kiennambarista.com\/en\/san-pham\/\"},{\"@type\":\"ListItem\",\"position\":3,\"name\":\"Coffee Grinder Mahlkonig EK43\"}]},{\"@type\":\"WebSite\",\"@id\":\"https:\/\/kiennambarista.com\/#website\",\"url\":\"https:\/\/kiennambarista.com\/\",\"name\":\"Ki\u1ebfn Nam BARISTA\",\"description\":\"Nh\u00e0 ph\u00e2n ph\u1ed1i v\u00e0 cung c\u1ea5p d\u1ecbch v\u1ee5 m\u00e1y pha c\u00e0 ph\u00ea h\u00e0ng \u0111\u1ea7u t\u1ea1i Vi\u1ec7t Nam\",\"publisher\":{\"@id\":\"https:\/\/kiennambarista.com\/#organization\"},\"potentialAction\":[{\"@type\":\"SearchAction\",\"target\":{\"@type\":\"EntryPoint\",\"urlTemplate\":\"https:\/\/kiennambarista.com\/?s={search_term_string}\"},\"query-input\":{\"@type\":\"PropertyValueSpecification\",\"valueRequired\":true,\"valueName\":\"search_term_string\"}}],\"inLanguage\":\"en-US\"},{\"@type\":\"Organization\",\"@id\":\"https:\/\/kiennambarista.com\/#organization\",\"name\":\"Ki\u1ebfn Nam BARISTA\",\"url\":\"https:\/\/kiennambarista.com\/\",\"logo\":{\"@type\":\"ImageObject\",\"inLanguage\":\"en-US\",\"@id\":\"https:\/\/kiennambarista.com\/#\/schema\/logo\/image\/\",\"url\":\"https:\/\/kiennambarista.com\/wp-content\/uploads\/2023\/01\/logo_kiennam.svg\",\"contentUrl\":\"https:\/\/kiennambarista.com\/wp-content\/uploads\/2023\/01\/logo_kiennam.svg\",\"width\":88,\"height\":54,\"caption\":\"Ki\u1ebfn Nam BARISTA\"},\"image\":{\"@id\":\"https:\/\/kiennambarista.com\/#\/schema\/logo\/image\/\"}}]}<\/script>\n<!-- \/ Yoast SEO plugin. -->","yoast_head_json":{"title":"Coffee Grinder Mahlkonig EK43 - KI\u1ebeN NAM BARISTA","description":"Mahlkonig EK43 coffee grinder imported and distributed by Kien Nam barista. The most prestigious warranty and maintenance policy in Vietnam","robots":{"index":"index","follow":"follow","max-snippet":"max-snippet:-1","max-image-preview":"max-image-preview:large","max-video-preview":"max-video-preview:-1"},"canonical":"https:\/\/kiennambarista.com\/en\/san-pham\/coffee-grinder-mahlkonig-ek43\/","og_locale":"en_US","og_type":"article","og_title":"Coffee Grinder Mahlkonig EK43 - KI\u1ebeN NAM BARISTA","og_description":"Mahlkonig EK43 coffee grinder imported and distributed by Kien Nam barista. The most prestigious warranty and maintenance policy in Vietnam","og_url":"https:\/\/kiennambarista.com\/en\/san-pham\/coffee-grinder-mahlkonig-ek43\/","og_site_name":"KI\u1ebeN NAM BARISTA","article_modified_time":"2026-02-27T04:51:17+00:00","og_image":[{"width":972,"height":972,"url":"https:\/\/kiennambarista.com\/wp-content\/uploads\/2024\/02\/May-xay-ca-phe-Mahlkonig-EK43.png","type":"image\/png"}],"twitter_card":"summary_large_image","twitter_misc":{"Est. reading time":"1 minute"},"schema":{"@context":"https:\/\/schema.org","@graph":[{"@type":"WebPage","@id":"https:\/\/kiennambarista.com\/en\/san-pham\/coffee-grinder-mahlkonig-ek43\/","url":"https:\/\/kiennambarista.com\/en\/san-pham\/coffee-grinder-mahlkonig-ek43\/","name":"Coffee Grinder Mahlkonig EK43 - KI\u1ebeN NAM BARISTA","isPartOf":{"@id":"https:\/\/kiennambarista.com\/#website"},"primaryImageOfPage":{"@id":"https:\/\/kiennambarista.com\/en\/san-pham\/coffee-grinder-mahlkonig-ek43\/#primaryimage"},"image":{"@id":"https:\/\/kiennambarista.com\/en\/san-pham\/coffee-grinder-mahlkonig-ek43\/#primaryimage"},"thumbnailUrl":"https:\/\/kiennambarista.com\/wp-content\/uploads\/2024\/02\/May-xay-ca-phe-Mahlkonig-EK43.png","datePublished":"2024-02-26T10:34:09+00:00","dateModified":"2026-02-27T04:51:17+00:00","description":"Mahlkonig EK43 coffee grinder imported and distributed by Kien Nam barista. The most prestigious warranty and maintenance policy in Vietnam","breadcrumb":{"@id":"https:\/\/kiennambarista.com\/en\/san-pham\/coffee-grinder-mahlkonig-ek43\/#breadcrumb"},"inLanguage":"en-US","potentialAction":[{"@type":"ReadAction","target":["https:\/\/kiennambarista.com\/en\/san-pham\/coffee-grinder-mahlkonig-ek43\/"]}]},{"@type":"ImageObject","inLanguage":"en-US","@id":"https:\/\/kiennambarista.com\/en\/san-pham\/coffee-grinder-mahlkonig-ek43\/#primaryimage","url":"https:\/\/kiennambarista.com\/wp-content\/uploads\/2024\/02\/May-xay-ca-phe-Mahlkonig-EK43.png","contentUrl":"https:\/\/kiennambarista.com\/wp-content\/uploads\/2024\/02\/May-xay-ca-phe-Mahlkonig-EK43.png","width":972,"height":972},{"@type":"BreadcrumbList","@id":"https:\/\/kiennambarista.com\/en\/san-pham\/coffee-grinder-mahlkonig-ek43\/#breadcrumb","itemListElement":[{"@type":"ListItem","position":1,"name":"Trang ch\u1ee7","item":"https:\/\/kiennambarista.com\/en\/"},{"@type":"ListItem","position":2,"name":"Product","item":"https:\/\/kiennambarista.com\/en\/san-pham\/"},{"@type":"ListItem","position":3,"name":"Coffee Grinder Mahlkonig EK43"}]},{"@type":"WebSite","@id":"https:\/\/kiennambarista.com\/#website","url":"https:\/\/kiennambarista.com\/","name":"Ki\u1ebfn Nam BARISTA","description":"Nh\u00e0 ph\u00e2n ph\u1ed1i v\u00e0 cung c\u1ea5p d\u1ecbch v\u1ee5 m\u00e1y pha c\u00e0 ph\u00ea h\u00e0ng \u0111\u1ea7u t\u1ea1i Vi\u1ec7t Nam","publisher":{"@id":"https:\/\/kiennambarista.com\/#organization"},"potentialAction":[{"@type":"SearchAction","target":{"@type":"EntryPoint","urlTemplate":"https:\/\/kiennambarista.com\/?s={search_term_string}"},"query-input":{"@type":"PropertyValueSpecification","valueRequired":true,"valueName":"search_term_string"}}],"inLanguage":"en-US"},{"@type":"Organization","@id":"https:\/\/kiennambarista.com\/#organization","name":"Ki\u1ebfn Nam BARISTA","url":"https:\/\/kiennambarista.com\/","logo":{"@type":"ImageObject","inLanguage":"en-US","@id":"https:\/\/kiennambarista.com\/#\/schema\/logo\/image\/","url":"https:\/\/kiennambarista.com\/wp-content\/uploads\/2023\/01\/logo_kiennam.svg","contentUrl":"https:\/\/kiennambarista.com\/wp-content\/uploads\/2023\/01\/logo_kiennam.svg","width":88,"height":54,"caption":"Ki\u1ebfn Nam BARISTA"},"image":{"@id":"https:\/\/kiennambarista.com\/#\/schema\/logo\/image\/"}}]}},"_links":{"self":[{"href":"https:\/\/kiennambarista.com\/en\/wp-json\/wp\/v2\/product\/3933","targetHints":{"allow":["GET"]}}],"collection":[{"href":"https:\/\/kiennambarista.com\/en\/wp-json\/wp\/v2\/product"}],"about":[{"href":"https:\/\/kiennambarista.com\/en\/wp-json\/wp\/v2\/types\/product"}],"replies":[{"embeddable":true,"href":"https:\/\/kiennambarista.com\/en\/wp-json\/wp\/v2\/comments?post=3933"}],"wp:featuredmedia":[{"embeddable":true,"href":"https:\/\/kiennambarista.com\/en\/wp-json\/wp\/v2\/media\/3923"}],"wp:attachment":[{"href":"https:\/\/kiennambarista.com\/en\/wp-json\/wp\/v2\/media?parent=3933"}],"wp:term":[{"taxonomy":"product_brand","embeddable":true,"href":"https:\/\/kiennambarista.com\/en\/wp-json\/wp\/v2\/product_brand?post=3933"},{"taxonomy":"product_cat","embeddable":true,"href":"https:\/\/kiennambarista.com\/en\/wp-json\/wp\/v2\/product_cat?post=3933"},{"taxonomy":"product_tag","embeddable":true,"href":"https:\/\/kiennambarista.com\/en\/wp-json\/wp\/v2\/product_tag?post=3933"}],"curies":[{"name":"wp","href":"https:\/\/api.w.org\/{rel}","templated":true}]}}