{"id":3109,"date":"2023-07-24T14:11:18","date_gmt":"2023-07-24T07:11:18","guid":{"rendered":"https:\/\/kiennambarista.com\/?post_type=product&#038;p=3109"},"modified":"2025-03-31T11:44:46","modified_gmt":"2025-03-31T04:44:46","slug":"coffee-machine-necta-kalea","status":"publish","type":"product","link":"https:\/\/kiennambarista.com\/en\/san-pham\/coffee-machine-necta-kalea\/","title":{"rendered":"Coffee Machine Necta Kalea"},"content":{"rendered":"<h1 style=\"text-align: center;\">Coffee Machine Necta Kalea 2ES3RM\/Q<\/h1>\n<p>&#8211; Manufacturer: Necta<br \/>\n&#8211; Made in: Italy<br \/>\n&#8211; Warranty period: 1 year<\/p>\n<p>&#8211; The coffee grinder machine by aluminum alloy with large grinding disc. The grinding speed is extremely fast and it&#8217;s capacity is large.<br \/>\n\u2022 A professional and fully automatic system makes the control process more standardized for drinks from fresh milk<br \/>\n&#8211; Body: Steel frame &amp; thermoplastic composite and super durable.<br \/>\n&#8211; The latest generation 7&#8221; touch screen with 4 interfaces for 40 different drinks on the icons on the screen<\/p>\n<p>&#8211; Control connection via smartphone: WiFi \/ Bluetooth and compatible with 3G<br \/>\n&#8211; Modules can be repaired and replaced quickly.<br \/>\n&#8211; Coffee nozzle can increase and decrease the height to suit each type of cup<br \/>\n&#8211; Touch screen: allows flexible manipulation such as settings for the machine and dispensing as well as errors during operation. Help you more effectively control your coffee maker.<br \/>\n&#8211; There is an automatic program to clean the machine system with 1 touch<br \/>\n&#8211; Specialized coffee machine for Italian coffee<br \/>\n&#8211; Direct water connection<\/p>\n","protected":false},"excerpt":{"rendered":"<ul>\n<li>Manufacturer: Necta<\/li>\n<li>Origin: Italy<\/li>\n<li>1 year warranty<\/li>\n<\/ul>\n","protected":false},"featured_media":3073,"comment_status":"open","ping_status":"closed","template":"","meta":{"inline_featured_image":false},"product_brand":[],"product_cat":[176],"product_tag":[],"class_list":{"0":"post-3109","1":"product","2":"type-product","3":"status-publish","4":"has-post-thumbnail","6":"product_cat-may-pha-ca-phe-tu-dong-en","7":"category_filter_product-thuong-hieu-en","8":"category_filter_product-cong-suat-en","9":"category_filter_product-gia-tien-en","10":"category_filter_product-150-trieu-200-trieu-en","11":"category_filter_product-3000-5000-w-en","12":"category_filter_product-necta-en","14":"first","15":"instock","16":"shipping-taxable","17":"purchasable","18":"product-type-simple"},"acf":[],"yoast_head":"<!-- This site is optimized with the Yoast SEO plugin v24.9 - https:\/\/yoast.com\/wordpress\/plugins\/seo\/ -->\n<title>Coffee Machine Necta Kalea - KI\u1ebeN NAM BARISTA<\/title>\n<meta name=\"description\" content=\"Necta Kalea 2ES3RM\/Q coffee machine imported and distributed by Kien Nam barista. The most prestigious warranty and maintenance policy in Vietnam\" \/>\n<meta name=\"robots\" content=\"index, follow, max-snippet:-1, max-image-preview:large, max-video-preview:-1\" \/>\n<link rel=\"canonical\" href=\"https:\/\/kiennambarista.com\/en\/san-pham\/coffee-machine-necta-kalea\/\" \/>\n<meta property=\"og:locale\" content=\"en_US\" \/>\n<meta property=\"og:type\" content=\"article\" \/>\n<meta property=\"og:title\" content=\"Coffee Machine Necta Kalea - KI\u1ebeN NAM BARISTA\" \/>\n<meta property=\"og:description\" content=\"Necta Kalea 2ES3RM\/Q coffee machine imported and distributed by Kien Nam barista. The most prestigious warranty and maintenance policy in Vietnam\" \/>\n<meta property=\"og:url\" content=\"https:\/\/kiennambarista.com\/en\/san-pham\/coffee-machine-necta-kalea\/\" \/>\n<meta property=\"og:site_name\" content=\"KI\u1ebeN NAM BARISTA\" \/>\n<meta property=\"article:modified_time\" content=\"2025-03-31T04:44:46+00:00\" \/>\n<meta property=\"og:image\" content=\"https:\/\/kiennambarista.com\/wp-content\/uploads\/2023\/07\/necta-ekspres-automatyczny-kalea-double-espresso-6.jpg\" \/>\n\t<meta property=\"og:image:width\" content=\"276\" \/>\n\t<meta property=\"og:image:height\" content=\"551\" \/>\n\t<meta property=\"og:image:type\" content=\"image\/jpeg\" \/>\n<meta name=\"twitter:card\" content=\"summary_large_image\" \/>\n<meta name=\"twitter:label1\" content=\"Est. reading time\" \/>\n\t<meta name=\"twitter:data1\" content=\"1 minute\" \/>\n<script type=\"application\/ld+json\" class=\"yoast-schema-graph\">{\"@context\":\"https:\/\/schema.org\",\"@graph\":[{\"@type\":\"WebPage\",\"@id\":\"https:\/\/kiennambarista.com\/en\/san-pham\/coffee-machine-necta-kalea\/\",\"url\":\"https:\/\/kiennambarista.com\/en\/san-pham\/coffee-machine-necta-kalea\/\",\"name\":\"Coffee Machine Necta Kalea - KI\u1ebeN NAM BARISTA\",\"isPartOf\":{\"@id\":\"https:\/\/kiennambarista.com\/#website\"},\"primaryImageOfPage\":{\"@id\":\"https:\/\/kiennambarista.com\/en\/san-pham\/coffee-machine-necta-kalea\/#primaryimage\"},\"image\":{\"@id\":\"https:\/\/kiennambarista.com\/en\/san-pham\/coffee-machine-necta-kalea\/#primaryimage\"},\"thumbnailUrl\":\"https:\/\/kiennambarista.com\/wp-content\/uploads\/2023\/07\/necta-ekspres-automatyczny-kalea-double-espresso-6.jpg\",\"datePublished\":\"2023-07-24T07:11:18+00:00\",\"dateModified\":\"2025-03-31T04:44:46+00:00\",\"description\":\"Necta Kalea 2ES3RM\/Q coffee machine imported and distributed by Kien Nam barista. The most prestigious warranty and maintenance policy in Vietnam\",\"breadcrumb\":{\"@id\":\"https:\/\/kiennambarista.com\/en\/san-pham\/coffee-machine-necta-kalea\/#breadcrumb\"},\"inLanguage\":\"en-US\",\"potentialAction\":[{\"@type\":\"ReadAction\",\"target\":[\"https:\/\/kiennambarista.com\/en\/san-pham\/coffee-machine-necta-kalea\/\"]}]},{\"@type\":\"ImageObject\",\"inLanguage\":\"en-US\",\"@id\":\"https:\/\/kiennambarista.com\/en\/san-pham\/coffee-machine-necta-kalea\/#primaryimage\",\"url\":\"https:\/\/kiennambarista.com\/wp-content\/uploads\/2023\/07\/necta-ekspres-automatyczny-kalea-double-espresso-6.jpg\",\"contentUrl\":\"https:\/\/kiennambarista.com\/wp-content\/uploads\/2023\/07\/necta-ekspres-automatyczny-kalea-double-espresso-6.jpg\",\"width\":276,\"height\":551},{\"@type\":\"BreadcrumbList\",\"@id\":\"https:\/\/kiennambarista.com\/en\/san-pham\/coffee-machine-necta-kalea\/#breadcrumb\",\"itemListElement\":[{\"@type\":\"ListItem\",\"position\":1,\"name\":\"Trang ch\u1ee7\",\"item\":\"https:\/\/kiennambarista.com\/en\/\"},{\"@type\":\"ListItem\",\"position\":2,\"name\":\"Product\",\"item\":\"https:\/\/kiennambarista.com\/en\/san-pham\/\"},{\"@type\":\"ListItem\",\"position\":3,\"name\":\"Coffee Machine Necta Kalea\"}]},{\"@type\":\"WebSite\",\"@id\":\"https:\/\/kiennambarista.com\/#website\",\"url\":\"https:\/\/kiennambarista.com\/\",\"name\":\"Ki\u1ebfn Nam BARISTA\",\"description\":\"Nh\u00e0 ph\u00e2n ph\u1ed1i v\u00e0 cung c\u1ea5p d\u1ecbch v\u1ee5 m\u00e1y pha c\u00e0 ph\u00ea h\u00e0ng \u0111\u1ea7u t\u1ea1i Vi\u1ec7t Nam\",\"publisher\":{\"@id\":\"https:\/\/kiennambarista.com\/#organization\"},\"potentialAction\":[{\"@type\":\"SearchAction\",\"target\":{\"@type\":\"EntryPoint\",\"urlTemplate\":\"https:\/\/kiennambarista.com\/?s={search_term_string}\"},\"query-input\":{\"@type\":\"PropertyValueSpecification\",\"valueRequired\":true,\"valueName\":\"search_term_string\"}}],\"inLanguage\":\"en-US\"},{\"@type\":\"Organization\",\"@id\":\"https:\/\/kiennambarista.com\/#organization\",\"name\":\"Ki\u1ebfn Nam BARISTA\",\"url\":\"https:\/\/kiennambarista.com\/\",\"logo\":{\"@type\":\"ImageObject\",\"inLanguage\":\"en-US\",\"@id\":\"https:\/\/kiennambarista.com\/#\/schema\/logo\/image\/\",\"url\":\"https:\/\/kiennambarista.com\/wp-content\/uploads\/2023\/01\/logo_kiennam.svg\",\"contentUrl\":\"https:\/\/kiennambarista.com\/wp-content\/uploads\/2023\/01\/logo_kiennam.svg\",\"width\":88,\"height\":54,\"caption\":\"Ki\u1ebfn Nam BARISTA\"},\"image\":{\"@id\":\"https:\/\/kiennambarista.com\/#\/schema\/logo\/image\/\"}}]}<\/script>\n<!-- \/ Yoast SEO plugin. -->","yoast_head_json":{"title":"Coffee Machine Necta Kalea - KI\u1ebeN NAM BARISTA","description":"Necta Kalea 2ES3RM\/Q coffee machine imported and distributed by Kien Nam barista. The most prestigious warranty and maintenance policy in Vietnam","robots":{"index":"index","follow":"follow","max-snippet":"max-snippet:-1","max-image-preview":"max-image-preview:large","max-video-preview":"max-video-preview:-1"},"canonical":"https:\/\/kiennambarista.com\/en\/san-pham\/coffee-machine-necta-kalea\/","og_locale":"en_US","og_type":"article","og_title":"Coffee Machine Necta Kalea - KI\u1ebeN NAM BARISTA","og_description":"Necta Kalea 2ES3RM\/Q coffee machine imported and distributed by Kien Nam barista. The most prestigious warranty and maintenance policy in Vietnam","og_url":"https:\/\/kiennambarista.com\/en\/san-pham\/coffee-machine-necta-kalea\/","og_site_name":"KI\u1ebeN NAM BARISTA","article_modified_time":"2025-03-31T04:44:46+00:00","og_image":[{"width":276,"height":551,"url":"https:\/\/kiennambarista.com\/wp-content\/uploads\/2023\/07\/necta-ekspres-automatyczny-kalea-double-espresso-6.jpg","type":"image\/jpeg"}],"twitter_card":"summary_large_image","twitter_misc":{"Est. reading time":"1 minute"},"schema":{"@context":"https:\/\/schema.org","@graph":[{"@type":"WebPage","@id":"https:\/\/kiennambarista.com\/en\/san-pham\/coffee-machine-necta-kalea\/","url":"https:\/\/kiennambarista.com\/en\/san-pham\/coffee-machine-necta-kalea\/","name":"Coffee Machine Necta Kalea - KI\u1ebeN NAM BARISTA","isPartOf":{"@id":"https:\/\/kiennambarista.com\/#website"},"primaryImageOfPage":{"@id":"https:\/\/kiennambarista.com\/en\/san-pham\/coffee-machine-necta-kalea\/#primaryimage"},"image":{"@id":"https:\/\/kiennambarista.com\/en\/san-pham\/coffee-machine-necta-kalea\/#primaryimage"},"thumbnailUrl":"https:\/\/kiennambarista.com\/wp-content\/uploads\/2023\/07\/necta-ekspres-automatyczny-kalea-double-espresso-6.jpg","datePublished":"2023-07-24T07:11:18+00:00","dateModified":"2025-03-31T04:44:46+00:00","description":"Necta Kalea 2ES3RM\/Q coffee machine imported and distributed by Kien Nam barista. The most prestigious warranty and maintenance policy in Vietnam","breadcrumb":{"@id":"https:\/\/kiennambarista.com\/en\/san-pham\/coffee-machine-necta-kalea\/#breadcrumb"},"inLanguage":"en-US","potentialAction":[{"@type":"ReadAction","target":["https:\/\/kiennambarista.com\/en\/san-pham\/coffee-machine-necta-kalea\/"]}]},{"@type":"ImageObject","inLanguage":"en-US","@id":"https:\/\/kiennambarista.com\/en\/san-pham\/coffee-machine-necta-kalea\/#primaryimage","url":"https:\/\/kiennambarista.com\/wp-content\/uploads\/2023\/07\/necta-ekspres-automatyczny-kalea-double-espresso-6.jpg","contentUrl":"https:\/\/kiennambarista.com\/wp-content\/uploads\/2023\/07\/necta-ekspres-automatyczny-kalea-double-espresso-6.jpg","width":276,"height":551},{"@type":"BreadcrumbList","@id":"https:\/\/kiennambarista.com\/en\/san-pham\/coffee-machine-necta-kalea\/#breadcrumb","itemListElement":[{"@type":"ListItem","position":1,"name":"Trang ch\u1ee7","item":"https:\/\/kiennambarista.com\/en\/"},{"@type":"ListItem","position":2,"name":"Product","item":"https:\/\/kiennambarista.com\/en\/san-pham\/"},{"@type":"ListItem","position":3,"name":"Coffee Machine Necta Kalea"}]},{"@type":"WebSite","@id":"https:\/\/kiennambarista.com\/#website","url":"https:\/\/kiennambarista.com\/","name":"Ki\u1ebfn Nam BARISTA","description":"Nh\u00e0 ph\u00e2n ph\u1ed1i v\u00e0 cung c\u1ea5p d\u1ecbch v\u1ee5 m\u00e1y pha c\u00e0 ph\u00ea h\u00e0ng \u0111\u1ea7u t\u1ea1i Vi\u1ec7t Nam","publisher":{"@id":"https:\/\/kiennambarista.com\/#organization"},"potentialAction":[{"@type":"SearchAction","target":{"@type":"EntryPoint","urlTemplate":"https:\/\/kiennambarista.com\/?s={search_term_string}"},"query-input":{"@type":"PropertyValueSpecification","valueRequired":true,"valueName":"search_term_string"}}],"inLanguage":"en-US"},{"@type":"Organization","@id":"https:\/\/kiennambarista.com\/#organization","name":"Ki\u1ebfn Nam BARISTA","url":"https:\/\/kiennambarista.com\/","logo":{"@type":"ImageObject","inLanguage":"en-US","@id":"https:\/\/kiennambarista.com\/#\/schema\/logo\/image\/","url":"https:\/\/kiennambarista.com\/wp-content\/uploads\/2023\/01\/logo_kiennam.svg","contentUrl":"https:\/\/kiennambarista.com\/wp-content\/uploads\/2023\/01\/logo_kiennam.svg","width":88,"height":54,"caption":"Ki\u1ebfn Nam BARISTA"},"image":{"@id":"https:\/\/kiennambarista.com\/#\/schema\/logo\/image\/"}}]}},"_links":{"self":[{"href":"https:\/\/kiennambarista.com\/en\/wp-json\/wp\/v2\/product\/3109","targetHints":{"allow":["GET"]}}],"collection":[{"href":"https:\/\/kiennambarista.com\/en\/wp-json\/wp\/v2\/product"}],"about":[{"href":"https:\/\/kiennambarista.com\/en\/wp-json\/wp\/v2\/types\/product"}],"replies":[{"embeddable":true,"href":"https:\/\/kiennambarista.com\/en\/wp-json\/wp\/v2\/comments?post=3109"}],"wp:featuredmedia":[{"embeddable":true,"href":"https:\/\/kiennambarista.com\/en\/wp-json\/wp\/v2\/media\/3073"}],"wp:attachment":[{"href":"https:\/\/kiennambarista.com\/en\/wp-json\/wp\/v2\/media?parent=3109"}],"wp:term":[{"taxonomy":"product_brand","embeddable":true,"href":"https:\/\/kiennambarista.com\/en\/wp-json\/wp\/v2\/product_brand?post=3109"},{"taxonomy":"product_cat","embeddable":true,"href":"https:\/\/kiennambarista.com\/en\/wp-json\/wp\/v2\/product_cat?post=3109"},{"taxonomy":"product_tag","embeddable":true,"href":"https:\/\/kiennambarista.com\/en\/wp-json\/wp\/v2\/product_tag?post=3109"}],"curies":[{"name":"wp","href":"https:\/\/api.w.org\/{rel}","templated":true}]}}