{"id":3058,"date":"2023-07-20T14:45:33","date_gmt":"2023-07-20T07:45:33","guid":{"rendered":"https:\/\/kiennambarista.com\/?post_type=product&#038;p=3058"},"modified":"2023-07-20T14:45:34","modified_gmt":"2023-07-20T07:45:34","slug":"coffee-machine-bfc-monza-imola-maramello-2g-14-pl","status":"publish","type":"product","link":"https:\/\/kiennambarista.com\/en\/san-pham\/coffee-machine-bfc-monza-imola-maramello-2g-14-pl\/","title":{"rendered":"Coffee Machine BFC Monza Imola Maramello 2G\/14\/PL"},"content":{"rendered":"<h1 style=\"text-align: center;\">Coffee Machine BFC Monza Imola Maramello 2G\/14\/PL<\/h1>\n<p><span style=\"font-family: georgia, palatino, serif; font-size: 16px;\">Manufacturer: BFC<\/span><\/p>\n<p><span style=\"font-family: georgia, palatino, serif; font-size: 16px;\">Made in : Italy<\/span><\/p>\n<p><span style=\"font-family: georgia, palatino, serif; font-size: 16px;\">Warranty period: 1 year<\/span><\/p>\n<p><span style=\"font-family: georgia, palatino, serif; font-size: 16px;\">Filtration membrane: Stainless steel filter<\/span><\/p>\n<p><span style=\"font-family: georgia, palatino, serif; font-size: 16px;\">Signalling lamp : Yes<\/span><\/p>\n<p><span style=\"font-family: georgia, palatino, serif; font-size: 16px;\">Removable filter : No<\/span><\/p>\n<p><span style=\"font-family: georgia, palatino, serif; font-size: 16px;\">Water level markers : Yes<\/span><\/p>\n<p><span style=\"font-family: georgia, palatino, serif; font-size: 16px;\">Disposable container : No<\/span><\/p>\n<p><span style=\"font-family: georgia, palatino, serif; font-size: 16px;\">Other functions:<\/span><\/p>\n<p><span style=\"font-family: georgia, palatino, serif; font-size: 16px;\">\u2022 Anti &#8211; drip<\/span><\/p>\n<p><span style=\"font-family: georgia, palatino, serif; font-size: 16px;\">\u2022 Rapid warming<\/span><\/p>\n<p><span style=\"font-family: georgia, palatino, serif; font-size: 16px;\">\u2022 Filter residue<\/span><\/p>\n","protected":false},"excerpt":{"rendered":"<ul>\n<li>Manufacturer: BFC<\/li>\n<li>Origin: Italy<\/li>\n<li>1 year warranty<\/li>\n<li>Color: White \u2022 Yellow \u2022 Blue<\/li>\n<\/ul>\n","protected":false},"featured_media":3000,"comment_status":"open","ping_status":"closed","template":"","meta":{"inline_featured_image":false},"product_brand":[],"product_cat":[174,189],"product_tag":[],"class_list":{"0":"post-3058","1":"product","2":"type-product","3":"status-publish","4":"has-post-thumbnail","6":"product_cat-may-pha-ca-phe-chuyen-nghiep-en","7":"product_cat-may-pha-ca-phe-bfc-en","8":"category_filter_product-thuong-hieu-en","9":"category_filter_product-cong-suat-en","10":"category_filter_product-bfc-en","11":"category_filter_product-gia-tien-en","12":"category_filter_product-100-trieu-150-trieu-en","13":"category_filter_product-3000-5000-w-en","15":"first","16":"instock","17":"shipping-taxable","18":"purchasable","19":"product-type-simple"},"acf":[],"yoast_head":"<!-- This site is optimized with the Yoast SEO plugin v24.9 - https:\/\/yoast.com\/wordpress\/plugins\/seo\/ -->\n<title>Coffee Machine BFC Monza Imola Maramello 2G\/14\/PL - KI\u1ebeN NAM BARISTA<\/title>\n<meta name=\"description\" content=\"BFC Monza Imola Maramello 2G\/14\/PL coffee machine imported and distributed by Kien Nam barista. The most prestigious warranty and maintenance policy in Vietnam\" \/>\n<meta name=\"robots\" content=\"index, follow, max-snippet:-1, max-image-preview:large, max-video-preview:-1\" \/>\n<link rel=\"canonical\" href=\"https:\/\/kiennambarista.com\/en\/san-pham\/coffee-machine-bfc-monza-imola-maramello-2g-14-pl\/\" \/>\n<meta property=\"og:locale\" content=\"en_US\" \/>\n<meta property=\"og:type\" content=\"article\" \/>\n<meta property=\"og:title\" content=\"Coffee Machine BFC Monza Imola Maramello 2G\/14\/PL - KI\u1ebeN NAM BARISTA\" \/>\n<meta property=\"og:description\" content=\"BFC Monza Imola Maramello 2G\/14\/PL coffee machine imported and distributed by Kien Nam barista. The most prestigious warranty and maintenance policy in Vietnam\" \/>\n<meta property=\"og:url\" content=\"https:\/\/kiennambarista.com\/en\/san-pham\/coffee-machine-bfc-monza-imola-maramello-2g-14-pl\/\" \/>\n<meta property=\"og:site_name\" content=\"KI\u1ebeN NAM BARISTA\" \/>\n<meta property=\"article:modified_time\" content=\"2023-07-20T07:45:34+00:00\" \/>\n<meta property=\"og:image\" content=\"https:\/\/kiennambarista.com\/wp-content\/uploads\/2023\/07\/zyro-image-21-1.png\" \/>\n\t<meta property=\"og:image:width\" content=\"1200\" \/>\n\t<meta property=\"og:image:height\" content=\"900\" \/>\n\t<meta property=\"og:image:type\" content=\"image\/png\" \/>\n<meta name=\"twitter:card\" content=\"summary_large_image\" \/>\n<script type=\"application\/ld+json\" class=\"yoast-schema-graph\">{\"@context\":\"https:\/\/schema.org\",\"@graph\":[{\"@type\":\"WebPage\",\"@id\":\"https:\/\/kiennambarista.com\/en\/san-pham\/coffee-machine-bfc-monza-imola-maramello-2g-14-pl\/\",\"url\":\"https:\/\/kiennambarista.com\/en\/san-pham\/coffee-machine-bfc-monza-imola-maramello-2g-14-pl\/\",\"name\":\"Coffee Machine BFC Monza Imola Maramello 2G\/14\/PL - KI\u1ebeN NAM BARISTA\",\"isPartOf\":{\"@id\":\"https:\/\/kiennambarista.com\/#website\"},\"primaryImageOfPage\":{\"@id\":\"https:\/\/kiennambarista.com\/en\/san-pham\/coffee-machine-bfc-monza-imola-maramello-2g-14-pl\/#primaryimage\"},\"image\":{\"@id\":\"https:\/\/kiennambarista.com\/en\/san-pham\/coffee-machine-bfc-monza-imola-maramello-2g-14-pl\/#primaryimage\"},\"thumbnailUrl\":\"https:\/\/kiennambarista.com\/wp-content\/uploads\/2023\/07\/zyro-image-21-1.png\",\"datePublished\":\"2023-07-20T07:45:33+00:00\",\"dateModified\":\"2023-07-20T07:45:34+00:00\",\"description\":\"BFC Monza Imola Maramello 2G\/14\/PL coffee machine imported and distributed by Kien Nam barista. The most prestigious warranty and maintenance policy in Vietnam\",\"breadcrumb\":{\"@id\":\"https:\/\/kiennambarista.com\/en\/san-pham\/coffee-machine-bfc-monza-imola-maramello-2g-14-pl\/#breadcrumb\"},\"inLanguage\":\"en-US\",\"potentialAction\":[{\"@type\":\"ReadAction\",\"target\":[\"https:\/\/kiennambarista.com\/en\/san-pham\/coffee-machine-bfc-monza-imola-maramello-2g-14-pl\/\"]}]},{\"@type\":\"ImageObject\",\"inLanguage\":\"en-US\",\"@id\":\"https:\/\/kiennambarista.com\/en\/san-pham\/coffee-machine-bfc-monza-imola-maramello-2g-14-pl\/#primaryimage\",\"url\":\"https:\/\/kiennambarista.com\/wp-content\/uploads\/2023\/07\/zyro-image-21-1.png\",\"contentUrl\":\"https:\/\/kiennambarista.com\/wp-content\/uploads\/2023\/07\/zyro-image-21-1.png\",\"width\":1200,\"height\":900},{\"@type\":\"BreadcrumbList\",\"@id\":\"https:\/\/kiennambarista.com\/en\/san-pham\/coffee-machine-bfc-monza-imola-maramello-2g-14-pl\/#breadcrumb\",\"itemListElement\":[{\"@type\":\"ListItem\",\"position\":1,\"name\":\"Trang ch\u1ee7\",\"item\":\"https:\/\/kiennambarista.com\/en\/\"},{\"@type\":\"ListItem\",\"position\":2,\"name\":\"Product\",\"item\":\"https:\/\/kiennambarista.com\/en\/san-pham\/\"},{\"@type\":\"ListItem\",\"position\":3,\"name\":\"Coffee Machine BFC Monza Imola Maramello 2G\/14\/PL\"}]},{\"@type\":\"WebSite\",\"@id\":\"https:\/\/kiennambarista.com\/#website\",\"url\":\"https:\/\/kiennambarista.com\/\",\"name\":\"Ki\u1ebfn Nam BARISTA\",\"description\":\"Nh\u00e0 ph\u00e2n ph\u1ed1i v\u00e0 cung c\u1ea5p d\u1ecbch v\u1ee5 m\u00e1y pha c\u00e0 ph\u00ea h\u00e0ng \u0111\u1ea7u t\u1ea1i Vi\u1ec7t Nam\",\"publisher\":{\"@id\":\"https:\/\/kiennambarista.com\/#organization\"},\"potentialAction\":[{\"@type\":\"SearchAction\",\"target\":{\"@type\":\"EntryPoint\",\"urlTemplate\":\"https:\/\/kiennambarista.com\/?s={search_term_string}\"},\"query-input\":{\"@type\":\"PropertyValueSpecification\",\"valueRequired\":true,\"valueName\":\"search_term_string\"}}],\"inLanguage\":\"en-US\"},{\"@type\":\"Organization\",\"@id\":\"https:\/\/kiennambarista.com\/#organization\",\"name\":\"Ki\u1ebfn Nam BARISTA\",\"url\":\"https:\/\/kiennambarista.com\/\",\"logo\":{\"@type\":\"ImageObject\",\"inLanguage\":\"en-US\",\"@id\":\"https:\/\/kiennambarista.com\/#\/schema\/logo\/image\/\",\"url\":\"https:\/\/kiennambarista.com\/wp-content\/uploads\/2023\/01\/logo_kiennam.svg\",\"contentUrl\":\"https:\/\/kiennambarista.com\/wp-content\/uploads\/2023\/01\/logo_kiennam.svg\",\"width\":88,\"height\":54,\"caption\":\"Ki\u1ebfn Nam BARISTA\"},\"image\":{\"@id\":\"https:\/\/kiennambarista.com\/#\/schema\/logo\/image\/\"}}]}<\/script>\n<!-- \/ Yoast SEO plugin. -->","yoast_head_json":{"title":"Coffee Machine BFC Monza Imola Maramello 2G\/14\/PL - KI\u1ebeN NAM BARISTA","description":"BFC Monza Imola Maramello 2G\/14\/PL coffee machine imported and distributed by Kien Nam barista. The most prestigious warranty and maintenance policy in Vietnam","robots":{"index":"index","follow":"follow","max-snippet":"max-snippet:-1","max-image-preview":"max-image-preview:large","max-video-preview":"max-video-preview:-1"},"canonical":"https:\/\/kiennambarista.com\/en\/san-pham\/coffee-machine-bfc-monza-imola-maramello-2g-14-pl\/","og_locale":"en_US","og_type":"article","og_title":"Coffee Machine BFC Monza Imola Maramello 2G\/14\/PL - KI\u1ebeN NAM BARISTA","og_description":"BFC Monza Imola Maramello 2G\/14\/PL coffee machine imported and distributed by Kien Nam barista. The most prestigious warranty and maintenance policy in Vietnam","og_url":"https:\/\/kiennambarista.com\/en\/san-pham\/coffee-machine-bfc-monza-imola-maramello-2g-14-pl\/","og_site_name":"KI\u1ebeN NAM BARISTA","article_modified_time":"2023-07-20T07:45:34+00:00","og_image":[{"width":1200,"height":900,"url":"https:\/\/kiennambarista.com\/wp-content\/uploads\/2023\/07\/zyro-image-21-1.png","type":"image\/png"}],"twitter_card":"summary_large_image","schema":{"@context":"https:\/\/schema.org","@graph":[{"@type":"WebPage","@id":"https:\/\/kiennambarista.com\/en\/san-pham\/coffee-machine-bfc-monza-imola-maramello-2g-14-pl\/","url":"https:\/\/kiennambarista.com\/en\/san-pham\/coffee-machine-bfc-monza-imola-maramello-2g-14-pl\/","name":"Coffee Machine BFC Monza Imola Maramello 2G\/14\/PL - KI\u1ebeN NAM BARISTA","isPartOf":{"@id":"https:\/\/kiennambarista.com\/#website"},"primaryImageOfPage":{"@id":"https:\/\/kiennambarista.com\/en\/san-pham\/coffee-machine-bfc-monza-imola-maramello-2g-14-pl\/#primaryimage"},"image":{"@id":"https:\/\/kiennambarista.com\/en\/san-pham\/coffee-machine-bfc-monza-imola-maramello-2g-14-pl\/#primaryimage"},"thumbnailUrl":"https:\/\/kiennambarista.com\/wp-content\/uploads\/2023\/07\/zyro-image-21-1.png","datePublished":"2023-07-20T07:45:33+00:00","dateModified":"2023-07-20T07:45:34+00:00","description":"BFC Monza Imola Maramello 2G\/14\/PL coffee machine imported and distributed by Kien Nam barista. The most prestigious warranty and maintenance policy in Vietnam","breadcrumb":{"@id":"https:\/\/kiennambarista.com\/en\/san-pham\/coffee-machine-bfc-monza-imola-maramello-2g-14-pl\/#breadcrumb"},"inLanguage":"en-US","potentialAction":[{"@type":"ReadAction","target":["https:\/\/kiennambarista.com\/en\/san-pham\/coffee-machine-bfc-monza-imola-maramello-2g-14-pl\/"]}]},{"@type":"ImageObject","inLanguage":"en-US","@id":"https:\/\/kiennambarista.com\/en\/san-pham\/coffee-machine-bfc-monza-imola-maramello-2g-14-pl\/#primaryimage","url":"https:\/\/kiennambarista.com\/wp-content\/uploads\/2023\/07\/zyro-image-21-1.png","contentUrl":"https:\/\/kiennambarista.com\/wp-content\/uploads\/2023\/07\/zyro-image-21-1.png","width":1200,"height":900},{"@type":"BreadcrumbList","@id":"https:\/\/kiennambarista.com\/en\/san-pham\/coffee-machine-bfc-monza-imola-maramello-2g-14-pl\/#breadcrumb","itemListElement":[{"@type":"ListItem","position":1,"name":"Trang ch\u1ee7","item":"https:\/\/kiennambarista.com\/en\/"},{"@type":"ListItem","position":2,"name":"Product","item":"https:\/\/kiennambarista.com\/en\/san-pham\/"},{"@type":"ListItem","position":3,"name":"Coffee Machine BFC Monza Imola Maramello 2G\/14\/PL"}]},{"@type":"WebSite","@id":"https:\/\/kiennambarista.com\/#website","url":"https:\/\/kiennambarista.com\/","name":"Ki\u1ebfn Nam BARISTA","description":"Nh\u00e0 ph\u00e2n ph\u1ed1i v\u00e0 cung c\u1ea5p d\u1ecbch v\u1ee5 m\u00e1y pha c\u00e0 ph\u00ea h\u00e0ng \u0111\u1ea7u t\u1ea1i Vi\u1ec7t Nam","publisher":{"@id":"https:\/\/kiennambarista.com\/#organization"},"potentialAction":[{"@type":"SearchAction","target":{"@type":"EntryPoint","urlTemplate":"https:\/\/kiennambarista.com\/?s={search_term_string}"},"query-input":{"@type":"PropertyValueSpecification","valueRequired":true,"valueName":"search_term_string"}}],"inLanguage":"en-US"},{"@type":"Organization","@id":"https:\/\/kiennambarista.com\/#organization","name":"Ki\u1ebfn Nam BARISTA","url":"https:\/\/kiennambarista.com\/","logo":{"@type":"ImageObject","inLanguage":"en-US","@id":"https:\/\/kiennambarista.com\/#\/schema\/logo\/image\/","url":"https:\/\/kiennambarista.com\/wp-content\/uploads\/2023\/01\/logo_kiennam.svg","contentUrl":"https:\/\/kiennambarista.com\/wp-content\/uploads\/2023\/01\/logo_kiennam.svg","width":88,"height":54,"caption":"Ki\u1ebfn Nam BARISTA"},"image":{"@id":"https:\/\/kiennambarista.com\/#\/schema\/logo\/image\/"}}]}},"_links":{"self":[{"href":"https:\/\/kiennambarista.com\/en\/wp-json\/wp\/v2\/product\/3058","targetHints":{"allow":["GET"]}}],"collection":[{"href":"https:\/\/kiennambarista.com\/en\/wp-json\/wp\/v2\/product"}],"about":[{"href":"https:\/\/kiennambarista.com\/en\/wp-json\/wp\/v2\/types\/product"}],"replies":[{"embeddable":true,"href":"https:\/\/kiennambarista.com\/en\/wp-json\/wp\/v2\/comments?post=3058"}],"wp:featuredmedia":[{"embeddable":true,"href":"https:\/\/kiennambarista.com\/en\/wp-json\/wp\/v2\/media\/3000"}],"wp:attachment":[{"href":"https:\/\/kiennambarista.com\/en\/wp-json\/wp\/v2\/media?parent=3058"}],"wp:term":[{"taxonomy":"product_brand","embeddable":true,"href":"https:\/\/kiennambarista.com\/en\/wp-json\/wp\/v2\/product_brand?post=3058"},{"taxonomy":"product_cat","embeddable":true,"href":"https:\/\/kiennambarista.com\/en\/wp-json\/wp\/v2\/product_cat?post=3058"},{"taxonomy":"product_tag","embeddable":true,"href":"https:\/\/kiennambarista.com\/en\/wp-json\/wp\/v2\/product_tag?post=3058"}],"curies":[{"name":"wp","href":"https:\/\/api.w.org\/{rel}","templated":true}]}}