{"id":2644,"date":"2023-01-17T16:46:24","date_gmt":"2023-01-17T09:46:24","guid":{"rendered":"https:\/\/kiennambarista.com\/san-pham\/may-pha-ca-phe-la-marzocco-leva-x-2-gr\/"},"modified":"2023-07-05T14:00:14","modified_gmt":"2023-07-05T07:00:14","slug":"may-pha-ca-phe-la-marzocco-leva-x-2-gr","status":"publish","type":"product","link":"https:\/\/kiennambarista.com\/en\/san-pham\/may-pha-ca-phe-la-marzocco-leva-x-2-gr\/","title":{"rendered":"La Marzocco Leva X coffee machine 2GR"},"content":{"rendered":"<p>&#8211; Filter membrane: Stainless steel filter mesh<br \/>\n&#8211; Indicator light: Yes<br \/>\n&#8211; Removable filter: No<br \/>\n&#8211; Water level indicator: No<br \/>\n&#8211; Removable tank: No<br \/>\n&#8211; Other function<br \/>\n\u2022 Anti-drip<br \/>\n\u2022 Quick reheat<br \/>\n\u2022 Sediment filter<\/p>\n","protected":false},"excerpt":{"rendered":"<ul>\n<li>Producer: La Marzocco<\/li>\n<li>Origin: Italy<\/li>\n<li>1 year warranty<\/li>\n<li>Color: black<\/li>\n<\/ul>\n","protected":false},"featured_media":2016,"comment_status":"open","ping_status":"closed","template":"","meta":{"inline_featured_image":false},"product_brand":[],"product_cat":[174,196],"product_tag":[],"class_list":{"0":"post-2644","1":"product","2":"type-product","3":"status-publish","4":"has-post-thumbnail","6":"product_cat-may-pha-ca-phe-chuyen-nghiep-en","7":"product_cat-may-pha-ca-phe-la-marzocco-en","8":"category_filter_product-thuong-hieu-en","9":"category_filter_product-cong-suat-en","10":"category_filter_product-gia-tien-en","11":"category_filter_product-5000-7000-w-en","12":"category_filter_product-over-500-million","13":"category_filter_product-may-pha-ca-phe-lamarzocco-en","15":"first","16":"instock","17":"featured","18":"shipping-taxable","19":"purchasable","20":"product-type-simple"},"acf":[],"yoast_head":"<!-- This site is optimized with the Yoast SEO plugin v24.9 - https:\/\/yoast.com\/wordpress\/plugins\/seo\/ -->\n<title>La Marzocco Leva X coffee machine 2GR - KI\u1ebeN NAM BARISTA<\/title>\n<meta name=\"robots\" content=\"index, follow, max-snippet:-1, max-image-preview:large, max-video-preview:-1\" \/>\n<link rel=\"canonical\" href=\"https:\/\/kiennambarista.com\/en\/san-pham\/may-pha-ca-phe-la-marzocco-leva-x-2-gr\/\" \/>\n<meta property=\"og:locale\" content=\"en_US\" \/>\n<meta property=\"og:type\" content=\"article\" \/>\n<meta property=\"og:title\" content=\"La Marzocco Leva X coffee machine 2GR - KI\u1ebeN NAM BARISTA\" \/>\n<meta property=\"og:description\" content=\"Producer: La Marzocco  Origin: Italy  1 year warranty  Color: black\" \/>\n<meta property=\"og:url\" content=\"https:\/\/kiennambarista.com\/en\/san-pham\/may-pha-ca-phe-la-marzocco-leva-x-2-gr\/\" \/>\n<meta property=\"og:site_name\" content=\"KI\u1ebeN NAM BARISTA\" \/>\n<meta property=\"article:modified_time\" content=\"2023-07-05T07:00:14+00:00\" \/>\n<meta property=\"og:image\" content=\"https:\/\/kiennambarista.com\/wp-content\/uploads\/2023\/01\/May-pha-ca-phe-La-Marzocco-Leva-X-2GR.jpg\" \/>\n\t<meta property=\"og:image:width\" content=\"1200\" \/>\n\t<meta property=\"og:image:height\" content=\"992\" \/>\n\t<meta property=\"og:image:type\" content=\"image\/jpeg\" \/>\n<meta name=\"twitter:card\" content=\"summary_large_image\" \/>\n<script type=\"application\/ld+json\" class=\"yoast-schema-graph\">{\"@context\":\"https:\/\/schema.org\",\"@graph\":[{\"@type\":\"WebPage\",\"@id\":\"https:\/\/kiennambarista.com\/en\/san-pham\/may-pha-ca-phe-la-marzocco-leva-x-2-gr\/\",\"url\":\"https:\/\/kiennambarista.com\/en\/san-pham\/may-pha-ca-phe-la-marzocco-leva-x-2-gr\/\",\"name\":\"La Marzocco Leva X coffee machine 2GR - KI\u1ebeN NAM BARISTA\",\"isPartOf\":{\"@id\":\"https:\/\/kiennambarista.com\/#website\"},\"primaryImageOfPage\":{\"@id\":\"https:\/\/kiennambarista.com\/en\/san-pham\/may-pha-ca-phe-la-marzocco-leva-x-2-gr\/#primaryimage\"},\"image\":{\"@id\":\"https:\/\/kiennambarista.com\/en\/san-pham\/may-pha-ca-phe-la-marzocco-leva-x-2-gr\/#primaryimage\"},\"thumbnailUrl\":\"https:\/\/kiennambarista.com\/wp-content\/uploads\/2023\/01\/May-pha-ca-phe-La-Marzocco-Leva-X-2GR.jpg\",\"datePublished\":\"2023-01-17T09:46:24+00:00\",\"dateModified\":\"2023-07-05T07:00:14+00:00\",\"breadcrumb\":{\"@id\":\"https:\/\/kiennambarista.com\/en\/san-pham\/may-pha-ca-phe-la-marzocco-leva-x-2-gr\/#breadcrumb\"},\"inLanguage\":\"en-US\",\"potentialAction\":[{\"@type\":\"ReadAction\",\"target\":[\"https:\/\/kiennambarista.com\/en\/san-pham\/may-pha-ca-phe-la-marzocco-leva-x-2-gr\/\"]}]},{\"@type\":\"ImageObject\",\"inLanguage\":\"en-US\",\"@id\":\"https:\/\/kiennambarista.com\/en\/san-pham\/may-pha-ca-phe-la-marzocco-leva-x-2-gr\/#primaryimage\",\"url\":\"https:\/\/kiennambarista.com\/wp-content\/uploads\/2023\/01\/May-pha-ca-phe-La-Marzocco-Leva-X-2GR.jpg\",\"contentUrl\":\"https:\/\/kiennambarista.com\/wp-content\/uploads\/2023\/01\/May-pha-ca-phe-La-Marzocco-Leva-X-2GR.jpg\",\"width\":1200,\"height\":992,\"caption\":\"- C\u00f4ng ngh\u1ec7 ti\u00ean ti\u1ebfn k\u1ebft h\u1ee3p v\u1edbi c\u00e1c \u00fd th\u1ee9c v\u00e0 kinh nghi\u1ec7m h\u00e0ng 90 n\u0103m qua. Leva v\u1edbi thi\u1ebft k\u1ebf b\u1eaft m\u1eaft v\u1edbi m\u00f4 h\u00ecnh m\u00e1y \u0111\u00f2n b\u1ea9y v\u1edbi nhi\u1ec1u y\u1ebfu t\u1ed1 ti\u1ec7n l\u1ee3i h\u01a1n. - Leva l\u00e0 m\u1ed9t m\u00f4 h\u00ecnh m\u00e1y caf\u00e9 ti\u00ean ti\u1ebfn nh\u1eb1m k\u00edch th\u00edch s\u1ef1 \u0111am m\u00ea, th\u1eed nghi\u1ec7m c\u1ee7a c\u00e1c barista chuy\u00ean nghi\u1ec7p, c\u0169ng nh\u01b0 1 \u0111\u1ec1 t\u00e0i h\u00e0o h\u1ee9ng khi c\u00e1c Barista v\u1eeba l\u00e0m vi\u1ec7c, v\u1eeba c\u00f3 th\u1ec3 tr\u00f2 chuy\u1ec7n v\u1edbi kh\u00e1ch h\u00e0ng nh\u1eb1m gi\u00fap t\u1ea1o ra 1 t\u00e1ch c\u00e0 ph\u00ea t\u1ed1t nh\u1ea5t l\u00e0m h\u00e0i l\u00f2ng kh\u00e1ch h\u00e0ng h\u01a1n.\"},{\"@type\":\"BreadcrumbList\",\"@id\":\"https:\/\/kiennambarista.com\/en\/san-pham\/may-pha-ca-phe-la-marzocco-leva-x-2-gr\/#breadcrumb\",\"itemListElement\":[{\"@type\":\"ListItem\",\"position\":1,\"name\":\"Trang ch\u1ee7\",\"item\":\"https:\/\/kiennambarista.com\/en\/\"},{\"@type\":\"ListItem\",\"position\":2,\"name\":\"Product\",\"item\":\"https:\/\/kiennambarista.com\/en\/san-pham\/\"},{\"@type\":\"ListItem\",\"position\":3,\"name\":\"La Marzocco Leva X coffee machine 2GR\"}]},{\"@type\":\"WebSite\",\"@id\":\"https:\/\/kiennambarista.com\/#website\",\"url\":\"https:\/\/kiennambarista.com\/\",\"name\":\"Ki\u1ebfn Nam BARISTA\",\"description\":\"Nh\u00e0 ph\u00e2n ph\u1ed1i v\u00e0 cung c\u1ea5p d\u1ecbch v\u1ee5 m\u00e1y pha c\u00e0 ph\u00ea h\u00e0ng \u0111\u1ea7u t\u1ea1i Vi\u1ec7t Nam\",\"publisher\":{\"@id\":\"https:\/\/kiennambarista.com\/#organization\"},\"potentialAction\":[{\"@type\":\"SearchAction\",\"target\":{\"@type\":\"EntryPoint\",\"urlTemplate\":\"https:\/\/kiennambarista.com\/?s={search_term_string}\"},\"query-input\":{\"@type\":\"PropertyValueSpecification\",\"valueRequired\":true,\"valueName\":\"search_term_string\"}}],\"inLanguage\":\"en-US\"},{\"@type\":\"Organization\",\"@id\":\"https:\/\/kiennambarista.com\/#organization\",\"name\":\"Ki\u1ebfn Nam BARISTA\",\"url\":\"https:\/\/kiennambarista.com\/\",\"logo\":{\"@type\":\"ImageObject\",\"inLanguage\":\"en-US\",\"@id\":\"https:\/\/kiennambarista.com\/#\/schema\/logo\/image\/\",\"url\":\"https:\/\/kiennambarista.com\/wp-content\/uploads\/2023\/01\/logo_kiennam.svg\",\"contentUrl\":\"https:\/\/kiennambarista.com\/wp-content\/uploads\/2023\/01\/logo_kiennam.svg\",\"width\":88,\"height\":54,\"caption\":\"Ki\u1ebfn Nam BARISTA\"},\"image\":{\"@id\":\"https:\/\/kiennambarista.com\/#\/schema\/logo\/image\/\"}}]}<\/script>\n<!-- \/ Yoast SEO plugin. -->","yoast_head_json":{"title":"La Marzocco Leva X coffee machine 2GR - KI\u1ebeN NAM BARISTA","robots":{"index":"index","follow":"follow","max-snippet":"max-snippet:-1","max-image-preview":"max-image-preview:large","max-video-preview":"max-video-preview:-1"},"canonical":"https:\/\/kiennambarista.com\/en\/san-pham\/may-pha-ca-phe-la-marzocco-leva-x-2-gr\/","og_locale":"en_US","og_type":"article","og_title":"La Marzocco Leva X coffee machine 2GR - KI\u1ebeN NAM BARISTA","og_description":"Producer: La Marzocco  Origin: Italy  1 year warranty  Color: black","og_url":"https:\/\/kiennambarista.com\/en\/san-pham\/may-pha-ca-phe-la-marzocco-leva-x-2-gr\/","og_site_name":"KI\u1ebeN NAM BARISTA","article_modified_time":"2023-07-05T07:00:14+00:00","og_image":[{"width":1200,"height":992,"url":"https:\/\/kiennambarista.com\/wp-content\/uploads\/2023\/01\/May-pha-ca-phe-La-Marzocco-Leva-X-2GR.jpg","type":"image\/jpeg"}],"twitter_card":"summary_large_image","schema":{"@context":"https:\/\/schema.org","@graph":[{"@type":"WebPage","@id":"https:\/\/kiennambarista.com\/en\/san-pham\/may-pha-ca-phe-la-marzocco-leva-x-2-gr\/","url":"https:\/\/kiennambarista.com\/en\/san-pham\/may-pha-ca-phe-la-marzocco-leva-x-2-gr\/","name":"La Marzocco Leva X coffee machine 2GR - KI\u1ebeN NAM BARISTA","isPartOf":{"@id":"https:\/\/kiennambarista.com\/#website"},"primaryImageOfPage":{"@id":"https:\/\/kiennambarista.com\/en\/san-pham\/may-pha-ca-phe-la-marzocco-leva-x-2-gr\/#primaryimage"},"image":{"@id":"https:\/\/kiennambarista.com\/en\/san-pham\/may-pha-ca-phe-la-marzocco-leva-x-2-gr\/#primaryimage"},"thumbnailUrl":"https:\/\/kiennambarista.com\/wp-content\/uploads\/2023\/01\/May-pha-ca-phe-La-Marzocco-Leva-X-2GR.jpg","datePublished":"2023-01-17T09:46:24+00:00","dateModified":"2023-07-05T07:00:14+00:00","breadcrumb":{"@id":"https:\/\/kiennambarista.com\/en\/san-pham\/may-pha-ca-phe-la-marzocco-leva-x-2-gr\/#breadcrumb"},"inLanguage":"en-US","potentialAction":[{"@type":"ReadAction","target":["https:\/\/kiennambarista.com\/en\/san-pham\/may-pha-ca-phe-la-marzocco-leva-x-2-gr\/"]}]},{"@type":"ImageObject","inLanguage":"en-US","@id":"https:\/\/kiennambarista.com\/en\/san-pham\/may-pha-ca-phe-la-marzocco-leva-x-2-gr\/#primaryimage","url":"https:\/\/kiennambarista.com\/wp-content\/uploads\/2023\/01\/May-pha-ca-phe-La-Marzocco-Leva-X-2GR.jpg","contentUrl":"https:\/\/kiennambarista.com\/wp-content\/uploads\/2023\/01\/May-pha-ca-phe-La-Marzocco-Leva-X-2GR.jpg","width":1200,"height":992,"caption":"- C\u00f4ng ngh\u1ec7 ti\u00ean ti\u1ebfn k\u1ebft h\u1ee3p v\u1edbi c\u00e1c \u00fd th\u1ee9c v\u00e0 kinh nghi\u1ec7m h\u00e0ng 90 n\u0103m qua. Leva v\u1edbi thi\u1ebft k\u1ebf b\u1eaft m\u1eaft v\u1edbi m\u00f4 h\u00ecnh m\u00e1y \u0111\u00f2n b\u1ea9y v\u1edbi nhi\u1ec1u y\u1ebfu t\u1ed1 ti\u1ec7n l\u1ee3i h\u01a1n. - Leva l\u00e0 m\u1ed9t m\u00f4 h\u00ecnh m\u00e1y caf\u00e9 ti\u00ean ti\u1ebfn nh\u1eb1m k\u00edch th\u00edch s\u1ef1 \u0111am m\u00ea, th\u1eed nghi\u1ec7m c\u1ee7a c\u00e1c barista chuy\u00ean nghi\u1ec7p, c\u0169ng nh\u01b0 1 \u0111\u1ec1 t\u00e0i h\u00e0o h\u1ee9ng khi c\u00e1c Barista v\u1eeba l\u00e0m vi\u1ec7c, v\u1eeba c\u00f3 th\u1ec3 tr\u00f2 chuy\u1ec7n v\u1edbi kh\u00e1ch h\u00e0ng nh\u1eb1m gi\u00fap t\u1ea1o ra 1 t\u00e1ch c\u00e0 ph\u00ea t\u1ed1t nh\u1ea5t l\u00e0m h\u00e0i l\u00f2ng kh\u00e1ch h\u00e0ng h\u01a1n."},{"@type":"BreadcrumbList","@id":"https:\/\/kiennambarista.com\/en\/san-pham\/may-pha-ca-phe-la-marzocco-leva-x-2-gr\/#breadcrumb","itemListElement":[{"@type":"ListItem","position":1,"name":"Trang ch\u1ee7","item":"https:\/\/kiennambarista.com\/en\/"},{"@type":"ListItem","position":2,"name":"Product","item":"https:\/\/kiennambarista.com\/en\/san-pham\/"},{"@type":"ListItem","position":3,"name":"La Marzocco Leva X coffee machine 2GR"}]},{"@type":"WebSite","@id":"https:\/\/kiennambarista.com\/#website","url":"https:\/\/kiennambarista.com\/","name":"Ki\u1ebfn Nam BARISTA","description":"Nh\u00e0 ph\u00e2n ph\u1ed1i v\u00e0 cung c\u1ea5p d\u1ecbch v\u1ee5 m\u00e1y pha c\u00e0 ph\u00ea h\u00e0ng \u0111\u1ea7u t\u1ea1i Vi\u1ec7t Nam","publisher":{"@id":"https:\/\/kiennambarista.com\/#organization"},"potentialAction":[{"@type":"SearchAction","target":{"@type":"EntryPoint","urlTemplate":"https:\/\/kiennambarista.com\/?s={search_term_string}"},"query-input":{"@type":"PropertyValueSpecification","valueRequired":true,"valueName":"search_term_string"}}],"inLanguage":"en-US"},{"@type":"Organization","@id":"https:\/\/kiennambarista.com\/#organization","name":"Ki\u1ebfn Nam BARISTA","url":"https:\/\/kiennambarista.com\/","logo":{"@type":"ImageObject","inLanguage":"en-US","@id":"https:\/\/kiennambarista.com\/#\/schema\/logo\/image\/","url":"https:\/\/kiennambarista.com\/wp-content\/uploads\/2023\/01\/logo_kiennam.svg","contentUrl":"https:\/\/kiennambarista.com\/wp-content\/uploads\/2023\/01\/logo_kiennam.svg","width":88,"height":54,"caption":"Ki\u1ebfn Nam BARISTA"},"image":{"@id":"https:\/\/kiennambarista.com\/#\/schema\/logo\/image\/"}}]}},"_links":{"self":[{"href":"https:\/\/kiennambarista.com\/en\/wp-json\/wp\/v2\/product\/2644","targetHints":{"allow":["GET"]}}],"collection":[{"href":"https:\/\/kiennambarista.com\/en\/wp-json\/wp\/v2\/product"}],"about":[{"href":"https:\/\/kiennambarista.com\/en\/wp-json\/wp\/v2\/types\/product"}],"replies":[{"embeddable":true,"href":"https:\/\/kiennambarista.com\/en\/wp-json\/wp\/v2\/comments?post=2644"}],"wp:featuredmedia":[{"embeddable":true,"href":"https:\/\/kiennambarista.com\/en\/wp-json\/wp\/v2\/media\/2016"}],"wp:attachment":[{"href":"https:\/\/kiennambarista.com\/en\/wp-json\/wp\/v2\/media?parent=2644"}],"wp:term":[{"taxonomy":"product_brand","embeddable":true,"href":"https:\/\/kiennambarista.com\/en\/wp-json\/wp\/v2\/product_brand?post=2644"},{"taxonomy":"product_cat","embeddable":true,"href":"https:\/\/kiennambarista.com\/en\/wp-json\/wp\/v2\/product_cat?post=2644"},{"taxonomy":"product_tag","embeddable":true,"href":"https:\/\/kiennambarista.com\/en\/wp-json\/wp\/v2\/product_tag?post=2644"}],"curies":[{"name":"wp","href":"https:\/\/api.w.org\/{rel}","templated":true}]}}