{"id":2643,"date":"2023-01-19T01:55:09","date_gmt":"2023-01-18T18:55:09","guid":{"rendered":"https:\/\/kiennambarista.com\/san-pham\/may-pha-ca-phe-la-marzocco-leva-s-2gr\/"},"modified":"2023-07-05T13:55:57","modified_gmt":"2023-07-05T06:55:57","slug":"may-pha-ca-phe-la-marzocco-leva-s-2gr","status":"publish","type":"product","link":"https:\/\/kiennambarista.com\/en\/san-pham\/may-pha-ca-phe-la-marzocco-leva-s-2gr\/","title":{"rendered":"Coffee machine La Marzocco Leva S 2GR"},"content":{"rendered":"<h1 style=\"text-align: center;\">Coffee machine La Marzocco Leva S 2GR<\/h1>\n<p>&#8211; Filter membrane: Stainless steel filter mesh<br \/>\n&#8211; Indicator light: Yes<br \/>\n&#8211; Removable filter: No<br \/>\n&#8211; Water level indicator: No<br \/>\n&#8211; Removable tank: No<br \/>\n&#8211; Other function<br \/>\n\u2022 Anti-drip<br \/>\n\u2022 Quick reheat<br \/>\n\u2022 Sediment filter<\/p>\n","protected":false},"excerpt":{"rendered":"<ul>\n<li>Producer: La Marzocco<\/li>\n<li>Origin: Italy<\/li>\n<li>1 year warranty<\/li>\n<li>Color: Black<\/li>\n<\/ul>\n","protected":false},"featured_media":2015,"comment_status":"open","ping_status":"closed","template":"","meta":{"inline_featured_image":false},"product_brand":[],"product_cat":[174,196],"product_tag":[],"class_list":{"0":"post-2643","1":"product","2":"type-product","3":"status-publish","4":"has-post-thumbnail","6":"product_cat-may-pha-ca-phe-chuyen-nghiep-en","7":"product_cat-may-pha-ca-phe-la-marzocco-en","8":"category_filter_product-thuong-hieu-en","9":"category_filter_product-cong-suat-en","10":"category_filter_product-gia-tien-en","11":"category_filter_product-5000-7000-w-en","12":"category_filter_product-250-trieu-500-trieu-en","13":"category_filter_product-may-pha-ca-phe-lamarzocco-en","15":"first","16":"instock","17":"featured","18":"shipping-taxable","19":"purchasable","20":"product-type-simple"},"acf":[],"yoast_head":"<!-- This site is optimized with the Yoast SEO plugin v24.9 - https:\/\/yoast.com\/wordpress\/plugins\/seo\/ -->\n<title>Coffee machine La Marzocco Leva S 2GR - KI\u1ebeN NAM BARISTA<\/title>\n<meta name=\"description\" content=\"La Marzocco Leva S 2GR coffee machine genuine distribution by Kien Nam Barista with professional warranty policy, leading prestige in Vietnam\" \/>\n<meta name=\"robots\" content=\"index, follow, max-snippet:-1, max-image-preview:large, max-video-preview:-1\" \/>\n<link rel=\"canonical\" href=\"https:\/\/kiennambarista.com\/en\/san-pham\/may-pha-ca-phe-la-marzocco-leva-s-2gr\/\" \/>\n<meta property=\"og:locale\" content=\"en_US\" \/>\n<meta property=\"og:type\" content=\"article\" \/>\n<meta property=\"og:title\" content=\"Coffee machine La Marzocco Leva S 2GR - KI\u1ebeN NAM BARISTA\" \/>\n<meta property=\"og:description\" content=\"La Marzocco Leva S 2GR coffee machine genuine distribution by Kien Nam Barista with professional warranty policy, leading prestige in Vietnam\" \/>\n<meta property=\"og:url\" content=\"https:\/\/kiennambarista.com\/en\/san-pham\/may-pha-ca-phe-la-marzocco-leva-s-2gr\/\" \/>\n<meta property=\"og:site_name\" content=\"KI\u1ebeN NAM BARISTA\" \/>\n<meta property=\"article:modified_time\" content=\"2023-07-05T06:55:57+00:00\" \/>\n<meta property=\"og:image\" content=\"https:\/\/kiennambarista.com\/wp-content\/uploads\/2023\/01\/May-pha-ca-phe-La-Marzocco-Leva-S-2GR.jpg\" \/>\n\t<meta property=\"og:image:width\" content=\"1200\" \/>\n\t<meta property=\"og:image:height\" content=\"992\" \/>\n\t<meta property=\"og:image:type\" content=\"image\/jpeg\" \/>\n<meta name=\"twitter:card\" content=\"summary_large_image\" \/>\n<meta name=\"twitter:label1\" content=\"Est. reading time\" \/>\n\t<meta name=\"twitter:data1\" content=\"1 minute\" \/>\n<script type=\"application\/ld+json\" class=\"yoast-schema-graph\">{\"@context\":\"https:\/\/schema.org\",\"@graph\":[{\"@type\":\"WebPage\",\"@id\":\"https:\/\/kiennambarista.com\/en\/san-pham\/may-pha-ca-phe-la-marzocco-leva-s-2gr\/\",\"url\":\"https:\/\/kiennambarista.com\/en\/san-pham\/may-pha-ca-phe-la-marzocco-leva-s-2gr\/\",\"name\":\"Coffee machine La Marzocco Leva S 2GR - KI\u1ebeN NAM BARISTA\",\"isPartOf\":{\"@id\":\"https:\/\/kiennambarista.com\/#website\"},\"primaryImageOfPage\":{\"@id\":\"https:\/\/kiennambarista.com\/en\/san-pham\/may-pha-ca-phe-la-marzocco-leva-s-2gr\/#primaryimage\"},\"image\":{\"@id\":\"https:\/\/kiennambarista.com\/en\/san-pham\/may-pha-ca-phe-la-marzocco-leva-s-2gr\/#primaryimage\"},\"thumbnailUrl\":\"https:\/\/kiennambarista.com\/wp-content\/uploads\/2023\/01\/May-pha-ca-phe-La-Marzocco-Leva-S-2GR.jpg\",\"datePublished\":\"2023-01-18T18:55:09+00:00\",\"dateModified\":\"2023-07-05T06:55:57+00:00\",\"description\":\"La Marzocco Leva S 2GR coffee machine genuine distribution by Kien Nam Barista with professional warranty policy, leading prestige in Vietnam\",\"breadcrumb\":{\"@id\":\"https:\/\/kiennambarista.com\/en\/san-pham\/may-pha-ca-phe-la-marzocco-leva-s-2gr\/#breadcrumb\"},\"inLanguage\":\"en-US\",\"potentialAction\":[{\"@type\":\"ReadAction\",\"target\":[\"https:\/\/kiennambarista.com\/en\/san-pham\/may-pha-ca-phe-la-marzocco-leva-s-2gr\/\"]}]},{\"@type\":\"ImageObject\",\"inLanguage\":\"en-US\",\"@id\":\"https:\/\/kiennambarista.com\/en\/san-pham\/may-pha-ca-phe-la-marzocco-leva-s-2gr\/#primaryimage\",\"url\":\"https:\/\/kiennambarista.com\/wp-content\/uploads\/2023\/01\/May-pha-ca-phe-La-Marzocco-Leva-S-2GR.jpg\",\"contentUrl\":\"https:\/\/kiennambarista.com\/wp-content\/uploads\/2023\/01\/May-pha-ca-phe-La-Marzocco-Leva-S-2GR.jpg\",\"width\":1200,\"height\":992,\"caption\":\"D\u00e0nh ri\u00eang cho c\u00e1c b\u1ea1n Barista chuy\u00ean nghi\u1ec7p th\u00edch \u0111\u01b0\u1ee3c ki\u1ec3m nghi\u1ec7m v\u00e0 t\u1ef1 ch\u1ee7 \u0111\u1ed9ng h\u01a1n trong qu\u00e1 tr\u00ecnh pha. Leva l\u00e0 m\u1ed9t d\u00f2ng m\u00e1y pha c\u00e0 ph\u00ea \u0111\u00f2n b\u1ea9y v\u00e0 n\u00f3 \u0111\u00e3 d\u1ea7n ph\u1ed5 bi\u1ebfn trong c\u00e1c qu\u00e1n c\u00e0 ph\u00ea chuy\u00ean nghi\u1ec7p.\"},{\"@type\":\"BreadcrumbList\",\"@id\":\"https:\/\/kiennambarista.com\/en\/san-pham\/may-pha-ca-phe-la-marzocco-leva-s-2gr\/#breadcrumb\",\"itemListElement\":[{\"@type\":\"ListItem\",\"position\":1,\"name\":\"Trang ch\u1ee7\",\"item\":\"https:\/\/kiennambarista.com\/en\/\"},{\"@type\":\"ListItem\",\"position\":2,\"name\":\"Product\",\"item\":\"https:\/\/kiennambarista.com\/en\/san-pham\/\"},{\"@type\":\"ListItem\",\"position\":3,\"name\":\"Coffee machine La Marzocco Leva S 2GR\"}]},{\"@type\":\"WebSite\",\"@id\":\"https:\/\/kiennambarista.com\/#website\",\"url\":\"https:\/\/kiennambarista.com\/\",\"name\":\"Ki\u1ebfn Nam BARISTA\",\"description\":\"Nh\u00e0 ph\u00e2n ph\u1ed1i v\u00e0 cung c\u1ea5p d\u1ecbch v\u1ee5 m\u00e1y pha c\u00e0 ph\u00ea h\u00e0ng \u0111\u1ea7u t\u1ea1i Vi\u1ec7t Nam\",\"publisher\":{\"@id\":\"https:\/\/kiennambarista.com\/#organization\"},\"potentialAction\":[{\"@type\":\"SearchAction\",\"target\":{\"@type\":\"EntryPoint\",\"urlTemplate\":\"https:\/\/kiennambarista.com\/?s={search_term_string}\"},\"query-input\":{\"@type\":\"PropertyValueSpecification\",\"valueRequired\":true,\"valueName\":\"search_term_string\"}}],\"inLanguage\":\"en-US\"},{\"@type\":\"Organization\",\"@id\":\"https:\/\/kiennambarista.com\/#organization\",\"name\":\"Ki\u1ebfn Nam BARISTA\",\"url\":\"https:\/\/kiennambarista.com\/\",\"logo\":{\"@type\":\"ImageObject\",\"inLanguage\":\"en-US\",\"@id\":\"https:\/\/kiennambarista.com\/#\/schema\/logo\/image\/\",\"url\":\"https:\/\/kiennambarista.com\/wp-content\/uploads\/2023\/01\/logo_kiennam.svg\",\"contentUrl\":\"https:\/\/kiennambarista.com\/wp-content\/uploads\/2023\/01\/logo_kiennam.svg\",\"width\":88,\"height\":54,\"caption\":\"Ki\u1ebfn Nam BARISTA\"},\"image\":{\"@id\":\"https:\/\/kiennambarista.com\/#\/schema\/logo\/image\/\"}}]}<\/script>\n<!-- \/ Yoast SEO plugin. -->","yoast_head_json":{"title":"Coffee machine La Marzocco Leva S 2GR - KI\u1ebeN NAM BARISTA","description":"La Marzocco Leva S 2GR coffee machine genuine distribution by Kien Nam Barista with professional warranty policy, leading prestige in Vietnam","robots":{"index":"index","follow":"follow","max-snippet":"max-snippet:-1","max-image-preview":"max-image-preview:large","max-video-preview":"max-video-preview:-1"},"canonical":"https:\/\/kiennambarista.com\/en\/san-pham\/may-pha-ca-phe-la-marzocco-leva-s-2gr\/","og_locale":"en_US","og_type":"article","og_title":"Coffee machine La Marzocco Leva S 2GR - KI\u1ebeN NAM BARISTA","og_description":"La Marzocco Leva S 2GR coffee machine genuine distribution by Kien Nam Barista with professional warranty policy, leading prestige in Vietnam","og_url":"https:\/\/kiennambarista.com\/en\/san-pham\/may-pha-ca-phe-la-marzocco-leva-s-2gr\/","og_site_name":"KI\u1ebeN NAM BARISTA","article_modified_time":"2023-07-05T06:55:57+00:00","og_image":[{"width":1200,"height":992,"url":"https:\/\/kiennambarista.com\/wp-content\/uploads\/2023\/01\/May-pha-ca-phe-La-Marzocco-Leva-S-2GR.jpg","type":"image\/jpeg"}],"twitter_card":"summary_large_image","twitter_misc":{"Est. reading time":"1 minute"},"schema":{"@context":"https:\/\/schema.org","@graph":[{"@type":"WebPage","@id":"https:\/\/kiennambarista.com\/en\/san-pham\/may-pha-ca-phe-la-marzocco-leva-s-2gr\/","url":"https:\/\/kiennambarista.com\/en\/san-pham\/may-pha-ca-phe-la-marzocco-leva-s-2gr\/","name":"Coffee machine La Marzocco Leva S 2GR - KI\u1ebeN NAM BARISTA","isPartOf":{"@id":"https:\/\/kiennambarista.com\/#website"},"primaryImageOfPage":{"@id":"https:\/\/kiennambarista.com\/en\/san-pham\/may-pha-ca-phe-la-marzocco-leva-s-2gr\/#primaryimage"},"image":{"@id":"https:\/\/kiennambarista.com\/en\/san-pham\/may-pha-ca-phe-la-marzocco-leva-s-2gr\/#primaryimage"},"thumbnailUrl":"https:\/\/kiennambarista.com\/wp-content\/uploads\/2023\/01\/May-pha-ca-phe-La-Marzocco-Leva-S-2GR.jpg","datePublished":"2023-01-18T18:55:09+00:00","dateModified":"2023-07-05T06:55:57+00:00","description":"La Marzocco Leva S 2GR coffee machine genuine distribution by Kien Nam Barista with professional warranty policy, leading prestige in Vietnam","breadcrumb":{"@id":"https:\/\/kiennambarista.com\/en\/san-pham\/may-pha-ca-phe-la-marzocco-leva-s-2gr\/#breadcrumb"},"inLanguage":"en-US","potentialAction":[{"@type":"ReadAction","target":["https:\/\/kiennambarista.com\/en\/san-pham\/may-pha-ca-phe-la-marzocco-leva-s-2gr\/"]}]},{"@type":"ImageObject","inLanguage":"en-US","@id":"https:\/\/kiennambarista.com\/en\/san-pham\/may-pha-ca-phe-la-marzocco-leva-s-2gr\/#primaryimage","url":"https:\/\/kiennambarista.com\/wp-content\/uploads\/2023\/01\/May-pha-ca-phe-La-Marzocco-Leva-S-2GR.jpg","contentUrl":"https:\/\/kiennambarista.com\/wp-content\/uploads\/2023\/01\/May-pha-ca-phe-La-Marzocco-Leva-S-2GR.jpg","width":1200,"height":992,"caption":"D\u00e0nh ri\u00eang cho c\u00e1c b\u1ea1n Barista chuy\u00ean nghi\u1ec7p th\u00edch \u0111\u01b0\u1ee3c ki\u1ec3m nghi\u1ec7m v\u00e0 t\u1ef1 ch\u1ee7 \u0111\u1ed9ng h\u01a1n trong qu\u00e1 tr\u00ecnh pha. Leva l\u00e0 m\u1ed9t d\u00f2ng m\u00e1y pha c\u00e0 ph\u00ea \u0111\u00f2n b\u1ea9y v\u00e0 n\u00f3 \u0111\u00e3 d\u1ea7n ph\u1ed5 bi\u1ebfn trong c\u00e1c qu\u00e1n c\u00e0 ph\u00ea chuy\u00ean nghi\u1ec7p."},{"@type":"BreadcrumbList","@id":"https:\/\/kiennambarista.com\/en\/san-pham\/may-pha-ca-phe-la-marzocco-leva-s-2gr\/#breadcrumb","itemListElement":[{"@type":"ListItem","position":1,"name":"Trang ch\u1ee7","item":"https:\/\/kiennambarista.com\/en\/"},{"@type":"ListItem","position":2,"name":"Product","item":"https:\/\/kiennambarista.com\/en\/san-pham\/"},{"@type":"ListItem","position":3,"name":"Coffee machine La Marzocco Leva S 2GR"}]},{"@type":"WebSite","@id":"https:\/\/kiennambarista.com\/#website","url":"https:\/\/kiennambarista.com\/","name":"Ki\u1ebfn Nam BARISTA","description":"Nh\u00e0 ph\u00e2n ph\u1ed1i v\u00e0 cung c\u1ea5p d\u1ecbch v\u1ee5 m\u00e1y pha c\u00e0 ph\u00ea h\u00e0ng \u0111\u1ea7u t\u1ea1i Vi\u1ec7t Nam","publisher":{"@id":"https:\/\/kiennambarista.com\/#organization"},"potentialAction":[{"@type":"SearchAction","target":{"@type":"EntryPoint","urlTemplate":"https:\/\/kiennambarista.com\/?s={search_term_string}"},"query-input":{"@type":"PropertyValueSpecification","valueRequired":true,"valueName":"search_term_string"}}],"inLanguage":"en-US"},{"@type":"Organization","@id":"https:\/\/kiennambarista.com\/#organization","name":"Ki\u1ebfn Nam BARISTA","url":"https:\/\/kiennambarista.com\/","logo":{"@type":"ImageObject","inLanguage":"en-US","@id":"https:\/\/kiennambarista.com\/#\/schema\/logo\/image\/","url":"https:\/\/kiennambarista.com\/wp-content\/uploads\/2023\/01\/logo_kiennam.svg","contentUrl":"https:\/\/kiennambarista.com\/wp-content\/uploads\/2023\/01\/logo_kiennam.svg","width":88,"height":54,"caption":"Ki\u1ebfn Nam BARISTA"},"image":{"@id":"https:\/\/kiennambarista.com\/#\/schema\/logo\/image\/"}}]}},"_links":{"self":[{"href":"https:\/\/kiennambarista.com\/en\/wp-json\/wp\/v2\/product\/2643","targetHints":{"allow":["GET"]}}],"collection":[{"href":"https:\/\/kiennambarista.com\/en\/wp-json\/wp\/v2\/product"}],"about":[{"href":"https:\/\/kiennambarista.com\/en\/wp-json\/wp\/v2\/types\/product"}],"replies":[{"embeddable":true,"href":"https:\/\/kiennambarista.com\/en\/wp-json\/wp\/v2\/comments?post=2643"}],"wp:featuredmedia":[{"embeddable":true,"href":"https:\/\/kiennambarista.com\/en\/wp-json\/wp\/v2\/media\/2015"}],"wp:attachment":[{"href":"https:\/\/kiennambarista.com\/en\/wp-json\/wp\/v2\/media?parent=2643"}],"wp:term":[{"taxonomy":"product_brand","embeddable":true,"href":"https:\/\/kiennambarista.com\/en\/wp-json\/wp\/v2\/product_brand?post=2643"},{"taxonomy":"product_cat","embeddable":true,"href":"https:\/\/kiennambarista.com\/en\/wp-json\/wp\/v2\/product_cat?post=2643"},{"taxonomy":"product_tag","embeddable":true,"href":"https:\/\/kiennambarista.com\/en\/wp-json\/wp\/v2\/product_tag?post=2643"}],"curies":[{"name":"wp","href":"https:\/\/api.w.org\/{rel}","templated":true}]}}