{"id":2636,"date":"2023-01-19T10:08:09","date_gmt":"2023-01-19T03:08:09","guid":{"rendered":"https:\/\/kiennambarista.com\/san-pham\/may-pha-ca-phe-la-marzocco-gb-5-2gr-s-av\/"},"modified":"2023-07-05T10:29:27","modified_gmt":"2023-07-05T03:29:27","slug":"may-pha-ca-phe-la-marzocco-gb-5-2gr-s-av","status":"publish","type":"product","link":"https:\/\/kiennambarista.com\/en\/san-pham\/may-pha-ca-phe-la-marzocco-gb-5-2gr-s-av\/","title":{"rendered":"La Marzocco GB\/5 2GR S AV Coffee Machine"},"content":{"rendered":"<h1 style=\"text-align: center;\">La Marzocco GB\/5 2GR S AV Coffee Machine<\/h1>\n<p>Automatic coffee making mode by pre-installed coffee water flow control circuit.<br \/>\n&#8211; Digital display<br \/>\n&#8211; Double boiler<br \/>\n&#8211; Dual PID (coffee and steam)<br \/>\n&#8211; Power saving mode<br \/>\n&#8211; Programmable dosage<br \/>\n&#8211; Easy to reinstall steam faucet<\/p>\n","protected":false},"excerpt":{"rendered":"<ul>\n<li>Producer: La Marzocco<\/li>\n<li>Origin: Italy<\/li>\n<li>1 year warranty<\/li>\n<li>Color: Stainless Steel<\/li>\n<\/ul>\n<p>&nbsp;<\/p>\n","protected":false},"featured_media":2007,"comment_status":"open","ping_status":"closed","template":"","meta":{"inline_featured_image":false},"product_brand":[],"product_cat":[174,196],"product_tag":[],"class_list":{"0":"post-2636","1":"product","2":"type-product","3":"status-publish","4":"has-post-thumbnail","6":"product_cat-may-pha-ca-phe-chuyen-nghiep-en","7":"product_cat-may-pha-ca-phe-la-marzocco-en","8":"category_filter_product-thuong-hieu-en","9":"category_filter_product-cong-suat-en","10":"category_filter_product-3000-5000-w-en","11":"category_filter_product-250-trieu-500-trieu-en","12":"category_filter_product-may-pha-ca-phe-lamarzocco-en","14":"first","15":"instock","16":"featured","17":"shipping-taxable","18":"purchasable","19":"product-type-simple"},"acf":[],"yoast_head":"<!-- This site is optimized with the Yoast SEO plugin v24.9 - https:\/\/yoast.com\/wordpress\/plugins\/seo\/ -->\n<title>La Marzocco GB\/5 2GR S AV Coffee Machine - KI\u1ebeN NAM BARISTA<\/title>\n<meta name=\"description\" content=\"La Marzocco GB\/5 2GR S AV coffee machine genuine distribution by Kien Nam Barista with professional warranty policy, leading prestige in Vietnam\" \/>\n<meta name=\"robots\" content=\"index, follow, max-snippet:-1, max-image-preview:large, max-video-preview:-1\" \/>\n<link rel=\"canonical\" href=\"https:\/\/kiennambarista.com\/en\/san-pham\/may-pha-ca-phe-la-marzocco-gb-5-2gr-s-av\/\" \/>\n<meta property=\"og:locale\" content=\"en_US\" \/>\n<meta property=\"og:type\" content=\"article\" \/>\n<meta property=\"og:title\" content=\"La Marzocco GB\/5 2GR S AV Coffee Machine - KI\u1ebeN NAM BARISTA\" \/>\n<meta property=\"og:description\" content=\"La Marzocco GB\/5 2GR S AV coffee machine genuine distribution by Kien Nam Barista with professional warranty policy, leading prestige in Vietnam\" \/>\n<meta property=\"og:url\" content=\"https:\/\/kiennambarista.com\/en\/san-pham\/may-pha-ca-phe-la-marzocco-gb-5-2gr-s-av\/\" \/>\n<meta property=\"og:site_name\" content=\"KI\u1ebeN NAM BARISTA\" \/>\n<meta property=\"article:modified_time\" content=\"2023-07-05T03:29:27+00:00\" \/>\n<meta property=\"og:image\" content=\"https:\/\/kiennambarista.com\/wp-content\/uploads\/2023\/01\/May-pha-ca-phe-La-Marzocco-GB-5-2GR-S-AV.jpg\" \/>\n\t<meta property=\"og:image:width\" content=\"1200\" \/>\n\t<meta property=\"og:image:height\" content=\"992\" \/>\n\t<meta property=\"og:image:type\" content=\"image\/jpeg\" \/>\n<meta name=\"twitter:card\" content=\"summary_large_image\" \/>\n<script type=\"application\/ld+json\" class=\"yoast-schema-graph\">{\"@context\":\"https:\/\/schema.org\",\"@graph\":[{\"@type\":\"WebPage\",\"@id\":\"https:\/\/kiennambarista.com\/en\/san-pham\/may-pha-ca-phe-la-marzocco-gb-5-2gr-s-av\/\",\"url\":\"https:\/\/kiennambarista.com\/en\/san-pham\/may-pha-ca-phe-la-marzocco-gb-5-2gr-s-av\/\",\"name\":\"La Marzocco GB\/5 2GR S AV Coffee Machine - KI\u1ebeN NAM BARISTA\",\"isPartOf\":{\"@id\":\"https:\/\/kiennambarista.com\/#website\"},\"primaryImageOfPage\":{\"@id\":\"https:\/\/kiennambarista.com\/en\/san-pham\/may-pha-ca-phe-la-marzocco-gb-5-2gr-s-av\/#primaryimage\"},\"image\":{\"@id\":\"https:\/\/kiennambarista.com\/en\/san-pham\/may-pha-ca-phe-la-marzocco-gb-5-2gr-s-av\/#primaryimage\"},\"thumbnailUrl\":\"https:\/\/kiennambarista.com\/wp-content\/uploads\/2023\/01\/May-pha-ca-phe-La-Marzocco-GB-5-2GR-S-AV.jpg\",\"datePublished\":\"2023-01-19T03:08:09+00:00\",\"dateModified\":\"2023-07-05T03:29:27+00:00\",\"description\":\"La Marzocco GB\/5 2GR S AV coffee machine genuine distribution by Kien Nam Barista with professional warranty policy, leading prestige in Vietnam\",\"breadcrumb\":{\"@id\":\"https:\/\/kiennambarista.com\/en\/san-pham\/may-pha-ca-phe-la-marzocco-gb-5-2gr-s-av\/#breadcrumb\"},\"inLanguage\":\"en-US\",\"potentialAction\":[{\"@type\":\"ReadAction\",\"target\":[\"https:\/\/kiennambarista.com\/en\/san-pham\/may-pha-ca-phe-la-marzocco-gb-5-2gr-s-av\/\"]}]},{\"@type\":\"ImageObject\",\"inLanguage\":\"en-US\",\"@id\":\"https:\/\/kiennambarista.com\/en\/san-pham\/may-pha-ca-phe-la-marzocco-gb-5-2gr-s-av\/#primaryimage\",\"url\":\"https:\/\/kiennambarista.com\/wp-content\/uploads\/2023\/01\/May-pha-ca-phe-La-Marzocco-GB-5-2GR-S-AV.jpg\",\"contentUrl\":\"https:\/\/kiennambarista.com\/wp-content\/uploads\/2023\/01\/May-pha-ca-phe-La-Marzocco-GB-5-2GR-S-AV.jpg\",\"width\":1200,\"height\":992,\"caption\":\"Gi\u1edbi thi\u1ec7u gb5 th\u1ebf h\u1ec7 m\u1edbi :\u0111\u01b0\u1ee3c thi\u1ebft k\u1ebf theo phong c\u00e1ch ch\u00e2u \u00c2u truy\u1ec1n th\u1ed1ng cho nh\u1eefng \u0111\u1ecba \u0111i\u1ec3m ch\u00fa tr\u1ecdng \u0111\u1ebfn c\u1ed5 \u0111i\u1ec3n th\u1ea9m m\u1ef9 nh\u01b0ng v\u1eabn \u0111\u00f2i h\u1ecfi hi\u1ec7u su\u1ea5t cao nh\u1ea5t Ch\u1ebf \u0111\u1ed9 pha c\u00e0 ph\u00ea t\u1ef1 \u0111\u1ed9ng b\u1eb1ng m\u1ea1ch ki\u1ec3m so\u00e1t l\u01b0u l\u01b0\u1ee3ng n\u01b0\u1edbc c\u00e0 ph\u00ea \u0111\u00e3 \u0111\u01b0\u1ee3c c\u00e0i \u0111\u1eb7t s\u1eb5n.\"},{\"@type\":\"BreadcrumbList\",\"@id\":\"https:\/\/kiennambarista.com\/en\/san-pham\/may-pha-ca-phe-la-marzocco-gb-5-2gr-s-av\/#breadcrumb\",\"itemListElement\":[{\"@type\":\"ListItem\",\"position\":1,\"name\":\"Trang ch\u1ee7\",\"item\":\"https:\/\/kiennambarista.com\/en\/\"},{\"@type\":\"ListItem\",\"position\":2,\"name\":\"Product\",\"item\":\"https:\/\/kiennambarista.com\/en\/san-pham\/\"},{\"@type\":\"ListItem\",\"position\":3,\"name\":\"La Marzocco GB\/5 2GR S AV Coffee Machine\"}]},{\"@type\":\"WebSite\",\"@id\":\"https:\/\/kiennambarista.com\/#website\",\"url\":\"https:\/\/kiennambarista.com\/\",\"name\":\"Ki\u1ebfn Nam BARISTA\",\"description\":\"Nh\u00e0 ph\u00e2n ph\u1ed1i v\u00e0 cung c\u1ea5p d\u1ecbch v\u1ee5 m\u00e1y pha c\u00e0 ph\u00ea h\u00e0ng \u0111\u1ea7u t\u1ea1i Vi\u1ec7t Nam\",\"publisher\":{\"@id\":\"https:\/\/kiennambarista.com\/#organization\"},\"potentialAction\":[{\"@type\":\"SearchAction\",\"target\":{\"@type\":\"EntryPoint\",\"urlTemplate\":\"https:\/\/kiennambarista.com\/?s={search_term_string}\"},\"query-input\":{\"@type\":\"PropertyValueSpecification\",\"valueRequired\":true,\"valueName\":\"search_term_string\"}}],\"inLanguage\":\"en-US\"},{\"@type\":\"Organization\",\"@id\":\"https:\/\/kiennambarista.com\/#organization\",\"name\":\"Ki\u1ebfn Nam BARISTA\",\"url\":\"https:\/\/kiennambarista.com\/\",\"logo\":{\"@type\":\"ImageObject\",\"inLanguage\":\"en-US\",\"@id\":\"https:\/\/kiennambarista.com\/#\/schema\/logo\/image\/\",\"url\":\"https:\/\/kiennambarista.com\/wp-content\/uploads\/2023\/01\/logo_kiennam.svg\",\"contentUrl\":\"https:\/\/kiennambarista.com\/wp-content\/uploads\/2023\/01\/logo_kiennam.svg\",\"width\":88,\"height\":54,\"caption\":\"Ki\u1ebfn Nam BARISTA\"},\"image\":{\"@id\":\"https:\/\/kiennambarista.com\/#\/schema\/logo\/image\/\"}}]}<\/script>\n<!-- \/ Yoast SEO plugin. -->","yoast_head_json":{"title":"La Marzocco GB\/5 2GR S AV Coffee Machine - KI\u1ebeN NAM BARISTA","description":"La Marzocco GB\/5 2GR S AV coffee machine genuine distribution by Kien Nam Barista with professional warranty policy, leading prestige in Vietnam","robots":{"index":"index","follow":"follow","max-snippet":"max-snippet:-1","max-image-preview":"max-image-preview:large","max-video-preview":"max-video-preview:-1"},"canonical":"https:\/\/kiennambarista.com\/en\/san-pham\/may-pha-ca-phe-la-marzocco-gb-5-2gr-s-av\/","og_locale":"en_US","og_type":"article","og_title":"La Marzocco GB\/5 2GR S AV Coffee Machine - KI\u1ebeN NAM BARISTA","og_description":"La Marzocco GB\/5 2GR S AV coffee machine genuine distribution by Kien Nam Barista with professional warranty policy, leading prestige in Vietnam","og_url":"https:\/\/kiennambarista.com\/en\/san-pham\/may-pha-ca-phe-la-marzocco-gb-5-2gr-s-av\/","og_site_name":"KI\u1ebeN NAM BARISTA","article_modified_time":"2023-07-05T03:29:27+00:00","og_image":[{"width":1200,"height":992,"url":"https:\/\/kiennambarista.com\/wp-content\/uploads\/2023\/01\/May-pha-ca-phe-La-Marzocco-GB-5-2GR-S-AV.jpg","type":"image\/jpeg"}],"twitter_card":"summary_large_image","schema":{"@context":"https:\/\/schema.org","@graph":[{"@type":"WebPage","@id":"https:\/\/kiennambarista.com\/en\/san-pham\/may-pha-ca-phe-la-marzocco-gb-5-2gr-s-av\/","url":"https:\/\/kiennambarista.com\/en\/san-pham\/may-pha-ca-phe-la-marzocco-gb-5-2gr-s-av\/","name":"La Marzocco GB\/5 2GR S AV Coffee Machine - KI\u1ebeN NAM BARISTA","isPartOf":{"@id":"https:\/\/kiennambarista.com\/#website"},"primaryImageOfPage":{"@id":"https:\/\/kiennambarista.com\/en\/san-pham\/may-pha-ca-phe-la-marzocco-gb-5-2gr-s-av\/#primaryimage"},"image":{"@id":"https:\/\/kiennambarista.com\/en\/san-pham\/may-pha-ca-phe-la-marzocco-gb-5-2gr-s-av\/#primaryimage"},"thumbnailUrl":"https:\/\/kiennambarista.com\/wp-content\/uploads\/2023\/01\/May-pha-ca-phe-La-Marzocco-GB-5-2GR-S-AV.jpg","datePublished":"2023-01-19T03:08:09+00:00","dateModified":"2023-07-05T03:29:27+00:00","description":"La Marzocco GB\/5 2GR S AV coffee machine genuine distribution by Kien Nam Barista with professional warranty policy, leading prestige in Vietnam","breadcrumb":{"@id":"https:\/\/kiennambarista.com\/en\/san-pham\/may-pha-ca-phe-la-marzocco-gb-5-2gr-s-av\/#breadcrumb"},"inLanguage":"en-US","potentialAction":[{"@type":"ReadAction","target":["https:\/\/kiennambarista.com\/en\/san-pham\/may-pha-ca-phe-la-marzocco-gb-5-2gr-s-av\/"]}]},{"@type":"ImageObject","inLanguage":"en-US","@id":"https:\/\/kiennambarista.com\/en\/san-pham\/may-pha-ca-phe-la-marzocco-gb-5-2gr-s-av\/#primaryimage","url":"https:\/\/kiennambarista.com\/wp-content\/uploads\/2023\/01\/May-pha-ca-phe-La-Marzocco-GB-5-2GR-S-AV.jpg","contentUrl":"https:\/\/kiennambarista.com\/wp-content\/uploads\/2023\/01\/May-pha-ca-phe-La-Marzocco-GB-5-2GR-S-AV.jpg","width":1200,"height":992,"caption":"Gi\u1edbi thi\u1ec7u gb5 th\u1ebf h\u1ec7 m\u1edbi :\u0111\u01b0\u1ee3c thi\u1ebft k\u1ebf theo phong c\u00e1ch ch\u00e2u \u00c2u truy\u1ec1n th\u1ed1ng cho nh\u1eefng \u0111\u1ecba \u0111i\u1ec3m ch\u00fa tr\u1ecdng \u0111\u1ebfn c\u1ed5 \u0111i\u1ec3n th\u1ea9m m\u1ef9 nh\u01b0ng v\u1eabn \u0111\u00f2i h\u1ecfi hi\u1ec7u su\u1ea5t cao nh\u1ea5t Ch\u1ebf \u0111\u1ed9 pha c\u00e0 ph\u00ea t\u1ef1 \u0111\u1ed9ng b\u1eb1ng m\u1ea1ch ki\u1ec3m so\u00e1t l\u01b0u l\u01b0\u1ee3ng n\u01b0\u1edbc c\u00e0 ph\u00ea \u0111\u00e3 \u0111\u01b0\u1ee3c c\u00e0i \u0111\u1eb7t s\u1eb5n."},{"@type":"BreadcrumbList","@id":"https:\/\/kiennambarista.com\/en\/san-pham\/may-pha-ca-phe-la-marzocco-gb-5-2gr-s-av\/#breadcrumb","itemListElement":[{"@type":"ListItem","position":1,"name":"Trang ch\u1ee7","item":"https:\/\/kiennambarista.com\/en\/"},{"@type":"ListItem","position":2,"name":"Product","item":"https:\/\/kiennambarista.com\/en\/san-pham\/"},{"@type":"ListItem","position":3,"name":"La Marzocco GB\/5 2GR S AV Coffee Machine"}]},{"@type":"WebSite","@id":"https:\/\/kiennambarista.com\/#website","url":"https:\/\/kiennambarista.com\/","name":"Ki\u1ebfn Nam BARISTA","description":"Nh\u00e0 ph\u00e2n ph\u1ed1i v\u00e0 cung c\u1ea5p d\u1ecbch v\u1ee5 m\u00e1y pha c\u00e0 ph\u00ea h\u00e0ng \u0111\u1ea7u t\u1ea1i Vi\u1ec7t Nam","publisher":{"@id":"https:\/\/kiennambarista.com\/#organization"},"potentialAction":[{"@type":"SearchAction","target":{"@type":"EntryPoint","urlTemplate":"https:\/\/kiennambarista.com\/?s={search_term_string}"},"query-input":{"@type":"PropertyValueSpecification","valueRequired":true,"valueName":"search_term_string"}}],"inLanguage":"en-US"},{"@type":"Organization","@id":"https:\/\/kiennambarista.com\/#organization","name":"Ki\u1ebfn Nam BARISTA","url":"https:\/\/kiennambarista.com\/","logo":{"@type":"ImageObject","inLanguage":"en-US","@id":"https:\/\/kiennambarista.com\/#\/schema\/logo\/image\/","url":"https:\/\/kiennambarista.com\/wp-content\/uploads\/2023\/01\/logo_kiennam.svg","contentUrl":"https:\/\/kiennambarista.com\/wp-content\/uploads\/2023\/01\/logo_kiennam.svg","width":88,"height":54,"caption":"Ki\u1ebfn Nam BARISTA"},"image":{"@id":"https:\/\/kiennambarista.com\/#\/schema\/logo\/image\/"}}]}},"_links":{"self":[{"href":"https:\/\/kiennambarista.com\/en\/wp-json\/wp\/v2\/product\/2636","targetHints":{"allow":["GET"]}}],"collection":[{"href":"https:\/\/kiennambarista.com\/en\/wp-json\/wp\/v2\/product"}],"about":[{"href":"https:\/\/kiennambarista.com\/en\/wp-json\/wp\/v2\/types\/product"}],"replies":[{"embeddable":true,"href":"https:\/\/kiennambarista.com\/en\/wp-json\/wp\/v2\/comments?post=2636"}],"wp:featuredmedia":[{"embeddable":true,"href":"https:\/\/kiennambarista.com\/en\/wp-json\/wp\/v2\/media\/2007"}],"wp:attachment":[{"href":"https:\/\/kiennambarista.com\/en\/wp-json\/wp\/v2\/media?parent=2636"}],"wp:term":[{"taxonomy":"product_brand","embeddable":true,"href":"https:\/\/kiennambarista.com\/en\/wp-json\/wp\/v2\/product_brand?post=2636"},{"taxonomy":"product_cat","embeddable":true,"href":"https:\/\/kiennambarista.com\/en\/wp-json\/wp\/v2\/product_cat?post=2636"},{"taxonomy":"product_tag","embeddable":true,"href":"https:\/\/kiennambarista.com\/en\/wp-json\/wp\/v2\/product_tag?post=2636"}],"curies":[{"name":"wp","href":"https:\/\/api.w.org\/{rel}","templated":true}]}}