{"id":2635,"date":"2023-01-26T07:43:29","date_gmt":"2023-01-26T00:43:29","guid":{"rendered":"https:\/\/kiennambarista.com\/san-pham\/may-pha-ca-phe-la-marzocco-kb-90-2gr-av\/"},"modified":"2025-09-12T16:56:57","modified_gmt":"2025-09-12T09:56:57","slug":"may-pha-ca-phe-la-marzocco-kb-90-2gr-av","status":"publish","type":"product","link":"https:\/\/kiennambarista.com\/en\/san-pham\/may-pha-ca-phe-la-marzocco-kb-90-2gr-av\/","title":{"rendered":"La Marzocco KB 90 2GR AV Coffee Machine"},"content":{"rendered":"<h1 style=\"text-align: center;\">La Marzocco KB 90 2GR AV Coffee Machine<\/h1>\n<p>The KB90 is the final evolution of the Linea PB model. La Marzocco has redesigned the portafilter system to improve work efficiency and reduce consumer wrist strain. Efficiency can also be increased with Steam Flush: after each extraction, a stream of steam from the grouphead is followed by a stream of hot water, keeping the machine clean even during the busiest of rush hours.<\/p>\n<p>&#8211; Filter membrane: Stainless steel filter mesh<br \/>\n&#8211; Indicator light: Yes<br \/>\n&#8211; Removable filter: No<br \/>\n&#8211; Water level indicator: No<br \/>\n&#8211; Removable tank: No<br \/>\n&#8211; Other function<br \/>\n\u2022 Anti-drip<br \/>\n\u2022 Quick reheat<br \/>\n\u2022 Sediment filter<br \/>\n&#8211; Hot water faucet: 1 pc<br \/>\n&#8211; Steam generator: 2 pieces<br \/>\n&#8211; Pressure gauge: Yes<\/p>\n","protected":false},"excerpt":{"rendered":"<ul>\n<li>Producer: La Marzocco<\/li>\n<li>Origin: Italy<\/li>\n<li>1 year warranty<\/li>\n<li>Color: Red\/stainless steel<\/li>\n<\/ul>\n<p>&nbsp;<\/p>\n","protected":false},"featured_media":2006,"comment_status":"open","ping_status":"closed","template":"","meta":{"inline_featured_image":false},"product_brand":[],"product_cat":[174,196],"product_tag":[],"class_list":{"0":"post-2635","1":"product","2":"type-product","3":"status-publish","4":"has-post-thumbnail","6":"product_cat-may-pha-ca-phe-chuyen-nghiep-en","7":"product_cat-may-pha-ca-phe-la-marzocco-en","8":"category_filter_product-thuong-hieu-en","9":"category_filter_product-cong-suat-en","10":"category_filter_product-gia-tien-en","11":"category_filter_product-5000-7000-w-en","12":"category_filter_product-250-trieu-500-trieu-en","13":"category_filter_product-may-pha-ca-phe-lamarzocco-en","15":"first","16":"instock","17":"shipping-taxable","18":"purchasable","19":"product-type-simple"},"acf":[],"yoast_head":"<!-- This site is optimized with the Yoast SEO plugin v24.9 - https:\/\/yoast.com\/wordpress\/plugins\/seo\/ -->\n<title>La Marzocco KB 90 2GR AV Coffee Machine - KI\u1ebeN NAM BARISTA<\/title>\n<meta name=\"description\" content=\"La Marzocco KB 90 2GR AV coffee machine genuine distribution by Kien Nam Barista with professional warranty policy, leading prestige in Vietnam\" \/>\n<meta name=\"robots\" content=\"index, follow, max-snippet:-1, max-image-preview:large, max-video-preview:-1\" \/>\n<link rel=\"canonical\" href=\"https:\/\/kiennambarista.com\/en\/san-pham\/may-pha-ca-phe-la-marzocco-kb-90-2gr-av\/\" \/>\n<meta property=\"og:locale\" content=\"en_US\" \/>\n<meta property=\"og:type\" content=\"article\" \/>\n<meta property=\"og:title\" content=\"La Marzocco KB 90 2GR AV Coffee Machine - KI\u1ebeN NAM BARISTA\" \/>\n<meta property=\"og:description\" content=\"La Marzocco KB 90 2GR AV coffee machine genuine distribution by Kien Nam Barista with professional warranty policy, leading prestige in Vietnam\" \/>\n<meta property=\"og:url\" content=\"https:\/\/kiennambarista.com\/en\/san-pham\/may-pha-ca-phe-la-marzocco-kb-90-2gr-av\/\" \/>\n<meta property=\"og:site_name\" content=\"KI\u1ebeN NAM BARISTA\" \/>\n<meta property=\"article:modified_time\" content=\"2025-09-12T09:56:57+00:00\" \/>\n<meta property=\"og:image\" content=\"https:\/\/kiennambarista.com\/wp-content\/uploads\/2023\/01\/May-pha-ca-phe-La-Marzocco-KB-90-2GR-AV.jpg\" \/>\n\t<meta property=\"og:image:width\" content=\"1200\" \/>\n\t<meta property=\"og:image:height\" content=\"992\" \/>\n\t<meta property=\"og:image:type\" content=\"image\/jpeg\" \/>\n<meta name=\"twitter:card\" content=\"summary_large_image\" \/>\n<meta name=\"twitter:label1\" content=\"Est. reading time\" \/>\n\t<meta name=\"twitter:data1\" content=\"1 minute\" \/>\n<script type=\"application\/ld+json\" class=\"yoast-schema-graph\">{\"@context\":\"https:\/\/schema.org\",\"@graph\":[{\"@type\":\"WebPage\",\"@id\":\"https:\/\/kiennambarista.com\/en\/san-pham\/may-pha-ca-phe-la-marzocco-kb-90-2gr-av\/\",\"url\":\"https:\/\/kiennambarista.com\/en\/san-pham\/may-pha-ca-phe-la-marzocco-kb-90-2gr-av\/\",\"name\":\"La Marzocco KB 90 2GR AV Coffee Machine - KI\u1ebeN NAM BARISTA\",\"isPartOf\":{\"@id\":\"https:\/\/kiennambarista.com\/#website\"},\"primaryImageOfPage\":{\"@id\":\"https:\/\/kiennambarista.com\/en\/san-pham\/may-pha-ca-phe-la-marzocco-kb-90-2gr-av\/#primaryimage\"},\"image\":{\"@id\":\"https:\/\/kiennambarista.com\/en\/san-pham\/may-pha-ca-phe-la-marzocco-kb-90-2gr-av\/#primaryimage\"},\"thumbnailUrl\":\"https:\/\/kiennambarista.com\/wp-content\/uploads\/2023\/01\/May-pha-ca-phe-La-Marzocco-KB-90-2GR-AV.jpg\",\"datePublished\":\"2023-01-26T00:43:29+00:00\",\"dateModified\":\"2025-09-12T09:56:57+00:00\",\"description\":\"La Marzocco KB 90 2GR AV coffee machine genuine distribution by Kien Nam Barista with professional warranty policy, leading prestige in Vietnam\",\"breadcrumb\":{\"@id\":\"https:\/\/kiennambarista.com\/en\/san-pham\/may-pha-ca-phe-la-marzocco-kb-90-2gr-av\/#breadcrumb\"},\"inLanguage\":\"en-US\",\"potentialAction\":[{\"@type\":\"ReadAction\",\"target\":[\"https:\/\/kiennambarista.com\/en\/san-pham\/may-pha-ca-phe-la-marzocco-kb-90-2gr-av\/\"]}]},{\"@type\":\"ImageObject\",\"inLanguage\":\"en-US\",\"@id\":\"https:\/\/kiennambarista.com\/en\/san-pham\/may-pha-ca-phe-la-marzocco-kb-90-2gr-av\/#primaryimage\",\"url\":\"https:\/\/kiennambarista.com\/wp-content\/uploads\/2023\/01\/May-pha-ca-phe-La-Marzocco-KB-90-2GR-AV.jpg\",\"contentUrl\":\"https:\/\/kiennambarista.com\/wp-content\/uploads\/2023\/01\/May-pha-ca-phe-La-Marzocco-KB-90-2GR-AV.jpg\",\"width\":1200,\"height\":992,\"caption\":\"M\u00e1y pha caf\u00e9 KB 90 AV (2G) l\u00e0 s\u1ea3n ph\u1ea9m cu\u1ed1i c\u00f9ng c\u1ee7a d\u00f2ng KB AV. Nh\u1eefng s\u1ea3n ph\u1ea9m sau n\u00e0y, th\u01b0\u01a1ng hi\u1ec7u La Marzocco \u0111\u00e3 thi\u1ebft k\u1ebf l\u1ea1i tay c\u1ea7m \u0111\u1ec3 c\u1ea3i thi\u1ec7n hi\u1ec7u su\u1ea5t pha ch\u1ebf v\u00e0 gi\u1ea3m c\u0103ng th\u1eb3ng cho c\u1ed5 tay ng\u01b0\u1eddi d\u00f9ng.\"},{\"@type\":\"BreadcrumbList\",\"@id\":\"https:\/\/kiennambarista.com\/en\/san-pham\/may-pha-ca-phe-la-marzocco-kb-90-2gr-av\/#breadcrumb\",\"itemListElement\":[{\"@type\":\"ListItem\",\"position\":1,\"name\":\"Trang ch\u1ee7\",\"item\":\"https:\/\/kiennambarista.com\/en\/\"},{\"@type\":\"ListItem\",\"position\":2,\"name\":\"Product\",\"item\":\"https:\/\/kiennambarista.com\/en\/san-pham\/\"},{\"@type\":\"ListItem\",\"position\":3,\"name\":\"La Marzocco KB 90 2GR AV Coffee Machine\"}]},{\"@type\":\"WebSite\",\"@id\":\"https:\/\/kiennambarista.com\/#website\",\"url\":\"https:\/\/kiennambarista.com\/\",\"name\":\"Ki\u1ebfn Nam BARISTA\",\"description\":\"Nh\u00e0 ph\u00e2n ph\u1ed1i v\u00e0 cung c\u1ea5p d\u1ecbch v\u1ee5 m\u00e1y pha c\u00e0 ph\u00ea h\u00e0ng \u0111\u1ea7u t\u1ea1i Vi\u1ec7t Nam\",\"publisher\":{\"@id\":\"https:\/\/kiennambarista.com\/#organization\"},\"potentialAction\":[{\"@type\":\"SearchAction\",\"target\":{\"@type\":\"EntryPoint\",\"urlTemplate\":\"https:\/\/kiennambarista.com\/?s={search_term_string}\"},\"query-input\":{\"@type\":\"PropertyValueSpecification\",\"valueRequired\":true,\"valueName\":\"search_term_string\"}}],\"inLanguage\":\"en-US\"},{\"@type\":\"Organization\",\"@id\":\"https:\/\/kiennambarista.com\/#organization\",\"name\":\"Ki\u1ebfn Nam BARISTA\",\"url\":\"https:\/\/kiennambarista.com\/\",\"logo\":{\"@type\":\"ImageObject\",\"inLanguage\":\"en-US\",\"@id\":\"https:\/\/kiennambarista.com\/#\/schema\/logo\/image\/\",\"url\":\"https:\/\/kiennambarista.com\/wp-content\/uploads\/2023\/01\/logo_kiennam.svg\",\"contentUrl\":\"https:\/\/kiennambarista.com\/wp-content\/uploads\/2023\/01\/logo_kiennam.svg\",\"width\":88,\"height\":54,\"caption\":\"Ki\u1ebfn Nam BARISTA\"},\"image\":{\"@id\":\"https:\/\/kiennambarista.com\/#\/schema\/logo\/image\/\"}}]}<\/script>\n<!-- \/ Yoast SEO plugin. -->","yoast_head_json":{"title":"La Marzocco KB 90 2GR AV Coffee Machine - KI\u1ebeN NAM BARISTA","description":"La Marzocco KB 90 2GR AV coffee machine genuine distribution by Kien Nam Barista with professional warranty policy, leading prestige in Vietnam","robots":{"index":"index","follow":"follow","max-snippet":"max-snippet:-1","max-image-preview":"max-image-preview:large","max-video-preview":"max-video-preview:-1"},"canonical":"https:\/\/kiennambarista.com\/en\/san-pham\/may-pha-ca-phe-la-marzocco-kb-90-2gr-av\/","og_locale":"en_US","og_type":"article","og_title":"La Marzocco KB 90 2GR AV Coffee Machine - KI\u1ebeN NAM BARISTA","og_description":"La Marzocco KB 90 2GR AV coffee machine genuine distribution by Kien Nam Barista with professional warranty policy, leading prestige in Vietnam","og_url":"https:\/\/kiennambarista.com\/en\/san-pham\/may-pha-ca-phe-la-marzocco-kb-90-2gr-av\/","og_site_name":"KI\u1ebeN NAM BARISTA","article_modified_time":"2025-09-12T09:56:57+00:00","og_image":[{"width":1200,"height":992,"url":"https:\/\/kiennambarista.com\/wp-content\/uploads\/2023\/01\/May-pha-ca-phe-La-Marzocco-KB-90-2GR-AV.jpg","type":"image\/jpeg"}],"twitter_card":"summary_large_image","twitter_misc":{"Est. reading time":"1 minute"},"schema":{"@context":"https:\/\/schema.org","@graph":[{"@type":"WebPage","@id":"https:\/\/kiennambarista.com\/en\/san-pham\/may-pha-ca-phe-la-marzocco-kb-90-2gr-av\/","url":"https:\/\/kiennambarista.com\/en\/san-pham\/may-pha-ca-phe-la-marzocco-kb-90-2gr-av\/","name":"La Marzocco KB 90 2GR AV Coffee Machine - KI\u1ebeN NAM BARISTA","isPartOf":{"@id":"https:\/\/kiennambarista.com\/#website"},"primaryImageOfPage":{"@id":"https:\/\/kiennambarista.com\/en\/san-pham\/may-pha-ca-phe-la-marzocco-kb-90-2gr-av\/#primaryimage"},"image":{"@id":"https:\/\/kiennambarista.com\/en\/san-pham\/may-pha-ca-phe-la-marzocco-kb-90-2gr-av\/#primaryimage"},"thumbnailUrl":"https:\/\/kiennambarista.com\/wp-content\/uploads\/2023\/01\/May-pha-ca-phe-La-Marzocco-KB-90-2GR-AV.jpg","datePublished":"2023-01-26T00:43:29+00:00","dateModified":"2025-09-12T09:56:57+00:00","description":"La Marzocco KB 90 2GR AV coffee machine genuine distribution by Kien Nam Barista with professional warranty policy, leading prestige in Vietnam","breadcrumb":{"@id":"https:\/\/kiennambarista.com\/en\/san-pham\/may-pha-ca-phe-la-marzocco-kb-90-2gr-av\/#breadcrumb"},"inLanguage":"en-US","potentialAction":[{"@type":"ReadAction","target":["https:\/\/kiennambarista.com\/en\/san-pham\/may-pha-ca-phe-la-marzocco-kb-90-2gr-av\/"]}]},{"@type":"ImageObject","inLanguage":"en-US","@id":"https:\/\/kiennambarista.com\/en\/san-pham\/may-pha-ca-phe-la-marzocco-kb-90-2gr-av\/#primaryimage","url":"https:\/\/kiennambarista.com\/wp-content\/uploads\/2023\/01\/May-pha-ca-phe-La-Marzocco-KB-90-2GR-AV.jpg","contentUrl":"https:\/\/kiennambarista.com\/wp-content\/uploads\/2023\/01\/May-pha-ca-phe-La-Marzocco-KB-90-2GR-AV.jpg","width":1200,"height":992,"caption":"M\u00e1y pha caf\u00e9 KB 90 AV (2G) l\u00e0 s\u1ea3n ph\u1ea9m cu\u1ed1i c\u00f9ng c\u1ee7a d\u00f2ng KB AV. Nh\u1eefng s\u1ea3n ph\u1ea9m sau n\u00e0y, th\u01b0\u01a1ng hi\u1ec7u La Marzocco \u0111\u00e3 thi\u1ebft k\u1ebf l\u1ea1i tay c\u1ea7m \u0111\u1ec3 c\u1ea3i thi\u1ec7n hi\u1ec7u su\u1ea5t pha ch\u1ebf v\u00e0 gi\u1ea3m c\u0103ng th\u1eb3ng cho c\u1ed5 tay ng\u01b0\u1eddi d\u00f9ng."},{"@type":"BreadcrumbList","@id":"https:\/\/kiennambarista.com\/en\/san-pham\/may-pha-ca-phe-la-marzocco-kb-90-2gr-av\/#breadcrumb","itemListElement":[{"@type":"ListItem","position":1,"name":"Trang ch\u1ee7","item":"https:\/\/kiennambarista.com\/en\/"},{"@type":"ListItem","position":2,"name":"Product","item":"https:\/\/kiennambarista.com\/en\/san-pham\/"},{"@type":"ListItem","position":3,"name":"La Marzocco KB 90 2GR AV Coffee Machine"}]},{"@type":"WebSite","@id":"https:\/\/kiennambarista.com\/#website","url":"https:\/\/kiennambarista.com\/","name":"Ki\u1ebfn Nam BARISTA","description":"Nh\u00e0 ph\u00e2n ph\u1ed1i v\u00e0 cung c\u1ea5p d\u1ecbch v\u1ee5 m\u00e1y pha c\u00e0 ph\u00ea h\u00e0ng \u0111\u1ea7u t\u1ea1i Vi\u1ec7t Nam","publisher":{"@id":"https:\/\/kiennambarista.com\/#organization"},"potentialAction":[{"@type":"SearchAction","target":{"@type":"EntryPoint","urlTemplate":"https:\/\/kiennambarista.com\/?s={search_term_string}"},"query-input":{"@type":"PropertyValueSpecification","valueRequired":true,"valueName":"search_term_string"}}],"inLanguage":"en-US"},{"@type":"Organization","@id":"https:\/\/kiennambarista.com\/#organization","name":"Ki\u1ebfn Nam BARISTA","url":"https:\/\/kiennambarista.com\/","logo":{"@type":"ImageObject","inLanguage":"en-US","@id":"https:\/\/kiennambarista.com\/#\/schema\/logo\/image\/","url":"https:\/\/kiennambarista.com\/wp-content\/uploads\/2023\/01\/logo_kiennam.svg","contentUrl":"https:\/\/kiennambarista.com\/wp-content\/uploads\/2023\/01\/logo_kiennam.svg","width":88,"height":54,"caption":"Ki\u1ebfn Nam BARISTA"},"image":{"@id":"https:\/\/kiennambarista.com\/#\/schema\/logo\/image\/"}}]}},"_links":{"self":[{"href":"https:\/\/kiennambarista.com\/en\/wp-json\/wp\/v2\/product\/2635","targetHints":{"allow":["GET"]}}],"collection":[{"href":"https:\/\/kiennambarista.com\/en\/wp-json\/wp\/v2\/product"}],"about":[{"href":"https:\/\/kiennambarista.com\/en\/wp-json\/wp\/v2\/types\/product"}],"replies":[{"embeddable":true,"href":"https:\/\/kiennambarista.com\/en\/wp-json\/wp\/v2\/comments?post=2635"}],"wp:featuredmedia":[{"embeddable":true,"href":"https:\/\/kiennambarista.com\/en\/wp-json\/wp\/v2\/media\/2006"}],"wp:attachment":[{"href":"https:\/\/kiennambarista.com\/en\/wp-json\/wp\/v2\/media?parent=2635"}],"wp:term":[{"taxonomy":"product_brand","embeddable":true,"href":"https:\/\/kiennambarista.com\/en\/wp-json\/wp\/v2\/product_brand?post=2635"},{"taxonomy":"product_cat","embeddable":true,"href":"https:\/\/kiennambarista.com\/en\/wp-json\/wp\/v2\/product_cat?post=2635"},{"taxonomy":"product_tag","embeddable":true,"href":"https:\/\/kiennambarista.com\/en\/wp-json\/wp\/v2\/product_tag?post=2635"}],"curies":[{"name":"wp","href":"https:\/\/api.w.org\/{rel}","templated":true}]}}