{"id":2629,"date":"2023-01-31T10:29:07","date_gmt":"2023-01-31T03:29:07","guid":{"rendered":"https:\/\/kiennambarista.com\/san-pham\/may-pha-ca-phe-lamarzocco-linea-mini\/"},"modified":"2023-07-05T09:21:28","modified_gmt":"2023-07-05T02:21:28","slug":"may-pha-ca-phe-lamarzocco-linea-mini","status":"publish","type":"product","link":"https:\/\/kiennambarista.com\/en\/san-pham\/may-pha-ca-phe-lamarzocco-linea-mini\/","title":{"rendered":"La Marzocco Linea Mini coffee machine"},"content":{"rendered":"<h1 style=\"text-align: center;\">La Marzocco Linea Mini coffee machine<\/h1>\n<p>La Marzocco Linea Mini coffee machine with automatic coffee making by pre-installed coffee water flow control circuit.<\/p>\n<ul>\n<li>Filter: Stainless steel filter mesh<\/li>\n<li>Indicator light: Yes<\/li>\n<li>Removable filter: No<\/li>\n<li>Water level indicator: No<\/li>\n<li>Removable tank: Yes<\/li>\n<li>Hot water faucet: 1 pc<\/li>\n<li>Steam nozzle: 1 pc<\/li>\n<li>Pressure gauge: Yes<\/li>\n<\/ul>\n<p><em>Other function<\/em><\/p>\n<ul>\n<li>Anti-drip<\/li>\n<li>Fast heating<\/li>\n<\/ul>\n","protected":false},"excerpt":{"rendered":"<ul>\n<li>Producer: La Marzocco<\/li>\n<li>Origin: Italy<\/li>\n<li>1 year warranty<\/li>\n<li>Color: Black\/stainless steel<\/li>\n<\/ul>\n","protected":false},"featured_media":2000,"comment_status":"open","ping_status":"closed","template":"","meta":{"inline_featured_image":false},"product_brand":[],"product_cat":[174,196],"product_tag":[],"class_list":{"0":"post-2629","1":"product","2":"type-product","3":"status-publish","4":"has-post-thumbnail","6":"product_cat-may-pha-ca-phe-chuyen-nghiep-en","7":"product_cat-may-pha-ca-phe-la-marzocco-en","8":"category_filter_product-thuong-hieu-en","9":"category_filter_product-cong-suat-en","10":"category_filter_product-gia-tien-en","11":"category_filter_product-2000-3000-w-en","12":"category_filter_product-100-trieu-150-trieu-en","13":"category_filter_product-may-pha-ca-phe-lamarzocco-en","15":"first","16":"instock","17":"featured","18":"shipping-taxable","19":"purchasable","20":"product-type-simple"},"acf":[],"yoast_head":"<!-- This site is optimized with the Yoast SEO plugin v24.9 - https:\/\/yoast.com\/wordpress\/plugins\/seo\/ -->\n<title>La Marzocco Linea Mini coffee machine - KI\u1ebeN NAM BARISTA<\/title>\n<meta name=\"description\" content=\"La Marzocco Linea Mini coffee machine genuine distributed by Kien Nam Barista with the leading prestigious and professional warranty policy in Vietnam\" \/>\n<meta name=\"robots\" content=\"index, follow, max-snippet:-1, max-image-preview:large, max-video-preview:-1\" \/>\n<link rel=\"canonical\" href=\"https:\/\/kiennambarista.com\/?post_type=product&p=712\" \/>\n<meta property=\"og:locale\" content=\"en_US\" \/>\n<meta property=\"og:type\" content=\"article\" \/>\n<meta property=\"og:title\" content=\"La Marzocco Linea Mini coffee machine - KI\u1ebeN NAM BARISTA\" \/>\n<meta property=\"og:description\" content=\"La Marzocco Linea Mini coffee machine genuine distributed by Kien Nam Barista with the leading prestigious and professional warranty policy in Vietnam\" \/>\n<meta property=\"og:url\" content=\"https:\/\/kiennambarista.com\/?post_type=product&amp;p=712\" \/>\n<meta property=\"og:site_name\" content=\"KI\u1ebeN NAM BARISTA\" \/>\n<meta property=\"article:modified_time\" content=\"2023-07-05T02:21:28+00:00\" \/>\n<meta property=\"og:image\" content=\"https:\/\/kiennambarista.com\/wp-content\/uploads\/2023\/01\/May-pha-ca-phe-La-Marzocco-Linea-Mini.jpg\" \/>\n\t<meta property=\"og:image:width\" content=\"1200\" \/>\n\t<meta property=\"og:image:height\" content=\"992\" \/>\n\t<meta property=\"og:image:type\" content=\"image\/jpeg\" \/>\n<meta name=\"twitter:card\" content=\"summary_large_image\" \/>\n<script type=\"application\/ld+json\" class=\"yoast-schema-graph\">{\"@context\":\"https:\/\/schema.org\",\"@graph\":[{\"@type\":\"WebPage\",\"@id\":\"https:\/\/kiennambarista.com\/?post_type=product&p=712\",\"url\":\"https:\/\/kiennambarista.com\/?post_type=product&p=712\",\"name\":\"La Marzocco Linea Mini coffee machine - KI\u1ebeN NAM BARISTA\",\"isPartOf\":{\"@id\":\"https:\/\/kiennambarista.com\/#website\"},\"primaryImageOfPage\":{\"@id\":\"https:\/\/kiennambarista.com\/?post_type=product&p=712#primaryimage\"},\"image\":{\"@id\":\"https:\/\/kiennambarista.com\/?post_type=product&p=712#primaryimage\"},\"thumbnailUrl\":\"https:\/\/kiennambarista.com\/wp-content\/uploads\/2023\/01\/May-pha-ca-phe-La-Marzocco-Linea-Mini.jpg\",\"datePublished\":\"2023-01-31T03:29:07+00:00\",\"dateModified\":\"2023-07-05T02:21:28+00:00\",\"description\":\"La Marzocco Linea Mini coffee machine genuine distributed by Kien Nam Barista with the leading prestigious and professional warranty policy in Vietnam\",\"breadcrumb\":{\"@id\":\"https:\/\/kiennambarista.com\/?post_type=product&p=712#breadcrumb\"},\"inLanguage\":\"en-US\",\"potentialAction\":[{\"@type\":\"ReadAction\",\"target\":[\"https:\/\/kiennambarista.com\/?post_type=product&p=712\"]}]},{\"@type\":\"ImageObject\",\"inLanguage\":\"en-US\",\"@id\":\"https:\/\/kiennambarista.com\/?post_type=product&p=712#primaryimage\",\"url\":\"https:\/\/kiennambarista.com\/wp-content\/uploads\/2023\/01\/May-pha-ca-phe-La-Marzocco-Linea-Mini.jpg\",\"contentUrl\":\"https:\/\/kiennambarista.com\/wp-content\/uploads\/2023\/01\/May-pha-ca-phe-La-Marzocco-Linea-Mini.jpg\",\"width\":1200,\"height\":992,\"caption\":\"M\u00e1y pha c\u00e0 ph\u00ea La Marzocco Linea Mini l\u00e0 d\u00f2ng m\u00e1y pha c\u00e0 ph\u00ea nh\u1ecf nh\u1ea5t c\u1ee7a h\u00e3ng La Marzocco, La Marzocco Linea Mini th\u00edch h\u1ee3p cho c\u00e1c qu\u00e1n c\u00e0 ph\u00ea nh\u1ecf.\"},{\"@type\":\"BreadcrumbList\",\"@id\":\"https:\/\/kiennambarista.com\/?post_type=product&p=712#breadcrumb\",\"itemListElement\":[{\"@type\":\"ListItem\",\"position\":1,\"name\":\"Trang ch\u1ee7\",\"item\":\"https:\/\/kiennambarista.com\/en\/\"},{\"@type\":\"ListItem\",\"position\":2,\"name\":\"Product\",\"item\":\"https:\/\/kiennambarista.com\/en\/san-pham\/\"},{\"@type\":\"ListItem\",\"position\":3,\"name\":\"La Marzocco Linea Mini coffee machine\"}]},{\"@type\":\"WebSite\",\"@id\":\"https:\/\/kiennambarista.com\/#website\",\"url\":\"https:\/\/kiennambarista.com\/\",\"name\":\"Ki\u1ebfn Nam BARISTA\",\"description\":\"Nh\u00e0 ph\u00e2n ph\u1ed1i v\u00e0 cung c\u1ea5p d\u1ecbch v\u1ee5 m\u00e1y pha c\u00e0 ph\u00ea h\u00e0ng \u0111\u1ea7u t\u1ea1i Vi\u1ec7t Nam\",\"publisher\":{\"@id\":\"https:\/\/kiennambarista.com\/#organization\"},\"potentialAction\":[{\"@type\":\"SearchAction\",\"target\":{\"@type\":\"EntryPoint\",\"urlTemplate\":\"https:\/\/kiennambarista.com\/?s={search_term_string}\"},\"query-input\":{\"@type\":\"PropertyValueSpecification\",\"valueRequired\":true,\"valueName\":\"search_term_string\"}}],\"inLanguage\":\"en-US\"},{\"@type\":\"Organization\",\"@id\":\"https:\/\/kiennambarista.com\/#organization\",\"name\":\"Ki\u1ebfn Nam BARISTA\",\"url\":\"https:\/\/kiennambarista.com\/\",\"logo\":{\"@type\":\"ImageObject\",\"inLanguage\":\"en-US\",\"@id\":\"https:\/\/kiennambarista.com\/#\/schema\/logo\/image\/\",\"url\":\"https:\/\/kiennambarista.com\/wp-content\/uploads\/2023\/01\/logo_kiennam.svg\",\"contentUrl\":\"https:\/\/kiennambarista.com\/wp-content\/uploads\/2023\/01\/logo_kiennam.svg\",\"width\":88,\"height\":54,\"caption\":\"Ki\u1ebfn Nam BARISTA\"},\"image\":{\"@id\":\"https:\/\/kiennambarista.com\/#\/schema\/logo\/image\/\"}}]}<\/script>\n<!-- \/ Yoast SEO plugin. -->","yoast_head_json":{"title":"La Marzocco Linea Mini coffee machine - KI\u1ebeN NAM BARISTA","description":"La Marzocco Linea Mini coffee machine genuine distributed by Kien Nam Barista with the leading prestigious and professional warranty policy in Vietnam","robots":{"index":"index","follow":"follow","max-snippet":"max-snippet:-1","max-image-preview":"max-image-preview:large","max-video-preview":"max-video-preview:-1"},"canonical":"https:\/\/kiennambarista.com\/?post_type=product&p=712","og_locale":"en_US","og_type":"article","og_title":"La Marzocco Linea Mini coffee machine - KI\u1ebeN NAM BARISTA","og_description":"La Marzocco Linea Mini coffee machine genuine distributed by Kien Nam Barista with the leading prestigious and professional warranty policy in Vietnam","og_url":"https:\/\/kiennambarista.com\/?post_type=product&p=712","og_site_name":"KI\u1ebeN NAM BARISTA","article_modified_time":"2023-07-05T02:21:28+00:00","og_image":[{"width":1200,"height":992,"url":"https:\/\/kiennambarista.com\/wp-content\/uploads\/2023\/01\/May-pha-ca-phe-La-Marzocco-Linea-Mini.jpg","type":"image\/jpeg"}],"twitter_card":"summary_large_image","schema":{"@context":"https:\/\/schema.org","@graph":[{"@type":"WebPage","@id":"https:\/\/kiennambarista.com\/?post_type=product&p=712","url":"https:\/\/kiennambarista.com\/?post_type=product&p=712","name":"La Marzocco Linea Mini coffee machine - KI\u1ebeN NAM BARISTA","isPartOf":{"@id":"https:\/\/kiennambarista.com\/#website"},"primaryImageOfPage":{"@id":"https:\/\/kiennambarista.com\/?post_type=product&p=712#primaryimage"},"image":{"@id":"https:\/\/kiennambarista.com\/?post_type=product&p=712#primaryimage"},"thumbnailUrl":"https:\/\/kiennambarista.com\/wp-content\/uploads\/2023\/01\/May-pha-ca-phe-La-Marzocco-Linea-Mini.jpg","datePublished":"2023-01-31T03:29:07+00:00","dateModified":"2023-07-05T02:21:28+00:00","description":"La Marzocco Linea Mini coffee machine genuine distributed by Kien Nam Barista with the leading prestigious and professional warranty policy in Vietnam","breadcrumb":{"@id":"https:\/\/kiennambarista.com\/?post_type=product&p=712#breadcrumb"},"inLanguage":"en-US","potentialAction":[{"@type":"ReadAction","target":["https:\/\/kiennambarista.com\/?post_type=product&p=712"]}]},{"@type":"ImageObject","inLanguage":"en-US","@id":"https:\/\/kiennambarista.com\/?post_type=product&p=712#primaryimage","url":"https:\/\/kiennambarista.com\/wp-content\/uploads\/2023\/01\/May-pha-ca-phe-La-Marzocco-Linea-Mini.jpg","contentUrl":"https:\/\/kiennambarista.com\/wp-content\/uploads\/2023\/01\/May-pha-ca-phe-La-Marzocco-Linea-Mini.jpg","width":1200,"height":992,"caption":"M\u00e1y pha c\u00e0 ph\u00ea La Marzocco Linea Mini l\u00e0 d\u00f2ng m\u00e1y pha c\u00e0 ph\u00ea nh\u1ecf nh\u1ea5t c\u1ee7a h\u00e3ng La Marzocco, La Marzocco Linea Mini th\u00edch h\u1ee3p cho c\u00e1c qu\u00e1n c\u00e0 ph\u00ea nh\u1ecf."},{"@type":"BreadcrumbList","@id":"https:\/\/kiennambarista.com\/?post_type=product&p=712#breadcrumb","itemListElement":[{"@type":"ListItem","position":1,"name":"Trang ch\u1ee7","item":"https:\/\/kiennambarista.com\/en\/"},{"@type":"ListItem","position":2,"name":"Product","item":"https:\/\/kiennambarista.com\/en\/san-pham\/"},{"@type":"ListItem","position":3,"name":"La Marzocco Linea Mini coffee machine"}]},{"@type":"WebSite","@id":"https:\/\/kiennambarista.com\/#website","url":"https:\/\/kiennambarista.com\/","name":"Ki\u1ebfn Nam BARISTA","description":"Nh\u00e0 ph\u00e2n ph\u1ed1i v\u00e0 cung c\u1ea5p d\u1ecbch v\u1ee5 m\u00e1y pha c\u00e0 ph\u00ea h\u00e0ng \u0111\u1ea7u t\u1ea1i Vi\u1ec7t Nam","publisher":{"@id":"https:\/\/kiennambarista.com\/#organization"},"potentialAction":[{"@type":"SearchAction","target":{"@type":"EntryPoint","urlTemplate":"https:\/\/kiennambarista.com\/?s={search_term_string}"},"query-input":{"@type":"PropertyValueSpecification","valueRequired":true,"valueName":"search_term_string"}}],"inLanguage":"en-US"},{"@type":"Organization","@id":"https:\/\/kiennambarista.com\/#organization","name":"Ki\u1ebfn Nam BARISTA","url":"https:\/\/kiennambarista.com\/","logo":{"@type":"ImageObject","inLanguage":"en-US","@id":"https:\/\/kiennambarista.com\/#\/schema\/logo\/image\/","url":"https:\/\/kiennambarista.com\/wp-content\/uploads\/2023\/01\/logo_kiennam.svg","contentUrl":"https:\/\/kiennambarista.com\/wp-content\/uploads\/2023\/01\/logo_kiennam.svg","width":88,"height":54,"caption":"Ki\u1ebfn Nam BARISTA"},"image":{"@id":"https:\/\/kiennambarista.com\/#\/schema\/logo\/image\/"}}]}},"_links":{"self":[{"href":"https:\/\/kiennambarista.com\/en\/wp-json\/wp\/v2\/product\/2629","targetHints":{"allow":["GET"]}}],"collection":[{"href":"https:\/\/kiennambarista.com\/en\/wp-json\/wp\/v2\/product"}],"about":[{"href":"https:\/\/kiennambarista.com\/en\/wp-json\/wp\/v2\/types\/product"}],"replies":[{"embeddable":true,"href":"https:\/\/kiennambarista.com\/en\/wp-json\/wp\/v2\/comments?post=2629"}],"wp:featuredmedia":[{"embeddable":true,"href":"https:\/\/kiennambarista.com\/en\/wp-json\/wp\/v2\/media\/2000"}],"wp:attachment":[{"href":"https:\/\/kiennambarista.com\/en\/wp-json\/wp\/v2\/media?parent=2629"}],"wp:term":[{"taxonomy":"product_brand","embeddable":true,"href":"https:\/\/kiennambarista.com\/en\/wp-json\/wp\/v2\/product_brand?post=2629"},{"taxonomy":"product_cat","embeddable":true,"href":"https:\/\/kiennambarista.com\/en\/wp-json\/wp\/v2\/product_cat?post=2629"},{"taxonomy":"product_tag","embeddable":true,"href":"https:\/\/kiennambarista.com\/en\/wp-json\/wp\/v2\/product_tag?post=2629"}],"curies":[{"name":"wp","href":"https:\/\/api.w.org\/{rel}","templated":true}]}}