{"id":2628,"date":"2023-01-31T10:30:21","date_gmt":"2023-01-31T03:30:21","guid":{"rendered":"https:\/\/kiennambarista.com\/san-pham\/may-pha-ca-phe-bfc-aviator-2g-t-bar\/"},"modified":"2023-07-05T09:15:59","modified_gmt":"2023-07-05T02:15:59","slug":"may-pha-ca-phe-bfc-aviator-2g-t-bar","status":"publish","type":"product","link":"https:\/\/kiennambarista.com\/en\/san-pham\/may-pha-ca-phe-bfc-aviator-2g-t-bar\/","title":{"rendered":"Coffee machine BFC AVIATOR 2G T-Bar"},"content":{"rendered":"<h1 style=\"text-align: center;\">Coffee machine BFC AVIATOR 2G T-Bar<\/h1>\n<p>The BFC AVIATOR is a modern and futuristic high-end coffee machine with an automatic coffee making mode with a built-in coffee water flow control circuit. Temperature adjustment mode on each phase cluster by LCD touch screen on each group head.<\/p>\n<p><strong>Other function:<\/strong><br \/>\n\u2022 Anti-drip<br \/>\n\u2022 Quick reheat<br \/>\n\u2022 Sediment filter<\/p>\n","protected":false},"excerpt":{"rendered":"<ul>\n<li>H\u00e3ng s\u1ea3n xu\u1ea5t: BFC<\/li>\n<li>Xu\u1ea5t x\u1ee9: Italia<\/li>\n<li>B\u1ea3o h\u00e0nh: 1 n\u0103m<\/li>\n<li>M\u00e0u s\u1eafc: Th\u00e9p kh\u00f4ng g\u1ec9<\/li>\n<\/ul>\n","protected":false},"featured_media":1999,"comment_status":"open","ping_status":"closed","template":"","meta":{"inline_featured_image":false},"product_brand":[],"product_cat":[174,189],"product_tag":[],"class_list":{"0":"post-2628","1":"product","2":"type-product","3":"status-publish","4":"has-post-thumbnail","6":"product_cat-may-pha-ca-phe-chuyen-nghiep-en","7":"product_cat-may-pha-ca-phe-bfc-en","8":"category_filter_product-thuong-hieu-en","9":"category_filter_product-cong-suat-en","10":"category_filter_product-bfc-en","11":"category_filter_product-gia-tien-en","12":"category_filter_product-250-trieu-500-trieu-en","13":"category_filter_product-7000-10000-w-en","15":"first","16":"instock","17":"featured","18":"shipping-taxable","19":"purchasable","20":"product-type-simple"},"acf":[],"yoast_head":"<!-- This site is optimized with the Yoast SEO plugin v24.9 - https:\/\/yoast.com\/wordpress\/plugins\/seo\/ -->\n<title>Coffee machine BFC AVIATOR 2G T-Bar - KI\u1ebeN NAM BARISTA<\/title>\n<meta name=\"description\" content=\"BFC AVIATOR 2G T-Bar coffee machine is officially distributed by Kien Nam Barista with the most prestigious and professional warranty policy in Vietnam.\" \/>\n<meta name=\"robots\" content=\"index, follow, max-snippet:-1, max-image-preview:large, max-video-preview:-1\" \/>\n<link rel=\"canonical\" href=\"https:\/\/kiennambarista.com\/en\/san-pham\/may-pha-ca-phe-bfc-aviator-2g-t-bar\/\" \/>\n<meta property=\"og:locale\" content=\"en_US\" \/>\n<meta property=\"og:type\" content=\"article\" \/>\n<meta property=\"og:title\" content=\"Coffee machine BFC AVIATOR 2G T-Bar - KI\u1ebeN NAM BARISTA\" \/>\n<meta property=\"og:description\" content=\"BFC AVIATOR 2G T-Bar coffee machine is officially distributed by Kien Nam Barista with the most prestigious and professional warranty policy in Vietnam.\" \/>\n<meta property=\"og:url\" content=\"https:\/\/kiennambarista.com\/en\/san-pham\/may-pha-ca-phe-bfc-aviator-2g-t-bar\/\" \/>\n<meta property=\"og:site_name\" content=\"KI\u1ebeN NAM BARISTA\" \/>\n<meta property=\"article:modified_time\" content=\"2023-07-05T02:15:59+00:00\" \/>\n<meta property=\"og:image\" content=\"https:\/\/kiennambarista.com\/wp-content\/uploads\/2023\/01\/May-pha-ca-phe-BFC-AVIATOR-2G-T-Bar.jpg\" \/>\n\t<meta property=\"og:image:width\" content=\"1200\" \/>\n\t<meta property=\"og:image:height\" content=\"992\" \/>\n\t<meta property=\"og:image:type\" content=\"image\/jpeg\" \/>\n<meta name=\"twitter:card\" content=\"summary_large_image\" \/>\n<meta name=\"twitter:label1\" content=\"Est. reading time\" \/>\n\t<meta name=\"twitter:data1\" content=\"1 minute\" \/>\n<script type=\"application\/ld+json\" class=\"yoast-schema-graph\">{\"@context\":\"https:\/\/schema.org\",\"@graph\":[{\"@type\":\"WebPage\",\"@id\":\"https:\/\/kiennambarista.com\/en\/san-pham\/may-pha-ca-phe-bfc-aviator-2g-t-bar\/\",\"url\":\"https:\/\/kiennambarista.com\/en\/san-pham\/may-pha-ca-phe-bfc-aviator-2g-t-bar\/\",\"name\":\"Coffee machine BFC AVIATOR 2G T-Bar - KI\u1ebeN NAM BARISTA\",\"isPartOf\":{\"@id\":\"https:\/\/kiennambarista.com\/#website\"},\"primaryImageOfPage\":{\"@id\":\"https:\/\/kiennambarista.com\/en\/san-pham\/may-pha-ca-phe-bfc-aviator-2g-t-bar\/#primaryimage\"},\"image\":{\"@id\":\"https:\/\/kiennambarista.com\/en\/san-pham\/may-pha-ca-phe-bfc-aviator-2g-t-bar\/#primaryimage\"},\"thumbnailUrl\":\"https:\/\/kiennambarista.com\/wp-content\/uploads\/2023\/01\/May-pha-ca-phe-BFC-AVIATOR-2G-T-Bar.jpg\",\"datePublished\":\"2023-01-31T03:30:21+00:00\",\"dateModified\":\"2023-07-05T02:15:59+00:00\",\"description\":\"BFC AVIATOR 2G T-Bar coffee machine is officially distributed by Kien Nam Barista with the most prestigious and professional warranty policy in Vietnam.\",\"breadcrumb\":{\"@id\":\"https:\/\/kiennambarista.com\/en\/san-pham\/may-pha-ca-phe-bfc-aviator-2g-t-bar\/#breadcrumb\"},\"inLanguage\":\"en-US\",\"potentialAction\":[{\"@type\":\"ReadAction\",\"target\":[\"https:\/\/kiennambarista.com\/en\/san-pham\/may-pha-ca-phe-bfc-aviator-2g-t-bar\/\"]}]},{\"@type\":\"ImageObject\",\"inLanguage\":\"en-US\",\"@id\":\"https:\/\/kiennambarista.com\/en\/san-pham\/may-pha-ca-phe-bfc-aviator-2g-t-bar\/#primaryimage\",\"url\":\"https:\/\/kiennambarista.com\/wp-content\/uploads\/2023\/01\/May-pha-ca-phe-BFC-AVIATOR-2G-T-Bar.jpg\",\"contentUrl\":\"https:\/\/kiennambarista.com\/wp-content\/uploads\/2023\/01\/May-pha-ca-phe-BFC-AVIATOR-2G-T-Bar.jpg\",\"width\":1200,\"height\":992,\"caption\":\"Aviator 2G T-Bar l\u00e0 d\u00f2ng m\u00e1y pha c\u00e0 ph\u00ea espresso cao c\u1ea5p, thi\u1ebft k\u1ebf theo phong c\u00e1ch ho\u00e0ng gia c\u1ee7a CBC Royal. M\u00e1y c\u00f3 c\u00e1c ch\u1ebf \u0111\u1ed9 pha ch\u1ebf ri\u00eang bi\u1ec7t gi\u00fap ki\u1ec3m so\u00e1t l\u01b0u l\u01b0\u1ee3ng n\u01b0\u1edbc cho ra t\u00e1ch Espresso \u0111\u1eadm \u0111\u00e0, th\u01a1m ngon. Ng\u01b0\u1eddi \u0111\u1ed3ng h\u00e0nh tin c\u1eady nh\u1ea5t c\u1ee7a c\u00e1c Barista \u0111\u1eb3ng c\u1ea5p ch\u00ednh l\u00e0 nh\u1eefng chi\u1ebfc m\u00e1y pha c\u00e0 ph\u00ea \u0111\u1eb3ng c\u1ea5p v\u00e0 Aviator 2G T-Bar l\u00e0 m\u1ed9t trong nh\u1eefng s\u1ed1 \u0111\u00f3.\"},{\"@type\":\"BreadcrumbList\",\"@id\":\"https:\/\/kiennambarista.com\/en\/san-pham\/may-pha-ca-phe-bfc-aviator-2g-t-bar\/#breadcrumb\",\"itemListElement\":[{\"@type\":\"ListItem\",\"position\":1,\"name\":\"Trang ch\u1ee7\",\"item\":\"https:\/\/kiennambarista.com\/en\/\"},{\"@type\":\"ListItem\",\"position\":2,\"name\":\"Product\",\"item\":\"https:\/\/kiennambarista.com\/en\/san-pham\/\"},{\"@type\":\"ListItem\",\"position\":3,\"name\":\"Coffee machine BFC AVIATOR 2G T-Bar\"}]},{\"@type\":\"WebSite\",\"@id\":\"https:\/\/kiennambarista.com\/#website\",\"url\":\"https:\/\/kiennambarista.com\/\",\"name\":\"Ki\u1ebfn Nam BARISTA\",\"description\":\"Nh\u00e0 ph\u00e2n ph\u1ed1i v\u00e0 cung c\u1ea5p d\u1ecbch v\u1ee5 m\u00e1y pha c\u00e0 ph\u00ea h\u00e0ng \u0111\u1ea7u t\u1ea1i Vi\u1ec7t Nam\",\"publisher\":{\"@id\":\"https:\/\/kiennambarista.com\/#organization\"},\"potentialAction\":[{\"@type\":\"SearchAction\",\"target\":{\"@type\":\"EntryPoint\",\"urlTemplate\":\"https:\/\/kiennambarista.com\/?s={search_term_string}\"},\"query-input\":{\"@type\":\"PropertyValueSpecification\",\"valueRequired\":true,\"valueName\":\"search_term_string\"}}],\"inLanguage\":\"en-US\"},{\"@type\":\"Organization\",\"@id\":\"https:\/\/kiennambarista.com\/#organization\",\"name\":\"Ki\u1ebfn Nam BARISTA\",\"url\":\"https:\/\/kiennambarista.com\/\",\"logo\":{\"@type\":\"ImageObject\",\"inLanguage\":\"en-US\",\"@id\":\"https:\/\/kiennambarista.com\/#\/schema\/logo\/image\/\",\"url\":\"https:\/\/kiennambarista.com\/wp-content\/uploads\/2023\/01\/logo_kiennam.svg\",\"contentUrl\":\"https:\/\/kiennambarista.com\/wp-content\/uploads\/2023\/01\/logo_kiennam.svg\",\"width\":88,\"height\":54,\"caption\":\"Ki\u1ebfn Nam BARISTA\"},\"image\":{\"@id\":\"https:\/\/kiennambarista.com\/#\/schema\/logo\/image\/\"}}]}<\/script>\n<!-- \/ Yoast SEO plugin. -->","yoast_head_json":{"title":"Coffee machine BFC AVIATOR 2G T-Bar - KI\u1ebeN NAM BARISTA","description":"BFC AVIATOR 2G T-Bar coffee machine is officially distributed by Kien Nam Barista with the most prestigious and professional warranty policy in Vietnam.","robots":{"index":"index","follow":"follow","max-snippet":"max-snippet:-1","max-image-preview":"max-image-preview:large","max-video-preview":"max-video-preview:-1"},"canonical":"https:\/\/kiennambarista.com\/en\/san-pham\/may-pha-ca-phe-bfc-aviator-2g-t-bar\/","og_locale":"en_US","og_type":"article","og_title":"Coffee machine BFC AVIATOR 2G T-Bar - KI\u1ebeN NAM BARISTA","og_description":"BFC AVIATOR 2G T-Bar coffee machine is officially distributed by Kien Nam Barista with the most prestigious and professional warranty policy in Vietnam.","og_url":"https:\/\/kiennambarista.com\/en\/san-pham\/may-pha-ca-phe-bfc-aviator-2g-t-bar\/","og_site_name":"KI\u1ebeN NAM BARISTA","article_modified_time":"2023-07-05T02:15:59+00:00","og_image":[{"width":1200,"height":992,"url":"https:\/\/kiennambarista.com\/wp-content\/uploads\/2023\/01\/May-pha-ca-phe-BFC-AVIATOR-2G-T-Bar.jpg","type":"image\/jpeg"}],"twitter_card":"summary_large_image","twitter_misc":{"Est. reading time":"1 minute"},"schema":{"@context":"https:\/\/schema.org","@graph":[{"@type":"WebPage","@id":"https:\/\/kiennambarista.com\/en\/san-pham\/may-pha-ca-phe-bfc-aviator-2g-t-bar\/","url":"https:\/\/kiennambarista.com\/en\/san-pham\/may-pha-ca-phe-bfc-aviator-2g-t-bar\/","name":"Coffee machine BFC AVIATOR 2G T-Bar - KI\u1ebeN NAM BARISTA","isPartOf":{"@id":"https:\/\/kiennambarista.com\/#website"},"primaryImageOfPage":{"@id":"https:\/\/kiennambarista.com\/en\/san-pham\/may-pha-ca-phe-bfc-aviator-2g-t-bar\/#primaryimage"},"image":{"@id":"https:\/\/kiennambarista.com\/en\/san-pham\/may-pha-ca-phe-bfc-aviator-2g-t-bar\/#primaryimage"},"thumbnailUrl":"https:\/\/kiennambarista.com\/wp-content\/uploads\/2023\/01\/May-pha-ca-phe-BFC-AVIATOR-2G-T-Bar.jpg","datePublished":"2023-01-31T03:30:21+00:00","dateModified":"2023-07-05T02:15:59+00:00","description":"BFC AVIATOR 2G T-Bar coffee machine is officially distributed by Kien Nam Barista with the most prestigious and professional warranty policy in Vietnam.","breadcrumb":{"@id":"https:\/\/kiennambarista.com\/en\/san-pham\/may-pha-ca-phe-bfc-aviator-2g-t-bar\/#breadcrumb"},"inLanguage":"en-US","potentialAction":[{"@type":"ReadAction","target":["https:\/\/kiennambarista.com\/en\/san-pham\/may-pha-ca-phe-bfc-aviator-2g-t-bar\/"]}]},{"@type":"ImageObject","inLanguage":"en-US","@id":"https:\/\/kiennambarista.com\/en\/san-pham\/may-pha-ca-phe-bfc-aviator-2g-t-bar\/#primaryimage","url":"https:\/\/kiennambarista.com\/wp-content\/uploads\/2023\/01\/May-pha-ca-phe-BFC-AVIATOR-2G-T-Bar.jpg","contentUrl":"https:\/\/kiennambarista.com\/wp-content\/uploads\/2023\/01\/May-pha-ca-phe-BFC-AVIATOR-2G-T-Bar.jpg","width":1200,"height":992,"caption":"Aviator 2G T-Bar l\u00e0 d\u00f2ng m\u00e1y pha c\u00e0 ph\u00ea espresso cao c\u1ea5p, thi\u1ebft k\u1ebf theo phong c\u00e1ch ho\u00e0ng gia c\u1ee7a CBC Royal. M\u00e1y c\u00f3 c\u00e1c ch\u1ebf \u0111\u1ed9 pha ch\u1ebf ri\u00eang bi\u1ec7t gi\u00fap ki\u1ec3m so\u00e1t l\u01b0u l\u01b0\u1ee3ng n\u01b0\u1edbc cho ra t\u00e1ch Espresso \u0111\u1eadm \u0111\u00e0, th\u01a1m ngon. Ng\u01b0\u1eddi \u0111\u1ed3ng h\u00e0nh tin c\u1eady nh\u1ea5t c\u1ee7a c\u00e1c Barista \u0111\u1eb3ng c\u1ea5p ch\u00ednh l\u00e0 nh\u1eefng chi\u1ebfc m\u00e1y pha c\u00e0 ph\u00ea \u0111\u1eb3ng c\u1ea5p v\u00e0 Aviator 2G T-Bar l\u00e0 m\u1ed9t trong nh\u1eefng s\u1ed1 \u0111\u00f3."},{"@type":"BreadcrumbList","@id":"https:\/\/kiennambarista.com\/en\/san-pham\/may-pha-ca-phe-bfc-aviator-2g-t-bar\/#breadcrumb","itemListElement":[{"@type":"ListItem","position":1,"name":"Trang ch\u1ee7","item":"https:\/\/kiennambarista.com\/en\/"},{"@type":"ListItem","position":2,"name":"Product","item":"https:\/\/kiennambarista.com\/en\/san-pham\/"},{"@type":"ListItem","position":3,"name":"Coffee machine BFC AVIATOR 2G T-Bar"}]},{"@type":"WebSite","@id":"https:\/\/kiennambarista.com\/#website","url":"https:\/\/kiennambarista.com\/","name":"Ki\u1ebfn Nam BARISTA","description":"Nh\u00e0 ph\u00e2n ph\u1ed1i v\u00e0 cung c\u1ea5p d\u1ecbch v\u1ee5 m\u00e1y pha c\u00e0 ph\u00ea h\u00e0ng \u0111\u1ea7u t\u1ea1i Vi\u1ec7t Nam","publisher":{"@id":"https:\/\/kiennambarista.com\/#organization"},"potentialAction":[{"@type":"SearchAction","target":{"@type":"EntryPoint","urlTemplate":"https:\/\/kiennambarista.com\/?s={search_term_string}"},"query-input":{"@type":"PropertyValueSpecification","valueRequired":true,"valueName":"search_term_string"}}],"inLanguage":"en-US"},{"@type":"Organization","@id":"https:\/\/kiennambarista.com\/#organization","name":"Ki\u1ebfn Nam BARISTA","url":"https:\/\/kiennambarista.com\/","logo":{"@type":"ImageObject","inLanguage":"en-US","@id":"https:\/\/kiennambarista.com\/#\/schema\/logo\/image\/","url":"https:\/\/kiennambarista.com\/wp-content\/uploads\/2023\/01\/logo_kiennam.svg","contentUrl":"https:\/\/kiennambarista.com\/wp-content\/uploads\/2023\/01\/logo_kiennam.svg","width":88,"height":54,"caption":"Ki\u1ebfn Nam BARISTA"},"image":{"@id":"https:\/\/kiennambarista.com\/#\/schema\/logo\/image\/"}}]}},"_links":{"self":[{"href":"https:\/\/kiennambarista.com\/en\/wp-json\/wp\/v2\/product\/2628","targetHints":{"allow":["GET"]}}],"collection":[{"href":"https:\/\/kiennambarista.com\/en\/wp-json\/wp\/v2\/product"}],"about":[{"href":"https:\/\/kiennambarista.com\/en\/wp-json\/wp\/v2\/types\/product"}],"replies":[{"embeddable":true,"href":"https:\/\/kiennambarista.com\/en\/wp-json\/wp\/v2\/comments?post=2628"}],"wp:featuredmedia":[{"embeddable":true,"href":"https:\/\/kiennambarista.com\/en\/wp-json\/wp\/v2\/media\/1999"}],"wp:attachment":[{"href":"https:\/\/kiennambarista.com\/en\/wp-json\/wp\/v2\/media?parent=2628"}],"wp:term":[{"taxonomy":"product_brand","embeddable":true,"href":"https:\/\/kiennambarista.com\/en\/wp-json\/wp\/v2\/product_brand?post=2628"},{"taxonomy":"product_cat","embeddable":true,"href":"https:\/\/kiennambarista.com\/en\/wp-json\/wp\/v2\/product_cat?post=2628"},{"taxonomy":"product_tag","embeddable":true,"href":"https:\/\/kiennambarista.com\/en\/wp-json\/wp\/v2\/product_tag?post=2628"}],"curies":[{"name":"wp","href":"https:\/\/api.w.org\/{rel}","templated":true}]}}