{"id":2627,"date":"2023-01-31T10:36:26","date_gmt":"2023-01-31T03:36:26","guid":{"rendered":"https:\/\/kiennambarista.com\/san-pham\/may-pha-ca-phe-bfc-aviator-2g-14-el\/"},"modified":"2023-07-05T09:13:11","modified_gmt":"2023-07-05T02:13:11","slug":"may-pha-ca-phe-bfc-aviator-2g-14-el","status":"publish","type":"product","link":"https:\/\/kiennambarista.com\/en\/san-pham\/may-pha-ca-phe-bfc-aviator-2g-14-el\/","title":{"rendered":"Coffee machine BFC AVIATOR 2G\/14\/EL"},"content":{"rendered":"<h1 style=\"text-align: center;\">Coffee machine BFC AVIATOR 2G\/14\/EL<\/h1>\n<p>The BFC AVIATOR is a modern and futuristic high-end coffee machine with an automatic coffee making mode with a built-in coffee water flow control circuit. Temperature adjustment mode on each phase cluster by LCD touch screen on each group head.<\/p>\n<p><em>Same function as:<\/em><\/p>\n<ul>\n<li>Anti-drip<\/li>\n<li>Fast heating<\/li>\n<li>Sediment filter<\/li>\n<\/ul>\n","protected":false},"excerpt":{"rendered":"<ul>\n<li>Producer: BFC<\/li>\n<li>Origin: Italy<\/li>\n<li>1 year warranty<\/li>\n<li>Color: stainless steel<\/li>\n<\/ul>\n","protected":false},"featured_media":1998,"comment_status":"open","ping_status":"closed","template":"","meta":{"inline_featured_image":false},"product_brand":[],"product_cat":[174,189],"product_tag":[],"class_list":{"0":"post-2627","1":"product","2":"type-product","3":"status-publish","4":"has-post-thumbnail","6":"product_cat-may-pha-ca-phe-chuyen-nghiep-en","7":"product_cat-may-pha-ca-phe-bfc-en","8":"category_filter_product-thuong-hieu-en","9":"category_filter_product-bfc-en","10":"category_filter_product-cong-suat-en","11":"category_filter_product-gia-tien-en","12":"category_filter_product-3000-4000-w-en","13":"category_filter_product-250-trieu-500-trieu-en","15":"first","16":"instock","17":"featured","18":"shipping-taxable","19":"purchasable","20":"product-type-simple"},"acf":[],"yoast_head":"<!-- This site is optimized with the Yoast SEO plugin v24.9 - https:\/\/yoast.com\/wordpress\/plugins\/seo\/ -->\n<title>Coffee machine BFC AVIATOR 2G\/14\/EL - KI\u1ebeN NAM BARISTA<\/title>\n<meta name=\"description\" content=\"BFC AVIATOR 2G\/14\/EL coffee machine genuine distribution by Kien Nam Barista with professional warranty policy, leading reputation in Vietnam\" \/>\n<meta name=\"robots\" content=\"index, follow, max-snippet:-1, max-image-preview:large, max-video-preview:-1\" \/>\n<link rel=\"canonical\" href=\"https:\/\/kiennambarista.com\/en\/san-pham\/may-pha-ca-phe-bfc-aviator-2g-14-el\/\" \/>\n<meta property=\"og:locale\" content=\"en_US\" \/>\n<meta property=\"og:type\" content=\"article\" \/>\n<meta property=\"og:title\" content=\"Coffee machine BFC AVIATOR 2G\/14\/EL - KI\u1ebeN NAM BARISTA\" \/>\n<meta property=\"og:description\" content=\"BFC AVIATOR 2G\/14\/EL coffee machine genuine distribution by Kien Nam Barista with professional warranty policy, leading reputation in Vietnam\" \/>\n<meta property=\"og:url\" content=\"https:\/\/kiennambarista.com\/en\/san-pham\/may-pha-ca-phe-bfc-aviator-2g-14-el\/\" \/>\n<meta property=\"og:site_name\" content=\"KI\u1ebeN NAM BARISTA\" \/>\n<meta property=\"article:modified_time\" content=\"2023-07-05T02:13:11+00:00\" \/>\n<meta property=\"og:image\" content=\"https:\/\/kiennambarista.com\/wp-content\/uploads\/2023\/01\/May-pha-ca-phe-BFC-AVIATOR-2G-14-EL.jpg\" \/>\n\t<meta property=\"og:image:width\" content=\"1200\" \/>\n\t<meta property=\"og:image:height\" content=\"992\" \/>\n\t<meta property=\"og:image:type\" content=\"image\/jpeg\" \/>\n<meta name=\"twitter:card\" content=\"summary_large_image\" \/>\n<script type=\"application\/ld+json\" class=\"yoast-schema-graph\">{\"@context\":\"https:\/\/schema.org\",\"@graph\":[{\"@type\":\"WebPage\",\"@id\":\"https:\/\/kiennambarista.com\/en\/san-pham\/may-pha-ca-phe-bfc-aviator-2g-14-el\/\",\"url\":\"https:\/\/kiennambarista.com\/en\/san-pham\/may-pha-ca-phe-bfc-aviator-2g-14-el\/\",\"name\":\"Coffee machine BFC AVIATOR 2G\/14\/EL - KI\u1ebeN NAM BARISTA\",\"isPartOf\":{\"@id\":\"https:\/\/kiennambarista.com\/#website\"},\"primaryImageOfPage\":{\"@id\":\"https:\/\/kiennambarista.com\/en\/san-pham\/may-pha-ca-phe-bfc-aviator-2g-14-el\/#primaryimage\"},\"image\":{\"@id\":\"https:\/\/kiennambarista.com\/en\/san-pham\/may-pha-ca-phe-bfc-aviator-2g-14-el\/#primaryimage\"},\"thumbnailUrl\":\"https:\/\/kiennambarista.com\/wp-content\/uploads\/2023\/01\/May-pha-ca-phe-BFC-AVIATOR-2G-14-EL.jpg\",\"datePublished\":\"2023-01-31T03:36:26+00:00\",\"dateModified\":\"2023-07-05T02:13:11+00:00\",\"description\":\"BFC AVIATOR 2G\/14\/EL coffee machine genuine distribution by Kien Nam Barista with professional warranty policy, leading reputation in Vietnam\",\"breadcrumb\":{\"@id\":\"https:\/\/kiennambarista.com\/en\/san-pham\/may-pha-ca-phe-bfc-aviator-2g-14-el\/#breadcrumb\"},\"inLanguage\":\"en-US\",\"potentialAction\":[{\"@type\":\"ReadAction\",\"target\":[\"https:\/\/kiennambarista.com\/en\/san-pham\/may-pha-ca-phe-bfc-aviator-2g-14-el\/\"]}]},{\"@type\":\"ImageObject\",\"inLanguage\":\"en-US\",\"@id\":\"https:\/\/kiennambarista.com\/en\/san-pham\/may-pha-ca-phe-bfc-aviator-2g-14-el\/#primaryimage\",\"url\":\"https:\/\/kiennambarista.com\/wp-content\/uploads\/2023\/01\/May-pha-ca-phe-BFC-AVIATOR-2G-14-EL.jpg\",\"contentUrl\":\"https:\/\/kiennambarista.com\/wp-content\/uploads\/2023\/01\/May-pha-ca-phe-BFC-AVIATOR-2G-14-EL.jpg\",\"width\":1200,\"height\":992,\"caption\":\"\u0110\u01b0\u1ee3c thi\u1ebft k\u1ebf chuy\u00ean bi\u1ec7t d\u00e0nh cho c\u00e1c Barista \u0111\u1eb3ng c\u1ea5p v\u00e0 cho nh\u1eefng ng\u01b0\u1eddi d\u00f9ng c\u00f3 ki\u1ebfn th\u1ee9c s\u00e2u v\u1ec1 l\u0129nh v\u1ef1c pha ch\u1ebf c\u0169ng nh\u01b0 c\u00e1c nh\u00e0 rang xay c\u00e0 ph\u00ea, c\u00e1c chuy\u00ean gia d\u1ea1y v\u1ec1 \u201cth\u1eed v\u00e0 n\u1ebfm\u201d c\u00e0 ph\u00ea, c\u00e1c chu\u1ed7i qu\u00e1n c\u00e0 ph\u00ea l\u1edbn ch\u00fa tr\u1ecdng \u0111\u1ebfn ch\u1ea5t l\u01b0\u1ee3ng tuy\u1ec7t h\u1ea3o c\u1ee7a t\u00e1ch c\u00e0 ph\u00ea.\"},{\"@type\":\"BreadcrumbList\",\"@id\":\"https:\/\/kiennambarista.com\/en\/san-pham\/may-pha-ca-phe-bfc-aviator-2g-14-el\/#breadcrumb\",\"itemListElement\":[{\"@type\":\"ListItem\",\"position\":1,\"name\":\"Trang ch\u1ee7\",\"item\":\"https:\/\/kiennambarista.com\/en\/\"},{\"@type\":\"ListItem\",\"position\":2,\"name\":\"Product\",\"item\":\"https:\/\/kiennambarista.com\/en\/san-pham\/\"},{\"@type\":\"ListItem\",\"position\":3,\"name\":\"Coffee machine BFC AVIATOR 2G\/14\/EL\"}]},{\"@type\":\"WebSite\",\"@id\":\"https:\/\/kiennambarista.com\/#website\",\"url\":\"https:\/\/kiennambarista.com\/\",\"name\":\"Ki\u1ebfn Nam BARISTA\",\"description\":\"Nh\u00e0 ph\u00e2n ph\u1ed1i v\u00e0 cung c\u1ea5p d\u1ecbch v\u1ee5 m\u00e1y pha c\u00e0 ph\u00ea h\u00e0ng \u0111\u1ea7u t\u1ea1i Vi\u1ec7t Nam\",\"publisher\":{\"@id\":\"https:\/\/kiennambarista.com\/#organization\"},\"potentialAction\":[{\"@type\":\"SearchAction\",\"target\":{\"@type\":\"EntryPoint\",\"urlTemplate\":\"https:\/\/kiennambarista.com\/?s={search_term_string}\"},\"query-input\":{\"@type\":\"PropertyValueSpecification\",\"valueRequired\":true,\"valueName\":\"search_term_string\"}}],\"inLanguage\":\"en-US\"},{\"@type\":\"Organization\",\"@id\":\"https:\/\/kiennambarista.com\/#organization\",\"name\":\"Ki\u1ebfn Nam BARISTA\",\"url\":\"https:\/\/kiennambarista.com\/\",\"logo\":{\"@type\":\"ImageObject\",\"inLanguage\":\"en-US\",\"@id\":\"https:\/\/kiennambarista.com\/#\/schema\/logo\/image\/\",\"url\":\"https:\/\/kiennambarista.com\/wp-content\/uploads\/2023\/01\/logo_kiennam.svg\",\"contentUrl\":\"https:\/\/kiennambarista.com\/wp-content\/uploads\/2023\/01\/logo_kiennam.svg\",\"width\":88,\"height\":54,\"caption\":\"Ki\u1ebfn Nam BARISTA\"},\"image\":{\"@id\":\"https:\/\/kiennambarista.com\/#\/schema\/logo\/image\/\"}}]}<\/script>\n<!-- \/ Yoast SEO plugin. -->","yoast_head_json":{"title":"Coffee machine BFC AVIATOR 2G\/14\/EL - KI\u1ebeN NAM BARISTA","description":"BFC AVIATOR 2G\/14\/EL coffee machine genuine distribution by Kien Nam Barista with professional warranty policy, leading reputation in Vietnam","robots":{"index":"index","follow":"follow","max-snippet":"max-snippet:-1","max-image-preview":"max-image-preview:large","max-video-preview":"max-video-preview:-1"},"canonical":"https:\/\/kiennambarista.com\/en\/san-pham\/may-pha-ca-phe-bfc-aviator-2g-14-el\/","og_locale":"en_US","og_type":"article","og_title":"Coffee machine BFC AVIATOR 2G\/14\/EL - KI\u1ebeN NAM BARISTA","og_description":"BFC AVIATOR 2G\/14\/EL coffee machine genuine distribution by Kien Nam Barista with professional warranty policy, leading reputation in Vietnam","og_url":"https:\/\/kiennambarista.com\/en\/san-pham\/may-pha-ca-phe-bfc-aviator-2g-14-el\/","og_site_name":"KI\u1ebeN NAM BARISTA","article_modified_time":"2023-07-05T02:13:11+00:00","og_image":[{"width":1200,"height":992,"url":"https:\/\/kiennambarista.com\/wp-content\/uploads\/2023\/01\/May-pha-ca-phe-BFC-AVIATOR-2G-14-EL.jpg","type":"image\/jpeg"}],"twitter_card":"summary_large_image","schema":{"@context":"https:\/\/schema.org","@graph":[{"@type":"WebPage","@id":"https:\/\/kiennambarista.com\/en\/san-pham\/may-pha-ca-phe-bfc-aviator-2g-14-el\/","url":"https:\/\/kiennambarista.com\/en\/san-pham\/may-pha-ca-phe-bfc-aviator-2g-14-el\/","name":"Coffee machine BFC AVIATOR 2G\/14\/EL - KI\u1ebeN NAM BARISTA","isPartOf":{"@id":"https:\/\/kiennambarista.com\/#website"},"primaryImageOfPage":{"@id":"https:\/\/kiennambarista.com\/en\/san-pham\/may-pha-ca-phe-bfc-aviator-2g-14-el\/#primaryimage"},"image":{"@id":"https:\/\/kiennambarista.com\/en\/san-pham\/may-pha-ca-phe-bfc-aviator-2g-14-el\/#primaryimage"},"thumbnailUrl":"https:\/\/kiennambarista.com\/wp-content\/uploads\/2023\/01\/May-pha-ca-phe-BFC-AVIATOR-2G-14-EL.jpg","datePublished":"2023-01-31T03:36:26+00:00","dateModified":"2023-07-05T02:13:11+00:00","description":"BFC AVIATOR 2G\/14\/EL coffee machine genuine distribution by Kien Nam Barista with professional warranty policy, leading reputation in Vietnam","breadcrumb":{"@id":"https:\/\/kiennambarista.com\/en\/san-pham\/may-pha-ca-phe-bfc-aviator-2g-14-el\/#breadcrumb"},"inLanguage":"en-US","potentialAction":[{"@type":"ReadAction","target":["https:\/\/kiennambarista.com\/en\/san-pham\/may-pha-ca-phe-bfc-aviator-2g-14-el\/"]}]},{"@type":"ImageObject","inLanguage":"en-US","@id":"https:\/\/kiennambarista.com\/en\/san-pham\/may-pha-ca-phe-bfc-aviator-2g-14-el\/#primaryimage","url":"https:\/\/kiennambarista.com\/wp-content\/uploads\/2023\/01\/May-pha-ca-phe-BFC-AVIATOR-2G-14-EL.jpg","contentUrl":"https:\/\/kiennambarista.com\/wp-content\/uploads\/2023\/01\/May-pha-ca-phe-BFC-AVIATOR-2G-14-EL.jpg","width":1200,"height":992,"caption":"\u0110\u01b0\u1ee3c thi\u1ebft k\u1ebf chuy\u00ean bi\u1ec7t d\u00e0nh cho c\u00e1c Barista \u0111\u1eb3ng c\u1ea5p v\u00e0 cho nh\u1eefng ng\u01b0\u1eddi d\u00f9ng c\u00f3 ki\u1ebfn th\u1ee9c s\u00e2u v\u1ec1 l\u0129nh v\u1ef1c pha ch\u1ebf c\u0169ng nh\u01b0 c\u00e1c nh\u00e0 rang xay c\u00e0 ph\u00ea, c\u00e1c chuy\u00ean gia d\u1ea1y v\u1ec1 \u201cth\u1eed v\u00e0 n\u1ebfm\u201d c\u00e0 ph\u00ea, c\u00e1c chu\u1ed7i qu\u00e1n c\u00e0 ph\u00ea l\u1edbn ch\u00fa tr\u1ecdng \u0111\u1ebfn ch\u1ea5t l\u01b0\u1ee3ng tuy\u1ec7t h\u1ea3o c\u1ee7a t\u00e1ch c\u00e0 ph\u00ea."},{"@type":"BreadcrumbList","@id":"https:\/\/kiennambarista.com\/en\/san-pham\/may-pha-ca-phe-bfc-aviator-2g-14-el\/#breadcrumb","itemListElement":[{"@type":"ListItem","position":1,"name":"Trang ch\u1ee7","item":"https:\/\/kiennambarista.com\/en\/"},{"@type":"ListItem","position":2,"name":"Product","item":"https:\/\/kiennambarista.com\/en\/san-pham\/"},{"@type":"ListItem","position":3,"name":"Coffee machine BFC AVIATOR 2G\/14\/EL"}]},{"@type":"WebSite","@id":"https:\/\/kiennambarista.com\/#website","url":"https:\/\/kiennambarista.com\/","name":"Ki\u1ebfn Nam BARISTA","description":"Nh\u00e0 ph\u00e2n ph\u1ed1i v\u00e0 cung c\u1ea5p d\u1ecbch v\u1ee5 m\u00e1y pha c\u00e0 ph\u00ea h\u00e0ng \u0111\u1ea7u t\u1ea1i Vi\u1ec7t Nam","publisher":{"@id":"https:\/\/kiennambarista.com\/#organization"},"potentialAction":[{"@type":"SearchAction","target":{"@type":"EntryPoint","urlTemplate":"https:\/\/kiennambarista.com\/?s={search_term_string}"},"query-input":{"@type":"PropertyValueSpecification","valueRequired":true,"valueName":"search_term_string"}}],"inLanguage":"en-US"},{"@type":"Organization","@id":"https:\/\/kiennambarista.com\/#organization","name":"Ki\u1ebfn Nam BARISTA","url":"https:\/\/kiennambarista.com\/","logo":{"@type":"ImageObject","inLanguage":"en-US","@id":"https:\/\/kiennambarista.com\/#\/schema\/logo\/image\/","url":"https:\/\/kiennambarista.com\/wp-content\/uploads\/2023\/01\/logo_kiennam.svg","contentUrl":"https:\/\/kiennambarista.com\/wp-content\/uploads\/2023\/01\/logo_kiennam.svg","width":88,"height":54,"caption":"Ki\u1ebfn Nam BARISTA"},"image":{"@id":"https:\/\/kiennambarista.com\/#\/schema\/logo\/image\/"}}]}},"_links":{"self":[{"href":"https:\/\/kiennambarista.com\/en\/wp-json\/wp\/v2\/product\/2627","targetHints":{"allow":["GET"]}}],"collection":[{"href":"https:\/\/kiennambarista.com\/en\/wp-json\/wp\/v2\/product"}],"about":[{"href":"https:\/\/kiennambarista.com\/en\/wp-json\/wp\/v2\/types\/product"}],"replies":[{"embeddable":true,"href":"https:\/\/kiennambarista.com\/en\/wp-json\/wp\/v2\/comments?post=2627"}],"wp:featuredmedia":[{"embeddable":true,"href":"https:\/\/kiennambarista.com\/en\/wp-json\/wp\/v2\/media\/1998"}],"wp:attachment":[{"href":"https:\/\/kiennambarista.com\/en\/wp-json\/wp\/v2\/media?parent=2627"}],"wp:term":[{"taxonomy":"product_brand","embeddable":true,"href":"https:\/\/kiennambarista.com\/en\/wp-json\/wp\/v2\/product_brand?post=2627"},{"taxonomy":"product_cat","embeddable":true,"href":"https:\/\/kiennambarista.com\/en\/wp-json\/wp\/v2\/product_cat?post=2627"},{"taxonomy":"product_tag","embeddable":true,"href":"https:\/\/kiennambarista.com\/en\/wp-json\/wp\/v2\/product_tag?post=2627"}],"curies":[{"name":"wp","href":"https:\/\/api.w.org\/{rel}","templated":true}]}}