{"id":2624,"date":"2023-01-31T10:38:14","date_gmt":"2023-01-31T03:38:14","guid":{"rendered":"https:\/\/kiennambarista.com\/san-pham\/may-pha-ca-phe-bfc-rs-2g-14-el\/"},"modified":"2023-07-05T09:03:59","modified_gmt":"2023-07-05T02:03:59","slug":"may-pha-ca-phe-bfc-rs-2g-14-el","status":"publish","type":"product","link":"https:\/\/kiennambarista.com\/en\/san-pham\/may-pha-ca-phe-bfc-rs-2g-14-el\/","title":{"rendered":"Coffee machine BFC DE LUX &#8220;RS&#8221; 2G\/14\/EL"},"content":{"rendered":"<h1 style=\"text-align: center;\">Coffee machine BFC DE LUX &#8220;RS&#8221; 2G\/14\/EL<\/h1>\n<ul>\n<li>Automatic coffee making mode by pre-installed coffee water flow control circuit.<\/li>\n<li>Filter: Stainless steel filter mesh<\/li>\n<li>Automatic water dosing mode<\/li>\n<li>Key board with illuminated buttons below<\/li>\n<li>Heat balance mode, automatic temperature adjustment<\/li>\n<li>Stainless steel case, Stainless steel<\/li>\n<li>The back is designed with led lights, creating a strong design<\/li>\n<li>Quick cup warming mode<\/li>\n<li>2 steam nozzles for milking<\/li>\n<li>1 hot water faucet<\/li>\n<li>Pressure gauge : Yes<\/li>\n<\/ul>\n","protected":false},"excerpt":{"rendered":"<ul>\n<li>Producer: BFC<\/li>\n<li>Origin: Italy<\/li>\n<li>1 year warranty<\/li>\n<li>Color: Black\/Red<\/li>\n<\/ul>\n","protected":false},"featured_media":1994,"comment_status":"open","ping_status":"closed","template":"","meta":{"inline_featured_image":false},"product_brand":[],"product_cat":[174,189],"product_tag":[],"class_list":{"0":"post-2624","1":"product","2":"type-product","3":"status-publish","4":"has-post-thumbnail","6":"product_cat-may-pha-ca-phe-chuyen-nghiep-en","7":"product_cat-may-pha-ca-phe-bfc-en","8":"category_filter_product-thuong-hieu-en","9":"category_filter_product-cong-suat-en","10":"category_filter_product-bfc-en","11":"category_filter_product-gia-tien-en","12":"category_filter_product-100-trieu-150-trieu-en","13":"category_filter_product-3000-4000-w-en","15":"first","16":"instock","17":"featured","18":"shipping-taxable","19":"purchasable","20":"product-type-simple"},"acf":[],"yoast_head":"<!-- This site is optimized with the Yoast SEO plugin v24.9 - https:\/\/yoast.com\/wordpress\/plugins\/seo\/ -->\n<title>Coffee machine BFC DE LUX &quot;RS&quot; 2G\/14\/EL - KI\u1ebeN NAM BARISTA<\/title>\n<meta name=\"description\" content=\"BFC Delux RS 2G\/14\/EL coffee machine genuine distributed by Kien Nam Barista with the leading professional and prestigious warranty policy in Vietnam\" \/>\n<meta name=\"robots\" content=\"index, follow, max-snippet:-1, max-image-preview:large, max-video-preview:-1\" \/>\n<link rel=\"canonical\" href=\"https:\/\/kiennambarista.com\/en\/san-pham\/may-pha-ca-phe-bfc-rs-2g-14-el\/\" \/>\n<meta property=\"og:locale\" content=\"en_US\" \/>\n<meta property=\"og:type\" content=\"article\" \/>\n<meta property=\"og:title\" content=\"Coffee machine BFC DE LUX &quot;RS&quot; 2G\/14\/EL - KI\u1ebeN NAM BARISTA\" \/>\n<meta property=\"og:description\" content=\"BFC Delux RS 2G\/14\/EL coffee machine genuine distributed by Kien Nam Barista with the leading professional and prestigious warranty policy in Vietnam\" \/>\n<meta property=\"og:url\" content=\"https:\/\/kiennambarista.com\/en\/san-pham\/may-pha-ca-phe-bfc-rs-2g-14-el\/\" \/>\n<meta property=\"og:site_name\" content=\"KI\u1ebeN NAM BARISTA\" \/>\n<meta property=\"article:modified_time\" content=\"2023-07-05T02:03:59+00:00\" \/>\n<meta property=\"og:image\" content=\"https:\/\/kiennambarista.com\/wp-content\/uploads\/2023\/01\/May-pha-ca-phe-BFC-Delux-RS-2G-14-EL.jpg\" \/>\n\t<meta property=\"og:image:width\" content=\"1200\" \/>\n\t<meta property=\"og:image:height\" content=\"992\" \/>\n\t<meta property=\"og:image:type\" content=\"image\/jpeg\" \/>\n<meta name=\"twitter:card\" content=\"summary_large_image\" \/>\n<script type=\"application\/ld+json\" class=\"yoast-schema-graph\">{\"@context\":\"https:\/\/schema.org\",\"@graph\":[{\"@type\":\"WebPage\",\"@id\":\"https:\/\/kiennambarista.com\/en\/san-pham\/may-pha-ca-phe-bfc-rs-2g-14-el\/\",\"url\":\"https:\/\/kiennambarista.com\/en\/san-pham\/may-pha-ca-phe-bfc-rs-2g-14-el\/\",\"name\":\"Coffee machine BFC DE LUX \\\"RS\\\" 2G\/14\/EL - KI\u1ebeN NAM BARISTA\",\"isPartOf\":{\"@id\":\"https:\/\/kiennambarista.com\/#website\"},\"primaryImageOfPage\":{\"@id\":\"https:\/\/kiennambarista.com\/en\/san-pham\/may-pha-ca-phe-bfc-rs-2g-14-el\/#primaryimage\"},\"image\":{\"@id\":\"https:\/\/kiennambarista.com\/en\/san-pham\/may-pha-ca-phe-bfc-rs-2g-14-el\/#primaryimage\"},\"thumbnailUrl\":\"https:\/\/kiennambarista.com\/wp-content\/uploads\/2023\/01\/May-pha-ca-phe-BFC-Delux-RS-2G-14-EL.jpg\",\"datePublished\":\"2023-01-31T03:38:14+00:00\",\"dateModified\":\"2023-07-05T02:03:59+00:00\",\"description\":\"BFC Delux RS 2G\/14\/EL coffee machine genuine distributed by Kien Nam Barista with the leading professional and prestigious warranty policy in Vietnam\",\"breadcrumb\":{\"@id\":\"https:\/\/kiennambarista.com\/en\/san-pham\/may-pha-ca-phe-bfc-rs-2g-14-el\/#breadcrumb\"},\"inLanguage\":\"en-US\",\"potentialAction\":[{\"@type\":\"ReadAction\",\"target\":[\"https:\/\/kiennambarista.com\/en\/san-pham\/may-pha-ca-phe-bfc-rs-2g-14-el\/\"]}]},{\"@type\":\"ImageObject\",\"inLanguage\":\"en-US\",\"@id\":\"https:\/\/kiennambarista.com\/en\/san-pham\/may-pha-ca-phe-bfc-rs-2g-14-el\/#primaryimage\",\"url\":\"https:\/\/kiennambarista.com\/wp-content\/uploads\/2023\/01\/May-pha-ca-phe-BFC-Delux-RS-2G-14-EL.jpg\",\"contentUrl\":\"https:\/\/kiennambarista.com\/wp-content\/uploads\/2023\/01\/May-pha-ca-phe-BFC-Delux-RS-2G-14-EL.jpg\",\"width\":1200,\"height\":992,\"caption\":\"M\u00e1y pha c\u00e0 ph\u00ea BFC Delux 2G\/14\/EL (\u0110\u1ecbnh l\u01b0\u1ee3ng t\u1ef1 \u0111\u1ed9ng) \u0111\u01b0\u1ee3c thi\u1ebft k\u1ebf d\u00e0nh cho c\u00e1c kh\u00f4ng gian r\u1ed9ng l\u1edbn, y\u00eau c\u1ea7u t\u00ednh th\u1ea9m m\u1ef9 cao. Ph\u00f9 h\u1ee3p v\u1edbi nh\u1eefng qu\u00e1n c\u00e0 ph\u00ea hi\u1ec7n \u0111\u1ea1i, c\u00e1c chu\u1ed7i qu\u00e1n c\u00e0 ph\u00ea to go, qu\u00e1n c\u00e0 ph\u00ea take away\u2026 c\u00f3 c\u00f4ng su\u1ea5t ph\u1ee5c v\u1ee5 c\u00e0 ph\u00ea tr\u00ean 400 t\u00e1ch\/ng\u00e0y.\"},{\"@type\":\"BreadcrumbList\",\"@id\":\"https:\/\/kiennambarista.com\/en\/san-pham\/may-pha-ca-phe-bfc-rs-2g-14-el\/#breadcrumb\",\"itemListElement\":[{\"@type\":\"ListItem\",\"position\":1,\"name\":\"Trang ch\u1ee7\",\"item\":\"https:\/\/kiennambarista.com\/en\/\"},{\"@type\":\"ListItem\",\"position\":2,\"name\":\"Product\",\"item\":\"https:\/\/kiennambarista.com\/en\/san-pham\/\"},{\"@type\":\"ListItem\",\"position\":3,\"name\":\"Coffee machine BFC DE LUX &#8220;RS&#8221; 2G\/14\/EL\"}]},{\"@type\":\"WebSite\",\"@id\":\"https:\/\/kiennambarista.com\/#website\",\"url\":\"https:\/\/kiennambarista.com\/\",\"name\":\"Ki\u1ebfn Nam BARISTA\",\"description\":\"Nh\u00e0 ph\u00e2n ph\u1ed1i v\u00e0 cung c\u1ea5p d\u1ecbch v\u1ee5 m\u00e1y pha c\u00e0 ph\u00ea h\u00e0ng \u0111\u1ea7u t\u1ea1i Vi\u1ec7t Nam\",\"publisher\":{\"@id\":\"https:\/\/kiennambarista.com\/#organization\"},\"potentialAction\":[{\"@type\":\"SearchAction\",\"target\":{\"@type\":\"EntryPoint\",\"urlTemplate\":\"https:\/\/kiennambarista.com\/?s={search_term_string}\"},\"query-input\":{\"@type\":\"PropertyValueSpecification\",\"valueRequired\":true,\"valueName\":\"search_term_string\"}}],\"inLanguage\":\"en-US\"},{\"@type\":\"Organization\",\"@id\":\"https:\/\/kiennambarista.com\/#organization\",\"name\":\"Ki\u1ebfn Nam BARISTA\",\"url\":\"https:\/\/kiennambarista.com\/\",\"logo\":{\"@type\":\"ImageObject\",\"inLanguage\":\"en-US\",\"@id\":\"https:\/\/kiennambarista.com\/#\/schema\/logo\/image\/\",\"url\":\"https:\/\/kiennambarista.com\/wp-content\/uploads\/2023\/01\/logo_kiennam.svg\",\"contentUrl\":\"https:\/\/kiennambarista.com\/wp-content\/uploads\/2023\/01\/logo_kiennam.svg\",\"width\":88,\"height\":54,\"caption\":\"Ki\u1ebfn Nam BARISTA\"},\"image\":{\"@id\":\"https:\/\/kiennambarista.com\/#\/schema\/logo\/image\/\"}}]}<\/script>\n<!-- \/ Yoast SEO plugin. -->","yoast_head_json":{"title":"Coffee machine BFC DE LUX \"RS\" 2G\/14\/EL - KI\u1ebeN NAM BARISTA","description":"BFC Delux RS 2G\/14\/EL coffee machine genuine distributed by Kien Nam Barista with the leading professional and prestigious warranty policy in Vietnam","robots":{"index":"index","follow":"follow","max-snippet":"max-snippet:-1","max-image-preview":"max-image-preview:large","max-video-preview":"max-video-preview:-1"},"canonical":"https:\/\/kiennambarista.com\/en\/san-pham\/may-pha-ca-phe-bfc-rs-2g-14-el\/","og_locale":"en_US","og_type":"article","og_title":"Coffee machine BFC DE LUX \"RS\" 2G\/14\/EL - KI\u1ebeN NAM BARISTA","og_description":"BFC Delux RS 2G\/14\/EL coffee machine genuine distributed by Kien Nam Barista with the leading professional and prestigious warranty policy in Vietnam","og_url":"https:\/\/kiennambarista.com\/en\/san-pham\/may-pha-ca-phe-bfc-rs-2g-14-el\/","og_site_name":"KI\u1ebeN NAM BARISTA","article_modified_time":"2023-07-05T02:03:59+00:00","og_image":[{"width":1200,"height":992,"url":"https:\/\/kiennambarista.com\/wp-content\/uploads\/2023\/01\/May-pha-ca-phe-BFC-Delux-RS-2G-14-EL.jpg","type":"image\/jpeg"}],"twitter_card":"summary_large_image","schema":{"@context":"https:\/\/schema.org","@graph":[{"@type":"WebPage","@id":"https:\/\/kiennambarista.com\/en\/san-pham\/may-pha-ca-phe-bfc-rs-2g-14-el\/","url":"https:\/\/kiennambarista.com\/en\/san-pham\/may-pha-ca-phe-bfc-rs-2g-14-el\/","name":"Coffee machine BFC DE LUX \"RS\" 2G\/14\/EL - KI\u1ebeN NAM BARISTA","isPartOf":{"@id":"https:\/\/kiennambarista.com\/#website"},"primaryImageOfPage":{"@id":"https:\/\/kiennambarista.com\/en\/san-pham\/may-pha-ca-phe-bfc-rs-2g-14-el\/#primaryimage"},"image":{"@id":"https:\/\/kiennambarista.com\/en\/san-pham\/may-pha-ca-phe-bfc-rs-2g-14-el\/#primaryimage"},"thumbnailUrl":"https:\/\/kiennambarista.com\/wp-content\/uploads\/2023\/01\/May-pha-ca-phe-BFC-Delux-RS-2G-14-EL.jpg","datePublished":"2023-01-31T03:38:14+00:00","dateModified":"2023-07-05T02:03:59+00:00","description":"BFC Delux RS 2G\/14\/EL coffee machine genuine distributed by Kien Nam Barista with the leading professional and prestigious warranty policy in Vietnam","breadcrumb":{"@id":"https:\/\/kiennambarista.com\/en\/san-pham\/may-pha-ca-phe-bfc-rs-2g-14-el\/#breadcrumb"},"inLanguage":"en-US","potentialAction":[{"@type":"ReadAction","target":["https:\/\/kiennambarista.com\/en\/san-pham\/may-pha-ca-phe-bfc-rs-2g-14-el\/"]}]},{"@type":"ImageObject","inLanguage":"en-US","@id":"https:\/\/kiennambarista.com\/en\/san-pham\/may-pha-ca-phe-bfc-rs-2g-14-el\/#primaryimage","url":"https:\/\/kiennambarista.com\/wp-content\/uploads\/2023\/01\/May-pha-ca-phe-BFC-Delux-RS-2G-14-EL.jpg","contentUrl":"https:\/\/kiennambarista.com\/wp-content\/uploads\/2023\/01\/May-pha-ca-phe-BFC-Delux-RS-2G-14-EL.jpg","width":1200,"height":992,"caption":"M\u00e1y pha c\u00e0 ph\u00ea BFC Delux 2G\/14\/EL (\u0110\u1ecbnh l\u01b0\u1ee3ng t\u1ef1 \u0111\u1ed9ng) \u0111\u01b0\u1ee3c thi\u1ebft k\u1ebf d\u00e0nh cho c\u00e1c kh\u00f4ng gian r\u1ed9ng l\u1edbn, y\u00eau c\u1ea7u t\u00ednh th\u1ea9m m\u1ef9 cao. Ph\u00f9 h\u1ee3p v\u1edbi nh\u1eefng qu\u00e1n c\u00e0 ph\u00ea hi\u1ec7n \u0111\u1ea1i, c\u00e1c chu\u1ed7i qu\u00e1n c\u00e0 ph\u00ea to go, qu\u00e1n c\u00e0 ph\u00ea take away\u2026 c\u00f3 c\u00f4ng su\u1ea5t ph\u1ee5c v\u1ee5 c\u00e0 ph\u00ea tr\u00ean 400 t\u00e1ch\/ng\u00e0y."},{"@type":"BreadcrumbList","@id":"https:\/\/kiennambarista.com\/en\/san-pham\/may-pha-ca-phe-bfc-rs-2g-14-el\/#breadcrumb","itemListElement":[{"@type":"ListItem","position":1,"name":"Trang ch\u1ee7","item":"https:\/\/kiennambarista.com\/en\/"},{"@type":"ListItem","position":2,"name":"Product","item":"https:\/\/kiennambarista.com\/en\/san-pham\/"},{"@type":"ListItem","position":3,"name":"Coffee machine BFC DE LUX &#8220;RS&#8221; 2G\/14\/EL"}]},{"@type":"WebSite","@id":"https:\/\/kiennambarista.com\/#website","url":"https:\/\/kiennambarista.com\/","name":"Ki\u1ebfn Nam BARISTA","description":"Nh\u00e0 ph\u00e2n ph\u1ed1i v\u00e0 cung c\u1ea5p d\u1ecbch v\u1ee5 m\u00e1y pha c\u00e0 ph\u00ea h\u00e0ng \u0111\u1ea7u t\u1ea1i Vi\u1ec7t Nam","publisher":{"@id":"https:\/\/kiennambarista.com\/#organization"},"potentialAction":[{"@type":"SearchAction","target":{"@type":"EntryPoint","urlTemplate":"https:\/\/kiennambarista.com\/?s={search_term_string}"},"query-input":{"@type":"PropertyValueSpecification","valueRequired":true,"valueName":"search_term_string"}}],"inLanguage":"en-US"},{"@type":"Organization","@id":"https:\/\/kiennambarista.com\/#organization","name":"Ki\u1ebfn Nam BARISTA","url":"https:\/\/kiennambarista.com\/","logo":{"@type":"ImageObject","inLanguage":"en-US","@id":"https:\/\/kiennambarista.com\/#\/schema\/logo\/image\/","url":"https:\/\/kiennambarista.com\/wp-content\/uploads\/2023\/01\/logo_kiennam.svg","contentUrl":"https:\/\/kiennambarista.com\/wp-content\/uploads\/2023\/01\/logo_kiennam.svg","width":88,"height":54,"caption":"Ki\u1ebfn Nam BARISTA"},"image":{"@id":"https:\/\/kiennambarista.com\/#\/schema\/logo\/image\/"}}]}},"_links":{"self":[{"href":"https:\/\/kiennambarista.com\/en\/wp-json\/wp\/v2\/product\/2624","targetHints":{"allow":["GET"]}}],"collection":[{"href":"https:\/\/kiennambarista.com\/en\/wp-json\/wp\/v2\/product"}],"about":[{"href":"https:\/\/kiennambarista.com\/en\/wp-json\/wp\/v2\/types\/product"}],"replies":[{"embeddable":true,"href":"https:\/\/kiennambarista.com\/en\/wp-json\/wp\/v2\/comments?post=2624"}],"wp:featuredmedia":[{"embeddable":true,"href":"https:\/\/kiennambarista.com\/en\/wp-json\/wp\/v2\/media\/1994"}],"wp:attachment":[{"href":"https:\/\/kiennambarista.com\/en\/wp-json\/wp\/v2\/media?parent=2624"}],"wp:term":[{"taxonomy":"product_brand","embeddable":true,"href":"https:\/\/kiennambarista.com\/en\/wp-json\/wp\/v2\/product_brand?post=2624"},{"taxonomy":"product_cat","embeddable":true,"href":"https:\/\/kiennambarista.com\/en\/wp-json\/wp\/v2\/product_cat?post=2624"},{"taxonomy":"product_tag","embeddable":true,"href":"https:\/\/kiennambarista.com\/en\/wp-json\/wp\/v2\/product_tag?post=2624"}],"curies":[{"name":"wp","href":"https:\/\/api.w.org\/{rel}","templated":true}]}}