{"id":2621,"date":"2023-01-31T10:39:06","date_gmt":"2023-01-31T03:39:06","guid":{"rendered":"https:\/\/kiennambarista.com\/san-pham\/may-pha-ca-phe-bfc-delux-1g-4-pl\/"},"modified":"2023-07-04T16:29:09","modified_gmt":"2023-07-04T09:29:09","slug":"may-pha-ca-phe-bfc-delux-1g-4-pl","status":"publish","type":"product","link":"https:\/\/kiennambarista.com\/en\/san-pham\/may-pha-ca-phe-bfc-delux-1g-4-pl\/","title":{"rendered":"Coffee machine BFC DE LUX 1G\/4\/PL"},"content":{"rendered":"<h1 style=\"text-align: center;\">Coffee machine BFC DE LUX 1G\/4\/PL<\/h1>\n<p>The BFC DE LUX\u00a01G\/4\/PL coffee machine is an automatic coffee machine with a compact design with dynamic colors.<\/p>\n<ul>\n<li>Body with shiny stainless steel construction.<\/li>\n<li>Fast split warming mode.<\/li>\n<li>Heat balance mode, automatically adjust the temperature.<\/li>\n<li>Anti-drip, filter residue.<\/li>\n<li>The LED lighting system when the machine is in operation is impressively designed.<\/li>\n<li>In addition, the BFC DE LUX 1G\/4\/PL coffee machine is equipped with 1 steam nozzle, 1 hot water faucet made of shiny stainless steel, easy to operate and clean.<\/li>\n<\/ul>\n","protected":false},"excerpt":{"rendered":"<ul>\n<li>Manufacturer: BFC<\/li>\n<li>Origin: Italy<\/li>\n<li>1 year warranty<\/li>\n<li>Color: Black\/Red<\/li>\n<\/ul>\n","protected":false},"featured_media":2150,"comment_status":"open","ping_status":"closed","template":"","meta":{"inline_featured_image":false},"product_brand":[],"product_cat":[174,189],"product_tag":[],"class_list":{"0":"post-2621","1":"product","2":"type-product","3":"status-publish","4":"has-post-thumbnail","6":"product_cat-may-pha-ca-phe-chuyen-nghiep-en","7":"product_cat-may-pha-ca-phe-bfc-en","8":"category_filter_product-thuong-hieu-en","9":"category_filter_product-bfc-en","10":"category_filter_product-cong-suat-en","11":"category_filter_product-gia-tien-en","12":"category_filter_product-2000-3000-w-en","13":"category_filter_product-50-million-100-million-en","15":"first","16":"instock","17":"featured","18":"shipping-taxable","19":"purchasable","20":"product-type-simple"},"acf":[],"yoast_head":"<!-- This site is optimized with the Yoast SEO plugin v24.9 - https:\/\/yoast.com\/wordpress\/plugins\/seo\/ -->\n<title>Coffee machine BFC DE LUX 1G\/4\/PL - KI\u1ebeN NAM BARISTA<\/title>\n<meta name=\"description\" content=\"Genuine BFC Delux 1G\/4\/PL Coffee Maker genuine distributed by Kien Nam Barista with the leading professional and prestigious warranty policy in Vietnam\" \/>\n<meta name=\"robots\" content=\"index, follow, max-snippet:-1, max-image-preview:large, max-video-preview:-1\" \/>\n<link rel=\"canonical\" href=\"https:\/\/kiennambarista.com\/en\/san-pham\/may-pha-ca-phe-bfc-delux-1g-4-pl\/\" \/>\n<meta property=\"og:locale\" content=\"en_US\" \/>\n<meta property=\"og:type\" content=\"article\" \/>\n<meta property=\"og:title\" content=\"Coffee machine BFC DE LUX 1G\/4\/PL - KI\u1ebeN NAM BARISTA\" \/>\n<meta property=\"og:description\" content=\"Genuine BFC Delux 1G\/4\/PL Coffee Maker genuine distributed by Kien Nam Barista with the leading professional and prestigious warranty policy in Vietnam\" \/>\n<meta property=\"og:url\" content=\"https:\/\/kiennambarista.com\/en\/san-pham\/may-pha-ca-phe-bfc-delux-1g-4-pl\/\" \/>\n<meta property=\"og:site_name\" content=\"KI\u1ebeN NAM BARISTA\" \/>\n<meta property=\"article:modified_time\" content=\"2023-07-04T09:29:09+00:00\" \/>\n<meta property=\"og:image\" content=\"https:\/\/kiennambarista.com\/wp-content\/uploads\/2023\/01\/May-pha-ca-phe-BFC-Delux-1G-4-PL.jpg\" \/>\n\t<meta property=\"og:image:width\" content=\"1200\" \/>\n\t<meta property=\"og:image:height\" content=\"992\" \/>\n\t<meta property=\"og:image:type\" content=\"image\/jpeg\" \/>\n<meta name=\"twitter:card\" content=\"summary_large_image\" \/>\n<script type=\"application\/ld+json\" class=\"yoast-schema-graph\">{\"@context\":\"https:\/\/schema.org\",\"@graph\":[{\"@type\":\"WebPage\",\"@id\":\"https:\/\/kiennambarista.com\/en\/san-pham\/may-pha-ca-phe-bfc-delux-1g-4-pl\/\",\"url\":\"https:\/\/kiennambarista.com\/en\/san-pham\/may-pha-ca-phe-bfc-delux-1g-4-pl\/\",\"name\":\"Coffee machine BFC DE LUX 1G\/4\/PL - KI\u1ebeN NAM BARISTA\",\"isPartOf\":{\"@id\":\"https:\/\/kiennambarista.com\/#website\"},\"primaryImageOfPage\":{\"@id\":\"https:\/\/kiennambarista.com\/en\/san-pham\/may-pha-ca-phe-bfc-delux-1g-4-pl\/#primaryimage\"},\"image\":{\"@id\":\"https:\/\/kiennambarista.com\/en\/san-pham\/may-pha-ca-phe-bfc-delux-1g-4-pl\/#primaryimage\"},\"thumbnailUrl\":\"https:\/\/kiennambarista.com\/wp-content\/uploads\/2023\/01\/May-pha-ca-phe-BFC-Delux-1G-4-PL.jpg\",\"datePublished\":\"2023-01-31T03:39:06+00:00\",\"dateModified\":\"2023-07-04T09:29:09+00:00\",\"description\":\"Genuine BFC Delux 1G\/4\/PL Coffee Maker genuine distributed by Kien Nam Barista with the leading professional and prestigious warranty policy in Vietnam\",\"breadcrumb\":{\"@id\":\"https:\/\/kiennambarista.com\/en\/san-pham\/may-pha-ca-phe-bfc-delux-1g-4-pl\/#breadcrumb\"},\"inLanguage\":\"en-US\",\"potentialAction\":[{\"@type\":\"ReadAction\",\"target\":[\"https:\/\/kiennambarista.com\/en\/san-pham\/may-pha-ca-phe-bfc-delux-1g-4-pl\/\"]}]},{\"@type\":\"ImageObject\",\"inLanguage\":\"en-US\",\"@id\":\"https:\/\/kiennambarista.com\/en\/san-pham\/may-pha-ca-phe-bfc-delux-1g-4-pl\/#primaryimage\",\"url\":\"https:\/\/kiennambarista.com\/wp-content\/uploads\/2023\/01\/May-pha-ca-phe-BFC-Delux-1G-4-PL.jpg\",\"contentUrl\":\"https:\/\/kiennambarista.com\/wp-content\/uploads\/2023\/01\/May-pha-ca-phe-BFC-Delux-1G-4-PL.jpg\",\"width\":1200,\"height\":992,\"caption\":\"Ph\u00f9 h\u1ee3p v\u1edbi kh\u00f4ng gian c\u00f3 t\u1ea7ng su\u1ea5t ph\u1ee5c v\u1ee5 cao nh\u01b0ng h\u1ea1n ch\u1ebf v\u1ec1 k\u00edch th\u01b0\u1edbc c\u1ee7a qu\u1ea7y \u0111\u1eb7t m\u00e1y. Ph\u00f9 h\u1ee3p v\u1edbi c\u00e1c qu\u00e1n c\u00f3 c\u00f4ng su\u1ea5t ph\u1ee5c v\u1ee5 trong ph\u1ea1m vi 200 t\u00e1ch\/ng\u00e0y.\"},{\"@type\":\"BreadcrumbList\",\"@id\":\"https:\/\/kiennambarista.com\/en\/san-pham\/may-pha-ca-phe-bfc-delux-1g-4-pl\/#breadcrumb\",\"itemListElement\":[{\"@type\":\"ListItem\",\"position\":1,\"name\":\"Trang ch\u1ee7\",\"item\":\"https:\/\/kiennambarista.com\/en\/\"},{\"@type\":\"ListItem\",\"position\":2,\"name\":\"Product\",\"item\":\"https:\/\/kiennambarista.com\/en\/san-pham\/\"},{\"@type\":\"ListItem\",\"position\":3,\"name\":\"Coffee machine BFC DE LUX 1G\/4\/PL\"}]},{\"@type\":\"WebSite\",\"@id\":\"https:\/\/kiennambarista.com\/#website\",\"url\":\"https:\/\/kiennambarista.com\/\",\"name\":\"Ki\u1ebfn Nam BARISTA\",\"description\":\"Nh\u00e0 ph\u00e2n ph\u1ed1i v\u00e0 cung c\u1ea5p d\u1ecbch v\u1ee5 m\u00e1y pha c\u00e0 ph\u00ea h\u00e0ng \u0111\u1ea7u t\u1ea1i Vi\u1ec7t Nam\",\"publisher\":{\"@id\":\"https:\/\/kiennambarista.com\/#organization\"},\"potentialAction\":[{\"@type\":\"SearchAction\",\"target\":{\"@type\":\"EntryPoint\",\"urlTemplate\":\"https:\/\/kiennambarista.com\/?s={search_term_string}\"},\"query-input\":{\"@type\":\"PropertyValueSpecification\",\"valueRequired\":true,\"valueName\":\"search_term_string\"}}],\"inLanguage\":\"en-US\"},{\"@type\":\"Organization\",\"@id\":\"https:\/\/kiennambarista.com\/#organization\",\"name\":\"Ki\u1ebfn Nam BARISTA\",\"url\":\"https:\/\/kiennambarista.com\/\",\"logo\":{\"@type\":\"ImageObject\",\"inLanguage\":\"en-US\",\"@id\":\"https:\/\/kiennambarista.com\/#\/schema\/logo\/image\/\",\"url\":\"https:\/\/kiennambarista.com\/wp-content\/uploads\/2023\/01\/logo_kiennam.svg\",\"contentUrl\":\"https:\/\/kiennambarista.com\/wp-content\/uploads\/2023\/01\/logo_kiennam.svg\",\"width\":88,\"height\":54,\"caption\":\"Ki\u1ebfn Nam BARISTA\"},\"image\":{\"@id\":\"https:\/\/kiennambarista.com\/#\/schema\/logo\/image\/\"}}]}<\/script>\n<!-- \/ Yoast SEO plugin. -->","yoast_head_json":{"title":"Coffee machine BFC DE LUX 1G\/4\/PL - KI\u1ebeN NAM BARISTA","description":"Genuine BFC Delux 1G\/4\/PL Coffee Maker genuine distributed by Kien Nam Barista with the leading professional and prestigious warranty policy in Vietnam","robots":{"index":"index","follow":"follow","max-snippet":"max-snippet:-1","max-image-preview":"max-image-preview:large","max-video-preview":"max-video-preview:-1"},"canonical":"https:\/\/kiennambarista.com\/en\/san-pham\/may-pha-ca-phe-bfc-delux-1g-4-pl\/","og_locale":"en_US","og_type":"article","og_title":"Coffee machine BFC DE LUX 1G\/4\/PL - KI\u1ebeN NAM BARISTA","og_description":"Genuine BFC Delux 1G\/4\/PL Coffee Maker genuine distributed by Kien Nam Barista with the leading professional and prestigious warranty policy in Vietnam","og_url":"https:\/\/kiennambarista.com\/en\/san-pham\/may-pha-ca-phe-bfc-delux-1g-4-pl\/","og_site_name":"KI\u1ebeN NAM BARISTA","article_modified_time":"2023-07-04T09:29:09+00:00","og_image":[{"width":1200,"height":992,"url":"https:\/\/kiennambarista.com\/wp-content\/uploads\/2023\/01\/May-pha-ca-phe-BFC-Delux-1G-4-PL.jpg","type":"image\/jpeg"}],"twitter_card":"summary_large_image","schema":{"@context":"https:\/\/schema.org","@graph":[{"@type":"WebPage","@id":"https:\/\/kiennambarista.com\/en\/san-pham\/may-pha-ca-phe-bfc-delux-1g-4-pl\/","url":"https:\/\/kiennambarista.com\/en\/san-pham\/may-pha-ca-phe-bfc-delux-1g-4-pl\/","name":"Coffee machine BFC DE LUX 1G\/4\/PL - KI\u1ebeN NAM BARISTA","isPartOf":{"@id":"https:\/\/kiennambarista.com\/#website"},"primaryImageOfPage":{"@id":"https:\/\/kiennambarista.com\/en\/san-pham\/may-pha-ca-phe-bfc-delux-1g-4-pl\/#primaryimage"},"image":{"@id":"https:\/\/kiennambarista.com\/en\/san-pham\/may-pha-ca-phe-bfc-delux-1g-4-pl\/#primaryimage"},"thumbnailUrl":"https:\/\/kiennambarista.com\/wp-content\/uploads\/2023\/01\/May-pha-ca-phe-BFC-Delux-1G-4-PL.jpg","datePublished":"2023-01-31T03:39:06+00:00","dateModified":"2023-07-04T09:29:09+00:00","description":"Genuine BFC Delux 1G\/4\/PL Coffee Maker genuine distributed by Kien Nam Barista with the leading professional and prestigious warranty policy in Vietnam","breadcrumb":{"@id":"https:\/\/kiennambarista.com\/en\/san-pham\/may-pha-ca-phe-bfc-delux-1g-4-pl\/#breadcrumb"},"inLanguage":"en-US","potentialAction":[{"@type":"ReadAction","target":["https:\/\/kiennambarista.com\/en\/san-pham\/may-pha-ca-phe-bfc-delux-1g-4-pl\/"]}]},{"@type":"ImageObject","inLanguage":"en-US","@id":"https:\/\/kiennambarista.com\/en\/san-pham\/may-pha-ca-phe-bfc-delux-1g-4-pl\/#primaryimage","url":"https:\/\/kiennambarista.com\/wp-content\/uploads\/2023\/01\/May-pha-ca-phe-BFC-Delux-1G-4-PL.jpg","contentUrl":"https:\/\/kiennambarista.com\/wp-content\/uploads\/2023\/01\/May-pha-ca-phe-BFC-Delux-1G-4-PL.jpg","width":1200,"height":992,"caption":"Ph\u00f9 h\u1ee3p v\u1edbi kh\u00f4ng gian c\u00f3 t\u1ea7ng su\u1ea5t ph\u1ee5c v\u1ee5 cao nh\u01b0ng h\u1ea1n ch\u1ebf v\u1ec1 k\u00edch th\u01b0\u1edbc c\u1ee7a qu\u1ea7y \u0111\u1eb7t m\u00e1y. Ph\u00f9 h\u1ee3p v\u1edbi c\u00e1c qu\u00e1n c\u00f3 c\u00f4ng su\u1ea5t ph\u1ee5c v\u1ee5 trong ph\u1ea1m vi 200 t\u00e1ch\/ng\u00e0y."},{"@type":"BreadcrumbList","@id":"https:\/\/kiennambarista.com\/en\/san-pham\/may-pha-ca-phe-bfc-delux-1g-4-pl\/#breadcrumb","itemListElement":[{"@type":"ListItem","position":1,"name":"Trang ch\u1ee7","item":"https:\/\/kiennambarista.com\/en\/"},{"@type":"ListItem","position":2,"name":"Product","item":"https:\/\/kiennambarista.com\/en\/san-pham\/"},{"@type":"ListItem","position":3,"name":"Coffee machine BFC DE LUX 1G\/4\/PL"}]},{"@type":"WebSite","@id":"https:\/\/kiennambarista.com\/#website","url":"https:\/\/kiennambarista.com\/","name":"Ki\u1ebfn Nam BARISTA","description":"Nh\u00e0 ph\u00e2n ph\u1ed1i v\u00e0 cung c\u1ea5p d\u1ecbch v\u1ee5 m\u00e1y pha c\u00e0 ph\u00ea h\u00e0ng \u0111\u1ea7u t\u1ea1i Vi\u1ec7t Nam","publisher":{"@id":"https:\/\/kiennambarista.com\/#organization"},"potentialAction":[{"@type":"SearchAction","target":{"@type":"EntryPoint","urlTemplate":"https:\/\/kiennambarista.com\/?s={search_term_string}"},"query-input":{"@type":"PropertyValueSpecification","valueRequired":true,"valueName":"search_term_string"}}],"inLanguage":"en-US"},{"@type":"Organization","@id":"https:\/\/kiennambarista.com\/#organization","name":"Ki\u1ebfn Nam BARISTA","url":"https:\/\/kiennambarista.com\/","logo":{"@type":"ImageObject","inLanguage":"en-US","@id":"https:\/\/kiennambarista.com\/#\/schema\/logo\/image\/","url":"https:\/\/kiennambarista.com\/wp-content\/uploads\/2023\/01\/logo_kiennam.svg","contentUrl":"https:\/\/kiennambarista.com\/wp-content\/uploads\/2023\/01\/logo_kiennam.svg","width":88,"height":54,"caption":"Ki\u1ebfn Nam BARISTA"},"image":{"@id":"https:\/\/kiennambarista.com\/#\/schema\/logo\/image\/"}}]}},"_links":{"self":[{"href":"https:\/\/kiennambarista.com\/en\/wp-json\/wp\/v2\/product\/2621","targetHints":{"allow":["GET"]}}],"collection":[{"href":"https:\/\/kiennambarista.com\/en\/wp-json\/wp\/v2\/product"}],"about":[{"href":"https:\/\/kiennambarista.com\/en\/wp-json\/wp\/v2\/types\/product"}],"replies":[{"embeddable":true,"href":"https:\/\/kiennambarista.com\/en\/wp-json\/wp\/v2\/comments?post=2621"}],"wp:featuredmedia":[{"embeddable":true,"href":"https:\/\/kiennambarista.com\/en\/wp-json\/wp\/v2\/media\/2150"}],"wp:attachment":[{"href":"https:\/\/kiennambarista.com\/en\/wp-json\/wp\/v2\/media?parent=2621"}],"wp:term":[{"taxonomy":"product_brand","embeddable":true,"href":"https:\/\/kiennambarista.com\/en\/wp-json\/wp\/v2\/product_brand?post=2621"},{"taxonomy":"product_cat","embeddable":true,"href":"https:\/\/kiennambarista.com\/en\/wp-json\/wp\/v2\/product_cat?post=2621"},{"taxonomy":"product_tag","embeddable":true,"href":"https:\/\/kiennambarista.com\/en\/wp-json\/wp\/v2\/product_tag?post=2621"}],"curies":[{"name":"wp","href":"https:\/\/api.w.org\/{rel}","templated":true}]}}