{"id":2620,"date":"2023-02-16T11:17:10","date_gmt":"2023-02-16T04:17:10","guid":{"rendered":"https:\/\/kiennambarista.com\/san-pham\/may-pha-ca-phe-bfc-experta-1g-1-3\/"},"modified":"2023-07-04T16:22:37","modified_gmt":"2023-07-04T09:22:37","slug":"may-pha-ca-phe-bfc-experta-1g-1-3","status":"publish","type":"product","link":"https:\/\/kiennambarista.com\/en\/san-pham\/may-pha-ca-phe-bfc-experta-1g-1-3\/","title":{"rendered":"BFC Experta 1G\/1,3\/LE . coffee machine"},"content":{"rendered":"<h1 style=\"text-align: center;\">BFC Experta 1G\/1,3\/LE . coffee machine<\/h1>\n<ul>\n<li>Brewing mode : lever control<\/li>\n<li>Continuous heat circulation in copper boiler<\/li>\n<li>1 steam nozzle<\/li>\n<li>1 hot water faucet<\/li>\n<li>Vibration pump<\/li>\n<li>Automatic boiler water level control<\/li>\n<li>Heat balancer<\/li>\n<li>Litri \/ US \/ GAL 3 \/ 0.8 . internal storage tank<\/li>\n<li>Filter: Stainless steel filter mesh<\/li>\n<\/ul>\n<p><strong>Other function:<\/strong><\/p>\n<ul>\n<li>Anti-drip<\/li>\n<li>Fast heating<\/li>\n<li>Sediment filter<\/li>\n<\/ul>\n","protected":false},"excerpt":{"rendered":"<ul>\n<li>Producer: BFC<\/li>\n<li>Origin: Italy<\/li>\n<li>1 year warranty<\/li>\n<li>Color: White\/Black<\/li>\n<\/ul>\n","protected":false},"featured_media":1988,"comment_status":"open","ping_status":"closed","template":"","meta":{"inline_featured_image":false},"product_brand":[],"product_cat":[174,189],"product_tag":[],"class_list":{"0":"post-2620","1":"product","2":"type-product","3":"status-publish","4":"has-post-thumbnail","6":"product_cat-may-pha-ca-phe-chuyen-nghiep-en","7":"product_cat-may-pha-ca-phe-bfc-en","8":"category_filter_product-thuong-hieu-en","9":"category_filter_product-cong-suat-en","10":"category_filter_product-1000-2000-w-en","11":"category_filter_product-bfc-en","12":"category_filter_product-20-million-50-million-en","14":"first","15":"instock","16":"shipping-taxable","17":"purchasable","18":"product-type-simple"},"acf":[],"yoast_head":"<!-- This site is optimized with the Yoast SEO plugin v24.9 - https:\/\/yoast.com\/wordpress\/plugins\/seo\/ -->\n<title>BFC Experta 1G\/1,3\/LE . coffee machine - KI\u1ebeN NAM BARISTA<\/title>\n<meta name=\"description\" content=\"BFC Experta 1G\/1,3\/LE coffee machine is officially distributed by Kien Nam Barista with the most prestigious and professional warranty policy in Vietnam.\" \/>\n<meta name=\"robots\" content=\"index, follow, max-snippet:-1, max-image-preview:large, max-video-preview:-1\" \/>\n<link rel=\"canonical\" href=\"https:\/\/kiennambarista.com\/en\/san-pham\/may-pha-ca-phe-bfc-experta-1g-1-3\/\" \/>\n<meta property=\"og:locale\" content=\"en_US\" \/>\n<meta property=\"og:type\" content=\"article\" \/>\n<meta property=\"og:title\" content=\"BFC Experta 1G\/1,3\/LE . coffee machine - KI\u1ebeN NAM BARISTA\" \/>\n<meta property=\"og:description\" content=\"BFC Experta 1G\/1,3\/LE coffee machine is officially distributed by Kien Nam Barista with the most prestigious and professional warranty policy in Vietnam.\" \/>\n<meta property=\"og:url\" content=\"https:\/\/kiennambarista.com\/en\/san-pham\/may-pha-ca-phe-bfc-experta-1g-1-3\/\" \/>\n<meta property=\"og:site_name\" content=\"KI\u1ebeN NAM BARISTA\" \/>\n<meta property=\"article:modified_time\" content=\"2023-07-04T09:22:37+00:00\" \/>\n<meta property=\"og:image\" content=\"https:\/\/kiennambarista.com\/wp-content\/uploads\/2023\/02\/May-pha-ca-phe-BFC-Experta-1G-1.3-EL.jpg\" \/>\n\t<meta property=\"og:image:width\" content=\"1200\" \/>\n\t<meta property=\"og:image:height\" content=\"992\" \/>\n\t<meta property=\"og:image:type\" content=\"image\/jpeg\" \/>\n<meta name=\"twitter:card\" content=\"summary_large_image\" \/>\n<script type=\"application\/ld+json\" class=\"yoast-schema-graph\">{\"@context\":\"https:\/\/schema.org\",\"@graph\":[{\"@type\":\"WebPage\",\"@id\":\"https:\/\/kiennambarista.com\/en\/san-pham\/may-pha-ca-phe-bfc-experta-1g-1-3\/\",\"url\":\"https:\/\/kiennambarista.com\/en\/san-pham\/may-pha-ca-phe-bfc-experta-1g-1-3\/\",\"name\":\"BFC Experta 1G\/1,3\/LE . coffee machine - KI\u1ebeN NAM BARISTA\",\"isPartOf\":{\"@id\":\"https:\/\/kiennambarista.com\/#website\"},\"primaryImageOfPage\":{\"@id\":\"https:\/\/kiennambarista.com\/en\/san-pham\/may-pha-ca-phe-bfc-experta-1g-1-3\/#primaryimage\"},\"image\":{\"@id\":\"https:\/\/kiennambarista.com\/en\/san-pham\/may-pha-ca-phe-bfc-experta-1g-1-3\/#primaryimage\"},\"thumbnailUrl\":\"https:\/\/kiennambarista.com\/wp-content\/uploads\/2023\/02\/May-pha-ca-phe-BFC-Experta-1G-1.3-EL.jpg\",\"datePublished\":\"2023-02-16T04:17:10+00:00\",\"dateModified\":\"2023-07-04T09:22:37+00:00\",\"description\":\"BFC Experta 1G\/1,3\/LE coffee machine is officially distributed by Kien Nam Barista with the most prestigious and professional warranty policy in Vietnam.\",\"breadcrumb\":{\"@id\":\"https:\/\/kiennambarista.com\/en\/san-pham\/may-pha-ca-phe-bfc-experta-1g-1-3\/#breadcrumb\"},\"inLanguage\":\"en-US\",\"potentialAction\":[{\"@type\":\"ReadAction\",\"target\":[\"https:\/\/kiennambarista.com\/en\/san-pham\/may-pha-ca-phe-bfc-experta-1g-1-3\/\"]}]},{\"@type\":\"ImageObject\",\"inLanguage\":\"en-US\",\"@id\":\"https:\/\/kiennambarista.com\/en\/san-pham\/may-pha-ca-phe-bfc-experta-1g-1-3\/#primaryimage\",\"url\":\"https:\/\/kiennambarista.com\/wp-content\/uploads\/2023\/02\/May-pha-ca-phe-BFC-Experta-1G-1.3-EL.jpg\",\"contentUrl\":\"https:\/\/kiennambarista.com\/wp-content\/uploads\/2023\/02\/May-pha-ca-phe-BFC-Experta-1G-1.3-EL.jpg\",\"width\":1200,\"height\":992,\"caption\":\"BFC Experta l\u00e0 m\u1ed9t m\u00e1y pha c\u00e0 ph\u00ea espresso ch\u1ea5t l\u01b0\u1ee3ng cao v\u00e0 gi\u00e1 c\u1ea3 ph\u1ea3i ch\u0103ng d\u00e0nh cho nh\u1eefng ai mu\u1ed1n t\u1ef1 tay pha 1 ly c\u00e0 ph\u00ea th\u1eadt ngon t\u1ea1i nh\u00e0.\"},{\"@type\":\"BreadcrumbList\",\"@id\":\"https:\/\/kiennambarista.com\/en\/san-pham\/may-pha-ca-phe-bfc-experta-1g-1-3\/#breadcrumb\",\"itemListElement\":[{\"@type\":\"ListItem\",\"position\":1,\"name\":\"Trang ch\u1ee7\",\"item\":\"https:\/\/kiennambarista.com\/en\/\"},{\"@type\":\"ListItem\",\"position\":2,\"name\":\"Product\",\"item\":\"https:\/\/kiennambarista.com\/en\/san-pham\/\"},{\"@type\":\"ListItem\",\"position\":3,\"name\":\"BFC Experta 1G\/1,3\/LE . coffee machine\"}]},{\"@type\":\"WebSite\",\"@id\":\"https:\/\/kiennambarista.com\/#website\",\"url\":\"https:\/\/kiennambarista.com\/\",\"name\":\"Ki\u1ebfn Nam BARISTA\",\"description\":\"Nh\u00e0 ph\u00e2n ph\u1ed1i v\u00e0 cung c\u1ea5p d\u1ecbch v\u1ee5 m\u00e1y pha c\u00e0 ph\u00ea h\u00e0ng \u0111\u1ea7u t\u1ea1i Vi\u1ec7t Nam\",\"publisher\":{\"@id\":\"https:\/\/kiennambarista.com\/#organization\"},\"potentialAction\":[{\"@type\":\"SearchAction\",\"target\":{\"@type\":\"EntryPoint\",\"urlTemplate\":\"https:\/\/kiennambarista.com\/?s={search_term_string}\"},\"query-input\":{\"@type\":\"PropertyValueSpecification\",\"valueRequired\":true,\"valueName\":\"search_term_string\"}}],\"inLanguage\":\"en-US\"},{\"@type\":\"Organization\",\"@id\":\"https:\/\/kiennambarista.com\/#organization\",\"name\":\"Ki\u1ebfn Nam BARISTA\",\"url\":\"https:\/\/kiennambarista.com\/\",\"logo\":{\"@type\":\"ImageObject\",\"inLanguage\":\"en-US\",\"@id\":\"https:\/\/kiennambarista.com\/#\/schema\/logo\/image\/\",\"url\":\"https:\/\/kiennambarista.com\/wp-content\/uploads\/2023\/01\/logo_kiennam.svg\",\"contentUrl\":\"https:\/\/kiennambarista.com\/wp-content\/uploads\/2023\/01\/logo_kiennam.svg\",\"width\":88,\"height\":54,\"caption\":\"Ki\u1ebfn Nam BARISTA\"},\"image\":{\"@id\":\"https:\/\/kiennambarista.com\/#\/schema\/logo\/image\/\"}}]}<\/script>\n<!-- \/ Yoast SEO plugin. -->","yoast_head_json":{"title":"BFC Experta 1G\/1,3\/LE . coffee machine - KI\u1ebeN NAM BARISTA","description":"BFC Experta 1G\/1,3\/LE coffee machine is officially distributed by Kien Nam Barista with the most prestigious and professional warranty policy in Vietnam.","robots":{"index":"index","follow":"follow","max-snippet":"max-snippet:-1","max-image-preview":"max-image-preview:large","max-video-preview":"max-video-preview:-1"},"canonical":"https:\/\/kiennambarista.com\/en\/san-pham\/may-pha-ca-phe-bfc-experta-1g-1-3\/","og_locale":"en_US","og_type":"article","og_title":"BFC Experta 1G\/1,3\/LE . coffee machine - KI\u1ebeN NAM BARISTA","og_description":"BFC Experta 1G\/1,3\/LE coffee machine is officially distributed by Kien Nam Barista with the most prestigious and professional warranty policy in Vietnam.","og_url":"https:\/\/kiennambarista.com\/en\/san-pham\/may-pha-ca-phe-bfc-experta-1g-1-3\/","og_site_name":"KI\u1ebeN NAM BARISTA","article_modified_time":"2023-07-04T09:22:37+00:00","og_image":[{"width":1200,"height":992,"url":"https:\/\/kiennambarista.com\/wp-content\/uploads\/2023\/02\/May-pha-ca-phe-BFC-Experta-1G-1.3-EL.jpg","type":"image\/jpeg"}],"twitter_card":"summary_large_image","schema":{"@context":"https:\/\/schema.org","@graph":[{"@type":"WebPage","@id":"https:\/\/kiennambarista.com\/en\/san-pham\/may-pha-ca-phe-bfc-experta-1g-1-3\/","url":"https:\/\/kiennambarista.com\/en\/san-pham\/may-pha-ca-phe-bfc-experta-1g-1-3\/","name":"BFC Experta 1G\/1,3\/LE . coffee machine - KI\u1ebeN NAM BARISTA","isPartOf":{"@id":"https:\/\/kiennambarista.com\/#website"},"primaryImageOfPage":{"@id":"https:\/\/kiennambarista.com\/en\/san-pham\/may-pha-ca-phe-bfc-experta-1g-1-3\/#primaryimage"},"image":{"@id":"https:\/\/kiennambarista.com\/en\/san-pham\/may-pha-ca-phe-bfc-experta-1g-1-3\/#primaryimage"},"thumbnailUrl":"https:\/\/kiennambarista.com\/wp-content\/uploads\/2023\/02\/May-pha-ca-phe-BFC-Experta-1G-1.3-EL.jpg","datePublished":"2023-02-16T04:17:10+00:00","dateModified":"2023-07-04T09:22:37+00:00","description":"BFC Experta 1G\/1,3\/LE coffee machine is officially distributed by Kien Nam Barista with the most prestigious and professional warranty policy in Vietnam.","breadcrumb":{"@id":"https:\/\/kiennambarista.com\/en\/san-pham\/may-pha-ca-phe-bfc-experta-1g-1-3\/#breadcrumb"},"inLanguage":"en-US","potentialAction":[{"@type":"ReadAction","target":["https:\/\/kiennambarista.com\/en\/san-pham\/may-pha-ca-phe-bfc-experta-1g-1-3\/"]}]},{"@type":"ImageObject","inLanguage":"en-US","@id":"https:\/\/kiennambarista.com\/en\/san-pham\/may-pha-ca-phe-bfc-experta-1g-1-3\/#primaryimage","url":"https:\/\/kiennambarista.com\/wp-content\/uploads\/2023\/02\/May-pha-ca-phe-BFC-Experta-1G-1.3-EL.jpg","contentUrl":"https:\/\/kiennambarista.com\/wp-content\/uploads\/2023\/02\/May-pha-ca-phe-BFC-Experta-1G-1.3-EL.jpg","width":1200,"height":992,"caption":"BFC Experta l\u00e0 m\u1ed9t m\u00e1y pha c\u00e0 ph\u00ea espresso ch\u1ea5t l\u01b0\u1ee3ng cao v\u00e0 gi\u00e1 c\u1ea3 ph\u1ea3i ch\u0103ng d\u00e0nh cho nh\u1eefng ai mu\u1ed1n t\u1ef1 tay pha 1 ly c\u00e0 ph\u00ea th\u1eadt ngon t\u1ea1i nh\u00e0."},{"@type":"BreadcrumbList","@id":"https:\/\/kiennambarista.com\/en\/san-pham\/may-pha-ca-phe-bfc-experta-1g-1-3\/#breadcrumb","itemListElement":[{"@type":"ListItem","position":1,"name":"Trang ch\u1ee7","item":"https:\/\/kiennambarista.com\/en\/"},{"@type":"ListItem","position":2,"name":"Product","item":"https:\/\/kiennambarista.com\/en\/san-pham\/"},{"@type":"ListItem","position":3,"name":"BFC Experta 1G\/1,3\/LE . coffee machine"}]},{"@type":"WebSite","@id":"https:\/\/kiennambarista.com\/#website","url":"https:\/\/kiennambarista.com\/","name":"Ki\u1ebfn Nam BARISTA","description":"Nh\u00e0 ph\u00e2n ph\u1ed1i v\u00e0 cung c\u1ea5p d\u1ecbch v\u1ee5 m\u00e1y pha c\u00e0 ph\u00ea h\u00e0ng \u0111\u1ea7u t\u1ea1i Vi\u1ec7t Nam","publisher":{"@id":"https:\/\/kiennambarista.com\/#organization"},"potentialAction":[{"@type":"SearchAction","target":{"@type":"EntryPoint","urlTemplate":"https:\/\/kiennambarista.com\/?s={search_term_string}"},"query-input":{"@type":"PropertyValueSpecification","valueRequired":true,"valueName":"search_term_string"}}],"inLanguage":"en-US"},{"@type":"Organization","@id":"https:\/\/kiennambarista.com\/#organization","name":"Ki\u1ebfn Nam BARISTA","url":"https:\/\/kiennambarista.com\/","logo":{"@type":"ImageObject","inLanguage":"en-US","@id":"https:\/\/kiennambarista.com\/#\/schema\/logo\/image\/","url":"https:\/\/kiennambarista.com\/wp-content\/uploads\/2023\/01\/logo_kiennam.svg","contentUrl":"https:\/\/kiennambarista.com\/wp-content\/uploads\/2023\/01\/logo_kiennam.svg","width":88,"height":54,"caption":"Ki\u1ebfn Nam BARISTA"},"image":{"@id":"https:\/\/kiennambarista.com\/#\/schema\/logo\/image\/"}}]}},"_links":{"self":[{"href":"https:\/\/kiennambarista.com\/en\/wp-json\/wp\/v2\/product\/2620","targetHints":{"allow":["GET"]}}],"collection":[{"href":"https:\/\/kiennambarista.com\/en\/wp-json\/wp\/v2\/product"}],"about":[{"href":"https:\/\/kiennambarista.com\/en\/wp-json\/wp\/v2\/types\/product"}],"replies":[{"embeddable":true,"href":"https:\/\/kiennambarista.com\/en\/wp-json\/wp\/v2\/comments?post=2620"}],"wp:featuredmedia":[{"embeddable":true,"href":"https:\/\/kiennambarista.com\/en\/wp-json\/wp\/v2\/media\/1988"}],"wp:attachment":[{"href":"https:\/\/kiennambarista.com\/en\/wp-json\/wp\/v2\/media?parent=2620"}],"wp:term":[{"taxonomy":"product_brand","embeddable":true,"href":"https:\/\/kiennambarista.com\/en\/wp-json\/wp\/v2\/product_brand?post=2620"},{"taxonomy":"product_cat","embeddable":true,"href":"https:\/\/kiennambarista.com\/en\/wp-json\/wp\/v2\/product_cat?post=2620"},{"taxonomy":"product_tag","embeddable":true,"href":"https:\/\/kiennambarista.com\/en\/wp-json\/wp\/v2\/product_tag?post=2620"}],"curies":[{"name":"wp","href":"https:\/\/api.w.org\/{rel}","templated":true}]}}