{"id":2619,"date":"2023-02-21T16:59:49","date_gmt":"2023-02-21T09:59:49","guid":{"rendered":"https:\/\/kiennambarista.com\/san-pham\/may-xay-ca-phe-anfim-b-220-b-od-el-st-best-on-demand-el-st\/"},"modified":"2023-07-05T14:53:24","modified_gmt":"2023-07-05T07:53:24","slug":"may-xay-ca-phe-anfim-b-220-b-od-el-st-best-on-demand-el-st","status":"publish","type":"product","link":"https:\/\/kiennambarista.com\/en\/san-pham\/may-xay-ca-phe-anfim-b-220-b-od-el-st-best-on-demand-el-st\/","title":{"rendered":"Anfim B-220-OD-EL-ST Coffee Grinder (Best On Demand EL ST)"},"content":{"rendered":"<h1 style=\"text-align: center;\">Anfim B-220-OD-EL-ST Coffee Grinder (Best On Demand EL ST)<\/h1>\n<p>Designed for small cafes and home use. Anfim BEST ON DEMAND EL ST features a traditional Italian espresso grind by cup.<\/p>\n<p>Anfim BEST ON DEMAND EL ST has a steel rim and can easily grind up to 1 kg per day. Set the new grind according to your preference. The built-in electronic timer can be set to grind for 1 cup or 2 cups.<\/p>\n<p><em><strong>DEVICE FEATURES:<\/strong><\/em><br \/>\n&#8211; Funnel slider holds coffee beans<br \/>\n&#8211; Overload protection<br \/>\n&#8211; Automatic START \/ STOP switch<br \/>\n&#8211; Display controller &amp; electronic timer controller for single and double grind<\/p>\n","protected":false},"excerpt":{"rendered":"<ul>\n<li>Producer: Anfim<\/li>\n<li>Origin: Italy<\/li>\n<li>1 year warranty<\/li>\n<li>Color: Black<\/li>\n<\/ul>\n","protected":false},"featured_media":2129,"comment_status":"open","ping_status":"closed","template":"","meta":{"inline_featured_image":false},"product_brand":[],"product_cat":[213,187],"product_tag":[],"class_list":{"0":"post-2619","1":"product","2":"type-product","3":"status-publish","4":"has-post-thumbnail","6":"product_cat-may-xay-ca-phe-anfim-en-may-xay-ca-phe-en","7":"product_cat-may-xay-ca-phe-en","8":"category_filter_product-thuong-hieu-en","9":"category_filter_product-anfim-en","11":"first","12":"instock","13":"shipping-taxable","14":"purchasable","15":"product-type-simple"},"acf":[],"yoast_head":"<!-- This site is optimized with the Yoast SEO plugin v24.9 - https:\/\/yoast.com\/wordpress\/plugins\/seo\/ -->\n<title>Anfim B-220-OD-EL-ST Coffee Grinder (Best On Demand EL ST) - KI\u1ebeN NAM BARISTA<\/title>\n<meta name=\"robots\" content=\"index, follow, max-snippet:-1, max-image-preview:large, max-video-preview:-1\" \/>\n<link rel=\"canonical\" href=\"https:\/\/kiennambarista.com\/en\/san-pham\/may-xay-ca-phe-anfim-b-220-b-od-el-st-best-on-demand-el-st\/\" \/>\n<meta property=\"og:locale\" content=\"en_US\" \/>\n<meta property=\"og:type\" content=\"article\" \/>\n<meta property=\"og:title\" content=\"Anfim B-220-OD-EL-ST Coffee Grinder (Best On Demand EL ST) - KI\u1ebeN NAM BARISTA\" \/>\n<meta property=\"og:description\" content=\"Producer: Anfim  Origin: Italy  1 year warranty  Color: Black\" \/>\n<meta property=\"og:url\" content=\"https:\/\/kiennambarista.com\/en\/san-pham\/may-xay-ca-phe-anfim-b-220-b-od-el-st-best-on-demand-el-st\/\" \/>\n<meta property=\"og:site_name\" content=\"KI\u1ebeN NAM BARISTA\" \/>\n<meta property=\"article:modified_time\" content=\"2023-07-05T07:53:24+00:00\" \/>\n<meta property=\"og:image\" content=\"https:\/\/kiennambarista.com\/wp-content\/uploads\/2023\/02\/May-xay-ca-phe-Anfim-B-220-B-OD-EL-ST-Best-On-Demand-EL-ST-1.jpg\" \/>\n\t<meta property=\"og:image:width\" content=\"1200\" \/>\n\t<meta property=\"og:image:height\" content=\"992\" \/>\n\t<meta property=\"og:image:type\" content=\"image\/jpeg\" \/>\n<meta name=\"twitter:card\" content=\"summary_large_image\" \/>\n<script type=\"application\/ld+json\" class=\"yoast-schema-graph\">{\"@context\":\"https:\/\/schema.org\",\"@graph\":[{\"@type\":\"WebPage\",\"@id\":\"https:\/\/kiennambarista.com\/en\/san-pham\/may-xay-ca-phe-anfim-b-220-b-od-el-st-best-on-demand-el-st\/\",\"url\":\"https:\/\/kiennambarista.com\/en\/san-pham\/may-xay-ca-phe-anfim-b-220-b-od-el-st-best-on-demand-el-st\/\",\"name\":\"Anfim B-220-OD-EL-ST Coffee Grinder (Best On Demand EL ST) - KI\u1ebeN NAM BARISTA\",\"isPartOf\":{\"@id\":\"https:\/\/kiennambarista.com\/#website\"},\"primaryImageOfPage\":{\"@id\":\"https:\/\/kiennambarista.com\/en\/san-pham\/may-xay-ca-phe-anfim-b-220-b-od-el-st-best-on-demand-el-st\/#primaryimage\"},\"image\":{\"@id\":\"https:\/\/kiennambarista.com\/en\/san-pham\/may-xay-ca-phe-anfim-b-220-b-od-el-st-best-on-demand-el-st\/#primaryimage\"},\"thumbnailUrl\":\"https:\/\/kiennambarista.com\/wp-content\/uploads\/2023\/02\/May-xay-ca-phe-Anfim-B-220-B-OD-EL-ST-Best-On-Demand-EL-ST-1.jpg\",\"datePublished\":\"2023-02-21T09:59:49+00:00\",\"dateModified\":\"2023-07-05T07:53:24+00:00\",\"breadcrumb\":{\"@id\":\"https:\/\/kiennambarista.com\/en\/san-pham\/may-xay-ca-phe-anfim-b-220-b-od-el-st-best-on-demand-el-st\/#breadcrumb\"},\"inLanguage\":\"en-US\",\"potentialAction\":[{\"@type\":\"ReadAction\",\"target\":[\"https:\/\/kiennambarista.com\/en\/san-pham\/may-xay-ca-phe-anfim-b-220-b-od-el-st-best-on-demand-el-st\/\"]}]},{\"@type\":\"ImageObject\",\"inLanguage\":\"en-US\",\"@id\":\"https:\/\/kiennambarista.com\/en\/san-pham\/may-xay-ca-phe-anfim-b-220-b-od-el-st-best-on-demand-el-st\/#primaryimage\",\"url\":\"https:\/\/kiennambarista.com\/wp-content\/uploads\/2023\/02\/May-xay-ca-phe-Anfim-B-220-B-OD-EL-ST-Best-On-Demand-EL-ST-1.jpg\",\"contentUrl\":\"https:\/\/kiennambarista.com\/wp-content\/uploads\/2023\/02\/May-xay-ca-phe-Anfim-B-220-B-OD-EL-ST-Best-On-Demand-EL-ST-1.jpg\",\"width\":1200,\"height\":992,\"caption\":\"\u0110\u01b0\u1ee3c thi\u1ebft k\u1ebf cho c\u00e1c qu\u00e1n c\u00e0 ph\u00ea nh\u1ecf h\u01a1n v\u00e0 m\u1ee5c \u0111\u00edch s\u1eed d\u1ee5ng trong gia \u0111\u00ecnh. Anfim BEST ON DEMAND EL ST c\u00f3 t\u00ednh n\u0103ng xay c\u00e0 ph\u00ea espresso truy\u1ec1n th\u1ed1ng c\u1ee7a \u00dd theo t\u1eebng ly. Anfim BEST ON DEMAND EL ST v\u1edbi g\u1edd l\u00e0m b\u1eb1ng th\u00e9p v\u00e0 c\u00f3 th\u1ec3 xay d\u1ec5 d\u00e0ng l\u00ean \u0111\u1ebfn 1 kg m\u1ed7i ng\u00e0y. C\u00e0i \u0111\u1eb7t ch\u1ebf \u0111\u1ed9 xay m\u1edbi theo s\u1edf th\u00edch. B\u1ed9 h\u1eb9n gi\u1edd \u0111i\u1ec7n t\u1eed t\u00edch h\u1ee3p c\u00f3 th\u1ec3 \u0111\u01b0\u1ee3c \u0111\u1eb7t ch\u1ebf \u0111\u1ed9 xay cho 1 ly ho\u1eb7c 2 ly.\"},{\"@type\":\"BreadcrumbList\",\"@id\":\"https:\/\/kiennambarista.com\/en\/san-pham\/may-xay-ca-phe-anfim-b-220-b-od-el-st-best-on-demand-el-st\/#breadcrumb\",\"itemListElement\":[{\"@type\":\"ListItem\",\"position\":1,\"name\":\"Trang ch\u1ee7\",\"item\":\"https:\/\/kiennambarista.com\/en\/\"},{\"@type\":\"ListItem\",\"position\":2,\"name\":\"Product\",\"item\":\"https:\/\/kiennambarista.com\/en\/san-pham\/\"},{\"@type\":\"ListItem\",\"position\":3,\"name\":\"Anfim B-220-OD-EL-ST Coffee Grinder (Best On Demand EL ST)\"}]},{\"@type\":\"WebSite\",\"@id\":\"https:\/\/kiennambarista.com\/#website\",\"url\":\"https:\/\/kiennambarista.com\/\",\"name\":\"Ki\u1ebfn Nam BARISTA\",\"description\":\"Nh\u00e0 ph\u00e2n ph\u1ed1i v\u00e0 cung c\u1ea5p d\u1ecbch v\u1ee5 m\u00e1y pha c\u00e0 ph\u00ea h\u00e0ng \u0111\u1ea7u t\u1ea1i Vi\u1ec7t Nam\",\"publisher\":{\"@id\":\"https:\/\/kiennambarista.com\/#organization\"},\"potentialAction\":[{\"@type\":\"SearchAction\",\"target\":{\"@type\":\"EntryPoint\",\"urlTemplate\":\"https:\/\/kiennambarista.com\/?s={search_term_string}\"},\"query-input\":{\"@type\":\"PropertyValueSpecification\",\"valueRequired\":true,\"valueName\":\"search_term_string\"}}],\"inLanguage\":\"en-US\"},{\"@type\":\"Organization\",\"@id\":\"https:\/\/kiennambarista.com\/#organization\",\"name\":\"Ki\u1ebfn Nam BARISTA\",\"url\":\"https:\/\/kiennambarista.com\/\",\"logo\":{\"@type\":\"ImageObject\",\"inLanguage\":\"en-US\",\"@id\":\"https:\/\/kiennambarista.com\/#\/schema\/logo\/image\/\",\"url\":\"https:\/\/kiennambarista.com\/wp-content\/uploads\/2023\/01\/logo_kiennam.svg\",\"contentUrl\":\"https:\/\/kiennambarista.com\/wp-content\/uploads\/2023\/01\/logo_kiennam.svg\",\"width\":88,\"height\":54,\"caption\":\"Ki\u1ebfn Nam BARISTA\"},\"image\":{\"@id\":\"https:\/\/kiennambarista.com\/#\/schema\/logo\/image\/\"}}]}<\/script>\n<!-- \/ Yoast SEO plugin. -->","yoast_head_json":{"title":"Anfim B-220-OD-EL-ST Coffee Grinder (Best On Demand EL ST) - KI\u1ebeN NAM BARISTA","robots":{"index":"index","follow":"follow","max-snippet":"max-snippet:-1","max-image-preview":"max-image-preview:large","max-video-preview":"max-video-preview:-1"},"canonical":"https:\/\/kiennambarista.com\/en\/san-pham\/may-xay-ca-phe-anfim-b-220-b-od-el-st-best-on-demand-el-st\/","og_locale":"en_US","og_type":"article","og_title":"Anfim B-220-OD-EL-ST Coffee Grinder (Best On Demand EL ST) - KI\u1ebeN NAM BARISTA","og_description":"Producer: Anfim  Origin: Italy  1 year warranty  Color: Black","og_url":"https:\/\/kiennambarista.com\/en\/san-pham\/may-xay-ca-phe-anfim-b-220-b-od-el-st-best-on-demand-el-st\/","og_site_name":"KI\u1ebeN NAM BARISTA","article_modified_time":"2023-07-05T07:53:24+00:00","og_image":[{"width":1200,"height":992,"url":"https:\/\/kiennambarista.com\/wp-content\/uploads\/2023\/02\/May-xay-ca-phe-Anfim-B-220-B-OD-EL-ST-Best-On-Demand-EL-ST-1.jpg","type":"image\/jpeg"}],"twitter_card":"summary_large_image","schema":{"@context":"https:\/\/schema.org","@graph":[{"@type":"WebPage","@id":"https:\/\/kiennambarista.com\/en\/san-pham\/may-xay-ca-phe-anfim-b-220-b-od-el-st-best-on-demand-el-st\/","url":"https:\/\/kiennambarista.com\/en\/san-pham\/may-xay-ca-phe-anfim-b-220-b-od-el-st-best-on-demand-el-st\/","name":"Anfim B-220-OD-EL-ST Coffee Grinder (Best On Demand EL ST) - KI\u1ebeN NAM BARISTA","isPartOf":{"@id":"https:\/\/kiennambarista.com\/#website"},"primaryImageOfPage":{"@id":"https:\/\/kiennambarista.com\/en\/san-pham\/may-xay-ca-phe-anfim-b-220-b-od-el-st-best-on-demand-el-st\/#primaryimage"},"image":{"@id":"https:\/\/kiennambarista.com\/en\/san-pham\/may-xay-ca-phe-anfim-b-220-b-od-el-st-best-on-demand-el-st\/#primaryimage"},"thumbnailUrl":"https:\/\/kiennambarista.com\/wp-content\/uploads\/2023\/02\/May-xay-ca-phe-Anfim-B-220-B-OD-EL-ST-Best-On-Demand-EL-ST-1.jpg","datePublished":"2023-02-21T09:59:49+00:00","dateModified":"2023-07-05T07:53:24+00:00","breadcrumb":{"@id":"https:\/\/kiennambarista.com\/en\/san-pham\/may-xay-ca-phe-anfim-b-220-b-od-el-st-best-on-demand-el-st\/#breadcrumb"},"inLanguage":"en-US","potentialAction":[{"@type":"ReadAction","target":["https:\/\/kiennambarista.com\/en\/san-pham\/may-xay-ca-phe-anfim-b-220-b-od-el-st-best-on-demand-el-st\/"]}]},{"@type":"ImageObject","inLanguage":"en-US","@id":"https:\/\/kiennambarista.com\/en\/san-pham\/may-xay-ca-phe-anfim-b-220-b-od-el-st-best-on-demand-el-st\/#primaryimage","url":"https:\/\/kiennambarista.com\/wp-content\/uploads\/2023\/02\/May-xay-ca-phe-Anfim-B-220-B-OD-EL-ST-Best-On-Demand-EL-ST-1.jpg","contentUrl":"https:\/\/kiennambarista.com\/wp-content\/uploads\/2023\/02\/May-xay-ca-phe-Anfim-B-220-B-OD-EL-ST-Best-On-Demand-EL-ST-1.jpg","width":1200,"height":992,"caption":"\u0110\u01b0\u1ee3c thi\u1ebft k\u1ebf cho c\u00e1c qu\u00e1n c\u00e0 ph\u00ea nh\u1ecf h\u01a1n v\u00e0 m\u1ee5c \u0111\u00edch s\u1eed d\u1ee5ng trong gia \u0111\u00ecnh. Anfim BEST ON DEMAND EL ST c\u00f3 t\u00ednh n\u0103ng xay c\u00e0 ph\u00ea espresso truy\u1ec1n th\u1ed1ng c\u1ee7a \u00dd theo t\u1eebng ly. Anfim BEST ON DEMAND EL ST v\u1edbi g\u1edd l\u00e0m b\u1eb1ng th\u00e9p v\u00e0 c\u00f3 th\u1ec3 xay d\u1ec5 d\u00e0ng l\u00ean \u0111\u1ebfn 1 kg m\u1ed7i ng\u00e0y. C\u00e0i \u0111\u1eb7t ch\u1ebf \u0111\u1ed9 xay m\u1edbi theo s\u1edf th\u00edch. B\u1ed9 h\u1eb9n gi\u1edd \u0111i\u1ec7n t\u1eed t\u00edch h\u1ee3p c\u00f3 th\u1ec3 \u0111\u01b0\u1ee3c \u0111\u1eb7t ch\u1ebf \u0111\u1ed9 xay cho 1 ly ho\u1eb7c 2 ly."},{"@type":"BreadcrumbList","@id":"https:\/\/kiennambarista.com\/en\/san-pham\/may-xay-ca-phe-anfim-b-220-b-od-el-st-best-on-demand-el-st\/#breadcrumb","itemListElement":[{"@type":"ListItem","position":1,"name":"Trang ch\u1ee7","item":"https:\/\/kiennambarista.com\/en\/"},{"@type":"ListItem","position":2,"name":"Product","item":"https:\/\/kiennambarista.com\/en\/san-pham\/"},{"@type":"ListItem","position":3,"name":"Anfim B-220-OD-EL-ST Coffee Grinder (Best On Demand EL ST)"}]},{"@type":"WebSite","@id":"https:\/\/kiennambarista.com\/#website","url":"https:\/\/kiennambarista.com\/","name":"Ki\u1ebfn Nam BARISTA","description":"Nh\u00e0 ph\u00e2n ph\u1ed1i v\u00e0 cung c\u1ea5p d\u1ecbch v\u1ee5 m\u00e1y pha c\u00e0 ph\u00ea h\u00e0ng \u0111\u1ea7u t\u1ea1i Vi\u1ec7t Nam","publisher":{"@id":"https:\/\/kiennambarista.com\/#organization"},"potentialAction":[{"@type":"SearchAction","target":{"@type":"EntryPoint","urlTemplate":"https:\/\/kiennambarista.com\/?s={search_term_string}"},"query-input":{"@type":"PropertyValueSpecification","valueRequired":true,"valueName":"search_term_string"}}],"inLanguage":"en-US"},{"@type":"Organization","@id":"https:\/\/kiennambarista.com\/#organization","name":"Ki\u1ebfn Nam BARISTA","url":"https:\/\/kiennambarista.com\/","logo":{"@type":"ImageObject","inLanguage":"en-US","@id":"https:\/\/kiennambarista.com\/#\/schema\/logo\/image\/","url":"https:\/\/kiennambarista.com\/wp-content\/uploads\/2023\/01\/logo_kiennam.svg","contentUrl":"https:\/\/kiennambarista.com\/wp-content\/uploads\/2023\/01\/logo_kiennam.svg","width":88,"height":54,"caption":"Ki\u1ebfn Nam BARISTA"},"image":{"@id":"https:\/\/kiennambarista.com\/#\/schema\/logo\/image\/"}}]}},"_links":{"self":[{"href":"https:\/\/kiennambarista.com\/en\/wp-json\/wp\/v2\/product\/2619","targetHints":{"allow":["GET"]}}],"collection":[{"href":"https:\/\/kiennambarista.com\/en\/wp-json\/wp\/v2\/product"}],"about":[{"href":"https:\/\/kiennambarista.com\/en\/wp-json\/wp\/v2\/types\/product"}],"replies":[{"embeddable":true,"href":"https:\/\/kiennambarista.com\/en\/wp-json\/wp\/v2\/comments?post=2619"}],"wp:featuredmedia":[{"embeddable":true,"href":"https:\/\/kiennambarista.com\/en\/wp-json\/wp\/v2\/media\/2129"}],"wp:attachment":[{"href":"https:\/\/kiennambarista.com\/en\/wp-json\/wp\/v2\/media?parent=2619"}],"wp:term":[{"taxonomy":"product_brand","embeddable":true,"href":"https:\/\/kiennambarista.com\/en\/wp-json\/wp\/v2\/product_brand?post=2619"},{"taxonomy":"product_cat","embeddable":true,"href":"https:\/\/kiennambarista.com\/en\/wp-json\/wp\/v2\/product_cat?post=2619"},{"taxonomy":"product_tag","embeddable":true,"href":"https:\/\/kiennambarista.com\/en\/wp-json\/wp\/v2\/product_tag?post=2619"}],"curies":[{"name":"wp","href":"https:\/\/api.w.org\/{rel}","templated":true}]}}