{"id":2618,"date":"2023-02-22T16:08:58","date_gmt":"2023-02-22T09:08:58","guid":{"rendered":"https:\/\/kiennambarista.com\/san-pham\/may-xay-sinh-to-hamilton-beach-commercial-fury-hbh550\/"},"modified":"2023-05-29T09:51:47","modified_gmt":"2023-05-29T02:51:47","slug":"may-xay-sinh-to-hamilton-beach-commercial-fury-hbh550","status":"publish","type":"product","link":"https:\/\/kiennambarista.com\/en\/san-pham\/may-xay-sinh-to-hamilton-beach-commercial-fury-hbh550\/","title":{"rendered":"Blender Hamilton Beach Commercial Fury HBH550"},"content":{"rendered":"<h1 style=\"text-align: center;\">Blender Hamilton Beach Commercial Fury HBH550<\/h1>\n<p>&#8211; Timer mode is designed with a simple knob<br \/>\n&#8211; The machine is specially designed for drinks with crushed ice<br \/>\n&#8211; Wave-Action function increases the speed of blending smoothies, extremely smooth and fast &#8220;ball&#8221; ice<br \/>\n&#8211; The machine is equipped with a 3 HP motor with extremely durable and powerful metal grafts<br \/>\n&#8211; The machine is equipped with an induction system that signals safety when the mill is not in the correct position<br \/>\n&#8211; 2-speed function with convenient cycle switching functions in dispensing<br \/>\n&#8211; The machine is equipped with a timer to turn off the machine<br \/>\n&#8211; The cup is designed on extremely durable carbon fiber material<\/p>\n","protected":false},"excerpt":{"rendered":"<ul>\n<li>Producer: Hamilton Beach<\/li>\n<li>1 year warranty<\/li>\n<\/ul>\n<p>&nbsp;<\/p>\n","protected":false},"featured_media":2040,"comment_status":"open","ping_status":"closed","template":"","meta":{"inline_featured_image":false},"product_brand":[],"product_cat":[221],"product_tag":[],"class_list":{"0":"post-2618","1":"product","2":"type-product","3":"status-publish","4":"has-post-thumbnail","6":"product_cat-may-xay-sinh-to-en","7":"category_filter_product-thuong-hieu-en","8":"category_filter_product-cong-suat-en","9":"category_filter_product-1000-2000-w-en","10":"category_filter_product-20-million-50-million-en","11":"category_filter_product-gia-tien-en","12":"category_filter_product-hamiltion-beach-en","14":"first","15":"instock","16":"shipping-taxable","17":"purchasable","18":"product-type-simple"},"acf":[],"yoast_head":"<!-- This site is optimized with the Yoast SEO plugin v24.9 - https:\/\/yoast.com\/wordpress\/plugins\/seo\/ -->\n<title>Blender Hamilton Beach Commercial Fury HBH550 - KI\u1ebeN NAM BARISTA<\/title>\n<meta name=\"description\" content=\"Blender Hamilton Beach Commercial Fury HBH550 genuine distribution by Kien Nam Barista prestigious, professional warranty in Vietnam\" \/>\n<meta name=\"robots\" content=\"index, follow, max-snippet:-1, max-image-preview:large, max-video-preview:-1\" \/>\n<link rel=\"canonical\" href=\"https:\/\/kiennambarista.com\/en\/san-pham\/may-xay-sinh-to-hamilton-beach-commercial-fury-hbh550\/\" \/>\n<meta property=\"og:locale\" content=\"en_US\" \/>\n<meta property=\"og:type\" content=\"article\" \/>\n<meta property=\"og:title\" content=\"Blender Hamilton Beach Commercial Fury HBH550 - KI\u1ebeN NAM BARISTA\" \/>\n<meta property=\"og:description\" content=\"Blender Hamilton Beach Commercial Fury HBH550 genuine distribution by Kien Nam Barista prestigious, professional warranty in Vietnam\" \/>\n<meta property=\"og:url\" content=\"https:\/\/kiennambarista.com\/en\/san-pham\/may-xay-sinh-to-hamilton-beach-commercial-fury-hbh550\/\" \/>\n<meta property=\"og:site_name\" content=\"KI\u1ebeN NAM BARISTA\" \/>\n<meta property=\"article:modified_time\" content=\"2023-05-29T02:51:47+00:00\" \/>\n<meta property=\"og:image\" content=\"https:\/\/kiennambarista.com\/wp-content\/uploads\/2023\/02\/May-xay-sinh-to-Hamilton-Beach-Commercial-Fury-HBH550.jpg\" \/>\n\t<meta property=\"og:image:width\" content=\"1200\" \/>\n\t<meta property=\"og:image:height\" content=\"992\" \/>\n\t<meta property=\"og:image:type\" content=\"image\/jpeg\" \/>\n<meta name=\"twitter:card\" content=\"summary_large_image\" \/>\n<meta name=\"twitter:label1\" content=\"Est. reading time\" \/>\n\t<meta name=\"twitter:data1\" content=\"1 minute\" \/>\n<script type=\"application\/ld+json\" class=\"yoast-schema-graph\">{\"@context\":\"https:\/\/schema.org\",\"@graph\":[{\"@type\":\"WebPage\",\"@id\":\"https:\/\/kiennambarista.com\/en\/san-pham\/may-xay-sinh-to-hamilton-beach-commercial-fury-hbh550\/\",\"url\":\"https:\/\/kiennambarista.com\/en\/san-pham\/may-xay-sinh-to-hamilton-beach-commercial-fury-hbh550\/\",\"name\":\"Blender Hamilton Beach Commercial Fury HBH550 - KI\u1ebeN NAM BARISTA\",\"isPartOf\":{\"@id\":\"https:\/\/kiennambarista.com\/#website\"},\"primaryImageOfPage\":{\"@id\":\"https:\/\/kiennambarista.com\/en\/san-pham\/may-xay-sinh-to-hamilton-beach-commercial-fury-hbh550\/#primaryimage\"},\"image\":{\"@id\":\"https:\/\/kiennambarista.com\/en\/san-pham\/may-xay-sinh-to-hamilton-beach-commercial-fury-hbh550\/#primaryimage\"},\"thumbnailUrl\":\"https:\/\/kiennambarista.com\/wp-content\/uploads\/2023\/02\/May-xay-sinh-to-Hamilton-Beach-Commercial-Fury-HBH550.jpg\",\"datePublished\":\"2023-02-22T09:08:58+00:00\",\"dateModified\":\"2023-05-29T02:51:47+00:00\",\"description\":\"Blender Hamilton Beach Commercial Fury HBH550 genuine distribution by Kien Nam Barista prestigious, professional warranty in Vietnam\",\"breadcrumb\":{\"@id\":\"https:\/\/kiennambarista.com\/en\/san-pham\/may-xay-sinh-to-hamilton-beach-commercial-fury-hbh550\/#breadcrumb\"},\"inLanguage\":\"en-US\",\"potentialAction\":[{\"@type\":\"ReadAction\",\"target\":[\"https:\/\/kiennambarista.com\/en\/san-pham\/may-xay-sinh-to-hamilton-beach-commercial-fury-hbh550\/\"]}]},{\"@type\":\"ImageObject\",\"inLanguage\":\"en-US\",\"@id\":\"https:\/\/kiennambarista.com\/en\/san-pham\/may-xay-sinh-to-hamilton-beach-commercial-fury-hbh550\/#primaryimage\",\"url\":\"https:\/\/kiennambarista.com\/wp-content\/uploads\/2023\/02\/May-xay-sinh-to-Hamilton-Beach-Commercial-Fury-HBH550.jpg\",\"contentUrl\":\"https:\/\/kiennambarista.com\/wp-content\/uploads\/2023\/02\/May-xay-sinh-to-Hamilton-Beach-Commercial-Fury-HBH550.jpg\",\"width\":1200,\"height\":992,\"caption\":\"M\u00e1y xay sinh t\u1ed1 Hamilton Beach Commercial HBH550 l\u00e0 d\u00f2ng m\u00e1y mang th\u01b0\u01a1ng hi\u1ec7u c\u1ee7a M\u1ef9, ph\u00f9 h\u1ee3p v\u1edbi c\u00e1c qu\u00e1n c\u00e0 ph\u00ea, nh\u00e0 h\u00e0ng, kh\u00e1ch s\u1ea1n... c\u00f3 c\u00f4ng su\u1ea5t trung b\u00ecnh.\"},{\"@type\":\"BreadcrumbList\",\"@id\":\"https:\/\/kiennambarista.com\/en\/san-pham\/may-xay-sinh-to-hamilton-beach-commercial-fury-hbh550\/#breadcrumb\",\"itemListElement\":[{\"@type\":\"ListItem\",\"position\":1,\"name\":\"Trang ch\u1ee7\",\"item\":\"https:\/\/kiennambarista.com\/en\/\"},{\"@type\":\"ListItem\",\"position\":2,\"name\":\"Product\",\"item\":\"https:\/\/kiennambarista.com\/en\/san-pham\/\"},{\"@type\":\"ListItem\",\"position\":3,\"name\":\"Blender Hamilton Beach Commercial Fury HBH550\"}]},{\"@type\":\"WebSite\",\"@id\":\"https:\/\/kiennambarista.com\/#website\",\"url\":\"https:\/\/kiennambarista.com\/\",\"name\":\"Ki\u1ebfn Nam BARISTA\",\"description\":\"Nh\u00e0 ph\u00e2n ph\u1ed1i v\u00e0 cung c\u1ea5p d\u1ecbch v\u1ee5 m\u00e1y pha c\u00e0 ph\u00ea h\u00e0ng \u0111\u1ea7u t\u1ea1i Vi\u1ec7t Nam\",\"publisher\":{\"@id\":\"https:\/\/kiennambarista.com\/#organization\"},\"potentialAction\":[{\"@type\":\"SearchAction\",\"target\":{\"@type\":\"EntryPoint\",\"urlTemplate\":\"https:\/\/kiennambarista.com\/?s={search_term_string}\"},\"query-input\":{\"@type\":\"PropertyValueSpecification\",\"valueRequired\":true,\"valueName\":\"search_term_string\"}}],\"inLanguage\":\"en-US\"},{\"@type\":\"Organization\",\"@id\":\"https:\/\/kiennambarista.com\/#organization\",\"name\":\"Ki\u1ebfn Nam BARISTA\",\"url\":\"https:\/\/kiennambarista.com\/\",\"logo\":{\"@type\":\"ImageObject\",\"inLanguage\":\"en-US\",\"@id\":\"https:\/\/kiennambarista.com\/#\/schema\/logo\/image\/\",\"url\":\"https:\/\/kiennambarista.com\/wp-content\/uploads\/2023\/01\/logo_kiennam.svg\",\"contentUrl\":\"https:\/\/kiennambarista.com\/wp-content\/uploads\/2023\/01\/logo_kiennam.svg\",\"width\":88,\"height\":54,\"caption\":\"Ki\u1ebfn Nam BARISTA\"},\"image\":{\"@id\":\"https:\/\/kiennambarista.com\/#\/schema\/logo\/image\/\"}}]}<\/script>\n<!-- \/ Yoast SEO plugin. -->","yoast_head_json":{"title":"Blender Hamilton Beach Commercial Fury HBH550 - KI\u1ebeN NAM BARISTA","description":"Blender Hamilton Beach Commercial Fury HBH550 genuine distribution by Kien Nam Barista prestigious, professional warranty in Vietnam","robots":{"index":"index","follow":"follow","max-snippet":"max-snippet:-1","max-image-preview":"max-image-preview:large","max-video-preview":"max-video-preview:-1"},"canonical":"https:\/\/kiennambarista.com\/en\/san-pham\/may-xay-sinh-to-hamilton-beach-commercial-fury-hbh550\/","og_locale":"en_US","og_type":"article","og_title":"Blender Hamilton Beach Commercial Fury HBH550 - KI\u1ebeN NAM BARISTA","og_description":"Blender Hamilton Beach Commercial Fury HBH550 genuine distribution by Kien Nam Barista prestigious, professional warranty in Vietnam","og_url":"https:\/\/kiennambarista.com\/en\/san-pham\/may-xay-sinh-to-hamilton-beach-commercial-fury-hbh550\/","og_site_name":"KI\u1ebeN NAM BARISTA","article_modified_time":"2023-05-29T02:51:47+00:00","og_image":[{"width":1200,"height":992,"url":"https:\/\/kiennambarista.com\/wp-content\/uploads\/2023\/02\/May-xay-sinh-to-Hamilton-Beach-Commercial-Fury-HBH550.jpg","type":"image\/jpeg"}],"twitter_card":"summary_large_image","twitter_misc":{"Est. reading time":"1 minute"},"schema":{"@context":"https:\/\/schema.org","@graph":[{"@type":"WebPage","@id":"https:\/\/kiennambarista.com\/en\/san-pham\/may-xay-sinh-to-hamilton-beach-commercial-fury-hbh550\/","url":"https:\/\/kiennambarista.com\/en\/san-pham\/may-xay-sinh-to-hamilton-beach-commercial-fury-hbh550\/","name":"Blender Hamilton Beach Commercial Fury HBH550 - KI\u1ebeN NAM BARISTA","isPartOf":{"@id":"https:\/\/kiennambarista.com\/#website"},"primaryImageOfPage":{"@id":"https:\/\/kiennambarista.com\/en\/san-pham\/may-xay-sinh-to-hamilton-beach-commercial-fury-hbh550\/#primaryimage"},"image":{"@id":"https:\/\/kiennambarista.com\/en\/san-pham\/may-xay-sinh-to-hamilton-beach-commercial-fury-hbh550\/#primaryimage"},"thumbnailUrl":"https:\/\/kiennambarista.com\/wp-content\/uploads\/2023\/02\/May-xay-sinh-to-Hamilton-Beach-Commercial-Fury-HBH550.jpg","datePublished":"2023-02-22T09:08:58+00:00","dateModified":"2023-05-29T02:51:47+00:00","description":"Blender Hamilton Beach Commercial Fury HBH550 genuine distribution by Kien Nam Barista prestigious, professional warranty in Vietnam","breadcrumb":{"@id":"https:\/\/kiennambarista.com\/en\/san-pham\/may-xay-sinh-to-hamilton-beach-commercial-fury-hbh550\/#breadcrumb"},"inLanguage":"en-US","potentialAction":[{"@type":"ReadAction","target":["https:\/\/kiennambarista.com\/en\/san-pham\/may-xay-sinh-to-hamilton-beach-commercial-fury-hbh550\/"]}]},{"@type":"ImageObject","inLanguage":"en-US","@id":"https:\/\/kiennambarista.com\/en\/san-pham\/may-xay-sinh-to-hamilton-beach-commercial-fury-hbh550\/#primaryimage","url":"https:\/\/kiennambarista.com\/wp-content\/uploads\/2023\/02\/May-xay-sinh-to-Hamilton-Beach-Commercial-Fury-HBH550.jpg","contentUrl":"https:\/\/kiennambarista.com\/wp-content\/uploads\/2023\/02\/May-xay-sinh-to-Hamilton-Beach-Commercial-Fury-HBH550.jpg","width":1200,"height":992,"caption":"M\u00e1y xay sinh t\u1ed1 Hamilton Beach Commercial HBH550 l\u00e0 d\u00f2ng m\u00e1y mang th\u01b0\u01a1ng hi\u1ec7u c\u1ee7a M\u1ef9, ph\u00f9 h\u1ee3p v\u1edbi c\u00e1c qu\u00e1n c\u00e0 ph\u00ea, nh\u00e0 h\u00e0ng, kh\u00e1ch s\u1ea1n... c\u00f3 c\u00f4ng su\u1ea5t trung b\u00ecnh."},{"@type":"BreadcrumbList","@id":"https:\/\/kiennambarista.com\/en\/san-pham\/may-xay-sinh-to-hamilton-beach-commercial-fury-hbh550\/#breadcrumb","itemListElement":[{"@type":"ListItem","position":1,"name":"Trang ch\u1ee7","item":"https:\/\/kiennambarista.com\/en\/"},{"@type":"ListItem","position":2,"name":"Product","item":"https:\/\/kiennambarista.com\/en\/san-pham\/"},{"@type":"ListItem","position":3,"name":"Blender Hamilton Beach Commercial Fury HBH550"}]},{"@type":"WebSite","@id":"https:\/\/kiennambarista.com\/#website","url":"https:\/\/kiennambarista.com\/","name":"Ki\u1ebfn Nam BARISTA","description":"Nh\u00e0 ph\u00e2n ph\u1ed1i v\u00e0 cung c\u1ea5p d\u1ecbch v\u1ee5 m\u00e1y pha c\u00e0 ph\u00ea h\u00e0ng \u0111\u1ea7u t\u1ea1i Vi\u1ec7t Nam","publisher":{"@id":"https:\/\/kiennambarista.com\/#organization"},"potentialAction":[{"@type":"SearchAction","target":{"@type":"EntryPoint","urlTemplate":"https:\/\/kiennambarista.com\/?s={search_term_string}"},"query-input":{"@type":"PropertyValueSpecification","valueRequired":true,"valueName":"search_term_string"}}],"inLanguage":"en-US"},{"@type":"Organization","@id":"https:\/\/kiennambarista.com\/#organization","name":"Ki\u1ebfn Nam BARISTA","url":"https:\/\/kiennambarista.com\/","logo":{"@type":"ImageObject","inLanguage":"en-US","@id":"https:\/\/kiennambarista.com\/#\/schema\/logo\/image\/","url":"https:\/\/kiennambarista.com\/wp-content\/uploads\/2023\/01\/logo_kiennam.svg","contentUrl":"https:\/\/kiennambarista.com\/wp-content\/uploads\/2023\/01\/logo_kiennam.svg","width":88,"height":54,"caption":"Ki\u1ebfn Nam BARISTA"},"image":{"@id":"https:\/\/kiennambarista.com\/#\/schema\/logo\/image\/"}}]}},"_links":{"self":[{"href":"https:\/\/kiennambarista.com\/en\/wp-json\/wp\/v2\/product\/2618","targetHints":{"allow":["GET"]}}],"collection":[{"href":"https:\/\/kiennambarista.com\/en\/wp-json\/wp\/v2\/product"}],"about":[{"href":"https:\/\/kiennambarista.com\/en\/wp-json\/wp\/v2\/types\/product"}],"replies":[{"embeddable":true,"href":"https:\/\/kiennambarista.com\/en\/wp-json\/wp\/v2\/comments?post=2618"}],"wp:featuredmedia":[{"embeddable":true,"href":"https:\/\/kiennambarista.com\/en\/wp-json\/wp\/v2\/media\/2040"}],"wp:attachment":[{"href":"https:\/\/kiennambarista.com\/en\/wp-json\/wp\/v2\/media?parent=2618"}],"wp:term":[{"taxonomy":"product_brand","embeddable":true,"href":"https:\/\/kiennambarista.com\/en\/wp-json\/wp\/v2\/product_brand?post=2618"},{"taxonomy":"product_cat","embeddable":true,"href":"https:\/\/kiennambarista.com\/en\/wp-json\/wp\/v2\/product_cat?post=2618"},{"taxonomy":"product_tag","embeddable":true,"href":"https:\/\/kiennambarista.com\/en\/wp-json\/wp\/v2\/product_tag?post=2618"}],"curies":[{"name":"wp","href":"https:\/\/api.w.org\/{rel}","templated":true}]}}