{"id":2614,"date":"2023-02-22T16:44:47","date_gmt":"2023-02-22T09:44:47","guid":{"rendered":"https:\/\/kiennambarista.com\/san-pham\/may-xay-sinh-to-hamilton-beach-commercial-quantum-hbh950\/"},"modified":"2023-07-06T09:20:21","modified_gmt":"2023-07-06T02:20:21","slug":"may-xay-sinh-to-hamilton-beach-commercial-quantum-hbh950","status":"publish","type":"product","link":"https:\/\/kiennambarista.com\/en\/san-pham\/may-xay-sinh-to-hamilton-beach-commercial-quantum-hbh950\/","title":{"rendered":"Blender Hamilton Beach Commercial Quantum HBH950"},"content":{"rendered":"<p><strong>Blender The Quantum HBH950 American brand Hamilton Beach Commercial<\/strong><\/p>\n<p>Absolute noise cancellation and high efficiency<br \/>\n64 different operating modes<br \/>\n&#8211; The machine is specially designed for drinks with crushed ice<br \/>\n&#8211; Wave-Action function increases the speed of blending smoothies, extremely smooth and fast &#8220;ball&#8221; ice<br \/>\n&#8211; The machine is equipped with a 3 HP motor with extremely durable and powerful metal grafts<br \/>\n&#8211; The machine is equipped with an induction system that signals safety when the mill is not in the correct position<br \/>\n&#8211; 2-speed function with convenient cycle switching functions in dispensing<br \/>\n&#8211; The machine is equipped with a timer to turn off the machine<br \/>\n&#8211; The cup is designed on extremely durable carbon fiber material<\/p>\n","protected":false},"excerpt":{"rendered":"<ul>\n<li>Brand: Hamilton Beach<\/li>\n<li>Warranty 12 months<\/li>\n<li>Container capacity (liter): 2 (64 OZ)<\/li>\n<\/ul>\n","protected":false},"featured_media":2036,"comment_status":"open","ping_status":"closed","template":"","meta":{"inline_featured_image":false},"product_brand":[],"product_cat":[221],"product_tag":[],"class_list":{"0":"post-2614","1":"product","2":"type-product","3":"status-publish","4":"has-post-thumbnail","6":"product_cat-may-xay-sinh-to-en","7":"category_filter_product-thuong-hieu-en","8":"category_filter_product-cong-suat-en","9":"category_filter_product-1000-2000-w-en","10":"category_filter_product-gia-tien-en","11":"category_filter_product-50-million-100-million-en","12":"category_filter_product-hamiltion-beach-en","14":"first","15":"instock","16":"shipping-taxable","17":"purchasable","18":"product-type-simple"},"acf":[],"yoast_head":"<!-- This site is optimized with the Yoast SEO plugin v24.9 - https:\/\/yoast.com\/wordpress\/plugins\/seo\/ -->\n<title>Blender Hamilton Beach Commercial Quantum HBH950 - KI\u1ebeN NAM BARISTA<\/title>\n<meta name=\"description\" content=\"Blender Hamilton Beach Commercial Quantum HBH950 genuine distribution by Kien Nam Barista prestigious, professional warranty in Vietnam\" \/>\n<meta name=\"robots\" content=\"index, follow, max-snippet:-1, max-image-preview:large, max-video-preview:-1\" \/>\n<link rel=\"canonical\" href=\"https:\/\/kiennambarista.com\/en\/san-pham\/may-xay-sinh-to-hamilton-beach-commercial-quantum-hbh950\/\" \/>\n<meta property=\"og:locale\" content=\"en_US\" \/>\n<meta property=\"og:type\" content=\"article\" \/>\n<meta property=\"og:title\" content=\"Blender Hamilton Beach Commercial Quantum HBH950 - KI\u1ebeN NAM BARISTA\" \/>\n<meta property=\"og:description\" content=\"Blender Hamilton Beach Commercial Quantum HBH950 genuine distribution by Kien Nam Barista prestigious, professional warranty in Vietnam\" \/>\n<meta property=\"og:url\" content=\"https:\/\/kiennambarista.com\/en\/san-pham\/may-xay-sinh-to-hamilton-beach-commercial-quantum-hbh950\/\" \/>\n<meta property=\"og:site_name\" content=\"KI\u1ebeN NAM BARISTA\" \/>\n<meta property=\"article:modified_time\" content=\"2023-07-06T02:20:21+00:00\" \/>\n<meta property=\"og:image\" content=\"https:\/\/kiennambarista.com\/wp-content\/uploads\/2023\/02\/May-xay-sinh-to-Hamilton-Beach-Commercial-Quantum-HBH950.jpg\" \/>\n\t<meta property=\"og:image:width\" content=\"1200\" \/>\n\t<meta property=\"og:image:height\" content=\"992\" \/>\n\t<meta property=\"og:image:type\" content=\"image\/jpeg\" \/>\n<meta name=\"twitter:card\" content=\"summary_large_image\" \/>\n<meta name=\"twitter:label1\" content=\"Est. reading time\" \/>\n\t<meta name=\"twitter:data1\" content=\"1 minute\" \/>\n<script type=\"application\/ld+json\" class=\"yoast-schema-graph\">{\"@context\":\"https:\/\/schema.org\",\"@graph\":[{\"@type\":\"WebPage\",\"@id\":\"https:\/\/kiennambarista.com\/en\/san-pham\/may-xay-sinh-to-hamilton-beach-commercial-quantum-hbh950\/\",\"url\":\"https:\/\/kiennambarista.com\/en\/san-pham\/may-xay-sinh-to-hamilton-beach-commercial-quantum-hbh950\/\",\"name\":\"Blender Hamilton Beach Commercial Quantum HBH950 - KI\u1ebeN NAM BARISTA\",\"isPartOf\":{\"@id\":\"https:\/\/kiennambarista.com\/#website\"},\"primaryImageOfPage\":{\"@id\":\"https:\/\/kiennambarista.com\/en\/san-pham\/may-xay-sinh-to-hamilton-beach-commercial-quantum-hbh950\/#primaryimage\"},\"image\":{\"@id\":\"https:\/\/kiennambarista.com\/en\/san-pham\/may-xay-sinh-to-hamilton-beach-commercial-quantum-hbh950\/#primaryimage\"},\"thumbnailUrl\":\"https:\/\/kiennambarista.com\/wp-content\/uploads\/2023\/02\/May-xay-sinh-to-Hamilton-Beach-Commercial-Quantum-HBH950.jpg\",\"datePublished\":\"2023-02-22T09:44:47+00:00\",\"dateModified\":\"2023-07-06T02:20:21+00:00\",\"description\":\"Blender Hamilton Beach Commercial Quantum HBH950 genuine distribution by Kien Nam Barista prestigious, professional warranty in Vietnam\",\"breadcrumb\":{\"@id\":\"https:\/\/kiennambarista.com\/en\/san-pham\/may-xay-sinh-to-hamilton-beach-commercial-quantum-hbh950\/#breadcrumb\"},\"inLanguage\":\"en-US\",\"potentialAction\":[{\"@type\":\"ReadAction\",\"target\":[\"https:\/\/kiennambarista.com\/en\/san-pham\/may-xay-sinh-to-hamilton-beach-commercial-quantum-hbh950\/\"]}]},{\"@type\":\"ImageObject\",\"inLanguage\":\"en-US\",\"@id\":\"https:\/\/kiennambarista.com\/en\/san-pham\/may-xay-sinh-to-hamilton-beach-commercial-quantum-hbh950\/#primaryimage\",\"url\":\"https:\/\/kiennambarista.com\/wp-content\/uploads\/2023\/02\/May-xay-sinh-to-Hamilton-Beach-Commercial-Quantum-HBH950.jpg\",\"contentUrl\":\"https:\/\/kiennambarista.com\/wp-content\/uploads\/2023\/02\/May-xay-sinh-to-Hamilton-Beach-Commercial-Quantum-HBH950.jpg\",\"width\":1200,\"height\":992,\"caption\":\"Ch\u1ed1ng \u1ed3n tuy\u1ec7t \u0111\u1ed1i v\u00e0 \u0111\u1ea1t hi\u1ec7u qu\u1ea3 cao 64 ch\u1ebf \u0111\u1ed9 v\u1eadn h\u00e0nh kh\u00e1c nhau\"},{\"@type\":\"BreadcrumbList\",\"@id\":\"https:\/\/kiennambarista.com\/en\/san-pham\/may-xay-sinh-to-hamilton-beach-commercial-quantum-hbh950\/#breadcrumb\",\"itemListElement\":[{\"@type\":\"ListItem\",\"position\":1,\"name\":\"Trang ch\u1ee7\",\"item\":\"https:\/\/kiennambarista.com\/en\/\"},{\"@type\":\"ListItem\",\"position\":2,\"name\":\"Product\",\"item\":\"https:\/\/kiennambarista.com\/en\/san-pham\/\"},{\"@type\":\"ListItem\",\"position\":3,\"name\":\"Blender Hamilton Beach Commercial Quantum HBH950\"}]},{\"@type\":\"WebSite\",\"@id\":\"https:\/\/kiennambarista.com\/#website\",\"url\":\"https:\/\/kiennambarista.com\/\",\"name\":\"Ki\u1ebfn Nam BARISTA\",\"description\":\"Nh\u00e0 ph\u00e2n ph\u1ed1i v\u00e0 cung c\u1ea5p d\u1ecbch v\u1ee5 m\u00e1y pha c\u00e0 ph\u00ea h\u00e0ng \u0111\u1ea7u t\u1ea1i Vi\u1ec7t Nam\",\"publisher\":{\"@id\":\"https:\/\/kiennambarista.com\/#organization\"},\"potentialAction\":[{\"@type\":\"SearchAction\",\"target\":{\"@type\":\"EntryPoint\",\"urlTemplate\":\"https:\/\/kiennambarista.com\/?s={search_term_string}\"},\"query-input\":{\"@type\":\"PropertyValueSpecification\",\"valueRequired\":true,\"valueName\":\"search_term_string\"}}],\"inLanguage\":\"en-US\"},{\"@type\":\"Organization\",\"@id\":\"https:\/\/kiennambarista.com\/#organization\",\"name\":\"Ki\u1ebfn Nam BARISTA\",\"url\":\"https:\/\/kiennambarista.com\/\",\"logo\":{\"@type\":\"ImageObject\",\"inLanguage\":\"en-US\",\"@id\":\"https:\/\/kiennambarista.com\/#\/schema\/logo\/image\/\",\"url\":\"https:\/\/kiennambarista.com\/wp-content\/uploads\/2023\/01\/logo_kiennam.svg\",\"contentUrl\":\"https:\/\/kiennambarista.com\/wp-content\/uploads\/2023\/01\/logo_kiennam.svg\",\"width\":88,\"height\":54,\"caption\":\"Ki\u1ebfn Nam BARISTA\"},\"image\":{\"@id\":\"https:\/\/kiennambarista.com\/#\/schema\/logo\/image\/\"}}]}<\/script>\n<!-- \/ Yoast SEO plugin. -->","yoast_head_json":{"title":"Blender Hamilton Beach Commercial Quantum HBH950 - KI\u1ebeN NAM BARISTA","description":"Blender Hamilton Beach Commercial Quantum HBH950 genuine distribution by Kien Nam Barista prestigious, professional warranty in Vietnam","robots":{"index":"index","follow":"follow","max-snippet":"max-snippet:-1","max-image-preview":"max-image-preview:large","max-video-preview":"max-video-preview:-1"},"canonical":"https:\/\/kiennambarista.com\/en\/san-pham\/may-xay-sinh-to-hamilton-beach-commercial-quantum-hbh950\/","og_locale":"en_US","og_type":"article","og_title":"Blender Hamilton Beach Commercial Quantum HBH950 - KI\u1ebeN NAM BARISTA","og_description":"Blender Hamilton Beach Commercial Quantum HBH950 genuine distribution by Kien Nam Barista prestigious, professional warranty in Vietnam","og_url":"https:\/\/kiennambarista.com\/en\/san-pham\/may-xay-sinh-to-hamilton-beach-commercial-quantum-hbh950\/","og_site_name":"KI\u1ebeN NAM BARISTA","article_modified_time":"2023-07-06T02:20:21+00:00","og_image":[{"width":1200,"height":992,"url":"https:\/\/kiennambarista.com\/wp-content\/uploads\/2023\/02\/May-xay-sinh-to-Hamilton-Beach-Commercial-Quantum-HBH950.jpg","type":"image\/jpeg"}],"twitter_card":"summary_large_image","twitter_misc":{"Est. reading time":"1 minute"},"schema":{"@context":"https:\/\/schema.org","@graph":[{"@type":"WebPage","@id":"https:\/\/kiennambarista.com\/en\/san-pham\/may-xay-sinh-to-hamilton-beach-commercial-quantum-hbh950\/","url":"https:\/\/kiennambarista.com\/en\/san-pham\/may-xay-sinh-to-hamilton-beach-commercial-quantum-hbh950\/","name":"Blender Hamilton Beach Commercial Quantum HBH950 - KI\u1ebeN NAM BARISTA","isPartOf":{"@id":"https:\/\/kiennambarista.com\/#website"},"primaryImageOfPage":{"@id":"https:\/\/kiennambarista.com\/en\/san-pham\/may-xay-sinh-to-hamilton-beach-commercial-quantum-hbh950\/#primaryimage"},"image":{"@id":"https:\/\/kiennambarista.com\/en\/san-pham\/may-xay-sinh-to-hamilton-beach-commercial-quantum-hbh950\/#primaryimage"},"thumbnailUrl":"https:\/\/kiennambarista.com\/wp-content\/uploads\/2023\/02\/May-xay-sinh-to-Hamilton-Beach-Commercial-Quantum-HBH950.jpg","datePublished":"2023-02-22T09:44:47+00:00","dateModified":"2023-07-06T02:20:21+00:00","description":"Blender Hamilton Beach Commercial Quantum HBH950 genuine distribution by Kien Nam Barista prestigious, professional warranty in Vietnam","breadcrumb":{"@id":"https:\/\/kiennambarista.com\/en\/san-pham\/may-xay-sinh-to-hamilton-beach-commercial-quantum-hbh950\/#breadcrumb"},"inLanguage":"en-US","potentialAction":[{"@type":"ReadAction","target":["https:\/\/kiennambarista.com\/en\/san-pham\/may-xay-sinh-to-hamilton-beach-commercial-quantum-hbh950\/"]}]},{"@type":"ImageObject","inLanguage":"en-US","@id":"https:\/\/kiennambarista.com\/en\/san-pham\/may-xay-sinh-to-hamilton-beach-commercial-quantum-hbh950\/#primaryimage","url":"https:\/\/kiennambarista.com\/wp-content\/uploads\/2023\/02\/May-xay-sinh-to-Hamilton-Beach-Commercial-Quantum-HBH950.jpg","contentUrl":"https:\/\/kiennambarista.com\/wp-content\/uploads\/2023\/02\/May-xay-sinh-to-Hamilton-Beach-Commercial-Quantum-HBH950.jpg","width":1200,"height":992,"caption":"Ch\u1ed1ng \u1ed3n tuy\u1ec7t \u0111\u1ed1i v\u00e0 \u0111\u1ea1t hi\u1ec7u qu\u1ea3 cao 64 ch\u1ebf \u0111\u1ed9 v\u1eadn h\u00e0nh kh\u00e1c nhau"},{"@type":"BreadcrumbList","@id":"https:\/\/kiennambarista.com\/en\/san-pham\/may-xay-sinh-to-hamilton-beach-commercial-quantum-hbh950\/#breadcrumb","itemListElement":[{"@type":"ListItem","position":1,"name":"Trang ch\u1ee7","item":"https:\/\/kiennambarista.com\/en\/"},{"@type":"ListItem","position":2,"name":"Product","item":"https:\/\/kiennambarista.com\/en\/san-pham\/"},{"@type":"ListItem","position":3,"name":"Blender Hamilton Beach Commercial Quantum HBH950"}]},{"@type":"WebSite","@id":"https:\/\/kiennambarista.com\/#website","url":"https:\/\/kiennambarista.com\/","name":"Ki\u1ebfn Nam BARISTA","description":"Nh\u00e0 ph\u00e2n ph\u1ed1i v\u00e0 cung c\u1ea5p d\u1ecbch v\u1ee5 m\u00e1y pha c\u00e0 ph\u00ea h\u00e0ng \u0111\u1ea7u t\u1ea1i Vi\u1ec7t Nam","publisher":{"@id":"https:\/\/kiennambarista.com\/#organization"},"potentialAction":[{"@type":"SearchAction","target":{"@type":"EntryPoint","urlTemplate":"https:\/\/kiennambarista.com\/?s={search_term_string}"},"query-input":{"@type":"PropertyValueSpecification","valueRequired":true,"valueName":"search_term_string"}}],"inLanguage":"en-US"},{"@type":"Organization","@id":"https:\/\/kiennambarista.com\/#organization","name":"Ki\u1ebfn Nam BARISTA","url":"https:\/\/kiennambarista.com\/","logo":{"@type":"ImageObject","inLanguage":"en-US","@id":"https:\/\/kiennambarista.com\/#\/schema\/logo\/image\/","url":"https:\/\/kiennambarista.com\/wp-content\/uploads\/2023\/01\/logo_kiennam.svg","contentUrl":"https:\/\/kiennambarista.com\/wp-content\/uploads\/2023\/01\/logo_kiennam.svg","width":88,"height":54,"caption":"Ki\u1ebfn Nam BARISTA"},"image":{"@id":"https:\/\/kiennambarista.com\/#\/schema\/logo\/image\/"}}]}},"_links":{"self":[{"href":"https:\/\/kiennambarista.com\/en\/wp-json\/wp\/v2\/product\/2614","targetHints":{"allow":["GET"]}}],"collection":[{"href":"https:\/\/kiennambarista.com\/en\/wp-json\/wp\/v2\/product"}],"about":[{"href":"https:\/\/kiennambarista.com\/en\/wp-json\/wp\/v2\/types\/product"}],"replies":[{"embeddable":true,"href":"https:\/\/kiennambarista.com\/en\/wp-json\/wp\/v2\/comments?post=2614"}],"wp:featuredmedia":[{"embeddable":true,"href":"https:\/\/kiennambarista.com\/en\/wp-json\/wp\/v2\/media\/2036"}],"wp:attachment":[{"href":"https:\/\/kiennambarista.com\/en\/wp-json\/wp\/v2\/media?parent=2614"}],"wp:term":[{"taxonomy":"product_brand","embeddable":true,"href":"https:\/\/kiennambarista.com\/en\/wp-json\/wp\/v2\/product_brand?post=2614"},{"taxonomy":"product_cat","embeddable":true,"href":"https:\/\/kiennambarista.com\/en\/wp-json\/wp\/v2\/product_cat?post=2614"},{"taxonomy":"product_tag","embeddable":true,"href":"https:\/\/kiennambarista.com\/en\/wp-json\/wp\/v2\/product_tag?post=2614"}],"curies":[{"name":"wp","href":"https:\/\/api.w.org\/{rel}","templated":true}]}}