{"id":2612,"date":"2023-02-22T16:58:50","date_gmt":"2023-02-22T09:58:50","guid":{"rendered":"https:\/\/kiennambarista.com\/san-pham\/coi-may-xay-sinh-to-hamilton-beach-commercial-hbh750\/"},"modified":"2023-07-06T09:54:57","modified_gmt":"2023-07-06T02:54:57","slug":"coi-may-xay-sinh-to-hamilton-beach-commercial-hbh750","status":"publish","type":"product","link":"https:\/\/kiennambarista.com\/en\/san-pham\/coi-may-xay-sinh-to-hamilton-beach-commercial-hbh750\/","title":{"rendered":"Blender Hamilton Beach Commercial HBH:750"},"content":{"rendered":"<p>The Hamilton Beach Commercial blender with a unique design helps to increase the blending efficiency many times, especially with ice blended dishes such as smoothies, frappu, milk shake&#8230;<\/p>\n<ul>\n<li>Fits models: HBH750.<\/li>\n<\/ul>\n","protected":false},"excerpt":{"rendered":"<ul>\n<li>Fits models: HBH750.<\/li>\n<\/ul>\n","protected":false},"featured_media":2070,"comment_status":"open","ping_status":"closed","template":"","meta":{"inline_featured_image":false},"product_brand":[],"product_cat":[221],"product_tag":[],"class_list":{"0":"post-2612","1":"product","2":"type-product","3":"status-publish","4":"has-post-thumbnail","6":"product_cat-may-xay-sinh-to-en","7":"category_filter_product-thuong-hieu-en","8":"category_filter_product-hamiltion-beach-en","10":"first","11":"instock","12":"shipping-taxable","13":"purchasable","14":"product-type-simple"},"acf":[],"yoast_head":"<!-- This site is optimized with the Yoast SEO plugin v24.9 - https:\/\/yoast.com\/wordpress\/plugins\/seo\/ -->\n<title>Blender Hamilton Beach Commercial HBH:750 - KI\u1ebeN NAM BARISTA<\/title>\n<meta name=\"description\" content=\"Blender Hamilton Beach Commercial HBH: 750 genuine distribution by Kien Nam Barista, the most prestigious and professional warranty in Vietnam\" \/>\n<meta name=\"robots\" content=\"index, follow, max-snippet:-1, max-image-preview:large, max-video-preview:-1\" \/>\n<link rel=\"canonical\" href=\"https:\/\/kiennambarista.com\/en\/san-pham\/coi-may-xay-sinh-to-hamilton-beach-commercial-hbh750\/\" \/>\n<meta property=\"og:locale\" content=\"en_US\" \/>\n<meta property=\"og:type\" content=\"article\" \/>\n<meta property=\"og:title\" content=\"Blender Hamilton Beach Commercial HBH:750 - KI\u1ebeN NAM BARISTA\" \/>\n<meta property=\"og:description\" content=\"Blender Hamilton Beach Commercial HBH: 750 genuine distribution by Kien Nam Barista, the most prestigious and professional warranty in Vietnam\" \/>\n<meta property=\"og:url\" content=\"https:\/\/kiennambarista.com\/en\/san-pham\/coi-may-xay-sinh-to-hamilton-beach-commercial-hbh750\/\" \/>\n<meta property=\"og:site_name\" content=\"KI\u1ebeN NAM BARISTA\" \/>\n<meta property=\"article:modified_time\" content=\"2023-07-06T02:54:57+00:00\" \/>\n<meta property=\"og:image\" content=\"https:\/\/kiennambarista.com\/wp-content\/uploads\/2023\/02\/Coi-may-xay-sinh-to-Hamilton-Beach-Commercial-HBH-750.jpg\" \/>\n\t<meta property=\"og:image:width\" content=\"1200\" \/>\n\t<meta property=\"og:image:height\" content=\"992\" \/>\n\t<meta property=\"og:image:type\" content=\"image\/jpeg\" \/>\n<meta name=\"twitter:card\" content=\"summary_large_image\" \/>\n<script type=\"application\/ld+json\" class=\"yoast-schema-graph\">{\"@context\":\"https:\/\/schema.org\",\"@graph\":[{\"@type\":\"WebPage\",\"@id\":\"https:\/\/kiennambarista.com\/en\/san-pham\/coi-may-xay-sinh-to-hamilton-beach-commercial-hbh750\/\",\"url\":\"https:\/\/kiennambarista.com\/en\/san-pham\/coi-may-xay-sinh-to-hamilton-beach-commercial-hbh750\/\",\"name\":\"Blender Hamilton Beach Commercial HBH:750 - KI\u1ebeN NAM BARISTA\",\"isPartOf\":{\"@id\":\"https:\/\/kiennambarista.com\/#website\"},\"primaryImageOfPage\":{\"@id\":\"https:\/\/kiennambarista.com\/en\/san-pham\/coi-may-xay-sinh-to-hamilton-beach-commercial-hbh750\/#primaryimage\"},\"image\":{\"@id\":\"https:\/\/kiennambarista.com\/en\/san-pham\/coi-may-xay-sinh-to-hamilton-beach-commercial-hbh750\/#primaryimage\"},\"thumbnailUrl\":\"https:\/\/kiennambarista.com\/wp-content\/uploads\/2023\/02\/Coi-may-xay-sinh-to-Hamilton-Beach-Commercial-HBH-750.jpg\",\"datePublished\":\"2023-02-22T09:58:50+00:00\",\"dateModified\":\"2023-07-06T02:54:57+00:00\",\"description\":\"Blender Hamilton Beach Commercial HBH: 750 genuine distribution by Kien Nam Barista, the most prestigious and professional warranty in Vietnam\",\"breadcrumb\":{\"@id\":\"https:\/\/kiennambarista.com\/en\/san-pham\/coi-may-xay-sinh-to-hamilton-beach-commercial-hbh750\/#breadcrumb\"},\"inLanguage\":\"en-US\",\"potentialAction\":[{\"@type\":\"ReadAction\",\"target\":[\"https:\/\/kiennambarista.com\/en\/san-pham\/coi-may-xay-sinh-to-hamilton-beach-commercial-hbh750\/\"]}]},{\"@type\":\"ImageObject\",\"inLanguage\":\"en-US\",\"@id\":\"https:\/\/kiennambarista.com\/en\/san-pham\/coi-may-xay-sinh-to-hamilton-beach-commercial-hbh750\/#primaryimage\",\"url\":\"https:\/\/kiennambarista.com\/wp-content\/uploads\/2023\/02\/Coi-may-xay-sinh-to-Hamilton-Beach-Commercial-HBH-750.jpg\",\"contentUrl\":\"https:\/\/kiennambarista.com\/wp-content\/uploads\/2023\/02\/Coi-may-xay-sinh-to-Hamilton-Beach-Commercial-HBH-750.jpg\",\"width\":1200,\"height\":992},{\"@type\":\"BreadcrumbList\",\"@id\":\"https:\/\/kiennambarista.com\/en\/san-pham\/coi-may-xay-sinh-to-hamilton-beach-commercial-hbh750\/#breadcrumb\",\"itemListElement\":[{\"@type\":\"ListItem\",\"position\":1,\"name\":\"Trang ch\u1ee7\",\"item\":\"https:\/\/kiennambarista.com\/en\/\"},{\"@type\":\"ListItem\",\"position\":2,\"name\":\"Product\",\"item\":\"https:\/\/kiennambarista.com\/en\/san-pham\/\"},{\"@type\":\"ListItem\",\"position\":3,\"name\":\"Blender Hamilton Beach Commercial HBH:750\"}]},{\"@type\":\"WebSite\",\"@id\":\"https:\/\/kiennambarista.com\/#website\",\"url\":\"https:\/\/kiennambarista.com\/\",\"name\":\"Ki\u1ebfn Nam BARISTA\",\"description\":\"Nh\u00e0 ph\u00e2n ph\u1ed1i v\u00e0 cung c\u1ea5p d\u1ecbch v\u1ee5 m\u00e1y pha c\u00e0 ph\u00ea h\u00e0ng \u0111\u1ea7u t\u1ea1i Vi\u1ec7t Nam\",\"publisher\":{\"@id\":\"https:\/\/kiennambarista.com\/#organization\"},\"potentialAction\":[{\"@type\":\"SearchAction\",\"target\":{\"@type\":\"EntryPoint\",\"urlTemplate\":\"https:\/\/kiennambarista.com\/?s={search_term_string}\"},\"query-input\":{\"@type\":\"PropertyValueSpecification\",\"valueRequired\":true,\"valueName\":\"search_term_string\"}}],\"inLanguage\":\"en-US\"},{\"@type\":\"Organization\",\"@id\":\"https:\/\/kiennambarista.com\/#organization\",\"name\":\"Ki\u1ebfn Nam BARISTA\",\"url\":\"https:\/\/kiennambarista.com\/\",\"logo\":{\"@type\":\"ImageObject\",\"inLanguage\":\"en-US\",\"@id\":\"https:\/\/kiennambarista.com\/#\/schema\/logo\/image\/\",\"url\":\"https:\/\/kiennambarista.com\/wp-content\/uploads\/2023\/01\/logo_kiennam.svg\",\"contentUrl\":\"https:\/\/kiennambarista.com\/wp-content\/uploads\/2023\/01\/logo_kiennam.svg\",\"width\":88,\"height\":54,\"caption\":\"Ki\u1ebfn Nam BARISTA\"},\"image\":{\"@id\":\"https:\/\/kiennambarista.com\/#\/schema\/logo\/image\/\"}}]}<\/script>\n<!-- \/ Yoast SEO plugin. -->","yoast_head_json":{"title":"Blender Hamilton Beach Commercial HBH:750 - KI\u1ebeN NAM BARISTA","description":"Blender Hamilton Beach Commercial HBH: 750 genuine distribution by Kien Nam Barista, the most prestigious and professional warranty in Vietnam","robots":{"index":"index","follow":"follow","max-snippet":"max-snippet:-1","max-image-preview":"max-image-preview:large","max-video-preview":"max-video-preview:-1"},"canonical":"https:\/\/kiennambarista.com\/en\/san-pham\/coi-may-xay-sinh-to-hamilton-beach-commercial-hbh750\/","og_locale":"en_US","og_type":"article","og_title":"Blender Hamilton Beach Commercial HBH:750 - KI\u1ebeN NAM BARISTA","og_description":"Blender Hamilton Beach Commercial HBH: 750 genuine distribution by Kien Nam Barista, the most prestigious and professional warranty in Vietnam","og_url":"https:\/\/kiennambarista.com\/en\/san-pham\/coi-may-xay-sinh-to-hamilton-beach-commercial-hbh750\/","og_site_name":"KI\u1ebeN NAM BARISTA","article_modified_time":"2023-07-06T02:54:57+00:00","og_image":[{"width":1200,"height":992,"url":"https:\/\/kiennambarista.com\/wp-content\/uploads\/2023\/02\/Coi-may-xay-sinh-to-Hamilton-Beach-Commercial-HBH-750.jpg","type":"image\/jpeg"}],"twitter_card":"summary_large_image","schema":{"@context":"https:\/\/schema.org","@graph":[{"@type":"WebPage","@id":"https:\/\/kiennambarista.com\/en\/san-pham\/coi-may-xay-sinh-to-hamilton-beach-commercial-hbh750\/","url":"https:\/\/kiennambarista.com\/en\/san-pham\/coi-may-xay-sinh-to-hamilton-beach-commercial-hbh750\/","name":"Blender Hamilton Beach Commercial HBH:750 - KI\u1ebeN NAM BARISTA","isPartOf":{"@id":"https:\/\/kiennambarista.com\/#website"},"primaryImageOfPage":{"@id":"https:\/\/kiennambarista.com\/en\/san-pham\/coi-may-xay-sinh-to-hamilton-beach-commercial-hbh750\/#primaryimage"},"image":{"@id":"https:\/\/kiennambarista.com\/en\/san-pham\/coi-may-xay-sinh-to-hamilton-beach-commercial-hbh750\/#primaryimage"},"thumbnailUrl":"https:\/\/kiennambarista.com\/wp-content\/uploads\/2023\/02\/Coi-may-xay-sinh-to-Hamilton-Beach-Commercial-HBH-750.jpg","datePublished":"2023-02-22T09:58:50+00:00","dateModified":"2023-07-06T02:54:57+00:00","description":"Blender Hamilton Beach Commercial HBH: 750 genuine distribution by Kien Nam Barista, the most prestigious and professional warranty in Vietnam","breadcrumb":{"@id":"https:\/\/kiennambarista.com\/en\/san-pham\/coi-may-xay-sinh-to-hamilton-beach-commercial-hbh750\/#breadcrumb"},"inLanguage":"en-US","potentialAction":[{"@type":"ReadAction","target":["https:\/\/kiennambarista.com\/en\/san-pham\/coi-may-xay-sinh-to-hamilton-beach-commercial-hbh750\/"]}]},{"@type":"ImageObject","inLanguage":"en-US","@id":"https:\/\/kiennambarista.com\/en\/san-pham\/coi-may-xay-sinh-to-hamilton-beach-commercial-hbh750\/#primaryimage","url":"https:\/\/kiennambarista.com\/wp-content\/uploads\/2023\/02\/Coi-may-xay-sinh-to-Hamilton-Beach-Commercial-HBH-750.jpg","contentUrl":"https:\/\/kiennambarista.com\/wp-content\/uploads\/2023\/02\/Coi-may-xay-sinh-to-Hamilton-Beach-Commercial-HBH-750.jpg","width":1200,"height":992},{"@type":"BreadcrumbList","@id":"https:\/\/kiennambarista.com\/en\/san-pham\/coi-may-xay-sinh-to-hamilton-beach-commercial-hbh750\/#breadcrumb","itemListElement":[{"@type":"ListItem","position":1,"name":"Trang ch\u1ee7","item":"https:\/\/kiennambarista.com\/en\/"},{"@type":"ListItem","position":2,"name":"Product","item":"https:\/\/kiennambarista.com\/en\/san-pham\/"},{"@type":"ListItem","position":3,"name":"Blender Hamilton Beach Commercial HBH:750"}]},{"@type":"WebSite","@id":"https:\/\/kiennambarista.com\/#website","url":"https:\/\/kiennambarista.com\/","name":"Ki\u1ebfn Nam BARISTA","description":"Nh\u00e0 ph\u00e2n ph\u1ed1i v\u00e0 cung c\u1ea5p d\u1ecbch v\u1ee5 m\u00e1y pha c\u00e0 ph\u00ea h\u00e0ng \u0111\u1ea7u t\u1ea1i Vi\u1ec7t Nam","publisher":{"@id":"https:\/\/kiennambarista.com\/#organization"},"potentialAction":[{"@type":"SearchAction","target":{"@type":"EntryPoint","urlTemplate":"https:\/\/kiennambarista.com\/?s={search_term_string}"},"query-input":{"@type":"PropertyValueSpecification","valueRequired":true,"valueName":"search_term_string"}}],"inLanguage":"en-US"},{"@type":"Organization","@id":"https:\/\/kiennambarista.com\/#organization","name":"Ki\u1ebfn Nam BARISTA","url":"https:\/\/kiennambarista.com\/","logo":{"@type":"ImageObject","inLanguage":"en-US","@id":"https:\/\/kiennambarista.com\/#\/schema\/logo\/image\/","url":"https:\/\/kiennambarista.com\/wp-content\/uploads\/2023\/01\/logo_kiennam.svg","contentUrl":"https:\/\/kiennambarista.com\/wp-content\/uploads\/2023\/01\/logo_kiennam.svg","width":88,"height":54,"caption":"Ki\u1ebfn Nam BARISTA"},"image":{"@id":"https:\/\/kiennambarista.com\/#\/schema\/logo\/image\/"}}]}},"_links":{"self":[{"href":"https:\/\/kiennambarista.com\/en\/wp-json\/wp\/v2\/product\/2612","targetHints":{"allow":["GET"]}}],"collection":[{"href":"https:\/\/kiennambarista.com\/en\/wp-json\/wp\/v2\/product"}],"about":[{"href":"https:\/\/kiennambarista.com\/en\/wp-json\/wp\/v2\/types\/product"}],"replies":[{"embeddable":true,"href":"https:\/\/kiennambarista.com\/en\/wp-json\/wp\/v2\/comments?post=2612"}],"wp:featuredmedia":[{"embeddable":true,"href":"https:\/\/kiennambarista.com\/en\/wp-json\/wp\/v2\/media\/2070"}],"wp:attachment":[{"href":"https:\/\/kiennambarista.com\/en\/wp-json\/wp\/v2\/media?parent=2612"}],"wp:term":[{"taxonomy":"product_brand","embeddable":true,"href":"https:\/\/kiennambarista.com\/en\/wp-json\/wp\/v2\/product_brand?post=2612"},{"taxonomy":"product_cat","embeddable":true,"href":"https:\/\/kiennambarista.com\/en\/wp-json\/wp\/v2\/product_cat?post=2612"},{"taxonomy":"product_tag","embeddable":true,"href":"https:\/\/kiennambarista.com\/en\/wp-json\/wp\/v2\/product_tag?post=2612"}],"curies":[{"name":"wp","href":"https:\/\/api.w.org\/{rel}","templated":true}]}}