{"id":2611,"date":"2023-02-22T17:02:02","date_gmt":"2023-02-22T10:02:02","guid":{"rendered":"https:\/\/kiennambarista.com\/san-pham\/may-ep-trai-cay-hamilton-beach-otto-hje960\/"},"modified":"2023-07-06T10:11:46","modified_gmt":"2023-07-06T03:11:46","slug":"may-ep-trai-cay-hamilton-beach-otto-hje960","status":"publish","type":"product","link":"https:\/\/kiennambarista.com\/en\/san-pham\/may-ep-trai-cay-hamilton-beach-otto-hje960\/","title":{"rendered":"Hamilton Beach Otto\u2122 Juicer HJE960"},"content":{"rendered":"<h1 style=\"text-align: center;\">Hamilton Beach Otto\u2122 Juicer HJE960<\/h1>\n<p>The Otto\u2122 Juicer is a centrifugal juicer, optimized to maximize the flavor and juice yield of fruits and vegetables. Durable materials, thermal protection and ergonomic features are ideal for busy juice shops that require constant use. More practical features include an operator-friendly design, easy-to-access height, easy-to-clean components and safety interlocks that shut down the engine and stop the blade before the lid can be opened.<\/p>\n<ul>\n<li>FreshMark\u2122 series of juicers<\/li>\n<li>Optimized to maximize flavor and juice yield.<\/li>\n<li>Powerful, quiet brushless induction motor designed for continuous use<\/li>\n<li>Crafted with durable and easy-to-clean BPA-free stainless steel, aluminum and parts.<\/li>\n<\/ul>\n","protected":false},"excerpt":{"rendered":"<ul>\n<li>Producer: Hamilton Beach<\/li>\n<li>1 year warranty<\/li>\n<\/ul>\n","protected":false},"featured_media":2035,"comment_status":"open","ping_status":"closed","template":"","meta":{"inline_featured_image":false},"product_brand":[],"product_cat":[221],"product_tag":[],"class_list":{"0":"post-2611","1":"product","2":"type-product","3":"status-publish","4":"has-post-thumbnail","6":"product_cat-may-xay-sinh-to-en","7":"category_filter_product-thuong-hieu-en","8":"category_filter_product-50-million-100-million-en","9":"category_filter_product-hamiltion-beach-en","11":"first","12":"instock","13":"shipping-taxable","14":"purchasable","15":"product-type-simple"},"acf":[],"yoast_head":"<!-- This site is optimized with the Yoast SEO plugin v24.9 - https:\/\/yoast.com\/wordpress\/plugins\/seo\/ -->\n<title>Hamilton Beach Otto\u2122 Juicer HJE960 - KI\u1ebeN NAM BARISTA<\/title>\n<meta name=\"description\" content=\"Hamilton Beach Otto\u2122 HJE960 Juicer is officially distributed by Kien Nam Barista with the most prestigious and professional warranty policy in Vietnam.\" \/>\n<meta name=\"robots\" content=\"index, follow, max-snippet:-1, max-image-preview:large, max-video-preview:-1\" \/>\n<link rel=\"canonical\" href=\"https:\/\/kiennambarista.com\/en\/san-pham\/may-ep-trai-cay-hamilton-beach-otto-hje960\/\" \/>\n<meta property=\"og:locale\" content=\"en_US\" \/>\n<meta property=\"og:type\" content=\"article\" \/>\n<meta property=\"og:title\" content=\"Hamilton Beach Otto\u2122 Juicer HJE960 - KI\u1ebeN NAM BARISTA\" \/>\n<meta property=\"og:description\" content=\"Hamilton Beach Otto\u2122 HJE960 Juicer is officially distributed by Kien Nam Barista with the most prestigious and professional warranty policy in Vietnam.\" \/>\n<meta property=\"og:url\" content=\"https:\/\/kiennambarista.com\/en\/san-pham\/may-ep-trai-cay-hamilton-beach-otto-hje960\/\" \/>\n<meta property=\"og:site_name\" content=\"KI\u1ebeN NAM BARISTA\" \/>\n<meta property=\"article:modified_time\" content=\"2023-07-06T03:11:46+00:00\" \/>\n<meta property=\"og:image\" content=\"https:\/\/kiennambarista.com\/wp-content\/uploads\/2023\/02\/May-ep-trai-cay-Hamilton-Beach-Otto\u2122-HJE960.jpg\" \/>\n\t<meta property=\"og:image:width\" content=\"1200\" \/>\n\t<meta property=\"og:image:height\" content=\"992\" \/>\n\t<meta property=\"og:image:type\" content=\"image\/jpeg\" \/>\n<meta name=\"twitter:card\" content=\"summary_large_image\" \/>\n<meta name=\"twitter:label1\" content=\"Est. reading time\" \/>\n\t<meta name=\"twitter:data1\" content=\"1 minute\" \/>\n<script type=\"application\/ld+json\" class=\"yoast-schema-graph\">{\"@context\":\"https:\/\/schema.org\",\"@graph\":[{\"@type\":\"WebPage\",\"@id\":\"https:\/\/kiennambarista.com\/en\/san-pham\/may-ep-trai-cay-hamilton-beach-otto-hje960\/\",\"url\":\"https:\/\/kiennambarista.com\/en\/san-pham\/may-ep-trai-cay-hamilton-beach-otto-hje960\/\",\"name\":\"Hamilton Beach Otto\u2122 Juicer HJE960 - KI\u1ebeN NAM BARISTA\",\"isPartOf\":{\"@id\":\"https:\/\/kiennambarista.com\/#website\"},\"primaryImageOfPage\":{\"@id\":\"https:\/\/kiennambarista.com\/en\/san-pham\/may-ep-trai-cay-hamilton-beach-otto-hje960\/#primaryimage\"},\"image\":{\"@id\":\"https:\/\/kiennambarista.com\/en\/san-pham\/may-ep-trai-cay-hamilton-beach-otto-hje960\/#primaryimage\"},\"thumbnailUrl\":\"https:\/\/kiennambarista.com\/wp-content\/uploads\/2023\/02\/May-ep-trai-cay-Hamilton-Beach-Otto\u2122-HJE960.jpg\",\"datePublished\":\"2023-02-22T10:02:02+00:00\",\"dateModified\":\"2023-07-06T03:11:46+00:00\",\"description\":\"Hamilton Beach Otto\u2122 HJE960 Juicer is officially distributed by Kien Nam Barista with the most prestigious and professional warranty policy in Vietnam.\",\"breadcrumb\":{\"@id\":\"https:\/\/kiennambarista.com\/en\/san-pham\/may-ep-trai-cay-hamilton-beach-otto-hje960\/#breadcrumb\"},\"inLanguage\":\"en-US\",\"potentialAction\":[{\"@type\":\"ReadAction\",\"target\":[\"https:\/\/kiennambarista.com\/en\/san-pham\/may-ep-trai-cay-hamilton-beach-otto-hje960\/\"]}]},{\"@type\":\"ImageObject\",\"inLanguage\":\"en-US\",\"@id\":\"https:\/\/kiennambarista.com\/en\/san-pham\/may-ep-trai-cay-hamilton-beach-otto-hje960\/#primaryimage\",\"url\":\"https:\/\/kiennambarista.com\/wp-content\/uploads\/2023\/02\/May-ep-trai-cay-Hamilton-Beach-Otto\u2122-HJE960.jpg\",\"contentUrl\":\"https:\/\/kiennambarista.com\/wp-content\/uploads\/2023\/02\/May-ep-trai-cay-Hamilton-Beach-Otto\u2122-HJE960.jpg\",\"width\":1200,\"height\":992,\"caption\":\"V\u1edbi Otto \u2122 l\u00e0 m\u1ed9t m\u00e1y \u00e9p tr\u00e1i c\u00e2y ly t\u00e2m, \u0111\u01b0\u1ee3c t\u1ed1i \u01b0u h\u00f3a \u0111\u1ec3 t\u1ed1i \u0111a h\u01b0\u01a1ng v\u1ecb v\u00e0 n\u0103ng su\u1ea5t n\u01b0\u1edbc \u00e9p c\u1ee7a tr\u00e1i c\u00e2y v\u00e0 rau qu\u1ea3. V\u1eadt li\u1ec7u b\u1ec1n, b\u1ea3o v\u1ec7 qu\u00e1 nhi\u1ec7t v\u00e0 c\u00e1c t\u00ednh n\u0103ng c\u00f4ng th\u00e1i h\u1ecdc l\u00e0 l\u00fd t\u01b0\u1edfng cho c\u00e1c c\u1eeda h\u00e0ng n\u01b0\u1edbc tr\u00e1i c\u00e2y b\u1eadn r\u1ed9n y\u00eau c\u1ea7u s\u1eed d\u1ee5ng back-to-back.\"},{\"@type\":\"BreadcrumbList\",\"@id\":\"https:\/\/kiennambarista.com\/en\/san-pham\/may-ep-trai-cay-hamilton-beach-otto-hje960\/#breadcrumb\",\"itemListElement\":[{\"@type\":\"ListItem\",\"position\":1,\"name\":\"Trang ch\u1ee7\",\"item\":\"https:\/\/kiennambarista.com\/en\/\"},{\"@type\":\"ListItem\",\"position\":2,\"name\":\"Product\",\"item\":\"https:\/\/kiennambarista.com\/en\/san-pham\/\"},{\"@type\":\"ListItem\",\"position\":3,\"name\":\"Hamilton Beach Otto\u2122 Juicer HJE960\"}]},{\"@type\":\"WebSite\",\"@id\":\"https:\/\/kiennambarista.com\/#website\",\"url\":\"https:\/\/kiennambarista.com\/\",\"name\":\"Ki\u1ebfn Nam BARISTA\",\"description\":\"Nh\u00e0 ph\u00e2n ph\u1ed1i v\u00e0 cung c\u1ea5p d\u1ecbch v\u1ee5 m\u00e1y pha c\u00e0 ph\u00ea h\u00e0ng \u0111\u1ea7u t\u1ea1i Vi\u1ec7t Nam\",\"publisher\":{\"@id\":\"https:\/\/kiennambarista.com\/#organization\"},\"potentialAction\":[{\"@type\":\"SearchAction\",\"target\":{\"@type\":\"EntryPoint\",\"urlTemplate\":\"https:\/\/kiennambarista.com\/?s={search_term_string}\"},\"query-input\":{\"@type\":\"PropertyValueSpecification\",\"valueRequired\":true,\"valueName\":\"search_term_string\"}}],\"inLanguage\":\"en-US\"},{\"@type\":\"Organization\",\"@id\":\"https:\/\/kiennambarista.com\/#organization\",\"name\":\"Ki\u1ebfn Nam BARISTA\",\"url\":\"https:\/\/kiennambarista.com\/\",\"logo\":{\"@type\":\"ImageObject\",\"inLanguage\":\"en-US\",\"@id\":\"https:\/\/kiennambarista.com\/#\/schema\/logo\/image\/\",\"url\":\"https:\/\/kiennambarista.com\/wp-content\/uploads\/2023\/01\/logo_kiennam.svg\",\"contentUrl\":\"https:\/\/kiennambarista.com\/wp-content\/uploads\/2023\/01\/logo_kiennam.svg\",\"width\":88,\"height\":54,\"caption\":\"Ki\u1ebfn Nam BARISTA\"},\"image\":{\"@id\":\"https:\/\/kiennambarista.com\/#\/schema\/logo\/image\/\"}}]}<\/script>\n<!-- \/ Yoast SEO plugin. -->","yoast_head_json":{"title":"Hamilton Beach Otto\u2122 Juicer HJE960 - KI\u1ebeN NAM BARISTA","description":"Hamilton Beach Otto\u2122 HJE960 Juicer is officially distributed by Kien Nam Barista with the most prestigious and professional warranty policy in Vietnam.","robots":{"index":"index","follow":"follow","max-snippet":"max-snippet:-1","max-image-preview":"max-image-preview:large","max-video-preview":"max-video-preview:-1"},"canonical":"https:\/\/kiennambarista.com\/en\/san-pham\/may-ep-trai-cay-hamilton-beach-otto-hje960\/","og_locale":"en_US","og_type":"article","og_title":"Hamilton Beach Otto\u2122 Juicer HJE960 - KI\u1ebeN NAM BARISTA","og_description":"Hamilton Beach Otto\u2122 HJE960 Juicer is officially distributed by Kien Nam Barista with the most prestigious and professional warranty policy in Vietnam.","og_url":"https:\/\/kiennambarista.com\/en\/san-pham\/may-ep-trai-cay-hamilton-beach-otto-hje960\/","og_site_name":"KI\u1ebeN NAM BARISTA","article_modified_time":"2023-07-06T03:11:46+00:00","og_image":[{"width":1200,"height":992,"url":"https:\/\/kiennambarista.com\/wp-content\/uploads\/2023\/02\/May-ep-trai-cay-Hamilton-Beach-Otto\u2122-HJE960.jpg","type":"image\/jpeg"}],"twitter_card":"summary_large_image","twitter_misc":{"Est. reading time":"1 minute"},"schema":{"@context":"https:\/\/schema.org","@graph":[{"@type":"WebPage","@id":"https:\/\/kiennambarista.com\/en\/san-pham\/may-ep-trai-cay-hamilton-beach-otto-hje960\/","url":"https:\/\/kiennambarista.com\/en\/san-pham\/may-ep-trai-cay-hamilton-beach-otto-hje960\/","name":"Hamilton Beach Otto\u2122 Juicer HJE960 - KI\u1ebeN NAM BARISTA","isPartOf":{"@id":"https:\/\/kiennambarista.com\/#website"},"primaryImageOfPage":{"@id":"https:\/\/kiennambarista.com\/en\/san-pham\/may-ep-trai-cay-hamilton-beach-otto-hje960\/#primaryimage"},"image":{"@id":"https:\/\/kiennambarista.com\/en\/san-pham\/may-ep-trai-cay-hamilton-beach-otto-hje960\/#primaryimage"},"thumbnailUrl":"https:\/\/kiennambarista.com\/wp-content\/uploads\/2023\/02\/May-ep-trai-cay-Hamilton-Beach-Otto\u2122-HJE960.jpg","datePublished":"2023-02-22T10:02:02+00:00","dateModified":"2023-07-06T03:11:46+00:00","description":"Hamilton Beach Otto\u2122 HJE960 Juicer is officially distributed by Kien Nam Barista with the most prestigious and professional warranty policy in Vietnam.","breadcrumb":{"@id":"https:\/\/kiennambarista.com\/en\/san-pham\/may-ep-trai-cay-hamilton-beach-otto-hje960\/#breadcrumb"},"inLanguage":"en-US","potentialAction":[{"@type":"ReadAction","target":["https:\/\/kiennambarista.com\/en\/san-pham\/may-ep-trai-cay-hamilton-beach-otto-hje960\/"]}]},{"@type":"ImageObject","inLanguage":"en-US","@id":"https:\/\/kiennambarista.com\/en\/san-pham\/may-ep-trai-cay-hamilton-beach-otto-hje960\/#primaryimage","url":"https:\/\/kiennambarista.com\/wp-content\/uploads\/2023\/02\/May-ep-trai-cay-Hamilton-Beach-Otto\u2122-HJE960.jpg","contentUrl":"https:\/\/kiennambarista.com\/wp-content\/uploads\/2023\/02\/May-ep-trai-cay-Hamilton-Beach-Otto\u2122-HJE960.jpg","width":1200,"height":992,"caption":"V\u1edbi Otto \u2122 l\u00e0 m\u1ed9t m\u00e1y \u00e9p tr\u00e1i c\u00e2y ly t\u00e2m, \u0111\u01b0\u1ee3c t\u1ed1i \u01b0u h\u00f3a \u0111\u1ec3 t\u1ed1i \u0111a h\u01b0\u01a1ng v\u1ecb v\u00e0 n\u0103ng su\u1ea5t n\u01b0\u1edbc \u00e9p c\u1ee7a tr\u00e1i c\u00e2y v\u00e0 rau qu\u1ea3. V\u1eadt li\u1ec7u b\u1ec1n, b\u1ea3o v\u1ec7 qu\u00e1 nhi\u1ec7t v\u00e0 c\u00e1c t\u00ednh n\u0103ng c\u00f4ng th\u00e1i h\u1ecdc l\u00e0 l\u00fd t\u01b0\u1edfng cho c\u00e1c c\u1eeda h\u00e0ng n\u01b0\u1edbc tr\u00e1i c\u00e2y b\u1eadn r\u1ed9n y\u00eau c\u1ea7u s\u1eed d\u1ee5ng back-to-back."},{"@type":"BreadcrumbList","@id":"https:\/\/kiennambarista.com\/en\/san-pham\/may-ep-trai-cay-hamilton-beach-otto-hje960\/#breadcrumb","itemListElement":[{"@type":"ListItem","position":1,"name":"Trang ch\u1ee7","item":"https:\/\/kiennambarista.com\/en\/"},{"@type":"ListItem","position":2,"name":"Product","item":"https:\/\/kiennambarista.com\/en\/san-pham\/"},{"@type":"ListItem","position":3,"name":"Hamilton Beach Otto\u2122 Juicer HJE960"}]},{"@type":"WebSite","@id":"https:\/\/kiennambarista.com\/#website","url":"https:\/\/kiennambarista.com\/","name":"Ki\u1ebfn Nam BARISTA","description":"Nh\u00e0 ph\u00e2n ph\u1ed1i v\u00e0 cung c\u1ea5p d\u1ecbch v\u1ee5 m\u00e1y pha c\u00e0 ph\u00ea h\u00e0ng \u0111\u1ea7u t\u1ea1i Vi\u1ec7t Nam","publisher":{"@id":"https:\/\/kiennambarista.com\/#organization"},"potentialAction":[{"@type":"SearchAction","target":{"@type":"EntryPoint","urlTemplate":"https:\/\/kiennambarista.com\/?s={search_term_string}"},"query-input":{"@type":"PropertyValueSpecification","valueRequired":true,"valueName":"search_term_string"}}],"inLanguage":"en-US"},{"@type":"Organization","@id":"https:\/\/kiennambarista.com\/#organization","name":"Ki\u1ebfn Nam BARISTA","url":"https:\/\/kiennambarista.com\/","logo":{"@type":"ImageObject","inLanguage":"en-US","@id":"https:\/\/kiennambarista.com\/#\/schema\/logo\/image\/","url":"https:\/\/kiennambarista.com\/wp-content\/uploads\/2023\/01\/logo_kiennam.svg","contentUrl":"https:\/\/kiennambarista.com\/wp-content\/uploads\/2023\/01\/logo_kiennam.svg","width":88,"height":54,"caption":"Ki\u1ebfn Nam BARISTA"},"image":{"@id":"https:\/\/kiennambarista.com\/#\/schema\/logo\/image\/"}}]}},"_links":{"self":[{"href":"https:\/\/kiennambarista.com\/en\/wp-json\/wp\/v2\/product\/2611","targetHints":{"allow":["GET"]}}],"collection":[{"href":"https:\/\/kiennambarista.com\/en\/wp-json\/wp\/v2\/product"}],"about":[{"href":"https:\/\/kiennambarista.com\/en\/wp-json\/wp\/v2\/types\/product"}],"replies":[{"embeddable":true,"href":"https:\/\/kiennambarista.com\/en\/wp-json\/wp\/v2\/comments?post=2611"}],"wp:featuredmedia":[{"embeddable":true,"href":"https:\/\/kiennambarista.com\/en\/wp-json\/wp\/v2\/media\/2035"}],"wp:attachment":[{"href":"https:\/\/kiennambarista.com\/en\/wp-json\/wp\/v2\/media?parent=2611"}],"wp:term":[{"taxonomy":"product_brand","embeddable":true,"href":"https:\/\/kiennambarista.com\/en\/wp-json\/wp\/v2\/product_brand?post=2611"},{"taxonomy":"product_cat","embeddable":true,"href":"https:\/\/kiennambarista.com\/en\/wp-json\/wp\/v2\/product_cat?post=2611"},{"taxonomy":"product_tag","embeddable":true,"href":"https:\/\/kiennambarista.com\/en\/wp-json\/wp\/v2\/product_tag?post=2611"}],"curies":[{"name":"wp","href":"https:\/\/api.w.org\/{rel}","templated":true}]}}