{"id":2610,"date":"2023-02-22T17:07:18","date_gmt":"2023-02-22T10:07:18","guid":{"rendered":"https:\/\/kiennambarista.com\/san-pham\/may-ep-cam-fresh-mark-electric-citrus-juicer-hcj967\/"},"modified":"2023-07-06T10:17:03","modified_gmt":"2023-07-06T03:17:03","slug":"may-ep-cam-fresh-mark-electric-citrus-juicer-hcj967","status":"publish","type":"product","link":"https:\/\/kiennambarista.com\/en\/san-pham\/may-ep-cam-fresh-mark-electric-citrus-juicer-hcj967\/","title":{"rendered":"Orange Juicer Fresh Mark Electric Citrus Juicer HCJ967"},"content":{"rendered":"<h1 style=\"text-align: center;\">Orange Juicer Fresh Mark Electric Citrus Juicer HCJ967<\/h1>\n<p>This automatic juicer with its unique crescent-shaped footprint is a great choice for operators who are juicing more than 32 oz of juice. Electric orange juicers are quick and will save you time with minimal effort and maximum productivity. The dome cover acts as a water jet shield.<\/p>\n<p>Fast and stable for optimal juice output<\/p>\n<p>The machine comes with extra-large stainless steel bowl, acid-resistant die-cast aluminum base, ABS plastic strainer and 3 sizes of drill bits<br \/>\n&#8211; Induction motor<br \/>\n&#8211; Squeeze a full glass of orange juice in less than 30 seconds<br \/>\n&#8211; Hole drilling processing: 3 hole drilling sizes<br \/>\n&#8211; High opening faucet<br \/>\n&#8211; Crescent-shaped footprints<br \/>\n&#8211; Removable filter, bowl, reamers for easy cleaning<\/p>\n","protected":false},"excerpt":{"rendered":"<ul>\n<li>Producer: Hamilton Beach<\/li>\n<li>1 year warranty<\/li>\n<\/ul>\n","protected":false},"featured_media":2034,"comment_status":"open","ping_status":"closed","template":"","meta":{"inline_featured_image":false},"product_brand":[],"product_cat":[221],"product_tag":[],"class_list":{"0":"post-2610","1":"product","2":"type-product","3":"status-publish","4":"has-post-thumbnail","6":"product_cat-may-xay-sinh-to-en","7":"category_filter_product-thuong-hieu-en","8":"category_filter_product-20-million-50-million-en","9":"category_filter_product-hamiltion-beach-en","11":"first","12":"instock","13":"shipping-taxable","14":"purchasable","15":"product-type-simple"},"acf":[],"yoast_head":"<!-- This site is optimized with the Yoast SEO plugin v24.9 - https:\/\/yoast.com\/wordpress\/plugins\/seo\/ -->\n<title>Orange Juicer Fresh Mark Electric Citrus Juicer HCJ967 - KI\u1ebeN NAM BARISTA<\/title>\n<meta name=\"description\" content=\"Orange Juicer Fresh Mark Electric Citrus Juicer HCJ967 genuine distribution by Kien Nam Barista prestigious, professional warranty in Vietnam\" \/>\n<meta name=\"robots\" content=\"index, follow, max-snippet:-1, max-image-preview:large, max-video-preview:-1\" \/>\n<link rel=\"canonical\" href=\"https:\/\/kiennambarista.com\/en\/san-pham\/may-ep-cam-fresh-mark-electric-citrus-juicer-hcj967\/\" \/>\n<meta property=\"og:locale\" content=\"en_US\" \/>\n<meta property=\"og:type\" content=\"article\" \/>\n<meta property=\"og:title\" content=\"Orange Juicer Fresh Mark Electric Citrus Juicer HCJ967 - KI\u1ebeN NAM BARISTA\" \/>\n<meta property=\"og:description\" content=\"Orange Juicer Fresh Mark Electric Citrus Juicer HCJ967 genuine distribution by Kien Nam Barista prestigious, professional warranty in Vietnam\" \/>\n<meta property=\"og:url\" content=\"https:\/\/kiennambarista.com\/en\/san-pham\/may-ep-cam-fresh-mark-electric-citrus-juicer-hcj967\/\" \/>\n<meta property=\"og:site_name\" content=\"KI\u1ebeN NAM BARISTA\" \/>\n<meta property=\"article:modified_time\" content=\"2023-07-06T03:17:03+00:00\" \/>\n<meta property=\"og:image\" content=\"https:\/\/kiennambarista.com\/wp-content\/uploads\/2023\/02\/May-ep-cam-Fresh-Mark-Electric-Citrus-Juicer-HCJ967.jpg\" \/>\n\t<meta property=\"og:image:width\" content=\"1200\" \/>\n\t<meta property=\"og:image:height\" content=\"992\" \/>\n\t<meta property=\"og:image:type\" content=\"image\/jpeg\" \/>\n<meta name=\"twitter:card\" content=\"summary_large_image\" \/>\n<meta name=\"twitter:label1\" content=\"Est. reading time\" \/>\n\t<meta name=\"twitter:data1\" content=\"1 minute\" \/>\n<script type=\"application\/ld+json\" class=\"yoast-schema-graph\">{\"@context\":\"https:\/\/schema.org\",\"@graph\":[{\"@type\":\"WebPage\",\"@id\":\"https:\/\/kiennambarista.com\/en\/san-pham\/may-ep-cam-fresh-mark-electric-citrus-juicer-hcj967\/\",\"url\":\"https:\/\/kiennambarista.com\/en\/san-pham\/may-ep-cam-fresh-mark-electric-citrus-juicer-hcj967\/\",\"name\":\"Orange Juicer Fresh Mark Electric Citrus Juicer HCJ967 - KI\u1ebeN NAM BARISTA\",\"isPartOf\":{\"@id\":\"https:\/\/kiennambarista.com\/#website\"},\"primaryImageOfPage\":{\"@id\":\"https:\/\/kiennambarista.com\/en\/san-pham\/may-ep-cam-fresh-mark-electric-citrus-juicer-hcj967\/#primaryimage\"},\"image\":{\"@id\":\"https:\/\/kiennambarista.com\/en\/san-pham\/may-ep-cam-fresh-mark-electric-citrus-juicer-hcj967\/#primaryimage\"},\"thumbnailUrl\":\"https:\/\/kiennambarista.com\/wp-content\/uploads\/2023\/02\/May-ep-cam-Fresh-Mark-Electric-Citrus-Juicer-HCJ967.jpg\",\"datePublished\":\"2023-02-22T10:07:18+00:00\",\"dateModified\":\"2023-07-06T03:17:03+00:00\",\"description\":\"Orange Juicer Fresh Mark Electric Citrus Juicer HCJ967 genuine distribution by Kien Nam Barista prestigious, professional warranty in Vietnam\",\"breadcrumb\":{\"@id\":\"https:\/\/kiennambarista.com\/en\/san-pham\/may-ep-cam-fresh-mark-electric-citrus-juicer-hcj967\/#breadcrumb\"},\"inLanguage\":\"en-US\",\"potentialAction\":[{\"@type\":\"ReadAction\",\"target\":[\"https:\/\/kiennambarista.com\/en\/san-pham\/may-ep-cam-fresh-mark-electric-citrus-juicer-hcj967\/\"]}]},{\"@type\":\"ImageObject\",\"inLanguage\":\"en-US\",\"@id\":\"https:\/\/kiennambarista.com\/en\/san-pham\/may-ep-cam-fresh-mark-electric-citrus-juicer-hcj967\/#primaryimage\",\"url\":\"https:\/\/kiennambarista.com\/wp-content\/uploads\/2023\/02\/May-ep-cam-Fresh-Mark-Electric-Citrus-Juicer-HCJ967.jpg\",\"contentUrl\":\"https:\/\/kiennambarista.com\/wp-content\/uploads\/2023\/02\/May-ep-cam-Fresh-Mark-Electric-Citrus-Juicer-HCJ967.jpg\",\"width\":1200,\"height\":992,\"caption\":\"M\u00e1y \u00e9p cam t\u1ef1 \u0111\u1ed9ng v\u1edbi ch\u00e2n \u0111\u1ebf h\u00ecnh l\u01b0\u1ee1i li\u1ec1m \u0111\u1ed9c \u0111\u00e1o n\u00e0y l\u00e0 m\u1ed9t l\u1ef1a ch\u1ecdn tuy\u1ec7t v\u1eddi cho nh\u1eefng ly n\u01b0\u1edbc \u00e9p ho\u00e0n h\u1ea3o\"},{\"@type\":\"BreadcrumbList\",\"@id\":\"https:\/\/kiennambarista.com\/en\/san-pham\/may-ep-cam-fresh-mark-electric-citrus-juicer-hcj967\/#breadcrumb\",\"itemListElement\":[{\"@type\":\"ListItem\",\"position\":1,\"name\":\"Trang ch\u1ee7\",\"item\":\"https:\/\/kiennambarista.com\/en\/\"},{\"@type\":\"ListItem\",\"position\":2,\"name\":\"Product\",\"item\":\"https:\/\/kiennambarista.com\/en\/san-pham\/\"},{\"@type\":\"ListItem\",\"position\":3,\"name\":\"Orange Juicer Fresh Mark Electric Citrus Juicer HCJ967\"}]},{\"@type\":\"WebSite\",\"@id\":\"https:\/\/kiennambarista.com\/#website\",\"url\":\"https:\/\/kiennambarista.com\/\",\"name\":\"Ki\u1ebfn Nam BARISTA\",\"description\":\"Nh\u00e0 ph\u00e2n ph\u1ed1i v\u00e0 cung c\u1ea5p d\u1ecbch v\u1ee5 m\u00e1y pha c\u00e0 ph\u00ea h\u00e0ng \u0111\u1ea7u t\u1ea1i Vi\u1ec7t Nam\",\"publisher\":{\"@id\":\"https:\/\/kiennambarista.com\/#organization\"},\"potentialAction\":[{\"@type\":\"SearchAction\",\"target\":{\"@type\":\"EntryPoint\",\"urlTemplate\":\"https:\/\/kiennambarista.com\/?s={search_term_string}\"},\"query-input\":{\"@type\":\"PropertyValueSpecification\",\"valueRequired\":true,\"valueName\":\"search_term_string\"}}],\"inLanguage\":\"en-US\"},{\"@type\":\"Organization\",\"@id\":\"https:\/\/kiennambarista.com\/#organization\",\"name\":\"Ki\u1ebfn Nam BARISTA\",\"url\":\"https:\/\/kiennambarista.com\/\",\"logo\":{\"@type\":\"ImageObject\",\"inLanguage\":\"en-US\",\"@id\":\"https:\/\/kiennambarista.com\/#\/schema\/logo\/image\/\",\"url\":\"https:\/\/kiennambarista.com\/wp-content\/uploads\/2023\/01\/logo_kiennam.svg\",\"contentUrl\":\"https:\/\/kiennambarista.com\/wp-content\/uploads\/2023\/01\/logo_kiennam.svg\",\"width\":88,\"height\":54,\"caption\":\"Ki\u1ebfn Nam BARISTA\"},\"image\":{\"@id\":\"https:\/\/kiennambarista.com\/#\/schema\/logo\/image\/\"}}]}<\/script>\n<!-- \/ Yoast SEO plugin. -->","yoast_head_json":{"title":"Orange Juicer Fresh Mark Electric Citrus Juicer HCJ967 - KI\u1ebeN NAM BARISTA","description":"Orange Juicer Fresh Mark Electric Citrus Juicer HCJ967 genuine distribution by Kien Nam Barista prestigious, professional warranty in Vietnam","robots":{"index":"index","follow":"follow","max-snippet":"max-snippet:-1","max-image-preview":"max-image-preview:large","max-video-preview":"max-video-preview:-1"},"canonical":"https:\/\/kiennambarista.com\/en\/san-pham\/may-ep-cam-fresh-mark-electric-citrus-juicer-hcj967\/","og_locale":"en_US","og_type":"article","og_title":"Orange Juicer Fresh Mark Electric Citrus Juicer HCJ967 - KI\u1ebeN NAM BARISTA","og_description":"Orange Juicer Fresh Mark Electric Citrus Juicer HCJ967 genuine distribution by Kien Nam Barista prestigious, professional warranty in Vietnam","og_url":"https:\/\/kiennambarista.com\/en\/san-pham\/may-ep-cam-fresh-mark-electric-citrus-juicer-hcj967\/","og_site_name":"KI\u1ebeN NAM BARISTA","article_modified_time":"2023-07-06T03:17:03+00:00","og_image":[{"width":1200,"height":992,"url":"https:\/\/kiennambarista.com\/wp-content\/uploads\/2023\/02\/May-ep-cam-Fresh-Mark-Electric-Citrus-Juicer-HCJ967.jpg","type":"image\/jpeg"}],"twitter_card":"summary_large_image","twitter_misc":{"Est. reading time":"1 minute"},"schema":{"@context":"https:\/\/schema.org","@graph":[{"@type":"WebPage","@id":"https:\/\/kiennambarista.com\/en\/san-pham\/may-ep-cam-fresh-mark-electric-citrus-juicer-hcj967\/","url":"https:\/\/kiennambarista.com\/en\/san-pham\/may-ep-cam-fresh-mark-electric-citrus-juicer-hcj967\/","name":"Orange Juicer Fresh Mark Electric Citrus Juicer HCJ967 - KI\u1ebeN NAM BARISTA","isPartOf":{"@id":"https:\/\/kiennambarista.com\/#website"},"primaryImageOfPage":{"@id":"https:\/\/kiennambarista.com\/en\/san-pham\/may-ep-cam-fresh-mark-electric-citrus-juicer-hcj967\/#primaryimage"},"image":{"@id":"https:\/\/kiennambarista.com\/en\/san-pham\/may-ep-cam-fresh-mark-electric-citrus-juicer-hcj967\/#primaryimage"},"thumbnailUrl":"https:\/\/kiennambarista.com\/wp-content\/uploads\/2023\/02\/May-ep-cam-Fresh-Mark-Electric-Citrus-Juicer-HCJ967.jpg","datePublished":"2023-02-22T10:07:18+00:00","dateModified":"2023-07-06T03:17:03+00:00","description":"Orange Juicer Fresh Mark Electric Citrus Juicer HCJ967 genuine distribution by Kien Nam Barista prestigious, professional warranty in Vietnam","breadcrumb":{"@id":"https:\/\/kiennambarista.com\/en\/san-pham\/may-ep-cam-fresh-mark-electric-citrus-juicer-hcj967\/#breadcrumb"},"inLanguage":"en-US","potentialAction":[{"@type":"ReadAction","target":["https:\/\/kiennambarista.com\/en\/san-pham\/may-ep-cam-fresh-mark-electric-citrus-juicer-hcj967\/"]}]},{"@type":"ImageObject","inLanguage":"en-US","@id":"https:\/\/kiennambarista.com\/en\/san-pham\/may-ep-cam-fresh-mark-electric-citrus-juicer-hcj967\/#primaryimage","url":"https:\/\/kiennambarista.com\/wp-content\/uploads\/2023\/02\/May-ep-cam-Fresh-Mark-Electric-Citrus-Juicer-HCJ967.jpg","contentUrl":"https:\/\/kiennambarista.com\/wp-content\/uploads\/2023\/02\/May-ep-cam-Fresh-Mark-Electric-Citrus-Juicer-HCJ967.jpg","width":1200,"height":992,"caption":"M\u00e1y \u00e9p cam t\u1ef1 \u0111\u1ed9ng v\u1edbi ch\u00e2n \u0111\u1ebf h\u00ecnh l\u01b0\u1ee1i li\u1ec1m \u0111\u1ed9c \u0111\u00e1o n\u00e0y l\u00e0 m\u1ed9t l\u1ef1a ch\u1ecdn tuy\u1ec7t v\u1eddi cho nh\u1eefng ly n\u01b0\u1edbc \u00e9p ho\u00e0n h\u1ea3o"},{"@type":"BreadcrumbList","@id":"https:\/\/kiennambarista.com\/en\/san-pham\/may-ep-cam-fresh-mark-electric-citrus-juicer-hcj967\/#breadcrumb","itemListElement":[{"@type":"ListItem","position":1,"name":"Trang ch\u1ee7","item":"https:\/\/kiennambarista.com\/en\/"},{"@type":"ListItem","position":2,"name":"Product","item":"https:\/\/kiennambarista.com\/en\/san-pham\/"},{"@type":"ListItem","position":3,"name":"Orange Juicer Fresh Mark Electric Citrus Juicer HCJ967"}]},{"@type":"WebSite","@id":"https:\/\/kiennambarista.com\/#website","url":"https:\/\/kiennambarista.com\/","name":"Ki\u1ebfn Nam BARISTA","description":"Nh\u00e0 ph\u00e2n ph\u1ed1i v\u00e0 cung c\u1ea5p d\u1ecbch v\u1ee5 m\u00e1y pha c\u00e0 ph\u00ea h\u00e0ng \u0111\u1ea7u t\u1ea1i Vi\u1ec7t Nam","publisher":{"@id":"https:\/\/kiennambarista.com\/#organization"},"potentialAction":[{"@type":"SearchAction","target":{"@type":"EntryPoint","urlTemplate":"https:\/\/kiennambarista.com\/?s={search_term_string}"},"query-input":{"@type":"PropertyValueSpecification","valueRequired":true,"valueName":"search_term_string"}}],"inLanguage":"en-US"},{"@type":"Organization","@id":"https:\/\/kiennambarista.com\/#organization","name":"Ki\u1ebfn Nam BARISTA","url":"https:\/\/kiennambarista.com\/","logo":{"@type":"ImageObject","inLanguage":"en-US","@id":"https:\/\/kiennambarista.com\/#\/schema\/logo\/image\/","url":"https:\/\/kiennambarista.com\/wp-content\/uploads\/2023\/01\/logo_kiennam.svg","contentUrl":"https:\/\/kiennambarista.com\/wp-content\/uploads\/2023\/01\/logo_kiennam.svg","width":88,"height":54,"caption":"Ki\u1ebfn Nam BARISTA"},"image":{"@id":"https:\/\/kiennambarista.com\/#\/schema\/logo\/image\/"}}]}},"_links":{"self":[{"href":"https:\/\/kiennambarista.com\/en\/wp-json\/wp\/v2\/product\/2610","targetHints":{"allow":["GET"]}}],"collection":[{"href":"https:\/\/kiennambarista.com\/en\/wp-json\/wp\/v2\/product"}],"about":[{"href":"https:\/\/kiennambarista.com\/en\/wp-json\/wp\/v2\/types\/product"}],"replies":[{"embeddable":true,"href":"https:\/\/kiennambarista.com\/en\/wp-json\/wp\/v2\/comments?post=2610"}],"wp:featuredmedia":[{"embeddable":true,"href":"https:\/\/kiennambarista.com\/en\/wp-json\/wp\/v2\/media\/2034"}],"wp:attachment":[{"href":"https:\/\/kiennambarista.com\/en\/wp-json\/wp\/v2\/media?parent=2610"}],"wp:term":[{"taxonomy":"product_brand","embeddable":true,"href":"https:\/\/kiennambarista.com\/en\/wp-json\/wp\/v2\/product_brand?post=2610"},{"taxonomy":"product_cat","embeddable":true,"href":"https:\/\/kiennambarista.com\/en\/wp-json\/wp\/v2\/product_cat?post=2610"},{"taxonomy":"product_tag","embeddable":true,"href":"https:\/\/kiennambarista.com\/en\/wp-json\/wp\/v2\/product_tag?post=2610"}],"curies":[{"name":"wp","href":"https:\/\/api.w.org\/{rel}","templated":true}]}}