{"id":2607,"date":"2023-02-23T08:52:13","date_gmt":"2023-02-23T01:52:13","guid":{"rendered":"https:\/\/kiennambarista.com\/san-pham\/may-nuoc-nong-marco-ecoboiler-t10-2\/"},"modified":"2023-05-29T09:41:22","modified_gmt":"2023-05-29T02:41:22","slug":"may-nuoc-nong-marco-ecoboiler-t10-2","status":"publish","type":"product","link":"https:\/\/kiennambarista.com\/en\/san-pham\/may-nuoc-nong-marco-ecoboiler-t10-2\/","title":{"rendered":"Water heater Marco EcoBoiler T10"},"content":{"rendered":"<h1 style=\"text-align: center;\">Water heater Marco EcoBoiler T10<\/h1>\n<p>&#8211; Easy descaling.<br \/>\n&#8211; Removable anti-drip tray<br \/>\n&#8211; Save energy with precise temperature<br \/>\n&#8211; Electronically controlled and made with 95% recyclable materials.<br \/>\n&#8211; Water source: direct supply<br \/>\n&#8211; Good heat retention<br \/>\n&#8211; Absolutely safe to use with 2 layers of protection.<\/p>\n","protected":false},"excerpt":{"rendered":"<ul>\n<li>Manufacturer: Marco Beverage Systems<\/li>\n<li>Origin: Ireland<\/li>\n<li>1 year warranty<\/li>\n<li>Color: Black \/ Stainless steel<\/li>\n<\/ul>\n","protected":false},"featured_media":2031,"comment_status":"open","ping_status":"closed","template":"","meta":{"inline_featured_image":false},"product_brand":[],"product_cat":[183],"product_tag":[],"class_list":{"0":"post-2607","1":"product","2":"type-product","3":"status-publish","4":"has-post-thumbnail","6":"product_cat-may-nuoc-nong-en","7":"category_filter_product-thuong-hieu-en","8":"category_filter_product-cong-suat-en","9":"category_filter_product-20-million-50-million-en","10":"category_filter_product-gia-tien-en","11":"category_filter_product-2000-3000-w-en","12":"category_filter_product-marco-en","14":"first","15":"instock","16":"shipping-taxable","17":"purchasable","18":"product-type-simple"},"acf":[],"yoast_head":"<!-- This site is optimized with the Yoast SEO plugin v24.9 - https:\/\/yoast.com\/wordpress\/plugins\/seo\/ -->\n<title>Water heater Marco EcoBoiler T10 - KI\u1ebeN NAM BARISTA<\/title>\n<meta name=\"description\" content=\"Marco EcoBoiler T10 Water Heater genuine distributed by Kien Nam Barista, the leading prestigious and professional warranty policy in Vietnam\" \/>\n<meta name=\"robots\" content=\"index, follow, max-snippet:-1, max-image-preview:large, max-video-preview:-1\" \/>\n<link rel=\"canonical\" href=\"https:\/\/kiennambarista.com\/en\/san-pham\/may-nuoc-nong-marco-ecoboiler-t10-2\/\" \/>\n<meta property=\"og:locale\" content=\"en_US\" \/>\n<meta property=\"og:type\" content=\"article\" \/>\n<meta property=\"og:title\" content=\"Water heater Marco EcoBoiler T10 - KI\u1ebeN NAM BARISTA\" \/>\n<meta property=\"og:description\" content=\"Marco EcoBoiler T10 Water Heater genuine distributed by Kien Nam Barista, the leading prestigious and professional warranty policy in Vietnam\" \/>\n<meta property=\"og:url\" content=\"https:\/\/kiennambarista.com\/en\/san-pham\/may-nuoc-nong-marco-ecoboiler-t10-2\/\" \/>\n<meta property=\"og:site_name\" content=\"KI\u1ebeN NAM BARISTA\" \/>\n<meta property=\"article:modified_time\" content=\"2023-05-29T02:41:22+00:00\" \/>\n<meta property=\"og:image\" content=\"https:\/\/kiennambarista.com\/wp-content\/uploads\/2023\/02\/May-Nuoc-Nong-Marco-EcoBoiler-T10.jpg\" \/>\n\t<meta property=\"og:image:width\" content=\"1200\" \/>\n\t<meta property=\"og:image:height\" content=\"992\" \/>\n\t<meta property=\"og:image:type\" content=\"image\/jpeg\" \/>\n<meta name=\"twitter:card\" content=\"summary_large_image\" \/>\n<script type=\"application\/ld+json\" class=\"yoast-schema-graph\">{\"@context\":\"https:\/\/schema.org\",\"@graph\":[{\"@type\":\"WebPage\",\"@id\":\"https:\/\/kiennambarista.com\/en\/san-pham\/may-nuoc-nong-marco-ecoboiler-t10-2\/\",\"url\":\"https:\/\/kiennambarista.com\/en\/san-pham\/may-nuoc-nong-marco-ecoboiler-t10-2\/\",\"name\":\"Water heater Marco EcoBoiler T10 - KI\u1ebeN NAM BARISTA\",\"isPartOf\":{\"@id\":\"https:\/\/kiennambarista.com\/#website\"},\"primaryImageOfPage\":{\"@id\":\"https:\/\/kiennambarista.com\/en\/san-pham\/may-nuoc-nong-marco-ecoboiler-t10-2\/#primaryimage\"},\"image\":{\"@id\":\"https:\/\/kiennambarista.com\/en\/san-pham\/may-nuoc-nong-marco-ecoboiler-t10-2\/#primaryimage\"},\"thumbnailUrl\":\"https:\/\/kiennambarista.com\/wp-content\/uploads\/2023\/02\/May-Nuoc-Nong-Marco-EcoBoiler-T10.jpg\",\"datePublished\":\"2023-02-23T01:52:13+00:00\",\"dateModified\":\"2023-05-29T02:41:22+00:00\",\"description\":\"Marco EcoBoiler T10 Water Heater genuine distributed by Kien Nam Barista, the leading prestigious and professional warranty policy in Vietnam\",\"breadcrumb\":{\"@id\":\"https:\/\/kiennambarista.com\/en\/san-pham\/may-nuoc-nong-marco-ecoboiler-t10-2\/#breadcrumb\"},\"inLanguage\":\"en-US\",\"potentialAction\":[{\"@type\":\"ReadAction\",\"target\":[\"https:\/\/kiennambarista.com\/en\/san-pham\/may-nuoc-nong-marco-ecoboiler-t10-2\/\"]}]},{\"@type\":\"ImageObject\",\"inLanguage\":\"en-US\",\"@id\":\"https:\/\/kiennambarista.com\/en\/san-pham\/may-nuoc-nong-marco-ecoboiler-t10-2\/#primaryimage\",\"url\":\"https:\/\/kiennambarista.com\/wp-content\/uploads\/2023\/02\/May-Nuoc-Nong-Marco-EcoBoiler-T10.jpg\",\"contentUrl\":\"https:\/\/kiennambarista.com\/wp-content\/uploads\/2023\/02\/May-Nuoc-Nong-Marco-EcoBoiler-T10.jpg\",\"width\":1200,\"height\":992,\"caption\":\"Ecoboiler T10 l\u00e0 M\u00e1y \u0111un n\u01b0\u1edbc n\u00f3ng v\u1edbi \u0111\u01b0\u1eddng d\u1eabn n\u01b0\u1edbc nh\u1ecf \u0111\u01b0\u1ee3c n\u1ed1i tr\u1ef1c ti\u1ebfp v\u00e0o ngu\u1ed3n n\u01b0\u1edbc t\u1ea1i qu\u1ea7y bar c\u1ee7a b\u1ea1n. \u0110\u1eb7c bi\u1ec7t ph\u00f9 h\u1ee3p v\u1edbi kh\u00f4ng gian qu\u1ea7y bar c\u1ee7a c\u00e1c chu\u1ed7i\/qu\u00e1n c\u00e0 ph\u00ea, nh\u00e0 h\u00e0ng \u2013 kh\u00e1ch s\u1ea1n b\u1ebfp v\u00e0 canteen. M\u00e1y \u0111un n\u01b0\u1edbc n\u00f3ng Ecoboiler T10 c\u1ee7a Marco cung c\u1ea5p tr\u1ef1c ti\u1ebfp ngu\u1ed3n n\u01b0\u1edbc n\u00f3ng cho c\u00e1c lo\u1ea1i th\u1ee9c u\u1ed1ng nh\u01b0 tr\u00e0 v\u00e0 c\u00e0 ph\u00ea. \u0110\u1eb7c bi\u1ec7t, Ecoboiler T10 gi\u00fap h\u1ea1n ch\u1ebf nh\u1eefng r\u1eafc r\u1ed1i v\u00e0 ti\u1ebft ki\u1ec7m \u0111\u01b0\u1ee3c th\u1eddi gian c\u1ee7a b\u1ea1n so v\u1edbi \u1ea5m \u0111un n\u01b0\u1edbc si\u00eau t\u1ed1c.\"},{\"@type\":\"BreadcrumbList\",\"@id\":\"https:\/\/kiennambarista.com\/en\/san-pham\/may-nuoc-nong-marco-ecoboiler-t10-2\/#breadcrumb\",\"itemListElement\":[{\"@type\":\"ListItem\",\"position\":1,\"name\":\"Trang ch\u1ee7\",\"item\":\"https:\/\/kiennambarista.com\/en\/\"},{\"@type\":\"ListItem\",\"position\":2,\"name\":\"Product\",\"item\":\"https:\/\/kiennambarista.com\/en\/san-pham\/\"},{\"@type\":\"ListItem\",\"position\":3,\"name\":\"Water heater Marco EcoBoiler T10\"}]},{\"@type\":\"WebSite\",\"@id\":\"https:\/\/kiennambarista.com\/#website\",\"url\":\"https:\/\/kiennambarista.com\/\",\"name\":\"Ki\u1ebfn Nam BARISTA\",\"description\":\"Nh\u00e0 ph\u00e2n ph\u1ed1i v\u00e0 cung c\u1ea5p d\u1ecbch v\u1ee5 m\u00e1y pha c\u00e0 ph\u00ea h\u00e0ng \u0111\u1ea7u t\u1ea1i Vi\u1ec7t Nam\",\"publisher\":{\"@id\":\"https:\/\/kiennambarista.com\/#organization\"},\"potentialAction\":[{\"@type\":\"SearchAction\",\"target\":{\"@type\":\"EntryPoint\",\"urlTemplate\":\"https:\/\/kiennambarista.com\/?s={search_term_string}\"},\"query-input\":{\"@type\":\"PropertyValueSpecification\",\"valueRequired\":true,\"valueName\":\"search_term_string\"}}],\"inLanguage\":\"en-US\"},{\"@type\":\"Organization\",\"@id\":\"https:\/\/kiennambarista.com\/#organization\",\"name\":\"Ki\u1ebfn Nam BARISTA\",\"url\":\"https:\/\/kiennambarista.com\/\",\"logo\":{\"@type\":\"ImageObject\",\"inLanguage\":\"en-US\",\"@id\":\"https:\/\/kiennambarista.com\/#\/schema\/logo\/image\/\",\"url\":\"https:\/\/kiennambarista.com\/wp-content\/uploads\/2023\/01\/logo_kiennam.svg\",\"contentUrl\":\"https:\/\/kiennambarista.com\/wp-content\/uploads\/2023\/01\/logo_kiennam.svg\",\"width\":88,\"height\":54,\"caption\":\"Ki\u1ebfn Nam BARISTA\"},\"image\":{\"@id\":\"https:\/\/kiennambarista.com\/#\/schema\/logo\/image\/\"}}]}<\/script>\n<!-- \/ Yoast SEO plugin. -->","yoast_head_json":{"title":"Water heater Marco EcoBoiler T10 - KI\u1ebeN NAM BARISTA","description":"Marco EcoBoiler T10 Water Heater genuine distributed by Kien Nam Barista, the leading prestigious and professional warranty policy in Vietnam","robots":{"index":"index","follow":"follow","max-snippet":"max-snippet:-1","max-image-preview":"max-image-preview:large","max-video-preview":"max-video-preview:-1"},"canonical":"https:\/\/kiennambarista.com\/en\/san-pham\/may-nuoc-nong-marco-ecoboiler-t10-2\/","og_locale":"en_US","og_type":"article","og_title":"Water heater Marco EcoBoiler T10 - KI\u1ebeN NAM BARISTA","og_description":"Marco EcoBoiler T10 Water Heater genuine distributed by Kien Nam Barista, the leading prestigious and professional warranty policy in Vietnam","og_url":"https:\/\/kiennambarista.com\/en\/san-pham\/may-nuoc-nong-marco-ecoboiler-t10-2\/","og_site_name":"KI\u1ebeN NAM BARISTA","article_modified_time":"2023-05-29T02:41:22+00:00","og_image":[{"width":1200,"height":992,"url":"https:\/\/kiennambarista.com\/wp-content\/uploads\/2023\/02\/May-Nuoc-Nong-Marco-EcoBoiler-T10.jpg","type":"image\/jpeg"}],"twitter_card":"summary_large_image","schema":{"@context":"https:\/\/schema.org","@graph":[{"@type":"WebPage","@id":"https:\/\/kiennambarista.com\/en\/san-pham\/may-nuoc-nong-marco-ecoboiler-t10-2\/","url":"https:\/\/kiennambarista.com\/en\/san-pham\/may-nuoc-nong-marco-ecoboiler-t10-2\/","name":"Water heater Marco EcoBoiler T10 - KI\u1ebeN NAM BARISTA","isPartOf":{"@id":"https:\/\/kiennambarista.com\/#website"},"primaryImageOfPage":{"@id":"https:\/\/kiennambarista.com\/en\/san-pham\/may-nuoc-nong-marco-ecoboiler-t10-2\/#primaryimage"},"image":{"@id":"https:\/\/kiennambarista.com\/en\/san-pham\/may-nuoc-nong-marco-ecoboiler-t10-2\/#primaryimage"},"thumbnailUrl":"https:\/\/kiennambarista.com\/wp-content\/uploads\/2023\/02\/May-Nuoc-Nong-Marco-EcoBoiler-T10.jpg","datePublished":"2023-02-23T01:52:13+00:00","dateModified":"2023-05-29T02:41:22+00:00","description":"Marco EcoBoiler T10 Water Heater genuine distributed by Kien Nam Barista, the leading prestigious and professional warranty policy in Vietnam","breadcrumb":{"@id":"https:\/\/kiennambarista.com\/en\/san-pham\/may-nuoc-nong-marco-ecoboiler-t10-2\/#breadcrumb"},"inLanguage":"en-US","potentialAction":[{"@type":"ReadAction","target":["https:\/\/kiennambarista.com\/en\/san-pham\/may-nuoc-nong-marco-ecoboiler-t10-2\/"]}]},{"@type":"ImageObject","inLanguage":"en-US","@id":"https:\/\/kiennambarista.com\/en\/san-pham\/may-nuoc-nong-marco-ecoboiler-t10-2\/#primaryimage","url":"https:\/\/kiennambarista.com\/wp-content\/uploads\/2023\/02\/May-Nuoc-Nong-Marco-EcoBoiler-T10.jpg","contentUrl":"https:\/\/kiennambarista.com\/wp-content\/uploads\/2023\/02\/May-Nuoc-Nong-Marco-EcoBoiler-T10.jpg","width":1200,"height":992,"caption":"Ecoboiler T10 l\u00e0 M\u00e1y \u0111un n\u01b0\u1edbc n\u00f3ng v\u1edbi \u0111\u01b0\u1eddng d\u1eabn n\u01b0\u1edbc nh\u1ecf \u0111\u01b0\u1ee3c n\u1ed1i tr\u1ef1c ti\u1ebfp v\u00e0o ngu\u1ed3n n\u01b0\u1edbc t\u1ea1i qu\u1ea7y bar c\u1ee7a b\u1ea1n. \u0110\u1eb7c bi\u1ec7t ph\u00f9 h\u1ee3p v\u1edbi kh\u00f4ng gian qu\u1ea7y bar c\u1ee7a c\u00e1c chu\u1ed7i\/qu\u00e1n c\u00e0 ph\u00ea, nh\u00e0 h\u00e0ng \u2013 kh\u00e1ch s\u1ea1n b\u1ebfp v\u00e0 canteen. M\u00e1y \u0111un n\u01b0\u1edbc n\u00f3ng Ecoboiler T10 c\u1ee7a Marco cung c\u1ea5p tr\u1ef1c ti\u1ebfp ngu\u1ed3n n\u01b0\u1edbc n\u00f3ng cho c\u00e1c lo\u1ea1i th\u1ee9c u\u1ed1ng nh\u01b0 tr\u00e0 v\u00e0 c\u00e0 ph\u00ea. \u0110\u1eb7c bi\u1ec7t, Ecoboiler T10 gi\u00fap h\u1ea1n ch\u1ebf nh\u1eefng r\u1eafc r\u1ed1i v\u00e0 ti\u1ebft ki\u1ec7m \u0111\u01b0\u1ee3c th\u1eddi gian c\u1ee7a b\u1ea1n so v\u1edbi \u1ea5m \u0111un n\u01b0\u1edbc si\u00eau t\u1ed1c."},{"@type":"BreadcrumbList","@id":"https:\/\/kiennambarista.com\/en\/san-pham\/may-nuoc-nong-marco-ecoboiler-t10-2\/#breadcrumb","itemListElement":[{"@type":"ListItem","position":1,"name":"Trang ch\u1ee7","item":"https:\/\/kiennambarista.com\/en\/"},{"@type":"ListItem","position":2,"name":"Product","item":"https:\/\/kiennambarista.com\/en\/san-pham\/"},{"@type":"ListItem","position":3,"name":"Water heater Marco EcoBoiler T10"}]},{"@type":"WebSite","@id":"https:\/\/kiennambarista.com\/#website","url":"https:\/\/kiennambarista.com\/","name":"Ki\u1ebfn Nam BARISTA","description":"Nh\u00e0 ph\u00e2n ph\u1ed1i v\u00e0 cung c\u1ea5p d\u1ecbch v\u1ee5 m\u00e1y pha c\u00e0 ph\u00ea h\u00e0ng \u0111\u1ea7u t\u1ea1i Vi\u1ec7t Nam","publisher":{"@id":"https:\/\/kiennambarista.com\/#organization"},"potentialAction":[{"@type":"SearchAction","target":{"@type":"EntryPoint","urlTemplate":"https:\/\/kiennambarista.com\/?s={search_term_string}"},"query-input":{"@type":"PropertyValueSpecification","valueRequired":true,"valueName":"search_term_string"}}],"inLanguage":"en-US"},{"@type":"Organization","@id":"https:\/\/kiennambarista.com\/#organization","name":"Ki\u1ebfn Nam BARISTA","url":"https:\/\/kiennambarista.com\/","logo":{"@type":"ImageObject","inLanguage":"en-US","@id":"https:\/\/kiennambarista.com\/#\/schema\/logo\/image\/","url":"https:\/\/kiennambarista.com\/wp-content\/uploads\/2023\/01\/logo_kiennam.svg","contentUrl":"https:\/\/kiennambarista.com\/wp-content\/uploads\/2023\/01\/logo_kiennam.svg","width":88,"height":54,"caption":"Ki\u1ebfn Nam BARISTA"},"image":{"@id":"https:\/\/kiennambarista.com\/#\/schema\/logo\/image\/"}}]}},"_links":{"self":[{"href":"https:\/\/kiennambarista.com\/en\/wp-json\/wp\/v2\/product\/2607","targetHints":{"allow":["GET"]}}],"collection":[{"href":"https:\/\/kiennambarista.com\/en\/wp-json\/wp\/v2\/product"}],"about":[{"href":"https:\/\/kiennambarista.com\/en\/wp-json\/wp\/v2\/types\/product"}],"replies":[{"embeddable":true,"href":"https:\/\/kiennambarista.com\/en\/wp-json\/wp\/v2\/comments?post=2607"}],"wp:featuredmedia":[{"embeddable":true,"href":"https:\/\/kiennambarista.com\/en\/wp-json\/wp\/v2\/media\/2031"}],"wp:attachment":[{"href":"https:\/\/kiennambarista.com\/en\/wp-json\/wp\/v2\/media?parent=2607"}],"wp:term":[{"taxonomy":"product_brand","embeddable":true,"href":"https:\/\/kiennambarista.com\/en\/wp-json\/wp\/v2\/product_brand?post=2607"},{"taxonomy":"product_cat","embeddable":true,"href":"https:\/\/kiennambarista.com\/en\/wp-json\/wp\/v2\/product_cat?post=2607"},{"taxonomy":"product_tag","embeddable":true,"href":"https:\/\/kiennambarista.com\/en\/wp-json\/wp\/v2\/product_tag?post=2607"}],"curies":[{"name":"wp","href":"https:\/\/api.w.org\/{rel}","templated":true}]}}