{"id":2601,"date":"2023-02-23T09:59:04","date_gmt":"2023-02-23T02:59:04","guid":{"rendered":"https:\/\/kiennambarista.com\/san-pham\/may-xay-ca-phe-ditting-807-filter\/"},"modified":"2023-07-06T10:56:03","modified_gmt":"2023-07-06T03:56:03","slug":"may-xay-ca-phe-ditting-807-filter","status":"publish","type":"product","link":"https:\/\/kiennambarista.com\/en\/san-pham\/may-xay-ca-phe-ditting-807-filter\/","title":{"rendered":"Coffee grinder Ditting 807 Filter"},"content":{"rendered":"<h1 style=\"text-align: center;\">Coffee grinder Ditting 807 Filter<\/h1>\n<p>The Ditting 807 Filter coffee grinder is a top choice for brewing coffee using a mesh filter, as the adjustable slide allows the ground beans to slide directly into the center of the coffee filter. The strainers come in regular sizes and shapes with adjustable height and width racks. Equipped with professional, precise grinding technology, this blender delivers optimal grinding results. 807 FILTER combines advanced technical features with both proven flat blade quality and a modern design for the ultimate in user-friendliness.- High quality hardened steel blade rim for grain grinding performance at the highest accuracy.<br \/>\nThe grind size can be adjusted from very fine for Turkish brew to very coarse for cold brew.<\/p>\n<ul>\n<li>The premium bag clamp and powder knocker ensure that the coffee slides down the bag almost completely.<\/li>\n<li>The grain size adjuster is designed with signature anodized aluminum material for easy convenient and precise adjustment.<\/li>\n<li>The engine is highly efficient and durable. Achieve an average performance of 450 grams per minute.<\/li>\n<li>Good temperature management with two cooling fans operating at maximum capacity. The temperature is always low and stable almost absolute.<\/li>\n<li>The seed hopper is quickly removable and the drop tray below is made of magnetic material for easy cleaning and disassembly.<\/li>\n<\/ul>\n","protected":false},"excerpt":{"rendered":"<ul>\n<li>Manufacturer: Ditting<\/li>\n<li>Origin: Germany<\/li>\n<li>1 year warranty<\/li>\n<li>Color: Black\/stainless steel<\/li>\n<\/ul>\n","protected":false},"featured_media":2092,"comment_status":"open","ping_status":"closed","template":"","meta":{"inline_featured_image":false},"product_brand":[],"product_cat":[186,187],"product_tag":[],"class_list":{"0":"post-2601","1":"product","2":"type-product","3":"status-publish","4":"has-post-thumbnail","6":"product_cat-may-xay-ca-phe-ditting-en","7":"product_cat-may-xay-ca-phe-en","8":"category_filter_product-thuong-hieu-en","9":"category_filter_product-duoi-1000-w-en","10":"category_filter_product-cong-suat-en","11":"category_filter_product-gia-tien-en","12":"category_filter_product-50-million-100-million-en","13":"category_filter_product-ditting-en","15":"first","16":"instock","17":"shipping-taxable","18":"purchasable","19":"product-type-simple"},"acf":[],"yoast_head":"<!-- This site is optimized with the Yoast SEO plugin v24.9 - https:\/\/yoast.com\/wordpress\/plugins\/seo\/ -->\n<title>Coffee grinder Ditting 807 Filter - KI\u1ebeN NAM BARISTA<\/title>\n<meta name=\"description\" content=\"Ditting 807 Filter Coffee Grinder genuine distributed by Kien Nam Barista, the leading prestigious and professional warranty policy in Vietnam\" \/>\n<meta name=\"robots\" content=\"index, follow, max-snippet:-1, max-image-preview:large, max-video-preview:-1\" \/>\n<link rel=\"canonical\" href=\"https:\/\/kiennambarista.com\/en\/san-pham\/may-xay-ca-phe-ditting-807-filter\/\" \/>\n<meta property=\"og:locale\" content=\"en_US\" \/>\n<meta property=\"og:type\" content=\"article\" \/>\n<meta property=\"og:title\" content=\"Coffee grinder Ditting 807 Filter - KI\u1ebeN NAM BARISTA\" \/>\n<meta property=\"og:description\" content=\"Ditting 807 Filter Coffee Grinder genuine distributed by Kien Nam Barista, the leading prestigious and professional warranty policy in Vietnam\" \/>\n<meta property=\"og:url\" content=\"https:\/\/kiennambarista.com\/en\/san-pham\/may-xay-ca-phe-ditting-807-filter\/\" \/>\n<meta property=\"og:site_name\" content=\"KI\u1ebeN NAM BARISTA\" \/>\n<meta property=\"article:modified_time\" content=\"2023-07-06T03:56:03+00:00\" \/>\n<meta property=\"og:image\" content=\"https:\/\/kiennambarista.com\/wp-content\/uploads\/2023\/02\/May-xay-ca-phe-Ditting-807-Filter.jpg\" \/>\n\t<meta property=\"og:image:width\" content=\"1200\" \/>\n\t<meta property=\"og:image:height\" content=\"992\" \/>\n\t<meta property=\"og:image:type\" content=\"image\/jpeg\" \/>\n<meta name=\"twitter:card\" content=\"summary_large_image\" \/>\n<meta name=\"twitter:label1\" content=\"Est. reading time\" \/>\n\t<meta name=\"twitter:data1\" content=\"1 minute\" \/>\n<script type=\"application\/ld+json\" class=\"yoast-schema-graph\">{\"@context\":\"https:\/\/schema.org\",\"@graph\":[{\"@type\":\"WebPage\",\"@id\":\"https:\/\/kiennambarista.com\/en\/san-pham\/may-xay-ca-phe-ditting-807-filter\/\",\"url\":\"https:\/\/kiennambarista.com\/en\/san-pham\/may-xay-ca-phe-ditting-807-filter\/\",\"name\":\"Coffee grinder Ditting 807 Filter - KI\u1ebeN NAM BARISTA\",\"isPartOf\":{\"@id\":\"https:\/\/kiennambarista.com\/#website\"},\"primaryImageOfPage\":{\"@id\":\"https:\/\/kiennambarista.com\/en\/san-pham\/may-xay-ca-phe-ditting-807-filter\/#primaryimage\"},\"image\":{\"@id\":\"https:\/\/kiennambarista.com\/en\/san-pham\/may-xay-ca-phe-ditting-807-filter\/#primaryimage\"},\"thumbnailUrl\":\"https:\/\/kiennambarista.com\/wp-content\/uploads\/2023\/02\/May-xay-ca-phe-Ditting-807-Filter.jpg\",\"datePublished\":\"2023-02-23T02:59:04+00:00\",\"dateModified\":\"2023-07-06T03:56:03+00:00\",\"description\":\"Ditting 807 Filter Coffee Grinder genuine distributed by Kien Nam Barista, the leading prestigious and professional warranty policy in Vietnam\",\"breadcrumb\":{\"@id\":\"https:\/\/kiennambarista.com\/en\/san-pham\/may-xay-ca-phe-ditting-807-filter\/#breadcrumb\"},\"inLanguage\":\"en-US\",\"potentialAction\":[{\"@type\":\"ReadAction\",\"target\":[\"https:\/\/kiennambarista.com\/en\/san-pham\/may-xay-ca-phe-ditting-807-filter\/\"]}]},{\"@type\":\"ImageObject\",\"inLanguage\":\"en-US\",\"@id\":\"https:\/\/kiennambarista.com\/en\/san-pham\/may-xay-ca-phe-ditting-807-filter\/#primaryimage\",\"url\":\"https:\/\/kiennambarista.com\/wp-content\/uploads\/2023\/02\/May-xay-ca-phe-Ditting-807-Filter.jpg\",\"contentUrl\":\"https:\/\/kiennambarista.com\/wp-content\/uploads\/2023\/02\/May-xay-ca-phe-Ditting-807-Filter.jpg\",\"width\":1200,\"height\":992,\"caption\":\"807 FILTER l\u00e0 l\u1ef1a ch\u1ecdn h\u00e0ng \u0111\u1ea7u \u0111\u1ec3 pha ch\u1ebf c\u00e0 ph\u00ea v\u1edbi gi\u1ecf l\u1ecdc, v\u00ec n\u1eafp tr\u01b0\u1ee3t c\u00f3 th\u1ec3 \u0111i\u1ec1u ch\u1ec9nh c\u1ee7a n\u00f3 cho ph\u00e9p xay s\u1ea1ch tr\u1ef1c ti\u1ebfp v\u00e0o gi\u1eefa b\u1ed9 l\u1ecdc c\u00e0 ph\u00ea. C\u00e1c gi\u1ecf l\u1ecdc c\u00f3 k\u00edch th\u01b0\u1edbc v\u00e0 h\u00ecnh d\u1ea1ng th\u00f4ng th\u01b0\u1eddng ph\u00f9 h\u1ee3p v\u1edbi gi\u00e1 \u0111\u1ee1 c\u00f3 th\u1ec3 \u0111i\u1ec1u ch\u1ec9nh chi\u1ec1u cao v\u00e0 chi\u1ec1u r\u1ed9ng. \u0110\u01b0\u1ee3c trang b\u1ecb c\u00f4ng ngh\u1ec7 m\u00e0i ch\u00ednh x\u00e1c chuy\u00ean nghi\u1ec7p, m\u00e1y m\u00e0i l\u1ecdc n\u00e0y mang l\u1ea1i k\u1ebft qu\u1ea3 m\u00e0i t\u1ed1i \u01b0u. 807 FILTER k\u1ebft h\u1ee3p c\u00e1c t\u00ednh n\u0103ng k\u1ef9 thu\u1eadt n\u00e2ng cao v\u1edbi c\u1ea3 ch\u1ea5t l\u01b0\u1ee3ng m\u00e0i ph\u1eb3ng \u0111\u00e3 \u0111\u01b0\u1ee3c ch\u1ee9ng minh v\u00e0 thi\u1ebft k\u1ebf hi\u1ec7n \u0111\u1ea1i \u0111\u1ec3 th\u00e2n thi\u1ec7n nh\u1ea5t v\u1edbi ng\u01b0\u1eddi d\u00f9ng.\"},{\"@type\":\"BreadcrumbList\",\"@id\":\"https:\/\/kiennambarista.com\/en\/san-pham\/may-xay-ca-phe-ditting-807-filter\/#breadcrumb\",\"itemListElement\":[{\"@type\":\"ListItem\",\"position\":1,\"name\":\"Trang ch\u1ee7\",\"item\":\"https:\/\/kiennambarista.com\/en\/\"},{\"@type\":\"ListItem\",\"position\":2,\"name\":\"Product\",\"item\":\"https:\/\/kiennambarista.com\/en\/san-pham\/\"},{\"@type\":\"ListItem\",\"position\":3,\"name\":\"Coffee grinder Ditting 807 Filter\"}]},{\"@type\":\"WebSite\",\"@id\":\"https:\/\/kiennambarista.com\/#website\",\"url\":\"https:\/\/kiennambarista.com\/\",\"name\":\"Ki\u1ebfn Nam BARISTA\",\"description\":\"Nh\u00e0 ph\u00e2n ph\u1ed1i v\u00e0 cung c\u1ea5p d\u1ecbch v\u1ee5 m\u00e1y pha c\u00e0 ph\u00ea h\u00e0ng \u0111\u1ea7u t\u1ea1i Vi\u1ec7t Nam\",\"publisher\":{\"@id\":\"https:\/\/kiennambarista.com\/#organization\"},\"potentialAction\":[{\"@type\":\"SearchAction\",\"target\":{\"@type\":\"EntryPoint\",\"urlTemplate\":\"https:\/\/kiennambarista.com\/?s={search_term_string}\"},\"query-input\":{\"@type\":\"PropertyValueSpecification\",\"valueRequired\":true,\"valueName\":\"search_term_string\"}}],\"inLanguage\":\"en-US\"},{\"@type\":\"Organization\",\"@id\":\"https:\/\/kiennambarista.com\/#organization\",\"name\":\"Ki\u1ebfn Nam BARISTA\",\"url\":\"https:\/\/kiennambarista.com\/\",\"logo\":{\"@type\":\"ImageObject\",\"inLanguage\":\"en-US\",\"@id\":\"https:\/\/kiennambarista.com\/#\/schema\/logo\/image\/\",\"url\":\"https:\/\/kiennambarista.com\/wp-content\/uploads\/2023\/01\/logo_kiennam.svg\",\"contentUrl\":\"https:\/\/kiennambarista.com\/wp-content\/uploads\/2023\/01\/logo_kiennam.svg\",\"width\":88,\"height\":54,\"caption\":\"Ki\u1ebfn Nam BARISTA\"},\"image\":{\"@id\":\"https:\/\/kiennambarista.com\/#\/schema\/logo\/image\/\"}}]}<\/script>\n<!-- \/ Yoast SEO plugin. -->","yoast_head_json":{"title":"Coffee grinder Ditting 807 Filter - KI\u1ebeN NAM BARISTA","description":"Ditting 807 Filter Coffee Grinder genuine distributed by Kien Nam Barista, the leading prestigious and professional warranty policy in Vietnam","robots":{"index":"index","follow":"follow","max-snippet":"max-snippet:-1","max-image-preview":"max-image-preview:large","max-video-preview":"max-video-preview:-1"},"canonical":"https:\/\/kiennambarista.com\/en\/san-pham\/may-xay-ca-phe-ditting-807-filter\/","og_locale":"en_US","og_type":"article","og_title":"Coffee grinder Ditting 807 Filter - KI\u1ebeN NAM BARISTA","og_description":"Ditting 807 Filter Coffee Grinder genuine distributed by Kien Nam Barista, the leading prestigious and professional warranty policy in Vietnam","og_url":"https:\/\/kiennambarista.com\/en\/san-pham\/may-xay-ca-phe-ditting-807-filter\/","og_site_name":"KI\u1ebeN NAM BARISTA","article_modified_time":"2023-07-06T03:56:03+00:00","og_image":[{"width":1200,"height":992,"url":"https:\/\/kiennambarista.com\/wp-content\/uploads\/2023\/02\/May-xay-ca-phe-Ditting-807-Filter.jpg","type":"image\/jpeg"}],"twitter_card":"summary_large_image","twitter_misc":{"Est. reading time":"1 minute"},"schema":{"@context":"https:\/\/schema.org","@graph":[{"@type":"WebPage","@id":"https:\/\/kiennambarista.com\/en\/san-pham\/may-xay-ca-phe-ditting-807-filter\/","url":"https:\/\/kiennambarista.com\/en\/san-pham\/may-xay-ca-phe-ditting-807-filter\/","name":"Coffee grinder Ditting 807 Filter - KI\u1ebeN NAM BARISTA","isPartOf":{"@id":"https:\/\/kiennambarista.com\/#website"},"primaryImageOfPage":{"@id":"https:\/\/kiennambarista.com\/en\/san-pham\/may-xay-ca-phe-ditting-807-filter\/#primaryimage"},"image":{"@id":"https:\/\/kiennambarista.com\/en\/san-pham\/may-xay-ca-phe-ditting-807-filter\/#primaryimage"},"thumbnailUrl":"https:\/\/kiennambarista.com\/wp-content\/uploads\/2023\/02\/May-xay-ca-phe-Ditting-807-Filter.jpg","datePublished":"2023-02-23T02:59:04+00:00","dateModified":"2023-07-06T03:56:03+00:00","description":"Ditting 807 Filter Coffee Grinder genuine distributed by Kien Nam Barista, the leading prestigious and professional warranty policy in Vietnam","breadcrumb":{"@id":"https:\/\/kiennambarista.com\/en\/san-pham\/may-xay-ca-phe-ditting-807-filter\/#breadcrumb"},"inLanguage":"en-US","potentialAction":[{"@type":"ReadAction","target":["https:\/\/kiennambarista.com\/en\/san-pham\/may-xay-ca-phe-ditting-807-filter\/"]}]},{"@type":"ImageObject","inLanguage":"en-US","@id":"https:\/\/kiennambarista.com\/en\/san-pham\/may-xay-ca-phe-ditting-807-filter\/#primaryimage","url":"https:\/\/kiennambarista.com\/wp-content\/uploads\/2023\/02\/May-xay-ca-phe-Ditting-807-Filter.jpg","contentUrl":"https:\/\/kiennambarista.com\/wp-content\/uploads\/2023\/02\/May-xay-ca-phe-Ditting-807-Filter.jpg","width":1200,"height":992,"caption":"807 FILTER l\u00e0 l\u1ef1a ch\u1ecdn h\u00e0ng \u0111\u1ea7u \u0111\u1ec3 pha ch\u1ebf c\u00e0 ph\u00ea v\u1edbi gi\u1ecf l\u1ecdc, v\u00ec n\u1eafp tr\u01b0\u1ee3t c\u00f3 th\u1ec3 \u0111i\u1ec1u ch\u1ec9nh c\u1ee7a n\u00f3 cho ph\u00e9p xay s\u1ea1ch tr\u1ef1c ti\u1ebfp v\u00e0o gi\u1eefa b\u1ed9 l\u1ecdc c\u00e0 ph\u00ea. C\u00e1c gi\u1ecf l\u1ecdc c\u00f3 k\u00edch th\u01b0\u1edbc v\u00e0 h\u00ecnh d\u1ea1ng th\u00f4ng th\u01b0\u1eddng ph\u00f9 h\u1ee3p v\u1edbi gi\u00e1 \u0111\u1ee1 c\u00f3 th\u1ec3 \u0111i\u1ec1u ch\u1ec9nh chi\u1ec1u cao v\u00e0 chi\u1ec1u r\u1ed9ng. \u0110\u01b0\u1ee3c trang b\u1ecb c\u00f4ng ngh\u1ec7 m\u00e0i ch\u00ednh x\u00e1c chuy\u00ean nghi\u1ec7p, m\u00e1y m\u00e0i l\u1ecdc n\u00e0y mang l\u1ea1i k\u1ebft qu\u1ea3 m\u00e0i t\u1ed1i \u01b0u. 807 FILTER k\u1ebft h\u1ee3p c\u00e1c t\u00ednh n\u0103ng k\u1ef9 thu\u1eadt n\u00e2ng cao v\u1edbi c\u1ea3 ch\u1ea5t l\u01b0\u1ee3ng m\u00e0i ph\u1eb3ng \u0111\u00e3 \u0111\u01b0\u1ee3c ch\u1ee9ng minh v\u00e0 thi\u1ebft k\u1ebf hi\u1ec7n \u0111\u1ea1i \u0111\u1ec3 th\u00e2n thi\u1ec7n nh\u1ea5t v\u1edbi ng\u01b0\u1eddi d\u00f9ng."},{"@type":"BreadcrumbList","@id":"https:\/\/kiennambarista.com\/en\/san-pham\/may-xay-ca-phe-ditting-807-filter\/#breadcrumb","itemListElement":[{"@type":"ListItem","position":1,"name":"Trang ch\u1ee7","item":"https:\/\/kiennambarista.com\/en\/"},{"@type":"ListItem","position":2,"name":"Product","item":"https:\/\/kiennambarista.com\/en\/san-pham\/"},{"@type":"ListItem","position":3,"name":"Coffee grinder Ditting 807 Filter"}]},{"@type":"WebSite","@id":"https:\/\/kiennambarista.com\/#website","url":"https:\/\/kiennambarista.com\/","name":"Ki\u1ebfn Nam BARISTA","description":"Nh\u00e0 ph\u00e2n ph\u1ed1i v\u00e0 cung c\u1ea5p d\u1ecbch v\u1ee5 m\u00e1y pha c\u00e0 ph\u00ea h\u00e0ng \u0111\u1ea7u t\u1ea1i Vi\u1ec7t Nam","publisher":{"@id":"https:\/\/kiennambarista.com\/#organization"},"potentialAction":[{"@type":"SearchAction","target":{"@type":"EntryPoint","urlTemplate":"https:\/\/kiennambarista.com\/?s={search_term_string}"},"query-input":{"@type":"PropertyValueSpecification","valueRequired":true,"valueName":"search_term_string"}}],"inLanguage":"en-US"},{"@type":"Organization","@id":"https:\/\/kiennambarista.com\/#organization","name":"Ki\u1ebfn Nam BARISTA","url":"https:\/\/kiennambarista.com\/","logo":{"@type":"ImageObject","inLanguage":"en-US","@id":"https:\/\/kiennambarista.com\/#\/schema\/logo\/image\/","url":"https:\/\/kiennambarista.com\/wp-content\/uploads\/2023\/01\/logo_kiennam.svg","contentUrl":"https:\/\/kiennambarista.com\/wp-content\/uploads\/2023\/01\/logo_kiennam.svg","width":88,"height":54,"caption":"Ki\u1ebfn Nam BARISTA"},"image":{"@id":"https:\/\/kiennambarista.com\/#\/schema\/logo\/image\/"}}]}},"_links":{"self":[{"href":"https:\/\/kiennambarista.com\/en\/wp-json\/wp\/v2\/product\/2601","targetHints":{"allow":["GET"]}}],"collection":[{"href":"https:\/\/kiennambarista.com\/en\/wp-json\/wp\/v2\/product"}],"about":[{"href":"https:\/\/kiennambarista.com\/en\/wp-json\/wp\/v2\/types\/product"}],"replies":[{"embeddable":true,"href":"https:\/\/kiennambarista.com\/en\/wp-json\/wp\/v2\/comments?post=2601"}],"wp:featuredmedia":[{"embeddable":true,"href":"https:\/\/kiennambarista.com\/en\/wp-json\/wp\/v2\/media\/2092"}],"wp:attachment":[{"href":"https:\/\/kiennambarista.com\/en\/wp-json\/wp\/v2\/media?parent=2601"}],"wp:term":[{"taxonomy":"product_brand","embeddable":true,"href":"https:\/\/kiennambarista.com\/en\/wp-json\/wp\/v2\/product_brand?post=2601"},{"taxonomy":"product_cat","embeddable":true,"href":"https:\/\/kiennambarista.com\/en\/wp-json\/wp\/v2\/product_cat?post=2601"},{"taxonomy":"product_tag","embeddable":true,"href":"https:\/\/kiennambarista.com\/en\/wp-json\/wp\/v2\/product_tag?post=2601"}],"curies":[{"name":"wp","href":"https:\/\/api.w.org\/{rel}","templated":true}]}}