{"id":2600,"date":"2023-02-23T10:03:38","date_gmt":"2023-02-23T03:03:38","guid":{"rendered":"https:\/\/kiennambarista.com\/san-pham\/may-xay-ca-phe-ditting-kfa-1203\/"},"modified":"2023-07-06T13:12:09","modified_gmt":"2023-07-06T06:12:09","slug":"may-xay-ca-phe-ditting-kfa-1203","status":"publish","type":"product","link":"https:\/\/kiennambarista.com\/en\/san-pham\/may-xay-ca-phe-ditting-kfa-1203\/","title":{"rendered":"Coffee grinder Ditting KFA 1203"},"content":{"rendered":"<h1 style=\"text-align: center;\">Coffee grinder Ditting KFA 1203<\/h1>\n<p>The Ditting KFA 1203 coffee grinder is a grinder that grinds quickly, reliably and evenly. Coffee roasters, supermarkets and coffee shops that sell wood-ground coffee appreciate this special coffee grinder because of its ability to grind quickly, well, keep the flavor, and do not heat the coffee powder later. When grinding, running smoothly without hearing noise, with high durability. The simplest and safest operation.<\/p>\n<ul>\n<li>Super sharp special alloy steel blade allows high speed grain milling for all types of grinding adjustments<\/li>\n<li>Wear-resistant special steel edge<\/li>\n<li>Improves grinding to consistent uniformity<\/li>\n<li>Stepless grinding adjustment knob<\/li>\n<li>Keeps a minimum of coffee powder left inside thanks to the manual vibrator<\/li>\n<li>The bag shaker ensures optimal bag filling<\/li>\n<li>Very easy to maintain and clean.<\/li>\n<\/ul>\n","protected":false},"excerpt":{"rendered":"<ul>\n<li>Manufacturer: Ditting<\/li>\n<li>Origin: Germany<\/li>\n<li>1 year warranty<\/li>\n<li>Color: Black<\/li>\n<\/ul>\n","protected":false},"featured_media":2091,"comment_status":"open","ping_status":"closed","template":"","meta":{"inline_featured_image":false},"product_brand":[],"product_cat":[186,187],"product_tag":[],"class_list":{"0":"post-2600","1":"product","2":"type-product","3":"status-publish","4":"has-post-thumbnail","6":"product_cat-may-xay-ca-phe-ditting-en","7":"product_cat-may-xay-ca-phe-en","8":"category_filter_product-thuong-hieu-en","9":"category_filter_product-cong-suat-en","10":"category_filter_product-1000-2000-w-en","11":"category_filter_product-gia-tien-en","12":"category_filter_product-150-trieu-200-trieu-en","13":"category_filter_product-ditting-en","15":"first","16":"instock","17":"shipping-taxable","18":"purchasable","19":"product-type-simple"},"acf":[],"yoast_head":"<!-- This site is optimized with the Yoast SEO plugin v24.9 - https:\/\/yoast.com\/wordpress\/plugins\/seo\/ -->\n<title>Coffee grinder Ditting KFA 1203 - KI\u1ebeN NAM BARISTA<\/title>\n<meta name=\"description\" content=\"Ditting KFA 1203 Coffee Grinder genuine distribution by Kien Nam Barista, the leading prestigious and professional warranty policy in Vietnam\" \/>\n<meta name=\"robots\" content=\"index, follow, max-snippet:-1, max-image-preview:large, max-video-preview:-1\" \/>\n<link rel=\"canonical\" href=\"https:\/\/kiennambarista.com\/san-pham\/may-xay-ca-phe-ditting-kfa-1203\/\" \/>\n<meta property=\"og:locale\" content=\"en_US\" \/>\n<meta property=\"og:type\" content=\"article\" \/>\n<meta property=\"og:title\" content=\"Coffee grinder Ditting KFA 1203 - KI\u1ebeN NAM BARISTA\" \/>\n<meta property=\"og:description\" content=\"Ditting KFA 1203 Coffee Grinder genuine distribution by Kien Nam Barista, the leading prestigious and professional warranty policy in Vietnam\" \/>\n<meta property=\"og:url\" content=\"https:\/\/kiennambarista.com\/san-pham\/may-xay-ca-phe-ditting-kfa-1203\/\" \/>\n<meta property=\"og:site_name\" content=\"KI\u1ebeN NAM BARISTA\" \/>\n<meta property=\"article:modified_time\" content=\"2023-07-06T06:12:09+00:00\" \/>\n<meta property=\"og:image\" content=\"https:\/\/kiennambarista.com\/wp-content\/uploads\/2023\/02\/May-xay-ca-phe-Ditting-KFA-1203.jpg\" \/>\n\t<meta property=\"og:image:width\" content=\"1200\" \/>\n\t<meta property=\"og:image:height\" content=\"992\" \/>\n\t<meta property=\"og:image:type\" content=\"image\/jpeg\" \/>\n<meta name=\"twitter:card\" content=\"summary_large_image\" \/>\n<meta name=\"twitter:label1\" content=\"Est. reading time\" \/>\n\t<meta name=\"twitter:data1\" content=\"1 minute\" \/>\n<script type=\"application\/ld+json\" class=\"yoast-schema-graph\">{\"@context\":\"https:\/\/schema.org\",\"@graph\":[{\"@type\":\"WebPage\",\"@id\":\"https:\/\/kiennambarista.com\/san-pham\/may-xay-ca-phe-ditting-kfa-1203\/\",\"url\":\"https:\/\/kiennambarista.com\/san-pham\/may-xay-ca-phe-ditting-kfa-1203\/\",\"name\":\"Coffee grinder Ditting KFA 1203 - KI\u1ebeN NAM BARISTA\",\"isPartOf\":{\"@id\":\"https:\/\/kiennambarista.com\/#website\"},\"primaryImageOfPage\":{\"@id\":\"https:\/\/kiennambarista.com\/san-pham\/may-xay-ca-phe-ditting-kfa-1203\/#primaryimage\"},\"image\":{\"@id\":\"https:\/\/kiennambarista.com\/san-pham\/may-xay-ca-phe-ditting-kfa-1203\/#primaryimage\"},\"thumbnailUrl\":\"https:\/\/kiennambarista.com\/wp-content\/uploads\/2023\/02\/May-xay-ca-phe-Ditting-KFA-1203.jpg\",\"datePublished\":\"2023-02-23T03:03:38+00:00\",\"dateModified\":\"2023-07-06T06:12:09+00:00\",\"description\":\"Ditting KFA 1203 Coffee Grinder genuine distribution by Kien Nam Barista, the leading prestigious and professional warranty policy in Vietnam\",\"breadcrumb\":{\"@id\":\"https:\/\/kiennambarista.com\/san-pham\/may-xay-ca-phe-ditting-kfa-1203\/#breadcrumb\"},\"inLanguage\":\"en-US\",\"potentialAction\":[{\"@type\":\"ReadAction\",\"target\":[\"https:\/\/kiennambarista.com\/san-pham\/may-xay-ca-phe-ditting-kfa-1203\/\"]}]},{\"@type\":\"ImageObject\",\"inLanguage\":\"en-US\",\"@id\":\"https:\/\/kiennambarista.com\/san-pham\/may-xay-ca-phe-ditting-kfa-1203\/#primaryimage\",\"url\":\"https:\/\/kiennambarista.com\/wp-content\/uploads\/2023\/02\/May-xay-ca-phe-Ditting-KFA-1203.jpg\",\"contentUrl\":\"https:\/\/kiennambarista.com\/wp-content\/uploads\/2023\/02\/May-xay-ca-phe-Ditting-KFA-1203.jpg\",\"width\":1200,\"height\":992,\"caption\":\"M\u00e1y xay c\u00e0 ph\u00ea Ditting KFA 1203 l\u00e0 m\u00e1y xay c\u00f3 th\u1eddi gian xay nhanh, \u0111\u00e1ng tin c\u1eady v\u00e0 \u0111\u1ed3ng \u0111\u1ec1u. C\u00e1c c\u1eeda h\u00e0ng c\u00e0 ph\u00ea rang xay, si\u00eau th\u1ecb v\u00e0 ti\u1ec7m c\u00e0 ph\u00ea b\u00e1n c\u00e0 ph\u00ea xay h\u1ea1t m\u1ed9c \u0111\u00e1nh gi\u00e1 cao m\u00e1y xay c\u00e0 ph\u00ea \u0111\u1eb7c bi\u1ec7t n\u00e0y v\u00ec kh\u1ea3 n\u0103ng xay nhanh, t\u1ed1t, gi\u1eef nguy\u00ean m\u00f9i v\u1ecb, kh\u00f4ng l\u00e0m n\u00f3ng b\u1ed9t c\u00e0 ph\u00ea sau khi xay, ch\u1ea1y \u00eam kh\u00f4ng nghe ti\u1ebfng \u1ed3n, c\u00f3 \u0111\u1ed9 b\u1ec1n cao. Ho\u1ea1t \u0111\u1ed9ng \u0111\u01a1n gi\u1ea3n v\u00e0 an to\u00e0n nh\u1ea5t.\"},{\"@type\":\"BreadcrumbList\",\"@id\":\"https:\/\/kiennambarista.com\/san-pham\/may-xay-ca-phe-ditting-kfa-1203\/#breadcrumb\",\"itemListElement\":[{\"@type\":\"ListItem\",\"position\":1,\"name\":\"Trang ch\u1ee7\",\"item\":\"https:\/\/kiennambarista.com\/en\/\"},{\"@type\":\"ListItem\",\"position\":2,\"name\":\"Product\",\"item\":\"https:\/\/kiennambarista.com\/en\/san-pham\/\"},{\"@type\":\"ListItem\",\"position\":3,\"name\":\"Coffee grinder Ditting KFA 1203\"}]},{\"@type\":\"WebSite\",\"@id\":\"https:\/\/kiennambarista.com\/#website\",\"url\":\"https:\/\/kiennambarista.com\/\",\"name\":\"Ki\u1ebfn Nam BARISTA\",\"description\":\"Nh\u00e0 ph\u00e2n ph\u1ed1i v\u00e0 cung c\u1ea5p d\u1ecbch v\u1ee5 m\u00e1y pha c\u00e0 ph\u00ea h\u00e0ng \u0111\u1ea7u t\u1ea1i Vi\u1ec7t Nam\",\"publisher\":{\"@id\":\"https:\/\/kiennambarista.com\/#organization\"},\"potentialAction\":[{\"@type\":\"SearchAction\",\"target\":{\"@type\":\"EntryPoint\",\"urlTemplate\":\"https:\/\/kiennambarista.com\/?s={search_term_string}\"},\"query-input\":{\"@type\":\"PropertyValueSpecification\",\"valueRequired\":true,\"valueName\":\"search_term_string\"}}],\"inLanguage\":\"en-US\"},{\"@type\":\"Organization\",\"@id\":\"https:\/\/kiennambarista.com\/#organization\",\"name\":\"Ki\u1ebfn Nam BARISTA\",\"url\":\"https:\/\/kiennambarista.com\/\",\"logo\":{\"@type\":\"ImageObject\",\"inLanguage\":\"en-US\",\"@id\":\"https:\/\/kiennambarista.com\/#\/schema\/logo\/image\/\",\"url\":\"https:\/\/kiennambarista.com\/wp-content\/uploads\/2023\/01\/logo_kiennam.svg\",\"contentUrl\":\"https:\/\/kiennambarista.com\/wp-content\/uploads\/2023\/01\/logo_kiennam.svg\",\"width\":88,\"height\":54,\"caption\":\"Ki\u1ebfn Nam BARISTA\"},\"image\":{\"@id\":\"https:\/\/kiennambarista.com\/#\/schema\/logo\/image\/\"}}]}<\/script>\n<!-- \/ Yoast SEO plugin. -->","yoast_head_json":{"title":"Coffee grinder Ditting KFA 1203 - KI\u1ebeN NAM BARISTA","description":"Ditting KFA 1203 Coffee Grinder genuine distribution by Kien Nam Barista, the leading prestigious and professional warranty policy in Vietnam","robots":{"index":"index","follow":"follow","max-snippet":"max-snippet:-1","max-image-preview":"max-image-preview:large","max-video-preview":"max-video-preview:-1"},"canonical":"https:\/\/kiennambarista.com\/san-pham\/may-xay-ca-phe-ditting-kfa-1203\/","og_locale":"en_US","og_type":"article","og_title":"Coffee grinder Ditting KFA 1203 - KI\u1ebeN NAM BARISTA","og_description":"Ditting KFA 1203 Coffee Grinder genuine distribution by Kien Nam Barista, the leading prestigious and professional warranty policy in Vietnam","og_url":"https:\/\/kiennambarista.com\/san-pham\/may-xay-ca-phe-ditting-kfa-1203\/","og_site_name":"KI\u1ebeN NAM BARISTA","article_modified_time":"2023-07-06T06:12:09+00:00","og_image":[{"width":1200,"height":992,"url":"https:\/\/kiennambarista.com\/wp-content\/uploads\/2023\/02\/May-xay-ca-phe-Ditting-KFA-1203.jpg","type":"image\/jpeg"}],"twitter_card":"summary_large_image","twitter_misc":{"Est. reading time":"1 minute"},"schema":{"@context":"https:\/\/schema.org","@graph":[{"@type":"WebPage","@id":"https:\/\/kiennambarista.com\/san-pham\/may-xay-ca-phe-ditting-kfa-1203\/","url":"https:\/\/kiennambarista.com\/san-pham\/may-xay-ca-phe-ditting-kfa-1203\/","name":"Coffee grinder Ditting KFA 1203 - KI\u1ebeN NAM BARISTA","isPartOf":{"@id":"https:\/\/kiennambarista.com\/#website"},"primaryImageOfPage":{"@id":"https:\/\/kiennambarista.com\/san-pham\/may-xay-ca-phe-ditting-kfa-1203\/#primaryimage"},"image":{"@id":"https:\/\/kiennambarista.com\/san-pham\/may-xay-ca-phe-ditting-kfa-1203\/#primaryimage"},"thumbnailUrl":"https:\/\/kiennambarista.com\/wp-content\/uploads\/2023\/02\/May-xay-ca-phe-Ditting-KFA-1203.jpg","datePublished":"2023-02-23T03:03:38+00:00","dateModified":"2023-07-06T06:12:09+00:00","description":"Ditting KFA 1203 Coffee Grinder genuine distribution by Kien Nam Barista, the leading prestigious and professional warranty policy in Vietnam","breadcrumb":{"@id":"https:\/\/kiennambarista.com\/san-pham\/may-xay-ca-phe-ditting-kfa-1203\/#breadcrumb"},"inLanguage":"en-US","potentialAction":[{"@type":"ReadAction","target":["https:\/\/kiennambarista.com\/san-pham\/may-xay-ca-phe-ditting-kfa-1203\/"]}]},{"@type":"ImageObject","inLanguage":"en-US","@id":"https:\/\/kiennambarista.com\/san-pham\/may-xay-ca-phe-ditting-kfa-1203\/#primaryimage","url":"https:\/\/kiennambarista.com\/wp-content\/uploads\/2023\/02\/May-xay-ca-phe-Ditting-KFA-1203.jpg","contentUrl":"https:\/\/kiennambarista.com\/wp-content\/uploads\/2023\/02\/May-xay-ca-phe-Ditting-KFA-1203.jpg","width":1200,"height":992,"caption":"M\u00e1y xay c\u00e0 ph\u00ea Ditting KFA 1203 l\u00e0 m\u00e1y xay c\u00f3 th\u1eddi gian xay nhanh, \u0111\u00e1ng tin c\u1eady v\u00e0 \u0111\u1ed3ng \u0111\u1ec1u. C\u00e1c c\u1eeda h\u00e0ng c\u00e0 ph\u00ea rang xay, si\u00eau th\u1ecb v\u00e0 ti\u1ec7m c\u00e0 ph\u00ea b\u00e1n c\u00e0 ph\u00ea xay h\u1ea1t m\u1ed9c \u0111\u00e1nh gi\u00e1 cao m\u00e1y xay c\u00e0 ph\u00ea \u0111\u1eb7c bi\u1ec7t n\u00e0y v\u00ec kh\u1ea3 n\u0103ng xay nhanh, t\u1ed1t, gi\u1eef nguy\u00ean m\u00f9i v\u1ecb, kh\u00f4ng l\u00e0m n\u00f3ng b\u1ed9t c\u00e0 ph\u00ea sau khi xay, ch\u1ea1y \u00eam kh\u00f4ng nghe ti\u1ebfng \u1ed3n, c\u00f3 \u0111\u1ed9 b\u1ec1n cao. Ho\u1ea1t \u0111\u1ed9ng \u0111\u01a1n gi\u1ea3n v\u00e0 an to\u00e0n nh\u1ea5t."},{"@type":"BreadcrumbList","@id":"https:\/\/kiennambarista.com\/san-pham\/may-xay-ca-phe-ditting-kfa-1203\/#breadcrumb","itemListElement":[{"@type":"ListItem","position":1,"name":"Trang ch\u1ee7","item":"https:\/\/kiennambarista.com\/en\/"},{"@type":"ListItem","position":2,"name":"Product","item":"https:\/\/kiennambarista.com\/en\/san-pham\/"},{"@type":"ListItem","position":3,"name":"Coffee grinder Ditting KFA 1203"}]},{"@type":"WebSite","@id":"https:\/\/kiennambarista.com\/#website","url":"https:\/\/kiennambarista.com\/","name":"Ki\u1ebfn Nam BARISTA","description":"Nh\u00e0 ph\u00e2n ph\u1ed1i v\u00e0 cung c\u1ea5p d\u1ecbch v\u1ee5 m\u00e1y pha c\u00e0 ph\u00ea h\u00e0ng \u0111\u1ea7u t\u1ea1i Vi\u1ec7t Nam","publisher":{"@id":"https:\/\/kiennambarista.com\/#organization"},"potentialAction":[{"@type":"SearchAction","target":{"@type":"EntryPoint","urlTemplate":"https:\/\/kiennambarista.com\/?s={search_term_string}"},"query-input":{"@type":"PropertyValueSpecification","valueRequired":true,"valueName":"search_term_string"}}],"inLanguage":"en-US"},{"@type":"Organization","@id":"https:\/\/kiennambarista.com\/#organization","name":"Ki\u1ebfn Nam BARISTA","url":"https:\/\/kiennambarista.com\/","logo":{"@type":"ImageObject","inLanguage":"en-US","@id":"https:\/\/kiennambarista.com\/#\/schema\/logo\/image\/","url":"https:\/\/kiennambarista.com\/wp-content\/uploads\/2023\/01\/logo_kiennam.svg","contentUrl":"https:\/\/kiennambarista.com\/wp-content\/uploads\/2023\/01\/logo_kiennam.svg","width":88,"height":54,"caption":"Ki\u1ebfn Nam BARISTA"},"image":{"@id":"https:\/\/kiennambarista.com\/#\/schema\/logo\/image\/"}}]}},"_links":{"self":[{"href":"https:\/\/kiennambarista.com\/en\/wp-json\/wp\/v2\/product\/2600","targetHints":{"allow":["GET"]}}],"collection":[{"href":"https:\/\/kiennambarista.com\/en\/wp-json\/wp\/v2\/product"}],"about":[{"href":"https:\/\/kiennambarista.com\/en\/wp-json\/wp\/v2\/types\/product"}],"replies":[{"embeddable":true,"href":"https:\/\/kiennambarista.com\/en\/wp-json\/wp\/v2\/comments?post=2600"}],"wp:featuredmedia":[{"embeddable":true,"href":"https:\/\/kiennambarista.com\/en\/wp-json\/wp\/v2\/media\/2091"}],"wp:attachment":[{"href":"https:\/\/kiennambarista.com\/en\/wp-json\/wp\/v2\/media?parent=2600"}],"wp:term":[{"taxonomy":"product_brand","embeddable":true,"href":"https:\/\/kiennambarista.com\/en\/wp-json\/wp\/v2\/product_brand?post=2600"},{"taxonomy":"product_cat","embeddable":true,"href":"https:\/\/kiennambarista.com\/en\/wp-json\/wp\/v2\/product_cat?post=2600"},{"taxonomy":"product_tag","embeddable":true,"href":"https:\/\/kiennambarista.com\/en\/wp-json\/wp\/v2\/product_tag?post=2600"}],"curies":[{"name":"wp","href":"https:\/\/api.w.org\/{rel}","templated":true}]}}