{"id":2599,"date":"2023-02-23T10:07:48","date_gmt":"2023-02-23T03:07:48","guid":{"rendered":"https:\/\/kiennambarista.com\/san-pham\/may-xay-ca-phe-ditting-kfa-1403-industrial\/"},"modified":"2023-07-06T13:22:38","modified_gmt":"2023-07-06T06:22:38","slug":"may-xay-ca-phe-ditting-kfa-1403-industrial","status":"publish","type":"product","link":"https:\/\/kiennambarista.com\/en\/san-pham\/may-xay-ca-phe-ditting-kfa-1403-industrial\/","title":{"rendered":"Coffee grinder Ditting KFA 1403 Industrial"},"content":{"rendered":"<h1 style=\"text-align: center;\">Coffee grinder Ditting KFA 1403 Industrial<\/h1>\n<p>The Ditting KFA 1403 Industrial coffee grinder is the ultimate solution in industrial use for medium-sized production workshops. The specially developed motor enables high grinding speeds for all grinding adjustments.<\/p>\n<p>Retains the aroma of coffee well thanks to the smooth, gentle and heat-free grinding process thanks to the cooling fan and special blade edges<\/p>\n<ul>\n<li>Wear-resistant special steel rim.<\/li>\n<li>Stepless grind adjustment knob.<\/li>\n<li>Very easy to maintain and clean.<\/li>\n<\/ul>\n","protected":false},"excerpt":{"rendered":"<ul>\n<li>Manufacturer : Ditting<\/li>\n<li>Origin: Germany<\/li>\n<li>1 year warranty<\/li>\n<li>Color: Black<\/li>\n<\/ul>\n","protected":false},"featured_media":2090,"comment_status":"open","ping_status":"closed","template":"","meta":{"inline_featured_image":false},"product_brand":[],"product_cat":[186,187],"product_tag":[],"class_list":{"0":"post-2599","1":"product","2":"type-product","3":"status-publish","4":"has-post-thumbnail","6":"product_cat-may-xay-ca-phe-ditting-en","7":"product_cat-may-xay-ca-phe-en","8":"category_filter_product-thuong-hieu-en","9":"category_filter_product-1000-2000-w-en","10":"category_filter_product-cong-suat-en","11":"category_filter_product-gia-tien-en","12":"category_filter_product-150-trieu-200-trieu-en","13":"category_filter_product-ditting-en","15":"first","16":"instock","17":"shipping-taxable","18":"purchasable","19":"product-type-simple"},"acf":[],"yoast_head":"<!-- This site is optimized with the Yoast SEO plugin v24.9 - https:\/\/yoast.com\/wordpress\/plugins\/seo\/ -->\n<title>Coffee grinder Ditting KFA 1403 Industrial - KI\u1ebeN NAM BARISTA<\/title>\n<meta name=\"description\" content=\"Ditting Coffee Grinder KFA 1403 Industrial genuine distribution by Kien Nam Barista, the leading prestigious and professional warranty policy in Vietnam\" \/>\n<meta name=\"robots\" content=\"index, follow, max-snippet:-1, max-image-preview:large, max-video-preview:-1\" \/>\n<link rel=\"canonical\" href=\"https:\/\/kiennambarista.com\/san-pham\/may-xay-ca-phe-ditting-kfa-1403-industrial\/\" \/>\n<meta property=\"og:locale\" content=\"en_US\" \/>\n<meta property=\"og:type\" content=\"article\" \/>\n<meta property=\"og:title\" content=\"Coffee grinder Ditting KFA 1403 Industrial - KI\u1ebeN NAM BARISTA\" \/>\n<meta property=\"og:description\" content=\"Ditting Coffee Grinder KFA 1403 Industrial genuine distribution by Kien Nam Barista, the leading prestigious and professional warranty policy in Vietnam\" \/>\n<meta property=\"og:url\" content=\"https:\/\/kiennambarista.com\/san-pham\/may-xay-ca-phe-ditting-kfa-1403-industrial\/\" \/>\n<meta property=\"og:site_name\" content=\"KI\u1ebeN NAM BARISTA\" \/>\n<meta property=\"article:modified_time\" content=\"2023-07-06T06:22:38+00:00\" \/>\n<meta property=\"og:image\" content=\"https:\/\/kiennambarista.com\/wp-content\/uploads\/2023\/02\/May-xay-ca-phe-Ditting-KFA-1403-Industrial.jpg\" \/>\n\t<meta property=\"og:image:width\" content=\"1200\" \/>\n\t<meta property=\"og:image:height\" content=\"992\" \/>\n\t<meta property=\"og:image:type\" content=\"image\/jpeg\" \/>\n<meta name=\"twitter:card\" content=\"summary_large_image\" \/>\n<script type=\"application\/ld+json\" class=\"yoast-schema-graph\">{\"@context\":\"https:\/\/schema.org\",\"@graph\":[{\"@type\":\"WebPage\",\"@id\":\"https:\/\/kiennambarista.com\/san-pham\/may-xay-ca-phe-ditting-kfa-1403-industrial\/\",\"url\":\"https:\/\/kiennambarista.com\/san-pham\/may-xay-ca-phe-ditting-kfa-1403-industrial\/\",\"name\":\"Coffee grinder Ditting KFA 1403 Industrial - KI\u1ebeN NAM BARISTA\",\"isPartOf\":{\"@id\":\"https:\/\/kiennambarista.com\/#website\"},\"primaryImageOfPage\":{\"@id\":\"https:\/\/kiennambarista.com\/san-pham\/may-xay-ca-phe-ditting-kfa-1403-industrial\/#primaryimage\"},\"image\":{\"@id\":\"https:\/\/kiennambarista.com\/san-pham\/may-xay-ca-phe-ditting-kfa-1403-industrial\/#primaryimage\"},\"thumbnailUrl\":\"https:\/\/kiennambarista.com\/wp-content\/uploads\/2023\/02\/May-xay-ca-phe-Ditting-KFA-1403-Industrial.jpg\",\"datePublished\":\"2023-02-23T03:07:48+00:00\",\"dateModified\":\"2023-07-06T06:22:38+00:00\",\"description\":\"Ditting Coffee Grinder KFA 1403 Industrial genuine distribution by Kien Nam Barista, the leading prestigious and professional warranty policy in Vietnam\",\"breadcrumb\":{\"@id\":\"https:\/\/kiennambarista.com\/san-pham\/may-xay-ca-phe-ditting-kfa-1403-industrial\/#breadcrumb\"},\"inLanguage\":\"en-US\",\"potentialAction\":[{\"@type\":\"ReadAction\",\"target\":[\"https:\/\/kiennambarista.com\/san-pham\/may-xay-ca-phe-ditting-kfa-1403-industrial\/\"]}]},{\"@type\":\"ImageObject\",\"inLanguage\":\"en-US\",\"@id\":\"https:\/\/kiennambarista.com\/san-pham\/may-xay-ca-phe-ditting-kfa-1403-industrial\/#primaryimage\",\"url\":\"https:\/\/kiennambarista.com\/wp-content\/uploads\/2023\/02\/May-xay-ca-phe-Ditting-KFA-1403-Industrial.jpg\",\"contentUrl\":\"https:\/\/kiennambarista.com\/wp-content\/uploads\/2023\/02\/May-xay-ca-phe-Ditting-KFA-1403-Industrial.jpg\",\"width\":1200,\"height\":992,\"caption\":\"M\u00e1y xay c\u00e0 ph\u00ea Ditting KFA 1403 Industrial l\u00e0 gi\u1ea3i ph\u00e1p t\u1ed1i \u01b0u trong vi\u1ec7c s\u1eed d\u1ee5ng c\u00f4ng nghi\u1ec7p cho c\u00e1c x\u01b0\u1edfng s\u1ea3n xu\u1ea5t \u1edf quy m\u00f4 v\u1eeba. \u0110\u1ed9ng c\u01a1 \u0111\u01b0\u1ee3c ph\u00e1t tri\u1ec3n \u0111\u1eb7c bi\u1ec7t cho ph\u00e9p t\u1ed1c \u0111\u1ed9 xay \u1edf m\u1ee9c cao cho t\u1ea5t c\u1ea3 c\u00e1c b\u01b0\u1edbc \u0111i\u1ec1u ch\u1ec9nh xay. L\u01b0u gi\u1eef l\u1ea1i t\u1ed1t h\u01b0\u01a1ng th\u01a1m c\u1ee7a c\u00e0 ph\u00ea nh\u1edd qu\u00e1 tr\u00ecnh xay \u0111\u1ed3ng \u0111\u1ec1u, nh\u1eb9 nh\u00e0ng v\u00e0 kh\u00f4ng b\u1ecb n\u00f3ng nh\u1edd qu\u1ea1t t\u1ea3n nhi\u1ec7t v\u00e0 c\u00e1c g\u1edd l\u01b0\u1ee1i xay \u0111\u1eb7c bi\u1ec7t\"},{\"@type\":\"BreadcrumbList\",\"@id\":\"https:\/\/kiennambarista.com\/san-pham\/may-xay-ca-phe-ditting-kfa-1403-industrial\/#breadcrumb\",\"itemListElement\":[{\"@type\":\"ListItem\",\"position\":1,\"name\":\"Trang ch\u1ee7\",\"item\":\"https:\/\/kiennambarista.com\/en\/\"},{\"@type\":\"ListItem\",\"position\":2,\"name\":\"Product\",\"item\":\"https:\/\/kiennambarista.com\/en\/san-pham\/\"},{\"@type\":\"ListItem\",\"position\":3,\"name\":\"Coffee grinder Ditting KFA 1403 Industrial\"}]},{\"@type\":\"WebSite\",\"@id\":\"https:\/\/kiennambarista.com\/#website\",\"url\":\"https:\/\/kiennambarista.com\/\",\"name\":\"Ki\u1ebfn Nam BARISTA\",\"description\":\"Nh\u00e0 ph\u00e2n ph\u1ed1i v\u00e0 cung c\u1ea5p d\u1ecbch v\u1ee5 m\u00e1y pha c\u00e0 ph\u00ea h\u00e0ng \u0111\u1ea7u t\u1ea1i Vi\u1ec7t Nam\",\"publisher\":{\"@id\":\"https:\/\/kiennambarista.com\/#organization\"},\"potentialAction\":[{\"@type\":\"SearchAction\",\"target\":{\"@type\":\"EntryPoint\",\"urlTemplate\":\"https:\/\/kiennambarista.com\/?s={search_term_string}\"},\"query-input\":{\"@type\":\"PropertyValueSpecification\",\"valueRequired\":true,\"valueName\":\"search_term_string\"}}],\"inLanguage\":\"en-US\"},{\"@type\":\"Organization\",\"@id\":\"https:\/\/kiennambarista.com\/#organization\",\"name\":\"Ki\u1ebfn Nam BARISTA\",\"url\":\"https:\/\/kiennambarista.com\/\",\"logo\":{\"@type\":\"ImageObject\",\"inLanguage\":\"en-US\",\"@id\":\"https:\/\/kiennambarista.com\/#\/schema\/logo\/image\/\",\"url\":\"https:\/\/kiennambarista.com\/wp-content\/uploads\/2023\/01\/logo_kiennam.svg\",\"contentUrl\":\"https:\/\/kiennambarista.com\/wp-content\/uploads\/2023\/01\/logo_kiennam.svg\",\"width\":88,\"height\":54,\"caption\":\"Ki\u1ebfn Nam BARISTA\"},\"image\":{\"@id\":\"https:\/\/kiennambarista.com\/#\/schema\/logo\/image\/\"}}]}<\/script>\n<!-- \/ Yoast SEO plugin. -->","yoast_head_json":{"title":"Coffee grinder Ditting KFA 1403 Industrial - KI\u1ebeN NAM BARISTA","description":"Ditting Coffee Grinder KFA 1403 Industrial genuine distribution by Kien Nam Barista, the leading prestigious and professional warranty policy in Vietnam","robots":{"index":"index","follow":"follow","max-snippet":"max-snippet:-1","max-image-preview":"max-image-preview:large","max-video-preview":"max-video-preview:-1"},"canonical":"https:\/\/kiennambarista.com\/san-pham\/may-xay-ca-phe-ditting-kfa-1403-industrial\/","og_locale":"en_US","og_type":"article","og_title":"Coffee grinder Ditting KFA 1403 Industrial - KI\u1ebeN NAM BARISTA","og_description":"Ditting Coffee Grinder KFA 1403 Industrial genuine distribution by Kien Nam Barista, the leading prestigious and professional warranty policy in Vietnam","og_url":"https:\/\/kiennambarista.com\/san-pham\/may-xay-ca-phe-ditting-kfa-1403-industrial\/","og_site_name":"KI\u1ebeN NAM BARISTA","article_modified_time":"2023-07-06T06:22:38+00:00","og_image":[{"width":1200,"height":992,"url":"https:\/\/kiennambarista.com\/wp-content\/uploads\/2023\/02\/May-xay-ca-phe-Ditting-KFA-1403-Industrial.jpg","type":"image\/jpeg"}],"twitter_card":"summary_large_image","schema":{"@context":"https:\/\/schema.org","@graph":[{"@type":"WebPage","@id":"https:\/\/kiennambarista.com\/san-pham\/may-xay-ca-phe-ditting-kfa-1403-industrial\/","url":"https:\/\/kiennambarista.com\/san-pham\/may-xay-ca-phe-ditting-kfa-1403-industrial\/","name":"Coffee grinder Ditting KFA 1403 Industrial - KI\u1ebeN NAM BARISTA","isPartOf":{"@id":"https:\/\/kiennambarista.com\/#website"},"primaryImageOfPage":{"@id":"https:\/\/kiennambarista.com\/san-pham\/may-xay-ca-phe-ditting-kfa-1403-industrial\/#primaryimage"},"image":{"@id":"https:\/\/kiennambarista.com\/san-pham\/may-xay-ca-phe-ditting-kfa-1403-industrial\/#primaryimage"},"thumbnailUrl":"https:\/\/kiennambarista.com\/wp-content\/uploads\/2023\/02\/May-xay-ca-phe-Ditting-KFA-1403-Industrial.jpg","datePublished":"2023-02-23T03:07:48+00:00","dateModified":"2023-07-06T06:22:38+00:00","description":"Ditting Coffee Grinder KFA 1403 Industrial genuine distribution by Kien Nam Barista, the leading prestigious and professional warranty policy in Vietnam","breadcrumb":{"@id":"https:\/\/kiennambarista.com\/san-pham\/may-xay-ca-phe-ditting-kfa-1403-industrial\/#breadcrumb"},"inLanguage":"en-US","potentialAction":[{"@type":"ReadAction","target":["https:\/\/kiennambarista.com\/san-pham\/may-xay-ca-phe-ditting-kfa-1403-industrial\/"]}]},{"@type":"ImageObject","inLanguage":"en-US","@id":"https:\/\/kiennambarista.com\/san-pham\/may-xay-ca-phe-ditting-kfa-1403-industrial\/#primaryimage","url":"https:\/\/kiennambarista.com\/wp-content\/uploads\/2023\/02\/May-xay-ca-phe-Ditting-KFA-1403-Industrial.jpg","contentUrl":"https:\/\/kiennambarista.com\/wp-content\/uploads\/2023\/02\/May-xay-ca-phe-Ditting-KFA-1403-Industrial.jpg","width":1200,"height":992,"caption":"M\u00e1y xay c\u00e0 ph\u00ea Ditting KFA 1403 Industrial l\u00e0 gi\u1ea3i ph\u00e1p t\u1ed1i \u01b0u trong vi\u1ec7c s\u1eed d\u1ee5ng c\u00f4ng nghi\u1ec7p cho c\u00e1c x\u01b0\u1edfng s\u1ea3n xu\u1ea5t \u1edf quy m\u00f4 v\u1eeba. \u0110\u1ed9ng c\u01a1 \u0111\u01b0\u1ee3c ph\u00e1t tri\u1ec3n \u0111\u1eb7c bi\u1ec7t cho ph\u00e9p t\u1ed1c \u0111\u1ed9 xay \u1edf m\u1ee9c cao cho t\u1ea5t c\u1ea3 c\u00e1c b\u01b0\u1edbc \u0111i\u1ec1u ch\u1ec9nh xay. L\u01b0u gi\u1eef l\u1ea1i t\u1ed1t h\u01b0\u01a1ng th\u01a1m c\u1ee7a c\u00e0 ph\u00ea nh\u1edd qu\u00e1 tr\u00ecnh xay \u0111\u1ed3ng \u0111\u1ec1u, nh\u1eb9 nh\u00e0ng v\u00e0 kh\u00f4ng b\u1ecb n\u00f3ng nh\u1edd qu\u1ea1t t\u1ea3n nhi\u1ec7t v\u00e0 c\u00e1c g\u1edd l\u01b0\u1ee1i xay \u0111\u1eb7c bi\u1ec7t"},{"@type":"BreadcrumbList","@id":"https:\/\/kiennambarista.com\/san-pham\/may-xay-ca-phe-ditting-kfa-1403-industrial\/#breadcrumb","itemListElement":[{"@type":"ListItem","position":1,"name":"Trang ch\u1ee7","item":"https:\/\/kiennambarista.com\/en\/"},{"@type":"ListItem","position":2,"name":"Product","item":"https:\/\/kiennambarista.com\/en\/san-pham\/"},{"@type":"ListItem","position":3,"name":"Coffee grinder Ditting KFA 1403 Industrial"}]},{"@type":"WebSite","@id":"https:\/\/kiennambarista.com\/#website","url":"https:\/\/kiennambarista.com\/","name":"Ki\u1ebfn Nam BARISTA","description":"Nh\u00e0 ph\u00e2n ph\u1ed1i v\u00e0 cung c\u1ea5p d\u1ecbch v\u1ee5 m\u00e1y pha c\u00e0 ph\u00ea h\u00e0ng \u0111\u1ea7u t\u1ea1i Vi\u1ec7t Nam","publisher":{"@id":"https:\/\/kiennambarista.com\/#organization"},"potentialAction":[{"@type":"SearchAction","target":{"@type":"EntryPoint","urlTemplate":"https:\/\/kiennambarista.com\/?s={search_term_string}"},"query-input":{"@type":"PropertyValueSpecification","valueRequired":true,"valueName":"search_term_string"}}],"inLanguage":"en-US"},{"@type":"Organization","@id":"https:\/\/kiennambarista.com\/#organization","name":"Ki\u1ebfn Nam BARISTA","url":"https:\/\/kiennambarista.com\/","logo":{"@type":"ImageObject","inLanguage":"en-US","@id":"https:\/\/kiennambarista.com\/#\/schema\/logo\/image\/","url":"https:\/\/kiennambarista.com\/wp-content\/uploads\/2023\/01\/logo_kiennam.svg","contentUrl":"https:\/\/kiennambarista.com\/wp-content\/uploads\/2023\/01\/logo_kiennam.svg","width":88,"height":54,"caption":"Ki\u1ebfn Nam BARISTA"},"image":{"@id":"https:\/\/kiennambarista.com\/#\/schema\/logo\/image\/"}}]}},"_links":{"self":[{"href":"https:\/\/kiennambarista.com\/en\/wp-json\/wp\/v2\/product\/2599","targetHints":{"allow":["GET"]}}],"collection":[{"href":"https:\/\/kiennambarista.com\/en\/wp-json\/wp\/v2\/product"}],"about":[{"href":"https:\/\/kiennambarista.com\/en\/wp-json\/wp\/v2\/types\/product"}],"replies":[{"embeddable":true,"href":"https:\/\/kiennambarista.com\/en\/wp-json\/wp\/v2\/comments?post=2599"}],"wp:featuredmedia":[{"embeddable":true,"href":"https:\/\/kiennambarista.com\/en\/wp-json\/wp\/v2\/media\/2090"}],"wp:attachment":[{"href":"https:\/\/kiennambarista.com\/en\/wp-json\/wp\/v2\/media?parent=2599"}],"wp:term":[{"taxonomy":"product_brand","embeddable":true,"href":"https:\/\/kiennambarista.com\/en\/wp-json\/wp\/v2\/product_brand?post=2599"},{"taxonomy":"product_cat","embeddable":true,"href":"https:\/\/kiennambarista.com\/en\/wp-json\/wp\/v2\/product_cat?post=2599"},{"taxonomy":"product_tag","embeddable":true,"href":"https:\/\/kiennambarista.com\/en\/wp-json\/wp\/v2\/product_tag?post=2599"}],"curies":[{"name":"wp","href":"https:\/\/api.w.org\/{rel}","templated":true}]}}