{"id":2594,"date":"2023-02-23T10:31:21","date_gmt":"2023-02-23T03:31:21","guid":{"rendered":"https:\/\/kiennambarista.com\/san-pham\/may-xay-ca-phe-fiorenzato-allgr-white-op-white\/"},"modified":"2023-07-06T13:52:17","modified_gmt":"2023-07-06T06:52:17","slug":"may-xay-ca-phe-fiorenzato-allgr-white-op-white","status":"publish","type":"product","link":"https:\/\/kiennambarista.com\/en\/san-pham\/may-xay-ca-phe-fiorenzato-allgr-white-op-white\/","title":{"rendered":"Coffee grinder Fiorenzato ALLGR (White Op White)"},"content":{"rendered":"<h1 style=\"text-align: center;\">Coffee grinder Fiorenzato ALLGR (White Op White)<\/h1>\n<p>&#8211; Professional coffee grinder<br \/>\n&#8211; Color touch screen LCD: displays working information and settings for each grinding mode<br \/>\n&#8211; Multi-touch &amp; color screen<br \/>\n&#8211; Dosing mode for precise single and double phase levers.<br \/>\n&#8211; Filter grinding mode<br \/>\n&#8211; Specialized grinding mode for Specialty coffee<\/p>\n","protected":false},"excerpt":{"rendered":"<ul>\n<li>Producer: Fiorenzato<\/li>\n<li>Origin: Italy<\/li>\n<li>1 year warranty<\/li>\n<\/ul>\n","protected":false},"featured_media":2085,"comment_status":"open","ping_status":"closed","template":"","meta":{"inline_featured_image":false},"product_brand":[],"product_cat":[187,193],"product_tag":[],"class_list":{"0":"post-2594","1":"product","2":"type-product","3":"status-publish","4":"has-post-thumbnail","6":"product_cat-may-xay-ca-phe-en","7":"product_cat-may-xay-ca-phe-fiorenzato-en-may-xay-ca-phe-en","8":"category_filter_product-thuong-hieu-en","9":"category_filter_product-duoi-1000-w-en","10":"category_filter_product-cong-suat-en","11":"category_filter_product-20-million-50-million-en","12":"category_filter_product-gia-tien-en","13":"category_filter_product-may-xay-ca-phe-fiorenzato-en","15":"first","16":"instock","17":"shipping-taxable","18":"purchasable","19":"product-type-simple"},"acf":[],"yoast_head":"<!-- This site is optimized with the Yoast SEO plugin v24.9 - https:\/\/yoast.com\/wordpress\/plugins\/seo\/ -->\n<title>Coffee grinder Fiorenzato ALLGR (White Op White) - KI\u1ebeN NAM BARISTA<\/title>\n<meta name=\"description\" content=\"Fiorenzato ALLGR (White Op White) Coffee Grinder is officially distributed by Kien Nam Barista, the leading prestigious and professional warranty policy in Vietnam\" \/>\n<meta name=\"robots\" content=\"index, follow, max-snippet:-1, max-image-preview:large, max-video-preview:-1\" \/>\n<link rel=\"canonical\" href=\"https:\/\/kiennambarista.com\/en\/san-pham\/may-xay-ca-phe-fiorenzato-allgr-white-op-white\/\" \/>\n<meta property=\"og:locale\" content=\"en_US\" \/>\n<meta property=\"og:type\" content=\"article\" \/>\n<meta property=\"og:title\" content=\"Coffee grinder Fiorenzato ALLGR (White Op White) - KI\u1ebeN NAM BARISTA\" \/>\n<meta property=\"og:description\" content=\"Fiorenzato ALLGR (White Op White) Coffee Grinder is officially distributed by Kien Nam Barista, the leading prestigious and professional warranty policy in Vietnam\" \/>\n<meta property=\"og:url\" content=\"https:\/\/kiennambarista.com\/en\/san-pham\/may-xay-ca-phe-fiorenzato-allgr-white-op-white\/\" \/>\n<meta property=\"og:site_name\" content=\"KI\u1ebeN NAM BARISTA\" \/>\n<meta property=\"article:modified_time\" content=\"2023-07-06T06:52:17+00:00\" \/>\n<meta property=\"og:image\" content=\"https:\/\/kiennambarista.com\/wp-content\/uploads\/2023\/02\/May-xay-ca-phe-Fiorenzato-Allgr-White-OP-White.jpg\" \/>\n\t<meta property=\"og:image:width\" content=\"1200\" \/>\n\t<meta property=\"og:image:height\" content=\"992\" \/>\n\t<meta property=\"og:image:type\" content=\"image\/jpeg\" \/>\n<meta name=\"twitter:card\" content=\"summary_large_image\" \/>\n<script type=\"application\/ld+json\" class=\"yoast-schema-graph\">{\"@context\":\"https:\/\/schema.org\",\"@graph\":[{\"@type\":\"WebPage\",\"@id\":\"https:\/\/kiennambarista.com\/en\/san-pham\/may-xay-ca-phe-fiorenzato-allgr-white-op-white\/\",\"url\":\"https:\/\/kiennambarista.com\/en\/san-pham\/may-xay-ca-phe-fiorenzato-allgr-white-op-white\/\",\"name\":\"Coffee grinder Fiorenzato ALLGR (White Op White) - KI\u1ebeN NAM BARISTA\",\"isPartOf\":{\"@id\":\"https:\/\/kiennambarista.com\/#website\"},\"primaryImageOfPage\":{\"@id\":\"https:\/\/kiennambarista.com\/en\/san-pham\/may-xay-ca-phe-fiorenzato-allgr-white-op-white\/#primaryimage\"},\"image\":{\"@id\":\"https:\/\/kiennambarista.com\/en\/san-pham\/may-xay-ca-phe-fiorenzato-allgr-white-op-white\/#primaryimage\"},\"thumbnailUrl\":\"https:\/\/kiennambarista.com\/wp-content\/uploads\/2023\/02\/May-xay-ca-phe-Fiorenzato-Allgr-White-OP-White.jpg\",\"datePublished\":\"2023-02-23T03:31:21+00:00\",\"dateModified\":\"2023-07-06T06:52:17+00:00\",\"description\":\"Fiorenzato ALLGR (White Op White) Coffee Grinder is officially distributed by Kien Nam Barista, the leading prestigious and professional warranty policy in Vietnam\",\"breadcrumb\":{\"@id\":\"https:\/\/kiennambarista.com\/en\/san-pham\/may-xay-ca-phe-fiorenzato-allgr-white-op-white\/#breadcrumb\"},\"inLanguage\":\"en-US\",\"potentialAction\":[{\"@type\":\"ReadAction\",\"target\":[\"https:\/\/kiennambarista.com\/en\/san-pham\/may-xay-ca-phe-fiorenzato-allgr-white-op-white\/\"]}]},{\"@type\":\"ImageObject\",\"inLanguage\":\"en-US\",\"@id\":\"https:\/\/kiennambarista.com\/en\/san-pham\/may-xay-ca-phe-fiorenzato-allgr-white-op-white\/#primaryimage\",\"url\":\"https:\/\/kiennambarista.com\/wp-content\/uploads\/2023\/02\/May-xay-ca-phe-Fiorenzato-Allgr-White-OP-White.jpg\",\"contentUrl\":\"https:\/\/kiennambarista.com\/wp-content\/uploads\/2023\/02\/May-xay-ca-phe-Fiorenzato-Allgr-White-OP-White.jpg\",\"width\":1200,\"height\":992,\"caption\":\"Fiorenzato AllGround l\u00e0 m\u00e1y xay c\u00e0 ph\u00ea hi\u1ec7u su\u1ea5t cao m\u1edbi ph\u00f9 h\u1ee3p quy m\u00f4 m\u1ecdi qu\u00e1n c\u00e0 ph\u00ea. M\u00e1y xay c\u00e0 ph\u00ea r\u1ea5t linh ho\u1ea1t v\u00e0 d\u1ec5 s\u1eed d\u1ee5ng, \u0111\u1ea3m b\u1ea3o n\u0103ng su\u1ea5t t\u1ed1i \u0111a v\u00e0 n\u00e2ng cao h\u01b0\u01a1ng th\u01a1m c\u1ee7a c\u00e0 ph\u00ea, nh\u1edd v\u00e0o ch\u1ebf \u0111\u1ed9 xay t\u1ee9c th\u00ec ph\u00f9 h\u1ee3p v\u1edbi espresso, moka v\u00e0 phin.\"},{\"@type\":\"BreadcrumbList\",\"@id\":\"https:\/\/kiennambarista.com\/en\/san-pham\/may-xay-ca-phe-fiorenzato-allgr-white-op-white\/#breadcrumb\",\"itemListElement\":[{\"@type\":\"ListItem\",\"position\":1,\"name\":\"Trang ch\u1ee7\",\"item\":\"https:\/\/kiennambarista.com\/en\/\"},{\"@type\":\"ListItem\",\"position\":2,\"name\":\"Product\",\"item\":\"https:\/\/kiennambarista.com\/en\/san-pham\/\"},{\"@type\":\"ListItem\",\"position\":3,\"name\":\"Coffee grinder Fiorenzato ALLGR (White Op White)\"}]},{\"@type\":\"WebSite\",\"@id\":\"https:\/\/kiennambarista.com\/#website\",\"url\":\"https:\/\/kiennambarista.com\/\",\"name\":\"Ki\u1ebfn Nam BARISTA\",\"description\":\"Nh\u00e0 ph\u00e2n ph\u1ed1i v\u00e0 cung c\u1ea5p d\u1ecbch v\u1ee5 m\u00e1y pha c\u00e0 ph\u00ea h\u00e0ng \u0111\u1ea7u t\u1ea1i Vi\u1ec7t Nam\",\"publisher\":{\"@id\":\"https:\/\/kiennambarista.com\/#organization\"},\"potentialAction\":[{\"@type\":\"SearchAction\",\"target\":{\"@type\":\"EntryPoint\",\"urlTemplate\":\"https:\/\/kiennambarista.com\/?s={search_term_string}\"},\"query-input\":{\"@type\":\"PropertyValueSpecification\",\"valueRequired\":true,\"valueName\":\"search_term_string\"}}],\"inLanguage\":\"en-US\"},{\"@type\":\"Organization\",\"@id\":\"https:\/\/kiennambarista.com\/#organization\",\"name\":\"Ki\u1ebfn Nam BARISTA\",\"url\":\"https:\/\/kiennambarista.com\/\",\"logo\":{\"@type\":\"ImageObject\",\"inLanguage\":\"en-US\",\"@id\":\"https:\/\/kiennambarista.com\/#\/schema\/logo\/image\/\",\"url\":\"https:\/\/kiennambarista.com\/wp-content\/uploads\/2023\/01\/logo_kiennam.svg\",\"contentUrl\":\"https:\/\/kiennambarista.com\/wp-content\/uploads\/2023\/01\/logo_kiennam.svg\",\"width\":88,\"height\":54,\"caption\":\"Ki\u1ebfn Nam BARISTA\"},\"image\":{\"@id\":\"https:\/\/kiennambarista.com\/#\/schema\/logo\/image\/\"}}]}<\/script>\n<!-- \/ Yoast SEO plugin. -->","yoast_head_json":{"title":"Coffee grinder Fiorenzato ALLGR (White Op White) - KI\u1ebeN NAM BARISTA","description":"Fiorenzato ALLGR (White Op White) Coffee Grinder is officially distributed by Kien Nam Barista, the leading prestigious and professional warranty policy in Vietnam","robots":{"index":"index","follow":"follow","max-snippet":"max-snippet:-1","max-image-preview":"max-image-preview:large","max-video-preview":"max-video-preview:-1"},"canonical":"https:\/\/kiennambarista.com\/en\/san-pham\/may-xay-ca-phe-fiorenzato-allgr-white-op-white\/","og_locale":"en_US","og_type":"article","og_title":"Coffee grinder Fiorenzato ALLGR (White Op White) - KI\u1ebeN NAM BARISTA","og_description":"Fiorenzato ALLGR (White Op White) Coffee Grinder is officially distributed by Kien Nam Barista, the leading prestigious and professional warranty policy in Vietnam","og_url":"https:\/\/kiennambarista.com\/en\/san-pham\/may-xay-ca-phe-fiorenzato-allgr-white-op-white\/","og_site_name":"KI\u1ebeN NAM BARISTA","article_modified_time":"2023-07-06T06:52:17+00:00","og_image":[{"width":1200,"height":992,"url":"https:\/\/kiennambarista.com\/wp-content\/uploads\/2023\/02\/May-xay-ca-phe-Fiorenzato-Allgr-White-OP-White.jpg","type":"image\/jpeg"}],"twitter_card":"summary_large_image","schema":{"@context":"https:\/\/schema.org","@graph":[{"@type":"WebPage","@id":"https:\/\/kiennambarista.com\/en\/san-pham\/may-xay-ca-phe-fiorenzato-allgr-white-op-white\/","url":"https:\/\/kiennambarista.com\/en\/san-pham\/may-xay-ca-phe-fiorenzato-allgr-white-op-white\/","name":"Coffee grinder Fiorenzato ALLGR (White Op White) - KI\u1ebeN NAM BARISTA","isPartOf":{"@id":"https:\/\/kiennambarista.com\/#website"},"primaryImageOfPage":{"@id":"https:\/\/kiennambarista.com\/en\/san-pham\/may-xay-ca-phe-fiorenzato-allgr-white-op-white\/#primaryimage"},"image":{"@id":"https:\/\/kiennambarista.com\/en\/san-pham\/may-xay-ca-phe-fiorenzato-allgr-white-op-white\/#primaryimage"},"thumbnailUrl":"https:\/\/kiennambarista.com\/wp-content\/uploads\/2023\/02\/May-xay-ca-phe-Fiorenzato-Allgr-White-OP-White.jpg","datePublished":"2023-02-23T03:31:21+00:00","dateModified":"2023-07-06T06:52:17+00:00","description":"Fiorenzato ALLGR (White Op White) Coffee Grinder is officially distributed by Kien Nam Barista, the leading prestigious and professional warranty policy in Vietnam","breadcrumb":{"@id":"https:\/\/kiennambarista.com\/en\/san-pham\/may-xay-ca-phe-fiorenzato-allgr-white-op-white\/#breadcrumb"},"inLanguage":"en-US","potentialAction":[{"@type":"ReadAction","target":["https:\/\/kiennambarista.com\/en\/san-pham\/may-xay-ca-phe-fiorenzato-allgr-white-op-white\/"]}]},{"@type":"ImageObject","inLanguage":"en-US","@id":"https:\/\/kiennambarista.com\/en\/san-pham\/may-xay-ca-phe-fiorenzato-allgr-white-op-white\/#primaryimage","url":"https:\/\/kiennambarista.com\/wp-content\/uploads\/2023\/02\/May-xay-ca-phe-Fiorenzato-Allgr-White-OP-White.jpg","contentUrl":"https:\/\/kiennambarista.com\/wp-content\/uploads\/2023\/02\/May-xay-ca-phe-Fiorenzato-Allgr-White-OP-White.jpg","width":1200,"height":992,"caption":"Fiorenzato AllGround l\u00e0 m\u00e1y xay c\u00e0 ph\u00ea hi\u1ec7u su\u1ea5t cao m\u1edbi ph\u00f9 h\u1ee3p quy m\u00f4 m\u1ecdi qu\u00e1n c\u00e0 ph\u00ea. M\u00e1y xay c\u00e0 ph\u00ea r\u1ea5t linh ho\u1ea1t v\u00e0 d\u1ec5 s\u1eed d\u1ee5ng, \u0111\u1ea3m b\u1ea3o n\u0103ng su\u1ea5t t\u1ed1i \u0111a v\u00e0 n\u00e2ng cao h\u01b0\u01a1ng th\u01a1m c\u1ee7a c\u00e0 ph\u00ea, nh\u1edd v\u00e0o ch\u1ebf \u0111\u1ed9 xay t\u1ee9c th\u00ec ph\u00f9 h\u1ee3p v\u1edbi espresso, moka v\u00e0 phin."},{"@type":"BreadcrumbList","@id":"https:\/\/kiennambarista.com\/en\/san-pham\/may-xay-ca-phe-fiorenzato-allgr-white-op-white\/#breadcrumb","itemListElement":[{"@type":"ListItem","position":1,"name":"Trang ch\u1ee7","item":"https:\/\/kiennambarista.com\/en\/"},{"@type":"ListItem","position":2,"name":"Product","item":"https:\/\/kiennambarista.com\/en\/san-pham\/"},{"@type":"ListItem","position":3,"name":"Coffee grinder Fiorenzato ALLGR (White Op White)"}]},{"@type":"WebSite","@id":"https:\/\/kiennambarista.com\/#website","url":"https:\/\/kiennambarista.com\/","name":"Ki\u1ebfn Nam BARISTA","description":"Nh\u00e0 ph\u00e2n ph\u1ed1i v\u00e0 cung c\u1ea5p d\u1ecbch v\u1ee5 m\u00e1y pha c\u00e0 ph\u00ea h\u00e0ng \u0111\u1ea7u t\u1ea1i Vi\u1ec7t Nam","publisher":{"@id":"https:\/\/kiennambarista.com\/#organization"},"potentialAction":[{"@type":"SearchAction","target":{"@type":"EntryPoint","urlTemplate":"https:\/\/kiennambarista.com\/?s={search_term_string}"},"query-input":{"@type":"PropertyValueSpecification","valueRequired":true,"valueName":"search_term_string"}}],"inLanguage":"en-US"},{"@type":"Organization","@id":"https:\/\/kiennambarista.com\/#organization","name":"Ki\u1ebfn Nam BARISTA","url":"https:\/\/kiennambarista.com\/","logo":{"@type":"ImageObject","inLanguage":"en-US","@id":"https:\/\/kiennambarista.com\/#\/schema\/logo\/image\/","url":"https:\/\/kiennambarista.com\/wp-content\/uploads\/2023\/01\/logo_kiennam.svg","contentUrl":"https:\/\/kiennambarista.com\/wp-content\/uploads\/2023\/01\/logo_kiennam.svg","width":88,"height":54,"caption":"Ki\u1ebfn Nam BARISTA"},"image":{"@id":"https:\/\/kiennambarista.com\/#\/schema\/logo\/image\/"}}]}},"_links":{"self":[{"href":"https:\/\/kiennambarista.com\/en\/wp-json\/wp\/v2\/product\/2594","targetHints":{"allow":["GET"]}}],"collection":[{"href":"https:\/\/kiennambarista.com\/en\/wp-json\/wp\/v2\/product"}],"about":[{"href":"https:\/\/kiennambarista.com\/en\/wp-json\/wp\/v2\/types\/product"}],"replies":[{"embeddable":true,"href":"https:\/\/kiennambarista.com\/en\/wp-json\/wp\/v2\/comments?post=2594"}],"wp:featuredmedia":[{"embeddable":true,"href":"https:\/\/kiennambarista.com\/en\/wp-json\/wp\/v2\/media\/2085"}],"wp:attachment":[{"href":"https:\/\/kiennambarista.com\/en\/wp-json\/wp\/v2\/media?parent=2594"}],"wp:term":[{"taxonomy":"product_brand","embeddable":true,"href":"https:\/\/kiennambarista.com\/en\/wp-json\/wp\/v2\/product_brand?post=2594"},{"taxonomy":"product_cat","embeddable":true,"href":"https:\/\/kiennambarista.com\/en\/wp-json\/wp\/v2\/product_cat?post=2594"},{"taxonomy":"product_tag","embeddable":true,"href":"https:\/\/kiennambarista.com\/en\/wp-json\/wp\/v2\/product_tag?post=2594"}],"curies":[{"name":"wp","href":"https:\/\/api.w.org\/{rel}","templated":true}]}}