{"id":2589,"date":"2023-02-23T14:52:53","date_gmt":"2023-02-23T07:52:53","guid":{"rendered":"https:\/\/kiennambarista.com\/san-pham\/may-xay-ca-phe-la-marzocco-dual-swift\/"},"modified":"2023-07-06T08:58:40","modified_gmt":"2023-07-06T01:58:40","slug":"may-xay-ca-phe-la-marzocco-dual-swift","status":"publish","type":"product","link":"https:\/\/kiennambarista.com\/en\/san-pham\/may-xay-ca-phe-la-marzocco-dual-swift\/","title":{"rendered":"La Marzocco Dual Swift Coffee Grinder"},"content":{"rendered":"<h1 style=\"text-align: center;\">La Marzocco Dual Swift Coffee Grinder<\/h1>\n<p>&#8211; Mode : setting the amount of coffee and automatic compression for 2 modes (single and double).<br \/>\n&#8211; Blending, dosing and compressing at the touch of a button, increasing dispensing efficiency.<\/p>\n","protected":false},"excerpt":{"rendered":"<ul>\n<li>Producer: La Marzocco<\/li>\n<li>Origin: Italy<\/li>\n<li>1 year warranty<\/li>\n<li>Color: Black<\/li>\n<\/ul>\n","protected":false},"featured_media":2187,"comment_status":"open","ping_status":"closed","template":"","meta":{"inline_featured_image":false},"product_brand":[],"product_cat":[187],"product_tag":[],"class_list":{"0":"post-2589","1":"product","2":"type-product","3":"status-publish","4":"has-post-thumbnail","6":"product_cat-may-xay-ca-phe-en","7":"category_filter_product-thuong-hieu-en","8":"category_filter_product-duoi-1000-w-en","9":"category_filter_product-cong-suat-en","10":"category_filter_product-gia-tien-en","11":"category_filter_product-100-trieu-150-trieu-en","12":"category_filter_product-may-pha-ca-phe-lamarzocco-en","14":"first","15":"instock","16":"shipping-taxable","17":"purchasable","18":"product-type-simple"},"acf":[],"yoast_head":"<!-- This site is optimized with the Yoast SEO plugin v24.9 - https:\/\/yoast.com\/wordpress\/plugins\/seo\/ -->\n<title>M\u00e1y Xay C\u00e0 Ph\u00ea La Marzocco Dual Swift<\/title>\n<meta name=\"description\" content=\"La Marzocco Dual Swift Coffee Grinder genuine distributed by Kien Nam Barista, the leading professional and prestigious warranty policy in Vietnam\" \/>\n<meta name=\"robots\" content=\"index, follow, max-snippet:-1, max-image-preview:large, max-video-preview:-1\" \/>\n<link rel=\"canonical\" href=\"https:\/\/kiennambarista.com\/en\/san-pham\/may-xay-ca-phe-la-marzocco-dual-swift\/\" \/>\n<meta property=\"og:locale\" content=\"en_US\" \/>\n<meta property=\"og:type\" content=\"article\" \/>\n<meta property=\"og:title\" content=\"M\u00e1y Xay C\u00e0 Ph\u00ea La Marzocco Dual Swift\" \/>\n<meta property=\"og:description\" content=\"La Marzocco Dual Swift Coffee Grinder genuine distributed by Kien Nam Barista, the leading professional and prestigious warranty policy in Vietnam\" \/>\n<meta property=\"og:url\" content=\"https:\/\/kiennambarista.com\/en\/san-pham\/may-xay-ca-phe-la-marzocco-dual-swift\/\" \/>\n<meta property=\"og:site_name\" content=\"KI\u1ebeN NAM BARISTA\" \/>\n<meta property=\"article:modified_time\" content=\"2023-07-06T01:58:40+00:00\" \/>\n<meta property=\"og:image\" content=\"https:\/\/kiennambarista.com\/wp-content\/uploads\/2023\/02\/May-xay-ca-phe-La-Marzocco-Dual-Swift.jpg\" \/>\n\t<meta property=\"og:image:width\" content=\"1200\" \/>\n\t<meta property=\"og:image:height\" content=\"992\" \/>\n\t<meta property=\"og:image:type\" content=\"image\/jpeg\" \/>\n<meta name=\"twitter:card\" content=\"summary_large_image\" \/>\n<script type=\"application\/ld+json\" class=\"yoast-schema-graph\">{\"@context\":\"https:\/\/schema.org\",\"@graph\":[{\"@type\":\"WebPage\",\"@id\":\"https:\/\/kiennambarista.com\/en\/san-pham\/may-xay-ca-phe-la-marzocco-dual-swift\/\",\"url\":\"https:\/\/kiennambarista.com\/en\/san-pham\/may-xay-ca-phe-la-marzocco-dual-swift\/\",\"name\":\"M\u00e1y Xay C\u00e0 Ph\u00ea La Marzocco Dual Swift\",\"isPartOf\":{\"@id\":\"https:\/\/kiennambarista.com\/#website\"},\"primaryImageOfPage\":{\"@id\":\"https:\/\/kiennambarista.com\/en\/san-pham\/may-xay-ca-phe-la-marzocco-dual-swift\/#primaryimage\"},\"image\":{\"@id\":\"https:\/\/kiennambarista.com\/en\/san-pham\/may-xay-ca-phe-la-marzocco-dual-swift\/#primaryimage\"},\"thumbnailUrl\":\"https:\/\/kiennambarista.com\/wp-content\/uploads\/2023\/02\/May-xay-ca-phe-La-Marzocco-Dual-Swift.jpg\",\"datePublished\":\"2023-02-23T07:52:53+00:00\",\"dateModified\":\"2023-07-06T01:58:40+00:00\",\"description\":\"La Marzocco Dual Swift Coffee Grinder genuine distributed by Kien Nam Barista, the leading professional and prestigious warranty policy in Vietnam\",\"breadcrumb\":{\"@id\":\"https:\/\/kiennambarista.com\/en\/san-pham\/may-xay-ca-phe-la-marzocco-dual-swift\/#breadcrumb\"},\"inLanguage\":\"en-US\",\"potentialAction\":[{\"@type\":\"ReadAction\",\"target\":[\"https:\/\/kiennambarista.com\/en\/san-pham\/may-xay-ca-phe-la-marzocco-dual-swift\/\"]}]},{\"@type\":\"ImageObject\",\"inLanguage\":\"en-US\",\"@id\":\"https:\/\/kiennambarista.com\/en\/san-pham\/may-xay-ca-phe-la-marzocco-dual-swift\/#primaryimage\",\"url\":\"https:\/\/kiennambarista.com\/wp-content\/uploads\/2023\/02\/May-xay-ca-phe-La-Marzocco-Dual-Swift.jpg\",\"contentUrl\":\"https:\/\/kiennambarista.com\/wp-content\/uploads\/2023\/02\/May-xay-ca-phe-La-Marzocco-Dual-Swift.jpg\",\"width\":1200,\"height\":992,\"caption\":\"M\u00e1y xay La Marzocco Swift l\u00e0 m\u00e1y xay duy nh\u1ea5t c\u00f3 th\u1ec3 xay, tinh ch\u1ec9nh v\u00e0 n\u00e9n t\u1ef1 \u0111\u1ed9ng theo c\u00e0i \u0111\u1eb7t c\u1ee7a kh\u00e1ch h\u00e0ng tr\u00e1nh l\u00e3ng ph\u00ed v\u1edbi li\u1ec1u l\u01b0\u1ee3ng ch\u00ednh x\u00e1c. K\u1ef9 thu\u1eadt v\u00e0 m\u1ee9c \u0111\u1ed9 b\u1ea3o \u0111\u1ea3m thi\u1ebft k\u1ebf c\u1ee7a m\u00e1y xay La Marzocco Swift ph\u00f9 h\u1ee3p v\u1edbi \u0111\u1ed9 \u1ed5n \u0111\u1ecbnh, ch\u00ednh x\u00e1c theo th\u1eddi gian pha v\u1edbi t\u1ed1c \u0111\u1ed9 pha \u0111\u1ec1u \u0111\u1eb7n.\"},{\"@type\":\"BreadcrumbList\",\"@id\":\"https:\/\/kiennambarista.com\/en\/san-pham\/may-xay-ca-phe-la-marzocco-dual-swift\/#breadcrumb\",\"itemListElement\":[{\"@type\":\"ListItem\",\"position\":1,\"name\":\"Trang ch\u1ee7\",\"item\":\"https:\/\/kiennambarista.com\/en\/\"},{\"@type\":\"ListItem\",\"position\":2,\"name\":\"Product\",\"item\":\"https:\/\/kiennambarista.com\/en\/san-pham\/\"},{\"@type\":\"ListItem\",\"position\":3,\"name\":\"La Marzocco Dual Swift Coffee Grinder\"}]},{\"@type\":\"WebSite\",\"@id\":\"https:\/\/kiennambarista.com\/#website\",\"url\":\"https:\/\/kiennambarista.com\/\",\"name\":\"Ki\u1ebfn Nam BARISTA\",\"description\":\"Nh\u00e0 ph\u00e2n ph\u1ed1i v\u00e0 cung c\u1ea5p d\u1ecbch v\u1ee5 m\u00e1y pha c\u00e0 ph\u00ea h\u00e0ng \u0111\u1ea7u t\u1ea1i Vi\u1ec7t Nam\",\"publisher\":{\"@id\":\"https:\/\/kiennambarista.com\/#organization\"},\"potentialAction\":[{\"@type\":\"SearchAction\",\"target\":{\"@type\":\"EntryPoint\",\"urlTemplate\":\"https:\/\/kiennambarista.com\/?s={search_term_string}\"},\"query-input\":{\"@type\":\"PropertyValueSpecification\",\"valueRequired\":true,\"valueName\":\"search_term_string\"}}],\"inLanguage\":\"en-US\"},{\"@type\":\"Organization\",\"@id\":\"https:\/\/kiennambarista.com\/#organization\",\"name\":\"Ki\u1ebfn Nam BARISTA\",\"url\":\"https:\/\/kiennambarista.com\/\",\"logo\":{\"@type\":\"ImageObject\",\"inLanguage\":\"en-US\",\"@id\":\"https:\/\/kiennambarista.com\/#\/schema\/logo\/image\/\",\"url\":\"https:\/\/kiennambarista.com\/wp-content\/uploads\/2023\/01\/logo_kiennam.svg\",\"contentUrl\":\"https:\/\/kiennambarista.com\/wp-content\/uploads\/2023\/01\/logo_kiennam.svg\",\"width\":88,\"height\":54,\"caption\":\"Ki\u1ebfn Nam BARISTA\"},\"image\":{\"@id\":\"https:\/\/kiennambarista.com\/#\/schema\/logo\/image\/\"}}]}<\/script>\n<!-- \/ Yoast SEO plugin. -->","yoast_head_json":{"title":"M\u00e1y Xay C\u00e0 Ph\u00ea La Marzocco Dual Swift","description":"La Marzocco Dual Swift Coffee Grinder genuine distributed by Kien Nam Barista, the leading professional and prestigious warranty policy in Vietnam","robots":{"index":"index","follow":"follow","max-snippet":"max-snippet:-1","max-image-preview":"max-image-preview:large","max-video-preview":"max-video-preview:-1"},"canonical":"https:\/\/kiennambarista.com\/en\/san-pham\/may-xay-ca-phe-la-marzocco-dual-swift\/","og_locale":"en_US","og_type":"article","og_title":"M\u00e1y Xay C\u00e0 Ph\u00ea La Marzocco Dual Swift","og_description":"La Marzocco Dual Swift Coffee Grinder genuine distributed by Kien Nam Barista, the leading professional and prestigious warranty policy in Vietnam","og_url":"https:\/\/kiennambarista.com\/en\/san-pham\/may-xay-ca-phe-la-marzocco-dual-swift\/","og_site_name":"KI\u1ebeN NAM BARISTA","article_modified_time":"2023-07-06T01:58:40+00:00","og_image":[{"width":1200,"height":992,"url":"https:\/\/kiennambarista.com\/wp-content\/uploads\/2023\/02\/May-xay-ca-phe-La-Marzocco-Dual-Swift.jpg","type":"image\/jpeg"}],"twitter_card":"summary_large_image","schema":{"@context":"https:\/\/schema.org","@graph":[{"@type":"WebPage","@id":"https:\/\/kiennambarista.com\/en\/san-pham\/may-xay-ca-phe-la-marzocco-dual-swift\/","url":"https:\/\/kiennambarista.com\/en\/san-pham\/may-xay-ca-phe-la-marzocco-dual-swift\/","name":"M\u00e1y Xay C\u00e0 Ph\u00ea La Marzocco Dual Swift","isPartOf":{"@id":"https:\/\/kiennambarista.com\/#website"},"primaryImageOfPage":{"@id":"https:\/\/kiennambarista.com\/en\/san-pham\/may-xay-ca-phe-la-marzocco-dual-swift\/#primaryimage"},"image":{"@id":"https:\/\/kiennambarista.com\/en\/san-pham\/may-xay-ca-phe-la-marzocco-dual-swift\/#primaryimage"},"thumbnailUrl":"https:\/\/kiennambarista.com\/wp-content\/uploads\/2023\/02\/May-xay-ca-phe-La-Marzocco-Dual-Swift.jpg","datePublished":"2023-02-23T07:52:53+00:00","dateModified":"2023-07-06T01:58:40+00:00","description":"La Marzocco Dual Swift Coffee Grinder genuine distributed by Kien Nam Barista, the leading professional and prestigious warranty policy in Vietnam","breadcrumb":{"@id":"https:\/\/kiennambarista.com\/en\/san-pham\/may-xay-ca-phe-la-marzocco-dual-swift\/#breadcrumb"},"inLanguage":"en-US","potentialAction":[{"@type":"ReadAction","target":["https:\/\/kiennambarista.com\/en\/san-pham\/may-xay-ca-phe-la-marzocco-dual-swift\/"]}]},{"@type":"ImageObject","inLanguage":"en-US","@id":"https:\/\/kiennambarista.com\/en\/san-pham\/may-xay-ca-phe-la-marzocco-dual-swift\/#primaryimage","url":"https:\/\/kiennambarista.com\/wp-content\/uploads\/2023\/02\/May-xay-ca-phe-La-Marzocco-Dual-Swift.jpg","contentUrl":"https:\/\/kiennambarista.com\/wp-content\/uploads\/2023\/02\/May-xay-ca-phe-La-Marzocco-Dual-Swift.jpg","width":1200,"height":992,"caption":"M\u00e1y xay La Marzocco Swift l\u00e0 m\u00e1y xay duy nh\u1ea5t c\u00f3 th\u1ec3 xay, tinh ch\u1ec9nh v\u00e0 n\u00e9n t\u1ef1 \u0111\u1ed9ng theo c\u00e0i \u0111\u1eb7t c\u1ee7a kh\u00e1ch h\u00e0ng tr\u00e1nh l\u00e3ng ph\u00ed v\u1edbi li\u1ec1u l\u01b0\u1ee3ng ch\u00ednh x\u00e1c. K\u1ef9 thu\u1eadt v\u00e0 m\u1ee9c \u0111\u1ed9 b\u1ea3o \u0111\u1ea3m thi\u1ebft k\u1ebf c\u1ee7a m\u00e1y xay La Marzocco Swift ph\u00f9 h\u1ee3p v\u1edbi \u0111\u1ed9 \u1ed5n \u0111\u1ecbnh, ch\u00ednh x\u00e1c theo th\u1eddi gian pha v\u1edbi t\u1ed1c \u0111\u1ed9 pha \u0111\u1ec1u \u0111\u1eb7n."},{"@type":"BreadcrumbList","@id":"https:\/\/kiennambarista.com\/en\/san-pham\/may-xay-ca-phe-la-marzocco-dual-swift\/#breadcrumb","itemListElement":[{"@type":"ListItem","position":1,"name":"Trang ch\u1ee7","item":"https:\/\/kiennambarista.com\/en\/"},{"@type":"ListItem","position":2,"name":"Product","item":"https:\/\/kiennambarista.com\/en\/san-pham\/"},{"@type":"ListItem","position":3,"name":"La Marzocco Dual Swift Coffee Grinder"}]},{"@type":"WebSite","@id":"https:\/\/kiennambarista.com\/#website","url":"https:\/\/kiennambarista.com\/","name":"Ki\u1ebfn Nam BARISTA","description":"Nh\u00e0 ph\u00e2n ph\u1ed1i v\u00e0 cung c\u1ea5p d\u1ecbch v\u1ee5 m\u00e1y pha c\u00e0 ph\u00ea h\u00e0ng \u0111\u1ea7u t\u1ea1i Vi\u1ec7t Nam","publisher":{"@id":"https:\/\/kiennambarista.com\/#organization"},"potentialAction":[{"@type":"SearchAction","target":{"@type":"EntryPoint","urlTemplate":"https:\/\/kiennambarista.com\/?s={search_term_string}"},"query-input":{"@type":"PropertyValueSpecification","valueRequired":true,"valueName":"search_term_string"}}],"inLanguage":"en-US"},{"@type":"Organization","@id":"https:\/\/kiennambarista.com\/#organization","name":"Ki\u1ebfn Nam BARISTA","url":"https:\/\/kiennambarista.com\/","logo":{"@type":"ImageObject","inLanguage":"en-US","@id":"https:\/\/kiennambarista.com\/#\/schema\/logo\/image\/","url":"https:\/\/kiennambarista.com\/wp-content\/uploads\/2023\/01\/logo_kiennam.svg","contentUrl":"https:\/\/kiennambarista.com\/wp-content\/uploads\/2023\/01\/logo_kiennam.svg","width":88,"height":54,"caption":"Ki\u1ebfn Nam BARISTA"},"image":{"@id":"https:\/\/kiennambarista.com\/#\/schema\/logo\/image\/"}}]}},"_links":{"self":[{"href":"https:\/\/kiennambarista.com\/en\/wp-json\/wp\/v2\/product\/2589","targetHints":{"allow":["GET"]}}],"collection":[{"href":"https:\/\/kiennambarista.com\/en\/wp-json\/wp\/v2\/product"}],"about":[{"href":"https:\/\/kiennambarista.com\/en\/wp-json\/wp\/v2\/types\/product"}],"replies":[{"embeddable":true,"href":"https:\/\/kiennambarista.com\/en\/wp-json\/wp\/v2\/comments?post=2589"}],"wp:featuredmedia":[{"embeddable":true,"href":"https:\/\/kiennambarista.com\/en\/wp-json\/wp\/v2\/media\/2187"}],"wp:attachment":[{"href":"https:\/\/kiennambarista.com\/en\/wp-json\/wp\/v2\/media?parent=2589"}],"wp:term":[{"taxonomy":"product_brand","embeddable":true,"href":"https:\/\/kiennambarista.com\/en\/wp-json\/wp\/v2\/product_brand?post=2589"},{"taxonomy":"product_cat","embeddable":true,"href":"https:\/\/kiennambarista.com\/en\/wp-json\/wp\/v2\/product_cat?post=2589"},{"taxonomy":"product_tag","embeddable":true,"href":"https:\/\/kiennambarista.com\/en\/wp-json\/wp\/v2\/product_tag?post=2589"}],"curies":[{"name":"wp","href":"https:\/\/api.w.org\/{rel}","templated":true}]}}