{"id":2580,"date":"2023-02-23T16:11:26","date_gmt":"2023-02-23T09:11:26","guid":{"rendered":"https:\/\/kiennambarista.com\/san-pham\/modbar-steam-system-av\/"},"modified":"2023-07-05T14:15:42","modified_gmt":"2023-07-05T07:15:42","slug":"modbar-steam-system-av","status":"publish","type":"product","link":"https:\/\/kiennambarista.com\/en\/san-pham\/modbar-steam-system-av\/","title":{"rendered":"La Marzocco Modbar Steam Coffee Machine"},"content":{"rendered":"","protected":false},"excerpt":{"rendered":"<ul>\n<li>Producer: La Marzocco<\/li>\n<li>Origin: Italy<\/li>\n<li>1 year warranty<\/li>\n<li>Color: Die-cast aluminum alloy<\/li>\n<\/ul>\n","protected":false},"featured_media":1987,"comment_status":"open","ping_status":"closed","template":"","meta":{"inline_featured_image":false},"product_brand":[],"product_cat":[174,215],"product_tag":[],"class_list":{"0":"post-2580","1":"product","2":"type-product","3":"status-publish","4":"has-post-thumbnail","6":"product_cat-may-pha-ca-phe-chuyen-nghiep-en","7":"product_cat-may-pha-ca-phe-chuyen-nghiep-modbar-en","8":"category_filter_product-thuong-hieu-en","9":"category_filter_product-cong-suat-en","10":"category_filter_product-2000-3000-w-en","11":"category_filter_product-gia-tien-en","12":"category_filter_product-150-trieu-200-trieu-en","13":"category_filter_product-modbar-en","15":"first","16":"instock","17":"shipping-taxable","18":"purchasable","19":"product-type-simple"},"acf":[],"yoast_head":"<!-- This site is optimized with the Yoast SEO plugin v24.9 - https:\/\/yoast.com\/wordpress\/plugins\/seo\/ -->\n<title>La Marzocco Modbar Steam Coffee Machine - KI\u1ebeN NAM BARISTA<\/title>\n<meta name=\"robots\" content=\"index, follow, max-snippet:-1, max-image-preview:large, max-video-preview:-1\" \/>\n<link rel=\"canonical\" href=\"https:\/\/kiennambarista.com\/en\/san-pham\/modbar-steam-system-av\/\" \/>\n<meta property=\"og:locale\" content=\"en_US\" \/>\n<meta property=\"og:type\" content=\"article\" \/>\n<meta property=\"og:title\" content=\"La Marzocco Modbar Steam Coffee Machine - KI\u1ebeN NAM BARISTA\" \/>\n<meta property=\"og:description\" content=\"Producer: La Marzocco  Origin: Italy  1 year warranty  Color: Die-cast aluminum alloy\" \/>\n<meta property=\"og:url\" content=\"https:\/\/kiennambarista.com\/en\/san-pham\/modbar-steam-system-av\/\" \/>\n<meta property=\"og:site_name\" content=\"KI\u1ebeN NAM BARISTA\" \/>\n<meta property=\"article:modified_time\" content=\"2023-07-05T07:15:42+00:00\" \/>\n<meta property=\"og:image\" content=\"https:\/\/kiennambarista.com\/wp-content\/uploads\/2023\/02\/Modbar-Steam-System-AV.jpg\" \/>\n\t<meta property=\"og:image:width\" content=\"1200\" \/>\n\t<meta property=\"og:image:height\" content=\"992\" \/>\n\t<meta property=\"og:image:type\" content=\"image\/jpeg\" \/>\n<meta name=\"twitter:card\" content=\"summary_large_image\" \/>\n<script type=\"application\/ld+json\" class=\"yoast-schema-graph\">{\"@context\":\"https:\/\/schema.org\",\"@graph\":[{\"@type\":\"WebPage\",\"@id\":\"https:\/\/kiennambarista.com\/en\/san-pham\/modbar-steam-system-av\/\",\"url\":\"https:\/\/kiennambarista.com\/en\/san-pham\/modbar-steam-system-av\/\",\"name\":\"La Marzocco Modbar Steam Coffee Machine - KI\u1ebeN NAM BARISTA\",\"isPartOf\":{\"@id\":\"https:\/\/kiennambarista.com\/#website\"},\"primaryImageOfPage\":{\"@id\":\"https:\/\/kiennambarista.com\/en\/san-pham\/modbar-steam-system-av\/#primaryimage\"},\"image\":{\"@id\":\"https:\/\/kiennambarista.com\/en\/san-pham\/modbar-steam-system-av\/#primaryimage\"},\"thumbnailUrl\":\"https:\/\/kiennambarista.com\/wp-content\/uploads\/2023\/02\/Modbar-Steam-System-AV.jpg\",\"datePublished\":\"2023-02-23T09:11:26+00:00\",\"dateModified\":\"2023-07-05T07:15:42+00:00\",\"breadcrumb\":{\"@id\":\"https:\/\/kiennambarista.com\/en\/san-pham\/modbar-steam-system-av\/#breadcrumb\"},\"inLanguage\":\"en-US\",\"potentialAction\":[{\"@type\":\"ReadAction\",\"target\":[\"https:\/\/kiennambarista.com\/en\/san-pham\/modbar-steam-system-av\/\"]}]},{\"@type\":\"ImageObject\",\"inLanguage\":\"en-US\",\"@id\":\"https:\/\/kiennambarista.com\/en\/san-pham\/modbar-steam-system-av\/#primaryimage\",\"url\":\"https:\/\/kiennambarista.com\/wp-content\/uploads\/2023\/02\/Modbar-Steam-System-AV.jpg\",\"contentUrl\":\"https:\/\/kiennambarista.com\/wp-content\/uploads\/2023\/02\/Modbar-Steam-System-AV.jpg\",\"width\":1200,\"height\":992,\"caption\":\"- The Modbar l\u00e0 h\u1ec7 th\u1ed1ng pha cafe bao g\u1ed3m m\u1ed9t h\u1ecdng pha b\u00ean tr\u00ean qu\u1ea7y bar v\u00e0 m\u1ed9t b\u1ed9 \u0111i\u1ec1u khi\u1ec3n \u0111\u01b0\u1ee3c l\u1eafp \u0111\u1eb7t b\u00ean d\u01b0\u1edbi qu\u1ea7y bar . - C\u00f9ng v\u1edbi nhi\u1ec1u h\u1ec7 th\u1ed1ng \u0111\u01b0\u1ee3c k\u1ebft n\u1ed1i v\u00e0 b\u1ed1 tr\u00ed nh\u01b0 : h\u1ec7 th\u1ed1ng t\u1ea1o h\u01a1i n\u01b0\u1edbc v\u1edbi thi\u1ebft k\u1ebf ho\u00e0n to\u00e0n m\u1edbi nh\u1eb1m gi\u00fap n\u00e2ng cao tr\u1ea3i nghi\u1ec7m c\u1ee7a kh\u00e1ch h\u00e0ng. C\u00f9ng v\u1edbi nh\u1eefng c\u1ea3i ti\u1ebfn v\u1ec1 ki\u1ec3u d\u00e1ng v\u00e0 quy tr\u00ecnh l\u00e0m vi\u1ec7c nh\u1eb1m gi\u00fap cho c\u00e1c chuy\u00ean gia c\u00e0 ph\u00ea tr\u1ea3i nghi\u1ec7m v\u00e0 pha ch\u1ebf m\u1ed9t c\u00e1ch ngh\u1ec7 thu\u1eadt tr\u01b0\u1edbc nh\u1eefng \u00e1nh m\u1eaft \u0111\u1ea7y th\u00e1n ph\u1ee5c c\u1ee7a nh\u1eefng kh\u00e1n gi\u1ea3 \u0111am m\u00ea cafe.\"},{\"@type\":\"BreadcrumbList\",\"@id\":\"https:\/\/kiennambarista.com\/en\/san-pham\/modbar-steam-system-av\/#breadcrumb\",\"itemListElement\":[{\"@type\":\"ListItem\",\"position\":1,\"name\":\"Trang ch\u1ee7\",\"item\":\"https:\/\/kiennambarista.com\/en\/\"},{\"@type\":\"ListItem\",\"position\":2,\"name\":\"Product\",\"item\":\"https:\/\/kiennambarista.com\/en\/san-pham\/\"},{\"@type\":\"ListItem\",\"position\":3,\"name\":\"La Marzocco Modbar Steam Coffee Machine\"}]},{\"@type\":\"WebSite\",\"@id\":\"https:\/\/kiennambarista.com\/#website\",\"url\":\"https:\/\/kiennambarista.com\/\",\"name\":\"Ki\u1ebfn Nam BARISTA\",\"description\":\"Nh\u00e0 ph\u00e2n ph\u1ed1i v\u00e0 cung c\u1ea5p d\u1ecbch v\u1ee5 m\u00e1y pha c\u00e0 ph\u00ea h\u00e0ng \u0111\u1ea7u t\u1ea1i Vi\u1ec7t Nam\",\"publisher\":{\"@id\":\"https:\/\/kiennambarista.com\/#organization\"},\"potentialAction\":[{\"@type\":\"SearchAction\",\"target\":{\"@type\":\"EntryPoint\",\"urlTemplate\":\"https:\/\/kiennambarista.com\/?s={search_term_string}\"},\"query-input\":{\"@type\":\"PropertyValueSpecification\",\"valueRequired\":true,\"valueName\":\"search_term_string\"}}],\"inLanguage\":\"en-US\"},{\"@type\":\"Organization\",\"@id\":\"https:\/\/kiennambarista.com\/#organization\",\"name\":\"Ki\u1ebfn Nam BARISTA\",\"url\":\"https:\/\/kiennambarista.com\/\",\"logo\":{\"@type\":\"ImageObject\",\"inLanguage\":\"en-US\",\"@id\":\"https:\/\/kiennambarista.com\/#\/schema\/logo\/image\/\",\"url\":\"https:\/\/kiennambarista.com\/wp-content\/uploads\/2023\/01\/logo_kiennam.svg\",\"contentUrl\":\"https:\/\/kiennambarista.com\/wp-content\/uploads\/2023\/01\/logo_kiennam.svg\",\"width\":88,\"height\":54,\"caption\":\"Ki\u1ebfn Nam BARISTA\"},\"image\":{\"@id\":\"https:\/\/kiennambarista.com\/#\/schema\/logo\/image\/\"}}]}<\/script>\n<!-- \/ Yoast SEO plugin. -->","yoast_head_json":{"title":"La Marzocco Modbar Steam Coffee Machine - KI\u1ebeN NAM BARISTA","robots":{"index":"index","follow":"follow","max-snippet":"max-snippet:-1","max-image-preview":"max-image-preview:large","max-video-preview":"max-video-preview:-1"},"canonical":"https:\/\/kiennambarista.com\/en\/san-pham\/modbar-steam-system-av\/","og_locale":"en_US","og_type":"article","og_title":"La Marzocco Modbar Steam Coffee Machine - KI\u1ebeN NAM BARISTA","og_description":"Producer: La Marzocco  Origin: Italy  1 year warranty  Color: Die-cast aluminum alloy","og_url":"https:\/\/kiennambarista.com\/en\/san-pham\/modbar-steam-system-av\/","og_site_name":"KI\u1ebeN NAM BARISTA","article_modified_time":"2023-07-05T07:15:42+00:00","og_image":[{"width":1200,"height":992,"url":"https:\/\/kiennambarista.com\/wp-content\/uploads\/2023\/02\/Modbar-Steam-System-AV.jpg","type":"image\/jpeg"}],"twitter_card":"summary_large_image","schema":{"@context":"https:\/\/schema.org","@graph":[{"@type":"WebPage","@id":"https:\/\/kiennambarista.com\/en\/san-pham\/modbar-steam-system-av\/","url":"https:\/\/kiennambarista.com\/en\/san-pham\/modbar-steam-system-av\/","name":"La Marzocco Modbar Steam Coffee Machine - KI\u1ebeN NAM BARISTA","isPartOf":{"@id":"https:\/\/kiennambarista.com\/#website"},"primaryImageOfPage":{"@id":"https:\/\/kiennambarista.com\/en\/san-pham\/modbar-steam-system-av\/#primaryimage"},"image":{"@id":"https:\/\/kiennambarista.com\/en\/san-pham\/modbar-steam-system-av\/#primaryimage"},"thumbnailUrl":"https:\/\/kiennambarista.com\/wp-content\/uploads\/2023\/02\/Modbar-Steam-System-AV.jpg","datePublished":"2023-02-23T09:11:26+00:00","dateModified":"2023-07-05T07:15:42+00:00","breadcrumb":{"@id":"https:\/\/kiennambarista.com\/en\/san-pham\/modbar-steam-system-av\/#breadcrumb"},"inLanguage":"en-US","potentialAction":[{"@type":"ReadAction","target":["https:\/\/kiennambarista.com\/en\/san-pham\/modbar-steam-system-av\/"]}]},{"@type":"ImageObject","inLanguage":"en-US","@id":"https:\/\/kiennambarista.com\/en\/san-pham\/modbar-steam-system-av\/#primaryimage","url":"https:\/\/kiennambarista.com\/wp-content\/uploads\/2023\/02\/Modbar-Steam-System-AV.jpg","contentUrl":"https:\/\/kiennambarista.com\/wp-content\/uploads\/2023\/02\/Modbar-Steam-System-AV.jpg","width":1200,"height":992,"caption":"- The Modbar l\u00e0 h\u1ec7 th\u1ed1ng pha cafe bao g\u1ed3m m\u1ed9t h\u1ecdng pha b\u00ean tr\u00ean qu\u1ea7y bar v\u00e0 m\u1ed9t b\u1ed9 \u0111i\u1ec1u khi\u1ec3n \u0111\u01b0\u1ee3c l\u1eafp \u0111\u1eb7t b\u00ean d\u01b0\u1edbi qu\u1ea7y bar . - C\u00f9ng v\u1edbi nhi\u1ec1u h\u1ec7 th\u1ed1ng \u0111\u01b0\u1ee3c k\u1ebft n\u1ed1i v\u00e0 b\u1ed1 tr\u00ed nh\u01b0 : h\u1ec7 th\u1ed1ng t\u1ea1o h\u01a1i n\u01b0\u1edbc v\u1edbi thi\u1ebft k\u1ebf ho\u00e0n to\u00e0n m\u1edbi nh\u1eb1m gi\u00fap n\u00e2ng cao tr\u1ea3i nghi\u1ec7m c\u1ee7a kh\u00e1ch h\u00e0ng. C\u00f9ng v\u1edbi nh\u1eefng c\u1ea3i ti\u1ebfn v\u1ec1 ki\u1ec3u d\u00e1ng v\u00e0 quy tr\u00ecnh l\u00e0m vi\u1ec7c nh\u1eb1m gi\u00fap cho c\u00e1c chuy\u00ean gia c\u00e0 ph\u00ea tr\u1ea3i nghi\u1ec7m v\u00e0 pha ch\u1ebf m\u1ed9t c\u00e1ch ngh\u1ec7 thu\u1eadt tr\u01b0\u1edbc nh\u1eefng \u00e1nh m\u1eaft \u0111\u1ea7y th\u00e1n ph\u1ee5c c\u1ee7a nh\u1eefng kh\u00e1n gi\u1ea3 \u0111am m\u00ea cafe."},{"@type":"BreadcrumbList","@id":"https:\/\/kiennambarista.com\/en\/san-pham\/modbar-steam-system-av\/#breadcrumb","itemListElement":[{"@type":"ListItem","position":1,"name":"Trang ch\u1ee7","item":"https:\/\/kiennambarista.com\/en\/"},{"@type":"ListItem","position":2,"name":"Product","item":"https:\/\/kiennambarista.com\/en\/san-pham\/"},{"@type":"ListItem","position":3,"name":"La Marzocco Modbar Steam Coffee Machine"}]},{"@type":"WebSite","@id":"https:\/\/kiennambarista.com\/#website","url":"https:\/\/kiennambarista.com\/","name":"Ki\u1ebfn Nam BARISTA","description":"Nh\u00e0 ph\u00e2n ph\u1ed1i v\u00e0 cung c\u1ea5p d\u1ecbch v\u1ee5 m\u00e1y pha c\u00e0 ph\u00ea h\u00e0ng \u0111\u1ea7u t\u1ea1i Vi\u1ec7t Nam","publisher":{"@id":"https:\/\/kiennambarista.com\/#organization"},"potentialAction":[{"@type":"SearchAction","target":{"@type":"EntryPoint","urlTemplate":"https:\/\/kiennambarista.com\/?s={search_term_string}"},"query-input":{"@type":"PropertyValueSpecification","valueRequired":true,"valueName":"search_term_string"}}],"inLanguage":"en-US"},{"@type":"Organization","@id":"https:\/\/kiennambarista.com\/#organization","name":"Ki\u1ebfn Nam BARISTA","url":"https:\/\/kiennambarista.com\/","logo":{"@type":"ImageObject","inLanguage":"en-US","@id":"https:\/\/kiennambarista.com\/#\/schema\/logo\/image\/","url":"https:\/\/kiennambarista.com\/wp-content\/uploads\/2023\/01\/logo_kiennam.svg","contentUrl":"https:\/\/kiennambarista.com\/wp-content\/uploads\/2023\/01\/logo_kiennam.svg","width":88,"height":54,"caption":"Ki\u1ebfn Nam BARISTA"},"image":{"@id":"https:\/\/kiennambarista.com\/#\/schema\/logo\/image\/"}}]}},"_links":{"self":[{"href":"https:\/\/kiennambarista.com\/en\/wp-json\/wp\/v2\/product\/2580","targetHints":{"allow":["GET"]}}],"collection":[{"href":"https:\/\/kiennambarista.com\/en\/wp-json\/wp\/v2\/product"}],"about":[{"href":"https:\/\/kiennambarista.com\/en\/wp-json\/wp\/v2\/types\/product"}],"replies":[{"embeddable":true,"href":"https:\/\/kiennambarista.com\/en\/wp-json\/wp\/v2\/comments?post=2580"}],"wp:featuredmedia":[{"embeddable":true,"href":"https:\/\/kiennambarista.com\/en\/wp-json\/wp\/v2\/media\/1987"}],"wp:attachment":[{"href":"https:\/\/kiennambarista.com\/en\/wp-json\/wp\/v2\/media?parent=2580"}],"wp:term":[{"taxonomy":"product_brand","embeddable":true,"href":"https:\/\/kiennambarista.com\/en\/wp-json\/wp\/v2\/product_brand?post=2580"},{"taxonomy":"product_cat","embeddable":true,"href":"https:\/\/kiennambarista.com\/en\/wp-json\/wp\/v2\/product_cat?post=2580"},{"taxonomy":"product_tag","embeddable":true,"href":"https:\/\/kiennambarista.com\/en\/wp-json\/wp\/v2\/product_tag?post=2580"}],"curies":[{"name":"wp","href":"https:\/\/api.w.org\/{rel}","templated":true}]}}