{"id":2579,"date":"2023-02-23T16:14:43","date_gmt":"2023-02-23T09:14:43","guid":{"rendered":"https:\/\/kiennambarista.com\/san-pham\/modbar-pour-over-system-chrome-tap-finish\/"},"modified":"2023-07-05T14:35:38","modified_gmt":"2023-07-05T07:35:38","slug":"modbar-pour-over-system-chrome-tap-finish","status":"publish","type":"product","link":"https:\/\/kiennambarista.com\/en\/san-pham\/modbar-pour-over-system-chrome-tap-finish\/","title":{"rendered":"La Marzocco Modbar PourOver coffee machine"},"content":{"rendered":"","protected":false},"excerpt":{"rendered":"<ul>\n<li>Producer: La Marzocco<\/li>\n<li>Origin: Italy<\/li>\n<li>1 year warranty<\/li>\n<li>Color: Die-cast aluminum alloy<\/li>\n<\/ul>\n","protected":false},"featured_media":1986,"comment_status":"open","ping_status":"closed","template":"","meta":{"inline_featured_image":false},"product_brand":[],"product_cat":[174,215],"product_tag":[],"class_list":{"0":"post-2579","1":"product","2":"type-product","3":"status-publish","4":"has-post-thumbnail","6":"product_cat-may-pha-ca-phe-chuyen-nghiep-en","7":"product_cat-may-pha-ca-phe-chuyen-nghiep-modbar-en","8":"category_filter_product-thuong-hieu-en","9":"category_filter_product-cong-suat-en","10":"category_filter_product-gia-tien-en","11":"category_filter_product-2000-3000-w-en","12":"category_filter_product-150-trieu-200-trieu-en","13":"category_filter_product-modbar-en","15":"first","16":"instock","17":"shipping-taxable","18":"purchasable","19":"product-type-simple"},"acf":[],"yoast_head":"<!-- This site is optimized with the Yoast SEO plugin v24.9 - https:\/\/yoast.com\/wordpress\/plugins\/seo\/ -->\n<title>Modbar Pour-Over System Chrome Tap Finish<\/title>\n<meta name=\"description\" content=\"Modbar Pour-Over System Chrome Tap Finish genuine distribution by Kien Nam Barista, the leading prestigious and professional warranty policy in Vietnam\" \/>\n<meta name=\"robots\" content=\"index, follow, max-snippet:-1, max-image-preview:large, max-video-preview:-1\" \/>\n<link rel=\"canonical\" href=\"https:\/\/kiennambarista.com\/en\/san-pham\/modbar-pour-over-system-chrome-tap-finish\/\" \/>\n<meta property=\"og:locale\" content=\"en_US\" \/>\n<meta property=\"og:type\" content=\"article\" \/>\n<meta property=\"og:title\" content=\"Modbar Pour-Over System Chrome Tap Finish\" \/>\n<meta property=\"og:description\" content=\"Modbar Pour-Over System Chrome Tap Finish genuine distribution by Kien Nam Barista, the leading prestigious and professional warranty policy in Vietnam\" \/>\n<meta property=\"og:url\" content=\"https:\/\/kiennambarista.com\/en\/san-pham\/modbar-pour-over-system-chrome-tap-finish\/\" \/>\n<meta property=\"og:site_name\" content=\"KI\u1ebeN NAM BARISTA\" \/>\n<meta property=\"article:modified_time\" content=\"2023-07-05T07:35:38+00:00\" \/>\n<meta property=\"og:image\" content=\"https:\/\/kiennambarista.com\/wp-content\/uploads\/2023\/02\/Modbar-Pour-Over-System-Chrome-Tap-Finish.jpg\" \/>\n\t<meta property=\"og:image:width\" content=\"1200\" \/>\n\t<meta property=\"og:image:height\" content=\"992\" \/>\n\t<meta property=\"og:image:type\" content=\"image\/jpeg\" \/>\n<meta name=\"twitter:card\" content=\"summary_large_image\" \/>\n<script type=\"application\/ld+json\" class=\"yoast-schema-graph\">{\"@context\":\"https:\/\/schema.org\",\"@graph\":[{\"@type\":\"WebPage\",\"@id\":\"https:\/\/kiennambarista.com\/en\/san-pham\/modbar-pour-over-system-chrome-tap-finish\/\",\"url\":\"https:\/\/kiennambarista.com\/en\/san-pham\/modbar-pour-over-system-chrome-tap-finish\/\",\"name\":\"Modbar Pour-Over System Chrome Tap Finish\",\"isPartOf\":{\"@id\":\"https:\/\/kiennambarista.com\/#website\"},\"primaryImageOfPage\":{\"@id\":\"https:\/\/kiennambarista.com\/en\/san-pham\/modbar-pour-over-system-chrome-tap-finish\/#primaryimage\"},\"image\":{\"@id\":\"https:\/\/kiennambarista.com\/en\/san-pham\/modbar-pour-over-system-chrome-tap-finish\/#primaryimage\"},\"thumbnailUrl\":\"https:\/\/kiennambarista.com\/wp-content\/uploads\/2023\/02\/Modbar-Pour-Over-System-Chrome-Tap-Finish.jpg\",\"datePublished\":\"2023-02-23T09:14:43+00:00\",\"dateModified\":\"2023-07-05T07:35:38+00:00\",\"description\":\"Modbar Pour-Over System Chrome Tap Finish genuine distribution by Kien Nam Barista, the leading prestigious and professional warranty policy in Vietnam\",\"breadcrumb\":{\"@id\":\"https:\/\/kiennambarista.com\/en\/san-pham\/modbar-pour-over-system-chrome-tap-finish\/#breadcrumb\"},\"inLanguage\":\"en-US\",\"potentialAction\":[{\"@type\":\"ReadAction\",\"target\":[\"https:\/\/kiennambarista.com\/en\/san-pham\/modbar-pour-over-system-chrome-tap-finish\/\"]}]},{\"@type\":\"ImageObject\",\"inLanguage\":\"en-US\",\"@id\":\"https:\/\/kiennambarista.com\/en\/san-pham\/modbar-pour-over-system-chrome-tap-finish\/#primaryimage\",\"url\":\"https:\/\/kiennambarista.com\/wp-content\/uploads\/2023\/02\/Modbar-Pour-Over-System-Chrome-Tap-Finish.jpg\",\"contentUrl\":\"https:\/\/kiennambarista.com\/wp-content\/uploads\/2023\/02\/Modbar-Pour-Over-System-Chrome-Tap-Finish.jpg\",\"width\":1200,\"height\":992,\"caption\":\"Brew b\u1eb1ng tay v\u1edbi option m\u1ed9t trong hai \u0111\u1ea7u phun \u0111i k\u00e8m ho\u1eb7c c\u00f3 th\u1ec3 c\u00e0i \u0111\u1eb7t t\u1ef1 \u0111\u1ed9ng m\u00e1y v\u1edbi 25 c\u00f4ng th\u1ee9c kh\u00e1c nhau & c\u00f3 th\u1ec3 pha ch\u1ec9 b\u1eb1ng m\u1ed9t n\u00fat b\u1ea5m. \u0110i\u1ec1u ch\u1ec9nh t\u1ed1c \u0111\u1ed9 d\u00f2ng ch\u1ea3y cho ph\u00f9 h\u1ee3p v\u1edbi ph\u01b0\u01a1ng ph\u00e1p brew v\u00e0 s\u1edf th\u00edch chi\u1ebft xu\u1ea5t c\u1ee7a b\u1ea1n.\"},{\"@type\":\"BreadcrumbList\",\"@id\":\"https:\/\/kiennambarista.com\/en\/san-pham\/modbar-pour-over-system-chrome-tap-finish\/#breadcrumb\",\"itemListElement\":[{\"@type\":\"ListItem\",\"position\":1,\"name\":\"Trang ch\u1ee7\",\"item\":\"https:\/\/kiennambarista.com\/en\/\"},{\"@type\":\"ListItem\",\"position\":2,\"name\":\"Product\",\"item\":\"https:\/\/kiennambarista.com\/en\/san-pham\/\"},{\"@type\":\"ListItem\",\"position\":3,\"name\":\"La Marzocco Modbar PourOver coffee machine\"}]},{\"@type\":\"WebSite\",\"@id\":\"https:\/\/kiennambarista.com\/#website\",\"url\":\"https:\/\/kiennambarista.com\/\",\"name\":\"Ki\u1ebfn Nam BARISTA\",\"description\":\"Nh\u00e0 ph\u00e2n ph\u1ed1i v\u00e0 cung c\u1ea5p d\u1ecbch v\u1ee5 m\u00e1y pha c\u00e0 ph\u00ea h\u00e0ng \u0111\u1ea7u t\u1ea1i Vi\u1ec7t Nam\",\"publisher\":{\"@id\":\"https:\/\/kiennambarista.com\/#organization\"},\"potentialAction\":[{\"@type\":\"SearchAction\",\"target\":{\"@type\":\"EntryPoint\",\"urlTemplate\":\"https:\/\/kiennambarista.com\/?s={search_term_string}\"},\"query-input\":{\"@type\":\"PropertyValueSpecification\",\"valueRequired\":true,\"valueName\":\"search_term_string\"}}],\"inLanguage\":\"en-US\"},{\"@type\":\"Organization\",\"@id\":\"https:\/\/kiennambarista.com\/#organization\",\"name\":\"Ki\u1ebfn Nam BARISTA\",\"url\":\"https:\/\/kiennambarista.com\/\",\"logo\":{\"@type\":\"ImageObject\",\"inLanguage\":\"en-US\",\"@id\":\"https:\/\/kiennambarista.com\/#\/schema\/logo\/image\/\",\"url\":\"https:\/\/kiennambarista.com\/wp-content\/uploads\/2023\/01\/logo_kiennam.svg\",\"contentUrl\":\"https:\/\/kiennambarista.com\/wp-content\/uploads\/2023\/01\/logo_kiennam.svg\",\"width\":88,\"height\":54,\"caption\":\"Ki\u1ebfn Nam BARISTA\"},\"image\":{\"@id\":\"https:\/\/kiennambarista.com\/#\/schema\/logo\/image\/\"}}]}<\/script>\n<!-- \/ Yoast SEO plugin. -->","yoast_head_json":{"title":"Modbar Pour-Over System Chrome Tap Finish","description":"Modbar Pour-Over System Chrome Tap Finish genuine distribution by Kien Nam Barista, the leading prestigious and professional warranty policy in Vietnam","robots":{"index":"index","follow":"follow","max-snippet":"max-snippet:-1","max-image-preview":"max-image-preview:large","max-video-preview":"max-video-preview:-1"},"canonical":"https:\/\/kiennambarista.com\/en\/san-pham\/modbar-pour-over-system-chrome-tap-finish\/","og_locale":"en_US","og_type":"article","og_title":"Modbar Pour-Over System Chrome Tap Finish","og_description":"Modbar Pour-Over System Chrome Tap Finish genuine distribution by Kien Nam Barista, the leading prestigious and professional warranty policy in Vietnam","og_url":"https:\/\/kiennambarista.com\/en\/san-pham\/modbar-pour-over-system-chrome-tap-finish\/","og_site_name":"KI\u1ebeN NAM BARISTA","article_modified_time":"2023-07-05T07:35:38+00:00","og_image":[{"width":1200,"height":992,"url":"https:\/\/kiennambarista.com\/wp-content\/uploads\/2023\/02\/Modbar-Pour-Over-System-Chrome-Tap-Finish.jpg","type":"image\/jpeg"}],"twitter_card":"summary_large_image","schema":{"@context":"https:\/\/schema.org","@graph":[{"@type":"WebPage","@id":"https:\/\/kiennambarista.com\/en\/san-pham\/modbar-pour-over-system-chrome-tap-finish\/","url":"https:\/\/kiennambarista.com\/en\/san-pham\/modbar-pour-over-system-chrome-tap-finish\/","name":"Modbar Pour-Over System Chrome Tap Finish","isPartOf":{"@id":"https:\/\/kiennambarista.com\/#website"},"primaryImageOfPage":{"@id":"https:\/\/kiennambarista.com\/en\/san-pham\/modbar-pour-over-system-chrome-tap-finish\/#primaryimage"},"image":{"@id":"https:\/\/kiennambarista.com\/en\/san-pham\/modbar-pour-over-system-chrome-tap-finish\/#primaryimage"},"thumbnailUrl":"https:\/\/kiennambarista.com\/wp-content\/uploads\/2023\/02\/Modbar-Pour-Over-System-Chrome-Tap-Finish.jpg","datePublished":"2023-02-23T09:14:43+00:00","dateModified":"2023-07-05T07:35:38+00:00","description":"Modbar Pour-Over System Chrome Tap Finish genuine distribution by Kien Nam Barista, the leading prestigious and professional warranty policy in Vietnam","breadcrumb":{"@id":"https:\/\/kiennambarista.com\/en\/san-pham\/modbar-pour-over-system-chrome-tap-finish\/#breadcrumb"},"inLanguage":"en-US","potentialAction":[{"@type":"ReadAction","target":["https:\/\/kiennambarista.com\/en\/san-pham\/modbar-pour-over-system-chrome-tap-finish\/"]}]},{"@type":"ImageObject","inLanguage":"en-US","@id":"https:\/\/kiennambarista.com\/en\/san-pham\/modbar-pour-over-system-chrome-tap-finish\/#primaryimage","url":"https:\/\/kiennambarista.com\/wp-content\/uploads\/2023\/02\/Modbar-Pour-Over-System-Chrome-Tap-Finish.jpg","contentUrl":"https:\/\/kiennambarista.com\/wp-content\/uploads\/2023\/02\/Modbar-Pour-Over-System-Chrome-Tap-Finish.jpg","width":1200,"height":992,"caption":"Brew b\u1eb1ng tay v\u1edbi option m\u1ed9t trong hai \u0111\u1ea7u phun \u0111i k\u00e8m ho\u1eb7c c\u00f3 th\u1ec3 c\u00e0i \u0111\u1eb7t t\u1ef1 \u0111\u1ed9ng m\u00e1y v\u1edbi 25 c\u00f4ng th\u1ee9c kh\u00e1c nhau & c\u00f3 th\u1ec3 pha ch\u1ec9 b\u1eb1ng m\u1ed9t n\u00fat b\u1ea5m. \u0110i\u1ec1u ch\u1ec9nh t\u1ed1c \u0111\u1ed9 d\u00f2ng ch\u1ea3y cho ph\u00f9 h\u1ee3p v\u1edbi ph\u01b0\u01a1ng ph\u00e1p brew v\u00e0 s\u1edf th\u00edch chi\u1ebft xu\u1ea5t c\u1ee7a b\u1ea1n."},{"@type":"BreadcrumbList","@id":"https:\/\/kiennambarista.com\/en\/san-pham\/modbar-pour-over-system-chrome-tap-finish\/#breadcrumb","itemListElement":[{"@type":"ListItem","position":1,"name":"Trang ch\u1ee7","item":"https:\/\/kiennambarista.com\/en\/"},{"@type":"ListItem","position":2,"name":"Product","item":"https:\/\/kiennambarista.com\/en\/san-pham\/"},{"@type":"ListItem","position":3,"name":"La Marzocco Modbar PourOver coffee machine"}]},{"@type":"WebSite","@id":"https:\/\/kiennambarista.com\/#website","url":"https:\/\/kiennambarista.com\/","name":"Ki\u1ebfn Nam BARISTA","description":"Nh\u00e0 ph\u00e2n ph\u1ed1i v\u00e0 cung c\u1ea5p d\u1ecbch v\u1ee5 m\u00e1y pha c\u00e0 ph\u00ea h\u00e0ng \u0111\u1ea7u t\u1ea1i Vi\u1ec7t Nam","publisher":{"@id":"https:\/\/kiennambarista.com\/#organization"},"potentialAction":[{"@type":"SearchAction","target":{"@type":"EntryPoint","urlTemplate":"https:\/\/kiennambarista.com\/?s={search_term_string}"},"query-input":{"@type":"PropertyValueSpecification","valueRequired":true,"valueName":"search_term_string"}}],"inLanguage":"en-US"},{"@type":"Organization","@id":"https:\/\/kiennambarista.com\/#organization","name":"Ki\u1ebfn Nam BARISTA","url":"https:\/\/kiennambarista.com\/","logo":{"@type":"ImageObject","inLanguage":"en-US","@id":"https:\/\/kiennambarista.com\/#\/schema\/logo\/image\/","url":"https:\/\/kiennambarista.com\/wp-content\/uploads\/2023\/01\/logo_kiennam.svg","contentUrl":"https:\/\/kiennambarista.com\/wp-content\/uploads\/2023\/01\/logo_kiennam.svg","width":88,"height":54,"caption":"Ki\u1ebfn Nam BARISTA"},"image":{"@id":"https:\/\/kiennambarista.com\/#\/schema\/logo\/image\/"}}]}},"_links":{"self":[{"href":"https:\/\/kiennambarista.com\/en\/wp-json\/wp\/v2\/product\/2579","targetHints":{"allow":["GET"]}}],"collection":[{"href":"https:\/\/kiennambarista.com\/en\/wp-json\/wp\/v2\/product"}],"about":[{"href":"https:\/\/kiennambarista.com\/en\/wp-json\/wp\/v2\/types\/product"}],"replies":[{"embeddable":true,"href":"https:\/\/kiennambarista.com\/en\/wp-json\/wp\/v2\/comments?post=2579"}],"wp:featuredmedia":[{"embeddable":true,"href":"https:\/\/kiennambarista.com\/en\/wp-json\/wp\/v2\/media\/1986"}],"wp:attachment":[{"href":"https:\/\/kiennambarista.com\/en\/wp-json\/wp\/v2\/media?parent=2579"}],"wp:term":[{"taxonomy":"product_brand","embeddable":true,"href":"https:\/\/kiennambarista.com\/en\/wp-json\/wp\/v2\/product_brand?post=2579"},{"taxonomy":"product_cat","embeddable":true,"href":"https:\/\/kiennambarista.com\/en\/wp-json\/wp\/v2\/product_cat?post=2579"},{"taxonomy":"product_tag","embeddable":true,"href":"https:\/\/kiennambarista.com\/en\/wp-json\/wp\/v2\/product_tag?post=2579"}],"curies":[{"name":"wp","href":"https:\/\/api.w.org\/{rel}","templated":true}]}}