{"id":2575,"date":"2023-02-23T16:32:52","date_gmt":"2023-02-23T09:32:52","guid":{"rendered":"https:\/\/kiennambarista.com\/san-pham\/may-xay-ca-phe-anfim-c-220-b-caimano-starter-on-off\/"},"modified":"2023-07-05T14:57:09","modified_gmt":"2023-07-05T07:57:09","slug":"may-xay-ca-phe-anfim-c-220-b-caimano-starter-on-off","status":"publish","type":"product","link":"https:\/\/kiennambarista.com\/en\/san-pham\/may-xay-ca-phe-anfim-c-220-b-caimano-starter-on-off\/","title":{"rendered":"Anfim C-220 Coffee Grinder (Caimano Starter ON-OFF)"},"content":{"rendered":"<h1 style=\"text-align: center;\">Anfim C-220 Coffee Grinder (Caimano Starter ON-OFF)<\/h1>\n<p>The Anfim C-220 (Caimano Starter ON-OFF) coffee grinder is built for small-scale coffee shops. Possessing professional grinding and precise dosing every second, CAIMANO with its hardened steel grinding disc makes it easy to handle 1-2 kg per day.<\/p>\n<p>Approved Anfim dosing units provide absolutely consistent and precise dosing. CAIMANO can be ordered with titanium coated grinding discs and with telescopic or original imitations. The machine is available as an on\/off version, with a semi-automatic timer or with an automatic START\/STOP function.<\/p>\n<p>DEVICE FEATURES:<\/p>\n<ul>\n<li>Funnel slider holds coffee beans<\/li>\n<li>Overload protection Doser starter switch &#8211; ON \/ OFF<\/li>\n<\/ul>\n","protected":false},"excerpt":{"rendered":"<ul>\n<li>Producer: Anfim<\/li>\n<li>Origin: Italy<\/li>\n<li>1 year warranty<\/li>\n<li>Color: Black<\/li>\n<\/ul>\n","protected":false},"featured_media":2082,"comment_status":"open","ping_status":"closed","template":"","meta":{"inline_featured_image":false},"product_brand":[],"product_cat":[213,187],"product_tag":[],"class_list":{"0":"post-2575","1":"product","2":"type-product","3":"status-publish","4":"has-post-thumbnail","6":"product_cat-may-xay-ca-phe-anfim-en-may-xay-ca-phe-en","7":"product_cat-may-xay-ca-phe-en","8":"category_filter_product-thuong-hieu-en","9":"category_filter_product-duoi-1000-w-en","10":"category_filter_product-anfim-en","11":"category_filter_product-cong-suat-en","12":"category_filter_product-20-million-50-million-en","13":"category_filter_product-gia-tien-en","15":"first","16":"instock","17":"shipping-taxable","18":"purchasable","19":"product-type-simple"},"acf":[],"yoast_head":"<!-- This site is optimized with the Yoast SEO plugin v24.9 - https:\/\/yoast.com\/wordpress\/plugins\/seo\/ -->\n<title>Anfim C-220 Coffee Grinder (Caimano Starter ON-OFF) - KI\u1ebeN NAM BARISTA<\/title>\n<meta name=\"description\" content=\"Anfim C-220-B (Caimano Starter ON-OFF) coffee grinder genuine distributed by Kien Nam Barista, the leading prestigious and professional warranty policy in Vietnam\" \/>\n<meta name=\"robots\" content=\"index, follow, max-snippet:-1, max-image-preview:large, max-video-preview:-1\" \/>\n<link rel=\"canonical\" href=\"https:\/\/kiennambarista.com\/en\/san-pham\/may-xay-ca-phe-anfim-c-220-b-caimano-starter-on-off\/\" \/>\n<meta property=\"og:locale\" content=\"en_US\" \/>\n<meta property=\"og:type\" content=\"article\" \/>\n<meta property=\"og:title\" content=\"Anfim C-220 Coffee Grinder (Caimano Starter ON-OFF) - KI\u1ebeN NAM BARISTA\" \/>\n<meta property=\"og:description\" content=\"Anfim C-220-B (Caimano Starter ON-OFF) coffee grinder genuine distributed by Kien Nam Barista, the leading prestigious and professional warranty policy in Vietnam\" \/>\n<meta property=\"og:url\" content=\"https:\/\/kiennambarista.com\/en\/san-pham\/may-xay-ca-phe-anfim-c-220-b-caimano-starter-on-off\/\" \/>\n<meta property=\"og:site_name\" content=\"KI\u1ebeN NAM BARISTA\" \/>\n<meta property=\"article:modified_time\" content=\"2023-07-05T07:57:09+00:00\" \/>\n<meta property=\"og:image\" content=\"https:\/\/kiennambarista.com\/wp-content\/uploads\/2023\/02\/May-xay-ca-phe-Anfim-C-220-B-Caimano-Starter-ON-OFF.jpg\" \/>\n\t<meta property=\"og:image:width\" content=\"1200\" \/>\n\t<meta property=\"og:image:height\" content=\"992\" \/>\n\t<meta property=\"og:image:type\" content=\"image\/jpeg\" \/>\n<meta name=\"twitter:card\" content=\"summary_large_image\" \/>\n<meta name=\"twitter:label1\" content=\"Est. reading time\" \/>\n\t<meta name=\"twitter:data1\" content=\"1 minute\" \/>\n<script type=\"application\/ld+json\" class=\"yoast-schema-graph\">{\"@context\":\"https:\/\/schema.org\",\"@graph\":[{\"@type\":\"WebPage\",\"@id\":\"https:\/\/kiennambarista.com\/en\/san-pham\/may-xay-ca-phe-anfim-c-220-b-caimano-starter-on-off\/\",\"url\":\"https:\/\/kiennambarista.com\/en\/san-pham\/may-xay-ca-phe-anfim-c-220-b-caimano-starter-on-off\/\",\"name\":\"Anfim C-220 Coffee Grinder (Caimano Starter ON-OFF) - KI\u1ebeN NAM BARISTA\",\"isPartOf\":{\"@id\":\"https:\/\/kiennambarista.com\/#website\"},\"primaryImageOfPage\":{\"@id\":\"https:\/\/kiennambarista.com\/en\/san-pham\/may-xay-ca-phe-anfim-c-220-b-caimano-starter-on-off\/#primaryimage\"},\"image\":{\"@id\":\"https:\/\/kiennambarista.com\/en\/san-pham\/may-xay-ca-phe-anfim-c-220-b-caimano-starter-on-off\/#primaryimage\"},\"thumbnailUrl\":\"https:\/\/kiennambarista.com\/wp-content\/uploads\/2023\/02\/May-xay-ca-phe-Anfim-C-220-B-Caimano-Starter-ON-OFF.jpg\",\"datePublished\":\"2023-02-23T09:32:52+00:00\",\"dateModified\":\"2023-07-05T07:57:09+00:00\",\"description\":\"Anfim C-220-B (Caimano Starter ON-OFF) coffee grinder genuine distributed by Kien Nam Barista, the leading prestigious and professional warranty policy in Vietnam\",\"breadcrumb\":{\"@id\":\"https:\/\/kiennambarista.com\/en\/san-pham\/may-xay-ca-phe-anfim-c-220-b-caimano-starter-on-off\/#breadcrumb\"},\"inLanguage\":\"en-US\",\"potentialAction\":[{\"@type\":\"ReadAction\",\"target\":[\"https:\/\/kiennambarista.com\/en\/san-pham\/may-xay-ca-phe-anfim-c-220-b-caimano-starter-on-off\/\"]}]},{\"@type\":\"ImageObject\",\"inLanguage\":\"en-US\",\"@id\":\"https:\/\/kiennambarista.com\/en\/san-pham\/may-xay-ca-phe-anfim-c-220-b-caimano-starter-on-off\/#primaryimage\",\"url\":\"https:\/\/kiennambarista.com\/wp-content\/uploads\/2023\/02\/May-xay-ca-phe-Anfim-C-220-B-Caimano-Starter-ON-OFF.jpg\",\"contentUrl\":\"https:\/\/kiennambarista.com\/wp-content\/uploads\/2023\/02\/May-xay-ca-phe-Anfim-C-220-B-Caimano-Starter-ON-OFF.jpg\",\"width\":1200,\"height\":992,\"caption\":\"M\u00e1y xay c\u00e0 ph\u00ea Anfim C-220 (Caimano Starter ON-OFF) \u0111\u01b0\u1ee3c ch\u1ebf t\u1ea1o cho c\u00e1c qu\u00e1n c\u00e0 ph\u00ea c\u00f3 quy m\u00f4 nh\u1ecf. S\u1edf h\u1eefu t\u00ednh n\u0103ng xay chuy\u00ean nghi\u1ec7p v\u00e0 \u0111\u1ecbnh l\u01b0\u1ee3ng ch\u00ednh x\u00e1c t\u1eebng gi\u00e2y, CAIMANO v\u1edbi \u0111\u0129a m\u00e0i \u0111\u01b0\u1ee3c l\u00e0m b\u1eb1ng th\u00e9p c\u1ee9ng gi\u00fap x\u1eed l\u00fd d\u1ec5 d\u00e0ng t\u1eeb 1 \u2013 2 kg m\u1ed7i ng\u00e0y.\"},{\"@type\":\"BreadcrumbList\",\"@id\":\"https:\/\/kiennambarista.com\/en\/san-pham\/may-xay-ca-phe-anfim-c-220-b-caimano-starter-on-off\/#breadcrumb\",\"itemListElement\":[{\"@type\":\"ListItem\",\"position\":1,\"name\":\"Trang ch\u1ee7\",\"item\":\"https:\/\/kiennambarista.com\/en\/\"},{\"@type\":\"ListItem\",\"position\":2,\"name\":\"Product\",\"item\":\"https:\/\/kiennambarista.com\/en\/san-pham\/\"},{\"@type\":\"ListItem\",\"position\":3,\"name\":\"Anfim C-220 Coffee Grinder (Caimano Starter ON-OFF)\"}]},{\"@type\":\"WebSite\",\"@id\":\"https:\/\/kiennambarista.com\/#website\",\"url\":\"https:\/\/kiennambarista.com\/\",\"name\":\"Ki\u1ebfn Nam BARISTA\",\"description\":\"Nh\u00e0 ph\u00e2n ph\u1ed1i v\u00e0 cung c\u1ea5p d\u1ecbch v\u1ee5 m\u00e1y pha c\u00e0 ph\u00ea h\u00e0ng \u0111\u1ea7u t\u1ea1i Vi\u1ec7t Nam\",\"publisher\":{\"@id\":\"https:\/\/kiennambarista.com\/#organization\"},\"potentialAction\":[{\"@type\":\"SearchAction\",\"target\":{\"@type\":\"EntryPoint\",\"urlTemplate\":\"https:\/\/kiennambarista.com\/?s={search_term_string}\"},\"query-input\":{\"@type\":\"PropertyValueSpecification\",\"valueRequired\":true,\"valueName\":\"search_term_string\"}}],\"inLanguage\":\"en-US\"},{\"@type\":\"Organization\",\"@id\":\"https:\/\/kiennambarista.com\/#organization\",\"name\":\"Ki\u1ebfn Nam BARISTA\",\"url\":\"https:\/\/kiennambarista.com\/\",\"logo\":{\"@type\":\"ImageObject\",\"inLanguage\":\"en-US\",\"@id\":\"https:\/\/kiennambarista.com\/#\/schema\/logo\/image\/\",\"url\":\"https:\/\/kiennambarista.com\/wp-content\/uploads\/2023\/01\/logo_kiennam.svg\",\"contentUrl\":\"https:\/\/kiennambarista.com\/wp-content\/uploads\/2023\/01\/logo_kiennam.svg\",\"width\":88,\"height\":54,\"caption\":\"Ki\u1ebfn Nam BARISTA\"},\"image\":{\"@id\":\"https:\/\/kiennambarista.com\/#\/schema\/logo\/image\/\"}}]}<\/script>\n<!-- \/ Yoast SEO plugin. -->","yoast_head_json":{"title":"Anfim C-220 Coffee Grinder (Caimano Starter ON-OFF) - KI\u1ebeN NAM BARISTA","description":"Anfim C-220-B (Caimano Starter ON-OFF) coffee grinder genuine distributed by Kien Nam Barista, the leading prestigious and professional warranty policy in Vietnam","robots":{"index":"index","follow":"follow","max-snippet":"max-snippet:-1","max-image-preview":"max-image-preview:large","max-video-preview":"max-video-preview:-1"},"canonical":"https:\/\/kiennambarista.com\/en\/san-pham\/may-xay-ca-phe-anfim-c-220-b-caimano-starter-on-off\/","og_locale":"en_US","og_type":"article","og_title":"Anfim C-220 Coffee Grinder (Caimano Starter ON-OFF) - KI\u1ebeN NAM BARISTA","og_description":"Anfim C-220-B (Caimano Starter ON-OFF) coffee grinder genuine distributed by Kien Nam Barista, the leading prestigious and professional warranty policy in Vietnam","og_url":"https:\/\/kiennambarista.com\/en\/san-pham\/may-xay-ca-phe-anfim-c-220-b-caimano-starter-on-off\/","og_site_name":"KI\u1ebeN NAM BARISTA","article_modified_time":"2023-07-05T07:57:09+00:00","og_image":[{"width":1200,"height":992,"url":"https:\/\/kiennambarista.com\/wp-content\/uploads\/2023\/02\/May-xay-ca-phe-Anfim-C-220-B-Caimano-Starter-ON-OFF.jpg","type":"image\/jpeg"}],"twitter_card":"summary_large_image","twitter_misc":{"Est. reading time":"1 minute"},"schema":{"@context":"https:\/\/schema.org","@graph":[{"@type":"WebPage","@id":"https:\/\/kiennambarista.com\/en\/san-pham\/may-xay-ca-phe-anfim-c-220-b-caimano-starter-on-off\/","url":"https:\/\/kiennambarista.com\/en\/san-pham\/may-xay-ca-phe-anfim-c-220-b-caimano-starter-on-off\/","name":"Anfim C-220 Coffee Grinder (Caimano Starter ON-OFF) - KI\u1ebeN NAM BARISTA","isPartOf":{"@id":"https:\/\/kiennambarista.com\/#website"},"primaryImageOfPage":{"@id":"https:\/\/kiennambarista.com\/en\/san-pham\/may-xay-ca-phe-anfim-c-220-b-caimano-starter-on-off\/#primaryimage"},"image":{"@id":"https:\/\/kiennambarista.com\/en\/san-pham\/may-xay-ca-phe-anfim-c-220-b-caimano-starter-on-off\/#primaryimage"},"thumbnailUrl":"https:\/\/kiennambarista.com\/wp-content\/uploads\/2023\/02\/May-xay-ca-phe-Anfim-C-220-B-Caimano-Starter-ON-OFF.jpg","datePublished":"2023-02-23T09:32:52+00:00","dateModified":"2023-07-05T07:57:09+00:00","description":"Anfim C-220-B (Caimano Starter ON-OFF) coffee grinder genuine distributed by Kien Nam Barista, the leading prestigious and professional warranty policy in Vietnam","breadcrumb":{"@id":"https:\/\/kiennambarista.com\/en\/san-pham\/may-xay-ca-phe-anfim-c-220-b-caimano-starter-on-off\/#breadcrumb"},"inLanguage":"en-US","potentialAction":[{"@type":"ReadAction","target":["https:\/\/kiennambarista.com\/en\/san-pham\/may-xay-ca-phe-anfim-c-220-b-caimano-starter-on-off\/"]}]},{"@type":"ImageObject","inLanguage":"en-US","@id":"https:\/\/kiennambarista.com\/en\/san-pham\/may-xay-ca-phe-anfim-c-220-b-caimano-starter-on-off\/#primaryimage","url":"https:\/\/kiennambarista.com\/wp-content\/uploads\/2023\/02\/May-xay-ca-phe-Anfim-C-220-B-Caimano-Starter-ON-OFF.jpg","contentUrl":"https:\/\/kiennambarista.com\/wp-content\/uploads\/2023\/02\/May-xay-ca-phe-Anfim-C-220-B-Caimano-Starter-ON-OFF.jpg","width":1200,"height":992,"caption":"M\u00e1y xay c\u00e0 ph\u00ea Anfim C-220 (Caimano Starter ON-OFF) \u0111\u01b0\u1ee3c ch\u1ebf t\u1ea1o cho c\u00e1c qu\u00e1n c\u00e0 ph\u00ea c\u00f3 quy m\u00f4 nh\u1ecf. S\u1edf h\u1eefu t\u00ednh n\u0103ng xay chuy\u00ean nghi\u1ec7p v\u00e0 \u0111\u1ecbnh l\u01b0\u1ee3ng ch\u00ednh x\u00e1c t\u1eebng gi\u00e2y, CAIMANO v\u1edbi \u0111\u0129a m\u00e0i \u0111\u01b0\u1ee3c l\u00e0m b\u1eb1ng th\u00e9p c\u1ee9ng gi\u00fap x\u1eed l\u00fd d\u1ec5 d\u00e0ng t\u1eeb 1 \u2013 2 kg m\u1ed7i ng\u00e0y."},{"@type":"BreadcrumbList","@id":"https:\/\/kiennambarista.com\/en\/san-pham\/may-xay-ca-phe-anfim-c-220-b-caimano-starter-on-off\/#breadcrumb","itemListElement":[{"@type":"ListItem","position":1,"name":"Trang ch\u1ee7","item":"https:\/\/kiennambarista.com\/en\/"},{"@type":"ListItem","position":2,"name":"Product","item":"https:\/\/kiennambarista.com\/en\/san-pham\/"},{"@type":"ListItem","position":3,"name":"Anfim C-220 Coffee Grinder (Caimano Starter ON-OFF)"}]},{"@type":"WebSite","@id":"https:\/\/kiennambarista.com\/#website","url":"https:\/\/kiennambarista.com\/","name":"Ki\u1ebfn Nam BARISTA","description":"Nh\u00e0 ph\u00e2n ph\u1ed1i v\u00e0 cung c\u1ea5p d\u1ecbch v\u1ee5 m\u00e1y pha c\u00e0 ph\u00ea h\u00e0ng \u0111\u1ea7u t\u1ea1i Vi\u1ec7t Nam","publisher":{"@id":"https:\/\/kiennambarista.com\/#organization"},"potentialAction":[{"@type":"SearchAction","target":{"@type":"EntryPoint","urlTemplate":"https:\/\/kiennambarista.com\/?s={search_term_string}"},"query-input":{"@type":"PropertyValueSpecification","valueRequired":true,"valueName":"search_term_string"}}],"inLanguage":"en-US"},{"@type":"Organization","@id":"https:\/\/kiennambarista.com\/#organization","name":"Ki\u1ebfn Nam BARISTA","url":"https:\/\/kiennambarista.com\/","logo":{"@type":"ImageObject","inLanguage":"en-US","@id":"https:\/\/kiennambarista.com\/#\/schema\/logo\/image\/","url":"https:\/\/kiennambarista.com\/wp-content\/uploads\/2023\/01\/logo_kiennam.svg","contentUrl":"https:\/\/kiennambarista.com\/wp-content\/uploads\/2023\/01\/logo_kiennam.svg","width":88,"height":54,"caption":"Ki\u1ebfn Nam BARISTA"},"image":{"@id":"https:\/\/kiennambarista.com\/#\/schema\/logo\/image\/"}}]}},"_links":{"self":[{"href":"https:\/\/kiennambarista.com\/en\/wp-json\/wp\/v2\/product\/2575","targetHints":{"allow":["GET"]}}],"collection":[{"href":"https:\/\/kiennambarista.com\/en\/wp-json\/wp\/v2\/product"}],"about":[{"href":"https:\/\/kiennambarista.com\/en\/wp-json\/wp\/v2\/types\/product"}],"replies":[{"embeddable":true,"href":"https:\/\/kiennambarista.com\/en\/wp-json\/wp\/v2\/comments?post=2575"}],"wp:featuredmedia":[{"embeddable":true,"href":"https:\/\/kiennambarista.com\/en\/wp-json\/wp\/v2\/media\/2082"}],"wp:attachment":[{"href":"https:\/\/kiennambarista.com\/en\/wp-json\/wp\/v2\/media?parent=2575"}],"wp:term":[{"taxonomy":"product_brand","embeddable":true,"href":"https:\/\/kiennambarista.com\/en\/wp-json\/wp\/v2\/product_brand?post=2575"},{"taxonomy":"product_cat","embeddable":true,"href":"https:\/\/kiennambarista.com\/en\/wp-json\/wp\/v2\/product_cat?post=2575"},{"taxonomy":"product_tag","embeddable":true,"href":"https:\/\/kiennambarista.com\/en\/wp-json\/wp\/v2\/product_tag?post=2575"}],"curies":[{"name":"wp","href":"https:\/\/api.w.org\/{rel}","templated":true}]}}