{"id":2574,"date":"2023-02-23T16:39:08","date_gmt":"2023-02-23T09:39:08","guid":{"rendered":"https:\/\/kiennambarista.com\/san-pham\/may-xay-ca-phe-anfim-cody-220-b-caimano-on-demand\/"},"modified":"2023-07-05T15:00:38","modified_gmt":"2023-07-05T08:00:38","slug":"may-xay-ca-phe-anfim-cody-220-b-caimano-on-demand","status":"publish","type":"product","link":"https:\/\/kiennambarista.com\/en\/san-pham\/may-xay-ca-phe-anfim-cody-220-b-caimano-on-demand\/","title":{"rendered":"Anfim CODY-220 Coffee Grinder (Caimano On Demand)"},"content":{"rendered":"<h1 style=\"text-align: center;\">Anfim CODY-220 Coffee Grinder (Caimano On Demand)<\/h1>\n<p>The Anfim CODY-220 (Caimano On Demand) coffee grinder is built for small-scale coffee shops with professional grinding and precise dosing on demand.<\/p>\n<p>CAIMANO ON DEMNAD with grinding discs made of hardened steel makes it easy to handle 1 &#8211; 2 kg per day. The multifunction control unit with display allows you to set the perfect timer for intense single and double espressos.<\/p>\n<p>The grinding cycle is started by pressing the corresponding key of the touch pad. CAIMANO ON DEMAND can be ordered on request with titanium coated grinding discs.<\/p>\n<p>DEVICE FEATURES:<\/p>\n<ul>\n<li>Funnel slider holds coffee beans<\/li>\n<li>Overload protection<\/li>\n<li>Manual push button<\/li>\n<li>Electronic counter<\/li>\n<li>Multi-function display &amp; control unit<\/li>\n<li>Electronic timer<\/li>\n<\/ul>\n","protected":false},"excerpt":{"rendered":"<ul>\n<li>Producer: Anfim<\/li>\n<li>Origin: Italy<\/li>\n<li>1 year warranty<\/li>\n<li>Color: Black\/white<\/li>\n<\/ul>\n","protected":false},"featured_media":2222,"comment_status":"open","ping_status":"closed","template":"","meta":{"inline_featured_image":false},"product_brand":[],"product_cat":[213,187],"product_tag":[],"class_list":{"0":"post-2574","1":"product","2":"type-product","3":"status-publish","4":"has-post-thumbnail","6":"product_cat-may-xay-ca-phe-anfim-en-may-xay-ca-phe-en","7":"product_cat-may-xay-ca-phe-en","8":"category_filter_product-thuong-hieu-en","9":"category_filter_product-duoi-1000-w-en","10":"category_filter_product-anfim-en","11":"category_filter_product-cong-suat-en","12":"category_filter_product-20-million-50-million-en","13":"category_filter_product-gia-tien-en","15":"first","16":"instock","17":"shipping-taxable","18":"purchasable","19":"product-type-simple"},"acf":[],"yoast_head":"<!-- This site is optimized with the Yoast SEO plugin v24.9 - https:\/\/yoast.com\/wordpress\/plugins\/seo\/ -->\n<title>Anfim CODY-220 Coffee Grinder (Caimano On Demand) - KI\u1ebeN NAM BARISTA<\/title>\n<meta name=\"description\" content=\"Anfim CODY-220-B (Caimano On Demand) coffee grinder genuine distributed by Kien Nam Barista, the most prestigious and professional warranty policy in Vietnam\" \/>\n<meta name=\"robots\" content=\"index, follow, max-snippet:-1, max-image-preview:large, max-video-preview:-1\" \/>\n<link rel=\"canonical\" href=\"https:\/\/kiennambarista.com\/en\/san-pham\/may-xay-ca-phe-anfim-cody-220-b-caimano-on-demand\/\" \/>\n<meta property=\"og:locale\" content=\"en_US\" \/>\n<meta property=\"og:type\" content=\"article\" \/>\n<meta property=\"og:title\" content=\"Anfim CODY-220 Coffee Grinder (Caimano On Demand) - KI\u1ebeN NAM BARISTA\" \/>\n<meta property=\"og:description\" content=\"Anfim CODY-220-B (Caimano On Demand) coffee grinder genuine distributed by Kien Nam Barista, the most prestigious and professional warranty policy in Vietnam\" \/>\n<meta property=\"og:url\" content=\"https:\/\/kiennambarista.com\/en\/san-pham\/may-xay-ca-phe-anfim-cody-220-b-caimano-on-demand\/\" \/>\n<meta property=\"og:site_name\" content=\"KI\u1ebeN NAM BARISTA\" \/>\n<meta property=\"article:modified_time\" content=\"2023-07-05T08:00:38+00:00\" \/>\n<meta property=\"og:image\" content=\"https:\/\/kiennambarista.com\/wp-content\/uploads\/2023\/02\/anfim-scody.jpg\" \/>\n\t<meta property=\"og:image:width\" content=\"1200\" \/>\n\t<meta property=\"og:image:height\" content=\"992\" \/>\n\t<meta property=\"og:image:type\" content=\"image\/jpeg\" \/>\n<meta name=\"twitter:card\" content=\"summary_large_image\" \/>\n<meta name=\"twitter:label1\" content=\"Est. reading time\" \/>\n\t<meta name=\"twitter:data1\" content=\"1 minute\" \/>\n<script type=\"application\/ld+json\" class=\"yoast-schema-graph\">{\"@context\":\"https:\/\/schema.org\",\"@graph\":[{\"@type\":\"WebPage\",\"@id\":\"https:\/\/kiennambarista.com\/en\/san-pham\/may-xay-ca-phe-anfim-cody-220-b-caimano-on-demand\/\",\"url\":\"https:\/\/kiennambarista.com\/en\/san-pham\/may-xay-ca-phe-anfim-cody-220-b-caimano-on-demand\/\",\"name\":\"Anfim CODY-220 Coffee Grinder (Caimano On Demand) - KI\u1ebeN NAM BARISTA\",\"isPartOf\":{\"@id\":\"https:\/\/kiennambarista.com\/#website\"},\"primaryImageOfPage\":{\"@id\":\"https:\/\/kiennambarista.com\/en\/san-pham\/may-xay-ca-phe-anfim-cody-220-b-caimano-on-demand\/#primaryimage\"},\"image\":{\"@id\":\"https:\/\/kiennambarista.com\/en\/san-pham\/may-xay-ca-phe-anfim-cody-220-b-caimano-on-demand\/#primaryimage\"},\"thumbnailUrl\":\"https:\/\/kiennambarista.com\/wp-content\/uploads\/2023\/02\/anfim-scody.jpg\",\"datePublished\":\"2023-02-23T09:39:08+00:00\",\"dateModified\":\"2023-07-05T08:00:38+00:00\",\"description\":\"Anfim CODY-220-B (Caimano On Demand) coffee grinder genuine distributed by Kien Nam Barista, the most prestigious and professional warranty policy in Vietnam\",\"breadcrumb\":{\"@id\":\"https:\/\/kiennambarista.com\/en\/san-pham\/may-xay-ca-phe-anfim-cody-220-b-caimano-on-demand\/#breadcrumb\"},\"inLanguage\":\"en-US\",\"potentialAction\":[{\"@type\":\"ReadAction\",\"target\":[\"https:\/\/kiennambarista.com\/en\/san-pham\/may-xay-ca-phe-anfim-cody-220-b-caimano-on-demand\/\"]}]},{\"@type\":\"ImageObject\",\"inLanguage\":\"en-US\",\"@id\":\"https:\/\/kiennambarista.com\/en\/san-pham\/may-xay-ca-phe-anfim-cody-220-b-caimano-on-demand\/#primaryimage\",\"url\":\"https:\/\/kiennambarista.com\/wp-content\/uploads\/2023\/02\/anfim-scody.jpg\",\"contentUrl\":\"https:\/\/kiennambarista.com\/wp-content\/uploads\/2023\/02\/anfim-scody.jpg\",\"width\":1200,\"height\":992,\"caption\":\"M\u00e1y xay c\u00e0 ph\u00ea Anfim Caimano \u0111\u01b0\u1ee3c l\u00e0m t\u1eeb ch\u1ea5t li\u1ec7u th\u00e9p kh\u00f4ng g\u1ec9 v\u00e0 s\u01a1n t\u0129nh \u0111i\u1ec7n gi\u00fap chi\u1ebfc m\u00e1y c\u00f3 v\u1ebb ngo\u00e0i b\u00f3ng b\u1ea9y v\u00e0 \u0111\u1eb9p h\u01a1n. M\u00e1y c\u00f3 c\u00f4ng su\u1ea5t 300W k\u1ebft h\u1ee3p v\u1edbi \u0111\u1ed9ng c\u01a1 c\u1ee7a itala gi\u00fap m\u00e1y tr\u1edf n\u00ean nhanh v\u00e0 m\u1ea1nh \u0111\u00e1p \u1ee9ng \u0111\u01b0\u1ee3c c\u00e1c nhu c\u1ea7u ph\u1ee5c v\u1ee5 li\u00ean t\u1ee5c cho c\u00e1c qu\u00e1n cafe c\u00f3 c\u00f4ng su\u1ea5t v\u1eeba v\u00e0 nh\u1ecf.\"},{\"@type\":\"BreadcrumbList\",\"@id\":\"https:\/\/kiennambarista.com\/en\/san-pham\/may-xay-ca-phe-anfim-cody-220-b-caimano-on-demand\/#breadcrumb\",\"itemListElement\":[{\"@type\":\"ListItem\",\"position\":1,\"name\":\"Trang ch\u1ee7\",\"item\":\"https:\/\/kiennambarista.com\/en\/\"},{\"@type\":\"ListItem\",\"position\":2,\"name\":\"Product\",\"item\":\"https:\/\/kiennambarista.com\/en\/san-pham\/\"},{\"@type\":\"ListItem\",\"position\":3,\"name\":\"Anfim CODY-220 Coffee Grinder (Caimano On Demand)\"}]},{\"@type\":\"WebSite\",\"@id\":\"https:\/\/kiennambarista.com\/#website\",\"url\":\"https:\/\/kiennambarista.com\/\",\"name\":\"Ki\u1ebfn Nam BARISTA\",\"description\":\"Nh\u00e0 ph\u00e2n ph\u1ed1i v\u00e0 cung c\u1ea5p d\u1ecbch v\u1ee5 m\u00e1y pha c\u00e0 ph\u00ea h\u00e0ng \u0111\u1ea7u t\u1ea1i Vi\u1ec7t Nam\",\"publisher\":{\"@id\":\"https:\/\/kiennambarista.com\/#organization\"},\"potentialAction\":[{\"@type\":\"SearchAction\",\"target\":{\"@type\":\"EntryPoint\",\"urlTemplate\":\"https:\/\/kiennambarista.com\/?s={search_term_string}\"},\"query-input\":{\"@type\":\"PropertyValueSpecification\",\"valueRequired\":true,\"valueName\":\"search_term_string\"}}],\"inLanguage\":\"en-US\"},{\"@type\":\"Organization\",\"@id\":\"https:\/\/kiennambarista.com\/#organization\",\"name\":\"Ki\u1ebfn Nam BARISTA\",\"url\":\"https:\/\/kiennambarista.com\/\",\"logo\":{\"@type\":\"ImageObject\",\"inLanguage\":\"en-US\",\"@id\":\"https:\/\/kiennambarista.com\/#\/schema\/logo\/image\/\",\"url\":\"https:\/\/kiennambarista.com\/wp-content\/uploads\/2023\/01\/logo_kiennam.svg\",\"contentUrl\":\"https:\/\/kiennambarista.com\/wp-content\/uploads\/2023\/01\/logo_kiennam.svg\",\"width\":88,\"height\":54,\"caption\":\"Ki\u1ebfn Nam BARISTA\"},\"image\":{\"@id\":\"https:\/\/kiennambarista.com\/#\/schema\/logo\/image\/\"}}]}<\/script>\n<!-- \/ Yoast SEO plugin. -->","yoast_head_json":{"title":"Anfim CODY-220 Coffee Grinder (Caimano On Demand) - KI\u1ebeN NAM BARISTA","description":"Anfim CODY-220-B (Caimano On Demand) coffee grinder genuine distributed by Kien Nam Barista, the most prestigious and professional warranty policy in Vietnam","robots":{"index":"index","follow":"follow","max-snippet":"max-snippet:-1","max-image-preview":"max-image-preview:large","max-video-preview":"max-video-preview:-1"},"canonical":"https:\/\/kiennambarista.com\/en\/san-pham\/may-xay-ca-phe-anfim-cody-220-b-caimano-on-demand\/","og_locale":"en_US","og_type":"article","og_title":"Anfim CODY-220 Coffee Grinder (Caimano On Demand) - KI\u1ebeN NAM BARISTA","og_description":"Anfim CODY-220-B (Caimano On Demand) coffee grinder genuine distributed by Kien Nam Barista, the most prestigious and professional warranty policy in Vietnam","og_url":"https:\/\/kiennambarista.com\/en\/san-pham\/may-xay-ca-phe-anfim-cody-220-b-caimano-on-demand\/","og_site_name":"KI\u1ebeN NAM BARISTA","article_modified_time":"2023-07-05T08:00:38+00:00","og_image":[{"width":1200,"height":992,"url":"https:\/\/kiennambarista.com\/wp-content\/uploads\/2023\/02\/anfim-scody.jpg","type":"image\/jpeg"}],"twitter_card":"summary_large_image","twitter_misc":{"Est. reading time":"1 minute"},"schema":{"@context":"https:\/\/schema.org","@graph":[{"@type":"WebPage","@id":"https:\/\/kiennambarista.com\/en\/san-pham\/may-xay-ca-phe-anfim-cody-220-b-caimano-on-demand\/","url":"https:\/\/kiennambarista.com\/en\/san-pham\/may-xay-ca-phe-anfim-cody-220-b-caimano-on-demand\/","name":"Anfim CODY-220 Coffee Grinder (Caimano On Demand) - KI\u1ebeN NAM BARISTA","isPartOf":{"@id":"https:\/\/kiennambarista.com\/#website"},"primaryImageOfPage":{"@id":"https:\/\/kiennambarista.com\/en\/san-pham\/may-xay-ca-phe-anfim-cody-220-b-caimano-on-demand\/#primaryimage"},"image":{"@id":"https:\/\/kiennambarista.com\/en\/san-pham\/may-xay-ca-phe-anfim-cody-220-b-caimano-on-demand\/#primaryimage"},"thumbnailUrl":"https:\/\/kiennambarista.com\/wp-content\/uploads\/2023\/02\/anfim-scody.jpg","datePublished":"2023-02-23T09:39:08+00:00","dateModified":"2023-07-05T08:00:38+00:00","description":"Anfim CODY-220-B (Caimano On Demand) coffee grinder genuine distributed by Kien Nam Barista, the most prestigious and professional warranty policy in Vietnam","breadcrumb":{"@id":"https:\/\/kiennambarista.com\/en\/san-pham\/may-xay-ca-phe-anfim-cody-220-b-caimano-on-demand\/#breadcrumb"},"inLanguage":"en-US","potentialAction":[{"@type":"ReadAction","target":["https:\/\/kiennambarista.com\/en\/san-pham\/may-xay-ca-phe-anfim-cody-220-b-caimano-on-demand\/"]}]},{"@type":"ImageObject","inLanguage":"en-US","@id":"https:\/\/kiennambarista.com\/en\/san-pham\/may-xay-ca-phe-anfim-cody-220-b-caimano-on-demand\/#primaryimage","url":"https:\/\/kiennambarista.com\/wp-content\/uploads\/2023\/02\/anfim-scody.jpg","contentUrl":"https:\/\/kiennambarista.com\/wp-content\/uploads\/2023\/02\/anfim-scody.jpg","width":1200,"height":992,"caption":"M\u00e1y xay c\u00e0 ph\u00ea Anfim Caimano \u0111\u01b0\u1ee3c l\u00e0m t\u1eeb ch\u1ea5t li\u1ec7u th\u00e9p kh\u00f4ng g\u1ec9 v\u00e0 s\u01a1n t\u0129nh \u0111i\u1ec7n gi\u00fap chi\u1ebfc m\u00e1y c\u00f3 v\u1ebb ngo\u00e0i b\u00f3ng b\u1ea9y v\u00e0 \u0111\u1eb9p h\u01a1n. M\u00e1y c\u00f3 c\u00f4ng su\u1ea5t 300W k\u1ebft h\u1ee3p v\u1edbi \u0111\u1ed9ng c\u01a1 c\u1ee7a itala gi\u00fap m\u00e1y tr\u1edf n\u00ean nhanh v\u00e0 m\u1ea1nh \u0111\u00e1p \u1ee9ng \u0111\u01b0\u1ee3c c\u00e1c nhu c\u1ea7u ph\u1ee5c v\u1ee5 li\u00ean t\u1ee5c cho c\u00e1c qu\u00e1n cafe c\u00f3 c\u00f4ng su\u1ea5t v\u1eeba v\u00e0 nh\u1ecf."},{"@type":"BreadcrumbList","@id":"https:\/\/kiennambarista.com\/en\/san-pham\/may-xay-ca-phe-anfim-cody-220-b-caimano-on-demand\/#breadcrumb","itemListElement":[{"@type":"ListItem","position":1,"name":"Trang ch\u1ee7","item":"https:\/\/kiennambarista.com\/en\/"},{"@type":"ListItem","position":2,"name":"Product","item":"https:\/\/kiennambarista.com\/en\/san-pham\/"},{"@type":"ListItem","position":3,"name":"Anfim CODY-220 Coffee Grinder (Caimano On Demand)"}]},{"@type":"WebSite","@id":"https:\/\/kiennambarista.com\/#website","url":"https:\/\/kiennambarista.com\/","name":"Ki\u1ebfn Nam BARISTA","description":"Nh\u00e0 ph\u00e2n ph\u1ed1i v\u00e0 cung c\u1ea5p d\u1ecbch v\u1ee5 m\u00e1y pha c\u00e0 ph\u00ea h\u00e0ng \u0111\u1ea7u t\u1ea1i Vi\u1ec7t Nam","publisher":{"@id":"https:\/\/kiennambarista.com\/#organization"},"potentialAction":[{"@type":"SearchAction","target":{"@type":"EntryPoint","urlTemplate":"https:\/\/kiennambarista.com\/?s={search_term_string}"},"query-input":{"@type":"PropertyValueSpecification","valueRequired":true,"valueName":"search_term_string"}}],"inLanguage":"en-US"},{"@type":"Organization","@id":"https:\/\/kiennambarista.com\/#organization","name":"Ki\u1ebfn Nam BARISTA","url":"https:\/\/kiennambarista.com\/","logo":{"@type":"ImageObject","inLanguage":"en-US","@id":"https:\/\/kiennambarista.com\/#\/schema\/logo\/image\/","url":"https:\/\/kiennambarista.com\/wp-content\/uploads\/2023\/01\/logo_kiennam.svg","contentUrl":"https:\/\/kiennambarista.com\/wp-content\/uploads\/2023\/01\/logo_kiennam.svg","width":88,"height":54,"caption":"Ki\u1ebfn Nam BARISTA"},"image":{"@id":"https:\/\/kiennambarista.com\/#\/schema\/logo\/image\/"}}]}},"_links":{"self":[{"href":"https:\/\/kiennambarista.com\/en\/wp-json\/wp\/v2\/product\/2574","targetHints":{"allow":["GET"]}}],"collection":[{"href":"https:\/\/kiennambarista.com\/en\/wp-json\/wp\/v2\/product"}],"about":[{"href":"https:\/\/kiennambarista.com\/en\/wp-json\/wp\/v2\/types\/product"}],"replies":[{"embeddable":true,"href":"https:\/\/kiennambarista.com\/en\/wp-json\/wp\/v2\/comments?post=2574"}],"wp:featuredmedia":[{"embeddable":true,"href":"https:\/\/kiennambarista.com\/en\/wp-json\/wp\/v2\/media\/2222"}],"wp:attachment":[{"href":"https:\/\/kiennambarista.com\/en\/wp-json\/wp\/v2\/media?parent=2574"}],"wp:term":[{"taxonomy":"product_brand","embeddable":true,"href":"https:\/\/kiennambarista.com\/en\/wp-json\/wp\/v2\/product_brand?post=2574"},{"taxonomy":"product_cat","embeddable":true,"href":"https:\/\/kiennambarista.com\/en\/wp-json\/wp\/v2\/product_cat?post=2574"},{"taxonomy":"product_tag","embeddable":true,"href":"https:\/\/kiennambarista.com\/en\/wp-json\/wp\/v2\/product_tag?post=2574"}],"curies":[{"name":"wp","href":"https:\/\/api.w.org\/{rel}","templated":true}]}}