{"id":2573,"date":"2023-02-23T16:44:10","date_gmt":"2023-02-23T09:44:10","guid":{"rendered":"https:\/\/kiennambarista.com\/san-pham\/may-xay-ca-phe-anfim-scody-ii-220-b-scody-ii-on-demand\/"},"modified":"2023-07-05T15:22:49","modified_gmt":"2023-07-05T08:22:49","slug":"may-xay-ca-phe-anfim-scody-ii-220-b-scody-ii-on-demand","status":"publish","type":"product","link":"https:\/\/kiennambarista.com\/en\/san-pham\/may-xay-ca-phe-anfim-scody-ii-220-b-scody-ii-on-demand\/","title":{"rendered":"Anfim SCODY-II-220 coffee grinder (Scody II On Demand)"},"content":{"rendered":"<h1 style=\"text-align: center;\">Anfim SCODY-II-220 coffee grinder (Scody II On Demand)<\/h1>\n<p>The Anfim SCODY-II-220 (Scody II On Demand) coffee grinder is built for mid-sized coffee shops with professional grinding and precise dosing on demand.<\/p>\n<p>SCODY II with grinding disc is made of hardened steel for easy handling of 2 &#8211; 3 kg per day. The multifunction control unit with display allows you to set the perfect timer for intense single and double espressos.<\/p>\n<p>The START\/STOP function is automatically activated when the gate filter is installed under the faucet. SCODY II ON DEMAND can be ordered on request including stepless grinding adjustment, titanium coated grinding disc and cooling fan.<\/p>\n<p>DEVICE FEATURES:<\/p>\n<ul>\n<li>The hopper bar holds the coffee beans<\/li>\n<li>Overload protection<\/li>\n<li>Automatic START \/ STOP switch<\/li>\n<li>Electronic counter<\/li>\n<li>Multi-function display &amp; control unit<\/li>\n<li>Electronic timer<\/li>\n<\/ul>\n","protected":false},"excerpt":{"rendered":"<ul>\n<li>Producer: Anfim<\/li>\n<li>Origin: Italy<\/li>\n<li>1 year warranty<\/li>\n<li>Color: White\/Black<\/li>\n<\/ul>\n","protected":false},"featured_media":2080,"comment_status":"open","ping_status":"closed","template":"","meta":{"inline_featured_image":false},"product_brand":[],"product_cat":[213,187],"product_tag":[],"class_list":{"0":"post-2573","1":"product","2":"type-product","3":"status-publish","4":"has-post-thumbnail","6":"product_cat-may-xay-ca-phe-anfim-en-may-xay-ca-phe-en","7":"product_cat-may-xay-ca-phe-en","8":"category_filter_product-duoi-1000-w-en","9":"category_filter_product-anfim-en","10":"category_filter_product-thuong-hieu-en","11":"category_filter_product-cong-suat-en","12":"category_filter_product-20-million-50-million-en","13":"category_filter_product-gia-tien-en","15":"first","16":"instock","17":"shipping-taxable","18":"purchasable","19":"product-type-simple"},"acf":[],"yoast_head":"<!-- This site is optimized with the Yoast SEO plugin v24.9 - https:\/\/yoast.com\/wordpress\/plugins\/seo\/ -->\n<title>Anfim SCODY-II-220 coffee grinder (Scody II On Demand) - KI\u1ebeN NAM BARISTA<\/title>\n<meta name=\"description\" content=\"Anfim SCODY-II-220-B (Scody II On Demand) coffee grinder genuine distributed by Kien Nam Barista, leading prestigious and professional warranty in Vietnam\" \/>\n<meta name=\"robots\" content=\"index, follow, max-snippet:-1, max-image-preview:large, max-video-preview:-1\" \/>\n<link rel=\"canonical\" href=\"https:\/\/kiennambarista.com\/en\/san-pham\/may-xay-ca-phe-anfim-scody-ii-220-b-scody-ii-on-demand\/\" \/>\n<meta property=\"og:locale\" content=\"en_US\" \/>\n<meta property=\"og:type\" content=\"article\" \/>\n<meta property=\"og:title\" content=\"Anfim SCODY-II-220 coffee grinder (Scody II On Demand) - KI\u1ebeN NAM BARISTA\" \/>\n<meta property=\"og:description\" content=\"Anfim SCODY-II-220-B (Scody II On Demand) coffee grinder genuine distributed by Kien Nam Barista, leading prestigious and professional warranty in Vietnam\" \/>\n<meta property=\"og:url\" content=\"https:\/\/kiennambarista.com\/en\/san-pham\/may-xay-ca-phe-anfim-scody-ii-220-b-scody-ii-on-demand\/\" \/>\n<meta property=\"og:site_name\" content=\"KI\u1ebeN NAM BARISTA\" \/>\n<meta property=\"article:modified_time\" content=\"2023-07-05T08:22:49+00:00\" \/>\n<meta property=\"og:image\" content=\"https:\/\/kiennambarista.com\/wp-content\/uploads\/2023\/02\/May-xay-ca-phe-Anfim-SCODY-II-220-B-Scody-II-On-Demand.jpg\" \/>\n\t<meta property=\"og:image:width\" content=\"1200\" \/>\n\t<meta property=\"og:image:height\" content=\"992\" \/>\n\t<meta property=\"og:image:type\" content=\"image\/jpeg\" \/>\n<meta name=\"twitter:card\" content=\"summary_large_image\" \/>\n<meta name=\"twitter:label1\" content=\"Est. reading time\" \/>\n\t<meta name=\"twitter:data1\" content=\"2 minutes\" \/>\n<script type=\"application\/ld+json\" class=\"yoast-schema-graph\">{\"@context\":\"https:\/\/schema.org\",\"@graph\":[{\"@type\":\"WebPage\",\"@id\":\"https:\/\/kiennambarista.com\/en\/san-pham\/may-xay-ca-phe-anfim-scody-ii-220-b-scody-ii-on-demand\/\",\"url\":\"https:\/\/kiennambarista.com\/en\/san-pham\/may-xay-ca-phe-anfim-scody-ii-220-b-scody-ii-on-demand\/\",\"name\":\"Anfim SCODY-II-220 coffee grinder (Scody II On Demand) - KI\u1ebeN NAM BARISTA\",\"isPartOf\":{\"@id\":\"https:\/\/kiennambarista.com\/#website\"},\"primaryImageOfPage\":{\"@id\":\"https:\/\/kiennambarista.com\/en\/san-pham\/may-xay-ca-phe-anfim-scody-ii-220-b-scody-ii-on-demand\/#primaryimage\"},\"image\":{\"@id\":\"https:\/\/kiennambarista.com\/en\/san-pham\/may-xay-ca-phe-anfim-scody-ii-220-b-scody-ii-on-demand\/#primaryimage\"},\"thumbnailUrl\":\"https:\/\/kiennambarista.com\/wp-content\/uploads\/2023\/02\/May-xay-ca-phe-Anfim-SCODY-II-220-B-Scody-II-On-Demand.jpg\",\"datePublished\":\"2023-02-23T09:44:10+00:00\",\"dateModified\":\"2023-07-05T08:22:49+00:00\",\"description\":\"Anfim SCODY-II-220-B (Scody II On Demand) coffee grinder genuine distributed by Kien Nam Barista, leading prestigious and professional warranty in Vietnam\",\"breadcrumb\":{\"@id\":\"https:\/\/kiennambarista.com\/en\/san-pham\/may-xay-ca-phe-anfim-scody-ii-220-b-scody-ii-on-demand\/#breadcrumb\"},\"inLanguage\":\"en-US\",\"potentialAction\":[{\"@type\":\"ReadAction\",\"target\":[\"https:\/\/kiennambarista.com\/en\/san-pham\/may-xay-ca-phe-anfim-scody-ii-220-b-scody-ii-on-demand\/\"]}]},{\"@type\":\"ImageObject\",\"inLanguage\":\"en-US\",\"@id\":\"https:\/\/kiennambarista.com\/en\/san-pham\/may-xay-ca-phe-anfim-scody-ii-220-b-scody-ii-on-demand\/#primaryimage\",\"url\":\"https:\/\/kiennambarista.com\/wp-content\/uploads\/2023\/02\/May-xay-ca-phe-Anfim-SCODY-II-220-B-Scody-II-On-Demand.jpg\",\"contentUrl\":\"https:\/\/kiennambarista.com\/wp-content\/uploads\/2023\/02\/May-xay-ca-phe-Anfim-SCODY-II-220-B-Scody-II-On-Demand.jpg\",\"width\":1200,\"height\":992,\"caption\":\"SCODY II \u0111\u01b0\u1ee3c ch\u1ebf t\u1ea1o cho c\u00e1c qu\u00e1n c\u00e0 ph\u00ea c\u00f3 s\u1ed1 l\u01b0\u1ee3ng v\u1eeba \u0111\u1ebfn l\u1edbn, SCODY II ON DEMAND c\u00f3 t\u00ednh n\u0103ng xay chuy\u00ean nghi\u1ec7p v\u00e0 \u0111\u1ecbnh l\u01b0\u1ee3ng ch\u00ednh x\u00e1c theo y\u00eau c\u1ea7u. \u0110\u00e2y l\u00e0 m\u1ed9t chi\u1ebfc m\u00e1y m\u00e0i kh\u00f4ng c\u1ea7n g\u1ea1t m\u1ea1nh m\u1ebd c\u00f3 th\u1ec3 x\u1eed l\u00fd d\u1ec5 d\u00e0ng t\u1eeb 2 \u0111\u1ebfn 3 kg m\u1ed7i ng\u00e0y.\"},{\"@type\":\"BreadcrumbList\",\"@id\":\"https:\/\/kiennambarista.com\/en\/san-pham\/may-xay-ca-phe-anfim-scody-ii-220-b-scody-ii-on-demand\/#breadcrumb\",\"itemListElement\":[{\"@type\":\"ListItem\",\"position\":1,\"name\":\"Trang ch\u1ee7\",\"item\":\"https:\/\/kiennambarista.com\/en\/\"},{\"@type\":\"ListItem\",\"position\":2,\"name\":\"Product\",\"item\":\"https:\/\/kiennambarista.com\/en\/san-pham\/\"},{\"@type\":\"ListItem\",\"position\":3,\"name\":\"Anfim SCODY-II-220 coffee grinder (Scody II On Demand)\"}]},{\"@type\":\"WebSite\",\"@id\":\"https:\/\/kiennambarista.com\/#website\",\"url\":\"https:\/\/kiennambarista.com\/\",\"name\":\"Ki\u1ebfn Nam BARISTA\",\"description\":\"Nh\u00e0 ph\u00e2n ph\u1ed1i v\u00e0 cung c\u1ea5p d\u1ecbch v\u1ee5 m\u00e1y pha c\u00e0 ph\u00ea h\u00e0ng \u0111\u1ea7u t\u1ea1i Vi\u1ec7t Nam\",\"publisher\":{\"@id\":\"https:\/\/kiennambarista.com\/#organization\"},\"potentialAction\":[{\"@type\":\"SearchAction\",\"target\":{\"@type\":\"EntryPoint\",\"urlTemplate\":\"https:\/\/kiennambarista.com\/?s={search_term_string}\"},\"query-input\":{\"@type\":\"PropertyValueSpecification\",\"valueRequired\":true,\"valueName\":\"search_term_string\"}}],\"inLanguage\":\"en-US\"},{\"@type\":\"Organization\",\"@id\":\"https:\/\/kiennambarista.com\/#organization\",\"name\":\"Ki\u1ebfn Nam BARISTA\",\"url\":\"https:\/\/kiennambarista.com\/\",\"logo\":{\"@type\":\"ImageObject\",\"inLanguage\":\"en-US\",\"@id\":\"https:\/\/kiennambarista.com\/#\/schema\/logo\/image\/\",\"url\":\"https:\/\/kiennambarista.com\/wp-content\/uploads\/2023\/01\/logo_kiennam.svg\",\"contentUrl\":\"https:\/\/kiennambarista.com\/wp-content\/uploads\/2023\/01\/logo_kiennam.svg\",\"width\":88,\"height\":54,\"caption\":\"Ki\u1ebfn Nam BARISTA\"},\"image\":{\"@id\":\"https:\/\/kiennambarista.com\/#\/schema\/logo\/image\/\"}}]}<\/script>\n<!-- \/ Yoast SEO plugin. -->","yoast_head_json":{"title":"Anfim SCODY-II-220 coffee grinder (Scody II On Demand) - KI\u1ebeN NAM BARISTA","description":"Anfim SCODY-II-220-B (Scody II On Demand) coffee grinder genuine distributed by Kien Nam Barista, leading prestigious and professional warranty in Vietnam","robots":{"index":"index","follow":"follow","max-snippet":"max-snippet:-1","max-image-preview":"max-image-preview:large","max-video-preview":"max-video-preview:-1"},"canonical":"https:\/\/kiennambarista.com\/en\/san-pham\/may-xay-ca-phe-anfim-scody-ii-220-b-scody-ii-on-demand\/","og_locale":"en_US","og_type":"article","og_title":"Anfim SCODY-II-220 coffee grinder (Scody II On Demand) - KI\u1ebeN NAM BARISTA","og_description":"Anfim SCODY-II-220-B (Scody II On Demand) coffee grinder genuine distributed by Kien Nam Barista, leading prestigious and professional warranty in Vietnam","og_url":"https:\/\/kiennambarista.com\/en\/san-pham\/may-xay-ca-phe-anfim-scody-ii-220-b-scody-ii-on-demand\/","og_site_name":"KI\u1ebeN NAM BARISTA","article_modified_time":"2023-07-05T08:22:49+00:00","og_image":[{"width":1200,"height":992,"url":"https:\/\/kiennambarista.com\/wp-content\/uploads\/2023\/02\/May-xay-ca-phe-Anfim-SCODY-II-220-B-Scody-II-On-Demand.jpg","type":"image\/jpeg"}],"twitter_card":"summary_large_image","twitter_misc":{"Est. reading time":"2 minutes"},"schema":{"@context":"https:\/\/schema.org","@graph":[{"@type":"WebPage","@id":"https:\/\/kiennambarista.com\/en\/san-pham\/may-xay-ca-phe-anfim-scody-ii-220-b-scody-ii-on-demand\/","url":"https:\/\/kiennambarista.com\/en\/san-pham\/may-xay-ca-phe-anfim-scody-ii-220-b-scody-ii-on-demand\/","name":"Anfim SCODY-II-220 coffee grinder (Scody II On Demand) - KI\u1ebeN NAM BARISTA","isPartOf":{"@id":"https:\/\/kiennambarista.com\/#website"},"primaryImageOfPage":{"@id":"https:\/\/kiennambarista.com\/en\/san-pham\/may-xay-ca-phe-anfim-scody-ii-220-b-scody-ii-on-demand\/#primaryimage"},"image":{"@id":"https:\/\/kiennambarista.com\/en\/san-pham\/may-xay-ca-phe-anfim-scody-ii-220-b-scody-ii-on-demand\/#primaryimage"},"thumbnailUrl":"https:\/\/kiennambarista.com\/wp-content\/uploads\/2023\/02\/May-xay-ca-phe-Anfim-SCODY-II-220-B-Scody-II-On-Demand.jpg","datePublished":"2023-02-23T09:44:10+00:00","dateModified":"2023-07-05T08:22:49+00:00","description":"Anfim SCODY-II-220-B (Scody II On Demand) coffee grinder genuine distributed by Kien Nam Barista, leading prestigious and professional warranty in Vietnam","breadcrumb":{"@id":"https:\/\/kiennambarista.com\/en\/san-pham\/may-xay-ca-phe-anfim-scody-ii-220-b-scody-ii-on-demand\/#breadcrumb"},"inLanguage":"en-US","potentialAction":[{"@type":"ReadAction","target":["https:\/\/kiennambarista.com\/en\/san-pham\/may-xay-ca-phe-anfim-scody-ii-220-b-scody-ii-on-demand\/"]}]},{"@type":"ImageObject","inLanguage":"en-US","@id":"https:\/\/kiennambarista.com\/en\/san-pham\/may-xay-ca-phe-anfim-scody-ii-220-b-scody-ii-on-demand\/#primaryimage","url":"https:\/\/kiennambarista.com\/wp-content\/uploads\/2023\/02\/May-xay-ca-phe-Anfim-SCODY-II-220-B-Scody-II-On-Demand.jpg","contentUrl":"https:\/\/kiennambarista.com\/wp-content\/uploads\/2023\/02\/May-xay-ca-phe-Anfim-SCODY-II-220-B-Scody-II-On-Demand.jpg","width":1200,"height":992,"caption":"SCODY II \u0111\u01b0\u1ee3c ch\u1ebf t\u1ea1o cho c\u00e1c qu\u00e1n c\u00e0 ph\u00ea c\u00f3 s\u1ed1 l\u01b0\u1ee3ng v\u1eeba \u0111\u1ebfn l\u1edbn, SCODY II ON DEMAND c\u00f3 t\u00ednh n\u0103ng xay chuy\u00ean nghi\u1ec7p v\u00e0 \u0111\u1ecbnh l\u01b0\u1ee3ng ch\u00ednh x\u00e1c theo y\u00eau c\u1ea7u. \u0110\u00e2y l\u00e0 m\u1ed9t chi\u1ebfc m\u00e1y m\u00e0i kh\u00f4ng c\u1ea7n g\u1ea1t m\u1ea1nh m\u1ebd c\u00f3 th\u1ec3 x\u1eed l\u00fd d\u1ec5 d\u00e0ng t\u1eeb 2 \u0111\u1ebfn 3 kg m\u1ed7i ng\u00e0y."},{"@type":"BreadcrumbList","@id":"https:\/\/kiennambarista.com\/en\/san-pham\/may-xay-ca-phe-anfim-scody-ii-220-b-scody-ii-on-demand\/#breadcrumb","itemListElement":[{"@type":"ListItem","position":1,"name":"Trang ch\u1ee7","item":"https:\/\/kiennambarista.com\/en\/"},{"@type":"ListItem","position":2,"name":"Product","item":"https:\/\/kiennambarista.com\/en\/san-pham\/"},{"@type":"ListItem","position":3,"name":"Anfim SCODY-II-220 coffee grinder (Scody II On Demand)"}]},{"@type":"WebSite","@id":"https:\/\/kiennambarista.com\/#website","url":"https:\/\/kiennambarista.com\/","name":"Ki\u1ebfn Nam BARISTA","description":"Nh\u00e0 ph\u00e2n ph\u1ed1i v\u00e0 cung c\u1ea5p d\u1ecbch v\u1ee5 m\u00e1y pha c\u00e0 ph\u00ea h\u00e0ng \u0111\u1ea7u t\u1ea1i Vi\u1ec7t Nam","publisher":{"@id":"https:\/\/kiennambarista.com\/#organization"},"potentialAction":[{"@type":"SearchAction","target":{"@type":"EntryPoint","urlTemplate":"https:\/\/kiennambarista.com\/?s={search_term_string}"},"query-input":{"@type":"PropertyValueSpecification","valueRequired":true,"valueName":"search_term_string"}}],"inLanguage":"en-US"},{"@type":"Organization","@id":"https:\/\/kiennambarista.com\/#organization","name":"Ki\u1ebfn Nam BARISTA","url":"https:\/\/kiennambarista.com\/","logo":{"@type":"ImageObject","inLanguage":"en-US","@id":"https:\/\/kiennambarista.com\/#\/schema\/logo\/image\/","url":"https:\/\/kiennambarista.com\/wp-content\/uploads\/2023\/01\/logo_kiennam.svg","contentUrl":"https:\/\/kiennambarista.com\/wp-content\/uploads\/2023\/01\/logo_kiennam.svg","width":88,"height":54,"caption":"Ki\u1ebfn Nam BARISTA"},"image":{"@id":"https:\/\/kiennambarista.com\/#\/schema\/logo\/image\/"}}]}},"_links":{"self":[{"href":"https:\/\/kiennambarista.com\/en\/wp-json\/wp\/v2\/product\/2573","targetHints":{"allow":["GET"]}}],"collection":[{"href":"https:\/\/kiennambarista.com\/en\/wp-json\/wp\/v2\/product"}],"about":[{"href":"https:\/\/kiennambarista.com\/en\/wp-json\/wp\/v2\/types\/product"}],"replies":[{"embeddable":true,"href":"https:\/\/kiennambarista.com\/en\/wp-json\/wp\/v2\/comments?post=2573"}],"wp:featuredmedia":[{"embeddable":true,"href":"https:\/\/kiennambarista.com\/en\/wp-json\/wp\/v2\/media\/2080"}],"wp:attachment":[{"href":"https:\/\/kiennambarista.com\/en\/wp-json\/wp\/v2\/media?parent=2573"}],"wp:term":[{"taxonomy":"product_brand","embeddable":true,"href":"https:\/\/kiennambarista.com\/en\/wp-json\/wp\/v2\/product_brand?post=2573"},{"taxonomy":"product_cat","embeddable":true,"href":"https:\/\/kiennambarista.com\/en\/wp-json\/wp\/v2\/product_cat?post=2573"},{"taxonomy":"product_tag","embeddable":true,"href":"https:\/\/kiennambarista.com\/en\/wp-json\/wp\/v2\/product_tag?post=2573"}],"curies":[{"name":"wp","href":"https:\/\/api.w.org\/{rel}","templated":true}]}}