{"id":2572,"date":"2023-02-23T16:48:29","date_gmt":"2023-02-23T09:48:29","guid":{"rendered":"https:\/\/kiennambarista.com\/san-pham\/may-xay-ca-phe-anfim-ae-65-2-4b-pratica\/"},"modified":"2023-07-05T15:35:33","modified_gmt":"2023-07-05T08:35:33","slug":"may-xay-ca-phe-anfim-ae-65-2-4b-pratica","status":"publish","type":"product","link":"https:\/\/kiennambarista.com\/en\/san-pham\/may-xay-ca-phe-anfim-ae-65-2-4b-pratica\/","title":{"rendered":"Anfim AE 65 2.4B coffee grinder (Pratica)"},"content":{"rendered":"<h3 style=\"text-align: center;\">Anfim AE 65 2.4B coffee grinder (Pratica)<\/h3>\n<p>Anfim&#8217;s PRATICA combines traditional Italian design with a new on-demand milling process. It features automatic operation through start-stop automation and is equipped with a user-friendly interface that offers presets for individually programmable recipes.<\/p>\n<p>With its redesigned grinding disc shape, durable build quality and new stepless grind adjustment, PRATICA is the first choice for professional baristas.<\/p>\n","protected":false},"excerpt":{"rendered":"<ul>\n<li>Producer: Anfim<\/li>\n<li>Origin: Italy<\/li>\n<li>1 year warranty<\/li>\n<li>Color: Black<\/li>\n<\/ul>\n","protected":false},"featured_media":2079,"comment_status":"open","ping_status":"closed","template":"","meta":{"inline_featured_image":false},"product_brand":[],"product_cat":[213,187],"product_tag":[],"class_list":{"0":"post-2572","1":"product","2":"type-product","3":"status-publish","4":"has-post-thumbnail","6":"product_cat-may-xay-ca-phe-anfim-en-may-xay-ca-phe-en","7":"product_cat-may-xay-ca-phe-en","8":"category_filter_product-anfim-en","9":"category_filter_product-thuong-hieu-en","10":"category_filter_product-duoi-1000-w-en","11":"category_filter_product-20-million-50-million-en","12":"category_filter_product-cong-suat-en","13":"category_filter_product-gia-tien-en","15":"first","16":"instock","17":"shipping-taxable","18":"purchasable","19":"product-type-simple"},"acf":[],"yoast_head":"<!-- This site is optimized with the Yoast SEO plugin v24.9 - https:\/\/yoast.com\/wordpress\/plugins\/seo\/ -->\n<title>Anfim AE 65 2.4B coffee grinder (Pratica) - KI\u1ebeN NAM BARISTA<\/title>\n<meta name=\"description\" content=\"Anfim AE 65 2.4B (Pratica) coffee grinder genuine distributed by Kien Nam Barista, the leading prestigious and professional warranty policy in Vietnam\" \/>\n<meta name=\"robots\" content=\"index, follow, max-snippet:-1, max-image-preview:large, max-video-preview:-1\" \/>\n<link rel=\"canonical\" href=\"https:\/\/kiennambarista.com\/en\/san-pham\/may-xay-ca-phe-anfim-ae-65-2-4b-pratica\/\" \/>\n<meta property=\"og:locale\" content=\"en_US\" \/>\n<meta property=\"og:type\" content=\"article\" \/>\n<meta property=\"og:title\" content=\"Anfim AE 65 2.4B coffee grinder (Pratica) - KI\u1ebeN NAM BARISTA\" \/>\n<meta property=\"og:description\" content=\"Anfim AE 65 2.4B (Pratica) coffee grinder genuine distributed by Kien Nam Barista, the leading prestigious and professional warranty policy in Vietnam\" \/>\n<meta property=\"og:url\" content=\"https:\/\/kiennambarista.com\/en\/san-pham\/may-xay-ca-phe-anfim-ae-65-2-4b-pratica\/\" \/>\n<meta property=\"og:site_name\" content=\"KI\u1ebeN NAM BARISTA\" \/>\n<meta property=\"article:modified_time\" content=\"2023-07-05T08:35:33+00:00\" \/>\n<meta property=\"og:image\" content=\"https:\/\/kiennambarista.com\/wp-content\/uploads\/2023\/02\/May-xay-ca-phe-Anfim-AE-65-2.4B-Pratica.jpg\" \/>\n\t<meta property=\"og:image:width\" content=\"1200\" \/>\n\t<meta property=\"og:image:height\" content=\"992\" \/>\n\t<meta property=\"og:image:type\" content=\"image\/jpeg\" \/>\n<meta name=\"twitter:card\" content=\"summary_large_image\" \/>\n<script type=\"application\/ld+json\" class=\"yoast-schema-graph\">{\"@context\":\"https:\/\/schema.org\",\"@graph\":[{\"@type\":\"WebPage\",\"@id\":\"https:\/\/kiennambarista.com\/en\/san-pham\/may-xay-ca-phe-anfim-ae-65-2-4b-pratica\/\",\"url\":\"https:\/\/kiennambarista.com\/en\/san-pham\/may-xay-ca-phe-anfim-ae-65-2-4b-pratica\/\",\"name\":\"Anfim AE 65 2.4B coffee grinder (Pratica) - KI\u1ebeN NAM BARISTA\",\"isPartOf\":{\"@id\":\"https:\/\/kiennambarista.com\/#website\"},\"primaryImageOfPage\":{\"@id\":\"https:\/\/kiennambarista.com\/en\/san-pham\/may-xay-ca-phe-anfim-ae-65-2-4b-pratica\/#primaryimage\"},\"image\":{\"@id\":\"https:\/\/kiennambarista.com\/en\/san-pham\/may-xay-ca-phe-anfim-ae-65-2-4b-pratica\/#primaryimage\"},\"thumbnailUrl\":\"https:\/\/kiennambarista.com\/wp-content\/uploads\/2023\/02\/May-xay-ca-phe-Anfim-AE-65-2.4B-Pratica.jpg\",\"datePublished\":\"2023-02-23T09:48:29+00:00\",\"dateModified\":\"2023-07-05T08:35:33+00:00\",\"description\":\"Anfim AE 65 2.4B (Pratica) coffee grinder genuine distributed by Kien Nam Barista, the leading prestigious and professional warranty policy in Vietnam\",\"breadcrumb\":{\"@id\":\"https:\/\/kiennambarista.com\/en\/san-pham\/may-xay-ca-phe-anfim-ae-65-2-4b-pratica\/#breadcrumb\"},\"inLanguage\":\"en-US\",\"potentialAction\":[{\"@type\":\"ReadAction\",\"target\":[\"https:\/\/kiennambarista.com\/en\/san-pham\/may-xay-ca-phe-anfim-ae-65-2-4b-pratica\/\"]}]},{\"@type\":\"ImageObject\",\"inLanguage\":\"en-US\",\"@id\":\"https:\/\/kiennambarista.com\/en\/san-pham\/may-xay-ca-phe-anfim-ae-65-2-4b-pratica\/#primaryimage\",\"url\":\"https:\/\/kiennambarista.com\/wp-content\/uploads\/2023\/02\/May-xay-ca-phe-Anfim-AE-65-2.4B-Pratica.jpg\",\"contentUrl\":\"https:\/\/kiennambarista.com\/wp-content\/uploads\/2023\/02\/May-xay-ca-phe-Anfim-AE-65-2.4B-Pratica.jpg\",\"width\":1200,\"height\":992,\"caption\":\"M\u00e1y xay c\u00e0 ph\u00ea Anfim AE 65 2.4B (Pratica)\"},{\"@type\":\"BreadcrumbList\",\"@id\":\"https:\/\/kiennambarista.com\/en\/san-pham\/may-xay-ca-phe-anfim-ae-65-2-4b-pratica\/#breadcrumb\",\"itemListElement\":[{\"@type\":\"ListItem\",\"position\":1,\"name\":\"Trang ch\u1ee7\",\"item\":\"https:\/\/kiennambarista.com\/en\/\"},{\"@type\":\"ListItem\",\"position\":2,\"name\":\"Product\",\"item\":\"https:\/\/kiennambarista.com\/en\/san-pham\/\"},{\"@type\":\"ListItem\",\"position\":3,\"name\":\"Anfim AE 65 2.4B coffee grinder (Pratica)\"}]},{\"@type\":\"WebSite\",\"@id\":\"https:\/\/kiennambarista.com\/#website\",\"url\":\"https:\/\/kiennambarista.com\/\",\"name\":\"Ki\u1ebfn Nam BARISTA\",\"description\":\"Nh\u00e0 ph\u00e2n ph\u1ed1i v\u00e0 cung c\u1ea5p d\u1ecbch v\u1ee5 m\u00e1y pha c\u00e0 ph\u00ea h\u00e0ng \u0111\u1ea7u t\u1ea1i Vi\u1ec7t Nam\",\"publisher\":{\"@id\":\"https:\/\/kiennambarista.com\/#organization\"},\"potentialAction\":[{\"@type\":\"SearchAction\",\"target\":{\"@type\":\"EntryPoint\",\"urlTemplate\":\"https:\/\/kiennambarista.com\/?s={search_term_string}\"},\"query-input\":{\"@type\":\"PropertyValueSpecification\",\"valueRequired\":true,\"valueName\":\"search_term_string\"}}],\"inLanguage\":\"en-US\"},{\"@type\":\"Organization\",\"@id\":\"https:\/\/kiennambarista.com\/#organization\",\"name\":\"Ki\u1ebfn Nam BARISTA\",\"url\":\"https:\/\/kiennambarista.com\/\",\"logo\":{\"@type\":\"ImageObject\",\"inLanguage\":\"en-US\",\"@id\":\"https:\/\/kiennambarista.com\/#\/schema\/logo\/image\/\",\"url\":\"https:\/\/kiennambarista.com\/wp-content\/uploads\/2023\/01\/logo_kiennam.svg\",\"contentUrl\":\"https:\/\/kiennambarista.com\/wp-content\/uploads\/2023\/01\/logo_kiennam.svg\",\"width\":88,\"height\":54,\"caption\":\"Ki\u1ebfn Nam BARISTA\"},\"image\":{\"@id\":\"https:\/\/kiennambarista.com\/#\/schema\/logo\/image\/\"}}]}<\/script>\n<!-- \/ Yoast SEO plugin. -->","yoast_head_json":{"title":"Anfim AE 65 2.4B coffee grinder (Pratica) - KI\u1ebeN NAM BARISTA","description":"Anfim AE 65 2.4B (Pratica) coffee grinder genuine distributed by Kien Nam Barista, the leading prestigious and professional warranty policy in Vietnam","robots":{"index":"index","follow":"follow","max-snippet":"max-snippet:-1","max-image-preview":"max-image-preview:large","max-video-preview":"max-video-preview:-1"},"canonical":"https:\/\/kiennambarista.com\/en\/san-pham\/may-xay-ca-phe-anfim-ae-65-2-4b-pratica\/","og_locale":"en_US","og_type":"article","og_title":"Anfim AE 65 2.4B coffee grinder (Pratica) - KI\u1ebeN NAM BARISTA","og_description":"Anfim AE 65 2.4B (Pratica) coffee grinder genuine distributed by Kien Nam Barista, the leading prestigious and professional warranty policy in Vietnam","og_url":"https:\/\/kiennambarista.com\/en\/san-pham\/may-xay-ca-phe-anfim-ae-65-2-4b-pratica\/","og_site_name":"KI\u1ebeN NAM BARISTA","article_modified_time":"2023-07-05T08:35:33+00:00","og_image":[{"width":1200,"height":992,"url":"https:\/\/kiennambarista.com\/wp-content\/uploads\/2023\/02\/May-xay-ca-phe-Anfim-AE-65-2.4B-Pratica.jpg","type":"image\/jpeg"}],"twitter_card":"summary_large_image","schema":{"@context":"https:\/\/schema.org","@graph":[{"@type":"WebPage","@id":"https:\/\/kiennambarista.com\/en\/san-pham\/may-xay-ca-phe-anfim-ae-65-2-4b-pratica\/","url":"https:\/\/kiennambarista.com\/en\/san-pham\/may-xay-ca-phe-anfim-ae-65-2-4b-pratica\/","name":"Anfim AE 65 2.4B coffee grinder (Pratica) - KI\u1ebeN NAM BARISTA","isPartOf":{"@id":"https:\/\/kiennambarista.com\/#website"},"primaryImageOfPage":{"@id":"https:\/\/kiennambarista.com\/en\/san-pham\/may-xay-ca-phe-anfim-ae-65-2-4b-pratica\/#primaryimage"},"image":{"@id":"https:\/\/kiennambarista.com\/en\/san-pham\/may-xay-ca-phe-anfim-ae-65-2-4b-pratica\/#primaryimage"},"thumbnailUrl":"https:\/\/kiennambarista.com\/wp-content\/uploads\/2023\/02\/May-xay-ca-phe-Anfim-AE-65-2.4B-Pratica.jpg","datePublished":"2023-02-23T09:48:29+00:00","dateModified":"2023-07-05T08:35:33+00:00","description":"Anfim AE 65 2.4B (Pratica) coffee grinder genuine distributed by Kien Nam Barista, the leading prestigious and professional warranty policy in Vietnam","breadcrumb":{"@id":"https:\/\/kiennambarista.com\/en\/san-pham\/may-xay-ca-phe-anfim-ae-65-2-4b-pratica\/#breadcrumb"},"inLanguage":"en-US","potentialAction":[{"@type":"ReadAction","target":["https:\/\/kiennambarista.com\/en\/san-pham\/may-xay-ca-phe-anfim-ae-65-2-4b-pratica\/"]}]},{"@type":"ImageObject","inLanguage":"en-US","@id":"https:\/\/kiennambarista.com\/en\/san-pham\/may-xay-ca-phe-anfim-ae-65-2-4b-pratica\/#primaryimage","url":"https:\/\/kiennambarista.com\/wp-content\/uploads\/2023\/02\/May-xay-ca-phe-Anfim-AE-65-2.4B-Pratica.jpg","contentUrl":"https:\/\/kiennambarista.com\/wp-content\/uploads\/2023\/02\/May-xay-ca-phe-Anfim-AE-65-2.4B-Pratica.jpg","width":1200,"height":992,"caption":"M\u00e1y xay c\u00e0 ph\u00ea Anfim AE 65 2.4B (Pratica)"},{"@type":"BreadcrumbList","@id":"https:\/\/kiennambarista.com\/en\/san-pham\/may-xay-ca-phe-anfim-ae-65-2-4b-pratica\/#breadcrumb","itemListElement":[{"@type":"ListItem","position":1,"name":"Trang ch\u1ee7","item":"https:\/\/kiennambarista.com\/en\/"},{"@type":"ListItem","position":2,"name":"Product","item":"https:\/\/kiennambarista.com\/en\/san-pham\/"},{"@type":"ListItem","position":3,"name":"Anfim AE 65 2.4B coffee grinder (Pratica)"}]},{"@type":"WebSite","@id":"https:\/\/kiennambarista.com\/#website","url":"https:\/\/kiennambarista.com\/","name":"Ki\u1ebfn Nam BARISTA","description":"Nh\u00e0 ph\u00e2n ph\u1ed1i v\u00e0 cung c\u1ea5p d\u1ecbch v\u1ee5 m\u00e1y pha c\u00e0 ph\u00ea h\u00e0ng \u0111\u1ea7u t\u1ea1i Vi\u1ec7t Nam","publisher":{"@id":"https:\/\/kiennambarista.com\/#organization"},"potentialAction":[{"@type":"SearchAction","target":{"@type":"EntryPoint","urlTemplate":"https:\/\/kiennambarista.com\/?s={search_term_string}"},"query-input":{"@type":"PropertyValueSpecification","valueRequired":true,"valueName":"search_term_string"}}],"inLanguage":"en-US"},{"@type":"Organization","@id":"https:\/\/kiennambarista.com\/#organization","name":"Ki\u1ebfn Nam BARISTA","url":"https:\/\/kiennambarista.com\/","logo":{"@type":"ImageObject","inLanguage":"en-US","@id":"https:\/\/kiennambarista.com\/#\/schema\/logo\/image\/","url":"https:\/\/kiennambarista.com\/wp-content\/uploads\/2023\/01\/logo_kiennam.svg","contentUrl":"https:\/\/kiennambarista.com\/wp-content\/uploads\/2023\/01\/logo_kiennam.svg","width":88,"height":54,"caption":"Ki\u1ebfn Nam BARISTA"},"image":{"@id":"https:\/\/kiennambarista.com\/#\/schema\/logo\/image\/"}}]}},"_links":{"self":[{"href":"https:\/\/kiennambarista.com\/en\/wp-json\/wp\/v2\/product\/2572","targetHints":{"allow":["GET"]}}],"collection":[{"href":"https:\/\/kiennambarista.com\/en\/wp-json\/wp\/v2\/product"}],"about":[{"href":"https:\/\/kiennambarista.com\/en\/wp-json\/wp\/v2\/types\/product"}],"replies":[{"embeddable":true,"href":"https:\/\/kiennambarista.com\/en\/wp-json\/wp\/v2\/comments?post=2572"}],"wp:featuredmedia":[{"embeddable":true,"href":"https:\/\/kiennambarista.com\/en\/wp-json\/wp\/v2\/media\/2079"}],"wp:attachment":[{"href":"https:\/\/kiennambarista.com\/en\/wp-json\/wp\/v2\/media?parent=2572"}],"wp:term":[{"taxonomy":"product_brand","embeddable":true,"href":"https:\/\/kiennambarista.com\/en\/wp-json\/wp\/v2\/product_brand?post=2572"},{"taxonomy":"product_cat","embeddable":true,"href":"https:\/\/kiennambarista.com\/en\/wp-json\/wp\/v2\/product_cat?post=2572"},{"taxonomy":"product_tag","embeddable":true,"href":"https:\/\/kiennambarista.com\/en\/wp-json\/wp\/v2\/product_tag?post=2572"}],"curies":[{"name":"wp","href":"https:\/\/api.w.org\/{rel}","templated":true}]}}