{"id":2571,"date":"2023-02-23T16:55:52","date_gmt":"2023-02-23T09:55:52","guid":{"rendered":"https:\/\/kiennambarista.com\/san-pham\/may-xay-ca-phe-anfim-sp-ii-220-w-sp-ii-special-performance\/"},"modified":"2023-07-05T15:44:29","modified_gmt":"2023-07-05T08:44:29","slug":"may-xay-ca-phe-anfim-sp-ii-220-w-sp-ii-special-performance","status":"publish","type":"product","link":"https:\/\/kiennambarista.com\/en\/san-pham\/may-xay-ca-phe-anfim-sp-ii-220-w-sp-ii-special-performance\/","title":{"rendered":"Anfim SP-II-220 (SP II Special Performance) coffee grinder"},"content":{"rendered":"<h1 style=\"text-align: center;\">Anfim SP-II-220 (SP II Special Performance) coffee grinder<\/h1>\n<p>Anfim SP-II-220 (SP II Special Performance) coffee grinder built for large-scale coffee shops, SP II Special Performance embodies quality and efficiency &#8211; cup by cup, pure taste .<\/p>\n<p>Custom Titanium coated grinding discs with minimal wear are combined with a dual fan system, which reduces heat and noise emissions.<\/p>\n<p>Anfim SP-II-220 (SP II Special Performance) coffee grinder with stepless grinding adjustment and user-friendly software with precise timer, adjustable in 1\/10th increments seconds ensures the precise and consistent dosing needed for constant pouring time and perfect taste in the cup.<\/p>\n<p>Equipped with an automatic Start \/ Stop trigger switch for the gate filter makes it easy to use the grinder without using your hands. SP II Special Performance is the perfect solution in busy environments.<\/p>\n<p>DEVICE FEATURES :<\/p>\n<ul>\n<li>The hopper bar holds the coffee beans<\/li>\n<li>Overload protection<\/li>\n<li>Multi-function display &amp; controller<\/li>\n<li>Stepless grind adjustment<\/li>\n<li>Dual cooling fan system<\/li>\n<li>Safety switch under the bean hopper<\/li>\n<li>Safety switch behind faucet<\/li>\n<\/ul>\n","protected":false},"excerpt":{"rendered":"<ul>\n<li>Producer: Anfim<\/li>\n<li>Origin: Italy<\/li>\n<li>1 year warranty<\/li>\n<li>Color: White\/Black<\/li>\n<\/ul>\n","protected":false},"featured_media":2078,"comment_status":"open","ping_status":"closed","template":"","meta":{"inline_featured_image":false},"product_brand":[],"product_cat":[213,187],"product_tag":[],"class_list":{"0":"post-2571","1":"product","2":"type-product","3":"status-publish","4":"has-post-thumbnail","6":"product_cat-may-xay-ca-phe-anfim-en-may-xay-ca-phe-en","7":"product_cat-may-xay-ca-phe-en","8":"category_filter_product-anfim-en","9":"category_filter_product-thuong-hieu-en","10":"category_filter_product-duoi-1000-w-en","11":"category_filter_product-cong-suat-en","12":"category_filter_product-gia-tien-en","13":"category_filter_product-50-million-100-million-en","15":"first","16":"instock","17":"shipping-taxable","18":"purchasable","19":"product-type-simple"},"acf":[],"yoast_head":"<!-- This site is optimized with the Yoast SEO plugin v24.9 - https:\/\/yoast.com\/wordpress\/plugins\/seo\/ -->\n<title>Anfim SP-II-220 (SP II Special Performance) coffee grinder - KI\u1ebeN NAM BARISTA<\/title>\n<meta name=\"description\" content=\"Anfim SP-II-220-W (SP II Special Performance) coffee grinder genuine distributed by Kien Nam Barista, leading prestigious and professional warranty in Vietnam\" \/>\n<meta name=\"robots\" content=\"index, follow, max-snippet:-1, max-image-preview:large, max-video-preview:-1\" \/>\n<link rel=\"canonical\" href=\"https:\/\/kiennambarista.com\/en\/san-pham\/may-xay-ca-phe-anfim-sp-ii-220-w-sp-ii-special-performance\/\" \/>\n<meta property=\"og:locale\" content=\"en_US\" \/>\n<meta property=\"og:type\" content=\"article\" \/>\n<meta property=\"og:title\" content=\"Anfim SP-II-220 (SP II Special Performance) coffee grinder - KI\u1ebeN NAM BARISTA\" \/>\n<meta property=\"og:description\" content=\"Anfim SP-II-220-W (SP II Special Performance) coffee grinder genuine distributed by Kien Nam Barista, leading prestigious and professional warranty in Vietnam\" \/>\n<meta property=\"og:url\" content=\"https:\/\/kiennambarista.com\/en\/san-pham\/may-xay-ca-phe-anfim-sp-ii-220-w-sp-ii-special-performance\/\" \/>\n<meta property=\"og:site_name\" content=\"KI\u1ebeN NAM BARISTA\" \/>\n<meta property=\"article:modified_time\" content=\"2023-07-05T08:44:29+00:00\" \/>\n<meta property=\"og:image\" content=\"https:\/\/kiennambarista.com\/wp-content\/uploads\/2023\/02\/May-xay-ca-phe-Anfim-SP-II-220-W-SP-II-Special-Performance.jpg\" \/>\n\t<meta property=\"og:image:width\" content=\"1200\" \/>\n\t<meta property=\"og:image:height\" content=\"992\" \/>\n\t<meta property=\"og:image:type\" content=\"image\/jpeg\" \/>\n<meta name=\"twitter:card\" content=\"summary_large_image\" \/>\n<meta name=\"twitter:label1\" content=\"Est. reading time\" \/>\n\t<meta name=\"twitter:data1\" content=\"1 minute\" \/>\n<script type=\"application\/ld+json\" class=\"yoast-schema-graph\">{\"@context\":\"https:\/\/schema.org\",\"@graph\":[{\"@type\":\"WebPage\",\"@id\":\"https:\/\/kiennambarista.com\/en\/san-pham\/may-xay-ca-phe-anfim-sp-ii-220-w-sp-ii-special-performance\/\",\"url\":\"https:\/\/kiennambarista.com\/en\/san-pham\/may-xay-ca-phe-anfim-sp-ii-220-w-sp-ii-special-performance\/\",\"name\":\"Anfim SP-II-220 (SP II Special Performance) coffee grinder - KI\u1ebeN NAM BARISTA\",\"isPartOf\":{\"@id\":\"https:\/\/kiennambarista.com\/#website\"},\"primaryImageOfPage\":{\"@id\":\"https:\/\/kiennambarista.com\/en\/san-pham\/may-xay-ca-phe-anfim-sp-ii-220-w-sp-ii-special-performance\/#primaryimage\"},\"image\":{\"@id\":\"https:\/\/kiennambarista.com\/en\/san-pham\/may-xay-ca-phe-anfim-sp-ii-220-w-sp-ii-special-performance\/#primaryimage\"},\"thumbnailUrl\":\"https:\/\/kiennambarista.com\/wp-content\/uploads\/2023\/02\/May-xay-ca-phe-Anfim-SP-II-220-W-SP-II-Special-Performance.jpg\",\"datePublished\":\"2023-02-23T09:55:52+00:00\",\"dateModified\":\"2023-07-05T08:44:29+00:00\",\"description\":\"Anfim SP-II-220-W (SP II Special Performance) coffee grinder genuine distributed by Kien Nam Barista, leading prestigious and professional warranty in Vietnam\",\"breadcrumb\":{\"@id\":\"https:\/\/kiennambarista.com\/en\/san-pham\/may-xay-ca-phe-anfim-sp-ii-220-w-sp-ii-special-performance\/#breadcrumb\"},\"inLanguage\":\"en-US\",\"potentialAction\":[{\"@type\":\"ReadAction\",\"target\":[\"https:\/\/kiennambarista.com\/en\/san-pham\/may-xay-ca-phe-anfim-sp-ii-220-w-sp-ii-special-performance\/\"]}]},{\"@type\":\"ImageObject\",\"inLanguage\":\"en-US\",\"@id\":\"https:\/\/kiennambarista.com\/en\/san-pham\/may-xay-ca-phe-anfim-sp-ii-220-w-sp-ii-special-performance\/#primaryimage\",\"url\":\"https:\/\/kiennambarista.com\/wp-content\/uploads\/2023\/02\/May-xay-ca-phe-Anfim-SP-II-220-W-SP-II-Special-Performance.jpg\",\"contentUrl\":\"https:\/\/kiennambarista.com\/wp-content\/uploads\/2023\/02\/May-xay-ca-phe-Anfim-SP-II-220-W-SP-II-Special-Performance.jpg\",\"width\":1200,\"height\":992,\"caption\":\"SP II + l\u00e0 s\u1ef1 l\u1ef1a ch\u1ecdn h\u00e0ng \u0111\u1ea7u \u0111\u1ec3 t\u1ea1o ra h\u01b0\u01a1ng v\u1ecb thanh khi\u1ebft v\u1edbi \u0111\u1ed9 ng\u1ecdt t\u1ed1i \u01b0u v\u00e0 s\u1ef1 c\u00e2n b\u1eb1ng ho\u00e0n h\u1ea3o - ngay c\u1ea3 trong nh\u1eefng m\u00f4i tr\u01b0\u1eddng b\u1eadn r\u1ed9n nh\u1ea5t.\"},{\"@type\":\"BreadcrumbList\",\"@id\":\"https:\/\/kiennambarista.com\/en\/san-pham\/may-xay-ca-phe-anfim-sp-ii-220-w-sp-ii-special-performance\/#breadcrumb\",\"itemListElement\":[{\"@type\":\"ListItem\",\"position\":1,\"name\":\"Trang ch\u1ee7\",\"item\":\"https:\/\/kiennambarista.com\/en\/\"},{\"@type\":\"ListItem\",\"position\":2,\"name\":\"Product\",\"item\":\"https:\/\/kiennambarista.com\/en\/san-pham\/\"},{\"@type\":\"ListItem\",\"position\":3,\"name\":\"Anfim SP-II-220 (SP II Special Performance) coffee grinder\"}]},{\"@type\":\"WebSite\",\"@id\":\"https:\/\/kiennambarista.com\/#website\",\"url\":\"https:\/\/kiennambarista.com\/\",\"name\":\"Ki\u1ebfn Nam BARISTA\",\"description\":\"Nh\u00e0 ph\u00e2n ph\u1ed1i v\u00e0 cung c\u1ea5p d\u1ecbch v\u1ee5 m\u00e1y pha c\u00e0 ph\u00ea h\u00e0ng \u0111\u1ea7u t\u1ea1i Vi\u1ec7t Nam\",\"publisher\":{\"@id\":\"https:\/\/kiennambarista.com\/#organization\"},\"potentialAction\":[{\"@type\":\"SearchAction\",\"target\":{\"@type\":\"EntryPoint\",\"urlTemplate\":\"https:\/\/kiennambarista.com\/?s={search_term_string}\"},\"query-input\":{\"@type\":\"PropertyValueSpecification\",\"valueRequired\":true,\"valueName\":\"search_term_string\"}}],\"inLanguage\":\"en-US\"},{\"@type\":\"Organization\",\"@id\":\"https:\/\/kiennambarista.com\/#organization\",\"name\":\"Ki\u1ebfn Nam BARISTA\",\"url\":\"https:\/\/kiennambarista.com\/\",\"logo\":{\"@type\":\"ImageObject\",\"inLanguage\":\"en-US\",\"@id\":\"https:\/\/kiennambarista.com\/#\/schema\/logo\/image\/\",\"url\":\"https:\/\/kiennambarista.com\/wp-content\/uploads\/2023\/01\/logo_kiennam.svg\",\"contentUrl\":\"https:\/\/kiennambarista.com\/wp-content\/uploads\/2023\/01\/logo_kiennam.svg\",\"width\":88,\"height\":54,\"caption\":\"Ki\u1ebfn Nam BARISTA\"},\"image\":{\"@id\":\"https:\/\/kiennambarista.com\/#\/schema\/logo\/image\/\"}}]}<\/script>\n<!-- \/ Yoast SEO plugin. -->","yoast_head_json":{"title":"Anfim SP-II-220 (SP II Special Performance) coffee grinder - KI\u1ebeN NAM BARISTA","description":"Anfim SP-II-220-W (SP II Special Performance) coffee grinder genuine distributed by Kien Nam Barista, leading prestigious and professional warranty in Vietnam","robots":{"index":"index","follow":"follow","max-snippet":"max-snippet:-1","max-image-preview":"max-image-preview:large","max-video-preview":"max-video-preview:-1"},"canonical":"https:\/\/kiennambarista.com\/en\/san-pham\/may-xay-ca-phe-anfim-sp-ii-220-w-sp-ii-special-performance\/","og_locale":"en_US","og_type":"article","og_title":"Anfim SP-II-220 (SP II Special Performance) coffee grinder - KI\u1ebeN NAM BARISTA","og_description":"Anfim SP-II-220-W (SP II Special Performance) coffee grinder genuine distributed by Kien Nam Barista, leading prestigious and professional warranty in Vietnam","og_url":"https:\/\/kiennambarista.com\/en\/san-pham\/may-xay-ca-phe-anfim-sp-ii-220-w-sp-ii-special-performance\/","og_site_name":"KI\u1ebeN NAM BARISTA","article_modified_time":"2023-07-05T08:44:29+00:00","og_image":[{"width":1200,"height":992,"url":"https:\/\/kiennambarista.com\/wp-content\/uploads\/2023\/02\/May-xay-ca-phe-Anfim-SP-II-220-W-SP-II-Special-Performance.jpg","type":"image\/jpeg"}],"twitter_card":"summary_large_image","twitter_misc":{"Est. reading time":"1 minute"},"schema":{"@context":"https:\/\/schema.org","@graph":[{"@type":"WebPage","@id":"https:\/\/kiennambarista.com\/en\/san-pham\/may-xay-ca-phe-anfim-sp-ii-220-w-sp-ii-special-performance\/","url":"https:\/\/kiennambarista.com\/en\/san-pham\/may-xay-ca-phe-anfim-sp-ii-220-w-sp-ii-special-performance\/","name":"Anfim SP-II-220 (SP II Special Performance) coffee grinder - KI\u1ebeN NAM BARISTA","isPartOf":{"@id":"https:\/\/kiennambarista.com\/#website"},"primaryImageOfPage":{"@id":"https:\/\/kiennambarista.com\/en\/san-pham\/may-xay-ca-phe-anfim-sp-ii-220-w-sp-ii-special-performance\/#primaryimage"},"image":{"@id":"https:\/\/kiennambarista.com\/en\/san-pham\/may-xay-ca-phe-anfim-sp-ii-220-w-sp-ii-special-performance\/#primaryimage"},"thumbnailUrl":"https:\/\/kiennambarista.com\/wp-content\/uploads\/2023\/02\/May-xay-ca-phe-Anfim-SP-II-220-W-SP-II-Special-Performance.jpg","datePublished":"2023-02-23T09:55:52+00:00","dateModified":"2023-07-05T08:44:29+00:00","description":"Anfim SP-II-220-W (SP II Special Performance) coffee grinder genuine distributed by Kien Nam Barista, leading prestigious and professional warranty in Vietnam","breadcrumb":{"@id":"https:\/\/kiennambarista.com\/en\/san-pham\/may-xay-ca-phe-anfim-sp-ii-220-w-sp-ii-special-performance\/#breadcrumb"},"inLanguage":"en-US","potentialAction":[{"@type":"ReadAction","target":["https:\/\/kiennambarista.com\/en\/san-pham\/may-xay-ca-phe-anfim-sp-ii-220-w-sp-ii-special-performance\/"]}]},{"@type":"ImageObject","inLanguage":"en-US","@id":"https:\/\/kiennambarista.com\/en\/san-pham\/may-xay-ca-phe-anfim-sp-ii-220-w-sp-ii-special-performance\/#primaryimage","url":"https:\/\/kiennambarista.com\/wp-content\/uploads\/2023\/02\/May-xay-ca-phe-Anfim-SP-II-220-W-SP-II-Special-Performance.jpg","contentUrl":"https:\/\/kiennambarista.com\/wp-content\/uploads\/2023\/02\/May-xay-ca-phe-Anfim-SP-II-220-W-SP-II-Special-Performance.jpg","width":1200,"height":992,"caption":"SP II + l\u00e0 s\u1ef1 l\u1ef1a ch\u1ecdn h\u00e0ng \u0111\u1ea7u \u0111\u1ec3 t\u1ea1o ra h\u01b0\u01a1ng v\u1ecb thanh khi\u1ebft v\u1edbi \u0111\u1ed9 ng\u1ecdt t\u1ed1i \u01b0u v\u00e0 s\u1ef1 c\u00e2n b\u1eb1ng ho\u00e0n h\u1ea3o - ngay c\u1ea3 trong nh\u1eefng m\u00f4i tr\u01b0\u1eddng b\u1eadn r\u1ed9n nh\u1ea5t."},{"@type":"BreadcrumbList","@id":"https:\/\/kiennambarista.com\/en\/san-pham\/may-xay-ca-phe-anfim-sp-ii-220-w-sp-ii-special-performance\/#breadcrumb","itemListElement":[{"@type":"ListItem","position":1,"name":"Trang ch\u1ee7","item":"https:\/\/kiennambarista.com\/en\/"},{"@type":"ListItem","position":2,"name":"Product","item":"https:\/\/kiennambarista.com\/en\/san-pham\/"},{"@type":"ListItem","position":3,"name":"Anfim SP-II-220 (SP II Special Performance) coffee grinder"}]},{"@type":"WebSite","@id":"https:\/\/kiennambarista.com\/#website","url":"https:\/\/kiennambarista.com\/","name":"Ki\u1ebfn Nam BARISTA","description":"Nh\u00e0 ph\u00e2n ph\u1ed1i v\u00e0 cung c\u1ea5p d\u1ecbch v\u1ee5 m\u00e1y pha c\u00e0 ph\u00ea h\u00e0ng \u0111\u1ea7u t\u1ea1i Vi\u1ec7t Nam","publisher":{"@id":"https:\/\/kiennambarista.com\/#organization"},"potentialAction":[{"@type":"SearchAction","target":{"@type":"EntryPoint","urlTemplate":"https:\/\/kiennambarista.com\/?s={search_term_string}"},"query-input":{"@type":"PropertyValueSpecification","valueRequired":true,"valueName":"search_term_string"}}],"inLanguage":"en-US"},{"@type":"Organization","@id":"https:\/\/kiennambarista.com\/#organization","name":"Ki\u1ebfn Nam BARISTA","url":"https:\/\/kiennambarista.com\/","logo":{"@type":"ImageObject","inLanguage":"en-US","@id":"https:\/\/kiennambarista.com\/#\/schema\/logo\/image\/","url":"https:\/\/kiennambarista.com\/wp-content\/uploads\/2023\/01\/logo_kiennam.svg","contentUrl":"https:\/\/kiennambarista.com\/wp-content\/uploads\/2023\/01\/logo_kiennam.svg","width":88,"height":54,"caption":"Ki\u1ebfn Nam BARISTA"},"image":{"@id":"https:\/\/kiennambarista.com\/#\/schema\/logo\/image\/"}}]}},"_links":{"self":[{"href":"https:\/\/kiennambarista.com\/en\/wp-json\/wp\/v2\/product\/2571","targetHints":{"allow":["GET"]}}],"collection":[{"href":"https:\/\/kiennambarista.com\/en\/wp-json\/wp\/v2\/product"}],"about":[{"href":"https:\/\/kiennambarista.com\/en\/wp-json\/wp\/v2\/types\/product"}],"replies":[{"embeddable":true,"href":"https:\/\/kiennambarista.com\/en\/wp-json\/wp\/v2\/comments?post=2571"}],"wp:featuredmedia":[{"embeddable":true,"href":"https:\/\/kiennambarista.com\/en\/wp-json\/wp\/v2\/media\/2078"}],"wp:attachment":[{"href":"https:\/\/kiennambarista.com\/en\/wp-json\/wp\/v2\/media?parent=2571"}],"wp:term":[{"taxonomy":"product_brand","embeddable":true,"href":"https:\/\/kiennambarista.com\/en\/wp-json\/wp\/v2\/product_brand?post=2571"},{"taxonomy":"product_cat","embeddable":true,"href":"https:\/\/kiennambarista.com\/en\/wp-json\/wp\/v2\/product_cat?post=2571"},{"taxonomy":"product_tag","embeddable":true,"href":"https:\/\/kiennambarista.com\/en\/wp-json\/wp\/v2\/product_tag?post=2571"}],"curies":[{"name":"wp","href":"https:\/\/api.w.org\/{rel}","templated":true}]}}