{"id":2570,"date":"2023-02-23T17:02:31","date_gmt":"2023-02-23T10:02:31","guid":{"rendered":"https:\/\/kiennambarista.com\/san-pham\/may-xay-ca-phe-anfim-sp-ii-p-220-w-sp-ii-special-performance-plus\/"},"modified":"2023-07-05T15:48:13","modified_gmt":"2023-07-05T08:48:13","slug":"may-xay-ca-phe-anfim-sp-ii-p-220-w-sp-ii-special-performance-plus","status":"publish","type":"product","link":"https:\/\/kiennambarista.com\/en\/san-pham\/may-xay-ca-phe-anfim-sp-ii-p-220-w-sp-ii-special-performance-plus\/","title":{"rendered":"Anfim SP-II-P-220 Coffee Grinder (SP II+Special Performance Plus)"},"content":{"rendered":"<h1 style=\"text-align: center;\">Anfim SP-II-P-220 Coffee Grinder (SP II+Special Performance Plus)<\/h1>\n<p><strong>The Anfim SP-II-P-220<\/strong> (<strong>SP II+Special Performance Plus<\/strong>) coffee grinder is the top choice for creating pure flavors with optimal sweetness and perfect balance &#8211; even in harsh environments. busiest school.<br \/>\nNew features on SP II+ include:<\/p>\n<ul>\n<li>Replace the mechanical Star\/Stop trigger switch with a durable proximity sensor that automatically detects the anti-clumping gate filter even during peak usage during peak hours.<\/li>\n<li>Upgraded cooling system. The dual cooling fans on the SP II+ have been upgraded to IP55, which is the best quality available to stabilize the cooling of the entire blender&#8217;s internal temperature.<\/li>\n<li>The removable rear panel puts a happy smile on every technician&#8217;s face.<\/li>\n<li>The detachable access panel on the SP II+ is removed with 6 x 3mm allen screws allowing easy access inside for routine maintenance.<\/li>\n<li>Two additional safety switches have been added, one under the hopper and one behind the exit spout. These devices automatically stop the grinder if either is removed, making cleaning and maintenance at the end of the day a simple and safe process.<\/li>\n<\/ul>\n<p>DEVICE FEATURES:<\/p>\n<ul>\n<li>Slide the grain hopper<\/li>\n<li>Overload protection<\/li>\n<li>Proximity sensor<\/li>\n<li>Multi-function display &amp; controller<\/li>\n<li>Stepless grind adjustment<\/li>\n<li>Dual cooling fan system<\/li>\n<li>Safety switch under the grain hopper<\/li>\n<li>Safety switch behind faucet<\/li>\n<li>The back is removable<\/li>\n<\/ul>\n","protected":false},"excerpt":{"rendered":"<ul>\n<li>Producer: Anfim<\/li>\n<li>Origin: Italy<\/li>\n<li>1 year warranty<\/li>\n<li>Color: Black\/white<\/li>\n<\/ul>\n","protected":false},"featured_media":2227,"comment_status":"open","ping_status":"closed","template":"","meta":{"inline_featured_image":false},"product_brand":[],"product_cat":[213,187],"product_tag":[],"class_list":{"0":"post-2570","1":"product","2":"type-product","3":"status-publish","4":"has-post-thumbnail","6":"product_cat-may-xay-ca-phe-anfim-en-may-xay-ca-phe-en","7":"product_cat-may-xay-ca-phe-en","8":"category_filter_product-thuong-hieu-en","9":"category_filter_product-duoi-1000-w-en","10":"category_filter_product-anfim-en","11":"category_filter_product-cong-suat-en","12":"category_filter_product-gia-tien-en","13":"category_filter_product-50-million-100-million-en","15":"first","16":"instock","17":"shipping-taxable","18":"purchasable","19":"product-type-simple"},"acf":[],"yoast_head":"<!-- This site is optimized with the Yoast SEO plugin v24.9 - https:\/\/yoast.com\/wordpress\/plugins\/seo\/ -->\n<title>Anfim SP-II-P-220 Coffee Grinder (SP II+Special Performance Plus) - KI\u1ebeN NAM BARISTA<\/title>\n<meta name=\"description\" content=\"Anfim coffee grinder SP-II-P-220-W (SP II+ Special Performance Plus), the most prestigious and professional warranty policy in Vietnam\" \/>\n<meta name=\"robots\" content=\"index, follow, max-snippet:-1, max-image-preview:large, max-video-preview:-1\" \/>\n<link rel=\"canonical\" href=\"https:\/\/kiennambarista.com\/en\/san-pham\/may-xay-ca-phe-anfim-sp-ii-p-220-w-sp-ii-special-performance-plus\/\" \/>\n<meta property=\"og:locale\" content=\"en_US\" \/>\n<meta property=\"og:type\" content=\"article\" \/>\n<meta property=\"og:title\" content=\"Anfim SP-II-P-220 Coffee Grinder (SP II+Special Performance Plus) - KI\u1ebeN NAM BARISTA\" \/>\n<meta property=\"og:description\" content=\"Anfim coffee grinder SP-II-P-220-W (SP II+ Special Performance Plus), the most prestigious and professional warranty policy in Vietnam\" \/>\n<meta property=\"og:url\" content=\"https:\/\/kiennambarista.com\/en\/san-pham\/may-xay-ca-phe-anfim-sp-ii-p-220-w-sp-ii-special-performance-plus\/\" \/>\n<meta property=\"og:site_name\" content=\"KI\u1ebeN NAM BARISTA\" \/>\n<meta property=\"article:modified_time\" content=\"2023-07-05T08:48:13+00:00\" \/>\n<meta property=\"og:image\" content=\"https:\/\/kiennambarista.com\/wp-content\/uploads\/2023\/02\/ADC.jpg\" \/>\n\t<meta property=\"og:image:width\" content=\"1200\" \/>\n\t<meta property=\"og:image:height\" content=\"992\" \/>\n\t<meta property=\"og:image:type\" content=\"image\/jpeg\" \/>\n<meta name=\"twitter:card\" content=\"summary_large_image\" \/>\n<meta name=\"twitter:label1\" content=\"Est. reading time\" \/>\n\t<meta name=\"twitter:data1\" content=\"1 minute\" \/>\n<script type=\"application\/ld+json\" class=\"yoast-schema-graph\">{\"@context\":\"https:\/\/schema.org\",\"@graph\":[{\"@type\":\"WebPage\",\"@id\":\"https:\/\/kiennambarista.com\/en\/san-pham\/may-xay-ca-phe-anfim-sp-ii-p-220-w-sp-ii-special-performance-plus\/\",\"url\":\"https:\/\/kiennambarista.com\/en\/san-pham\/may-xay-ca-phe-anfim-sp-ii-p-220-w-sp-ii-special-performance-plus\/\",\"name\":\"Anfim SP-II-P-220 Coffee Grinder (SP II+Special Performance Plus) - KI\u1ebeN NAM BARISTA\",\"isPartOf\":{\"@id\":\"https:\/\/kiennambarista.com\/#website\"},\"primaryImageOfPage\":{\"@id\":\"https:\/\/kiennambarista.com\/en\/san-pham\/may-xay-ca-phe-anfim-sp-ii-p-220-w-sp-ii-special-performance-plus\/#primaryimage\"},\"image\":{\"@id\":\"https:\/\/kiennambarista.com\/en\/san-pham\/may-xay-ca-phe-anfim-sp-ii-p-220-w-sp-ii-special-performance-plus\/#primaryimage\"},\"thumbnailUrl\":\"https:\/\/kiennambarista.com\/wp-content\/uploads\/2023\/02\/ADC.jpg\",\"datePublished\":\"2023-02-23T10:02:31+00:00\",\"dateModified\":\"2023-07-05T08:48:13+00:00\",\"description\":\"Anfim coffee grinder SP-II-P-220-W (SP II+ Special Performance Plus), the most prestigious and professional warranty policy in Vietnam\",\"breadcrumb\":{\"@id\":\"https:\/\/kiennambarista.com\/en\/san-pham\/may-xay-ca-phe-anfim-sp-ii-p-220-w-sp-ii-special-performance-plus\/#breadcrumb\"},\"inLanguage\":\"en-US\",\"potentialAction\":[{\"@type\":\"ReadAction\",\"target\":[\"https:\/\/kiennambarista.com\/en\/san-pham\/may-xay-ca-phe-anfim-sp-ii-p-220-w-sp-ii-special-performance-plus\/\"]}]},{\"@type\":\"ImageObject\",\"inLanguage\":\"en-US\",\"@id\":\"https:\/\/kiennambarista.com\/en\/san-pham\/may-xay-ca-phe-anfim-sp-ii-p-220-w-sp-ii-special-performance-plus\/#primaryimage\",\"url\":\"https:\/\/kiennambarista.com\/wp-content\/uploads\/2023\/02\/ADC.jpg\",\"contentUrl\":\"https:\/\/kiennambarista.com\/wp-content\/uploads\/2023\/02\/ADC.jpg\",\"width\":1200,\"height\":992,\"caption\":\"SP II + l\u00e0 s\u1ef1 l\u1ef1a ch\u1ecdn h\u00e0ng \u0111\u1ea7u \u0111\u1ec3 t\u1ea1o ra h\u01b0\u01a1ng v\u1ecb s\u1ea1ch v\u1edbi \u0111\u1ed9 ng\u1ecdt t\u1ed1i \u01b0u v\u00e0 s\u1ef1 c\u00e2n b\u1eb1ng ho\u00e0n h\u1ea3o - ngay c\u1ea3 trong nh\u1eefng m\u00f4i tr\u01b0\u1eddng kh\u1eafc nghi\u1ec7t & xay nhi\u1ec1u nh\u1ea5t.\"},{\"@type\":\"BreadcrumbList\",\"@id\":\"https:\/\/kiennambarista.com\/en\/san-pham\/may-xay-ca-phe-anfim-sp-ii-p-220-w-sp-ii-special-performance-plus\/#breadcrumb\",\"itemListElement\":[{\"@type\":\"ListItem\",\"position\":1,\"name\":\"Trang ch\u1ee7\",\"item\":\"https:\/\/kiennambarista.com\/en\/\"},{\"@type\":\"ListItem\",\"position\":2,\"name\":\"Product\",\"item\":\"https:\/\/kiennambarista.com\/en\/san-pham\/\"},{\"@type\":\"ListItem\",\"position\":3,\"name\":\"Anfim SP-II-P-220 Coffee Grinder (SP II+Special Performance Plus)\"}]},{\"@type\":\"WebSite\",\"@id\":\"https:\/\/kiennambarista.com\/#website\",\"url\":\"https:\/\/kiennambarista.com\/\",\"name\":\"Ki\u1ebfn Nam BARISTA\",\"description\":\"Nh\u00e0 ph\u00e2n ph\u1ed1i v\u00e0 cung c\u1ea5p d\u1ecbch v\u1ee5 m\u00e1y pha c\u00e0 ph\u00ea h\u00e0ng \u0111\u1ea7u t\u1ea1i Vi\u1ec7t Nam\",\"publisher\":{\"@id\":\"https:\/\/kiennambarista.com\/#organization\"},\"potentialAction\":[{\"@type\":\"SearchAction\",\"target\":{\"@type\":\"EntryPoint\",\"urlTemplate\":\"https:\/\/kiennambarista.com\/?s={search_term_string}\"},\"query-input\":{\"@type\":\"PropertyValueSpecification\",\"valueRequired\":true,\"valueName\":\"search_term_string\"}}],\"inLanguage\":\"en-US\"},{\"@type\":\"Organization\",\"@id\":\"https:\/\/kiennambarista.com\/#organization\",\"name\":\"Ki\u1ebfn Nam BARISTA\",\"url\":\"https:\/\/kiennambarista.com\/\",\"logo\":{\"@type\":\"ImageObject\",\"inLanguage\":\"en-US\",\"@id\":\"https:\/\/kiennambarista.com\/#\/schema\/logo\/image\/\",\"url\":\"https:\/\/kiennambarista.com\/wp-content\/uploads\/2023\/01\/logo_kiennam.svg\",\"contentUrl\":\"https:\/\/kiennambarista.com\/wp-content\/uploads\/2023\/01\/logo_kiennam.svg\",\"width\":88,\"height\":54,\"caption\":\"Ki\u1ebfn Nam BARISTA\"},\"image\":{\"@id\":\"https:\/\/kiennambarista.com\/#\/schema\/logo\/image\/\"}}]}<\/script>\n<!-- \/ Yoast SEO plugin. -->","yoast_head_json":{"title":"Anfim SP-II-P-220 Coffee Grinder (SP II+Special Performance Plus) - KI\u1ebeN NAM BARISTA","description":"Anfim coffee grinder SP-II-P-220-W (SP II+ Special Performance Plus), the most prestigious and professional warranty policy in Vietnam","robots":{"index":"index","follow":"follow","max-snippet":"max-snippet:-1","max-image-preview":"max-image-preview:large","max-video-preview":"max-video-preview:-1"},"canonical":"https:\/\/kiennambarista.com\/en\/san-pham\/may-xay-ca-phe-anfim-sp-ii-p-220-w-sp-ii-special-performance-plus\/","og_locale":"en_US","og_type":"article","og_title":"Anfim SP-II-P-220 Coffee Grinder (SP II+Special Performance Plus) - KI\u1ebeN NAM BARISTA","og_description":"Anfim coffee grinder SP-II-P-220-W (SP II+ Special Performance Plus), the most prestigious and professional warranty policy in Vietnam","og_url":"https:\/\/kiennambarista.com\/en\/san-pham\/may-xay-ca-phe-anfim-sp-ii-p-220-w-sp-ii-special-performance-plus\/","og_site_name":"KI\u1ebeN NAM BARISTA","article_modified_time":"2023-07-05T08:48:13+00:00","og_image":[{"width":1200,"height":992,"url":"https:\/\/kiennambarista.com\/wp-content\/uploads\/2023\/02\/ADC.jpg","type":"image\/jpeg"}],"twitter_card":"summary_large_image","twitter_misc":{"Est. reading time":"1 minute"},"schema":{"@context":"https:\/\/schema.org","@graph":[{"@type":"WebPage","@id":"https:\/\/kiennambarista.com\/en\/san-pham\/may-xay-ca-phe-anfim-sp-ii-p-220-w-sp-ii-special-performance-plus\/","url":"https:\/\/kiennambarista.com\/en\/san-pham\/may-xay-ca-phe-anfim-sp-ii-p-220-w-sp-ii-special-performance-plus\/","name":"Anfim SP-II-P-220 Coffee Grinder (SP II+Special Performance Plus) - KI\u1ebeN NAM BARISTA","isPartOf":{"@id":"https:\/\/kiennambarista.com\/#website"},"primaryImageOfPage":{"@id":"https:\/\/kiennambarista.com\/en\/san-pham\/may-xay-ca-phe-anfim-sp-ii-p-220-w-sp-ii-special-performance-plus\/#primaryimage"},"image":{"@id":"https:\/\/kiennambarista.com\/en\/san-pham\/may-xay-ca-phe-anfim-sp-ii-p-220-w-sp-ii-special-performance-plus\/#primaryimage"},"thumbnailUrl":"https:\/\/kiennambarista.com\/wp-content\/uploads\/2023\/02\/ADC.jpg","datePublished":"2023-02-23T10:02:31+00:00","dateModified":"2023-07-05T08:48:13+00:00","description":"Anfim coffee grinder SP-II-P-220-W (SP II+ Special Performance Plus), the most prestigious and professional warranty policy in Vietnam","breadcrumb":{"@id":"https:\/\/kiennambarista.com\/en\/san-pham\/may-xay-ca-phe-anfim-sp-ii-p-220-w-sp-ii-special-performance-plus\/#breadcrumb"},"inLanguage":"en-US","potentialAction":[{"@type":"ReadAction","target":["https:\/\/kiennambarista.com\/en\/san-pham\/may-xay-ca-phe-anfim-sp-ii-p-220-w-sp-ii-special-performance-plus\/"]}]},{"@type":"ImageObject","inLanguage":"en-US","@id":"https:\/\/kiennambarista.com\/en\/san-pham\/may-xay-ca-phe-anfim-sp-ii-p-220-w-sp-ii-special-performance-plus\/#primaryimage","url":"https:\/\/kiennambarista.com\/wp-content\/uploads\/2023\/02\/ADC.jpg","contentUrl":"https:\/\/kiennambarista.com\/wp-content\/uploads\/2023\/02\/ADC.jpg","width":1200,"height":992,"caption":"SP II + l\u00e0 s\u1ef1 l\u1ef1a ch\u1ecdn h\u00e0ng \u0111\u1ea7u \u0111\u1ec3 t\u1ea1o ra h\u01b0\u01a1ng v\u1ecb s\u1ea1ch v\u1edbi \u0111\u1ed9 ng\u1ecdt t\u1ed1i \u01b0u v\u00e0 s\u1ef1 c\u00e2n b\u1eb1ng ho\u00e0n h\u1ea3o - ngay c\u1ea3 trong nh\u1eefng m\u00f4i tr\u01b0\u1eddng kh\u1eafc nghi\u1ec7t & xay nhi\u1ec1u nh\u1ea5t."},{"@type":"BreadcrumbList","@id":"https:\/\/kiennambarista.com\/en\/san-pham\/may-xay-ca-phe-anfim-sp-ii-p-220-w-sp-ii-special-performance-plus\/#breadcrumb","itemListElement":[{"@type":"ListItem","position":1,"name":"Trang ch\u1ee7","item":"https:\/\/kiennambarista.com\/en\/"},{"@type":"ListItem","position":2,"name":"Product","item":"https:\/\/kiennambarista.com\/en\/san-pham\/"},{"@type":"ListItem","position":3,"name":"Anfim SP-II-P-220 Coffee Grinder (SP II+Special Performance Plus)"}]},{"@type":"WebSite","@id":"https:\/\/kiennambarista.com\/#website","url":"https:\/\/kiennambarista.com\/","name":"Ki\u1ebfn Nam BARISTA","description":"Nh\u00e0 ph\u00e2n ph\u1ed1i v\u00e0 cung c\u1ea5p d\u1ecbch v\u1ee5 m\u00e1y pha c\u00e0 ph\u00ea h\u00e0ng \u0111\u1ea7u t\u1ea1i Vi\u1ec7t Nam","publisher":{"@id":"https:\/\/kiennambarista.com\/#organization"},"potentialAction":[{"@type":"SearchAction","target":{"@type":"EntryPoint","urlTemplate":"https:\/\/kiennambarista.com\/?s={search_term_string}"},"query-input":{"@type":"PropertyValueSpecification","valueRequired":true,"valueName":"search_term_string"}}],"inLanguage":"en-US"},{"@type":"Organization","@id":"https:\/\/kiennambarista.com\/#organization","name":"Ki\u1ebfn Nam BARISTA","url":"https:\/\/kiennambarista.com\/","logo":{"@type":"ImageObject","inLanguage":"en-US","@id":"https:\/\/kiennambarista.com\/#\/schema\/logo\/image\/","url":"https:\/\/kiennambarista.com\/wp-content\/uploads\/2023\/01\/logo_kiennam.svg","contentUrl":"https:\/\/kiennambarista.com\/wp-content\/uploads\/2023\/01\/logo_kiennam.svg","width":88,"height":54,"caption":"Ki\u1ebfn Nam BARISTA"},"image":{"@id":"https:\/\/kiennambarista.com\/#\/schema\/logo\/image\/"}}]}},"_links":{"self":[{"href":"https:\/\/kiennambarista.com\/en\/wp-json\/wp\/v2\/product\/2570","targetHints":{"allow":["GET"]}}],"collection":[{"href":"https:\/\/kiennambarista.com\/en\/wp-json\/wp\/v2\/product"}],"about":[{"href":"https:\/\/kiennambarista.com\/en\/wp-json\/wp\/v2\/types\/product"}],"replies":[{"embeddable":true,"href":"https:\/\/kiennambarista.com\/en\/wp-json\/wp\/v2\/comments?post=2570"}],"wp:featuredmedia":[{"embeddable":true,"href":"https:\/\/kiennambarista.com\/en\/wp-json\/wp\/v2\/media\/2227"}],"wp:attachment":[{"href":"https:\/\/kiennambarista.com\/en\/wp-json\/wp\/v2\/media?parent=2570"}],"wp:term":[{"taxonomy":"product_brand","embeddable":true,"href":"https:\/\/kiennambarista.com\/en\/wp-json\/wp\/v2\/product_brand?post=2570"},{"taxonomy":"product_cat","embeddable":true,"href":"https:\/\/kiennambarista.com\/en\/wp-json\/wp\/v2\/product_cat?post=2570"},{"taxonomy":"product_tag","embeddable":true,"href":"https:\/\/kiennambarista.com\/en\/wp-json\/wp\/v2\/product_tag?post=2570"}],"curies":[{"name":"wp","href":"https:\/\/api.w.org\/{rel}","templated":true}]}}