{"id":2569,"date":"2023-02-24T09:28:55","date_gmt":"2023-02-24T02:28:55","guid":{"rendered":"https:\/\/kiennambarista.com\/san-pham\/may-pha-tra-klub-gt1\/"},"modified":"2023-07-06T16:21:19","modified_gmt":"2023-07-06T09:21:19","slug":"may-pha-tra-klub-gt1","status":"publish","type":"product","link":"https:\/\/kiennambarista.com\/en\/san-pham\/may-pha-tra-klub-gt1\/","title":{"rendered":"Klub GT1 tea maker"},"content":{"rendered":"<h1 style=\"text-align: center;\">Klub GT1 tea maker<\/h1>\n<p>When it comes with a patented tea filter that can brew different tea ingredients as the volume and pressure can be adjusted to achieve the best extraction function, the machine can brew teas with most iconic; Original leaf tea, ground tea and tea bags are all suitable for the machine.<\/p>\n","protected":false},"excerpt":{"rendered":"<ul>\n<li>Manufacturer: Klub<\/li>\n<li>Origin: Taiwan<\/li>\n<li>1 year warranty<\/li>\n<\/ul>\n","protected":false},"featured_media":2043,"comment_status":"open","ping_status":"closed","template":"","meta":{"inline_featured_image":false},"product_brand":[],"product_cat":[207],"product_tag":[],"class_list":{"0":"post-2569","1":"product","2":"type-product","3":"status-publish","4":"has-post-thumbnail","6":"product_cat-may-pha-tra-en","7":"category_filter_product-thuong-hieu-en","8":"category_filter_product-cong-suat-en","9":"category_filter_product-gia-tien-en","10":"category_filter_product-2000-3000-w-en","11":"category_filter_product-100-trieu-150-trieu-en","12":"category_filter_product-klub-en","14":"first","15":"instock","16":"shipping-taxable","17":"purchasable","18":"product-type-simple"},"acf":[],"yoast_head":"<!-- This site is optimized with the Yoast SEO plugin v24.9 - https:\/\/yoast.com\/wordpress\/plugins\/seo\/ -->\n<title>Klub GT1 tea maker - KI\u1ebeN NAM BARISTA<\/title>\n<meta name=\"description\" content=\"Klub GT1 tea maker genuine distributed by Kien Nam Barista. The most prestigious and professional warranty policy in Vietnam\" \/>\n<meta name=\"robots\" content=\"index, follow, max-snippet:-1, max-image-preview:large, max-video-preview:-1\" \/>\n<link rel=\"canonical\" href=\"https:\/\/kiennambarista.com\/en\/san-pham\/may-pha-tra-klub-gt1\/\" \/>\n<meta property=\"og:locale\" content=\"en_US\" \/>\n<meta property=\"og:type\" content=\"article\" \/>\n<meta property=\"og:title\" content=\"Klub GT1 tea maker - KI\u1ebeN NAM BARISTA\" \/>\n<meta property=\"og:description\" content=\"Klub GT1 tea maker genuine distributed by Kien Nam Barista. The most prestigious and professional warranty policy in Vietnam\" \/>\n<meta property=\"og:url\" content=\"https:\/\/kiennambarista.com\/en\/san-pham\/may-pha-tra-klub-gt1\/\" \/>\n<meta property=\"og:site_name\" content=\"KI\u1ebeN NAM BARISTA\" \/>\n<meta property=\"article:modified_time\" content=\"2023-07-06T09:21:19+00:00\" \/>\n<meta property=\"og:image\" content=\"https:\/\/kiennambarista.com\/wp-content\/uploads\/2023\/02\/May-pha-tra-Klub-GT1-1.jpg\" \/>\n\t<meta property=\"og:image:width\" content=\"1200\" \/>\n\t<meta property=\"og:image:height\" content=\"992\" \/>\n\t<meta property=\"og:image:type\" content=\"image\/jpeg\" \/>\n<meta name=\"twitter:card\" content=\"summary_large_image\" \/>\n<script type=\"application\/ld+json\" class=\"yoast-schema-graph\">{\"@context\":\"https:\/\/schema.org\",\"@graph\":[{\"@type\":\"WebPage\",\"@id\":\"https:\/\/kiennambarista.com\/en\/san-pham\/may-pha-tra-klub-gt1\/\",\"url\":\"https:\/\/kiennambarista.com\/en\/san-pham\/may-pha-tra-klub-gt1\/\",\"name\":\"Klub GT1 tea maker - KI\u1ebeN NAM BARISTA\",\"isPartOf\":{\"@id\":\"https:\/\/kiennambarista.com\/#website\"},\"primaryImageOfPage\":{\"@id\":\"https:\/\/kiennambarista.com\/en\/san-pham\/may-pha-tra-klub-gt1\/#primaryimage\"},\"image\":{\"@id\":\"https:\/\/kiennambarista.com\/en\/san-pham\/may-pha-tra-klub-gt1\/#primaryimage\"},\"thumbnailUrl\":\"https:\/\/kiennambarista.com\/wp-content\/uploads\/2023\/02\/May-pha-tra-Klub-GT1-1.jpg\",\"datePublished\":\"2023-02-24T02:28:55+00:00\",\"dateModified\":\"2023-07-06T09:21:19+00:00\",\"description\":\"Klub GT1 tea maker genuine distributed by Kien Nam Barista. The most prestigious and professional warranty policy in Vietnam\",\"breadcrumb\":{\"@id\":\"https:\/\/kiennambarista.com\/en\/san-pham\/may-pha-tra-klub-gt1\/#breadcrumb\"},\"inLanguage\":\"en-US\",\"potentialAction\":[{\"@type\":\"ReadAction\",\"target\":[\"https:\/\/kiennambarista.com\/en\/san-pham\/may-pha-tra-klub-gt1\/\"]}]},{\"@type\":\"ImageObject\",\"inLanguage\":\"en-US\",\"@id\":\"https:\/\/kiennambarista.com\/en\/san-pham\/may-pha-tra-klub-gt1\/#primaryimage\",\"url\":\"https:\/\/kiennambarista.com\/wp-content\/uploads\/2023\/02\/May-pha-tra-Klub-GT1-1.jpg\",\"contentUrl\":\"https:\/\/kiennambarista.com\/wp-content\/uploads\/2023\/02\/May-pha-tra-Klub-GT1-1.jpg\",\"width\":1200,\"height\":992,\"caption\":\"Khi \u0111i k\u00e8m v\u1edbi b\u1ed9 l\u1ecdc tr\u00e0 \u0111\u01b0\u1ee3c c\u1ea5p b\u1eb1ng s\u00e1ng ch\u1ebf c\u00f3 th\u1ec3 pha c\u00e1c nguy\u00ean li\u1ec7u tr\u00e0 kh\u00e1c nhau v\u00ec th\u1ec3 t\u00edch v\u00e0 \u00e1p su\u1ea5t c\u00f3 th\u1ec3 \u0111\u01b0\u1ee3c \u0111i\u1ec1u ch\u1ec9nh \u0111\u1ec3 \u0111\u1ea1t \u0111\u01b0\u1ee3c ch\u1ee9c n\u0103ng chi\u1ebft xu\u1ea5t t\u1ed1t nh\u1ea5t, m\u00e1y c\u00f3 th\u1ec3 pha c\u00e1c lo\u1ea1i tr\u00e0 mang t\u00ednh bi\u1ec3u t\u01b0\u1ee3ng nh\u1ea5t; l\u00e1 tr\u00e0 nguy\u00ean b\u1ea3n, tr\u00e0 xay v\u00e0 t\u00fai tr\u00e0 \u0111\u1ec1u ph\u00f9 h\u1ee3p v\u1edbi m\u00e1y.\"},{\"@type\":\"BreadcrumbList\",\"@id\":\"https:\/\/kiennambarista.com\/en\/san-pham\/may-pha-tra-klub-gt1\/#breadcrumb\",\"itemListElement\":[{\"@type\":\"ListItem\",\"position\":1,\"name\":\"Trang ch\u1ee7\",\"item\":\"https:\/\/kiennambarista.com\/en\/\"},{\"@type\":\"ListItem\",\"position\":2,\"name\":\"Product\",\"item\":\"https:\/\/kiennambarista.com\/en\/san-pham\/\"},{\"@type\":\"ListItem\",\"position\":3,\"name\":\"Klub GT1 tea maker\"}]},{\"@type\":\"WebSite\",\"@id\":\"https:\/\/kiennambarista.com\/#website\",\"url\":\"https:\/\/kiennambarista.com\/\",\"name\":\"Ki\u1ebfn Nam BARISTA\",\"description\":\"Nh\u00e0 ph\u00e2n ph\u1ed1i v\u00e0 cung c\u1ea5p d\u1ecbch v\u1ee5 m\u00e1y pha c\u00e0 ph\u00ea h\u00e0ng \u0111\u1ea7u t\u1ea1i Vi\u1ec7t Nam\",\"publisher\":{\"@id\":\"https:\/\/kiennambarista.com\/#organization\"},\"potentialAction\":[{\"@type\":\"SearchAction\",\"target\":{\"@type\":\"EntryPoint\",\"urlTemplate\":\"https:\/\/kiennambarista.com\/?s={search_term_string}\"},\"query-input\":{\"@type\":\"PropertyValueSpecification\",\"valueRequired\":true,\"valueName\":\"search_term_string\"}}],\"inLanguage\":\"en-US\"},{\"@type\":\"Organization\",\"@id\":\"https:\/\/kiennambarista.com\/#organization\",\"name\":\"Ki\u1ebfn Nam BARISTA\",\"url\":\"https:\/\/kiennambarista.com\/\",\"logo\":{\"@type\":\"ImageObject\",\"inLanguage\":\"en-US\",\"@id\":\"https:\/\/kiennambarista.com\/#\/schema\/logo\/image\/\",\"url\":\"https:\/\/kiennambarista.com\/wp-content\/uploads\/2023\/01\/logo_kiennam.svg\",\"contentUrl\":\"https:\/\/kiennambarista.com\/wp-content\/uploads\/2023\/01\/logo_kiennam.svg\",\"width\":88,\"height\":54,\"caption\":\"Ki\u1ebfn Nam BARISTA\"},\"image\":{\"@id\":\"https:\/\/kiennambarista.com\/#\/schema\/logo\/image\/\"}}]}<\/script>\n<!-- \/ Yoast SEO plugin. -->","yoast_head_json":{"title":"Klub GT1 tea maker - KI\u1ebeN NAM BARISTA","description":"Klub GT1 tea maker genuine distributed by Kien Nam Barista. The most prestigious and professional warranty policy in Vietnam","robots":{"index":"index","follow":"follow","max-snippet":"max-snippet:-1","max-image-preview":"max-image-preview:large","max-video-preview":"max-video-preview:-1"},"canonical":"https:\/\/kiennambarista.com\/en\/san-pham\/may-pha-tra-klub-gt1\/","og_locale":"en_US","og_type":"article","og_title":"Klub GT1 tea maker - KI\u1ebeN NAM BARISTA","og_description":"Klub GT1 tea maker genuine distributed by Kien Nam Barista. The most prestigious and professional warranty policy in Vietnam","og_url":"https:\/\/kiennambarista.com\/en\/san-pham\/may-pha-tra-klub-gt1\/","og_site_name":"KI\u1ebeN NAM BARISTA","article_modified_time":"2023-07-06T09:21:19+00:00","og_image":[{"width":1200,"height":992,"url":"https:\/\/kiennambarista.com\/wp-content\/uploads\/2023\/02\/May-pha-tra-Klub-GT1-1.jpg","type":"image\/jpeg"}],"twitter_card":"summary_large_image","schema":{"@context":"https:\/\/schema.org","@graph":[{"@type":"WebPage","@id":"https:\/\/kiennambarista.com\/en\/san-pham\/may-pha-tra-klub-gt1\/","url":"https:\/\/kiennambarista.com\/en\/san-pham\/may-pha-tra-klub-gt1\/","name":"Klub GT1 tea maker - KI\u1ebeN NAM BARISTA","isPartOf":{"@id":"https:\/\/kiennambarista.com\/#website"},"primaryImageOfPage":{"@id":"https:\/\/kiennambarista.com\/en\/san-pham\/may-pha-tra-klub-gt1\/#primaryimage"},"image":{"@id":"https:\/\/kiennambarista.com\/en\/san-pham\/may-pha-tra-klub-gt1\/#primaryimage"},"thumbnailUrl":"https:\/\/kiennambarista.com\/wp-content\/uploads\/2023\/02\/May-pha-tra-Klub-GT1-1.jpg","datePublished":"2023-02-24T02:28:55+00:00","dateModified":"2023-07-06T09:21:19+00:00","description":"Klub GT1 tea maker genuine distributed by Kien Nam Barista. The most prestigious and professional warranty policy in Vietnam","breadcrumb":{"@id":"https:\/\/kiennambarista.com\/en\/san-pham\/may-pha-tra-klub-gt1\/#breadcrumb"},"inLanguage":"en-US","potentialAction":[{"@type":"ReadAction","target":["https:\/\/kiennambarista.com\/en\/san-pham\/may-pha-tra-klub-gt1\/"]}]},{"@type":"ImageObject","inLanguage":"en-US","@id":"https:\/\/kiennambarista.com\/en\/san-pham\/may-pha-tra-klub-gt1\/#primaryimage","url":"https:\/\/kiennambarista.com\/wp-content\/uploads\/2023\/02\/May-pha-tra-Klub-GT1-1.jpg","contentUrl":"https:\/\/kiennambarista.com\/wp-content\/uploads\/2023\/02\/May-pha-tra-Klub-GT1-1.jpg","width":1200,"height":992,"caption":"Khi \u0111i k\u00e8m v\u1edbi b\u1ed9 l\u1ecdc tr\u00e0 \u0111\u01b0\u1ee3c c\u1ea5p b\u1eb1ng s\u00e1ng ch\u1ebf c\u00f3 th\u1ec3 pha c\u00e1c nguy\u00ean li\u1ec7u tr\u00e0 kh\u00e1c nhau v\u00ec th\u1ec3 t\u00edch v\u00e0 \u00e1p su\u1ea5t c\u00f3 th\u1ec3 \u0111\u01b0\u1ee3c \u0111i\u1ec1u ch\u1ec9nh \u0111\u1ec3 \u0111\u1ea1t \u0111\u01b0\u1ee3c ch\u1ee9c n\u0103ng chi\u1ebft xu\u1ea5t t\u1ed1t nh\u1ea5t, m\u00e1y c\u00f3 th\u1ec3 pha c\u00e1c lo\u1ea1i tr\u00e0 mang t\u00ednh bi\u1ec3u t\u01b0\u1ee3ng nh\u1ea5t; l\u00e1 tr\u00e0 nguy\u00ean b\u1ea3n, tr\u00e0 xay v\u00e0 t\u00fai tr\u00e0 \u0111\u1ec1u ph\u00f9 h\u1ee3p v\u1edbi m\u00e1y."},{"@type":"BreadcrumbList","@id":"https:\/\/kiennambarista.com\/en\/san-pham\/may-pha-tra-klub-gt1\/#breadcrumb","itemListElement":[{"@type":"ListItem","position":1,"name":"Trang ch\u1ee7","item":"https:\/\/kiennambarista.com\/en\/"},{"@type":"ListItem","position":2,"name":"Product","item":"https:\/\/kiennambarista.com\/en\/san-pham\/"},{"@type":"ListItem","position":3,"name":"Klub GT1 tea maker"}]},{"@type":"WebSite","@id":"https:\/\/kiennambarista.com\/#website","url":"https:\/\/kiennambarista.com\/","name":"Ki\u1ebfn Nam BARISTA","description":"Nh\u00e0 ph\u00e2n ph\u1ed1i v\u00e0 cung c\u1ea5p d\u1ecbch v\u1ee5 m\u00e1y pha c\u00e0 ph\u00ea h\u00e0ng \u0111\u1ea7u t\u1ea1i Vi\u1ec7t Nam","publisher":{"@id":"https:\/\/kiennambarista.com\/#organization"},"potentialAction":[{"@type":"SearchAction","target":{"@type":"EntryPoint","urlTemplate":"https:\/\/kiennambarista.com\/?s={search_term_string}"},"query-input":{"@type":"PropertyValueSpecification","valueRequired":true,"valueName":"search_term_string"}}],"inLanguage":"en-US"},{"@type":"Organization","@id":"https:\/\/kiennambarista.com\/#organization","name":"Ki\u1ebfn Nam BARISTA","url":"https:\/\/kiennambarista.com\/","logo":{"@type":"ImageObject","inLanguage":"en-US","@id":"https:\/\/kiennambarista.com\/#\/schema\/logo\/image\/","url":"https:\/\/kiennambarista.com\/wp-content\/uploads\/2023\/01\/logo_kiennam.svg","contentUrl":"https:\/\/kiennambarista.com\/wp-content\/uploads\/2023\/01\/logo_kiennam.svg","width":88,"height":54,"caption":"Ki\u1ebfn Nam BARISTA"},"image":{"@id":"https:\/\/kiennambarista.com\/#\/schema\/logo\/image\/"}}]}},"_links":{"self":[{"href":"https:\/\/kiennambarista.com\/en\/wp-json\/wp\/v2\/product\/2569","targetHints":{"allow":["GET"]}}],"collection":[{"href":"https:\/\/kiennambarista.com\/en\/wp-json\/wp\/v2\/product"}],"about":[{"href":"https:\/\/kiennambarista.com\/en\/wp-json\/wp\/v2\/types\/product"}],"replies":[{"embeddable":true,"href":"https:\/\/kiennambarista.com\/en\/wp-json\/wp\/v2\/comments?post=2569"}],"wp:featuredmedia":[{"embeddable":true,"href":"https:\/\/kiennambarista.com\/en\/wp-json\/wp\/v2\/media\/2043"}],"wp:attachment":[{"href":"https:\/\/kiennambarista.com\/en\/wp-json\/wp\/v2\/media?parent=2569"}],"wp:term":[{"taxonomy":"product_brand","embeddable":true,"href":"https:\/\/kiennambarista.com\/en\/wp-json\/wp\/v2\/product_brand?post=2569"},{"taxonomy":"product_cat","embeddable":true,"href":"https:\/\/kiennambarista.com\/en\/wp-json\/wp\/v2\/product_cat?post=2569"},{"taxonomy":"product_tag","embeddable":true,"href":"https:\/\/kiennambarista.com\/en\/wp-json\/wp\/v2\/product_tag?post=2569"}],"curies":[{"name":"wp","href":"https:\/\/api.w.org\/{rel}","templated":true}]}}