{"id":2567,"date":"2023-02-24T09:36:36","date_gmt":"2023-02-24T02:36:36","guid":{"rendered":"https:\/\/kiennambarista.com\/san-pham\/may-pha-tra-klub-ltsc3\/"},"modified":"2023-07-06T16:28:37","modified_gmt":"2023-07-06T09:28:37","slug":"may-pha-tra-klub-ltsc3","status":"publish","type":"product","link":"https:\/\/kiennambarista.com\/en\/san-pham\/may-pha-tra-klub-ltsc3\/","title":{"rendered":"Klub LTSC3 . tea maker"},"content":{"rendered":"<ul>\n<li>2 control keyboards on 2 sides on the tea throat and 1 control keyboard on the coffee throat<\/li>\n<li>A variety of tea and coffee ingredients can be used.<\/li>\n<li>Automatic re-cleaning<\/li>\n<li>Patented tea-making hand (Portafilter) and adjustable brewing pressure<\/li>\n<li>1 Hand making coffee<\/li>\n<li>Preheating system on the cup plate heated from the boiler<\/li>\n<li>Basic streamlined design<\/li>\n<\/ul>\n<p>Manufacturer: Klub<br \/>\nOrigin: Taiwan<br \/>\nWarranty 12 months<\/p>\n","protected":false},"excerpt":{"rendered":"<ul>\n<li>Tea extraction system: 2 groups for making tea and 1 group for making coffee<\/li>\n<li>Volume of tea boiler: 6 liters<\/li>\n<li>Origin: Taiwan<\/li>\n<li>Warranty 12 months<\/li>\n<\/ul>\n","protected":false},"featured_media":2041,"comment_status":"open","ping_status":"closed","template":"","meta":{"inline_featured_image":false},"product_brand":[],"product_cat":[207],"product_tag":[],"class_list":{"0":"post-2567","1":"product","2":"type-product","3":"status-publish","4":"has-post-thumbnail","6":"product_cat-may-pha-tra-en","7":"category_filter_product-thuong-hieu-en","8":"category_filter_product-cong-suat-en","9":"category_filter_product-gia-tien-en","10":"category_filter_product-150-trieu-200-trieu-en","11":"category_filter_product-5000-7000-w-en","12":"category_filter_product-7000-10000-w-en","13":"category_filter_product-klub-en","15":"first","16":"instock","17":"shipping-taxable","18":"purchasable","19":"product-type-simple"},"acf":[],"yoast_head":"<!-- This site is optimized with the Yoast SEO plugin v24.9 - https:\/\/yoast.com\/wordpress\/plugins\/seo\/ -->\n<title>Klub LTSC3 . tea maker - KI\u1ebeN NAM BARISTA<\/title>\n<meta name=\"description\" content=\"Klub LTSC3 tea maker genuine distributed by Kien Nam Barista. The most prestigious and professional warranty policy in Vietnam\" \/>\n<meta name=\"robots\" content=\"index, follow, max-snippet:-1, max-image-preview:large, max-video-preview:-1\" \/>\n<link rel=\"canonical\" href=\"https:\/\/kiennambarista.com\/san-pham\/may-pha-tra-klub-ltsc3\/\" \/>\n<meta property=\"og:locale\" content=\"en_US\" \/>\n<meta property=\"og:type\" content=\"article\" \/>\n<meta property=\"og:title\" content=\"Klub LTSC3 . tea maker - KI\u1ebeN NAM BARISTA\" \/>\n<meta property=\"og:description\" content=\"Klub LTSC3 tea maker genuine distributed by Kien Nam Barista. The most prestigious and professional warranty policy in Vietnam\" \/>\n<meta property=\"og:url\" content=\"https:\/\/kiennambarista.com\/san-pham\/may-pha-tra-klub-ltsc3\/\" \/>\n<meta property=\"og:site_name\" content=\"KI\u1ebeN NAM BARISTA\" \/>\n<meta property=\"article:modified_time\" content=\"2023-07-06T09:28:37+00:00\" \/>\n<meta property=\"og:image\" content=\"https:\/\/kiennambarista.com\/wp-content\/uploads\/2023\/02\/May-pha-tra-Klub-LTSC3.jpg\" \/>\n\t<meta property=\"og:image:width\" content=\"1200\" \/>\n\t<meta property=\"og:image:height\" content=\"992\" \/>\n\t<meta property=\"og:image:type\" content=\"image\/jpeg\" \/>\n<meta name=\"twitter:card\" content=\"summary_large_image\" \/>\n<script type=\"application\/ld+json\" class=\"yoast-schema-graph\">{\"@context\":\"https:\/\/schema.org\",\"@graph\":[{\"@type\":\"WebPage\",\"@id\":\"https:\/\/kiennambarista.com\/san-pham\/may-pha-tra-klub-ltsc3\/\",\"url\":\"https:\/\/kiennambarista.com\/san-pham\/may-pha-tra-klub-ltsc3\/\",\"name\":\"Klub LTSC3 . tea maker - KI\u1ebeN NAM BARISTA\",\"isPartOf\":{\"@id\":\"https:\/\/kiennambarista.com\/#website\"},\"primaryImageOfPage\":{\"@id\":\"https:\/\/kiennambarista.com\/san-pham\/may-pha-tra-klub-ltsc3\/#primaryimage\"},\"image\":{\"@id\":\"https:\/\/kiennambarista.com\/san-pham\/may-pha-tra-klub-ltsc3\/#primaryimage\"},\"thumbnailUrl\":\"https:\/\/kiennambarista.com\/wp-content\/uploads\/2023\/02\/May-pha-tra-Klub-LTSC3.jpg\",\"datePublished\":\"2023-02-24T02:36:36+00:00\",\"dateModified\":\"2023-07-06T09:28:37+00:00\",\"description\":\"Klub LTSC3 tea maker genuine distributed by Kien Nam Barista. The most prestigious and professional warranty policy in Vietnam\",\"breadcrumb\":{\"@id\":\"https:\/\/kiennambarista.com\/san-pham\/may-pha-tra-klub-ltsc3\/#breadcrumb\"},\"inLanguage\":\"en-US\",\"potentialAction\":[{\"@type\":\"ReadAction\",\"target\":[\"https:\/\/kiennambarista.com\/san-pham\/may-pha-tra-klub-ltsc3\/\"]}]},{\"@type\":\"ImageObject\",\"inLanguage\":\"en-US\",\"@id\":\"https:\/\/kiennambarista.com\/san-pham\/may-pha-tra-klub-ltsc3\/#primaryimage\",\"url\":\"https:\/\/kiennambarista.com\/wp-content\/uploads\/2023\/02\/May-pha-tra-Klub-LTSC3.jpg\",\"contentUrl\":\"https:\/\/kiennambarista.com\/wp-content\/uploads\/2023\/02\/May-pha-tra-Klub-LTSC3.jpg\",\"width\":1200,\"height\":992,\"caption\":\"C\u00f3 th\u1ec3 d\u00f9ng nhi\u1ec1u lo\u1ea1i nguy\u00ean li\u1ec7u tr\u00e0 v\u00e0 c\u00e0 ph\u00ea kh\u00e1c nhau. T\u1ef1 \u0111\u1ed9ng l\u00e0m s\u1ea1ch l\u1ea1i Tay (Portafilter) pha tr\u00e0 \u0111\u01b0\u1ee3c c\u1ea5p b\u1eb1ng s\u00e1ng ch\u1ebf v\u00e0 c\u00f3 th\u1ec3 \u0111i\u1ec1u ch\u1ec9nh \u00e1p l\u1ef1c pha\"},{\"@type\":\"BreadcrumbList\",\"@id\":\"https:\/\/kiennambarista.com\/san-pham\/may-pha-tra-klub-ltsc3\/#breadcrumb\",\"itemListElement\":[{\"@type\":\"ListItem\",\"position\":1,\"name\":\"Trang ch\u1ee7\",\"item\":\"https:\/\/kiennambarista.com\/en\/\"},{\"@type\":\"ListItem\",\"position\":2,\"name\":\"Product\",\"item\":\"https:\/\/kiennambarista.com\/en\/san-pham\/\"},{\"@type\":\"ListItem\",\"position\":3,\"name\":\"Klub LTSC3 . tea maker\"}]},{\"@type\":\"WebSite\",\"@id\":\"https:\/\/kiennambarista.com\/#website\",\"url\":\"https:\/\/kiennambarista.com\/\",\"name\":\"Ki\u1ebfn Nam BARISTA\",\"description\":\"Nh\u00e0 ph\u00e2n ph\u1ed1i v\u00e0 cung c\u1ea5p d\u1ecbch v\u1ee5 m\u00e1y pha c\u00e0 ph\u00ea h\u00e0ng \u0111\u1ea7u t\u1ea1i Vi\u1ec7t Nam\",\"publisher\":{\"@id\":\"https:\/\/kiennambarista.com\/#organization\"},\"potentialAction\":[{\"@type\":\"SearchAction\",\"target\":{\"@type\":\"EntryPoint\",\"urlTemplate\":\"https:\/\/kiennambarista.com\/?s={search_term_string}\"},\"query-input\":{\"@type\":\"PropertyValueSpecification\",\"valueRequired\":true,\"valueName\":\"search_term_string\"}}],\"inLanguage\":\"en-US\"},{\"@type\":\"Organization\",\"@id\":\"https:\/\/kiennambarista.com\/#organization\",\"name\":\"Ki\u1ebfn Nam BARISTA\",\"url\":\"https:\/\/kiennambarista.com\/\",\"logo\":{\"@type\":\"ImageObject\",\"inLanguage\":\"en-US\",\"@id\":\"https:\/\/kiennambarista.com\/#\/schema\/logo\/image\/\",\"url\":\"https:\/\/kiennambarista.com\/wp-content\/uploads\/2023\/01\/logo_kiennam.svg\",\"contentUrl\":\"https:\/\/kiennambarista.com\/wp-content\/uploads\/2023\/01\/logo_kiennam.svg\",\"width\":88,\"height\":54,\"caption\":\"Ki\u1ebfn Nam BARISTA\"},\"image\":{\"@id\":\"https:\/\/kiennambarista.com\/#\/schema\/logo\/image\/\"}}]}<\/script>\n<!-- \/ Yoast SEO plugin. -->","yoast_head_json":{"title":"Klub LTSC3 . tea maker - KI\u1ebeN NAM BARISTA","description":"Klub LTSC3 tea maker genuine distributed by Kien Nam Barista. The most prestigious and professional warranty policy in Vietnam","robots":{"index":"index","follow":"follow","max-snippet":"max-snippet:-1","max-image-preview":"max-image-preview:large","max-video-preview":"max-video-preview:-1"},"canonical":"https:\/\/kiennambarista.com\/san-pham\/may-pha-tra-klub-ltsc3\/","og_locale":"en_US","og_type":"article","og_title":"Klub LTSC3 . tea maker - KI\u1ebeN NAM BARISTA","og_description":"Klub LTSC3 tea maker genuine distributed by Kien Nam Barista. The most prestigious and professional warranty policy in Vietnam","og_url":"https:\/\/kiennambarista.com\/san-pham\/may-pha-tra-klub-ltsc3\/","og_site_name":"KI\u1ebeN NAM BARISTA","article_modified_time":"2023-07-06T09:28:37+00:00","og_image":[{"width":1200,"height":992,"url":"https:\/\/kiennambarista.com\/wp-content\/uploads\/2023\/02\/May-pha-tra-Klub-LTSC3.jpg","type":"image\/jpeg"}],"twitter_card":"summary_large_image","schema":{"@context":"https:\/\/schema.org","@graph":[{"@type":"WebPage","@id":"https:\/\/kiennambarista.com\/san-pham\/may-pha-tra-klub-ltsc3\/","url":"https:\/\/kiennambarista.com\/san-pham\/may-pha-tra-klub-ltsc3\/","name":"Klub LTSC3 . tea maker - KI\u1ebeN NAM BARISTA","isPartOf":{"@id":"https:\/\/kiennambarista.com\/#website"},"primaryImageOfPage":{"@id":"https:\/\/kiennambarista.com\/san-pham\/may-pha-tra-klub-ltsc3\/#primaryimage"},"image":{"@id":"https:\/\/kiennambarista.com\/san-pham\/may-pha-tra-klub-ltsc3\/#primaryimage"},"thumbnailUrl":"https:\/\/kiennambarista.com\/wp-content\/uploads\/2023\/02\/May-pha-tra-Klub-LTSC3.jpg","datePublished":"2023-02-24T02:36:36+00:00","dateModified":"2023-07-06T09:28:37+00:00","description":"Klub LTSC3 tea maker genuine distributed by Kien Nam Barista. The most prestigious and professional warranty policy in Vietnam","breadcrumb":{"@id":"https:\/\/kiennambarista.com\/san-pham\/may-pha-tra-klub-ltsc3\/#breadcrumb"},"inLanguage":"en-US","potentialAction":[{"@type":"ReadAction","target":["https:\/\/kiennambarista.com\/san-pham\/may-pha-tra-klub-ltsc3\/"]}]},{"@type":"ImageObject","inLanguage":"en-US","@id":"https:\/\/kiennambarista.com\/san-pham\/may-pha-tra-klub-ltsc3\/#primaryimage","url":"https:\/\/kiennambarista.com\/wp-content\/uploads\/2023\/02\/May-pha-tra-Klub-LTSC3.jpg","contentUrl":"https:\/\/kiennambarista.com\/wp-content\/uploads\/2023\/02\/May-pha-tra-Klub-LTSC3.jpg","width":1200,"height":992,"caption":"C\u00f3 th\u1ec3 d\u00f9ng nhi\u1ec1u lo\u1ea1i nguy\u00ean li\u1ec7u tr\u00e0 v\u00e0 c\u00e0 ph\u00ea kh\u00e1c nhau. T\u1ef1 \u0111\u1ed9ng l\u00e0m s\u1ea1ch l\u1ea1i Tay (Portafilter) pha tr\u00e0 \u0111\u01b0\u1ee3c c\u1ea5p b\u1eb1ng s\u00e1ng ch\u1ebf v\u00e0 c\u00f3 th\u1ec3 \u0111i\u1ec1u ch\u1ec9nh \u00e1p l\u1ef1c pha"},{"@type":"BreadcrumbList","@id":"https:\/\/kiennambarista.com\/san-pham\/may-pha-tra-klub-ltsc3\/#breadcrumb","itemListElement":[{"@type":"ListItem","position":1,"name":"Trang ch\u1ee7","item":"https:\/\/kiennambarista.com\/en\/"},{"@type":"ListItem","position":2,"name":"Product","item":"https:\/\/kiennambarista.com\/en\/san-pham\/"},{"@type":"ListItem","position":3,"name":"Klub LTSC3 . tea maker"}]},{"@type":"WebSite","@id":"https:\/\/kiennambarista.com\/#website","url":"https:\/\/kiennambarista.com\/","name":"Ki\u1ebfn Nam BARISTA","description":"Nh\u00e0 ph\u00e2n ph\u1ed1i v\u00e0 cung c\u1ea5p d\u1ecbch v\u1ee5 m\u00e1y pha c\u00e0 ph\u00ea h\u00e0ng \u0111\u1ea7u t\u1ea1i Vi\u1ec7t Nam","publisher":{"@id":"https:\/\/kiennambarista.com\/#organization"},"potentialAction":[{"@type":"SearchAction","target":{"@type":"EntryPoint","urlTemplate":"https:\/\/kiennambarista.com\/?s={search_term_string}"},"query-input":{"@type":"PropertyValueSpecification","valueRequired":true,"valueName":"search_term_string"}}],"inLanguage":"en-US"},{"@type":"Organization","@id":"https:\/\/kiennambarista.com\/#organization","name":"Ki\u1ebfn Nam BARISTA","url":"https:\/\/kiennambarista.com\/","logo":{"@type":"ImageObject","inLanguage":"en-US","@id":"https:\/\/kiennambarista.com\/#\/schema\/logo\/image\/","url":"https:\/\/kiennambarista.com\/wp-content\/uploads\/2023\/01\/logo_kiennam.svg","contentUrl":"https:\/\/kiennambarista.com\/wp-content\/uploads\/2023\/01\/logo_kiennam.svg","width":88,"height":54,"caption":"Ki\u1ebfn Nam BARISTA"},"image":{"@id":"https:\/\/kiennambarista.com\/#\/schema\/logo\/image\/"}}]}},"_links":{"self":[{"href":"https:\/\/kiennambarista.com\/en\/wp-json\/wp\/v2\/product\/2567","targetHints":{"allow":["GET"]}}],"collection":[{"href":"https:\/\/kiennambarista.com\/en\/wp-json\/wp\/v2\/product"}],"about":[{"href":"https:\/\/kiennambarista.com\/en\/wp-json\/wp\/v2\/types\/product"}],"replies":[{"embeddable":true,"href":"https:\/\/kiennambarista.com\/en\/wp-json\/wp\/v2\/comments?post=2567"}],"wp:featuredmedia":[{"embeddable":true,"href":"https:\/\/kiennambarista.com\/en\/wp-json\/wp\/v2\/media\/2041"}],"wp:attachment":[{"href":"https:\/\/kiennambarista.com\/en\/wp-json\/wp\/v2\/media?parent=2567"}],"wp:term":[{"taxonomy":"product_brand","embeddable":true,"href":"https:\/\/kiennambarista.com\/en\/wp-json\/wp\/v2\/product_brand?post=2567"},{"taxonomy":"product_cat","embeddable":true,"href":"https:\/\/kiennambarista.com\/en\/wp-json\/wp\/v2\/product_cat?post=2567"},{"taxonomy":"product_tag","embeddable":true,"href":"https:\/\/kiennambarista.com\/en\/wp-json\/wp\/v2\/product_tag?post=2567"}],"curies":[{"name":"wp","href":"https:\/\/api.w.org\/{rel}","templated":true}]}}