{"id":2566,"date":"2023-02-24T09:43:02","date_gmt":"2023-02-24T02:43:02","guid":{"rendered":"https:\/\/kiennambarista.com\/san-pham\/may-pha-tra-bulk-tea-brewer-b6-pro\/"},"modified":"2023-05-27T20:48:35","modified_gmt":"2023-05-27T13:48:35","slug":"may-pha-tra-bulk-tea-brewer-b6-pro","status":"publish","type":"product","link":"https:\/\/kiennambarista.com\/en\/san-pham\/may-pha-tra-bulk-tea-brewer-b6-pro\/","title":{"rendered":"Bulk Tea Brewer B6 Pro"},"content":{"rendered":"<p style=\"text-align: center;\"><strong>Bulk Tea Brewer B6 Pro tea maker<\/strong><\/p>\n<p>Professional &amp; large touch screen<br \/>\nSuper sensitive &amp; precise touch pad control panel<\/p>\n<p>Three modes of tea extract:<\/p>\n<ul>\n<li>A) Kung Fu tea making mode<\/li>\n<li>B) Regular tea making mode<\/li>\n<li>C) Brewing &amp; brewing mode according to profile<\/li>\n<\/ul>\n<p>&#8211; Automatic lid opening<br \/>\n&#8211; Make tea in bulk<br \/>\n&#8211; Automatic cleaning<br \/>\n&#8211; Steam mixing function<br \/>\n&#8211; Precise temperature control<br \/>\n&#8211; Many tea ingredients, herbs can be used for 1 brew according to a special recipe to create the most unique and delicious teas.<\/p>\n<p>Smart installation system<\/p>\n<ul>\n<li>A) Password Settings<\/li>\n<li>B) Store SD card information<\/li>\n<li>C) Automatic fault detection<\/li>\n<li>D) Time setting<\/li>\n<\/ul>\n<p>Manufacturer: Klub<br \/>\nOrigin: Taiwan<br \/>\nWarranty 12 months<\/p>\n","protected":false},"excerpt":{"rendered":"<ul>\n<li>Tank for brewing and making tea: 3 liters<\/li>\n<li>Two separate boilers : 6 liters &amp; 3 liters<\/li>\n<li>Origin: Taiwan<\/li>\n<li>Warranty 12 months<\/li>\n<\/ul>\n","protected":false},"featured_media":2027,"comment_status":"open","ping_status":"closed","template":"","meta":{"inline_featured_image":false},"product_brand":[],"product_cat":[207],"product_tag":[],"class_list":{"0":"post-2566","1":"product","2":"type-product","3":"status-publish","4":"has-post-thumbnail","6":"product_cat-may-pha-tra-en","7":"category_filter_product-thuong-hieu-en","8":"category_filter_product-cong-suat-en","9":"category_filter_product-gia-tien-en","10":"category_filter_product-150-trieu-200-trieu-en","11":"category_filter_product-3000-5000-w-en","12":"category_filter_product-klub-en","14":"first","15":"instock","16":"shipping-taxable","17":"purchasable","18":"product-type-simple"},"acf":[],"yoast_head":"<!-- This site is optimized with the Yoast SEO plugin v24.9 - https:\/\/yoast.com\/wordpress\/plugins\/seo\/ -->\n<title>Bulk Tea Brewer B6 Pro - KI\u1ebeN NAM BARISTA<\/title>\n<meta name=\"description\" content=\"Bulk Tea Brewer B6 Pro tea machine is officially distributed by Kien Nam Barista. The most prestigious and professional warranty policy in Vietnam\" \/>\n<meta name=\"robots\" content=\"index, follow, max-snippet:-1, max-image-preview:large, max-video-preview:-1\" \/>\n<link rel=\"canonical\" href=\"https:\/\/kiennambarista.com\/en\/san-pham\/may-pha-tra-bulk-tea-brewer-b6-pro\/\" \/>\n<meta property=\"og:locale\" content=\"en_US\" \/>\n<meta property=\"og:type\" content=\"article\" \/>\n<meta property=\"og:title\" content=\"Bulk Tea Brewer B6 Pro - KI\u1ebeN NAM BARISTA\" \/>\n<meta property=\"og:description\" content=\"Bulk Tea Brewer B6 Pro tea machine is officially distributed by Kien Nam Barista. The most prestigious and professional warranty policy in Vietnam\" \/>\n<meta property=\"og:url\" content=\"https:\/\/kiennambarista.com\/en\/san-pham\/may-pha-tra-bulk-tea-brewer-b6-pro\/\" \/>\n<meta property=\"og:site_name\" content=\"KI\u1ebeN NAM BARISTA\" \/>\n<meta property=\"article:modified_time\" content=\"2023-05-27T13:48:35+00:00\" \/>\n<meta property=\"og:image\" content=\"https:\/\/kiennambarista.com\/wp-content\/uploads\/2023\/02\/May-pha-tra-Bulk-Tea-Brewer-B6-Pro.jpg\" \/>\n\t<meta property=\"og:image:width\" content=\"1200\" \/>\n\t<meta property=\"og:image:height\" content=\"992\" \/>\n\t<meta property=\"og:image:type\" content=\"image\/jpeg\" \/>\n<meta name=\"twitter:card\" content=\"summary_large_image\" \/>\n<meta name=\"twitter:label1\" content=\"Est. reading time\" \/>\n\t<meta name=\"twitter:data1\" content=\"1 minute\" \/>\n<script type=\"application\/ld+json\" class=\"yoast-schema-graph\">{\"@context\":\"https:\/\/schema.org\",\"@graph\":[{\"@type\":\"WebPage\",\"@id\":\"https:\/\/kiennambarista.com\/en\/san-pham\/may-pha-tra-bulk-tea-brewer-b6-pro\/\",\"url\":\"https:\/\/kiennambarista.com\/en\/san-pham\/may-pha-tra-bulk-tea-brewer-b6-pro\/\",\"name\":\"Bulk Tea Brewer B6 Pro - KI\u1ebeN NAM BARISTA\",\"isPartOf\":{\"@id\":\"https:\/\/kiennambarista.com\/#website\"},\"primaryImageOfPage\":{\"@id\":\"https:\/\/kiennambarista.com\/en\/san-pham\/may-pha-tra-bulk-tea-brewer-b6-pro\/#primaryimage\"},\"image\":{\"@id\":\"https:\/\/kiennambarista.com\/en\/san-pham\/may-pha-tra-bulk-tea-brewer-b6-pro\/#primaryimage\"},\"thumbnailUrl\":\"https:\/\/kiennambarista.com\/wp-content\/uploads\/2023\/02\/May-pha-tra-Bulk-Tea-Brewer-B6-Pro.jpg\",\"datePublished\":\"2023-02-24T02:43:02+00:00\",\"dateModified\":\"2023-05-27T13:48:35+00:00\",\"description\":\"Bulk Tea Brewer B6 Pro tea machine is officially distributed by Kien Nam Barista. The most prestigious and professional warranty policy in Vietnam\",\"breadcrumb\":{\"@id\":\"https:\/\/kiennambarista.com\/en\/san-pham\/may-pha-tra-bulk-tea-brewer-b6-pro\/#breadcrumb\"},\"inLanguage\":\"en-US\",\"potentialAction\":[{\"@type\":\"ReadAction\",\"target\":[\"https:\/\/kiennambarista.com\/en\/san-pham\/may-pha-tra-bulk-tea-brewer-b6-pro\/\"]}]},{\"@type\":\"ImageObject\",\"inLanguage\":\"en-US\",\"@id\":\"https:\/\/kiennambarista.com\/en\/san-pham\/may-pha-tra-bulk-tea-brewer-b6-pro\/#primaryimage\",\"url\":\"https:\/\/kiennambarista.com\/wp-content\/uploads\/2023\/02\/May-pha-tra-Bulk-Tea-Brewer-B6-Pro.jpg\",\"contentUrl\":\"https:\/\/kiennambarista.com\/wp-content\/uploads\/2023\/02\/May-pha-tra-Bulk-Tea-Brewer-B6-Pro.jpg\",\"width\":1200,\"height\":992,\"caption\":\"M\u00e0n h\u00ecnh c\u1ea3m \u1ee9ng chuy\u00ean nghi\u1ec7p & l\u1edbn B\u1ea3ng \u0111i\u1ec1u khi\u1ec3n b\u1eb1ng b\u00e0n ph\u00edm c\u1ea3m \u1ee9ng si\u00eau nh\u1ea1y & ch\u00ednh x\u00e1c\"},{\"@type\":\"BreadcrumbList\",\"@id\":\"https:\/\/kiennambarista.com\/en\/san-pham\/may-pha-tra-bulk-tea-brewer-b6-pro\/#breadcrumb\",\"itemListElement\":[{\"@type\":\"ListItem\",\"position\":1,\"name\":\"Trang ch\u1ee7\",\"item\":\"https:\/\/kiennambarista.com\/en\/\"},{\"@type\":\"ListItem\",\"position\":2,\"name\":\"Product\",\"item\":\"https:\/\/kiennambarista.com\/en\/san-pham\/\"},{\"@type\":\"ListItem\",\"position\":3,\"name\":\"Bulk Tea Brewer B6 Pro\"}]},{\"@type\":\"WebSite\",\"@id\":\"https:\/\/kiennambarista.com\/#website\",\"url\":\"https:\/\/kiennambarista.com\/\",\"name\":\"Ki\u1ebfn Nam BARISTA\",\"description\":\"Nh\u00e0 ph\u00e2n ph\u1ed1i v\u00e0 cung c\u1ea5p d\u1ecbch v\u1ee5 m\u00e1y pha c\u00e0 ph\u00ea h\u00e0ng \u0111\u1ea7u t\u1ea1i Vi\u1ec7t Nam\",\"publisher\":{\"@id\":\"https:\/\/kiennambarista.com\/#organization\"},\"potentialAction\":[{\"@type\":\"SearchAction\",\"target\":{\"@type\":\"EntryPoint\",\"urlTemplate\":\"https:\/\/kiennambarista.com\/?s={search_term_string}\"},\"query-input\":{\"@type\":\"PropertyValueSpecification\",\"valueRequired\":true,\"valueName\":\"search_term_string\"}}],\"inLanguage\":\"en-US\"},{\"@type\":\"Organization\",\"@id\":\"https:\/\/kiennambarista.com\/#organization\",\"name\":\"Ki\u1ebfn Nam BARISTA\",\"url\":\"https:\/\/kiennambarista.com\/\",\"logo\":{\"@type\":\"ImageObject\",\"inLanguage\":\"en-US\",\"@id\":\"https:\/\/kiennambarista.com\/#\/schema\/logo\/image\/\",\"url\":\"https:\/\/kiennambarista.com\/wp-content\/uploads\/2023\/01\/logo_kiennam.svg\",\"contentUrl\":\"https:\/\/kiennambarista.com\/wp-content\/uploads\/2023\/01\/logo_kiennam.svg\",\"width\":88,\"height\":54,\"caption\":\"Ki\u1ebfn Nam BARISTA\"},\"image\":{\"@id\":\"https:\/\/kiennambarista.com\/#\/schema\/logo\/image\/\"}}]}<\/script>\n<!-- \/ Yoast SEO plugin. -->","yoast_head_json":{"title":"Bulk Tea Brewer B6 Pro - KI\u1ebeN NAM BARISTA","description":"Bulk Tea Brewer B6 Pro tea machine is officially distributed by Kien Nam Barista. The most prestigious and professional warranty policy in Vietnam","robots":{"index":"index","follow":"follow","max-snippet":"max-snippet:-1","max-image-preview":"max-image-preview:large","max-video-preview":"max-video-preview:-1"},"canonical":"https:\/\/kiennambarista.com\/en\/san-pham\/may-pha-tra-bulk-tea-brewer-b6-pro\/","og_locale":"en_US","og_type":"article","og_title":"Bulk Tea Brewer B6 Pro - KI\u1ebeN NAM BARISTA","og_description":"Bulk Tea Brewer B6 Pro tea machine is officially distributed by Kien Nam Barista. The most prestigious and professional warranty policy in Vietnam","og_url":"https:\/\/kiennambarista.com\/en\/san-pham\/may-pha-tra-bulk-tea-brewer-b6-pro\/","og_site_name":"KI\u1ebeN NAM BARISTA","article_modified_time":"2023-05-27T13:48:35+00:00","og_image":[{"width":1200,"height":992,"url":"https:\/\/kiennambarista.com\/wp-content\/uploads\/2023\/02\/May-pha-tra-Bulk-Tea-Brewer-B6-Pro.jpg","type":"image\/jpeg"}],"twitter_card":"summary_large_image","twitter_misc":{"Est. reading time":"1 minute"},"schema":{"@context":"https:\/\/schema.org","@graph":[{"@type":"WebPage","@id":"https:\/\/kiennambarista.com\/en\/san-pham\/may-pha-tra-bulk-tea-brewer-b6-pro\/","url":"https:\/\/kiennambarista.com\/en\/san-pham\/may-pha-tra-bulk-tea-brewer-b6-pro\/","name":"Bulk Tea Brewer B6 Pro - KI\u1ebeN NAM BARISTA","isPartOf":{"@id":"https:\/\/kiennambarista.com\/#website"},"primaryImageOfPage":{"@id":"https:\/\/kiennambarista.com\/en\/san-pham\/may-pha-tra-bulk-tea-brewer-b6-pro\/#primaryimage"},"image":{"@id":"https:\/\/kiennambarista.com\/en\/san-pham\/may-pha-tra-bulk-tea-brewer-b6-pro\/#primaryimage"},"thumbnailUrl":"https:\/\/kiennambarista.com\/wp-content\/uploads\/2023\/02\/May-pha-tra-Bulk-Tea-Brewer-B6-Pro.jpg","datePublished":"2023-02-24T02:43:02+00:00","dateModified":"2023-05-27T13:48:35+00:00","description":"Bulk Tea Brewer B6 Pro tea machine is officially distributed by Kien Nam Barista. The most prestigious and professional warranty policy in Vietnam","breadcrumb":{"@id":"https:\/\/kiennambarista.com\/en\/san-pham\/may-pha-tra-bulk-tea-brewer-b6-pro\/#breadcrumb"},"inLanguage":"en-US","potentialAction":[{"@type":"ReadAction","target":["https:\/\/kiennambarista.com\/en\/san-pham\/may-pha-tra-bulk-tea-brewer-b6-pro\/"]}]},{"@type":"ImageObject","inLanguage":"en-US","@id":"https:\/\/kiennambarista.com\/en\/san-pham\/may-pha-tra-bulk-tea-brewer-b6-pro\/#primaryimage","url":"https:\/\/kiennambarista.com\/wp-content\/uploads\/2023\/02\/May-pha-tra-Bulk-Tea-Brewer-B6-Pro.jpg","contentUrl":"https:\/\/kiennambarista.com\/wp-content\/uploads\/2023\/02\/May-pha-tra-Bulk-Tea-Brewer-B6-Pro.jpg","width":1200,"height":992,"caption":"M\u00e0n h\u00ecnh c\u1ea3m \u1ee9ng chuy\u00ean nghi\u1ec7p & l\u1edbn B\u1ea3ng \u0111i\u1ec1u khi\u1ec3n b\u1eb1ng b\u00e0n ph\u00edm c\u1ea3m \u1ee9ng si\u00eau nh\u1ea1y & ch\u00ednh x\u00e1c"},{"@type":"BreadcrumbList","@id":"https:\/\/kiennambarista.com\/en\/san-pham\/may-pha-tra-bulk-tea-brewer-b6-pro\/#breadcrumb","itemListElement":[{"@type":"ListItem","position":1,"name":"Trang ch\u1ee7","item":"https:\/\/kiennambarista.com\/en\/"},{"@type":"ListItem","position":2,"name":"Product","item":"https:\/\/kiennambarista.com\/en\/san-pham\/"},{"@type":"ListItem","position":3,"name":"Bulk Tea Brewer B6 Pro"}]},{"@type":"WebSite","@id":"https:\/\/kiennambarista.com\/#website","url":"https:\/\/kiennambarista.com\/","name":"Ki\u1ebfn Nam BARISTA","description":"Nh\u00e0 ph\u00e2n ph\u1ed1i v\u00e0 cung c\u1ea5p d\u1ecbch v\u1ee5 m\u00e1y pha c\u00e0 ph\u00ea h\u00e0ng \u0111\u1ea7u t\u1ea1i Vi\u1ec7t Nam","publisher":{"@id":"https:\/\/kiennambarista.com\/#organization"},"potentialAction":[{"@type":"SearchAction","target":{"@type":"EntryPoint","urlTemplate":"https:\/\/kiennambarista.com\/?s={search_term_string}"},"query-input":{"@type":"PropertyValueSpecification","valueRequired":true,"valueName":"search_term_string"}}],"inLanguage":"en-US"},{"@type":"Organization","@id":"https:\/\/kiennambarista.com\/#organization","name":"Ki\u1ebfn Nam BARISTA","url":"https:\/\/kiennambarista.com\/","logo":{"@type":"ImageObject","inLanguage":"en-US","@id":"https:\/\/kiennambarista.com\/#\/schema\/logo\/image\/","url":"https:\/\/kiennambarista.com\/wp-content\/uploads\/2023\/01\/logo_kiennam.svg","contentUrl":"https:\/\/kiennambarista.com\/wp-content\/uploads\/2023\/01\/logo_kiennam.svg","width":88,"height":54,"caption":"Ki\u1ebfn Nam BARISTA"},"image":{"@id":"https:\/\/kiennambarista.com\/#\/schema\/logo\/image\/"}}]}},"_links":{"self":[{"href":"https:\/\/kiennambarista.com\/en\/wp-json\/wp\/v2\/product\/2566","targetHints":{"allow":["GET"]}}],"collection":[{"href":"https:\/\/kiennambarista.com\/en\/wp-json\/wp\/v2\/product"}],"about":[{"href":"https:\/\/kiennambarista.com\/en\/wp-json\/wp\/v2\/types\/product"}],"replies":[{"embeddable":true,"href":"https:\/\/kiennambarista.com\/en\/wp-json\/wp\/v2\/comments?post=2566"}],"wp:featuredmedia":[{"embeddable":true,"href":"https:\/\/kiennambarista.com\/en\/wp-json\/wp\/v2\/media\/2027"}],"wp:attachment":[{"href":"https:\/\/kiennambarista.com\/en\/wp-json\/wp\/v2\/media?parent=2566"}],"wp:term":[{"taxonomy":"product_brand","embeddable":true,"href":"https:\/\/kiennambarista.com\/en\/wp-json\/wp\/v2\/product_brand?post=2566"},{"taxonomy":"product_cat","embeddable":true,"href":"https:\/\/kiennambarista.com\/en\/wp-json\/wp\/v2\/product_cat?post=2566"},{"taxonomy":"product_tag","embeddable":true,"href":"https:\/\/kiennambarista.com\/en\/wp-json\/wp\/v2\/product_tag?post=2566"}],"curies":[{"name":"wp","href":"https:\/\/api.w.org\/{rel}","templated":true}]}}