{"id":2556,"date":"2023-02-24T13:59:13","date_gmt":"2023-02-24T06:59:13","guid":{"rendered":"https:\/\/kiennambarista.com\/san-pham\/goi-bao-tri-nang-cao-danh-cho-may-pha-may-xay-ca-phe-1g-cac-tinh-lan-can-tp-hcm-2\/"},"modified":"2023-05-27T19:47:09","modified_gmt":"2023-05-27T12:47:09","slug":"goi-bao-tri-nang-cao-danh-cho-may-pha-may-xay-ca-phe-1g-cac-tinh-lan-can-tp-hcm-2","status":"publish","type":"product","link":"https:\/\/kiennambarista.com\/en\/dich-vu\/goi-bao-tri-nang-cao-danh-cho-may-pha-may-xay-ca-phe-1g-cac-tinh-lan-can-tp-hcm-2\/","title":{"rendered":"Advanced maintenance package for 1G coffee maker\/grinder \u2013 neighboring provinces HCMC"},"content":{"rendered":"<h1 style=\"text-align: center;\">Advanced maintenance package for 1G coffee maker\/grinder \u2013 neighboring provinces HCMC<\/h1>\n<h3 style=\"text-align: center;\">Frequency: every 2 months<\/h3>\n<h2><strong>1. Benefits of regular machine maintenance<\/strong><\/h2>\n<ul>\n<li>Minimizing the risk of breakdowns and business interruptions<\/li>\n<li>Make sure the machine always works stably<\/li>\n<li>Maintain machine value and life<\/li>\n<li>Reduce repair time when the machine has a problem<\/li>\n<\/ul>\n<h2><b>2. Professional coffee machine maintenance<\/b><\/h2>\n<ul>\n<li>Frequency: 2 months\/ 1 time<\/li>\n<li>Overall inspection of the coffee machine<\/li>\n<li>Overall cleaning of the coffee machine<\/li>\n<li>Overall inspection of the coffee grinder<\/li>\n<li>Cleaning the coffee grinder<\/li>\n<li>Change the top of the group: every 6 months<\/li>\n<li>No labor costs to repair damage that do not have to be replaced<\/li>\n<li>10% reduction in material costs and free labor when replacing components<\/li>\n<li>Support to borrow a machine for temporary use when the repair time is more than 12 hours<\/li>\n<li>Time to support the neighboring provinces of the city. Ho Chi Minh City when the machine has a problem is 48 hours<\/li>\n<\/ul>\n<h3>2.1. Overall inspection of the coffee machine and repair (if any)<\/h3>\n<ul>\n<li>Check water\/power supply<\/li>\n<li>Overall inspection of external parts: tank, broken, missing\/lost components\/parts, etc.<\/li>\n<li>Check all external functional parts including: keyboard, power button, water priming kit, group head (ron, pec, filter), handpiece, steam hose, boiling water faucet, etc.<\/li>\n<li>Coffee maker check flow, boiler temperature, pump head pressure (brew pressure)<\/li>\n<li>Overall check inside: hygiene, safety valve, pipes, copper pipe joint, boiler,<\/li>\n<\/ul>\n<h3>2.2 Cleaning the coffee machine<\/h3>\n<ul>\n<li>Overall cleaning outside and inside<\/li>\n<li>Clean the filter, the group head, with a specialized cleaner<\/li>\n<\/ul>\n<h3>2.3 Overall inspection of the coffee grinder and repair (if any)<\/h3>\n<ul>\n<li>Check the power supply<\/li>\n<li>Overall inspection of external parts: tank, broken, missing\/lost components\/parts, etc.<\/li>\n<li>Check all external functional parts including: power button, blade (wear), keys, lever, etc.<\/li>\n<li>Grind coffee to check grinding speed, coffee fineness<\/li>\n<\/ul>\n<h3>2.4 Cleaning the coffee grinder<\/h3>\n<ul>\n<li>Overall cleaning outside and inside<\/li>\n<li>Cleaning blade<\/li>\n<\/ul>\n<h2><strong>3. Payments<\/strong><\/h2>\n<ul>\n<li>Payment: 1 time\/6 months in the first 3 days of the payment period (Does not include labor costs to repair damage that do not have to be replaced, 15% discount on component replacement costs when there is a replacement part to sue)<\/li>\n<li>Note: shipping costs incurred for each move (calculated based on the cost of passenger cars), free 6 transportation times\/year<\/li>\n<\/ul>\n","protected":false},"excerpt":{"rendered":"<ul>\n<li>Frequency: 2 months\/ 1 time<\/li>\n<li>10% discount on material costs<\/li>\n<li>Change the top of the group: every 6 months<\/li>\n<li>Free labor when replacing parts<\/li>\n<li>Support to borrow a machine for temporary use when the repair time is more than 12 hours<\/li>\n<li>Time to support the neighboring provinces of the city. Ho Chi Minh City when the machine has a problem is 48 hours<\/li>\n<\/ul>\n","protected":false},"featured_media":2072,"comment_status":"open","ping_status":"closed","template":"","meta":{"inline_featured_image":false},"product_brand":[],"product_cat":[203,204],"product_tag":[],"class_list":{"0":"post-2556","1":"product","2":"type-product","3":"status-publish","4":"has-post-thumbnail","6":"product_cat-dich-vu-sua-chua-may-en","7":"product_cat-dich-vu-bao-tri-may-en","9":"first","10":"instock","11":"virtual","12":"purchasable","13":"product-type-simple"},"acf":[],"yoast_head":"<!-- This site is optimized with the Yoast SEO plugin v24.9 - https:\/\/yoast.com\/wordpress\/plugins\/seo\/ -->\n<title>Advanced maintenance package for 1G coffee maker\/grinder \u2013 neighboring provinces HCMC - KI\u1ebeN NAM BARISTA<\/title>\n<meta name=\"description\" content=\"Advanced Maintenance Package For 1G Coffee Maker\/Coffee Grinder \u2013 Neighboring Provinces HCMC provided by Vietnam&#039;s leading professional Barista Kien Nam\" \/>\n<meta name=\"robots\" content=\"index, follow, max-snippet:-1, max-image-preview:large, max-video-preview:-1\" \/>\n<link rel=\"canonical\" href=\"https:\/\/kiennambarista.com\/en\/dich-vu\/goi-bao-tri-nang-cao-danh-cho-may-pha-may-xay-ca-phe-1g-cac-tinh-lan-can-tp-hcm-2\/\" \/>\n<meta property=\"og:locale\" content=\"en_US\" \/>\n<meta property=\"og:type\" content=\"article\" \/>\n<meta property=\"og:title\" content=\"Advanced maintenance package for 1G coffee maker\/grinder \u2013 neighboring provinces HCMC - KI\u1ebeN NAM BARISTA\" \/>\n<meta property=\"og:description\" content=\"Advanced Maintenance Package For 1G Coffee Maker\/Coffee Grinder \u2013 Neighboring Provinces HCMC provided by Vietnam&#039;s leading professional Barista Kien Nam\" \/>\n<meta property=\"og:url\" content=\"https:\/\/kiennambarista.com\/en\/dich-vu\/goi-bao-tri-nang-cao-danh-cho-may-pha-may-xay-ca-phe-1g-cac-tinh-lan-can-tp-hcm-2\/\" \/>\n<meta property=\"og:site_name\" content=\"KI\u1ebeN NAM BARISTA\" \/>\n<meta property=\"article:modified_time\" content=\"2023-05-27T12:47:09+00:00\" \/>\n<meta property=\"og:image\" content=\"https:\/\/kiennambarista.com\/wp-content\/uploads\/2023\/02\/Vang_3_.jpg\" \/>\n\t<meta property=\"og:image:width\" content=\"900\" \/>\n\t<meta property=\"og:image:height\" content=\"900\" \/>\n\t<meta property=\"og:image:type\" content=\"image\/jpeg\" \/>\n<meta name=\"twitter:card\" content=\"summary_large_image\" \/>\n<meta name=\"twitter:label1\" content=\"Est. reading time\" \/>\n\t<meta name=\"twitter:data1\" content=\"2 minutes\" \/>\n<script type=\"application\/ld+json\" class=\"yoast-schema-graph\">{\"@context\":\"https:\/\/schema.org\",\"@graph\":[{\"@type\":\"WebPage\",\"@id\":\"https:\/\/kiennambarista.com\/en\/dich-vu\/goi-bao-tri-nang-cao-danh-cho-may-pha-may-xay-ca-phe-1g-cac-tinh-lan-can-tp-hcm-2\/\",\"url\":\"https:\/\/kiennambarista.com\/en\/dich-vu\/goi-bao-tri-nang-cao-danh-cho-may-pha-may-xay-ca-phe-1g-cac-tinh-lan-can-tp-hcm-2\/\",\"name\":\"Advanced maintenance package for 1G coffee maker\/grinder \u2013 neighboring provinces HCMC - KI\u1ebeN NAM BARISTA\",\"isPartOf\":{\"@id\":\"https:\/\/kiennambarista.com\/#website\"},\"primaryImageOfPage\":{\"@id\":\"https:\/\/kiennambarista.com\/en\/dich-vu\/goi-bao-tri-nang-cao-danh-cho-may-pha-may-xay-ca-phe-1g-cac-tinh-lan-can-tp-hcm-2\/#primaryimage\"},\"image\":{\"@id\":\"https:\/\/kiennambarista.com\/en\/dich-vu\/goi-bao-tri-nang-cao-danh-cho-may-pha-may-xay-ca-phe-1g-cac-tinh-lan-can-tp-hcm-2\/#primaryimage\"},\"thumbnailUrl\":\"https:\/\/kiennambarista.com\/wp-content\/uploads\/2023\/02\/Vang_3_.jpg\",\"datePublished\":\"2023-02-24T06:59:13+00:00\",\"dateModified\":\"2023-05-27T12:47:09+00:00\",\"description\":\"Advanced Maintenance Package For 1G Coffee Maker\/Coffee Grinder \u2013 Neighboring Provinces HCMC provided by Vietnam's leading professional Barista Kien Nam\",\"breadcrumb\":{\"@id\":\"https:\/\/kiennambarista.com\/en\/dich-vu\/goi-bao-tri-nang-cao-danh-cho-may-pha-may-xay-ca-phe-1g-cac-tinh-lan-can-tp-hcm-2\/#breadcrumb\"},\"inLanguage\":\"en-US\",\"potentialAction\":[{\"@type\":\"ReadAction\",\"target\":[\"https:\/\/kiennambarista.com\/en\/dich-vu\/goi-bao-tri-nang-cao-danh-cho-may-pha-may-xay-ca-phe-1g-cac-tinh-lan-can-tp-hcm-2\/\"]}]},{\"@type\":\"ImageObject\",\"inLanguage\":\"en-US\",\"@id\":\"https:\/\/kiennambarista.com\/en\/dich-vu\/goi-bao-tri-nang-cao-danh-cho-may-pha-may-xay-ca-phe-1g-cac-tinh-lan-can-tp-hcm-2\/#primaryimage\",\"url\":\"https:\/\/kiennambarista.com\/wp-content\/uploads\/2023\/02\/Vang_3_.jpg\",\"contentUrl\":\"https:\/\/kiennambarista.com\/wp-content\/uploads\/2023\/02\/Vang_3_.jpg\",\"width\":900,\"height\":900},{\"@type\":\"BreadcrumbList\",\"@id\":\"https:\/\/kiennambarista.com\/en\/dich-vu\/goi-bao-tri-nang-cao-danh-cho-may-pha-may-xay-ca-phe-1g-cac-tinh-lan-can-tp-hcm-2\/#breadcrumb\",\"itemListElement\":[{\"@type\":\"ListItem\",\"position\":1,\"name\":\"Trang ch\u1ee7\",\"item\":\"https:\/\/kiennambarista.com\/en\/\"},{\"@type\":\"ListItem\",\"position\":2,\"name\":\"Product\",\"item\":\"https:\/\/kiennambarista.com\/en\/san-pham\/\"},{\"@type\":\"ListItem\",\"position\":3,\"name\":\"Advanced maintenance package for 1G coffee maker\/grinder \u2013 neighboring provinces HCMC\"}]},{\"@type\":\"WebSite\",\"@id\":\"https:\/\/kiennambarista.com\/#website\",\"url\":\"https:\/\/kiennambarista.com\/\",\"name\":\"Ki\u1ebfn Nam BARISTA\",\"description\":\"Nh\u00e0 ph\u00e2n ph\u1ed1i v\u00e0 cung c\u1ea5p d\u1ecbch v\u1ee5 m\u00e1y pha c\u00e0 ph\u00ea h\u00e0ng \u0111\u1ea7u t\u1ea1i Vi\u1ec7t Nam\",\"publisher\":{\"@id\":\"https:\/\/kiennambarista.com\/#organization\"},\"potentialAction\":[{\"@type\":\"SearchAction\",\"target\":{\"@type\":\"EntryPoint\",\"urlTemplate\":\"https:\/\/kiennambarista.com\/?s={search_term_string}\"},\"query-input\":{\"@type\":\"PropertyValueSpecification\",\"valueRequired\":true,\"valueName\":\"search_term_string\"}}],\"inLanguage\":\"en-US\"},{\"@type\":\"Organization\",\"@id\":\"https:\/\/kiennambarista.com\/#organization\",\"name\":\"Ki\u1ebfn Nam BARISTA\",\"url\":\"https:\/\/kiennambarista.com\/\",\"logo\":{\"@type\":\"ImageObject\",\"inLanguage\":\"en-US\",\"@id\":\"https:\/\/kiennambarista.com\/#\/schema\/logo\/image\/\",\"url\":\"https:\/\/kiennambarista.com\/wp-content\/uploads\/2023\/01\/logo_kiennam.svg\",\"contentUrl\":\"https:\/\/kiennambarista.com\/wp-content\/uploads\/2023\/01\/logo_kiennam.svg\",\"width\":88,\"height\":54,\"caption\":\"Ki\u1ebfn Nam BARISTA\"},\"image\":{\"@id\":\"https:\/\/kiennambarista.com\/#\/schema\/logo\/image\/\"}}]}<\/script>\n<!-- \/ Yoast SEO plugin. -->","yoast_head_json":{"title":"Advanced maintenance package for 1G coffee maker\/grinder \u2013 neighboring provinces HCMC - KI\u1ebeN NAM BARISTA","description":"Advanced Maintenance Package For 1G Coffee Maker\/Coffee Grinder \u2013 Neighboring Provinces HCMC provided by Vietnam's leading professional Barista Kien Nam","robots":{"index":"index","follow":"follow","max-snippet":"max-snippet:-1","max-image-preview":"max-image-preview:large","max-video-preview":"max-video-preview:-1"},"canonical":"https:\/\/kiennambarista.com\/en\/dich-vu\/goi-bao-tri-nang-cao-danh-cho-may-pha-may-xay-ca-phe-1g-cac-tinh-lan-can-tp-hcm-2\/","og_locale":"en_US","og_type":"article","og_title":"Advanced maintenance package for 1G coffee maker\/grinder \u2013 neighboring provinces HCMC - KI\u1ebeN NAM BARISTA","og_description":"Advanced Maintenance Package For 1G Coffee Maker\/Coffee Grinder \u2013 Neighboring Provinces HCMC provided by Vietnam's leading professional Barista Kien Nam","og_url":"https:\/\/kiennambarista.com\/en\/dich-vu\/goi-bao-tri-nang-cao-danh-cho-may-pha-may-xay-ca-phe-1g-cac-tinh-lan-can-tp-hcm-2\/","og_site_name":"KI\u1ebeN NAM BARISTA","article_modified_time":"2023-05-27T12:47:09+00:00","og_image":[{"width":900,"height":900,"url":"https:\/\/kiennambarista.com\/wp-content\/uploads\/2023\/02\/Vang_3_.jpg","type":"image\/jpeg"}],"twitter_card":"summary_large_image","twitter_misc":{"Est. reading time":"2 minutes"},"schema":{"@context":"https:\/\/schema.org","@graph":[{"@type":"WebPage","@id":"https:\/\/kiennambarista.com\/en\/dich-vu\/goi-bao-tri-nang-cao-danh-cho-may-pha-may-xay-ca-phe-1g-cac-tinh-lan-can-tp-hcm-2\/","url":"https:\/\/kiennambarista.com\/en\/dich-vu\/goi-bao-tri-nang-cao-danh-cho-may-pha-may-xay-ca-phe-1g-cac-tinh-lan-can-tp-hcm-2\/","name":"Advanced maintenance package for 1G coffee maker\/grinder \u2013 neighboring provinces HCMC - KI\u1ebeN NAM BARISTA","isPartOf":{"@id":"https:\/\/kiennambarista.com\/#website"},"primaryImageOfPage":{"@id":"https:\/\/kiennambarista.com\/en\/dich-vu\/goi-bao-tri-nang-cao-danh-cho-may-pha-may-xay-ca-phe-1g-cac-tinh-lan-can-tp-hcm-2\/#primaryimage"},"image":{"@id":"https:\/\/kiennambarista.com\/en\/dich-vu\/goi-bao-tri-nang-cao-danh-cho-may-pha-may-xay-ca-phe-1g-cac-tinh-lan-can-tp-hcm-2\/#primaryimage"},"thumbnailUrl":"https:\/\/kiennambarista.com\/wp-content\/uploads\/2023\/02\/Vang_3_.jpg","datePublished":"2023-02-24T06:59:13+00:00","dateModified":"2023-05-27T12:47:09+00:00","description":"Advanced Maintenance Package For 1G Coffee Maker\/Coffee Grinder \u2013 Neighboring Provinces HCMC provided by Vietnam's leading professional Barista Kien Nam","breadcrumb":{"@id":"https:\/\/kiennambarista.com\/en\/dich-vu\/goi-bao-tri-nang-cao-danh-cho-may-pha-may-xay-ca-phe-1g-cac-tinh-lan-can-tp-hcm-2\/#breadcrumb"},"inLanguage":"en-US","potentialAction":[{"@type":"ReadAction","target":["https:\/\/kiennambarista.com\/en\/dich-vu\/goi-bao-tri-nang-cao-danh-cho-may-pha-may-xay-ca-phe-1g-cac-tinh-lan-can-tp-hcm-2\/"]}]},{"@type":"ImageObject","inLanguage":"en-US","@id":"https:\/\/kiennambarista.com\/en\/dich-vu\/goi-bao-tri-nang-cao-danh-cho-may-pha-may-xay-ca-phe-1g-cac-tinh-lan-can-tp-hcm-2\/#primaryimage","url":"https:\/\/kiennambarista.com\/wp-content\/uploads\/2023\/02\/Vang_3_.jpg","contentUrl":"https:\/\/kiennambarista.com\/wp-content\/uploads\/2023\/02\/Vang_3_.jpg","width":900,"height":900},{"@type":"BreadcrumbList","@id":"https:\/\/kiennambarista.com\/en\/dich-vu\/goi-bao-tri-nang-cao-danh-cho-may-pha-may-xay-ca-phe-1g-cac-tinh-lan-can-tp-hcm-2\/#breadcrumb","itemListElement":[{"@type":"ListItem","position":1,"name":"Trang ch\u1ee7","item":"https:\/\/kiennambarista.com\/en\/"},{"@type":"ListItem","position":2,"name":"Product","item":"https:\/\/kiennambarista.com\/en\/san-pham\/"},{"@type":"ListItem","position":3,"name":"Advanced maintenance package for 1G coffee maker\/grinder \u2013 neighboring provinces HCMC"}]},{"@type":"WebSite","@id":"https:\/\/kiennambarista.com\/#website","url":"https:\/\/kiennambarista.com\/","name":"Ki\u1ebfn Nam BARISTA","description":"Nh\u00e0 ph\u00e2n ph\u1ed1i v\u00e0 cung c\u1ea5p d\u1ecbch v\u1ee5 m\u00e1y pha c\u00e0 ph\u00ea h\u00e0ng \u0111\u1ea7u t\u1ea1i Vi\u1ec7t Nam","publisher":{"@id":"https:\/\/kiennambarista.com\/#organization"},"potentialAction":[{"@type":"SearchAction","target":{"@type":"EntryPoint","urlTemplate":"https:\/\/kiennambarista.com\/?s={search_term_string}"},"query-input":{"@type":"PropertyValueSpecification","valueRequired":true,"valueName":"search_term_string"}}],"inLanguage":"en-US"},{"@type":"Organization","@id":"https:\/\/kiennambarista.com\/#organization","name":"Ki\u1ebfn Nam BARISTA","url":"https:\/\/kiennambarista.com\/","logo":{"@type":"ImageObject","inLanguage":"en-US","@id":"https:\/\/kiennambarista.com\/#\/schema\/logo\/image\/","url":"https:\/\/kiennambarista.com\/wp-content\/uploads\/2023\/01\/logo_kiennam.svg","contentUrl":"https:\/\/kiennambarista.com\/wp-content\/uploads\/2023\/01\/logo_kiennam.svg","width":88,"height":54,"caption":"Ki\u1ebfn Nam BARISTA"},"image":{"@id":"https:\/\/kiennambarista.com\/#\/schema\/logo\/image\/"}}]}},"_links":{"self":[{"href":"https:\/\/kiennambarista.com\/en\/wp-json\/wp\/v2\/product\/2556","targetHints":{"allow":["GET"]}}],"collection":[{"href":"https:\/\/kiennambarista.com\/en\/wp-json\/wp\/v2\/product"}],"about":[{"href":"https:\/\/kiennambarista.com\/en\/wp-json\/wp\/v2\/types\/product"}],"replies":[{"embeddable":true,"href":"https:\/\/kiennambarista.com\/en\/wp-json\/wp\/v2\/comments?post=2556"}],"wp:featuredmedia":[{"embeddable":true,"href":"https:\/\/kiennambarista.com\/en\/wp-json\/wp\/v2\/media\/2072"}],"wp:attachment":[{"href":"https:\/\/kiennambarista.com\/en\/wp-json\/wp\/v2\/media?parent=2556"}],"wp:term":[{"taxonomy":"product_brand","embeddable":true,"href":"https:\/\/kiennambarista.com\/en\/wp-json\/wp\/v2\/product_brand?post=2556"},{"taxonomy":"product_cat","embeddable":true,"href":"https:\/\/kiennambarista.com\/en\/wp-json\/wp\/v2\/product_cat?post=2556"},{"taxonomy":"product_tag","embeddable":true,"href":"https:\/\/kiennambarista.com\/en\/wp-json\/wp\/v2\/product_tag?post=2556"}],"curies":[{"name":"wp","href":"https:\/\/api.w.org\/{rel}","templated":true}]}}