{"id":2555,"date":"2023-02-24T14:05:36","date_gmt":"2023-02-24T07:05:36","guid":{"rendered":"https:\/\/kiennambarista.com\/san-pham\/goi-bao-tri-pro-danh-cho-may-pha-may-xay-ca-phe-1g-tai-tp-hcm\/"},"modified":"2023-05-26T17:55:36","modified_gmt":"2023-05-26T10:55:36","slug":"goi-bao-tri-pro-danh-cho-may-pha-may-xay-ca-phe-1g-tai-tp-hcm","status":"publish","type":"product","link":"https:\/\/kiennambarista.com\/en\/dich-vu\/goi-bao-tri-pro-danh-cho-may-pha-may-xay-ca-phe-1g-tai-tp-hcm\/","title":{"rendered":"Pro Maintenance Package For 1G Coffee Maker\/ Grinder \u2013 In HCMC"},"content":{"rendered":"<h1 style=\"text-align: center;\">Pro Maintenance Package For 1G Coffee Maker\/ Grinder &#8211; In Ho Chi Minh City<\/h1>\n<h3 style=\"text-align: center;\">Frequency: 1 time\/month<\/h3>\n<h2><strong>1. Benefits of regular machine maintenance<\/strong><\/h2>\n<ul>\n<li>Minimizing the risk of breakdowns and business interruptions<\/li>\n<li>Make sure the machine always works stably<\/li>\n<li>Maintain machine value and life<\/li>\n<li>Reduce repair time when the machine has a problem<\/li>\n<\/ul>\n<h2><b>2. Professional coffee machine maintenance<\/b><\/h2>\n<ul>\n<li>Frequency 1 time \/ 1 time<\/li>\n<li>Overall inspection of the coffee machine<\/li>\n<li>Overall cleaning of the coffee machine<\/li>\n<li>Overall inspection of the coffee grinder<\/li>\n<li>Cleaning the coffee grinder<\/li>\n<li>Replace the group head gasket every 6 months<\/li>\n<li>No labor costs to repair damage that do not have to be replaced<\/li>\n<li>Free replacement cost of components under 5 million and reduce 30% on replacement cost of components from 5 million or more<\/li>\n<li>Support to borrow a machine for temporary use when the repair time is more than 3 hours<\/li>\n<li>Support time in the inner city. Ho Chi Minh City when the machine has a problem is 3 hours<\/li>\n<\/ul>\n<h3>2.1. Overall inspection of the coffee machine and repair (if any)<\/h3>\n<ul>\n<li>Check water\/power supply<\/li>\n<li>Overall inspection of external parts: tank, broken, missing\/lost components\/parts, etc.<\/li>\n<li>Check all external functional parts including: keyboard, power button, water priming kit, group head (ron, pec, filter), handpiece, steam hose, boiling water faucet, etc.<\/li>\n<li>Coffee maker check flow, boiler temperature, pump head pressure (brew pressure)<\/li>\n<li>Overall check inside: hygiene, safety valve, pipes, copper pipe joint, boiler,<\/li>\n<\/ul>\n<h3>2.2 Cleaning the coffee machine<\/h3>\n<ul>\n<li>Overall cleaning outside and inside<\/li>\n<li>Clean the filter, the group head, with a specialized cleaner<\/li>\n<\/ul>\n<h3>2.3 Overall inspection of the coffee grinder and repair (if any)<\/h3>\n<ul>\n<li>Check the power supply<\/li>\n<li>Overall inspection of external parts: tank, broken, missing\/lost components\/parts, etc.<\/li>\n<li>Check all external functional parts including: power button, blade (wear), keys, lever, etc.<\/li>\n<li>Grind coffee to check grinding speed, coffee fineness<\/li>\n<\/ul>\n<h3>2.4 Cleaning the coffee grinder<\/h3>\n<ul>\n<li>Overall cleaning outside and inside<\/li>\n<li>Cleaning blade<\/li>\n<\/ul>\n<h2><strong>3.Payments<\/strong><\/h2>\n<ul>\n<li>Pay once every 6 months in the first 3 days of the payment period (Does not include labor costs to repair damage that do not have to be replaced, 15% discount on replacement costs when replacing parts )<\/li>\n<\/ul>\n","protected":false},"excerpt":{"rendered":"<ul>\n<li>Frequency 1 time \/ 1 time<\/li>\n<li>Free spare parts replacement cost under 5 million VND<\/li>\n<li>30% off the cost of replacing parts from 5 million or more<\/li>\n<li>Support to borrow a machine for temporary use when the repair time is more than 3 hours<\/li>\n<li>Support time in the inner city. Ho Chi Minh City when the machine has a problem is 3 hours<\/li>\n<\/ul>\n","protected":false},"featured_media":1905,"comment_status":"open","ping_status":"closed","template":"","meta":{"inline_featured_image":false},"product_brand":[],"product_cat":[174],"product_tag":[],"class_list":{"0":"post-2555","1":"product","2":"type-product","3":"status-publish","4":"has-post-thumbnail","6":"product_cat-may-pha-ca-phe-chuyen-nghiep-en","8":"first","9":"instock","10":"virtual","11":"purchasable","12":"product-type-simple"},"acf":[],"yoast_head":"<!-- This site is optimized with the Yoast SEO plugin v24.9 - https:\/\/yoast.com\/wordpress\/plugins\/seo\/ -->\n<title>Pro Maintenance Package For 1G Coffee Maker\/ Grinder \u2013 In HCMC - KI\u1ebeN NAM BARISTA<\/title>\n<meta name=\"description\" content=\"Pro Maintenance Package For 1G Coffee Maker \/ Grinder \u2013 In Ho Chi Minh City provided by Vietnam&#039;s leading professional Barista Kien Nam\" \/>\n<meta name=\"robots\" content=\"index, follow, max-snippet:-1, max-image-preview:large, max-video-preview:-1\" \/>\n<link rel=\"canonical\" href=\"https:\/\/kiennambarista.com\/en\/dich-vu\/goi-bao-tri-pro-danh-cho-may-pha-may-xay-ca-phe-1g-tai-tp-hcm\/\" \/>\n<meta property=\"og:locale\" content=\"en_US\" \/>\n<meta property=\"og:type\" content=\"article\" \/>\n<meta property=\"og:title\" content=\"Pro Maintenance Package For 1G Coffee Maker\/ Grinder \u2013 In HCMC - KI\u1ebeN NAM BARISTA\" \/>\n<meta property=\"og:description\" content=\"Pro Maintenance Package For 1G Coffee Maker \/ Grinder \u2013 In Ho Chi Minh City provided by Vietnam&#039;s leading professional Barista Kien Nam\" \/>\n<meta property=\"og:url\" content=\"https:\/\/kiennambarista.com\/en\/dich-vu\/goi-bao-tri-pro-danh-cho-may-pha-may-xay-ca-phe-1g-tai-tp-hcm\/\" \/>\n<meta property=\"og:site_name\" content=\"KI\u1ebeN NAM BARISTA\" \/>\n<meta property=\"article:modified_time\" content=\"2023-05-26T10:55:36+00:00\" \/>\n<meta property=\"og:image\" content=\"https:\/\/kiennambarista.com\/wp-content\/uploads\/2023\/01\/gb-5-s-av_01.png\" \/>\n\t<meta property=\"og:image:width\" content=\"600\" \/>\n\t<meta property=\"og:image:height\" content=\"600\" \/>\n\t<meta property=\"og:image:type\" content=\"image\/png\" \/>\n<meta name=\"twitter:card\" content=\"summary_large_image\" \/>\n<meta name=\"twitter:label1\" content=\"Est. reading time\" \/>\n\t<meta name=\"twitter:data1\" content=\"2 minutes\" \/>\n<script type=\"application\/ld+json\" class=\"yoast-schema-graph\">{\"@context\":\"https:\/\/schema.org\",\"@graph\":[{\"@type\":\"WebPage\",\"@id\":\"https:\/\/kiennambarista.com\/en\/dich-vu\/goi-bao-tri-pro-danh-cho-may-pha-may-xay-ca-phe-1g-tai-tp-hcm\/\",\"url\":\"https:\/\/kiennambarista.com\/en\/dich-vu\/goi-bao-tri-pro-danh-cho-may-pha-may-xay-ca-phe-1g-tai-tp-hcm\/\",\"name\":\"Pro Maintenance Package For 1G Coffee Maker\/ Grinder \u2013 In HCMC - KI\u1ebeN NAM BARISTA\",\"isPartOf\":{\"@id\":\"https:\/\/kiennambarista.com\/#website\"},\"primaryImageOfPage\":{\"@id\":\"https:\/\/kiennambarista.com\/en\/dich-vu\/goi-bao-tri-pro-danh-cho-may-pha-may-xay-ca-phe-1g-tai-tp-hcm\/#primaryimage\"},\"image\":{\"@id\":\"https:\/\/kiennambarista.com\/en\/dich-vu\/goi-bao-tri-pro-danh-cho-may-pha-may-xay-ca-phe-1g-tai-tp-hcm\/#primaryimage\"},\"thumbnailUrl\":\"https:\/\/kiennambarista.com\/wp-content\/uploads\/2023\/01\/gb-5-s-av_01.png\",\"datePublished\":\"2023-02-24T07:05:36+00:00\",\"dateModified\":\"2023-05-26T10:55:36+00:00\",\"description\":\"Pro Maintenance Package For 1G Coffee Maker \/ Grinder \u2013 In Ho Chi Minh City provided by Vietnam's leading professional Barista Kien Nam\",\"breadcrumb\":{\"@id\":\"https:\/\/kiennambarista.com\/en\/dich-vu\/goi-bao-tri-pro-danh-cho-may-pha-may-xay-ca-phe-1g-tai-tp-hcm\/#breadcrumb\"},\"inLanguage\":\"en-US\",\"potentialAction\":[{\"@type\":\"ReadAction\",\"target\":[\"https:\/\/kiennambarista.com\/en\/dich-vu\/goi-bao-tri-pro-danh-cho-may-pha-may-xay-ca-phe-1g-tai-tp-hcm\/\"]}]},{\"@type\":\"ImageObject\",\"inLanguage\":\"en-US\",\"@id\":\"https:\/\/kiennambarista.com\/en\/dich-vu\/goi-bao-tri-pro-danh-cho-may-pha-may-xay-ca-phe-1g-tai-tp-hcm\/#primaryimage\",\"url\":\"https:\/\/kiennambarista.com\/wp-content\/uploads\/2023\/01\/gb-5-s-av_01.png\",\"contentUrl\":\"https:\/\/kiennambarista.com\/wp-content\/uploads\/2023\/01\/gb-5-s-av_01.png\",\"width\":600,\"height\":600},{\"@type\":\"BreadcrumbList\",\"@id\":\"https:\/\/kiennambarista.com\/en\/dich-vu\/goi-bao-tri-pro-danh-cho-may-pha-may-xay-ca-phe-1g-tai-tp-hcm\/#breadcrumb\",\"itemListElement\":[{\"@type\":\"ListItem\",\"position\":1,\"name\":\"Trang ch\u1ee7\",\"item\":\"https:\/\/kiennambarista.com\/en\/\"},{\"@type\":\"ListItem\",\"position\":2,\"name\":\"Product\",\"item\":\"https:\/\/kiennambarista.com\/en\/san-pham\/\"},{\"@type\":\"ListItem\",\"position\":3,\"name\":\"Pro Maintenance Package For 1G Coffee Maker\/ Grinder \u2013 In HCMC\"}]},{\"@type\":\"WebSite\",\"@id\":\"https:\/\/kiennambarista.com\/#website\",\"url\":\"https:\/\/kiennambarista.com\/\",\"name\":\"Ki\u1ebfn Nam BARISTA\",\"description\":\"Nh\u00e0 ph\u00e2n ph\u1ed1i v\u00e0 cung c\u1ea5p d\u1ecbch v\u1ee5 m\u00e1y pha c\u00e0 ph\u00ea h\u00e0ng \u0111\u1ea7u t\u1ea1i Vi\u1ec7t Nam\",\"publisher\":{\"@id\":\"https:\/\/kiennambarista.com\/#organization\"},\"potentialAction\":[{\"@type\":\"SearchAction\",\"target\":{\"@type\":\"EntryPoint\",\"urlTemplate\":\"https:\/\/kiennambarista.com\/?s={search_term_string}\"},\"query-input\":{\"@type\":\"PropertyValueSpecification\",\"valueRequired\":true,\"valueName\":\"search_term_string\"}}],\"inLanguage\":\"en-US\"},{\"@type\":\"Organization\",\"@id\":\"https:\/\/kiennambarista.com\/#organization\",\"name\":\"Ki\u1ebfn Nam BARISTA\",\"url\":\"https:\/\/kiennambarista.com\/\",\"logo\":{\"@type\":\"ImageObject\",\"inLanguage\":\"en-US\",\"@id\":\"https:\/\/kiennambarista.com\/#\/schema\/logo\/image\/\",\"url\":\"https:\/\/kiennambarista.com\/wp-content\/uploads\/2023\/01\/logo_kiennam.svg\",\"contentUrl\":\"https:\/\/kiennambarista.com\/wp-content\/uploads\/2023\/01\/logo_kiennam.svg\",\"width\":88,\"height\":54,\"caption\":\"Ki\u1ebfn Nam BARISTA\"},\"image\":{\"@id\":\"https:\/\/kiennambarista.com\/#\/schema\/logo\/image\/\"}}]}<\/script>\n<!-- \/ Yoast SEO plugin. -->","yoast_head_json":{"title":"Pro Maintenance Package For 1G Coffee Maker\/ Grinder \u2013 In HCMC - KI\u1ebeN NAM BARISTA","description":"Pro Maintenance Package For 1G Coffee Maker \/ Grinder \u2013 In Ho Chi Minh City provided by Vietnam's leading professional Barista Kien Nam","robots":{"index":"index","follow":"follow","max-snippet":"max-snippet:-1","max-image-preview":"max-image-preview:large","max-video-preview":"max-video-preview:-1"},"canonical":"https:\/\/kiennambarista.com\/en\/dich-vu\/goi-bao-tri-pro-danh-cho-may-pha-may-xay-ca-phe-1g-tai-tp-hcm\/","og_locale":"en_US","og_type":"article","og_title":"Pro Maintenance Package For 1G Coffee Maker\/ Grinder \u2013 In HCMC - KI\u1ebeN NAM BARISTA","og_description":"Pro Maintenance Package For 1G Coffee Maker \/ Grinder \u2013 In Ho Chi Minh City provided by Vietnam's leading professional Barista Kien Nam","og_url":"https:\/\/kiennambarista.com\/en\/dich-vu\/goi-bao-tri-pro-danh-cho-may-pha-may-xay-ca-phe-1g-tai-tp-hcm\/","og_site_name":"KI\u1ebeN NAM BARISTA","article_modified_time":"2023-05-26T10:55:36+00:00","og_image":[{"width":600,"height":600,"url":"https:\/\/kiennambarista.com\/wp-content\/uploads\/2023\/01\/gb-5-s-av_01.png","type":"image\/png"}],"twitter_card":"summary_large_image","twitter_misc":{"Est. reading time":"2 minutes"},"schema":{"@context":"https:\/\/schema.org","@graph":[{"@type":"WebPage","@id":"https:\/\/kiennambarista.com\/en\/dich-vu\/goi-bao-tri-pro-danh-cho-may-pha-may-xay-ca-phe-1g-tai-tp-hcm\/","url":"https:\/\/kiennambarista.com\/en\/dich-vu\/goi-bao-tri-pro-danh-cho-may-pha-may-xay-ca-phe-1g-tai-tp-hcm\/","name":"Pro Maintenance Package For 1G Coffee Maker\/ Grinder \u2013 In HCMC - KI\u1ebeN NAM BARISTA","isPartOf":{"@id":"https:\/\/kiennambarista.com\/#website"},"primaryImageOfPage":{"@id":"https:\/\/kiennambarista.com\/en\/dich-vu\/goi-bao-tri-pro-danh-cho-may-pha-may-xay-ca-phe-1g-tai-tp-hcm\/#primaryimage"},"image":{"@id":"https:\/\/kiennambarista.com\/en\/dich-vu\/goi-bao-tri-pro-danh-cho-may-pha-may-xay-ca-phe-1g-tai-tp-hcm\/#primaryimage"},"thumbnailUrl":"https:\/\/kiennambarista.com\/wp-content\/uploads\/2023\/01\/gb-5-s-av_01.png","datePublished":"2023-02-24T07:05:36+00:00","dateModified":"2023-05-26T10:55:36+00:00","description":"Pro Maintenance Package For 1G Coffee Maker \/ Grinder \u2013 In Ho Chi Minh City provided by Vietnam's leading professional Barista Kien Nam","breadcrumb":{"@id":"https:\/\/kiennambarista.com\/en\/dich-vu\/goi-bao-tri-pro-danh-cho-may-pha-may-xay-ca-phe-1g-tai-tp-hcm\/#breadcrumb"},"inLanguage":"en-US","potentialAction":[{"@type":"ReadAction","target":["https:\/\/kiennambarista.com\/en\/dich-vu\/goi-bao-tri-pro-danh-cho-may-pha-may-xay-ca-phe-1g-tai-tp-hcm\/"]}]},{"@type":"ImageObject","inLanguage":"en-US","@id":"https:\/\/kiennambarista.com\/en\/dich-vu\/goi-bao-tri-pro-danh-cho-may-pha-may-xay-ca-phe-1g-tai-tp-hcm\/#primaryimage","url":"https:\/\/kiennambarista.com\/wp-content\/uploads\/2023\/01\/gb-5-s-av_01.png","contentUrl":"https:\/\/kiennambarista.com\/wp-content\/uploads\/2023\/01\/gb-5-s-av_01.png","width":600,"height":600},{"@type":"BreadcrumbList","@id":"https:\/\/kiennambarista.com\/en\/dich-vu\/goi-bao-tri-pro-danh-cho-may-pha-may-xay-ca-phe-1g-tai-tp-hcm\/#breadcrumb","itemListElement":[{"@type":"ListItem","position":1,"name":"Trang ch\u1ee7","item":"https:\/\/kiennambarista.com\/en\/"},{"@type":"ListItem","position":2,"name":"Product","item":"https:\/\/kiennambarista.com\/en\/san-pham\/"},{"@type":"ListItem","position":3,"name":"Pro Maintenance Package For 1G Coffee Maker\/ Grinder \u2013 In HCMC"}]},{"@type":"WebSite","@id":"https:\/\/kiennambarista.com\/#website","url":"https:\/\/kiennambarista.com\/","name":"Ki\u1ebfn Nam BARISTA","description":"Nh\u00e0 ph\u00e2n ph\u1ed1i v\u00e0 cung c\u1ea5p d\u1ecbch v\u1ee5 m\u00e1y pha c\u00e0 ph\u00ea h\u00e0ng \u0111\u1ea7u t\u1ea1i Vi\u1ec7t Nam","publisher":{"@id":"https:\/\/kiennambarista.com\/#organization"},"potentialAction":[{"@type":"SearchAction","target":{"@type":"EntryPoint","urlTemplate":"https:\/\/kiennambarista.com\/?s={search_term_string}"},"query-input":{"@type":"PropertyValueSpecification","valueRequired":true,"valueName":"search_term_string"}}],"inLanguage":"en-US"},{"@type":"Organization","@id":"https:\/\/kiennambarista.com\/#organization","name":"Ki\u1ebfn Nam BARISTA","url":"https:\/\/kiennambarista.com\/","logo":{"@type":"ImageObject","inLanguage":"en-US","@id":"https:\/\/kiennambarista.com\/#\/schema\/logo\/image\/","url":"https:\/\/kiennambarista.com\/wp-content\/uploads\/2023\/01\/logo_kiennam.svg","contentUrl":"https:\/\/kiennambarista.com\/wp-content\/uploads\/2023\/01\/logo_kiennam.svg","width":88,"height":54,"caption":"Ki\u1ebfn Nam BARISTA"},"image":{"@id":"https:\/\/kiennambarista.com\/#\/schema\/logo\/image\/"}}]}},"_links":{"self":[{"href":"https:\/\/kiennambarista.com\/en\/wp-json\/wp\/v2\/product\/2555","targetHints":{"allow":["GET"]}}],"collection":[{"href":"https:\/\/kiennambarista.com\/en\/wp-json\/wp\/v2\/product"}],"about":[{"href":"https:\/\/kiennambarista.com\/en\/wp-json\/wp\/v2\/types\/product"}],"replies":[{"embeddable":true,"href":"https:\/\/kiennambarista.com\/en\/wp-json\/wp\/v2\/comments?post=2555"}],"wp:featuredmedia":[{"embeddable":true,"href":"https:\/\/kiennambarista.com\/en\/wp-json\/wp\/v2\/media\/1905"}],"wp:attachment":[{"href":"https:\/\/kiennambarista.com\/en\/wp-json\/wp\/v2\/media?parent=2555"}],"wp:term":[{"taxonomy":"product_brand","embeddable":true,"href":"https:\/\/kiennambarista.com\/en\/wp-json\/wp\/v2\/product_brand?post=2555"},{"taxonomy":"product_cat","embeddable":true,"href":"https:\/\/kiennambarista.com\/en\/wp-json\/wp\/v2\/product_cat?post=2555"},{"taxonomy":"product_tag","embeddable":true,"href":"https:\/\/kiennambarista.com\/en\/wp-json\/wp\/v2\/product_tag?post=2555"}],"curies":[{"name":"wp","href":"https:\/\/api.w.org\/{rel}","templated":true}]}}