{"id":2522,"date":"2023-03-09T13:22:27","date_gmt":"2023-03-09T06:22:27","guid":{"rendered":"https:\/\/kiennambarista.com\/san-pham\/may-pha-cafe-tu-dong-brewico-c11\/"},"modified":"2023-07-06T10:33:27","modified_gmt":"2023-07-06T03:33:27","slug":"may-pha-cafe-tu-dong-brewico-c11","status":"publish","type":"product","link":"https:\/\/kiennambarista.com\/en\/san-pham\/may-pha-cafe-tu-dong-brewico-c11\/","title":{"rendered":"Brewico C11 . automatic coffee machine"},"content":{"rendered":"<h1 style=\"text-align: center;\">Brewico C11 . automatic coffee machine<\/h1>\n<p>&#8211; Automatic coffee machine with large 7&#8243; HD TFT intuitive touch screen.<br \/>\n&#8211; With 11 pre-set &amp; personalized recipes for Espresso, Americano, Cappuccino, Latte, Macchiato, Flat white, hot milk and hot water&#8230;.<br \/>\n&#8211; Brewico C11 allows you to program everything, dosage, temperature, from milk and espresso&#8230; &amp; can save recipe settings for you personally<br \/>\n&#8211; Ability to adjust &amp; provide precise temperature for both espresso &amp; froth for every drink in the preset recipe list.<br \/>\n&#8211; Heating time in less than 30 seconds<br \/>\n&#8211; Automatic cleaning mode for coffee pipes, presses &amp; milking nozzles&#8230;<br \/>\n&#8211; Mixing: Espresso, Cappuccino, Late, Machiato &#8230; simply just 1 touch.<\/p>\n","protected":false},"excerpt":{"rendered":"<ul>\n<li>Producer: Brewico<\/li>\n<li>From China<\/li>\n<li>1 year warranty<\/li>\n<\/ul>\n","protected":false},"featured_media":2201,"comment_status":"open","ping_status":"closed","template":"","meta":{"inline_featured_image":false},"product_brand":[],"product_cat":[176,201],"product_tag":[],"class_list":{"0":"post-2522","1":"product","2":"type-product","3":"status-publish","4":"has-post-thumbnail","6":"product_cat-may-pha-ca-phe-tu-dong-en","7":"product_cat-may-pha-ca-phe-tu-dong-brewico-en","8":"category_filter_product-thuong-hieu-en","9":"category_filter_product-cong-suat-en","10":"category_filter_product-1000-2000-w-en","11":"category_filter_product-20-million-50-million-en","12":"category_filter_product-gia-tien-en","13":"category_filter_product-may-pha-ca-phe-tu-dong-brewico-en","15":"first","16":"instock","17":"shipping-taxable","18":"purchasable","19":"product-type-simple"},"acf":[],"yoast_head":"<!-- This site is optimized with the Yoast SEO plugin v24.9 - https:\/\/yoast.com\/wordpress\/plugins\/seo\/ -->\n<title>Brewico C11 . automatic coffee machine - KI\u1ebeN NAM BARISTA<\/title>\n<meta name=\"description\" content=\"Brewico C11 Automatic Coffee Machine is genuine distributed by Kien Nam Barista with the leading prestigious warranty policy in Vietnam.\" \/>\n<meta name=\"robots\" content=\"index, follow, max-snippet:-1, max-image-preview:large, max-video-preview:-1\" \/>\n<link rel=\"canonical\" href=\"https:\/\/kiennambarista.com\/en\/san-pham\/may-pha-cafe-tu-dong-brewico-c11\/\" \/>\n<meta property=\"og:locale\" content=\"en_US\" \/>\n<meta property=\"og:type\" content=\"article\" \/>\n<meta property=\"og:title\" content=\"Brewico C11 . automatic coffee machine - KI\u1ebeN NAM BARISTA\" \/>\n<meta property=\"og:description\" content=\"Brewico C11 Automatic Coffee Machine is genuine distributed by Kien Nam Barista with the leading prestigious warranty policy in Vietnam.\" \/>\n<meta property=\"og:url\" content=\"https:\/\/kiennambarista.com\/en\/san-pham\/may-pha-cafe-tu-dong-brewico-c11\/\" \/>\n<meta property=\"og:site_name\" content=\"KI\u1ebeN NAM BARISTA\" \/>\n<meta property=\"article:modified_time\" content=\"2023-07-06T03:33:27+00:00\" \/>\n<meta property=\"og:image\" content=\"https:\/\/kiennambarista.com\/wp-content\/uploads\/2023\/03\/C11-2-2.jpg\" \/>\n\t<meta property=\"og:image:width\" content=\"1500\" \/>\n\t<meta property=\"og:image:height\" content=\"1500\" \/>\n\t<meta property=\"og:image:type\" content=\"image\/jpeg\" \/>\n<meta name=\"twitter:card\" content=\"summary_large_image\" \/>\n<meta name=\"twitter:label1\" content=\"Est. reading time\" \/>\n\t<meta name=\"twitter:data1\" content=\"1 minute\" \/>\n<script type=\"application\/ld+json\" class=\"yoast-schema-graph\">{\"@context\":\"https:\/\/schema.org\",\"@graph\":[{\"@type\":\"WebPage\",\"@id\":\"https:\/\/kiennambarista.com\/en\/san-pham\/may-pha-cafe-tu-dong-brewico-c11\/\",\"url\":\"https:\/\/kiennambarista.com\/en\/san-pham\/may-pha-cafe-tu-dong-brewico-c11\/\",\"name\":\"Brewico C11 . automatic coffee machine - KI\u1ebeN NAM BARISTA\",\"isPartOf\":{\"@id\":\"https:\/\/kiennambarista.com\/#website\"},\"primaryImageOfPage\":{\"@id\":\"https:\/\/kiennambarista.com\/en\/san-pham\/may-pha-cafe-tu-dong-brewico-c11\/#primaryimage\"},\"image\":{\"@id\":\"https:\/\/kiennambarista.com\/en\/san-pham\/may-pha-cafe-tu-dong-brewico-c11\/#primaryimage\"},\"thumbnailUrl\":\"https:\/\/kiennambarista.com\/wp-content\/uploads\/2023\/03\/C11-2-2.jpg\",\"datePublished\":\"2023-03-09T06:22:27+00:00\",\"dateModified\":\"2023-07-06T03:33:27+00:00\",\"description\":\"Brewico C11 Automatic Coffee Machine is genuine distributed by Kien Nam Barista with the leading prestigious warranty policy in Vietnam.\",\"breadcrumb\":{\"@id\":\"https:\/\/kiennambarista.com\/en\/san-pham\/may-pha-cafe-tu-dong-brewico-c11\/#breadcrumb\"},\"inLanguage\":\"en-US\",\"potentialAction\":[{\"@type\":\"ReadAction\",\"target\":[\"https:\/\/kiennambarista.com\/en\/san-pham\/may-pha-cafe-tu-dong-brewico-c11\/\"]}]},{\"@type\":\"ImageObject\",\"inLanguage\":\"en-US\",\"@id\":\"https:\/\/kiennambarista.com\/en\/san-pham\/may-pha-cafe-tu-dong-brewico-c11\/#primaryimage\",\"url\":\"https:\/\/kiennambarista.com\/wp-content\/uploads\/2023\/03\/C11-2-2.jpg\",\"contentUrl\":\"https:\/\/kiennambarista.com\/wp-content\/uploads\/2023\/03\/C11-2-2.jpg\",\"width\":1500,\"height\":1500,\"caption\":\"M\u00e1y pha c\u00e0 ph\u00ea t\u1ef1 \u0111\u1ed9ng Brewico C11 cho ph\u00e9p b\u1ea1n l\u1eadp tr\u00ecnh m\u1ecdi th\u1ee9, li\u1ec1u l\u01b0\u1ee3ng, nhi\u1ec7t \u0111\u1ed9, t\u1eeb l\u01b0\u1ee3ng s\u1eefa v\u00e0 espresso \u2026 & c\u00f3 th\u1ec3 l\u01b0u c\u00e0i \u0111\u1eb7t c\u00f4ng th\u1ee9c cho c\u00e1 nh\u00e2n b\u1ea1n Kh\u1ea3 n\u0103ng \u0111i\u1ec1u ch\u1ec9nh & cung c\u1ea5p nhi\u1ec7t \u0111\u1ed9 ch\u00ednh x\u00e1c cho c\u1ea3 espresso & \u0111\u00e1nh s\u1eefa cho m\u1ecdi th\u1ee9c u\u1ed1ng trong danh s\u00e1ch c\u00f4ng th\u1ee9c \u0111\u00e3 c\u00e0i \u0111\u1eb7t s\u1eb5n.\"},{\"@type\":\"BreadcrumbList\",\"@id\":\"https:\/\/kiennambarista.com\/en\/san-pham\/may-pha-cafe-tu-dong-brewico-c11\/#breadcrumb\",\"itemListElement\":[{\"@type\":\"ListItem\",\"position\":1,\"name\":\"Trang ch\u1ee7\",\"item\":\"https:\/\/kiennambarista.com\/en\/\"},{\"@type\":\"ListItem\",\"position\":2,\"name\":\"Product\",\"item\":\"https:\/\/kiennambarista.com\/en\/san-pham\/\"},{\"@type\":\"ListItem\",\"position\":3,\"name\":\"Brewico C11 . automatic coffee machine\"}]},{\"@type\":\"WebSite\",\"@id\":\"https:\/\/kiennambarista.com\/#website\",\"url\":\"https:\/\/kiennambarista.com\/\",\"name\":\"Ki\u1ebfn Nam BARISTA\",\"description\":\"Nh\u00e0 ph\u00e2n ph\u1ed1i v\u00e0 cung c\u1ea5p d\u1ecbch v\u1ee5 m\u00e1y pha c\u00e0 ph\u00ea h\u00e0ng \u0111\u1ea7u t\u1ea1i Vi\u1ec7t Nam\",\"publisher\":{\"@id\":\"https:\/\/kiennambarista.com\/#organization\"},\"potentialAction\":[{\"@type\":\"SearchAction\",\"target\":{\"@type\":\"EntryPoint\",\"urlTemplate\":\"https:\/\/kiennambarista.com\/?s={search_term_string}\"},\"query-input\":{\"@type\":\"PropertyValueSpecification\",\"valueRequired\":true,\"valueName\":\"search_term_string\"}}],\"inLanguage\":\"en-US\"},{\"@type\":\"Organization\",\"@id\":\"https:\/\/kiennambarista.com\/#organization\",\"name\":\"Ki\u1ebfn Nam BARISTA\",\"url\":\"https:\/\/kiennambarista.com\/\",\"logo\":{\"@type\":\"ImageObject\",\"inLanguage\":\"en-US\",\"@id\":\"https:\/\/kiennambarista.com\/#\/schema\/logo\/image\/\",\"url\":\"https:\/\/kiennambarista.com\/wp-content\/uploads\/2023\/01\/logo_kiennam.svg\",\"contentUrl\":\"https:\/\/kiennambarista.com\/wp-content\/uploads\/2023\/01\/logo_kiennam.svg\",\"width\":88,\"height\":54,\"caption\":\"Ki\u1ebfn Nam BARISTA\"},\"image\":{\"@id\":\"https:\/\/kiennambarista.com\/#\/schema\/logo\/image\/\"}}]}<\/script>\n<!-- \/ Yoast SEO plugin. -->","yoast_head_json":{"title":"Brewico C11 . automatic coffee machine - KI\u1ebeN NAM BARISTA","description":"Brewico C11 Automatic Coffee Machine is genuine distributed by Kien Nam Barista with the leading prestigious warranty policy in Vietnam.","robots":{"index":"index","follow":"follow","max-snippet":"max-snippet:-1","max-image-preview":"max-image-preview:large","max-video-preview":"max-video-preview:-1"},"canonical":"https:\/\/kiennambarista.com\/en\/san-pham\/may-pha-cafe-tu-dong-brewico-c11\/","og_locale":"en_US","og_type":"article","og_title":"Brewico C11 . automatic coffee machine - KI\u1ebeN NAM BARISTA","og_description":"Brewico C11 Automatic Coffee Machine is genuine distributed by Kien Nam Barista with the leading prestigious warranty policy in Vietnam.","og_url":"https:\/\/kiennambarista.com\/en\/san-pham\/may-pha-cafe-tu-dong-brewico-c11\/","og_site_name":"KI\u1ebeN NAM BARISTA","article_modified_time":"2023-07-06T03:33:27+00:00","og_image":[{"width":1500,"height":1500,"url":"https:\/\/kiennambarista.com\/wp-content\/uploads\/2023\/03\/C11-2-2.jpg","type":"image\/jpeg"}],"twitter_card":"summary_large_image","twitter_misc":{"Est. reading time":"1 minute"},"schema":{"@context":"https:\/\/schema.org","@graph":[{"@type":"WebPage","@id":"https:\/\/kiennambarista.com\/en\/san-pham\/may-pha-cafe-tu-dong-brewico-c11\/","url":"https:\/\/kiennambarista.com\/en\/san-pham\/may-pha-cafe-tu-dong-brewico-c11\/","name":"Brewico C11 . automatic coffee machine - KI\u1ebeN NAM BARISTA","isPartOf":{"@id":"https:\/\/kiennambarista.com\/#website"},"primaryImageOfPage":{"@id":"https:\/\/kiennambarista.com\/en\/san-pham\/may-pha-cafe-tu-dong-brewico-c11\/#primaryimage"},"image":{"@id":"https:\/\/kiennambarista.com\/en\/san-pham\/may-pha-cafe-tu-dong-brewico-c11\/#primaryimage"},"thumbnailUrl":"https:\/\/kiennambarista.com\/wp-content\/uploads\/2023\/03\/C11-2-2.jpg","datePublished":"2023-03-09T06:22:27+00:00","dateModified":"2023-07-06T03:33:27+00:00","description":"Brewico C11 Automatic Coffee Machine is genuine distributed by Kien Nam Barista with the leading prestigious warranty policy in Vietnam.","breadcrumb":{"@id":"https:\/\/kiennambarista.com\/en\/san-pham\/may-pha-cafe-tu-dong-brewico-c11\/#breadcrumb"},"inLanguage":"en-US","potentialAction":[{"@type":"ReadAction","target":["https:\/\/kiennambarista.com\/en\/san-pham\/may-pha-cafe-tu-dong-brewico-c11\/"]}]},{"@type":"ImageObject","inLanguage":"en-US","@id":"https:\/\/kiennambarista.com\/en\/san-pham\/may-pha-cafe-tu-dong-brewico-c11\/#primaryimage","url":"https:\/\/kiennambarista.com\/wp-content\/uploads\/2023\/03\/C11-2-2.jpg","contentUrl":"https:\/\/kiennambarista.com\/wp-content\/uploads\/2023\/03\/C11-2-2.jpg","width":1500,"height":1500,"caption":"M\u00e1y pha c\u00e0 ph\u00ea t\u1ef1 \u0111\u1ed9ng Brewico C11 cho ph\u00e9p b\u1ea1n l\u1eadp tr\u00ecnh m\u1ecdi th\u1ee9, li\u1ec1u l\u01b0\u1ee3ng, nhi\u1ec7t \u0111\u1ed9, t\u1eeb l\u01b0\u1ee3ng s\u1eefa v\u00e0 espresso \u2026 & c\u00f3 th\u1ec3 l\u01b0u c\u00e0i \u0111\u1eb7t c\u00f4ng th\u1ee9c cho c\u00e1 nh\u00e2n b\u1ea1n Kh\u1ea3 n\u0103ng \u0111i\u1ec1u ch\u1ec9nh & cung c\u1ea5p nhi\u1ec7t \u0111\u1ed9 ch\u00ednh x\u00e1c cho c\u1ea3 espresso & \u0111\u00e1nh s\u1eefa cho m\u1ecdi th\u1ee9c u\u1ed1ng trong danh s\u00e1ch c\u00f4ng th\u1ee9c \u0111\u00e3 c\u00e0i \u0111\u1eb7t s\u1eb5n."},{"@type":"BreadcrumbList","@id":"https:\/\/kiennambarista.com\/en\/san-pham\/may-pha-cafe-tu-dong-brewico-c11\/#breadcrumb","itemListElement":[{"@type":"ListItem","position":1,"name":"Trang ch\u1ee7","item":"https:\/\/kiennambarista.com\/en\/"},{"@type":"ListItem","position":2,"name":"Product","item":"https:\/\/kiennambarista.com\/en\/san-pham\/"},{"@type":"ListItem","position":3,"name":"Brewico C11 . automatic coffee machine"}]},{"@type":"WebSite","@id":"https:\/\/kiennambarista.com\/#website","url":"https:\/\/kiennambarista.com\/","name":"Ki\u1ebfn Nam BARISTA","description":"Nh\u00e0 ph\u00e2n ph\u1ed1i v\u00e0 cung c\u1ea5p d\u1ecbch v\u1ee5 m\u00e1y pha c\u00e0 ph\u00ea h\u00e0ng \u0111\u1ea7u t\u1ea1i Vi\u1ec7t Nam","publisher":{"@id":"https:\/\/kiennambarista.com\/#organization"},"potentialAction":[{"@type":"SearchAction","target":{"@type":"EntryPoint","urlTemplate":"https:\/\/kiennambarista.com\/?s={search_term_string}"},"query-input":{"@type":"PropertyValueSpecification","valueRequired":true,"valueName":"search_term_string"}}],"inLanguage":"en-US"},{"@type":"Organization","@id":"https:\/\/kiennambarista.com\/#organization","name":"Ki\u1ebfn Nam BARISTA","url":"https:\/\/kiennambarista.com\/","logo":{"@type":"ImageObject","inLanguage":"en-US","@id":"https:\/\/kiennambarista.com\/#\/schema\/logo\/image\/","url":"https:\/\/kiennambarista.com\/wp-content\/uploads\/2023\/01\/logo_kiennam.svg","contentUrl":"https:\/\/kiennambarista.com\/wp-content\/uploads\/2023\/01\/logo_kiennam.svg","width":88,"height":54,"caption":"Ki\u1ebfn Nam BARISTA"},"image":{"@id":"https:\/\/kiennambarista.com\/#\/schema\/logo\/image\/"}}]}},"_links":{"self":[{"href":"https:\/\/kiennambarista.com\/en\/wp-json\/wp\/v2\/product\/2522","targetHints":{"allow":["GET"]}}],"collection":[{"href":"https:\/\/kiennambarista.com\/en\/wp-json\/wp\/v2\/product"}],"about":[{"href":"https:\/\/kiennambarista.com\/en\/wp-json\/wp\/v2\/types\/product"}],"replies":[{"embeddable":true,"href":"https:\/\/kiennambarista.com\/en\/wp-json\/wp\/v2\/comments?post=2522"}],"wp:featuredmedia":[{"embeddable":true,"href":"https:\/\/kiennambarista.com\/en\/wp-json\/wp\/v2\/media\/2201"}],"wp:attachment":[{"href":"https:\/\/kiennambarista.com\/en\/wp-json\/wp\/v2\/media?parent=2522"}],"wp:term":[{"taxonomy":"product_brand","embeddable":true,"href":"https:\/\/kiennambarista.com\/en\/wp-json\/wp\/v2\/product_brand?post=2522"},{"taxonomy":"product_cat","embeddable":true,"href":"https:\/\/kiennambarista.com\/en\/wp-json\/wp\/v2\/product_cat?post=2522"},{"taxonomy":"product_tag","embeddable":true,"href":"https:\/\/kiennambarista.com\/en\/wp-json\/wp\/v2\/product_tag?post=2522"}],"curies":[{"name":"wp","href":"https:\/\/api.w.org\/{rel}","templated":true}]}}