{"id":2521,"date":"2023-03-10T15:32:22","date_gmt":"2023-03-10T08:32:22","guid":{"rendered":"https:\/\/kiennambarista.com\/san-pham\/may-pha-ca-phe-la-marzocco-linea-1gr-av\/"},"modified":"2023-07-05T09:26:13","modified_gmt":"2023-07-05T02:26:13","slug":"may-pha-ca-phe-la-marzocco-linea-1gr-av","status":"publish","type":"product","link":"https:\/\/kiennambarista.com\/en\/san-pham\/may-pha-ca-phe-la-marzocco-linea-1gr-av\/","title":{"rendered":"La Marzocco Linea 1GR AV Coffee Machine"},"content":{"rendered":"<h1 style=\"text-align: center;\">La Marzocco Linea 1GR AV Coffee Machine<\/h1>\n<p>Automatic coffee making mode by pre-installed coffee water flow control circuit.<br \/>\n&#8211; Filter: Stainless steel filter mesh<br \/>\n&#8211; Indicator light: Yes<br \/>\n&#8211; Removable filter: No<br \/>\n&#8211; Water level indicator: No<br \/>\n&#8211; Removable tank: No<br \/>\n&#8211; Other function<br \/>\n\u2022 Anti-drip<br \/>\n\u2022 Quick reheat<br \/>\n&#8211; Hot water faucet: 1 pc<br \/>\n&#8211; Steam generator: 1 pc<br \/>\n&#8211; Pressure gauge: Yes<\/p>\n","protected":false},"excerpt":{"rendered":"<ul>\n<li>Producer: La Marzocco<\/li>\n<li>Origin: Italy<\/li>\n<li>1 year warranty<\/li>\n<li>Color: Black\/Stainless Steel<\/li>\n<\/ul>\n","protected":false},"featured_media":2213,"comment_status":"open","ping_status":"closed","template":"","meta":{"inline_featured_image":false},"product_brand":[],"product_cat":[174,196],"product_tag":[],"class_list":{"0":"post-2521","1":"product","2":"type-product","3":"status-publish","4":"has-post-thumbnail","6":"product_cat-may-pha-ca-phe-chuyen-nghiep-en","7":"product_cat-may-pha-ca-phe-la-marzocco-en","8":"category_filter_product-thuong-hieu-en","9":"category_filter_product-cong-suat-en","10":"category_filter_product-2000-3000-w-en","11":"category_filter_product-gia-tien-en","12":"category_filter_product-200-million-250-million-en","13":"category_filter_product-may-pha-ca-phe-lamarzocco-en","15":"first","16":"instock","17":"shipping-taxable","18":"purchasable","19":"product-type-simple"},"acf":[],"yoast_head":"<!-- This site is optimized with the Yoast SEO plugin v24.9 - https:\/\/yoast.com\/wordpress\/plugins\/seo\/ -->\n<title>La Marzocco Linea 1GR AV Coffee Machine - KI\u1ebeN NAM BARISTA<\/title>\n<meta name=\"description\" content=\"La Marzocco Linea 1GR AV coffee machine is officially distributed by Kien Nam Barista with the leading professional and prestigious warranty policy in Vietnam.\" \/>\n<meta name=\"robots\" content=\"index, follow, max-snippet:-1, max-image-preview:large, max-video-preview:-1\" \/>\n<link rel=\"canonical\" href=\"https:\/\/kiennambarista.com\/san-pham\/may-pha-ca-phe-la-marzocco-lc-s-1gr-av\/\" \/>\n<meta property=\"og:locale\" content=\"en_US\" \/>\n<meta property=\"og:type\" content=\"article\" \/>\n<meta property=\"og:title\" content=\"La Marzocco Linea 1GR AV Coffee Machine - KI\u1ebeN NAM BARISTA\" \/>\n<meta property=\"og:description\" content=\"La Marzocco Linea 1GR AV coffee machine is officially distributed by Kien Nam Barista with the leading professional and prestigious warranty policy in Vietnam.\" \/>\n<meta property=\"og:url\" content=\"https:\/\/kiennambarista.com\/san-pham\/may-pha-ca-phe-la-marzocco-lc-s-1gr-av\/\" \/>\n<meta property=\"og:site_name\" content=\"KI\u1ebeN NAM BARISTA\" \/>\n<meta property=\"article:modified_time\" content=\"2023-07-05T02:26:13+00:00\" \/>\n<meta property=\"og:image\" content=\"https:\/\/kiennambarista.com\/wp-content\/uploads\/2023\/03\/May-pha-ca-phe-La-Marzocco-Linea-1GR-AV-1.jpg\" \/>\n\t<meta property=\"og:image:width\" content=\"1200\" \/>\n\t<meta property=\"og:image:height\" content=\"992\" \/>\n\t<meta property=\"og:image:type\" content=\"image\/jpeg\" \/>\n<meta name=\"twitter:card\" content=\"summary_large_image\" \/>\n<script type=\"application\/ld+json\" class=\"yoast-schema-graph\">{\"@context\":\"https:\/\/schema.org\",\"@graph\":[{\"@type\":\"WebPage\",\"@id\":\"https:\/\/kiennambarista.com\/san-pham\/may-pha-ca-phe-la-marzocco-lc-s-1gr-av\/\",\"url\":\"https:\/\/kiennambarista.com\/san-pham\/may-pha-ca-phe-la-marzocco-lc-s-1gr-av\/\",\"name\":\"La Marzocco Linea 1GR AV Coffee Machine - KI\u1ebeN NAM BARISTA\",\"isPartOf\":{\"@id\":\"https:\/\/kiennambarista.com\/#website\"},\"primaryImageOfPage\":{\"@id\":\"https:\/\/kiennambarista.com\/san-pham\/may-pha-ca-phe-la-marzocco-lc-s-1gr-av\/#primaryimage\"},\"image\":{\"@id\":\"https:\/\/kiennambarista.com\/san-pham\/may-pha-ca-phe-la-marzocco-lc-s-1gr-av\/#primaryimage\"},\"thumbnailUrl\":\"https:\/\/kiennambarista.com\/wp-content\/uploads\/2023\/03\/May-pha-ca-phe-La-Marzocco-Linea-1GR-AV-1.jpg\",\"datePublished\":\"2023-03-10T08:32:22+00:00\",\"dateModified\":\"2023-07-05T02:26:13+00:00\",\"description\":\"La Marzocco Linea 1GR AV coffee machine is officially distributed by Kien Nam Barista with the leading professional and prestigious warranty policy in Vietnam.\",\"breadcrumb\":{\"@id\":\"https:\/\/kiennambarista.com\/san-pham\/may-pha-ca-phe-la-marzocco-lc-s-1gr-av\/#breadcrumb\"},\"inLanguage\":\"en-US\",\"potentialAction\":[{\"@type\":\"ReadAction\",\"target\":[\"https:\/\/kiennambarista.com\/san-pham\/may-pha-ca-phe-la-marzocco-lc-s-1gr-av\/\"]}]},{\"@type\":\"ImageObject\",\"inLanguage\":\"en-US\",\"@id\":\"https:\/\/kiennambarista.com\/san-pham\/may-pha-ca-phe-la-marzocco-lc-s-1gr-av\/#primaryimage\",\"url\":\"https:\/\/kiennambarista.com\/wp-content\/uploads\/2023\/03\/May-pha-ca-phe-La-Marzocco-Linea-1GR-AV-1.jpg\",\"contentUrl\":\"https:\/\/kiennambarista.com\/wp-content\/uploads\/2023\/03\/May-pha-ca-phe-La-Marzocco-Linea-1GR-AV-1.jpg\",\"width\":1200,\"height\":992,\"caption\":\"La Marzocco Linea AV\/1G l\u00e0 m\u00e1y pha t\u1ef1 \u0111\u1ed9ng v\u1edbi thi\u1ebft k\u1ebf nh\u1ecf g\u1ecdn. Trang b\u1ecb 2 n\u1ed3i h\u01a1i ri\u00eang bi\u1ec7t v\u00e0 b\u1ed9 \u1ed5n \u0111\u1ecbnh nhi\u1ec7t li\u00ean t\u1ee5c \u0111\u00e1p \u1ee9ng c\u00e1c y\u00eau c\u1ea7u pha ch\u1ebf c\u1ee7a Barista trong l\u00fac cao \u0111i\u1ec3m.\"},{\"@type\":\"BreadcrumbList\",\"@id\":\"https:\/\/kiennambarista.com\/san-pham\/may-pha-ca-phe-la-marzocco-lc-s-1gr-av\/#breadcrumb\",\"itemListElement\":[{\"@type\":\"ListItem\",\"position\":1,\"name\":\"Trang ch\u1ee7\",\"item\":\"https:\/\/kiennambarista.com\/en\/\"},{\"@type\":\"ListItem\",\"position\":2,\"name\":\"Product\",\"item\":\"https:\/\/kiennambarista.com\/en\/san-pham\/\"},{\"@type\":\"ListItem\",\"position\":3,\"name\":\"La Marzocco Linea 1GR AV Coffee Machine\"}]},{\"@type\":\"WebSite\",\"@id\":\"https:\/\/kiennambarista.com\/#website\",\"url\":\"https:\/\/kiennambarista.com\/\",\"name\":\"Ki\u1ebfn Nam BARISTA\",\"description\":\"Nh\u00e0 ph\u00e2n ph\u1ed1i v\u00e0 cung c\u1ea5p d\u1ecbch v\u1ee5 m\u00e1y pha c\u00e0 ph\u00ea h\u00e0ng \u0111\u1ea7u t\u1ea1i Vi\u1ec7t Nam\",\"publisher\":{\"@id\":\"https:\/\/kiennambarista.com\/#organization\"},\"potentialAction\":[{\"@type\":\"SearchAction\",\"target\":{\"@type\":\"EntryPoint\",\"urlTemplate\":\"https:\/\/kiennambarista.com\/?s={search_term_string}\"},\"query-input\":{\"@type\":\"PropertyValueSpecification\",\"valueRequired\":true,\"valueName\":\"search_term_string\"}}],\"inLanguage\":\"en-US\"},{\"@type\":\"Organization\",\"@id\":\"https:\/\/kiennambarista.com\/#organization\",\"name\":\"Ki\u1ebfn Nam BARISTA\",\"url\":\"https:\/\/kiennambarista.com\/\",\"logo\":{\"@type\":\"ImageObject\",\"inLanguage\":\"en-US\",\"@id\":\"https:\/\/kiennambarista.com\/#\/schema\/logo\/image\/\",\"url\":\"https:\/\/kiennambarista.com\/wp-content\/uploads\/2023\/01\/logo_kiennam.svg\",\"contentUrl\":\"https:\/\/kiennambarista.com\/wp-content\/uploads\/2023\/01\/logo_kiennam.svg\",\"width\":88,\"height\":54,\"caption\":\"Ki\u1ebfn Nam BARISTA\"},\"image\":{\"@id\":\"https:\/\/kiennambarista.com\/#\/schema\/logo\/image\/\"}}]}<\/script>\n<!-- \/ Yoast SEO plugin. -->","yoast_head_json":{"title":"La Marzocco Linea 1GR AV Coffee Machine - KI\u1ebeN NAM BARISTA","description":"La Marzocco Linea 1GR AV coffee machine is officially distributed by Kien Nam Barista with the leading professional and prestigious warranty policy in Vietnam.","robots":{"index":"index","follow":"follow","max-snippet":"max-snippet:-1","max-image-preview":"max-image-preview:large","max-video-preview":"max-video-preview:-1"},"canonical":"https:\/\/kiennambarista.com\/san-pham\/may-pha-ca-phe-la-marzocco-lc-s-1gr-av\/","og_locale":"en_US","og_type":"article","og_title":"La Marzocco Linea 1GR AV Coffee Machine - KI\u1ebeN NAM BARISTA","og_description":"La Marzocco Linea 1GR AV coffee machine is officially distributed by Kien Nam Barista with the leading professional and prestigious warranty policy in Vietnam.","og_url":"https:\/\/kiennambarista.com\/san-pham\/may-pha-ca-phe-la-marzocco-lc-s-1gr-av\/","og_site_name":"KI\u1ebeN NAM BARISTA","article_modified_time":"2023-07-05T02:26:13+00:00","og_image":[{"width":1200,"height":992,"url":"https:\/\/kiennambarista.com\/wp-content\/uploads\/2023\/03\/May-pha-ca-phe-La-Marzocco-Linea-1GR-AV-1.jpg","type":"image\/jpeg"}],"twitter_card":"summary_large_image","schema":{"@context":"https:\/\/schema.org","@graph":[{"@type":"WebPage","@id":"https:\/\/kiennambarista.com\/san-pham\/may-pha-ca-phe-la-marzocco-lc-s-1gr-av\/","url":"https:\/\/kiennambarista.com\/san-pham\/may-pha-ca-phe-la-marzocco-lc-s-1gr-av\/","name":"La Marzocco Linea 1GR AV Coffee Machine - KI\u1ebeN NAM BARISTA","isPartOf":{"@id":"https:\/\/kiennambarista.com\/#website"},"primaryImageOfPage":{"@id":"https:\/\/kiennambarista.com\/san-pham\/may-pha-ca-phe-la-marzocco-lc-s-1gr-av\/#primaryimage"},"image":{"@id":"https:\/\/kiennambarista.com\/san-pham\/may-pha-ca-phe-la-marzocco-lc-s-1gr-av\/#primaryimage"},"thumbnailUrl":"https:\/\/kiennambarista.com\/wp-content\/uploads\/2023\/03\/May-pha-ca-phe-La-Marzocco-Linea-1GR-AV-1.jpg","datePublished":"2023-03-10T08:32:22+00:00","dateModified":"2023-07-05T02:26:13+00:00","description":"La Marzocco Linea 1GR AV coffee machine is officially distributed by Kien Nam Barista with the leading professional and prestigious warranty policy in Vietnam.","breadcrumb":{"@id":"https:\/\/kiennambarista.com\/san-pham\/may-pha-ca-phe-la-marzocco-lc-s-1gr-av\/#breadcrumb"},"inLanguage":"en-US","potentialAction":[{"@type":"ReadAction","target":["https:\/\/kiennambarista.com\/san-pham\/may-pha-ca-phe-la-marzocco-lc-s-1gr-av\/"]}]},{"@type":"ImageObject","inLanguage":"en-US","@id":"https:\/\/kiennambarista.com\/san-pham\/may-pha-ca-phe-la-marzocco-lc-s-1gr-av\/#primaryimage","url":"https:\/\/kiennambarista.com\/wp-content\/uploads\/2023\/03\/May-pha-ca-phe-La-Marzocco-Linea-1GR-AV-1.jpg","contentUrl":"https:\/\/kiennambarista.com\/wp-content\/uploads\/2023\/03\/May-pha-ca-phe-La-Marzocco-Linea-1GR-AV-1.jpg","width":1200,"height":992,"caption":"La Marzocco Linea AV\/1G l\u00e0 m\u00e1y pha t\u1ef1 \u0111\u1ed9ng v\u1edbi thi\u1ebft k\u1ebf nh\u1ecf g\u1ecdn. Trang b\u1ecb 2 n\u1ed3i h\u01a1i ri\u00eang bi\u1ec7t v\u00e0 b\u1ed9 \u1ed5n \u0111\u1ecbnh nhi\u1ec7t li\u00ean t\u1ee5c \u0111\u00e1p \u1ee9ng c\u00e1c y\u00eau c\u1ea7u pha ch\u1ebf c\u1ee7a Barista trong l\u00fac cao \u0111i\u1ec3m."},{"@type":"BreadcrumbList","@id":"https:\/\/kiennambarista.com\/san-pham\/may-pha-ca-phe-la-marzocco-lc-s-1gr-av\/#breadcrumb","itemListElement":[{"@type":"ListItem","position":1,"name":"Trang ch\u1ee7","item":"https:\/\/kiennambarista.com\/en\/"},{"@type":"ListItem","position":2,"name":"Product","item":"https:\/\/kiennambarista.com\/en\/san-pham\/"},{"@type":"ListItem","position":3,"name":"La Marzocco Linea 1GR AV Coffee Machine"}]},{"@type":"WebSite","@id":"https:\/\/kiennambarista.com\/#website","url":"https:\/\/kiennambarista.com\/","name":"Ki\u1ebfn Nam BARISTA","description":"Nh\u00e0 ph\u00e2n ph\u1ed1i v\u00e0 cung c\u1ea5p d\u1ecbch v\u1ee5 m\u00e1y pha c\u00e0 ph\u00ea h\u00e0ng \u0111\u1ea7u t\u1ea1i Vi\u1ec7t Nam","publisher":{"@id":"https:\/\/kiennambarista.com\/#organization"},"potentialAction":[{"@type":"SearchAction","target":{"@type":"EntryPoint","urlTemplate":"https:\/\/kiennambarista.com\/?s={search_term_string}"},"query-input":{"@type":"PropertyValueSpecification","valueRequired":true,"valueName":"search_term_string"}}],"inLanguage":"en-US"},{"@type":"Organization","@id":"https:\/\/kiennambarista.com\/#organization","name":"Ki\u1ebfn Nam BARISTA","url":"https:\/\/kiennambarista.com\/","logo":{"@type":"ImageObject","inLanguage":"en-US","@id":"https:\/\/kiennambarista.com\/#\/schema\/logo\/image\/","url":"https:\/\/kiennambarista.com\/wp-content\/uploads\/2023\/01\/logo_kiennam.svg","contentUrl":"https:\/\/kiennambarista.com\/wp-content\/uploads\/2023\/01\/logo_kiennam.svg","width":88,"height":54,"caption":"Ki\u1ebfn Nam BARISTA"},"image":{"@id":"https:\/\/kiennambarista.com\/#\/schema\/logo\/image\/"}}]}},"_links":{"self":[{"href":"https:\/\/kiennambarista.com\/en\/wp-json\/wp\/v2\/product\/2521","targetHints":{"allow":["GET"]}}],"collection":[{"href":"https:\/\/kiennambarista.com\/en\/wp-json\/wp\/v2\/product"}],"about":[{"href":"https:\/\/kiennambarista.com\/en\/wp-json\/wp\/v2\/types\/product"}],"replies":[{"embeddable":true,"href":"https:\/\/kiennambarista.com\/en\/wp-json\/wp\/v2\/comments?post=2521"}],"wp:featuredmedia":[{"embeddable":true,"href":"https:\/\/kiennambarista.com\/en\/wp-json\/wp\/v2\/media\/2213"}],"wp:attachment":[{"href":"https:\/\/kiennambarista.com\/en\/wp-json\/wp\/v2\/media?parent=2521"}],"wp:term":[{"taxonomy":"product_brand","embeddable":true,"href":"https:\/\/kiennambarista.com\/en\/wp-json\/wp\/v2\/product_brand?post=2521"},{"taxonomy":"product_cat","embeddable":true,"href":"https:\/\/kiennambarista.com\/en\/wp-json\/wp\/v2\/product_cat?post=2521"},{"taxonomy":"product_tag","embeddable":true,"href":"https:\/\/kiennambarista.com\/en\/wp-json\/wp\/v2\/product_tag?post=2521"}],"curies":[{"name":"wp","href":"https:\/\/api.w.org\/{rel}","templated":true}]}}