{"id":2520,"date":"2023-03-11T10:18:33","date_gmt":"2023-03-11T03:18:33","guid":{"rendered":"https:\/\/kiennambarista.com\/san-pham\/may-pha-ca-phe-la-marzocco-linea-s-2gr-av\/"},"modified":"2023-07-05T09:49:47","modified_gmt":"2023-07-05T02:49:47","slug":"may-pha-ca-phe-la-marzocco-linea-s-2gr-av","status":"publish","type":"product","link":"https:\/\/kiennambarista.com\/en\/san-pham\/may-pha-ca-phe-la-marzocco-linea-s-2gr-av\/","title":{"rendered":"La Marzocco LC S 2GR AV . Coffee Machine"},"content":{"rendered":"<h1 style=\"text-align: center;\">La Marzocco LC S 2GR AV . Coffee Machine<\/h1>\n<p>Automatic coffee making mode by pre-installed coffee water flow control circuit.<br \/>\n&#8211; Filter: Stainless steel filter mesh<br \/>\n&#8211; Indicator light: Yes<br \/>\n&#8211; Removable filter: No<br \/>\n&#8211; Water level indicator: No<br \/>\n&#8211; Removable tank: No<br \/>\n&#8211; Other function<br \/>\n\u2022 Anti-drip<br \/>\n\u2022 Quick reheat<br \/>\n&#8211; Hot water faucet: 1 pc<br \/>\n&#8211; Steam generator: 2 pieces<br \/>\n&#8211; Pressure gauge: Yes<\/p>\n","protected":false},"excerpt":{"rendered":"<ul>\n<li>Producer: La Marzocco<\/li>\n<li>Origin: Italy<\/li>\n<li>1 year warranty<\/li>\n<li>Color: Black\/Stainless Steel<\/li>\n<\/ul>\n","protected":false},"featured_media":2215,"comment_status":"open","ping_status":"closed","template":"","meta":{"inline_featured_image":false},"product_brand":[],"product_cat":[174,196],"product_tag":[],"class_list":{"0":"post-2520","1":"product","2":"type-product","3":"status-publish","4":"has-post-thumbnail","6":"product_cat-may-pha-ca-phe-chuyen-nghiep-en","7":"product_cat-may-pha-ca-phe-la-marzocco-en","8":"category_filter_product-thuong-hieu-en","9":"category_filter_product-gia-tien-en","10":"category_filter_product-3000-4000-w-en","11":"category_filter_product-250-trieu-500-trieu-en","12":"category_filter_product-may-pha-ca-phe-lamarzocco-en","14":"first","15":"instock","16":"shipping-taxable","17":"purchasable","18":"product-type-simple"},"acf":[],"yoast_head":"<!-- This site is optimized with the Yoast SEO plugin v24.9 - https:\/\/yoast.com\/wordpress\/plugins\/seo\/ -->\n<title>La Marzocco LC S 2GR AV . Coffee Machine - KI\u1ebeN NAM BARISTA<\/title>\n<meta name=\"description\" content=\"La Marzocco LC S 2GR AV coffee machine genuine distribution by Kien Nam Barista. The leading prestigious warranty policy in Vietnam,\" \/>\n<meta name=\"robots\" content=\"index, follow, max-snippet:-1, max-image-preview:large, max-video-preview:-1\" \/>\n<link rel=\"canonical\" href=\"https:\/\/kiennambarista.com\/en\/san-pham\/may-pha-ca-phe-la-marzocco-linea-s-2gr-av\/\" \/>\n<meta property=\"og:locale\" content=\"en_US\" \/>\n<meta property=\"og:type\" content=\"article\" \/>\n<meta property=\"og:title\" content=\"La Marzocco LC S 2GR AV . Coffee Machine - KI\u1ebeN NAM BARISTA\" \/>\n<meta property=\"og:description\" content=\"La Marzocco LC S 2GR AV coffee machine genuine distribution by Kien Nam Barista. The leading prestigious warranty policy in Vietnam,\" \/>\n<meta property=\"og:url\" content=\"https:\/\/kiennambarista.com\/en\/san-pham\/may-pha-ca-phe-la-marzocco-linea-s-2gr-av\/\" \/>\n<meta property=\"og:site_name\" content=\"KI\u1ebeN NAM BARISTA\" \/>\n<meta property=\"article:modified_time\" content=\"2023-07-05T02:49:47+00:00\" \/>\n<meta property=\"og:image\" content=\"https:\/\/kiennambarista.com\/wp-content\/uploads\/2023\/03\/May-pha-ca-phe-La-Marzocco-Linea-2GR-AV-1-1.jpg\" \/>\n\t<meta property=\"og:image:width\" content=\"1200\" \/>\n\t<meta property=\"og:image:height\" content=\"900\" \/>\n\t<meta property=\"og:image:type\" content=\"image\/jpeg\" \/>\n<meta name=\"twitter:card\" content=\"summary_large_image\" \/>\n<script type=\"application\/ld+json\" class=\"yoast-schema-graph\">{\"@context\":\"https:\/\/schema.org\",\"@graph\":[{\"@type\":\"WebPage\",\"@id\":\"https:\/\/kiennambarista.com\/en\/san-pham\/may-pha-ca-phe-la-marzocco-linea-s-2gr-av\/\",\"url\":\"https:\/\/kiennambarista.com\/en\/san-pham\/may-pha-ca-phe-la-marzocco-linea-s-2gr-av\/\",\"name\":\"La Marzocco LC S 2GR AV . Coffee Machine - KI\u1ebeN NAM BARISTA\",\"isPartOf\":{\"@id\":\"https:\/\/kiennambarista.com\/#website\"},\"primaryImageOfPage\":{\"@id\":\"https:\/\/kiennambarista.com\/en\/san-pham\/may-pha-ca-phe-la-marzocco-linea-s-2gr-av\/#primaryimage\"},\"image\":{\"@id\":\"https:\/\/kiennambarista.com\/en\/san-pham\/may-pha-ca-phe-la-marzocco-linea-s-2gr-av\/#primaryimage\"},\"thumbnailUrl\":\"https:\/\/kiennambarista.com\/wp-content\/uploads\/2023\/03\/May-pha-ca-phe-La-Marzocco-Linea-2GR-AV-1-1.jpg\",\"datePublished\":\"2023-03-11T03:18:33+00:00\",\"dateModified\":\"2023-07-05T02:49:47+00:00\",\"description\":\"La Marzocco LC S 2GR AV coffee machine genuine distribution by Kien Nam Barista. The leading prestigious warranty policy in Vietnam,\",\"breadcrumb\":{\"@id\":\"https:\/\/kiennambarista.com\/en\/san-pham\/may-pha-ca-phe-la-marzocco-linea-s-2gr-av\/#breadcrumb\"},\"inLanguage\":\"en-US\",\"potentialAction\":[{\"@type\":\"ReadAction\",\"target\":[\"https:\/\/kiennambarista.com\/en\/san-pham\/may-pha-ca-phe-la-marzocco-linea-s-2gr-av\/\"]}]},{\"@type\":\"ImageObject\",\"inLanguage\":\"en-US\",\"@id\":\"https:\/\/kiennambarista.com\/en\/san-pham\/may-pha-ca-phe-la-marzocco-linea-s-2gr-av\/#primaryimage\",\"url\":\"https:\/\/kiennambarista.com\/wp-content\/uploads\/2023\/03\/May-pha-ca-phe-La-Marzocco-Linea-2GR-AV-1-1.jpg\",\"contentUrl\":\"https:\/\/kiennambarista.com\/wp-content\/uploads\/2023\/03\/May-pha-ca-phe-La-Marzocco-Linea-2GR-AV-1-1.jpg\",\"width\":1200,\"height\":900,\"caption\":\"M\u00e1y pha c\u00e0 ph\u00ea La Marzocco Linea S 2GR AV l\u00e0 d\u00f2ng m\u00e1y t\u1ef1 \u0111\u1ed9ng thi\u1ebft k\u1ebf sang tr\u1ecdng ki\u1ec3u c\u1ed5 \u0111i\u1ec3n, to\u00e0n b\u1ed9 th\u00e2n m\u00e1y b\u1eb1ng th\u00e9o kh\u00f4ng g\u1ec9 s\u00e1ng b\u00f3ng, ph\u00f9 h\u1ee3p v\u1edbi h\u1ec7 th\u1ed1ng qu\u00e1n l\u1edbn, chu\u1ed7i nh\u00e0 h\u00e0ng kh\u00e1ch s\u1ea1n v\u1edbi thi\u1ebft k\u1ebf qu\u00e0y bar cao c\u1ea5p. H\u1ec7 th\u1ed1ng hai n\u1ed3i h\u01a1i ri\u00eang bi\u1ec7t, b\u1ed9 ki\u1ec3m so\u00e1t nhi\u1ec7t k\u00e9p PID, v\u00e0 h\u1ec7 th\u1ed1ng gi\u1eef nhi\u1ec7t li\u00ean t\u1ee5c \u0111\u00e1p \u1ee9ng t\u1ed1t c\u00e1c y\u00eau c\u1ea7u v\u1ec1 k\u1ef9 thu\u1eadt pha ch\u1ebf cho ra t\u00e1ch c\u00e0 ph\u00ea Espresso th\u01a1m ngon nh\u1ea5t.\"},{\"@type\":\"BreadcrumbList\",\"@id\":\"https:\/\/kiennambarista.com\/en\/san-pham\/may-pha-ca-phe-la-marzocco-linea-s-2gr-av\/#breadcrumb\",\"itemListElement\":[{\"@type\":\"ListItem\",\"position\":1,\"name\":\"Trang ch\u1ee7\",\"item\":\"https:\/\/kiennambarista.com\/en\/\"},{\"@type\":\"ListItem\",\"position\":2,\"name\":\"Product\",\"item\":\"https:\/\/kiennambarista.com\/en\/san-pham\/\"},{\"@type\":\"ListItem\",\"position\":3,\"name\":\"La Marzocco LC S 2GR AV . Coffee Machine\"}]},{\"@type\":\"WebSite\",\"@id\":\"https:\/\/kiennambarista.com\/#website\",\"url\":\"https:\/\/kiennambarista.com\/\",\"name\":\"Ki\u1ebfn Nam BARISTA\",\"description\":\"Nh\u00e0 ph\u00e2n ph\u1ed1i v\u00e0 cung c\u1ea5p d\u1ecbch v\u1ee5 m\u00e1y pha c\u00e0 ph\u00ea h\u00e0ng \u0111\u1ea7u t\u1ea1i Vi\u1ec7t Nam\",\"publisher\":{\"@id\":\"https:\/\/kiennambarista.com\/#organization\"},\"potentialAction\":[{\"@type\":\"SearchAction\",\"target\":{\"@type\":\"EntryPoint\",\"urlTemplate\":\"https:\/\/kiennambarista.com\/?s={search_term_string}\"},\"query-input\":{\"@type\":\"PropertyValueSpecification\",\"valueRequired\":true,\"valueName\":\"search_term_string\"}}],\"inLanguage\":\"en-US\"},{\"@type\":\"Organization\",\"@id\":\"https:\/\/kiennambarista.com\/#organization\",\"name\":\"Ki\u1ebfn Nam BARISTA\",\"url\":\"https:\/\/kiennambarista.com\/\",\"logo\":{\"@type\":\"ImageObject\",\"inLanguage\":\"en-US\",\"@id\":\"https:\/\/kiennambarista.com\/#\/schema\/logo\/image\/\",\"url\":\"https:\/\/kiennambarista.com\/wp-content\/uploads\/2023\/01\/logo_kiennam.svg\",\"contentUrl\":\"https:\/\/kiennambarista.com\/wp-content\/uploads\/2023\/01\/logo_kiennam.svg\",\"width\":88,\"height\":54,\"caption\":\"Ki\u1ebfn Nam BARISTA\"},\"image\":{\"@id\":\"https:\/\/kiennambarista.com\/#\/schema\/logo\/image\/\"}}]}<\/script>\n<!-- \/ Yoast SEO plugin. -->","yoast_head_json":{"title":"La Marzocco LC S 2GR AV . Coffee Machine - KI\u1ebeN NAM BARISTA","description":"La Marzocco LC S 2GR AV coffee machine genuine distribution by Kien Nam Barista. The leading prestigious warranty policy in Vietnam,","robots":{"index":"index","follow":"follow","max-snippet":"max-snippet:-1","max-image-preview":"max-image-preview:large","max-video-preview":"max-video-preview:-1"},"canonical":"https:\/\/kiennambarista.com\/en\/san-pham\/may-pha-ca-phe-la-marzocco-linea-s-2gr-av\/","og_locale":"en_US","og_type":"article","og_title":"La Marzocco LC S 2GR AV . Coffee Machine - KI\u1ebeN NAM BARISTA","og_description":"La Marzocco LC S 2GR AV coffee machine genuine distribution by Kien Nam Barista. The leading prestigious warranty policy in Vietnam,","og_url":"https:\/\/kiennambarista.com\/en\/san-pham\/may-pha-ca-phe-la-marzocco-linea-s-2gr-av\/","og_site_name":"KI\u1ebeN NAM BARISTA","article_modified_time":"2023-07-05T02:49:47+00:00","og_image":[{"width":1200,"height":900,"url":"https:\/\/kiennambarista.com\/wp-content\/uploads\/2023\/03\/May-pha-ca-phe-La-Marzocco-Linea-2GR-AV-1-1.jpg","type":"image\/jpeg"}],"twitter_card":"summary_large_image","schema":{"@context":"https:\/\/schema.org","@graph":[{"@type":"WebPage","@id":"https:\/\/kiennambarista.com\/en\/san-pham\/may-pha-ca-phe-la-marzocco-linea-s-2gr-av\/","url":"https:\/\/kiennambarista.com\/en\/san-pham\/may-pha-ca-phe-la-marzocco-linea-s-2gr-av\/","name":"La Marzocco LC S 2GR AV . Coffee Machine - KI\u1ebeN NAM BARISTA","isPartOf":{"@id":"https:\/\/kiennambarista.com\/#website"},"primaryImageOfPage":{"@id":"https:\/\/kiennambarista.com\/en\/san-pham\/may-pha-ca-phe-la-marzocco-linea-s-2gr-av\/#primaryimage"},"image":{"@id":"https:\/\/kiennambarista.com\/en\/san-pham\/may-pha-ca-phe-la-marzocco-linea-s-2gr-av\/#primaryimage"},"thumbnailUrl":"https:\/\/kiennambarista.com\/wp-content\/uploads\/2023\/03\/May-pha-ca-phe-La-Marzocco-Linea-2GR-AV-1-1.jpg","datePublished":"2023-03-11T03:18:33+00:00","dateModified":"2023-07-05T02:49:47+00:00","description":"La Marzocco LC S 2GR AV coffee machine genuine distribution by Kien Nam Barista. The leading prestigious warranty policy in Vietnam,","breadcrumb":{"@id":"https:\/\/kiennambarista.com\/en\/san-pham\/may-pha-ca-phe-la-marzocco-linea-s-2gr-av\/#breadcrumb"},"inLanguage":"en-US","potentialAction":[{"@type":"ReadAction","target":["https:\/\/kiennambarista.com\/en\/san-pham\/may-pha-ca-phe-la-marzocco-linea-s-2gr-av\/"]}]},{"@type":"ImageObject","inLanguage":"en-US","@id":"https:\/\/kiennambarista.com\/en\/san-pham\/may-pha-ca-phe-la-marzocco-linea-s-2gr-av\/#primaryimage","url":"https:\/\/kiennambarista.com\/wp-content\/uploads\/2023\/03\/May-pha-ca-phe-La-Marzocco-Linea-2GR-AV-1-1.jpg","contentUrl":"https:\/\/kiennambarista.com\/wp-content\/uploads\/2023\/03\/May-pha-ca-phe-La-Marzocco-Linea-2GR-AV-1-1.jpg","width":1200,"height":900,"caption":"M\u00e1y pha c\u00e0 ph\u00ea La Marzocco Linea S 2GR AV l\u00e0 d\u00f2ng m\u00e1y t\u1ef1 \u0111\u1ed9ng thi\u1ebft k\u1ebf sang tr\u1ecdng ki\u1ec3u c\u1ed5 \u0111i\u1ec3n, to\u00e0n b\u1ed9 th\u00e2n m\u00e1y b\u1eb1ng th\u00e9o kh\u00f4ng g\u1ec9 s\u00e1ng b\u00f3ng, ph\u00f9 h\u1ee3p v\u1edbi h\u1ec7 th\u1ed1ng qu\u00e1n l\u1edbn, chu\u1ed7i nh\u00e0 h\u00e0ng kh\u00e1ch s\u1ea1n v\u1edbi thi\u1ebft k\u1ebf qu\u00e0y bar cao c\u1ea5p. H\u1ec7 th\u1ed1ng hai n\u1ed3i h\u01a1i ri\u00eang bi\u1ec7t, b\u1ed9 ki\u1ec3m so\u00e1t nhi\u1ec7t k\u00e9p PID, v\u00e0 h\u1ec7 th\u1ed1ng gi\u1eef nhi\u1ec7t li\u00ean t\u1ee5c \u0111\u00e1p \u1ee9ng t\u1ed1t c\u00e1c y\u00eau c\u1ea7u v\u1ec1 k\u1ef9 thu\u1eadt pha ch\u1ebf cho ra t\u00e1ch c\u00e0 ph\u00ea Espresso th\u01a1m ngon nh\u1ea5t."},{"@type":"BreadcrumbList","@id":"https:\/\/kiennambarista.com\/en\/san-pham\/may-pha-ca-phe-la-marzocco-linea-s-2gr-av\/#breadcrumb","itemListElement":[{"@type":"ListItem","position":1,"name":"Trang ch\u1ee7","item":"https:\/\/kiennambarista.com\/en\/"},{"@type":"ListItem","position":2,"name":"Product","item":"https:\/\/kiennambarista.com\/en\/san-pham\/"},{"@type":"ListItem","position":3,"name":"La Marzocco LC S 2GR AV . Coffee Machine"}]},{"@type":"WebSite","@id":"https:\/\/kiennambarista.com\/#website","url":"https:\/\/kiennambarista.com\/","name":"Ki\u1ebfn Nam BARISTA","description":"Nh\u00e0 ph\u00e2n ph\u1ed1i v\u00e0 cung c\u1ea5p d\u1ecbch v\u1ee5 m\u00e1y pha c\u00e0 ph\u00ea h\u00e0ng \u0111\u1ea7u t\u1ea1i Vi\u1ec7t Nam","publisher":{"@id":"https:\/\/kiennambarista.com\/#organization"},"potentialAction":[{"@type":"SearchAction","target":{"@type":"EntryPoint","urlTemplate":"https:\/\/kiennambarista.com\/?s={search_term_string}"},"query-input":{"@type":"PropertyValueSpecification","valueRequired":true,"valueName":"search_term_string"}}],"inLanguage":"en-US"},{"@type":"Organization","@id":"https:\/\/kiennambarista.com\/#organization","name":"Ki\u1ebfn Nam BARISTA","url":"https:\/\/kiennambarista.com\/","logo":{"@type":"ImageObject","inLanguage":"en-US","@id":"https:\/\/kiennambarista.com\/#\/schema\/logo\/image\/","url":"https:\/\/kiennambarista.com\/wp-content\/uploads\/2023\/01\/logo_kiennam.svg","contentUrl":"https:\/\/kiennambarista.com\/wp-content\/uploads\/2023\/01\/logo_kiennam.svg","width":88,"height":54,"caption":"Ki\u1ebfn Nam BARISTA"},"image":{"@id":"https:\/\/kiennambarista.com\/#\/schema\/logo\/image\/"}}]}},"_links":{"self":[{"href":"https:\/\/kiennambarista.com\/en\/wp-json\/wp\/v2\/product\/2520","targetHints":{"allow":["GET"]}}],"collection":[{"href":"https:\/\/kiennambarista.com\/en\/wp-json\/wp\/v2\/product"}],"about":[{"href":"https:\/\/kiennambarista.com\/en\/wp-json\/wp\/v2\/types\/product"}],"replies":[{"embeddable":true,"href":"https:\/\/kiennambarista.com\/en\/wp-json\/wp\/v2\/comments?post=2520"}],"wp:featuredmedia":[{"embeddable":true,"href":"https:\/\/kiennambarista.com\/en\/wp-json\/wp\/v2\/media\/2215"}],"wp:attachment":[{"href":"https:\/\/kiennambarista.com\/en\/wp-json\/wp\/v2\/media?parent=2520"}],"wp:term":[{"taxonomy":"product_brand","embeddable":true,"href":"https:\/\/kiennambarista.com\/en\/wp-json\/wp\/v2\/product_brand?post=2520"},{"taxonomy":"product_cat","embeddable":true,"href":"https:\/\/kiennambarista.com\/en\/wp-json\/wp\/v2\/product_cat?post=2520"},{"taxonomy":"product_tag","embeddable":true,"href":"https:\/\/kiennambarista.com\/en\/wp-json\/wp\/v2\/product_tag?post=2520"}],"curies":[{"name":"wp","href":"https:\/\/api.w.org\/{rel}","templated":true}]}}