{"id":2518,"date":"2023-03-23T12:29:25","date_gmt":"2023-03-23T05:29:25","guid":{"rendered":"https:\/\/kiennambarista.com\/san-pham\/may-xay-ca-phe-ditting-807-lab-sweet\/"},"modified":"2023-07-06T11:00:37","modified_gmt":"2023-07-06T04:00:37","slug":"may-xay-ca-phe-ditting-807-lab-sweet","status":"publish","type":"product","link":"https:\/\/kiennambarista.com\/en\/san-pham\/may-xay-ca-phe-ditting-807-lab-sweet\/","title":{"rendered":"Ditting 807 Lab Sweet coffee grinder"},"content":{"rendered":"<h1 style=\"text-align: center;\">Ditting 807 Lab Sweet coffee grinder<\/h1>\n<p>807 LAB SWEET meets the highest quality requirements. This is the only 807 model to be equipped with a high-grade cast steel bezel, featuring a distinctive grinding tooth shape. These ridges ensure optimal grind particle size and spread evenly throughout the mold to achieve consistent extraction and a sweeter taste inside the cup. With the ability to keep the milled grain close to zero.<\/p>\n<p>The 807 LAB SWEET is the perfect grinder for tasting in the lab as well as for specialty grinding in the coffee shop.<\/p>\n<ul>\n<li>High quality hardened steel blade edge for the highest precision grain grinding performance.<\/li>\n<li>The grind size can be adjusted from very fine for Turkish brew to very coarse for cold brew.<\/li>\n<li>The premium bag clamp and powder knocker ensure that the coffee slides down the bag almost completely.<\/li>\n<li>The grain size adjuster is designed with signature anodized aluminum material for easy convenient and precise adjustment.<\/li>\n<li>The engine is highly efficient and durable. Achieve an average performance of 450 grams per minute.<\/li>\n<li>Good temperature management with two cooling fans operating at maximum capacity. The temperature is always low and stable almost absolute.<\/li>\n<li>The seed hopper is quickly removable and the drop tray below is made of magnetic material for easy cleaning and disassembly.<\/li>\n<li>Height-adjustable, foldable and removable vibrating table plate for flexible positioning of coffee powder containers or bags<br \/>\nStainless steel coffee powder container for optimal handling &amp; hygiene<\/li>\n<\/ul>\n","protected":false},"excerpt":{"rendered":"<ul>\n<li>Manufacturer : Ditting<\/li>\n<li>Origin: Germany<\/li>\n<li>1 year warranty<\/li>\n<li>Color: Black\/Stainless Steel<\/li>\n<\/ul>\n","protected":false},"featured_media":2245,"comment_status":"open","ping_status":"closed","template":"","meta":{"inline_featured_image":false},"product_brand":[],"product_cat":[186,187],"product_tag":[],"class_list":{"0":"post-2518","1":"product","2":"type-product","3":"status-publish","4":"has-post-thumbnail","6":"product_cat-may-xay-ca-phe-ditting-en","7":"product_cat-may-xay-ca-phe-en","8":"category_filter_product-thuong-hieu-en","9":"category_filter_product-duoi-1000-w-en","10":"category_filter_product-cong-suat-en","11":"category_filter_product-gia-tien-en","12":"category_filter_product-50-million-100-million-en","13":"category_filter_product-ditting-en","15":"first","16":"instock","17":"shipping-taxable","18":"purchasable","19":"product-type-simple"},"acf":[],"yoast_head":"<!-- This site is optimized with the Yoast SEO plugin v24.9 - https:\/\/yoast.com\/wordpress\/plugins\/seo\/ -->\n<title>Ditting 807 Lab Sweet coffee grinder - KI\u1ebeN NAM BARISTA<\/title>\n<meta name=\"description\" content=\"Ditting 807 Lab Sweet coffee grinder is distributed by Kien Nam Barista with the leading prestigious warranty and maintenance policy in Vietnam.\" \/>\n<meta name=\"robots\" content=\"index, follow, max-snippet:-1, max-image-preview:large, max-video-preview:-1\" \/>\n<link rel=\"canonical\" href=\"https:\/\/kiennambarista.com\/en\/san-pham\/may-xay-ca-phe-ditting-807-lab-sweet\/\" \/>\n<meta property=\"og:locale\" content=\"en_US\" \/>\n<meta property=\"og:type\" content=\"article\" \/>\n<meta property=\"og:title\" content=\"Ditting 807 Lab Sweet coffee grinder - KI\u1ebeN NAM BARISTA\" \/>\n<meta property=\"og:description\" content=\"Ditting 807 Lab Sweet coffee grinder is distributed by Kien Nam Barista with the leading prestigious warranty and maintenance policy in Vietnam.\" \/>\n<meta property=\"og:url\" content=\"https:\/\/kiennambarista.com\/en\/san-pham\/may-xay-ca-phe-ditting-807-lab-sweet\/\" \/>\n<meta property=\"og:site_name\" content=\"KI\u1ebeN NAM BARISTA\" \/>\n<meta property=\"article:modified_time\" content=\"2023-07-06T04:00:37+00:00\" \/>\n<meta property=\"og:image\" content=\"https:\/\/kiennambarista.com\/wp-content\/uploads\/2023\/03\/May-xay-ca-phe-Ditting-807-Lab-Sweet.jpg\" \/>\n\t<meta property=\"og:image:width\" content=\"1200\" \/>\n\t<meta property=\"og:image:height\" content=\"992\" \/>\n\t<meta property=\"og:image:type\" content=\"image\/jpeg\" \/>\n<meta name=\"twitter:card\" content=\"summary_large_image\" \/>\n<meta name=\"twitter:label1\" content=\"Est. reading time\" \/>\n\t<meta name=\"twitter:data1\" content=\"2 minutes\" \/>\n<script type=\"application\/ld+json\" class=\"yoast-schema-graph\">{\"@context\":\"https:\/\/schema.org\",\"@graph\":[{\"@type\":\"WebPage\",\"@id\":\"https:\/\/kiennambarista.com\/en\/san-pham\/may-xay-ca-phe-ditting-807-lab-sweet\/\",\"url\":\"https:\/\/kiennambarista.com\/en\/san-pham\/may-xay-ca-phe-ditting-807-lab-sweet\/\",\"name\":\"Ditting 807 Lab Sweet coffee grinder - KI\u1ebeN NAM BARISTA\",\"isPartOf\":{\"@id\":\"https:\/\/kiennambarista.com\/#website\"},\"primaryImageOfPage\":{\"@id\":\"https:\/\/kiennambarista.com\/en\/san-pham\/may-xay-ca-phe-ditting-807-lab-sweet\/#primaryimage\"},\"image\":{\"@id\":\"https:\/\/kiennambarista.com\/en\/san-pham\/may-xay-ca-phe-ditting-807-lab-sweet\/#primaryimage\"},\"thumbnailUrl\":\"https:\/\/kiennambarista.com\/wp-content\/uploads\/2023\/03\/May-xay-ca-phe-Ditting-807-Lab-Sweet.jpg\",\"datePublished\":\"2023-03-23T05:29:25+00:00\",\"dateModified\":\"2023-07-06T04:00:37+00:00\",\"description\":\"Ditting 807 Lab Sweet coffee grinder is distributed by Kien Nam Barista with the leading prestigious warranty and maintenance policy in Vietnam.\",\"breadcrumb\":{\"@id\":\"https:\/\/kiennambarista.com\/en\/san-pham\/may-xay-ca-phe-ditting-807-lab-sweet\/#breadcrumb\"},\"inLanguage\":\"en-US\",\"potentialAction\":[{\"@type\":\"ReadAction\",\"target\":[\"https:\/\/kiennambarista.com\/en\/san-pham\/may-xay-ca-phe-ditting-807-lab-sweet\/\"]}]},{\"@type\":\"ImageObject\",\"inLanguage\":\"en-US\",\"@id\":\"https:\/\/kiennambarista.com\/en\/san-pham\/may-xay-ca-phe-ditting-807-lab-sweet\/#primaryimage\",\"url\":\"https:\/\/kiennambarista.com\/wp-content\/uploads\/2023\/03\/May-xay-ca-phe-Ditting-807-Lab-Sweet.jpg\",\"contentUrl\":\"https:\/\/kiennambarista.com\/wp-content\/uploads\/2023\/03\/May-xay-ca-phe-Ditting-807-Lab-Sweet.jpg\",\"width\":1200,\"height\":992,\"caption\":\"807 LAB SWEET \u0111\u00e1p \u1ee9ng c\u00e1c y\u00eau c\u1ea7u ch\u1ea5t l\u01b0\u1ee3ng cao nh\u1ea5t. \u0110\u00e2y l\u00e0 m\u1eabu 807 duy nh\u1ea5t \u0111\u01b0\u1ee3c trang b\u1ecb g\u1edd b\u1eb1ng th\u00e9p \u0111\u00fac cao c\u1ea5p, c\u00f3 h\u00ecnh d\u1ea1ng r\u0103ng m\u00e0i \u0111\u1eb7c bi\u1ec7t. Nh\u1eefng \u0111\u01b0\u1eddng g\u1edd n\u00e0y \u0111\u1ea3m b\u1ea3o k\u00edch th\u01b0\u1edbc h\u1ea1t t\u1ed1i \u01b0u tr\u1ea3i r\u1ed9ng trong khu\u00f4n \u0111\u1ec3 \u0111\u1ea1t \u0111\u01b0\u1ee3c chi\u1ebft xu\u1ea5t nh\u1ea5t qu\u00e1n v\u00e0 v\u1ecb ng\u1ecdt h\u01a1n b\u00ean trong c\u1ed1c.\"},{\"@type\":\"BreadcrumbList\",\"@id\":\"https:\/\/kiennambarista.com\/en\/san-pham\/may-xay-ca-phe-ditting-807-lab-sweet\/#breadcrumb\",\"itemListElement\":[{\"@type\":\"ListItem\",\"position\":1,\"name\":\"Trang ch\u1ee7\",\"item\":\"https:\/\/kiennambarista.com\/en\/\"},{\"@type\":\"ListItem\",\"position\":2,\"name\":\"Product\",\"item\":\"https:\/\/kiennambarista.com\/en\/san-pham\/\"},{\"@type\":\"ListItem\",\"position\":3,\"name\":\"Ditting 807 Lab Sweet coffee grinder\"}]},{\"@type\":\"WebSite\",\"@id\":\"https:\/\/kiennambarista.com\/#website\",\"url\":\"https:\/\/kiennambarista.com\/\",\"name\":\"Ki\u1ebfn Nam BARISTA\",\"description\":\"Nh\u00e0 ph\u00e2n ph\u1ed1i v\u00e0 cung c\u1ea5p d\u1ecbch v\u1ee5 m\u00e1y pha c\u00e0 ph\u00ea h\u00e0ng \u0111\u1ea7u t\u1ea1i Vi\u1ec7t Nam\",\"publisher\":{\"@id\":\"https:\/\/kiennambarista.com\/#organization\"},\"potentialAction\":[{\"@type\":\"SearchAction\",\"target\":{\"@type\":\"EntryPoint\",\"urlTemplate\":\"https:\/\/kiennambarista.com\/?s={search_term_string}\"},\"query-input\":{\"@type\":\"PropertyValueSpecification\",\"valueRequired\":true,\"valueName\":\"search_term_string\"}}],\"inLanguage\":\"en-US\"},{\"@type\":\"Organization\",\"@id\":\"https:\/\/kiennambarista.com\/#organization\",\"name\":\"Ki\u1ebfn Nam BARISTA\",\"url\":\"https:\/\/kiennambarista.com\/\",\"logo\":{\"@type\":\"ImageObject\",\"inLanguage\":\"en-US\",\"@id\":\"https:\/\/kiennambarista.com\/#\/schema\/logo\/image\/\",\"url\":\"https:\/\/kiennambarista.com\/wp-content\/uploads\/2023\/01\/logo_kiennam.svg\",\"contentUrl\":\"https:\/\/kiennambarista.com\/wp-content\/uploads\/2023\/01\/logo_kiennam.svg\",\"width\":88,\"height\":54,\"caption\":\"Ki\u1ebfn Nam BARISTA\"},\"image\":{\"@id\":\"https:\/\/kiennambarista.com\/#\/schema\/logo\/image\/\"}}]}<\/script>\n<!-- \/ Yoast SEO plugin. -->","yoast_head_json":{"title":"Ditting 807 Lab Sweet coffee grinder - KI\u1ebeN NAM BARISTA","description":"Ditting 807 Lab Sweet coffee grinder is distributed by Kien Nam Barista with the leading prestigious warranty and maintenance policy in Vietnam.","robots":{"index":"index","follow":"follow","max-snippet":"max-snippet:-1","max-image-preview":"max-image-preview:large","max-video-preview":"max-video-preview:-1"},"canonical":"https:\/\/kiennambarista.com\/en\/san-pham\/may-xay-ca-phe-ditting-807-lab-sweet\/","og_locale":"en_US","og_type":"article","og_title":"Ditting 807 Lab Sweet coffee grinder - KI\u1ebeN NAM BARISTA","og_description":"Ditting 807 Lab Sweet coffee grinder is distributed by Kien Nam Barista with the leading prestigious warranty and maintenance policy in Vietnam.","og_url":"https:\/\/kiennambarista.com\/en\/san-pham\/may-xay-ca-phe-ditting-807-lab-sweet\/","og_site_name":"KI\u1ebeN NAM BARISTA","article_modified_time":"2023-07-06T04:00:37+00:00","og_image":[{"width":1200,"height":992,"url":"https:\/\/kiennambarista.com\/wp-content\/uploads\/2023\/03\/May-xay-ca-phe-Ditting-807-Lab-Sweet.jpg","type":"image\/jpeg"}],"twitter_card":"summary_large_image","twitter_misc":{"Est. reading time":"2 minutes"},"schema":{"@context":"https:\/\/schema.org","@graph":[{"@type":"WebPage","@id":"https:\/\/kiennambarista.com\/en\/san-pham\/may-xay-ca-phe-ditting-807-lab-sweet\/","url":"https:\/\/kiennambarista.com\/en\/san-pham\/may-xay-ca-phe-ditting-807-lab-sweet\/","name":"Ditting 807 Lab Sweet coffee grinder - KI\u1ebeN NAM BARISTA","isPartOf":{"@id":"https:\/\/kiennambarista.com\/#website"},"primaryImageOfPage":{"@id":"https:\/\/kiennambarista.com\/en\/san-pham\/may-xay-ca-phe-ditting-807-lab-sweet\/#primaryimage"},"image":{"@id":"https:\/\/kiennambarista.com\/en\/san-pham\/may-xay-ca-phe-ditting-807-lab-sweet\/#primaryimage"},"thumbnailUrl":"https:\/\/kiennambarista.com\/wp-content\/uploads\/2023\/03\/May-xay-ca-phe-Ditting-807-Lab-Sweet.jpg","datePublished":"2023-03-23T05:29:25+00:00","dateModified":"2023-07-06T04:00:37+00:00","description":"Ditting 807 Lab Sweet coffee grinder is distributed by Kien Nam Barista with the leading prestigious warranty and maintenance policy in Vietnam.","breadcrumb":{"@id":"https:\/\/kiennambarista.com\/en\/san-pham\/may-xay-ca-phe-ditting-807-lab-sweet\/#breadcrumb"},"inLanguage":"en-US","potentialAction":[{"@type":"ReadAction","target":["https:\/\/kiennambarista.com\/en\/san-pham\/may-xay-ca-phe-ditting-807-lab-sweet\/"]}]},{"@type":"ImageObject","inLanguage":"en-US","@id":"https:\/\/kiennambarista.com\/en\/san-pham\/may-xay-ca-phe-ditting-807-lab-sweet\/#primaryimage","url":"https:\/\/kiennambarista.com\/wp-content\/uploads\/2023\/03\/May-xay-ca-phe-Ditting-807-Lab-Sweet.jpg","contentUrl":"https:\/\/kiennambarista.com\/wp-content\/uploads\/2023\/03\/May-xay-ca-phe-Ditting-807-Lab-Sweet.jpg","width":1200,"height":992,"caption":"807 LAB SWEET \u0111\u00e1p \u1ee9ng c\u00e1c y\u00eau c\u1ea7u ch\u1ea5t l\u01b0\u1ee3ng cao nh\u1ea5t. \u0110\u00e2y l\u00e0 m\u1eabu 807 duy nh\u1ea5t \u0111\u01b0\u1ee3c trang b\u1ecb g\u1edd b\u1eb1ng th\u00e9p \u0111\u00fac cao c\u1ea5p, c\u00f3 h\u00ecnh d\u1ea1ng r\u0103ng m\u00e0i \u0111\u1eb7c bi\u1ec7t. Nh\u1eefng \u0111\u01b0\u1eddng g\u1edd n\u00e0y \u0111\u1ea3m b\u1ea3o k\u00edch th\u01b0\u1edbc h\u1ea1t t\u1ed1i \u01b0u tr\u1ea3i r\u1ed9ng trong khu\u00f4n \u0111\u1ec3 \u0111\u1ea1t \u0111\u01b0\u1ee3c chi\u1ebft xu\u1ea5t nh\u1ea5t qu\u00e1n v\u00e0 v\u1ecb ng\u1ecdt h\u01a1n b\u00ean trong c\u1ed1c."},{"@type":"BreadcrumbList","@id":"https:\/\/kiennambarista.com\/en\/san-pham\/may-xay-ca-phe-ditting-807-lab-sweet\/#breadcrumb","itemListElement":[{"@type":"ListItem","position":1,"name":"Trang ch\u1ee7","item":"https:\/\/kiennambarista.com\/en\/"},{"@type":"ListItem","position":2,"name":"Product","item":"https:\/\/kiennambarista.com\/en\/san-pham\/"},{"@type":"ListItem","position":3,"name":"Ditting 807 Lab Sweet coffee grinder"}]},{"@type":"WebSite","@id":"https:\/\/kiennambarista.com\/#website","url":"https:\/\/kiennambarista.com\/","name":"Ki\u1ebfn Nam BARISTA","description":"Nh\u00e0 ph\u00e2n ph\u1ed1i v\u00e0 cung c\u1ea5p d\u1ecbch v\u1ee5 m\u00e1y pha c\u00e0 ph\u00ea h\u00e0ng \u0111\u1ea7u t\u1ea1i Vi\u1ec7t Nam","publisher":{"@id":"https:\/\/kiennambarista.com\/#organization"},"potentialAction":[{"@type":"SearchAction","target":{"@type":"EntryPoint","urlTemplate":"https:\/\/kiennambarista.com\/?s={search_term_string}"},"query-input":{"@type":"PropertyValueSpecification","valueRequired":true,"valueName":"search_term_string"}}],"inLanguage":"en-US"},{"@type":"Organization","@id":"https:\/\/kiennambarista.com\/#organization","name":"Ki\u1ebfn Nam BARISTA","url":"https:\/\/kiennambarista.com\/","logo":{"@type":"ImageObject","inLanguage":"en-US","@id":"https:\/\/kiennambarista.com\/#\/schema\/logo\/image\/","url":"https:\/\/kiennambarista.com\/wp-content\/uploads\/2023\/01\/logo_kiennam.svg","contentUrl":"https:\/\/kiennambarista.com\/wp-content\/uploads\/2023\/01\/logo_kiennam.svg","width":88,"height":54,"caption":"Ki\u1ebfn Nam BARISTA"},"image":{"@id":"https:\/\/kiennambarista.com\/#\/schema\/logo\/image\/"}}]}},"_links":{"self":[{"href":"https:\/\/kiennambarista.com\/en\/wp-json\/wp\/v2\/product\/2518","targetHints":{"allow":["GET"]}}],"collection":[{"href":"https:\/\/kiennambarista.com\/en\/wp-json\/wp\/v2\/product"}],"about":[{"href":"https:\/\/kiennambarista.com\/en\/wp-json\/wp\/v2\/types\/product"}],"replies":[{"embeddable":true,"href":"https:\/\/kiennambarista.com\/en\/wp-json\/wp\/v2\/comments?post=2518"}],"wp:featuredmedia":[{"embeddable":true,"href":"https:\/\/kiennambarista.com\/en\/wp-json\/wp\/v2\/media\/2245"}],"wp:attachment":[{"href":"https:\/\/kiennambarista.com\/en\/wp-json\/wp\/v2\/media?parent=2518"}],"wp:term":[{"taxonomy":"product_brand","embeddable":true,"href":"https:\/\/kiennambarista.com\/en\/wp-json\/wp\/v2\/product_brand?post=2518"},{"taxonomy":"product_cat","embeddable":true,"href":"https:\/\/kiennambarista.com\/en\/wp-json\/wp\/v2\/product_cat?post=2518"},{"taxonomy":"product_tag","embeddable":true,"href":"https:\/\/kiennambarista.com\/en\/wp-json\/wp\/v2\/product_tag?post=2518"}],"curies":[{"name":"wp","href":"https:\/\/api.w.org\/{rel}","templated":true}]}}