{"id":2516,"date":"2023-03-25T09:40:17","date_gmt":"2023-03-25T02:40:17","guid":{"rendered":"https:\/\/kiennambarista.com\/san-pham\/may-xay-ca-phe-ditting-kfa-1403\/"},"modified":"2023-07-06T13:18:17","modified_gmt":"2023-07-06T06:18:17","slug":"may-xay-ca-phe-ditting-kfa-1403","status":"publish","type":"product","link":"https:\/\/kiennambarista.com\/en\/san-pham\/may-xay-ca-phe-ditting-kfa-1403\/","title":{"rendered":"Coffee grinder Ditting KFA 1403"},"content":{"rendered":"<h1 style=\"text-align: center;\">Coffee grinder Ditting KFA 1403<\/h1>\n<p>The Ditting KFA 1403 coffee grinder is convinced by its tremendous grinding speed, powerful performance and high daily grind capacity. The ideal solution for busy cafes as well as coffee shops with high workloads.<\/p>\n<ul>\n<li>The 140 mm grain mill developed in special alloy steel is super sharp allowing high speed grain grinding for all types of grinding adjustments.<\/li>\n<li>Wear-resistant special steel edge<\/li>\n<li>Improves grinding to consistent uniformity<\/li>\n<li>Stepless grinding adjustment knob<\/li>\n<li>Keeps a minimum of coffee powder left inside thanks to the manual vibrator<\/li>\n<li>The bag shaker ensures optimal bag filling<\/li>\n<li>Very easy to maintain and clean<\/li>\n<li>Grinding blade size: 140 mm.<\/li>\n<li>Hopper for holding coffee beans : 1.1 kg<\/li>\n<\/ul>\n","protected":false},"excerpt":{"rendered":"<ul>\n<li>Manufacturer : Ditting<\/li>\n<li>Origin: Germany<\/li>\n<li>1 year warranty<\/li>\n<li>Color: Black, brown, red<\/li>\n<\/ul>\n","protected":false},"featured_media":2246,"comment_status":"open","ping_status":"closed","template":"","meta":{"inline_featured_image":false},"product_brand":[],"product_cat":[186,187],"product_tag":[],"class_list":{"0":"post-2516","1":"product","2":"type-product","3":"status-publish","4":"has-post-thumbnail","6":"product_cat-may-xay-ca-phe-ditting-en","7":"product_cat-may-xay-ca-phe-en","8":"category_filter_product-thuong-hieu-en","9":"category_filter_product-cong-suat-en","10":"category_filter_product-1000-2000-w-en","11":"category_filter_product-gia-tien-en","12":"category_filter_product-150-trieu-200-trieu-en","13":"category_filter_product-ditting-en","15":"first","16":"instock","17":"shipping-taxable","18":"purchasable","19":"product-type-simple"},"acf":[],"yoast_head":"<!-- This site is optimized with the Yoast SEO plugin v24.9 - https:\/\/yoast.com\/wordpress\/plugins\/seo\/ -->\n<title>Coffee grinder Ditting KFA 1403 - KI\u1ebeN NAM BARISTA<\/title>\n<meta name=\"robots\" content=\"index, follow, max-snippet:-1, max-image-preview:large, max-video-preview:-1\" \/>\n<link rel=\"canonical\" href=\"https:\/\/kiennambarista.com\/san-pham\/may-xay-ca-phe-ditting-kfa-1403\/\" \/>\n<meta property=\"og:locale\" content=\"en_US\" \/>\n<meta property=\"og:type\" content=\"article\" \/>\n<meta property=\"og:title\" content=\"Coffee grinder Ditting KFA 1403 - KI\u1ebeN NAM BARISTA\" \/>\n<meta property=\"og:description\" content=\"Manufacturer : Ditting  Origin: Germany  1 year warranty  Color: Black, brown, red\" \/>\n<meta property=\"og:url\" content=\"https:\/\/kiennambarista.com\/san-pham\/may-xay-ca-phe-ditting-kfa-1403\/\" \/>\n<meta property=\"og:site_name\" content=\"KI\u1ebeN NAM BARISTA\" \/>\n<meta property=\"article:modified_time\" content=\"2023-07-06T06:18:17+00:00\" \/>\n<meta property=\"og:image\" content=\"https:\/\/kiennambarista.com\/wp-content\/uploads\/2023\/03\/May-xay-ca-phe-Ditting-KFA-1403.jpg\" \/>\n\t<meta property=\"og:image:width\" content=\"1200\" \/>\n\t<meta property=\"og:image:height\" content=\"992\" \/>\n\t<meta property=\"og:image:type\" content=\"image\/jpeg\" \/>\n<meta name=\"twitter:card\" content=\"summary_large_image\" \/>\n<meta name=\"twitter:label1\" content=\"Est. reading time\" \/>\n\t<meta name=\"twitter:data1\" content=\"1 minute\" \/>\n<script type=\"application\/ld+json\" class=\"yoast-schema-graph\">{\"@context\":\"https:\/\/schema.org\",\"@graph\":[{\"@type\":\"WebPage\",\"@id\":\"https:\/\/kiennambarista.com\/san-pham\/may-xay-ca-phe-ditting-kfa-1403\/\",\"url\":\"https:\/\/kiennambarista.com\/san-pham\/may-xay-ca-phe-ditting-kfa-1403\/\",\"name\":\"Coffee grinder Ditting KFA 1403 - KI\u1ebeN NAM BARISTA\",\"isPartOf\":{\"@id\":\"https:\/\/kiennambarista.com\/#website\"},\"primaryImageOfPage\":{\"@id\":\"https:\/\/kiennambarista.com\/san-pham\/may-xay-ca-phe-ditting-kfa-1403\/#primaryimage\"},\"image\":{\"@id\":\"https:\/\/kiennambarista.com\/san-pham\/may-xay-ca-phe-ditting-kfa-1403\/#primaryimage\"},\"thumbnailUrl\":\"https:\/\/kiennambarista.com\/wp-content\/uploads\/2023\/03\/May-xay-ca-phe-Ditting-KFA-1403.jpg\",\"datePublished\":\"2023-03-25T02:40:17+00:00\",\"dateModified\":\"2023-07-06T06:18:17+00:00\",\"breadcrumb\":{\"@id\":\"https:\/\/kiennambarista.com\/san-pham\/may-xay-ca-phe-ditting-kfa-1403\/#breadcrumb\"},\"inLanguage\":\"en-US\",\"potentialAction\":[{\"@type\":\"ReadAction\",\"target\":[\"https:\/\/kiennambarista.com\/san-pham\/may-xay-ca-phe-ditting-kfa-1403\/\"]}]},{\"@type\":\"ImageObject\",\"inLanguage\":\"en-US\",\"@id\":\"https:\/\/kiennambarista.com\/san-pham\/may-xay-ca-phe-ditting-kfa-1403\/#primaryimage\",\"url\":\"https:\/\/kiennambarista.com\/wp-content\/uploads\/2023\/03\/May-xay-ca-phe-Ditting-KFA-1403.jpg\",\"contentUrl\":\"https:\/\/kiennambarista.com\/wp-content\/uploads\/2023\/03\/May-xay-ca-phe-Ditting-KFA-1403.jpg\",\"width\":1200,\"height\":992,\"caption\":\"M\u00e1y xay c\u00e0 ph\u00ea Ditting KFA 1403 Industrial l\u00e0 gi\u1ea3i ph\u00e1p t\u1ed1i \u01b0u trong vi\u1ec7c s\u1eed d\u1ee5ng c\u00f4ng nghi\u1ec7p cho c\u00e1c x\u01b0\u1edfng s\u1ea3n xu\u1ea5t \u1edf quy m\u00f4 v\u1eeba. \u0110\u1ed9ng c\u01a1 \u0111\u01b0\u1ee3c ph\u00e1t tri\u1ec3n \u0111\u1eb7c bi\u1ec7t cho ph\u00e9p t\u1ed1c \u0111\u1ed9 xay \u1edf m\u1ee9c cao cho t\u1ea5t c\u1ea3 c\u00e1c b\u01b0\u1edbc \u0111i\u1ec1u ch\u1ec9nh xay.\"},{\"@type\":\"BreadcrumbList\",\"@id\":\"https:\/\/kiennambarista.com\/san-pham\/may-xay-ca-phe-ditting-kfa-1403\/#breadcrumb\",\"itemListElement\":[{\"@type\":\"ListItem\",\"position\":1,\"name\":\"Trang ch\u1ee7\",\"item\":\"https:\/\/kiennambarista.com\/en\/\"},{\"@type\":\"ListItem\",\"position\":2,\"name\":\"Product\",\"item\":\"https:\/\/kiennambarista.com\/en\/san-pham\/\"},{\"@type\":\"ListItem\",\"position\":3,\"name\":\"Coffee grinder Ditting KFA 1403\"}]},{\"@type\":\"WebSite\",\"@id\":\"https:\/\/kiennambarista.com\/#website\",\"url\":\"https:\/\/kiennambarista.com\/\",\"name\":\"Ki\u1ebfn Nam BARISTA\",\"description\":\"Nh\u00e0 ph\u00e2n ph\u1ed1i v\u00e0 cung c\u1ea5p d\u1ecbch v\u1ee5 m\u00e1y pha c\u00e0 ph\u00ea h\u00e0ng \u0111\u1ea7u t\u1ea1i Vi\u1ec7t Nam\",\"publisher\":{\"@id\":\"https:\/\/kiennambarista.com\/#organization\"},\"potentialAction\":[{\"@type\":\"SearchAction\",\"target\":{\"@type\":\"EntryPoint\",\"urlTemplate\":\"https:\/\/kiennambarista.com\/?s={search_term_string}\"},\"query-input\":{\"@type\":\"PropertyValueSpecification\",\"valueRequired\":true,\"valueName\":\"search_term_string\"}}],\"inLanguage\":\"en-US\"},{\"@type\":\"Organization\",\"@id\":\"https:\/\/kiennambarista.com\/#organization\",\"name\":\"Ki\u1ebfn Nam BARISTA\",\"url\":\"https:\/\/kiennambarista.com\/\",\"logo\":{\"@type\":\"ImageObject\",\"inLanguage\":\"en-US\",\"@id\":\"https:\/\/kiennambarista.com\/#\/schema\/logo\/image\/\",\"url\":\"https:\/\/kiennambarista.com\/wp-content\/uploads\/2023\/01\/logo_kiennam.svg\",\"contentUrl\":\"https:\/\/kiennambarista.com\/wp-content\/uploads\/2023\/01\/logo_kiennam.svg\",\"width\":88,\"height\":54,\"caption\":\"Ki\u1ebfn Nam BARISTA\"},\"image\":{\"@id\":\"https:\/\/kiennambarista.com\/#\/schema\/logo\/image\/\"}}]}<\/script>\n<!-- \/ Yoast SEO plugin. -->","yoast_head_json":{"title":"Coffee grinder Ditting KFA 1403 - KI\u1ebeN NAM BARISTA","robots":{"index":"index","follow":"follow","max-snippet":"max-snippet:-1","max-image-preview":"max-image-preview:large","max-video-preview":"max-video-preview:-1"},"canonical":"https:\/\/kiennambarista.com\/san-pham\/may-xay-ca-phe-ditting-kfa-1403\/","og_locale":"en_US","og_type":"article","og_title":"Coffee grinder Ditting KFA 1403 - KI\u1ebeN NAM BARISTA","og_description":"Manufacturer : Ditting  Origin: Germany  1 year warranty  Color: Black, brown, red","og_url":"https:\/\/kiennambarista.com\/san-pham\/may-xay-ca-phe-ditting-kfa-1403\/","og_site_name":"KI\u1ebeN NAM BARISTA","article_modified_time":"2023-07-06T06:18:17+00:00","og_image":[{"width":1200,"height":992,"url":"https:\/\/kiennambarista.com\/wp-content\/uploads\/2023\/03\/May-xay-ca-phe-Ditting-KFA-1403.jpg","type":"image\/jpeg"}],"twitter_card":"summary_large_image","twitter_misc":{"Est. reading time":"1 minute"},"schema":{"@context":"https:\/\/schema.org","@graph":[{"@type":"WebPage","@id":"https:\/\/kiennambarista.com\/san-pham\/may-xay-ca-phe-ditting-kfa-1403\/","url":"https:\/\/kiennambarista.com\/san-pham\/may-xay-ca-phe-ditting-kfa-1403\/","name":"Coffee grinder Ditting KFA 1403 - KI\u1ebeN NAM BARISTA","isPartOf":{"@id":"https:\/\/kiennambarista.com\/#website"},"primaryImageOfPage":{"@id":"https:\/\/kiennambarista.com\/san-pham\/may-xay-ca-phe-ditting-kfa-1403\/#primaryimage"},"image":{"@id":"https:\/\/kiennambarista.com\/san-pham\/may-xay-ca-phe-ditting-kfa-1403\/#primaryimage"},"thumbnailUrl":"https:\/\/kiennambarista.com\/wp-content\/uploads\/2023\/03\/May-xay-ca-phe-Ditting-KFA-1403.jpg","datePublished":"2023-03-25T02:40:17+00:00","dateModified":"2023-07-06T06:18:17+00:00","breadcrumb":{"@id":"https:\/\/kiennambarista.com\/san-pham\/may-xay-ca-phe-ditting-kfa-1403\/#breadcrumb"},"inLanguage":"en-US","potentialAction":[{"@type":"ReadAction","target":["https:\/\/kiennambarista.com\/san-pham\/may-xay-ca-phe-ditting-kfa-1403\/"]}]},{"@type":"ImageObject","inLanguage":"en-US","@id":"https:\/\/kiennambarista.com\/san-pham\/may-xay-ca-phe-ditting-kfa-1403\/#primaryimage","url":"https:\/\/kiennambarista.com\/wp-content\/uploads\/2023\/03\/May-xay-ca-phe-Ditting-KFA-1403.jpg","contentUrl":"https:\/\/kiennambarista.com\/wp-content\/uploads\/2023\/03\/May-xay-ca-phe-Ditting-KFA-1403.jpg","width":1200,"height":992,"caption":"M\u00e1y xay c\u00e0 ph\u00ea Ditting KFA 1403 Industrial l\u00e0 gi\u1ea3i ph\u00e1p t\u1ed1i \u01b0u trong vi\u1ec7c s\u1eed d\u1ee5ng c\u00f4ng nghi\u1ec7p cho c\u00e1c x\u01b0\u1edfng s\u1ea3n xu\u1ea5t \u1edf quy m\u00f4 v\u1eeba. \u0110\u1ed9ng c\u01a1 \u0111\u01b0\u1ee3c ph\u00e1t tri\u1ec3n \u0111\u1eb7c bi\u1ec7t cho ph\u00e9p t\u1ed1c \u0111\u1ed9 xay \u1edf m\u1ee9c cao cho t\u1ea5t c\u1ea3 c\u00e1c b\u01b0\u1edbc \u0111i\u1ec1u ch\u1ec9nh xay."},{"@type":"BreadcrumbList","@id":"https:\/\/kiennambarista.com\/san-pham\/may-xay-ca-phe-ditting-kfa-1403\/#breadcrumb","itemListElement":[{"@type":"ListItem","position":1,"name":"Trang ch\u1ee7","item":"https:\/\/kiennambarista.com\/en\/"},{"@type":"ListItem","position":2,"name":"Product","item":"https:\/\/kiennambarista.com\/en\/san-pham\/"},{"@type":"ListItem","position":3,"name":"Coffee grinder Ditting KFA 1403"}]},{"@type":"WebSite","@id":"https:\/\/kiennambarista.com\/#website","url":"https:\/\/kiennambarista.com\/","name":"Ki\u1ebfn Nam BARISTA","description":"Nh\u00e0 ph\u00e2n ph\u1ed1i v\u00e0 cung c\u1ea5p d\u1ecbch v\u1ee5 m\u00e1y pha c\u00e0 ph\u00ea h\u00e0ng \u0111\u1ea7u t\u1ea1i Vi\u1ec7t Nam","publisher":{"@id":"https:\/\/kiennambarista.com\/#organization"},"potentialAction":[{"@type":"SearchAction","target":{"@type":"EntryPoint","urlTemplate":"https:\/\/kiennambarista.com\/?s={search_term_string}"},"query-input":{"@type":"PropertyValueSpecification","valueRequired":true,"valueName":"search_term_string"}}],"inLanguage":"en-US"},{"@type":"Organization","@id":"https:\/\/kiennambarista.com\/#organization","name":"Ki\u1ebfn Nam BARISTA","url":"https:\/\/kiennambarista.com\/","logo":{"@type":"ImageObject","inLanguage":"en-US","@id":"https:\/\/kiennambarista.com\/#\/schema\/logo\/image\/","url":"https:\/\/kiennambarista.com\/wp-content\/uploads\/2023\/01\/logo_kiennam.svg","contentUrl":"https:\/\/kiennambarista.com\/wp-content\/uploads\/2023\/01\/logo_kiennam.svg","width":88,"height":54,"caption":"Ki\u1ebfn Nam BARISTA"},"image":{"@id":"https:\/\/kiennambarista.com\/#\/schema\/logo\/image\/"}}]}},"_links":{"self":[{"href":"https:\/\/kiennambarista.com\/en\/wp-json\/wp\/v2\/product\/2516","targetHints":{"allow":["GET"]}}],"collection":[{"href":"https:\/\/kiennambarista.com\/en\/wp-json\/wp\/v2\/product"}],"about":[{"href":"https:\/\/kiennambarista.com\/en\/wp-json\/wp\/v2\/types\/product"}],"replies":[{"embeddable":true,"href":"https:\/\/kiennambarista.com\/en\/wp-json\/wp\/v2\/comments?post=2516"}],"wp:featuredmedia":[{"embeddable":true,"href":"https:\/\/kiennambarista.com\/en\/wp-json\/wp\/v2\/media\/2246"}],"wp:attachment":[{"href":"https:\/\/kiennambarista.com\/en\/wp-json\/wp\/v2\/media?parent=2516"}],"wp:term":[{"taxonomy":"product_brand","embeddable":true,"href":"https:\/\/kiennambarista.com\/en\/wp-json\/wp\/v2\/product_brand?post=2516"},{"taxonomy":"product_cat","embeddable":true,"href":"https:\/\/kiennambarista.com\/en\/wp-json\/wp\/v2\/product_cat?post=2516"},{"taxonomy":"product_tag","embeddable":true,"href":"https:\/\/kiennambarista.com\/en\/wp-json\/wp\/v2\/product_tag?post=2516"}],"curies":[{"name":"wp","href":"https:\/\/api.w.org\/{rel}","templated":true}]}}