{"id":2515,"date":"2023-03-25T11:44:55","date_gmt":"2023-03-25T04:44:55","guid":{"rendered":"https:\/\/kiennambarista.com\/san-pham\/may-xay-ca-phe-marco-mix-pb8\/"},"modified":"2023-05-26T16:11:01","modified_gmt":"2023-05-26T09:11:01","slug":"may-xay-ca-phe-marco-mix-pb8","status":"publish","type":"product","link":"https:\/\/kiennambarista.com\/en\/san-pham\/may-xay-ca-phe-marco-mix-pb8\/","title":{"rendered":"Marco Mix PB8 . water heater"},"content":{"rendered":"<h1 style=\"text-align: center;\">Marco Mix PB8 . water heater<\/h1>\n<p>&nbsp;<\/p>\n<ul>\n<li>Removable drip tray<\/li>\n<li>Save up to 70% more energy<\/li>\n<\/ul>\n","protected":false},"excerpt":{"rendered":"<ul>\n<li>Manufacturer: Marco Beverage Systems<\/li>\n<li>Origin: Ireland<\/li>\n<li>1 year warranty<\/li>\n<li>Color: Black \/ Stainless steel<\/li>\n<\/ul>\n","protected":false},"featured_media":2247,"comment_status":"open","ping_status":"closed","template":"","meta":{"inline_featured_image":false},"product_brand":[],"product_cat":[183],"product_tag":[],"class_list":{"0":"post-2515","1":"product","2":"type-product","3":"status-publish","4":"has-post-thumbnail","6":"product_cat-may-nuoc-nong-en","7":"category_filter_product-thuong-hieu-en","8":"category_filter_product-cong-suat-en","9":"category_filter_product-gia-tien-en","10":"category_filter_product-2000-3000-w-en","11":"category_filter_product-marco-en","13":"first","14":"instock","15":"shipping-taxable","16":"purchasable","17":"product-type-simple"},"acf":[],"yoast_head":"<!-- This site is optimized with the Yoast SEO plugin v24.9 - https:\/\/yoast.com\/wordpress\/plugins\/seo\/ -->\n<title>Marco Mix PB8 . water heater - KI\u1ebeN NAM BARISTA<\/title>\n<meta name=\"robots\" content=\"index, follow, max-snippet:-1, max-image-preview:large, max-video-preview:-1\" \/>\n<link rel=\"canonical\" href=\"https:\/\/kiennambarista.com\/en\/san-pham\/may-xay-ca-phe-marco-mix-pb8\/\" \/>\n<meta property=\"og:locale\" content=\"en_US\" \/>\n<meta property=\"og:type\" content=\"article\" \/>\n<meta property=\"og:title\" content=\"Marco Mix PB8 . water heater - KI\u1ebeN NAM BARISTA\" \/>\n<meta property=\"og:description\" content=\"Manufacturer: Marco Beverage Systems  Origin: Ireland  1 year warranty  Color: Black \/ Stainless steel\" \/>\n<meta property=\"og:url\" content=\"https:\/\/kiennambarista.com\/en\/san-pham\/may-xay-ca-phe-marco-mix-pb8\/\" \/>\n<meta property=\"og:site_name\" content=\"KI\u1ebeN NAM BARISTA\" \/>\n<meta property=\"article:modified_time\" content=\"2023-05-26T09:11:01+00:00\" \/>\n<meta property=\"og:image\" content=\"https:\/\/kiennambarista.com\/wp-content\/uploads\/2023\/03\/May.jpg\" \/>\n\t<meta property=\"og:image:width\" content=\"1200\" \/>\n\t<meta property=\"og:image:height\" content=\"992\" \/>\n\t<meta property=\"og:image:type\" content=\"image\/jpeg\" \/>\n<meta name=\"twitter:card\" content=\"summary_large_image\" \/>\n<script type=\"application\/ld+json\" class=\"yoast-schema-graph\">{\"@context\":\"https:\/\/schema.org\",\"@graph\":[{\"@type\":\"WebPage\",\"@id\":\"https:\/\/kiennambarista.com\/en\/san-pham\/may-xay-ca-phe-marco-mix-pb8\/\",\"url\":\"https:\/\/kiennambarista.com\/en\/san-pham\/may-xay-ca-phe-marco-mix-pb8\/\",\"name\":\"Marco Mix PB8 . water heater - KI\u1ebeN NAM BARISTA\",\"isPartOf\":{\"@id\":\"https:\/\/kiennambarista.com\/#website\"},\"primaryImageOfPage\":{\"@id\":\"https:\/\/kiennambarista.com\/en\/san-pham\/may-xay-ca-phe-marco-mix-pb8\/#primaryimage\"},\"image\":{\"@id\":\"https:\/\/kiennambarista.com\/en\/san-pham\/may-xay-ca-phe-marco-mix-pb8\/#primaryimage\"},\"thumbnailUrl\":\"https:\/\/kiennambarista.com\/wp-content\/uploads\/2023\/03\/May.jpg\",\"datePublished\":\"2023-03-25T04:44:55+00:00\",\"dateModified\":\"2023-05-26T09:11:01+00:00\",\"breadcrumb\":{\"@id\":\"https:\/\/kiennambarista.com\/en\/san-pham\/may-xay-ca-phe-marco-mix-pb8\/#breadcrumb\"},\"inLanguage\":\"en-US\",\"potentialAction\":[{\"@type\":\"ReadAction\",\"target\":[\"https:\/\/kiennambarista.com\/en\/san-pham\/may-xay-ca-phe-marco-mix-pb8\/\"]}]},{\"@type\":\"ImageObject\",\"inLanguage\":\"en-US\",\"@id\":\"https:\/\/kiennambarista.com\/en\/san-pham\/may-xay-ca-phe-marco-mix-pb8\/#primaryimage\",\"url\":\"https:\/\/kiennambarista.com\/wp-content\/uploads\/2023\/03\/May.jpg\",\"contentUrl\":\"https:\/\/kiennambarista.com\/wp-content\/uploads\/2023\/03\/May.jpg\",\"width\":1200,\"height\":992,\"caption\":\"M\u00e1y n\u01b0\u1edbc n\u00f3ng Marco Mix PB8 c\u00f3 b\u00ecnh c\u00e1ch nhi\u1ec7t ch\u00e2n kh\u00f4ng gi\u00fap s\u1ea3n ph\u1ea9m gi\u1eef nhi\u1ec7t t\u1ed1t v\u00e0 gi\u1eef n\u01b0\u1edbc \u1edf nhi\u1ec7t \u0111\u1ed9 ph\u00f9 h\u1ee3p. N\u00f3 c\u00f3 dung t\u00edch 8 l\u00edt v\u00e0 c\u00f3 th\u1ec3 t\u1ea1o ra 156 (c\u1ed1c 180ml) \u0111\u1ed3 u\u1ed1ng n\u00f3ng m\u1ed7i gi\u1edd. Khay nh\u1ecf gi\u1ecdt c\u00f3 th\u1ec3 th\u00e1o r\u1eddi gi\u00fap b\u1ea1n d\u1ec5 d\u00e0ng v\u1ec7 sinh m\u00e1y m\u00f3c. B\u00ean c\u1ea1nh \u0111\u00f3,Marco Mix PB8 c\u00f3 th\u1ec3 cung c\u1ea5p n\u01b0\u1edbc \u1edf 3 c\u00e0i \u0111\u1eb7t nhi\u1ec7t \u0111\u1ed9 kh\u00e1c nhau v\u00e0 3 th\u1ec3 t\u00edch thay th\u1ebf ch\u1ec9 b\u1eb1ng m\u1ed9t n\u00fat b\u1ea5m.\"},{\"@type\":\"BreadcrumbList\",\"@id\":\"https:\/\/kiennambarista.com\/en\/san-pham\/may-xay-ca-phe-marco-mix-pb8\/#breadcrumb\",\"itemListElement\":[{\"@type\":\"ListItem\",\"position\":1,\"name\":\"Trang ch\u1ee7\",\"item\":\"https:\/\/kiennambarista.com\/en\/\"},{\"@type\":\"ListItem\",\"position\":2,\"name\":\"Product\",\"item\":\"https:\/\/kiennambarista.com\/en\/san-pham\/\"},{\"@type\":\"ListItem\",\"position\":3,\"name\":\"Marco Mix PB8 . water heater\"}]},{\"@type\":\"WebSite\",\"@id\":\"https:\/\/kiennambarista.com\/#website\",\"url\":\"https:\/\/kiennambarista.com\/\",\"name\":\"Ki\u1ebfn Nam BARISTA\",\"description\":\"Nh\u00e0 ph\u00e2n ph\u1ed1i v\u00e0 cung c\u1ea5p d\u1ecbch v\u1ee5 m\u00e1y pha c\u00e0 ph\u00ea h\u00e0ng \u0111\u1ea7u t\u1ea1i Vi\u1ec7t Nam\",\"publisher\":{\"@id\":\"https:\/\/kiennambarista.com\/#organization\"},\"potentialAction\":[{\"@type\":\"SearchAction\",\"target\":{\"@type\":\"EntryPoint\",\"urlTemplate\":\"https:\/\/kiennambarista.com\/?s={search_term_string}\"},\"query-input\":{\"@type\":\"PropertyValueSpecification\",\"valueRequired\":true,\"valueName\":\"search_term_string\"}}],\"inLanguage\":\"en-US\"},{\"@type\":\"Organization\",\"@id\":\"https:\/\/kiennambarista.com\/#organization\",\"name\":\"Ki\u1ebfn Nam BARISTA\",\"url\":\"https:\/\/kiennambarista.com\/\",\"logo\":{\"@type\":\"ImageObject\",\"inLanguage\":\"en-US\",\"@id\":\"https:\/\/kiennambarista.com\/#\/schema\/logo\/image\/\",\"url\":\"https:\/\/kiennambarista.com\/wp-content\/uploads\/2023\/01\/logo_kiennam.svg\",\"contentUrl\":\"https:\/\/kiennambarista.com\/wp-content\/uploads\/2023\/01\/logo_kiennam.svg\",\"width\":88,\"height\":54,\"caption\":\"Ki\u1ebfn Nam BARISTA\"},\"image\":{\"@id\":\"https:\/\/kiennambarista.com\/#\/schema\/logo\/image\/\"}}]}<\/script>\n<!-- \/ Yoast SEO plugin. -->","yoast_head_json":{"title":"Marco Mix PB8 . water heater - KI\u1ebeN NAM BARISTA","robots":{"index":"index","follow":"follow","max-snippet":"max-snippet:-1","max-image-preview":"max-image-preview:large","max-video-preview":"max-video-preview:-1"},"canonical":"https:\/\/kiennambarista.com\/en\/san-pham\/may-xay-ca-phe-marco-mix-pb8\/","og_locale":"en_US","og_type":"article","og_title":"Marco Mix PB8 . water heater - KI\u1ebeN NAM BARISTA","og_description":"Manufacturer: Marco Beverage Systems  Origin: Ireland  1 year warranty  Color: Black \/ Stainless steel","og_url":"https:\/\/kiennambarista.com\/en\/san-pham\/may-xay-ca-phe-marco-mix-pb8\/","og_site_name":"KI\u1ebeN NAM BARISTA","article_modified_time":"2023-05-26T09:11:01+00:00","og_image":[{"width":1200,"height":992,"url":"https:\/\/kiennambarista.com\/wp-content\/uploads\/2023\/03\/May.jpg","type":"image\/jpeg"}],"twitter_card":"summary_large_image","schema":{"@context":"https:\/\/schema.org","@graph":[{"@type":"WebPage","@id":"https:\/\/kiennambarista.com\/en\/san-pham\/may-xay-ca-phe-marco-mix-pb8\/","url":"https:\/\/kiennambarista.com\/en\/san-pham\/may-xay-ca-phe-marco-mix-pb8\/","name":"Marco Mix PB8 . water heater - KI\u1ebeN NAM BARISTA","isPartOf":{"@id":"https:\/\/kiennambarista.com\/#website"},"primaryImageOfPage":{"@id":"https:\/\/kiennambarista.com\/en\/san-pham\/may-xay-ca-phe-marco-mix-pb8\/#primaryimage"},"image":{"@id":"https:\/\/kiennambarista.com\/en\/san-pham\/may-xay-ca-phe-marco-mix-pb8\/#primaryimage"},"thumbnailUrl":"https:\/\/kiennambarista.com\/wp-content\/uploads\/2023\/03\/May.jpg","datePublished":"2023-03-25T04:44:55+00:00","dateModified":"2023-05-26T09:11:01+00:00","breadcrumb":{"@id":"https:\/\/kiennambarista.com\/en\/san-pham\/may-xay-ca-phe-marco-mix-pb8\/#breadcrumb"},"inLanguage":"en-US","potentialAction":[{"@type":"ReadAction","target":["https:\/\/kiennambarista.com\/en\/san-pham\/may-xay-ca-phe-marco-mix-pb8\/"]}]},{"@type":"ImageObject","inLanguage":"en-US","@id":"https:\/\/kiennambarista.com\/en\/san-pham\/may-xay-ca-phe-marco-mix-pb8\/#primaryimage","url":"https:\/\/kiennambarista.com\/wp-content\/uploads\/2023\/03\/May.jpg","contentUrl":"https:\/\/kiennambarista.com\/wp-content\/uploads\/2023\/03\/May.jpg","width":1200,"height":992,"caption":"M\u00e1y n\u01b0\u1edbc n\u00f3ng Marco Mix PB8 c\u00f3 b\u00ecnh c\u00e1ch nhi\u1ec7t ch\u00e2n kh\u00f4ng gi\u00fap s\u1ea3n ph\u1ea9m gi\u1eef nhi\u1ec7t t\u1ed1t v\u00e0 gi\u1eef n\u01b0\u1edbc \u1edf nhi\u1ec7t \u0111\u1ed9 ph\u00f9 h\u1ee3p. N\u00f3 c\u00f3 dung t\u00edch 8 l\u00edt v\u00e0 c\u00f3 th\u1ec3 t\u1ea1o ra 156 (c\u1ed1c 180ml) \u0111\u1ed3 u\u1ed1ng n\u00f3ng m\u1ed7i gi\u1edd. Khay nh\u1ecf gi\u1ecdt c\u00f3 th\u1ec3 th\u00e1o r\u1eddi gi\u00fap b\u1ea1n d\u1ec5 d\u00e0ng v\u1ec7 sinh m\u00e1y m\u00f3c. B\u00ean c\u1ea1nh \u0111\u00f3,Marco Mix PB8 c\u00f3 th\u1ec3 cung c\u1ea5p n\u01b0\u1edbc \u1edf 3 c\u00e0i \u0111\u1eb7t nhi\u1ec7t \u0111\u1ed9 kh\u00e1c nhau v\u00e0 3 th\u1ec3 t\u00edch thay th\u1ebf ch\u1ec9 b\u1eb1ng m\u1ed9t n\u00fat b\u1ea5m."},{"@type":"BreadcrumbList","@id":"https:\/\/kiennambarista.com\/en\/san-pham\/may-xay-ca-phe-marco-mix-pb8\/#breadcrumb","itemListElement":[{"@type":"ListItem","position":1,"name":"Trang ch\u1ee7","item":"https:\/\/kiennambarista.com\/en\/"},{"@type":"ListItem","position":2,"name":"Product","item":"https:\/\/kiennambarista.com\/en\/san-pham\/"},{"@type":"ListItem","position":3,"name":"Marco Mix PB8 . water heater"}]},{"@type":"WebSite","@id":"https:\/\/kiennambarista.com\/#website","url":"https:\/\/kiennambarista.com\/","name":"Ki\u1ebfn Nam BARISTA","description":"Nh\u00e0 ph\u00e2n ph\u1ed1i v\u00e0 cung c\u1ea5p d\u1ecbch v\u1ee5 m\u00e1y pha c\u00e0 ph\u00ea h\u00e0ng \u0111\u1ea7u t\u1ea1i Vi\u1ec7t Nam","publisher":{"@id":"https:\/\/kiennambarista.com\/#organization"},"potentialAction":[{"@type":"SearchAction","target":{"@type":"EntryPoint","urlTemplate":"https:\/\/kiennambarista.com\/?s={search_term_string}"},"query-input":{"@type":"PropertyValueSpecification","valueRequired":true,"valueName":"search_term_string"}}],"inLanguage":"en-US"},{"@type":"Organization","@id":"https:\/\/kiennambarista.com\/#organization","name":"Ki\u1ebfn Nam BARISTA","url":"https:\/\/kiennambarista.com\/","logo":{"@type":"ImageObject","inLanguage":"en-US","@id":"https:\/\/kiennambarista.com\/#\/schema\/logo\/image\/","url":"https:\/\/kiennambarista.com\/wp-content\/uploads\/2023\/01\/logo_kiennam.svg","contentUrl":"https:\/\/kiennambarista.com\/wp-content\/uploads\/2023\/01\/logo_kiennam.svg","width":88,"height":54,"caption":"Ki\u1ebfn Nam BARISTA"},"image":{"@id":"https:\/\/kiennambarista.com\/#\/schema\/logo\/image\/"}}]}},"_links":{"self":[{"href":"https:\/\/kiennambarista.com\/en\/wp-json\/wp\/v2\/product\/2515","targetHints":{"allow":["GET"]}}],"collection":[{"href":"https:\/\/kiennambarista.com\/en\/wp-json\/wp\/v2\/product"}],"about":[{"href":"https:\/\/kiennambarista.com\/en\/wp-json\/wp\/v2\/types\/product"}],"replies":[{"embeddable":true,"href":"https:\/\/kiennambarista.com\/en\/wp-json\/wp\/v2\/comments?post=2515"}],"wp:featuredmedia":[{"embeddable":true,"href":"https:\/\/kiennambarista.com\/en\/wp-json\/wp\/v2\/media\/2247"}],"wp:attachment":[{"href":"https:\/\/kiennambarista.com\/en\/wp-json\/wp\/v2\/media?parent=2515"}],"wp:term":[{"taxonomy":"product_brand","embeddable":true,"href":"https:\/\/kiennambarista.com\/en\/wp-json\/wp\/v2\/product_brand?post=2515"},{"taxonomy":"product_cat","embeddable":true,"href":"https:\/\/kiennambarista.com\/en\/wp-json\/wp\/v2\/product_cat?post=2515"},{"taxonomy":"product_tag","embeddable":true,"href":"https:\/\/kiennambarista.com\/en\/wp-json\/wp\/v2\/product_tag?post=2515"}],"curies":[{"name":"wp","href":"https:\/\/api.w.org\/{rel}","templated":true}]}}