{"id":2514,"date":"2023-03-30T16:43:49","date_gmt":"2023-03-30T09:43:49","guid":{"rendered":"https:\/\/kiennambarista.com\/san-pham\/may-pha-ca-phe-tu-dong-egro-qube-quick-milk-nero-2m-1p\/"},"modified":"2023-07-06T08:52:18","modified_gmt":"2023-07-06T01:52:18","slug":"may-pha-ca-phe-tu-dong-egro-qube-quick-milk-nero-2m-1p","status":"publish","type":"product","link":"https:\/\/kiennambarista.com\/en\/san-pham\/may-pha-ca-phe-tu-dong-egro-qube-quick-milk-nero-2m-1p\/","title":{"rendered":"Egro QuBe Quick Milk Nero automatic coffee machine 2M-1P"},"content":{"rendered":"<h1 style=\"text-align: center;\">Egro QuBe Quick Milk Nero automatic coffee machine 2M-1P<\/h1>\n<p>The Egro QuBe Quick Milk Nero 2M-1P is a fully automatic coffee machine ideal for hotels, offices, automatic model cafes, establishments, convenience stores or families&#8230;<\/p>\n<p>Easy to use and maintain, reliable, convenient and compact, thanks to its built-in hopper for beans &amp; ground coffee, QuBe is the standard solution for high speed coffee, milk and chocolate drinks &amp; High power.<\/p>\n<p>Swiss production and quality in a cup. Choose the quality and reliability of Egro extraction technology to automatically prepare any coffee, milk or instant beverage.<\/p>\n<p>Customizable interface: Upload videos and images to customize your touchscreen and update your menus at any time with a new set of icons.<\/p>\n<p>Maximum flexibility, combining refrigerators, add-ons and optional extras available, to tailor QuBe to your needs and choose the color that best suits your venue.<\/p>\n<p>Direct water connection<\/p>\n<p>7 Inch Touchscreen: choose your drink with a simple tap and navigate through icon menus to customize your right drink recipe.<\/p>\n<p>Built in Hoppers: 1 or 2 built-in hoppers for beans &amp; 1 built-in powder hopper inside for soluble products.<\/p>\n<p>Milk system: with the QuBe milk system (automatic milking, professional milking) you can enhance your cafe menu and automatically prepare a wide range of fresh milk-based beverages.<\/p>\n","protected":false},"excerpt":{"rendered":"<ul>\n<li>Manufacturer: EGRO<\/li>\n<li>Origin: Italy<\/li>\n<li>1 year warranty<\/li>\n<\/ul>\n","protected":false},"featured_media":2258,"comment_status":"open","ping_status":"closed","template":"","meta":{"inline_featured_image":false},"product_brand":[],"product_cat":[176,175],"product_tag":[],"class_list":{"0":"post-2514","1":"product","2":"type-product","3":"status-publish","4":"has-post-thumbnail","6":"product_cat-may-pha-ca-phe-tu-dong-en","7":"product_cat-may-pha-ca-phe-tu-dong-egro-en-may-pha-ca-phe-tu-dong-en","8":"category_filter_product-thuong-hieu-en","9":"category_filter_product-cong-suat-en","10":"category_filter_product-1000-2000-w-en","11":"category_filter_product-gia-tien-en","12":"category_filter_product-may-pha-ca-phe-tu-dong-egro-en","13":"category_filter_product-150-trieu-200-trieu-en","15":"first","16":"instock","17":"shipping-taxable","18":"purchasable","19":"product-type-simple"},"acf":[],"yoast_head":"<!-- This site is optimized with the Yoast SEO plugin v24.9 - https:\/\/yoast.com\/wordpress\/plugins\/seo\/ -->\n<title>Egro QuBe Quick Milk Nero automatic coffee machine 2M-1P - KI\u1ebeN NAM BARISTA<\/title>\n<meta name=\"description\" content=\"Egro QuBe Quick Milk Nero 2M-1P automatic coffee machine is genuine distributed by Kien Nam Barista. With a reputable maintenance and warranty policy\" \/>\n<meta name=\"robots\" content=\"index, follow, max-snippet:-1, max-image-preview:large, max-video-preview:-1\" \/>\n<link rel=\"canonical\" href=\"https:\/\/kiennambarista.com\/en\/san-pham\/may-pha-ca-phe-tu-dong-egro-qube-quick-milk-nero-2m-1p\/\" \/>\n<meta property=\"og:locale\" content=\"en_US\" \/>\n<meta property=\"og:type\" content=\"article\" \/>\n<meta property=\"og:title\" content=\"Egro QuBe Quick Milk Nero automatic coffee machine 2M-1P - KI\u1ebeN NAM BARISTA\" \/>\n<meta property=\"og:description\" content=\"Egro QuBe Quick Milk Nero 2M-1P automatic coffee machine is genuine distributed by Kien Nam Barista. With a reputable maintenance and warranty policy\" \/>\n<meta property=\"og:url\" content=\"https:\/\/kiennambarista.com\/en\/san-pham\/may-pha-ca-phe-tu-dong-egro-qube-quick-milk-nero-2m-1p\/\" \/>\n<meta property=\"og:site_name\" content=\"KI\u1ebeN NAM BARISTA\" \/>\n<meta property=\"article:modified_time\" content=\"2023-07-06T01:52:18+00:00\" \/>\n<meta property=\"og:image\" content=\"https:\/\/kiennambarista.com\/wp-content\/uploads\/2023\/03\/may-pha-ca-phe-tu-dong-cong-suat-cao-Egro.png\" \/>\n\t<meta property=\"og:image:width\" content=\"1200\" \/>\n\t<meta property=\"og:image:height\" content=\"992\" \/>\n\t<meta property=\"og:image:type\" content=\"image\/png\" \/>\n<meta name=\"twitter:card\" content=\"summary_large_image\" \/>\n<meta name=\"twitter:label1\" content=\"Est. reading time\" \/>\n\t<meta name=\"twitter:data1\" content=\"1 minute\" \/>\n<script type=\"application\/ld+json\" class=\"yoast-schema-graph\">{\"@context\":\"https:\/\/schema.org\",\"@graph\":[{\"@type\":\"WebPage\",\"@id\":\"https:\/\/kiennambarista.com\/en\/san-pham\/may-pha-ca-phe-tu-dong-egro-qube-quick-milk-nero-2m-1p\/\",\"url\":\"https:\/\/kiennambarista.com\/en\/san-pham\/may-pha-ca-phe-tu-dong-egro-qube-quick-milk-nero-2m-1p\/\",\"name\":\"Egro QuBe Quick Milk Nero automatic coffee machine 2M-1P - KI\u1ebeN NAM BARISTA\",\"isPartOf\":{\"@id\":\"https:\/\/kiennambarista.com\/#website\"},\"primaryImageOfPage\":{\"@id\":\"https:\/\/kiennambarista.com\/en\/san-pham\/may-pha-ca-phe-tu-dong-egro-qube-quick-milk-nero-2m-1p\/#primaryimage\"},\"image\":{\"@id\":\"https:\/\/kiennambarista.com\/en\/san-pham\/may-pha-ca-phe-tu-dong-egro-qube-quick-milk-nero-2m-1p\/#primaryimage\"},\"thumbnailUrl\":\"https:\/\/kiennambarista.com\/wp-content\/uploads\/2023\/03\/may-pha-ca-phe-tu-dong-cong-suat-cao-Egro.png\",\"datePublished\":\"2023-03-30T09:43:49+00:00\",\"dateModified\":\"2023-07-06T01:52:18+00:00\",\"description\":\"Egro QuBe Quick Milk Nero 2M-1P automatic coffee machine is genuine distributed by Kien Nam Barista. With a reputable maintenance and warranty policy\",\"breadcrumb\":{\"@id\":\"https:\/\/kiennambarista.com\/en\/san-pham\/may-pha-ca-phe-tu-dong-egro-qube-quick-milk-nero-2m-1p\/#breadcrumb\"},\"inLanguage\":\"en-US\",\"potentialAction\":[{\"@type\":\"ReadAction\",\"target\":[\"https:\/\/kiennambarista.com\/en\/san-pham\/may-pha-ca-phe-tu-dong-egro-qube-quick-milk-nero-2m-1p\/\"]}]},{\"@type\":\"ImageObject\",\"inLanguage\":\"en-US\",\"@id\":\"https:\/\/kiennambarista.com\/en\/san-pham\/may-pha-ca-phe-tu-dong-egro-qube-quick-milk-nero-2m-1p\/#primaryimage\",\"url\":\"https:\/\/kiennambarista.com\/wp-content\/uploads\/2023\/03\/may-pha-ca-phe-tu-dong-cong-suat-cao-Egro.png\",\"contentUrl\":\"https:\/\/kiennambarista.com\/wp-content\/uploads\/2023\/03\/may-pha-ca-phe-tu-dong-cong-suat-cao-Egro.png\",\"width\":1200,\"height\":992,\"caption\":\"QuBe l\u00e0 m\u00e1y pha c\u00e0 ph\u00ea ho\u00e0n to\u00e0n t\u1ef1 \u0111\u1ed9ng l\u00fd t\u01b0\u1edfng cho kh\u00e1ch s\u1ea1n, v\u0103n ph\u00f2ng, qu\u00e1n cafe m\u00f4 h\u00ecnh t\u1ef1 \u0111\u1ed9ng, c\u00e1c c\u01a1 s\u1edf, c\u1eeda h\u00e0ng ti\u1ec7n l\u1ee3i ho\u1eb7c gia \u0111\u00ecnh ... D\u1ec5 s\u1eed d\u1ee5ng v\u00e0 b\u1ea3o tr\u00ec, \u0111\u00e1ng tin c\u1eady, ti\u1ec7n l\u1ee3i v\u00e0 nh\u1ecf g\u1ecdn, nh\u1edd t\u00edch h\u1ee3p s\u1eb5n ph\u1ec3u ch\u1ee9a cafe h\u1ea1t & cafe b\u1ed9t, QuBe l\u00e0 gi\u1ea3i ph\u00e1p chu\u1ea9n cho c\u00e0 ph\u00ea, s\u1eefa t\u01b0\u01a1i v\u00e0 \u0111\u1ed3 u\u1ed1ng s\u00f4 c\u00f4 la \u1edf t\u1ed1c \u0111\u1ed9 cao & c\u00f4ng su\u1ea5t l\u1edbn.\"},{\"@type\":\"BreadcrumbList\",\"@id\":\"https:\/\/kiennambarista.com\/en\/san-pham\/may-pha-ca-phe-tu-dong-egro-qube-quick-milk-nero-2m-1p\/#breadcrumb\",\"itemListElement\":[{\"@type\":\"ListItem\",\"position\":1,\"name\":\"Trang ch\u1ee7\",\"item\":\"https:\/\/kiennambarista.com\/en\/\"},{\"@type\":\"ListItem\",\"position\":2,\"name\":\"Product\",\"item\":\"https:\/\/kiennambarista.com\/en\/san-pham\/\"},{\"@type\":\"ListItem\",\"position\":3,\"name\":\"Egro QuBe Quick Milk Nero automatic coffee machine 2M-1P\"}]},{\"@type\":\"WebSite\",\"@id\":\"https:\/\/kiennambarista.com\/#website\",\"url\":\"https:\/\/kiennambarista.com\/\",\"name\":\"Ki\u1ebfn Nam BARISTA\",\"description\":\"Nh\u00e0 ph\u00e2n ph\u1ed1i v\u00e0 cung c\u1ea5p d\u1ecbch v\u1ee5 m\u00e1y pha c\u00e0 ph\u00ea h\u00e0ng \u0111\u1ea7u t\u1ea1i Vi\u1ec7t Nam\",\"publisher\":{\"@id\":\"https:\/\/kiennambarista.com\/#organization\"},\"potentialAction\":[{\"@type\":\"SearchAction\",\"target\":{\"@type\":\"EntryPoint\",\"urlTemplate\":\"https:\/\/kiennambarista.com\/?s={search_term_string}\"},\"query-input\":{\"@type\":\"PropertyValueSpecification\",\"valueRequired\":true,\"valueName\":\"search_term_string\"}}],\"inLanguage\":\"en-US\"},{\"@type\":\"Organization\",\"@id\":\"https:\/\/kiennambarista.com\/#organization\",\"name\":\"Ki\u1ebfn Nam BARISTA\",\"url\":\"https:\/\/kiennambarista.com\/\",\"logo\":{\"@type\":\"ImageObject\",\"inLanguage\":\"en-US\",\"@id\":\"https:\/\/kiennambarista.com\/#\/schema\/logo\/image\/\",\"url\":\"https:\/\/kiennambarista.com\/wp-content\/uploads\/2023\/01\/logo_kiennam.svg\",\"contentUrl\":\"https:\/\/kiennambarista.com\/wp-content\/uploads\/2023\/01\/logo_kiennam.svg\",\"width\":88,\"height\":54,\"caption\":\"Ki\u1ebfn Nam BARISTA\"},\"image\":{\"@id\":\"https:\/\/kiennambarista.com\/#\/schema\/logo\/image\/\"}}]}<\/script>\n<!-- \/ Yoast SEO plugin. -->","yoast_head_json":{"title":"Egro QuBe Quick Milk Nero automatic coffee machine 2M-1P - KI\u1ebeN NAM BARISTA","description":"Egro QuBe Quick Milk Nero 2M-1P automatic coffee machine is genuine distributed by Kien Nam Barista. With a reputable maintenance and warranty policy","robots":{"index":"index","follow":"follow","max-snippet":"max-snippet:-1","max-image-preview":"max-image-preview:large","max-video-preview":"max-video-preview:-1"},"canonical":"https:\/\/kiennambarista.com\/en\/san-pham\/may-pha-ca-phe-tu-dong-egro-qube-quick-milk-nero-2m-1p\/","og_locale":"en_US","og_type":"article","og_title":"Egro QuBe Quick Milk Nero automatic coffee machine 2M-1P - KI\u1ebeN NAM BARISTA","og_description":"Egro QuBe Quick Milk Nero 2M-1P automatic coffee machine is genuine distributed by Kien Nam Barista. With a reputable maintenance and warranty policy","og_url":"https:\/\/kiennambarista.com\/en\/san-pham\/may-pha-ca-phe-tu-dong-egro-qube-quick-milk-nero-2m-1p\/","og_site_name":"KI\u1ebeN NAM BARISTA","article_modified_time":"2023-07-06T01:52:18+00:00","og_image":[{"width":1200,"height":992,"url":"https:\/\/kiennambarista.com\/wp-content\/uploads\/2023\/03\/may-pha-ca-phe-tu-dong-cong-suat-cao-Egro.png","type":"image\/png"}],"twitter_card":"summary_large_image","twitter_misc":{"Est. reading time":"1 minute"},"schema":{"@context":"https:\/\/schema.org","@graph":[{"@type":"WebPage","@id":"https:\/\/kiennambarista.com\/en\/san-pham\/may-pha-ca-phe-tu-dong-egro-qube-quick-milk-nero-2m-1p\/","url":"https:\/\/kiennambarista.com\/en\/san-pham\/may-pha-ca-phe-tu-dong-egro-qube-quick-milk-nero-2m-1p\/","name":"Egro QuBe Quick Milk Nero automatic coffee machine 2M-1P - KI\u1ebeN NAM BARISTA","isPartOf":{"@id":"https:\/\/kiennambarista.com\/#website"},"primaryImageOfPage":{"@id":"https:\/\/kiennambarista.com\/en\/san-pham\/may-pha-ca-phe-tu-dong-egro-qube-quick-milk-nero-2m-1p\/#primaryimage"},"image":{"@id":"https:\/\/kiennambarista.com\/en\/san-pham\/may-pha-ca-phe-tu-dong-egro-qube-quick-milk-nero-2m-1p\/#primaryimage"},"thumbnailUrl":"https:\/\/kiennambarista.com\/wp-content\/uploads\/2023\/03\/may-pha-ca-phe-tu-dong-cong-suat-cao-Egro.png","datePublished":"2023-03-30T09:43:49+00:00","dateModified":"2023-07-06T01:52:18+00:00","description":"Egro QuBe Quick Milk Nero 2M-1P automatic coffee machine is genuine distributed by Kien Nam Barista. With a reputable maintenance and warranty policy","breadcrumb":{"@id":"https:\/\/kiennambarista.com\/en\/san-pham\/may-pha-ca-phe-tu-dong-egro-qube-quick-milk-nero-2m-1p\/#breadcrumb"},"inLanguage":"en-US","potentialAction":[{"@type":"ReadAction","target":["https:\/\/kiennambarista.com\/en\/san-pham\/may-pha-ca-phe-tu-dong-egro-qube-quick-milk-nero-2m-1p\/"]}]},{"@type":"ImageObject","inLanguage":"en-US","@id":"https:\/\/kiennambarista.com\/en\/san-pham\/may-pha-ca-phe-tu-dong-egro-qube-quick-milk-nero-2m-1p\/#primaryimage","url":"https:\/\/kiennambarista.com\/wp-content\/uploads\/2023\/03\/may-pha-ca-phe-tu-dong-cong-suat-cao-Egro.png","contentUrl":"https:\/\/kiennambarista.com\/wp-content\/uploads\/2023\/03\/may-pha-ca-phe-tu-dong-cong-suat-cao-Egro.png","width":1200,"height":992,"caption":"QuBe l\u00e0 m\u00e1y pha c\u00e0 ph\u00ea ho\u00e0n to\u00e0n t\u1ef1 \u0111\u1ed9ng l\u00fd t\u01b0\u1edfng cho kh\u00e1ch s\u1ea1n, v\u0103n ph\u00f2ng, qu\u00e1n cafe m\u00f4 h\u00ecnh t\u1ef1 \u0111\u1ed9ng, c\u00e1c c\u01a1 s\u1edf, c\u1eeda h\u00e0ng ti\u1ec7n l\u1ee3i ho\u1eb7c gia \u0111\u00ecnh ... D\u1ec5 s\u1eed d\u1ee5ng v\u00e0 b\u1ea3o tr\u00ec, \u0111\u00e1ng tin c\u1eady, ti\u1ec7n l\u1ee3i v\u00e0 nh\u1ecf g\u1ecdn, nh\u1edd t\u00edch h\u1ee3p s\u1eb5n ph\u1ec3u ch\u1ee9a cafe h\u1ea1t & cafe b\u1ed9t, QuBe l\u00e0 gi\u1ea3i ph\u00e1p chu\u1ea9n cho c\u00e0 ph\u00ea, s\u1eefa t\u01b0\u01a1i v\u00e0 \u0111\u1ed3 u\u1ed1ng s\u00f4 c\u00f4 la \u1edf t\u1ed1c \u0111\u1ed9 cao & c\u00f4ng su\u1ea5t l\u1edbn."},{"@type":"BreadcrumbList","@id":"https:\/\/kiennambarista.com\/en\/san-pham\/may-pha-ca-phe-tu-dong-egro-qube-quick-milk-nero-2m-1p\/#breadcrumb","itemListElement":[{"@type":"ListItem","position":1,"name":"Trang ch\u1ee7","item":"https:\/\/kiennambarista.com\/en\/"},{"@type":"ListItem","position":2,"name":"Product","item":"https:\/\/kiennambarista.com\/en\/san-pham\/"},{"@type":"ListItem","position":3,"name":"Egro QuBe Quick Milk Nero automatic coffee machine 2M-1P"}]},{"@type":"WebSite","@id":"https:\/\/kiennambarista.com\/#website","url":"https:\/\/kiennambarista.com\/","name":"Ki\u1ebfn Nam BARISTA","description":"Nh\u00e0 ph\u00e2n ph\u1ed1i v\u00e0 cung c\u1ea5p d\u1ecbch v\u1ee5 m\u00e1y pha c\u00e0 ph\u00ea h\u00e0ng \u0111\u1ea7u t\u1ea1i Vi\u1ec7t Nam","publisher":{"@id":"https:\/\/kiennambarista.com\/#organization"},"potentialAction":[{"@type":"SearchAction","target":{"@type":"EntryPoint","urlTemplate":"https:\/\/kiennambarista.com\/?s={search_term_string}"},"query-input":{"@type":"PropertyValueSpecification","valueRequired":true,"valueName":"search_term_string"}}],"inLanguage":"en-US"},{"@type":"Organization","@id":"https:\/\/kiennambarista.com\/#organization","name":"Ki\u1ebfn Nam BARISTA","url":"https:\/\/kiennambarista.com\/","logo":{"@type":"ImageObject","inLanguage":"en-US","@id":"https:\/\/kiennambarista.com\/#\/schema\/logo\/image\/","url":"https:\/\/kiennambarista.com\/wp-content\/uploads\/2023\/01\/logo_kiennam.svg","contentUrl":"https:\/\/kiennambarista.com\/wp-content\/uploads\/2023\/01\/logo_kiennam.svg","width":88,"height":54,"caption":"Ki\u1ebfn Nam BARISTA"},"image":{"@id":"https:\/\/kiennambarista.com\/#\/schema\/logo\/image\/"}}]}},"_links":{"self":[{"href":"https:\/\/kiennambarista.com\/en\/wp-json\/wp\/v2\/product\/2514","targetHints":{"allow":["GET"]}}],"collection":[{"href":"https:\/\/kiennambarista.com\/en\/wp-json\/wp\/v2\/product"}],"about":[{"href":"https:\/\/kiennambarista.com\/en\/wp-json\/wp\/v2\/types\/product"}],"replies":[{"embeddable":true,"href":"https:\/\/kiennambarista.com\/en\/wp-json\/wp\/v2\/comments?post=2514"}],"wp:featuredmedia":[{"embeddable":true,"href":"https:\/\/kiennambarista.com\/en\/wp-json\/wp\/v2\/media\/2258"}],"wp:attachment":[{"href":"https:\/\/kiennambarista.com\/en\/wp-json\/wp\/v2\/media?parent=2514"}],"wp:term":[{"taxonomy":"product_brand","embeddable":true,"href":"https:\/\/kiennambarista.com\/en\/wp-json\/wp\/v2\/product_brand?post=2514"},{"taxonomy":"product_cat","embeddable":true,"href":"https:\/\/kiennambarista.com\/en\/wp-json\/wp\/v2\/product_cat?post=2514"},{"taxonomy":"product_tag","embeddable":true,"href":"https:\/\/kiennambarista.com\/en\/wp-json\/wp\/v2\/product_tag?post=2514"}],"curies":[{"name":"wp","href":"https:\/\/api.w.org\/{rel}","templated":true}]}}