{"id":2513,"date":"2023-04-05T10:41:08","date_gmt":"2023-04-05T03:41:08","guid":{"rendered":"https:\/\/kiennambarista.com\/san-pham\/may-xay-ca-phe-anfim-sp-ii-220-w-sp-ii-special-performance-2\/"},"modified":"2023-05-26T16:07:05","modified_gmt":"2023-05-26T09:07:05","slug":"may-xay-ca-phe-anfim-sp-ii-220-w-sp-ii-special-performance-2","status":"publish","type":"product","link":"https:\/\/kiennambarista.com\/en\/san-pham\/may-xay-ca-phe-anfim-sp-ii-220-w-sp-ii-special-performance-2\/","title":{"rendered":"Anfim SP-II-220-W Coffee Grinder (SP II Special Performance)"},"content":{"rendered":"<p style=\"text-align: center;\"><strong>Anfim SP-II-220-W Coffee Grinder (SP II Special Performance)<\/strong><\/p>\n<p>Anfim SP-II-220-W (SP II Special Performance) coffee grinder built for large-scale coffee shops, SP II Special Performance embodies quality and efficiency &#8211; cup by cup, full flavor pure.<\/p>\n<p>Custom Titanium coated grinding discs with minimal wear are combined with a dual fan system, which reduces heat and noise emissions.<\/p>\n<p>Stepless grind adjustment and user-friendly software with precise timer, adjustable in 1\/10 second increments ensure the precise and consistent dosing needed for continuous pouring time and perfect taste in the cup.<\/p>\n<p>The Start\/Stop automatic trigger switch for the gate filter makes it easy to use the grinder without hands. SP II Special Performance is the perfect solution in busy environments.<\/p>\n<p>DEVICE FEATURES :<\/p>\n<ul>\n<li>The hopper bar holds the coffee beans<\/li>\n<li>Overload protection<\/li>\n<li>Multi-function display &amp; controller<\/li>\n<li>Stepless grind adjustment<\/li>\n<li>Dual cooling fan system<\/li>\n<li>Safety switch under the bean hopper<\/li>\n<li>Safety switch behind faucet<\/li>\n<li>Burr Diameter : 75 SP mm<\/li>\n<li>Burr material : Titanium coated bezel<\/li>\n<li>Hopper for holding coffee beans: 2.0 kg<\/li>\n<\/ul>\n<p>Producer: Anfim<br \/>\nOrigin: Italy<br \/>\nWarranty 12 months<\/p>\n","protected":false},"excerpt":{"rendered":"<p>Anfim SP-II-220-W Coffee Grinder (SP II Special Performance) Anfim SP-II-220-W (SP II Special Performance) coffee grinder built for large-scale coffee shops, SP II Special Performance embodies quality and efficiency &#8211; cup by cup, full flavor pure. Custom Titanium coated grinding discs with minimal wear are combined with a dual fan system, which reduces heat and [&hellip;]<\/p>\n","protected":false},"featured_media":0,"comment_status":"open","ping_status":"closed","template":"","meta":{"inline_featured_image":false},"product_brand":[],"product_cat":[174],"product_tag":[],"class_list":{"0":"post-2513","1":"product","2":"type-product","3":"status-publish","5":"product_cat-may-pha-ca-phe-chuyen-nghiep-en","7":"first","8":"instock","9":"shipping-taxable","10":"product-type-simple"},"acf":[],"yoast_head":"<!-- This site is optimized with the Yoast SEO plugin v24.9 - https:\/\/yoast.com\/wordpress\/plugins\/seo\/ -->\n<title>Anfim SP-II-220-W Coffee Grinder (SP II Special Performance) - KI\u1ebeN NAM BARISTA<\/title>\n<meta name=\"robots\" content=\"index, follow, max-snippet:-1, max-image-preview:large, max-video-preview:-1\" \/>\n<link rel=\"canonical\" href=\"https:\/\/kiennambarista.com\/en\/san-pham\/may-xay-ca-phe-anfim-sp-ii-220-w-sp-ii-special-performance-2\/\" \/>\n<meta property=\"og:locale\" content=\"en_US\" \/>\n<meta property=\"og:type\" content=\"article\" \/>\n<meta property=\"og:title\" content=\"Anfim SP-II-220-W Coffee Grinder (SP II Special Performance) - KI\u1ebeN NAM BARISTA\" \/>\n<meta property=\"og:description\" content=\"Anfim SP-II-220-W Coffee Grinder (SP II Special Performance) Anfim SP-II-220-W (SP II Special Performance) coffee grinder built for large-scale coffee shops, SP II Special Performance embodies quality and efficiency &#8211; cup by cup, full flavor pure. Custom Titanium coated grinding discs with minimal wear are combined with a dual fan system, which reduces heat and [&hellip;]\" \/>\n<meta property=\"og:url\" content=\"https:\/\/kiennambarista.com\/en\/san-pham\/may-xay-ca-phe-anfim-sp-ii-220-w-sp-ii-special-performance-2\/\" \/>\n<meta property=\"og:site_name\" content=\"KI\u1ebeN NAM BARISTA\" \/>\n<meta property=\"article:modified_time\" content=\"2023-05-26T09:07:05+00:00\" \/>\n<meta name=\"twitter:card\" content=\"summary_large_image\" \/>\n<meta name=\"twitter:label1\" content=\"Est. reading time\" \/>\n\t<meta name=\"twitter:data1\" content=\"1 minute\" \/>\n<script type=\"application\/ld+json\" class=\"yoast-schema-graph\">{\"@context\":\"https:\/\/schema.org\",\"@graph\":[{\"@type\":\"WebPage\",\"@id\":\"https:\/\/kiennambarista.com\/en\/san-pham\/may-xay-ca-phe-anfim-sp-ii-220-w-sp-ii-special-performance-2\/\",\"url\":\"https:\/\/kiennambarista.com\/en\/san-pham\/may-xay-ca-phe-anfim-sp-ii-220-w-sp-ii-special-performance-2\/\",\"name\":\"Anfim SP-II-220-W Coffee Grinder (SP II Special Performance) - KI\u1ebeN NAM BARISTA\",\"isPartOf\":{\"@id\":\"https:\/\/kiennambarista.com\/#website\"},\"datePublished\":\"2023-04-05T03:41:08+00:00\",\"dateModified\":\"2023-05-26T09:07:05+00:00\",\"breadcrumb\":{\"@id\":\"https:\/\/kiennambarista.com\/en\/san-pham\/may-xay-ca-phe-anfim-sp-ii-220-w-sp-ii-special-performance-2\/#breadcrumb\"},\"inLanguage\":\"en-US\",\"potentialAction\":[{\"@type\":\"ReadAction\",\"target\":[\"https:\/\/kiennambarista.com\/en\/san-pham\/may-xay-ca-phe-anfim-sp-ii-220-w-sp-ii-special-performance-2\/\"]}]},{\"@type\":\"BreadcrumbList\",\"@id\":\"https:\/\/kiennambarista.com\/en\/san-pham\/may-xay-ca-phe-anfim-sp-ii-220-w-sp-ii-special-performance-2\/#breadcrumb\",\"itemListElement\":[{\"@type\":\"ListItem\",\"position\":1,\"name\":\"Trang ch\u1ee7\",\"item\":\"https:\/\/kiennambarista.com\/en\/\"},{\"@type\":\"ListItem\",\"position\":2,\"name\":\"Product\",\"item\":\"https:\/\/kiennambarista.com\/en\/san-pham\/\"},{\"@type\":\"ListItem\",\"position\":3,\"name\":\"Anfim SP-II-220-W Coffee Grinder (SP II Special Performance)\"}]},{\"@type\":\"WebSite\",\"@id\":\"https:\/\/kiennambarista.com\/#website\",\"url\":\"https:\/\/kiennambarista.com\/\",\"name\":\"Ki\u1ebfn Nam BARISTA\",\"description\":\"Nh\u00e0 ph\u00e2n ph\u1ed1i v\u00e0 cung c\u1ea5p d\u1ecbch v\u1ee5 m\u00e1y pha c\u00e0 ph\u00ea h\u00e0ng \u0111\u1ea7u t\u1ea1i Vi\u1ec7t Nam\",\"publisher\":{\"@id\":\"https:\/\/kiennambarista.com\/#organization\"},\"potentialAction\":[{\"@type\":\"SearchAction\",\"target\":{\"@type\":\"EntryPoint\",\"urlTemplate\":\"https:\/\/kiennambarista.com\/?s={search_term_string}\"},\"query-input\":{\"@type\":\"PropertyValueSpecification\",\"valueRequired\":true,\"valueName\":\"search_term_string\"}}],\"inLanguage\":\"en-US\"},{\"@type\":\"Organization\",\"@id\":\"https:\/\/kiennambarista.com\/#organization\",\"name\":\"Ki\u1ebfn Nam BARISTA\",\"url\":\"https:\/\/kiennambarista.com\/\",\"logo\":{\"@type\":\"ImageObject\",\"inLanguage\":\"en-US\",\"@id\":\"https:\/\/kiennambarista.com\/#\/schema\/logo\/image\/\",\"url\":\"https:\/\/kiennambarista.com\/wp-content\/uploads\/2023\/01\/logo_kiennam.svg\",\"contentUrl\":\"https:\/\/kiennambarista.com\/wp-content\/uploads\/2023\/01\/logo_kiennam.svg\",\"width\":88,\"height\":54,\"caption\":\"Ki\u1ebfn Nam BARISTA\"},\"image\":{\"@id\":\"https:\/\/kiennambarista.com\/#\/schema\/logo\/image\/\"}}]}<\/script>\n<!-- \/ Yoast SEO plugin. -->","yoast_head_json":{"title":"Anfim SP-II-220-W Coffee Grinder (SP II Special Performance) - KI\u1ebeN NAM BARISTA","robots":{"index":"index","follow":"follow","max-snippet":"max-snippet:-1","max-image-preview":"max-image-preview:large","max-video-preview":"max-video-preview:-1"},"canonical":"https:\/\/kiennambarista.com\/en\/san-pham\/may-xay-ca-phe-anfim-sp-ii-220-w-sp-ii-special-performance-2\/","og_locale":"en_US","og_type":"article","og_title":"Anfim SP-II-220-W Coffee Grinder (SP II Special Performance) - KI\u1ebeN NAM BARISTA","og_description":"Anfim SP-II-220-W Coffee Grinder (SP II Special Performance) Anfim SP-II-220-W (SP II Special Performance) coffee grinder built for large-scale coffee shops, SP II Special Performance embodies quality and efficiency &#8211; cup by cup, full flavor pure. Custom Titanium coated grinding discs with minimal wear are combined with a dual fan system, which reduces heat and [&hellip;]","og_url":"https:\/\/kiennambarista.com\/en\/san-pham\/may-xay-ca-phe-anfim-sp-ii-220-w-sp-ii-special-performance-2\/","og_site_name":"KI\u1ebeN NAM BARISTA","article_modified_time":"2023-05-26T09:07:05+00:00","twitter_card":"summary_large_image","twitter_misc":{"Est. reading time":"1 minute"},"schema":{"@context":"https:\/\/schema.org","@graph":[{"@type":"WebPage","@id":"https:\/\/kiennambarista.com\/en\/san-pham\/may-xay-ca-phe-anfim-sp-ii-220-w-sp-ii-special-performance-2\/","url":"https:\/\/kiennambarista.com\/en\/san-pham\/may-xay-ca-phe-anfim-sp-ii-220-w-sp-ii-special-performance-2\/","name":"Anfim SP-II-220-W Coffee Grinder (SP II Special Performance) - KI\u1ebeN NAM BARISTA","isPartOf":{"@id":"https:\/\/kiennambarista.com\/#website"},"datePublished":"2023-04-05T03:41:08+00:00","dateModified":"2023-05-26T09:07:05+00:00","breadcrumb":{"@id":"https:\/\/kiennambarista.com\/en\/san-pham\/may-xay-ca-phe-anfim-sp-ii-220-w-sp-ii-special-performance-2\/#breadcrumb"},"inLanguage":"en-US","potentialAction":[{"@type":"ReadAction","target":["https:\/\/kiennambarista.com\/en\/san-pham\/may-xay-ca-phe-anfim-sp-ii-220-w-sp-ii-special-performance-2\/"]}]},{"@type":"BreadcrumbList","@id":"https:\/\/kiennambarista.com\/en\/san-pham\/may-xay-ca-phe-anfim-sp-ii-220-w-sp-ii-special-performance-2\/#breadcrumb","itemListElement":[{"@type":"ListItem","position":1,"name":"Trang ch\u1ee7","item":"https:\/\/kiennambarista.com\/en\/"},{"@type":"ListItem","position":2,"name":"Product","item":"https:\/\/kiennambarista.com\/en\/san-pham\/"},{"@type":"ListItem","position":3,"name":"Anfim SP-II-220-W Coffee Grinder (SP II Special Performance)"}]},{"@type":"WebSite","@id":"https:\/\/kiennambarista.com\/#website","url":"https:\/\/kiennambarista.com\/","name":"Ki\u1ebfn Nam BARISTA","description":"Nh\u00e0 ph\u00e2n ph\u1ed1i v\u00e0 cung c\u1ea5p d\u1ecbch v\u1ee5 m\u00e1y pha c\u00e0 ph\u00ea h\u00e0ng \u0111\u1ea7u t\u1ea1i Vi\u1ec7t Nam","publisher":{"@id":"https:\/\/kiennambarista.com\/#organization"},"potentialAction":[{"@type":"SearchAction","target":{"@type":"EntryPoint","urlTemplate":"https:\/\/kiennambarista.com\/?s={search_term_string}"},"query-input":{"@type":"PropertyValueSpecification","valueRequired":true,"valueName":"search_term_string"}}],"inLanguage":"en-US"},{"@type":"Organization","@id":"https:\/\/kiennambarista.com\/#organization","name":"Ki\u1ebfn Nam BARISTA","url":"https:\/\/kiennambarista.com\/","logo":{"@type":"ImageObject","inLanguage":"en-US","@id":"https:\/\/kiennambarista.com\/#\/schema\/logo\/image\/","url":"https:\/\/kiennambarista.com\/wp-content\/uploads\/2023\/01\/logo_kiennam.svg","contentUrl":"https:\/\/kiennambarista.com\/wp-content\/uploads\/2023\/01\/logo_kiennam.svg","width":88,"height":54,"caption":"Ki\u1ebfn Nam BARISTA"},"image":{"@id":"https:\/\/kiennambarista.com\/#\/schema\/logo\/image\/"}}]}},"_links":{"self":[{"href":"https:\/\/kiennambarista.com\/en\/wp-json\/wp\/v2\/product\/2513","targetHints":{"allow":["GET"]}}],"collection":[{"href":"https:\/\/kiennambarista.com\/en\/wp-json\/wp\/v2\/product"}],"about":[{"href":"https:\/\/kiennambarista.com\/en\/wp-json\/wp\/v2\/types\/product"}],"replies":[{"embeddable":true,"href":"https:\/\/kiennambarista.com\/en\/wp-json\/wp\/v2\/comments?post=2513"}],"wp:attachment":[{"href":"https:\/\/kiennambarista.com\/en\/wp-json\/wp\/v2\/media?parent=2513"}],"wp:term":[{"taxonomy":"product_brand","embeddable":true,"href":"https:\/\/kiennambarista.com\/en\/wp-json\/wp\/v2\/product_brand?post=2513"},{"taxonomy":"product_cat","embeddable":true,"href":"https:\/\/kiennambarista.com\/en\/wp-json\/wp\/v2\/product_cat?post=2513"},{"taxonomy":"product_tag","embeddable":true,"href":"https:\/\/kiennambarista.com\/en\/wp-json\/wp\/v2\/product_tag?post=2513"}],"curies":[{"name":"wp","href":"https:\/\/api.w.org\/{rel}","templated":true}]}}