{"id":2475,"date":"2023-01-09T07:14:35","date_gmt":"2023-01-09T00:14:35","guid":{"rendered":"https:\/\/kiennambarista.com\/ve-chung-toi\/"},"modified":"2023-05-26T14:19:44","modified_gmt":"2023-05-26T07:19:44","slug":"ve-chung-toi","status":"publish","type":"page","link":"https:\/\/kiennambarista.com\/en\/ve-chung-toi\/","title":{"rendered":"About us"},"content":{"rendered":"<p>Kien Nam Barista &#8211; one of the leading enterprises specializing in providing package solutions for coffee &amp; equipment, dispensing machines for restaurants, hotels, supermarket chains, shops as well as coffee shops. consumers directly at the store.<\/p><p>Invested in modern equipment, machinery and technology, with a team of professional management and technicians, with long experience in the industry, Kien Nam Barista is proud to be one of the leading enterprises in Vietnam and the Exclusive distributor, close partner with the world&#8217;s leading brands of coffee machines, grinders, blenders, water heaters, tea makers: BFC, La Marzocco, Fiorenzato, Anfim , Ditting, Hamilton Beach, Egro, Marco, Klub\u2026.<\/p><p>Kien Nam Barista has been and will always strive to bring the best and most sustainable values to customers with the products and services that our company provides. This has been clearly demonstrated through major projects: Trung Nguyen, Arya Consumer, Delingoo Vietnam, The Kings, We Are One, L&#8217;amant, Nam Long, An Thai\u2026 Standard hotel and restaurant system such as: Grand Hotel, Continental, Intercontinental,\u2026 Coffee shop chains: \u00a0 E-Coffee system, La Viet, Koi Coffee, GAM Coffee, Katinat, Phe La, Thai Yen,\u2026<\/p><p>The trust and support of customers during the past time is a great encouragement on the development path of Kien Nam Import-Export Trading Co., Ltd in the future as well as constantly improving and serving customers the best. to always be worthy of that trust.<\/p><figure class=\"wp-block-embed is-type-video is-provider-youtube wp-block-embed-youtube wp-embed-aspect-4-3 wp-has-aspect-ratio\"><div class=\"wp-block-embed__wrapper\">\n<iframe loading=\"lazy\" title=\"Ki\u1ebfn Nam Group - 1 N\u0103m Nh\u00ecn L\u1ea1i\" width=\"500\" height=\"375\" src=\"https:\/\/www.youtube.com\/embed\/zhS34_kEMpE?feature=oembed\" frameborder=\"0\" allow=\"accelerometer; autoplay; clipboard-write; encrypted-media; gyroscope; picture-in-picture; web-share\" referrerpolicy=\"strict-origin-when-cross-origin\" allowfullscreen><\/iframe>\n<\/div><\/figure>","protected":false},"excerpt":{"rendered":"<p>Kien Nam Barista &#8211; one of the leading enterprises specializing in providing package solutions for coffee &amp; equipment, dispensing machines for restaurants, hotels, supermarket chains, shops as well as coffee shops. consumers directly at the store. Invested in modern equipment, machinery and technology, with a team of professional management and technicians, with long experience in [&hellip;]<\/p>\n","protected":false},"author":1,"featured_media":0,"parent":0,"menu_order":0,"comment_status":"closed","ping_status":"closed","template":"page-template\/about-template.php","meta":{"inline_featured_image":false,"footnotes":""},"class_list":["post-2475","page","type-page","status-publish","hentry"],"acf":[],"yoast_head":"<!-- This site is optimized with the Yoast SEO plugin v24.9 - https:\/\/yoast.com\/wordpress\/plugins\/seo\/ -->\n<title>About us - KI\u1ebeN NAM BARISTA<\/title>\n<meta name=\"robots\" content=\"index, follow, max-snippet:-1, max-image-preview:large, max-video-preview:-1\" \/>\n<link rel=\"canonical\" href=\"https:\/\/kiennambarista.com\/en\/ve-chung-toi\/\" \/>\n<meta property=\"og:locale\" content=\"en_US\" \/>\n<meta property=\"og:type\" content=\"article\" \/>\n<meta property=\"og:title\" content=\"About us - KI\u1ebeN NAM BARISTA\" \/>\n<meta property=\"og:description\" content=\"Kien Nam Barista &#8211; one of the leading enterprises specializing in providing package solutions for coffee &amp; equipment, dispensing machines for restaurants, hotels, supermarket chains, shops as well as coffee shops. consumers directly at the store. Invested in modern equipment, machinery and technology, with a team of professional management and technicians, with long experience in [&hellip;]\" \/>\n<meta property=\"og:url\" content=\"https:\/\/kiennambarista.com\/en\/ve-chung-toi\/\" \/>\n<meta property=\"og:site_name\" content=\"KI\u1ebeN NAM BARISTA\" \/>\n<meta property=\"article:modified_time\" content=\"2023-05-26T07:19:44+00:00\" \/>\n<meta name=\"twitter:card\" content=\"summary_large_image\" \/>\n<meta name=\"twitter:label1\" content=\"Est. reading time\" \/>\n\t<meta name=\"twitter:data1\" content=\"2 minutes\" \/>\n<script type=\"application\/ld+json\" class=\"yoast-schema-graph\">{\"@context\":\"https:\/\/schema.org\",\"@graph\":[{\"@type\":\"WebPage\",\"@id\":\"https:\/\/kiennambarista.com\/en\/ve-chung-toi\/\",\"url\":\"https:\/\/kiennambarista.com\/en\/ve-chung-toi\/\",\"name\":\"About us - KI\u1ebeN NAM BARISTA\",\"isPartOf\":{\"@id\":\"https:\/\/kiennambarista.com\/#website\"},\"datePublished\":\"2023-01-09T00:14:35+00:00\",\"dateModified\":\"2023-05-26T07:19:44+00:00\",\"breadcrumb\":{\"@id\":\"https:\/\/kiennambarista.com\/en\/ve-chung-toi\/#breadcrumb\"},\"inLanguage\":\"en-US\",\"potentialAction\":[{\"@type\":\"ReadAction\",\"target\":[\"https:\/\/kiennambarista.com\/en\/ve-chung-toi\/\"]}]},{\"@type\":\"BreadcrumbList\",\"@id\":\"https:\/\/kiennambarista.com\/en\/ve-chung-toi\/#breadcrumb\",\"itemListElement\":[{\"@type\":\"ListItem\",\"position\":1,\"name\":\"Trang ch\u1ee7\",\"item\":\"https:\/\/kiennambarista.com\/en\/\"},{\"@type\":\"ListItem\",\"position\":2,\"name\":\"About us\"}]},{\"@type\":\"WebSite\",\"@id\":\"https:\/\/kiennambarista.com\/#website\",\"url\":\"https:\/\/kiennambarista.com\/\",\"name\":\"Ki\u1ebfn Nam BARISTA\",\"description\":\"Nh\u00e0 ph\u00e2n ph\u1ed1i v\u00e0 cung c\u1ea5p d\u1ecbch v\u1ee5 m\u00e1y pha c\u00e0 ph\u00ea h\u00e0ng \u0111\u1ea7u t\u1ea1i Vi\u1ec7t Nam\",\"publisher\":{\"@id\":\"https:\/\/kiennambarista.com\/#organization\"},\"potentialAction\":[{\"@type\":\"SearchAction\",\"target\":{\"@type\":\"EntryPoint\",\"urlTemplate\":\"https:\/\/kiennambarista.com\/?s={search_term_string}\"},\"query-input\":{\"@type\":\"PropertyValueSpecification\",\"valueRequired\":true,\"valueName\":\"search_term_string\"}}],\"inLanguage\":\"en-US\"},{\"@type\":\"Organization\",\"@id\":\"https:\/\/kiennambarista.com\/#organization\",\"name\":\"Ki\u1ebfn Nam BARISTA\",\"url\":\"https:\/\/kiennambarista.com\/\",\"logo\":{\"@type\":\"ImageObject\",\"inLanguage\":\"en-US\",\"@id\":\"https:\/\/kiennambarista.com\/#\/schema\/logo\/image\/\",\"url\":\"https:\/\/kiennambarista.com\/wp-content\/uploads\/2023\/01\/logo_kiennam.svg\",\"contentUrl\":\"https:\/\/kiennambarista.com\/wp-content\/uploads\/2023\/01\/logo_kiennam.svg\",\"width\":88,\"height\":54,\"caption\":\"Ki\u1ebfn Nam BARISTA\"},\"image\":{\"@id\":\"https:\/\/kiennambarista.com\/#\/schema\/logo\/image\/\"}}]}<\/script>\n<!-- \/ Yoast SEO plugin. -->","yoast_head_json":{"title":"About us - KI\u1ebeN NAM BARISTA","robots":{"index":"index","follow":"follow","max-snippet":"max-snippet:-1","max-image-preview":"max-image-preview:large","max-video-preview":"max-video-preview:-1"},"canonical":"https:\/\/kiennambarista.com\/en\/ve-chung-toi\/","og_locale":"en_US","og_type":"article","og_title":"About us - KI\u1ebeN NAM BARISTA","og_description":"Kien Nam Barista &#8211; one of the leading enterprises specializing in providing package solutions for coffee &amp; equipment, dispensing machines for restaurants, hotels, supermarket chains, shops as well as coffee shops. consumers directly at the store. Invested in modern equipment, machinery and technology, with a team of professional management and technicians, with long experience in [&hellip;]","og_url":"https:\/\/kiennambarista.com\/en\/ve-chung-toi\/","og_site_name":"KI\u1ebeN NAM BARISTA","article_modified_time":"2023-05-26T07:19:44+00:00","twitter_card":"summary_large_image","twitter_misc":{"Est. reading time":"2 minutes"},"schema":{"@context":"https:\/\/schema.org","@graph":[{"@type":"WebPage","@id":"https:\/\/kiennambarista.com\/en\/ve-chung-toi\/","url":"https:\/\/kiennambarista.com\/en\/ve-chung-toi\/","name":"About us - KI\u1ebeN NAM BARISTA","isPartOf":{"@id":"https:\/\/kiennambarista.com\/#website"},"datePublished":"2023-01-09T00:14:35+00:00","dateModified":"2023-05-26T07:19:44+00:00","breadcrumb":{"@id":"https:\/\/kiennambarista.com\/en\/ve-chung-toi\/#breadcrumb"},"inLanguage":"en-US","potentialAction":[{"@type":"ReadAction","target":["https:\/\/kiennambarista.com\/en\/ve-chung-toi\/"]}]},{"@type":"BreadcrumbList","@id":"https:\/\/kiennambarista.com\/en\/ve-chung-toi\/#breadcrumb","itemListElement":[{"@type":"ListItem","position":1,"name":"Trang ch\u1ee7","item":"https:\/\/kiennambarista.com\/en\/"},{"@type":"ListItem","position":2,"name":"About us"}]},{"@type":"WebSite","@id":"https:\/\/kiennambarista.com\/#website","url":"https:\/\/kiennambarista.com\/","name":"Ki\u1ebfn Nam BARISTA","description":"Nh\u00e0 ph\u00e2n ph\u1ed1i v\u00e0 cung c\u1ea5p d\u1ecbch v\u1ee5 m\u00e1y pha c\u00e0 ph\u00ea h\u00e0ng \u0111\u1ea7u t\u1ea1i Vi\u1ec7t Nam","publisher":{"@id":"https:\/\/kiennambarista.com\/#organization"},"potentialAction":[{"@type":"SearchAction","target":{"@type":"EntryPoint","urlTemplate":"https:\/\/kiennambarista.com\/?s={search_term_string}"},"query-input":{"@type":"PropertyValueSpecification","valueRequired":true,"valueName":"search_term_string"}}],"inLanguage":"en-US"},{"@type":"Organization","@id":"https:\/\/kiennambarista.com\/#organization","name":"Ki\u1ebfn Nam BARISTA","url":"https:\/\/kiennambarista.com\/","logo":{"@type":"ImageObject","inLanguage":"en-US","@id":"https:\/\/kiennambarista.com\/#\/schema\/logo\/image\/","url":"https:\/\/kiennambarista.com\/wp-content\/uploads\/2023\/01\/logo_kiennam.svg","contentUrl":"https:\/\/kiennambarista.com\/wp-content\/uploads\/2023\/01\/logo_kiennam.svg","width":88,"height":54,"caption":"Ki\u1ebfn Nam BARISTA"},"image":{"@id":"https:\/\/kiennambarista.com\/#\/schema\/logo\/image\/"}}]}},"_links":{"self":[{"href":"https:\/\/kiennambarista.com\/en\/wp-json\/wp\/v2\/pages\/2475","targetHints":{"allow":["GET"]}}],"collection":[{"href":"https:\/\/kiennambarista.com\/en\/wp-json\/wp\/v2\/pages"}],"about":[{"href":"https:\/\/kiennambarista.com\/en\/wp-json\/wp\/v2\/types\/page"}],"author":[{"embeddable":true,"href":"https:\/\/kiennambarista.com\/en\/wp-json\/wp\/v2\/users\/1"}],"replies":[{"embeddable":true,"href":"https:\/\/kiennambarista.com\/en\/wp-json\/wp\/v2\/comments?post=2475"}],"version-history":[{"count":2,"href":"https:\/\/kiennambarista.com\/en\/wp-json\/wp\/v2\/pages\/2475\/revisions"}],"predecessor-version":[{"id":2704,"href":"https:\/\/kiennambarista.com\/en\/wp-json\/wp\/v2\/pages\/2475\/revisions\/2704"}],"wp:attachment":[{"href":"https:\/\/kiennambarista.com\/en\/wp-json\/wp\/v2\/media?parent=2475"}],"curies":[{"name":"wp","href":"https:\/\/api.w.org\/{rel}","templated":true}]}}